{"id":1006,"date":"2021-02-01T09:24:10","date_gmt":"2021-02-01T09:24:10","guid":{"rendered":"https:\/\/ferrycroatia.com\/de\/?page_id=1006"},"modified":"2021-02-09T07:25:44","modified_gmt":"2021-02-09T07:25:44","slug":"insel-prvic","status":"publish","type":"page","link":"https:\/\/www.ferrycroatia.com\/de\/insel-prvic\/","title":{"rendered":"Insel Prvic"},"content":{"rendered":"<p>Die Insel Prvic befindet sich in <strong>Schwimmentfernung<\/strong> <strong>von<\/strong> <strong>Vodice<\/strong> in Kroatien (\u201ePrvi\u0107\u201c bedeutet die erste, in Bezug darauf das die Insel die erste Insel von der K\u00fcste von Vodice aus ist \ud83d\ude42). Die <strong>weniger als 3 km<span class=\"aCOpRe\"><sup>2<\/sup><\/span> gro\u00dfe Insel<\/strong> ist ein gro\u00dfartiger Ort f\u00fcr einen ruhigen Urlaub. Auf der Insel Prvic leben das ganze Jahr \u00fcber etwa 400 Menschen, im Sommer viel mehr. Die Insel hat <strong>zwei Siedlungen<\/strong>, die gr\u00f6\u00dfte ist <strong>Sepurine<\/strong>, die sich auf der Westseite der Insel befindet, das andere Dorf ist <strong>Prvic Luka<\/strong> am s\u00fcdlichen Ende der Insel, es gibt eine Stra\u00dfe zwischen den Siedlungen, aber es ist auch m\u00f6glich, zu Fu\u00df zu gehen da es nur eine Entfernung von 1,5 km zwischen den D\u00f6rfern ist.<\/p>\n<h2><b>Besuch der Insel Prvic<\/b><\/h2>\n<p>Wenn Sie Ihren Urlaub auf einer Insel mit <strong>gro\u00dfartigen Partys<\/strong> verbringen m\u00f6chten, sollten Sie sich wahrscheinlich die <a href=\"https:\/\/www.ferrycroatia.com\/de\/insel-hvar\/\">Inseln Hvar<\/a> oder <a href=\"https:\/\/www.ferrycroatia.com\/de\/insel-brac\/\">Brac<\/a> ansehen, da die Insel Prvic in dieser Richtung sehr wenig zu bieten hat, aber wenn Sie nach einem<strong> ruhigen Ort suchen, auf dem Sie Ihren Urlaub genie\u00dfen k\u00f6nnen<\/strong> werden Sie die Insel Prvic m\u00f6gen.<\/p>\n<p>Die Insel hat nicht viele Sehensw\u00fcrdigkeiten zu bieten, aber es gibt einige historische Kirchen und ein <strong>Gedenkzentrum f\u00fcr Faust Vran\u010di\u0107,<\/strong> einen Bischof und Erfinder, dessen Familie die Insel fr\u00fcher besa\u00df.<\/p>\n<p>Str\u00e4nde gibt es an vielen Orten auf der Insel, die meisten sind Kieselstr\u00e4nde.<\/p>\n<p>Einkaufsm\u00f6glichkeiten gibt es sowohl in Sepurine als auch in Prvice Luka. Beide Siedlungen verf\u00fcgen auch \u00fcber <strong>mehrere<\/strong> <strong>Kaffeebars<\/strong> <strong>und<\/strong> <strong>Restaurants<\/strong>, sodass das Kochen in der Wohnung nicht erforderlich ist \ud83d\ude42<\/p>\n<h2><b>Anreise zur Insel Prvic<\/b><\/h2>\n<p>Wie bereits erw\u00e4hnt, k\u00f6nnen Sie tats\u00e4chlich zur Insel Prvic schwimmen, aber <strong>wenn Sie Urlaub machen<\/strong>, suchen Sie wahrscheinlich nach einer konventionelleren Art, auf die Insel zu gelangen.<\/p>\n<p>Die <strong>Jadrolinija-F\u00e4hrroute Nr. 505<\/strong> dient der Route Vodice &#8211; Prvic. Die Segelroute ist <strong>Vodice &#8211; Prvic &#8211; Zlarin und Sibenik<\/strong>. Sie k\u00f6nnen also auch direkt von Sibenik zur Insel Prvic gelangen.<\/p>\n<p>Die F\u00e4hrroute wird mit einem <strong>Passagierschiff<\/strong> <strong>betrieben<\/strong>, was bedeutet, dass Sie Ihr<strong> Auto nicht zur Insel bringen k\u00f6nnen<\/strong>. Im Juli und August gibt es bis zu 4 t\u00e4gliche Abfahrten zwischen Vodice und Prvic und<strong> bis zu 5 Abfahrten zwischen Prvic und Sibenik<\/strong>. Im Juni und September sowie im Rest des Jahres gibt es bis zu 3 t\u00e4gliche Abfahrten zwischen Prvic und Vodice und bis zu 5 t\u00e4gliche Abfahrten zwischen Sibenik und Prvic. <strong>Die meisten Abfahrten halten an den H\u00e4fen in Prvic Luka und Sepurine<\/strong>, aber nur wenige fahren nur zum und vom Hafen in Sepurine. Abfahrten von und nach Sepurine k\u00f6nnen Sie hier sehen:<\/p>\n\n\n<figure class=\"wp-block-table\"><table><tbody><tr><td class=\"has-text-align-center\" data-align=\"center\"><a href=\"https:\/\/www.ferrycroatia.com\/de\/vodice-sepurine\/\" title=\"Vodice \u2192 Sepurine\">Vodice &#8211; Sepurine<\/a><\/td><td class=\"has-text-align-center\" data-align=\"center\"><a href=\"https:\/\/www.ferrycroatia.com\/de\/sibenik-sepurine\/\" title=\"Sibenik \u2192 Sepurine\">Sibenik &#8211; Sepurine<\/a><\/td><td class=\"has-text-align-center\" data-align=\"center\"><a href=\"https:\/\/www.ferrycroatia.com\/de\/zlarin-sepurine\/\" title=\"Zlarin \u2192 Sepurine\">Zlarin &#8211; Sepurine<\/a><\/td><\/tr><tr><td class=\"has-text-align-center\" data-align=\"center\"><a href=\"https:\/\/www.ferrycroatia.com\/de\/sepurine-vodice\/\" title=\"Sepurine \u2192 Vodice\">Sepurine &#8211; Vodice<\/a><\/td><td class=\"has-text-align-center\" data-align=\"center\"><a href=\"https:\/\/www.ferrycroatia.com\/de\/sepurine-sibenik\/\" title=\"Sepurine \u2192 Sibenik\"> Sepurine &#8211; Sibenik<\/a><\/td><td class=\"has-text-align-center\" data-align=\"center\"><a href=\"https:\/\/www.ferrycroatia.com\/de\/sepurine-zlarin\/\" title=\"Sepurine \u2192 Zlarin\">Sepurine &#8211; Zlarin<\/a><\/td><\/tr><\/tbody><\/table><\/figure>\n\n\n<p>Und hier haben Sie Abfahrten von und nach Prvic Luka:<\/p>\n\n\n<figure class=\"wp-block-table\"><table><tbody><tr><td class=\"has-text-align-center\" data-align=\"center\"><a href=\"https:\/\/www.ferrycroatia.com\/de\/vodice-prvic\/\" title=\"Vodice \u2192 Prvic\"> Vodice &#8211; Prvic Luka<\/a><\/td><td class=\"has-text-align-center\" data-align=\"center\"><a href=\"https:\/\/www.ferrycroatia.com\/de\/sibenik-prvic\/\" title=\"Sibenik \u2192 Prvic\">Sibenik &#8211; Prvic Luka<\/a><\/td><td class=\"has-text-align-center\" data-align=\"center\"><a href=\"https:\/\/www.ferrycroatia.com\/de\/zlarin-prvic\/\" title=\"Zlarin \u2192 Prvic\">Zlarin &#8211; Prvic Luka<\/a><\/td><\/tr><tr><td class=\"has-text-align-center\" data-align=\"center\"><a href=\"https:\/\/www.ferrycroatia.com\/de\/prvic-vodice\/\" title=\"Prvic \u2192 Vodice\">Prvic Luka &#8211; Vodice<\/a><\/td><td class=\"has-text-align-center\" data-align=\"center\"><a href=\"https:\/\/www.ferrycroatia.com\/de\/prvic-sibenik\/\" title=\"Prvic \u2192 Sibenik\">Prvic Luka &#8211; Sibenik<\/a><\/td><td class=\"has-text-align-center\" data-align=\"center\"><a href=\"https:\/\/www.ferrycroatia.com\/de\/prvic-zlarin\/\" title=\"Prvic \u2192 Zlarin\">Prvic Luka &#8211; Zlarin<\/a><\/td><\/tr><\/tbody><\/table><\/figure>\n","protected":false},"excerpt":{"rendered":"<p>Die Insel Prvic befindet sich in Schwimmentfernung von Vodice in Kroatien (\u201ePrvi\u0107\u201c bedeutet die erste, in Bezug darauf das die Insel die erste Insel von der K\u00fcste von Vodice aus ist \ud83d\ude42). Die weniger als 3 km2 gro\u00dfe Insel ist ein gro\u00dfartiger Ort f\u00fcr einen ruhigen Urlaub. Auf der Insel Prvic leben das ganze Jahr [&hellip;]<\/p>\n<p><a class=\"more-link\" href=\"https:\/\/www.ferrycroatia.com\/de\/insel-prvic\/\"> Continue reading&#8230;<\/a><\/p>\n","protected":false},"author":5,"featured_media":0,"parent":0,"menu_order":0,"comment_status":"closed","ping_status":"closed","template":"","meta":[],"yoast_head":"<!-- This site is optimized with the Yoast SEO plugin v19.8 - https:\/\/yoast.com\/wordpress\/plugins\/seo\/ -->\n<title>Insel Prvic im Sibenik-Archipel, wie man nach Prvic gelangt<\/title>\n<meta name=\"robots\" content=\"index, follow, max-snippet:-1, max-image-preview:large, max-video-preview:-1\" \/>\n<link rel=\"canonical\" href=\"https:\/\/www.ferrycroatia.com\/de\/insel-prvic\/\" \/>\n<meta property=\"og:locale\" content=\"en_US\" \/>\n<meta property=\"og:type\" content=\"article\" \/>\n<meta property=\"og:title\" content=\"Insel Prvic im Sibenik-Archipel, wie man nach Prvic gelangt\" \/>\n<meta property=\"og:description\" content=\"Die Insel Prvic befindet sich in Schwimmentfernung von Vodice in Kroatien (\u201ePrvi\u0107\u201c bedeutet die erste, in Bezug darauf das die Insel die erste Insel von der K\u00fcste von Vodice aus ist \ud83d\ude42). Die weniger als 3 km2 gro\u00dfe Insel ist ein gro\u00dfartiger Ort f\u00fcr einen ruhigen Urlaub. Auf der Insel Prvic leben das ganze Jahr [&hellip;] Continue reading...\" \/>\n<meta property=\"og:url\" content=\"https:\/\/www.ferrycroatia.com\/de\/insel-prvic\/\" \/>\n<meta property=\"og:site_name\" content=\"F\u00e4hre Kroatien\" \/>\n<meta property=\"article:modified_time\" content=\"2021-02-09T07:25:44+00:00\" \/>\n<meta name=\"twitter:card\" content=\"summary_large_image\" \/>\n<meta name=\"twitter:label1\" content=\"Est. reading time\" \/>\n\t<meta name=\"twitter:data1\" content=\"2 minutes\" \/>\n<script type=\"application\/ld+json\" class=\"yoast-schema-graph\">{\"@context\":\"https:\/\/schema.org\",\"@graph\":[{\"@type\":\"WebPage\",\"@id\":\"https:\/\/www.ferrycroatia.com\/de\/insel-prvic\/\",\"url\":\"https:\/\/www.ferrycroatia.com\/de\/insel-prvic\/\",\"name\":\"Insel Prvic im Sibenik-Archipel, wie man nach Prvic gelangt\",\"isPartOf\":{\"@id\":\"https:\/\/www.ferrycroatia.com\/de\/#website\"},\"datePublished\":\"2021-02-01T09:24:10+00:00\",\"dateModified\":\"2021-02-09T07:25:44+00:00\",\"breadcrumb\":{\"@id\":\"https:\/\/www.ferrycroatia.com\/de\/insel-prvic\/#breadcrumb\"},\"inLanguage\":\"en-US\",\"potentialAction\":[{\"@type\":\"ReadAction\",\"target\":[\"https:\/\/www.ferrycroatia.com\/de\/insel-prvic\/\"]}]},{\"@type\":\"BreadcrumbList\",\"@id\":\"https:\/\/www.ferrycroatia.com\/de\/insel-prvic\/#breadcrumb\",\"itemListElement\":[{\"@type\":\"ListItem\",\"position\":1,\"name\":\"Home\",\"item\":\"https:\/\/www.ferrycroatia.com\/de\/\"},{\"@type\":\"ListItem\",\"position\":2,\"name\":\"Insel Prvic\"}]},{\"@type\":\"WebSite\",\"@id\":\"https:\/\/www.ferrycroatia.com\/de\/#website\",\"url\":\"https:\/\/www.ferrycroatia.com\/de\/\",\"name\":\"F\u00e4hre Kroatien\",\"description\":\"Info und Fahrpl\u00e4ne f\u00fcr alle Katamarane und F\u00e4hren in Kroatien\",\"potentialAction\":[{\"@type\":\"SearchAction\",\"target\":{\"@type\":\"EntryPoint\",\"urlTemplate\":\"https:\/\/www.ferrycroatia.com\/de\/?s={search_term_string}\"},\"query-input\":\"required name=search_term_string\"}],\"inLanguage\":\"en-US\"}]}<\/script>\n<!-- \/ Yoast SEO plugin. -->","yoast_head_json":{"title":"Insel Prvic im Sibenik-Archipel, wie man nach Prvic gelangt","robots":{"index":"index","follow":"follow","max-snippet":"max-snippet:-1","max-image-preview":"max-image-preview:large","max-video-preview":"max-video-preview:-1"},"canonical":"https:\/\/www.ferrycroatia.com\/de\/insel-prvic\/","og_locale":"en_US","og_type":"article","og_title":"Insel Prvic im Sibenik-Archipel, wie man nach Prvic gelangt","og_description":"Die Insel Prvic befindet sich in Schwimmentfernung von Vodice in Kroatien (\u201ePrvi\u0107\u201c bedeutet die erste, in Bezug darauf das die Insel die erste Insel von der K\u00fcste von Vodice aus ist \ud83d\ude42). Die weniger als 3 km2 gro\u00dfe Insel ist ein gro\u00dfartiger Ort f\u00fcr einen ruhigen Urlaub. Auf der Insel Prvic leben das ganze Jahr [&hellip;] Continue reading...","og_url":"https:\/\/www.ferrycroatia.com\/de\/insel-prvic\/","og_site_name":"F\u00e4hre Kroatien","article_modified_time":"2021-02-09T07:25:44+00:00","twitter_card":"summary_large_image","twitter_misc":{"Est. reading time":"2 minutes"},"schema":{"@context":"https:\/\/schema.org","@graph":[{"@type":"WebPage","@id":"https:\/\/www.ferrycroatia.com\/de\/insel-prvic\/","url":"https:\/\/www.ferrycroatia.com\/de\/insel-prvic\/","name":"Insel Prvic im Sibenik-Archipel, wie man nach Prvic gelangt","isPartOf":{"@id":"https:\/\/www.ferrycroatia.com\/de\/#website"},"datePublished":"2021-02-01T09:24:10+00:00","dateModified":"2021-02-09T07:25:44+00:00","breadcrumb":{"@id":"https:\/\/www.ferrycroatia.com\/de\/insel-prvic\/#breadcrumb"},"inLanguage":"en-US","potentialAction":[{"@type":"ReadAction","target":["https:\/\/www.ferrycroatia.com\/de\/insel-prvic\/"]}]},{"@type":"BreadcrumbList","@id":"https:\/\/www.ferrycroatia.com\/de\/insel-prvic\/#breadcrumb","itemListElement":[{"@type":"ListItem","position":1,"name":"Home","item":"https:\/\/www.ferrycroatia.com\/de\/"},{"@type":"ListItem","position":2,"name":"Insel Prvic"}]},{"@type":"WebSite","@id":"https:\/\/www.ferrycroatia.com\/de\/#website","url":"https:\/\/www.ferrycroatia.com\/de\/","name":"F\u00e4hre Kroatien","description":"Info und Fahrpl\u00e4ne f\u00fcr alle Katamarane und F\u00e4hren in Kroatien","potentialAction":[{"@type":"SearchAction","target":{"@type":"EntryPoint","urlTemplate":"https:\/\/www.ferrycroatia.com\/de\/?s={search_term_string}"},"query-input":"required name=search_term_string"}],"inLanguage":"en-US"}]}},"_links":{"self":[{"href":"https:\/\/www.ferrycroatia.com\/de\/wp-json\/wp\/v2\/pages\/1006"}],"collection":[{"href":"https:\/\/www.ferrycroatia.com\/de\/wp-json\/wp\/v2\/pages"}],"about":[{"href":"https:\/\/www.ferrycroatia.com\/de\/wp-json\/wp\/v2\/types\/page"}],"author":[{"embeddable":true,"href":"https:\/\/www.ferrycroatia.com\/de\/wp-json\/wp\/v2\/users\/5"}],"replies":[{"embeddable":true,"href":"https:\/\/www.ferrycroatia.com\/de\/wp-json\/wp\/v2\/comments?post=1006"}],"version-history":[{"count":3,"href":"https:\/\/www.ferrycroatia.com\/de\/wp-json\/wp\/v2\/pages\/1006\/revisions"}],"predecessor-version":[{"id":1525,"href":"https:\/\/www.ferrycroatia.com\/de\/wp-json\/wp\/v2\/pages\/1006\/revisions\/1525"}],"wp:attachment":[{"href":"https:\/\/www.ferrycroatia.com\/de\/wp-json\/wp\/v2\/media?parent=1006"}],"curies":[{"name":"wp","href":"https:\/\/api.w.org\/{rel}","templated":true}]}}