{"id":1012,"date":"2021-02-01T10:13:20","date_gmt":"2021-02-01T10:13:20","guid":{"rendered":"https:\/\/ferrycroatia.com\/de\/?page_id=1012"},"modified":"2021-02-09T07:32:30","modified_gmt":"2021-02-09T07:32:30","slug":"insel-rava","status":"publish","type":"page","link":"https:\/\/www.ferrycroatia.com\/de\/insel-rava\/","title":{"rendered":"Insel Rava"},"content":{"rendered":"<p>Die Insel Rava ist eine <strong>kleine Insel im Zadar-Archipel<\/strong> und liegt zwischen der <a href=\"https:\/\/www.ferrycroatia.com\/de\/insel-dugi-otok\/\">Insel Dugi Otok<\/a> und der <a href=\"https:\/\/www.ferrycroatia.com\/de\/insel-iz\/\">Insel I\u017e<\/a>. Die Insel ist nur etwa 4 km2 gro\u00df, etwa 5 km lang und zwischen 50 m und 1,2 km breit. Die Gesamtbev\u00f6lkerung der Insel betr\u00e4gt weniger als 200 Einwohner. Wenn Sie also nach <strong>einem ruhigen Ort f\u00fcr Ihren Urlaub suchen<\/strong>, ist Island Rava in der Tat eine gute Option.<\/p>\n<p>Es gibt zwei Siedlungen auf der Insel,<strong> Rava und Mala Rava<\/strong>, <a href=\"https:\/\/www.ferrycroatia.com\/de\/fahrhafen-rava\/\">Rava<\/a> befindet sich im Zentrum der Insel und <a href=\"https:\/\/www.ferrycroatia.com\/de\/fahrhafen-mala-rava\/\">Mala Rava<\/a> am Nordende. Beide Siedlungen sind Hafenst\u00e4dte.<\/p>\n<h2><b>Anreise zur Insel Rava<\/b><\/h2>\n<p>Die Insel Rava ist \u00fcber eine <strong>t\u00e4gliche Schnellf\u00e4hre \/ Katamaran<\/strong>, ein Motorschiff und eine Autof\u00e4hre, die je nach Jahreszeit 1-3 Tage die Woche verkehren, mit dem Festland verbunden.<\/p>\n<p>Der t\u00e4gliche Katamaran segelt die folgende Route.<\/p>\n<p><strong>Zadar &#8211; Mali I\u017e &#8211; Veli I\u017e &#8211; Mala Rava &#8211; Rava<\/strong> (Linien Nummer 9405)<\/p>\n<p>Die Autof\u00e4hre verkehrt <strong>dreimal pro Woche im Juli, August<\/strong>, zweimal pro Woche im Juni und September und einmal pro Woche im Rest des Jahres. Die Autof\u00e4hre hat die folgende Segelroute.<\/p>\n<p><strong>Zadar (Ga\u017eenica) &#8211; Brsanj (I\u017e) &#8211; Rava &#8211; Mala Rava<\/strong> (Linien Nummer 435)<\/p>\n<p>Das Motorschiff (Linie 405) f\u00e4hrt dieselbe Route wie der Katamaran, ist jedoch etwas langsamer (ca. 2 Stunden, Katamaran 1 Stunde 30 Minuten von Zadar entfernt).<\/p>\n<p>Den <strong>Fahrplan f\u00fcr Katamaran, Motorschiff und Autof\u00e4hre<\/strong> finden Sie hier:<\/p>\n<table width=\"747\">\n<tbody>\n<tr>\n<td style=\"text-align: center;\"><a href=\"https:\/\/www.ferrycroatia.com\/de\/zadar-rava\/\">Zadar &#8211; Rava<\/a><\/td>\n<td style=\"text-align: center;\"><a href=\"https:\/\/www.ferrycroatia.com\/de\/zadar-mala-rava\/\">Zadar &#8211; Mala Rava<\/a><\/td>\n<td style=\"text-align: center;\"><a href=\"https:\/\/www.ferrycroatia.com\/de\/veli-iz-rava\/\">Veli Iz &#8211; Rava<\/a><\/td>\n<td style=\"text-align: center;\"><a href=\"https:\/\/www.ferrycroatia.com\/de\/brsanj-rava\/\">Brsanj &#8211; Rava<\/a><\/td>\n<\/tr>\n<tr>\n<td style=\"text-align: center;\"><a href=\"https:\/\/www.ferrycroatia.com\/de\/rava-zadar\/\">Rava &#8211; Zadar<\/a><\/td>\n<td style=\"text-align: center;\"><a href=\"https:\/\/www.ferrycroatia.com\/de\/mala-rava-zadar\/\">Mala Rava &#8211; Zadar<\/a><\/td>\n<td style=\"text-align: center;\"><a href=\"https:\/\/www.ferrycroatia.com\/de\/rava-veli-iz\/\">Rava &#8211; Veli Iz<\/a><\/td>\n<td style=\"text-align: center;\"><a href=\"https:\/\/www.ferrycroatia.com\/de\/rava-brsanj\/\">Rava &#8211; Brsanj<\/a><\/td>\n<\/tr>\n<\/tbody>\n<\/table>\n<h2><b>Preis der F\u00e4hre Zadar Rava \/ Mala Rava<\/b><\/h2>\n<p>Da die F\u00e4hren, die zur Insel fahren, staatlich abgesaugt sind, ist es <strong>erstaunlich g\u00fcnstig, dorthin zu gelangen<\/strong>. Ein Einfaches Ticket f\u00fcr Erwachsene mit dem Katamaran <strong>von Zadar nach Rava oder Mala Rava kostet in der Hauptsaison 40 Kuna<\/strong>, in der Nebensaison 30 Kuna und 20 Kuna in der Wintersaison.<\/p>\n<p>Eine<strong> Einzelfahrkarte f\u00fcr Erwachsene mit der Autof\u00e4hre<\/strong> kostet in der Hauptsaison 28 Kuna und in der Wintersaison 23 Kuna.<\/p>\n","protected":false},"excerpt":{"rendered":"<p>Die Insel Rava ist eine kleine Insel im Zadar-Archipel und liegt zwischen der Insel Dugi Otok und der Insel I\u017e. Die Insel ist nur etwa 4 km2 gro\u00df, etwa 5 km lang und zwischen 50 m und 1,2 km breit. Die Gesamtbev\u00f6lkerung der Insel betr\u00e4gt weniger als 200 Einwohner. Wenn Sie also nach einem ruhigen [&hellip;]<\/p>\n<p><a class=\"more-link\" href=\"https:\/\/www.ferrycroatia.com\/de\/insel-rava\/\"> Continue reading&#8230;<\/a><\/p>\n","protected":false},"author":5,"featured_media":0,"parent":0,"menu_order":0,"comment_status":"closed","ping_status":"closed","template":"","meta":[],"yoast_head":"<!-- This site is optimized with the Yoast SEO plugin v19.8 - https:\/\/yoast.com\/wordpress\/plugins\/seo\/ -->\n<title>Insel Rava im Zadar-Archipel, wie man dorthin kommt<\/title>\n<meta name=\"robots\" content=\"index, follow, max-snippet:-1, max-image-preview:large, max-video-preview:-1\" \/>\n<link rel=\"canonical\" href=\"https:\/\/www.ferrycroatia.com\/de\/insel-rava\/\" \/>\n<meta property=\"og:locale\" content=\"en_US\" \/>\n<meta property=\"og:type\" content=\"article\" \/>\n<meta property=\"og:title\" content=\"Insel Rava im Zadar-Archipel, wie man dorthin kommt\" \/>\n<meta property=\"og:description\" content=\"Die Insel Rava ist eine kleine Insel im Zadar-Archipel und liegt zwischen der Insel Dugi Otok und der Insel I\u017e. Die Insel ist nur etwa 4 km2 gro\u00df, etwa 5 km lang und zwischen 50 m und 1,2 km breit. Die Gesamtbev\u00f6lkerung der Insel betr\u00e4gt weniger als 200 Einwohner. Wenn Sie also nach einem ruhigen [&hellip;] Continue reading...\" \/>\n<meta property=\"og:url\" content=\"https:\/\/www.ferrycroatia.com\/de\/insel-rava\/\" \/>\n<meta property=\"og:site_name\" content=\"F\u00e4hre Kroatien\" \/>\n<meta property=\"article:modified_time\" content=\"2021-02-09T07:32:30+00:00\" \/>\n<meta name=\"twitter:card\" content=\"summary_large_image\" \/>\n<meta name=\"twitter:label1\" content=\"Est. reading time\" \/>\n\t<meta name=\"twitter:data1\" content=\"2 minutes\" \/>\n<script type=\"application\/ld+json\" class=\"yoast-schema-graph\">{\"@context\":\"https:\/\/schema.org\",\"@graph\":[{\"@type\":\"WebPage\",\"@id\":\"https:\/\/www.ferrycroatia.com\/de\/insel-rava\/\",\"url\":\"https:\/\/www.ferrycroatia.com\/de\/insel-rava\/\",\"name\":\"Insel Rava im Zadar-Archipel, wie man dorthin kommt\",\"isPartOf\":{\"@id\":\"https:\/\/www.ferrycroatia.com\/de\/#website\"},\"datePublished\":\"2021-02-01T10:13:20+00:00\",\"dateModified\":\"2021-02-09T07:32:30+00:00\",\"breadcrumb\":{\"@id\":\"https:\/\/www.ferrycroatia.com\/de\/insel-rava\/#breadcrumb\"},\"inLanguage\":\"en-US\",\"potentialAction\":[{\"@type\":\"ReadAction\",\"target\":[\"https:\/\/www.ferrycroatia.com\/de\/insel-rava\/\"]}]},{\"@type\":\"BreadcrumbList\",\"@id\":\"https:\/\/www.ferrycroatia.com\/de\/insel-rava\/#breadcrumb\",\"itemListElement\":[{\"@type\":\"ListItem\",\"position\":1,\"name\":\"Home\",\"item\":\"https:\/\/www.ferrycroatia.com\/de\/\"},{\"@type\":\"ListItem\",\"position\":2,\"name\":\"Insel Rava\"}]},{\"@type\":\"WebSite\",\"@id\":\"https:\/\/www.ferrycroatia.com\/de\/#website\",\"url\":\"https:\/\/www.ferrycroatia.com\/de\/\",\"name\":\"F\u00e4hre Kroatien\",\"description\":\"Info und Fahrpl\u00e4ne f\u00fcr alle Katamarane und F\u00e4hren in Kroatien\",\"potentialAction\":[{\"@type\":\"SearchAction\",\"target\":{\"@type\":\"EntryPoint\",\"urlTemplate\":\"https:\/\/www.ferrycroatia.com\/de\/?s={search_term_string}\"},\"query-input\":\"required name=search_term_string\"}],\"inLanguage\":\"en-US\"}]}<\/script>\n<!-- \/ Yoast SEO plugin. -->","yoast_head_json":{"title":"Insel Rava im Zadar-Archipel, wie man dorthin kommt","robots":{"index":"index","follow":"follow","max-snippet":"max-snippet:-1","max-image-preview":"max-image-preview:large","max-video-preview":"max-video-preview:-1"},"canonical":"https:\/\/www.ferrycroatia.com\/de\/insel-rava\/","og_locale":"en_US","og_type":"article","og_title":"Insel Rava im Zadar-Archipel, wie man dorthin kommt","og_description":"Die Insel Rava ist eine kleine Insel im Zadar-Archipel und liegt zwischen der Insel Dugi Otok und der Insel I\u017e. Die Insel ist nur etwa 4 km2 gro\u00df, etwa 5 km lang und zwischen 50 m und 1,2 km breit. Die Gesamtbev\u00f6lkerung der Insel betr\u00e4gt weniger als 200 Einwohner. Wenn Sie also nach einem ruhigen [&hellip;] Continue reading...","og_url":"https:\/\/www.ferrycroatia.com\/de\/insel-rava\/","og_site_name":"F\u00e4hre Kroatien","article_modified_time":"2021-02-09T07:32:30+00:00","twitter_card":"summary_large_image","twitter_misc":{"Est. reading time":"2 minutes"},"schema":{"@context":"https:\/\/schema.org","@graph":[{"@type":"WebPage","@id":"https:\/\/www.ferrycroatia.com\/de\/insel-rava\/","url":"https:\/\/www.ferrycroatia.com\/de\/insel-rava\/","name":"Insel Rava im Zadar-Archipel, wie man dorthin kommt","isPartOf":{"@id":"https:\/\/www.ferrycroatia.com\/de\/#website"},"datePublished":"2021-02-01T10:13:20+00:00","dateModified":"2021-02-09T07:32:30+00:00","breadcrumb":{"@id":"https:\/\/www.ferrycroatia.com\/de\/insel-rava\/#breadcrumb"},"inLanguage":"en-US","potentialAction":[{"@type":"ReadAction","target":["https:\/\/www.ferrycroatia.com\/de\/insel-rava\/"]}]},{"@type":"BreadcrumbList","@id":"https:\/\/www.ferrycroatia.com\/de\/insel-rava\/#breadcrumb","itemListElement":[{"@type":"ListItem","position":1,"name":"Home","item":"https:\/\/www.ferrycroatia.com\/de\/"},{"@type":"ListItem","position":2,"name":"Insel Rava"}]},{"@type":"WebSite","@id":"https:\/\/www.ferrycroatia.com\/de\/#website","url":"https:\/\/www.ferrycroatia.com\/de\/","name":"F\u00e4hre Kroatien","description":"Info und Fahrpl\u00e4ne f\u00fcr alle Katamarane und F\u00e4hren in Kroatien","potentialAction":[{"@type":"SearchAction","target":{"@type":"EntryPoint","urlTemplate":"https:\/\/www.ferrycroatia.com\/de\/?s={search_term_string}"},"query-input":"required name=search_term_string"}],"inLanguage":"en-US"}]}},"_links":{"self":[{"href":"https:\/\/www.ferrycroatia.com\/de\/wp-json\/wp\/v2\/pages\/1012"}],"collection":[{"href":"https:\/\/www.ferrycroatia.com\/de\/wp-json\/wp\/v2\/pages"}],"about":[{"href":"https:\/\/www.ferrycroatia.com\/de\/wp-json\/wp\/v2\/types\/page"}],"author":[{"embeddable":true,"href":"https:\/\/www.ferrycroatia.com\/de\/wp-json\/wp\/v2\/users\/5"}],"replies":[{"embeddable":true,"href":"https:\/\/www.ferrycroatia.com\/de\/wp-json\/wp\/v2\/comments?post=1012"}],"version-history":[{"count":2,"href":"https:\/\/www.ferrycroatia.com\/de\/wp-json\/wp\/v2\/pages\/1012\/revisions"}],"predecessor-version":[{"id":1529,"href":"https:\/\/www.ferrycroatia.com\/de\/wp-json\/wp\/v2\/pages\/1012\/revisions\/1529"}],"wp:attachment":[{"href":"https:\/\/www.ferrycroatia.com\/de\/wp-json\/wp\/v2\/media?parent=1012"}],"curies":[{"name":"wp","href":"https:\/\/api.w.org\/{rel}","templated":true}]}}