{"id":1014,"date":"2021-02-01T10:22:04","date_gmt":"2021-02-01T10:22:04","guid":{"rendered":"https:\/\/ferrycroatia.com\/de\/?page_id=1014"},"modified":"2021-02-09T07:36:58","modified_gmt":"2021-02-09T07:36:58","slug":"insel-rivanj","status":"publish","type":"page","link":"https:\/\/www.ferrycroatia.com\/de\/insel-rivanj\/","title":{"rendered":"Insel Rivanj"},"content":{"rendered":"<p>Die Insel Rivanj ist eine <strong>kleine Insel zwischen der Insel Ugljan und der Insel Sestrunj<\/strong> im Zadar-Archipel. Die Insel mit <strong>weniger als 50 Einwohnern<\/strong> wird haupts\u00e4chlich von Segelbooten besucht. Da es auf der Insel<strong> wenige Unterk\u00fcnfte gibt<\/strong>, haben regelm\u00e4\u00dfige Reisende die M\u00f6glichkeit, einen Urlaub auf einer sehr ruhigen Insel zu genie\u00dfen!<\/p>\n<p>Die einzige Siedlung auf der Insel ist Rivanj, die sich auf der Westseite der Insel befindet. <strong>Der <a href=\"https:\/\/www.ferrycroatia.com\/de\/fahrhafen-rivanj\/\">Hafen von Rivanj<\/a> ist das \u201eZentrum\u201c der Insel<\/strong>. Die Insel ist mit dem Festland und anderen Inseln \u00fcber die folgenden F\u00e4hr- und Katamaran Routen verbunden.<\/p>\n<p><strong>Die Katamaran-Route 9404<\/strong> verkehrt das ganze Jahr \u00fcber t\u00e4glich (au\u00dfer an einigen Feiertagen) auf der folgenden Route. Zadar &#8211; Rivanj &#8211; Sestrunj &#8211; Zverinac &#8211; Bo\u017eava &#8211; Brbinj, die Segelzeit zwischen<strong> Zadar und Rivanj betr\u00e4gt 35 Minuten<\/strong>. Den Fahrplan f\u00fcr die Katamaran Verbindungen finden Sie hier:<\/p>\n<table width=\"747\">\n<tbody>\n<tr>\n<td style=\"text-align: center;\"><a href=\"https:\/\/www.ferrycroatia.com\/de\/zadar-rivanj\/\">Zadar &#8211; Rivanj<\/a><\/td>\n<td style=\"text-align: center;\"><a href=\"https:\/\/www.ferrycroatia.com\/de\/brbinj-rivanj\/\">Brbinj &#8211; Rivanj<\/a><\/td>\n<td style=\"text-align: center;\"><a href=\"https:\/\/www.ferrycroatia.com\/de\/bozava-rivanj\/\">Bozava &#8211; Rivanj<\/a><\/td>\n<\/tr>\n<tr>\n<td style=\"text-align: center;\"><a href=\"https:\/\/www.ferrycroatia.com\/de\/rivanj-zadar\/\">Rivanj &#8211; Zadar<\/a><\/td>\n<td style=\"text-align: center;\"><a href=\"https:\/\/www.ferrycroatia.com\/de\/rivanj-brbinj\/\">Rivanj &#8211; Brbinj<\/a><\/td>\n<td style=\"text-align: center;\"><a href=\"https:\/\/www.ferrycroatia.com\/de\/rivanj-bozava\/\">Rivanj &#8211; Bozava<\/a><\/td>\n<\/tr>\n<\/tbody>\n<\/table>\n<p><strong>Die Autof\u00e4hre 433<\/strong> verkehrt ebenfalls das ganze Jahr \u00fcber. W\u00e4hrend der Sommersaison f\u00e4hrt sie t\u00e4glich nach Rivnanj, w\u00e4hrend der Wintersaison einige Male pro Woche. Die F\u00e4hrroute ist die folgende: Zadar &#8211; Rivanj &#8211; Sestrunj &#8211; Zverinac &#8211; Molat. Die Reisezeit mit der <strong>Autof\u00e4hre Rivanj nach Zadar<\/strong> betr\u00e4gt 1 Stunde 20 Minuten. Hier sehen Sie den Fahrplan f\u00fcr die Autof\u00e4hre von und nach Rivanj:<\/p>\n<table width=\"747\">\n<tbody>\n<tr>\n<td style=\"text-align: center;\"><a href=\"https:\/\/www.ferrycroatia.com\/de\/rivanj-molat\/\">Rivanj &#8211; Molat<\/a><\/td>\n<td style=\"text-align: center;\"><a href=\"https:\/\/www.ferrycroatia.com\/de\/rivanj-sestrunj\/\">Rivanj &#8211; Sestrunj<\/a><\/td>\n<td style=\"text-align: center;\"><a href=\"https:\/\/www.ferrycroatia.com\/de\/rivanj-zverinac\/\">Rivanj &#8211; Zverinac<\/a><\/td>\n<\/tr>\n<tr>\n<td style=\"text-align: center;\"><a href=\"https:\/\/www.ferrycroatia.com\/de\/molat-rivanj\/\">Molat &#8211; Rivanj<\/a><\/td>\n<td style=\"text-align: center;\"><a href=\"https:\/\/www.ferrycroatia.com\/de\/sestrunj-rivanj\/\">Sestrunj &#8211; Rivanj<\/a><\/td>\n<td style=\"text-align: center;\"><a href=\"https:\/\/www.ferrycroatia.com\/de\/zverinac-rivanj\/\">Zverinac &#8211; Rivanj<\/a><\/td>\n<\/tr>\n<\/tbody>\n<\/table>\n","protected":false},"excerpt":{"rendered":"<p>Die Insel Rivanj ist eine kleine Insel zwischen der Insel Ugljan und der Insel Sestrunj im Zadar-Archipel. Die Insel mit weniger als 50 Einwohnern wird haupts\u00e4chlich von Segelbooten besucht. Da es auf der Insel wenige Unterk\u00fcnfte gibt, haben regelm\u00e4\u00dfige Reisende die M\u00f6glichkeit, einen Urlaub auf einer sehr ruhigen Insel zu genie\u00dfen! Die einzige Siedlung auf [&hellip;]<\/p>\n<p><a class=\"more-link\" href=\"https:\/\/www.ferrycroatia.com\/de\/insel-rivanj\/\"> Continue reading&#8230;<\/a><\/p>\n","protected":false},"author":5,"featured_media":0,"parent":0,"menu_order":0,"comment_status":"closed","ping_status":"closed","template":"","meta":[],"yoast_head":"<!-- This site is optimized with the Yoast SEO plugin v19.8 - https:\/\/yoast.com\/wordpress\/plugins\/seo\/ -->\n<title>Insel Rivanj im Zadar-Archipel, wie man dorthin kommt<\/title>\n<meta name=\"robots\" content=\"index, follow, max-snippet:-1, max-image-preview:large, max-video-preview:-1\" \/>\n<link rel=\"canonical\" href=\"https:\/\/www.ferrycroatia.com\/de\/insel-rivanj\/\" \/>\n<meta property=\"og:locale\" content=\"en_US\" \/>\n<meta property=\"og:type\" content=\"article\" \/>\n<meta property=\"og:title\" content=\"Insel Rivanj im Zadar-Archipel, wie man dorthin kommt\" \/>\n<meta property=\"og:description\" content=\"Die Insel Rivanj ist eine kleine Insel zwischen der Insel Ugljan und der Insel Sestrunj im Zadar-Archipel. Die Insel mit weniger als 50 Einwohnern wird haupts\u00e4chlich von Segelbooten besucht. Da es auf der Insel wenige Unterk\u00fcnfte gibt, haben regelm\u00e4\u00dfige Reisende die M\u00f6glichkeit, einen Urlaub auf einer sehr ruhigen Insel zu genie\u00dfen! Die einzige Siedlung auf [&hellip;] Continue reading...\" \/>\n<meta property=\"og:url\" content=\"https:\/\/www.ferrycroatia.com\/de\/insel-rivanj\/\" \/>\n<meta property=\"og:site_name\" content=\"F\u00e4hre Kroatien\" \/>\n<meta property=\"article:modified_time\" content=\"2021-02-09T07:36:58+00:00\" \/>\n<meta name=\"twitter:card\" content=\"summary_large_image\" \/>\n<meta name=\"twitter:label1\" content=\"Est. reading time\" \/>\n\t<meta name=\"twitter:data1\" content=\"1 minute\" \/>\n<script type=\"application\/ld+json\" class=\"yoast-schema-graph\">{\"@context\":\"https:\/\/schema.org\",\"@graph\":[{\"@type\":\"WebPage\",\"@id\":\"https:\/\/www.ferrycroatia.com\/de\/insel-rivanj\/\",\"url\":\"https:\/\/www.ferrycroatia.com\/de\/insel-rivanj\/\",\"name\":\"Insel Rivanj im Zadar-Archipel, wie man dorthin kommt\",\"isPartOf\":{\"@id\":\"https:\/\/www.ferrycroatia.com\/de\/#website\"},\"datePublished\":\"2021-02-01T10:22:04+00:00\",\"dateModified\":\"2021-02-09T07:36:58+00:00\",\"breadcrumb\":{\"@id\":\"https:\/\/www.ferrycroatia.com\/de\/insel-rivanj\/#breadcrumb\"},\"inLanguage\":\"en-US\",\"potentialAction\":[{\"@type\":\"ReadAction\",\"target\":[\"https:\/\/www.ferrycroatia.com\/de\/insel-rivanj\/\"]}]},{\"@type\":\"BreadcrumbList\",\"@id\":\"https:\/\/www.ferrycroatia.com\/de\/insel-rivanj\/#breadcrumb\",\"itemListElement\":[{\"@type\":\"ListItem\",\"position\":1,\"name\":\"Home\",\"item\":\"https:\/\/www.ferrycroatia.com\/de\/\"},{\"@type\":\"ListItem\",\"position\":2,\"name\":\"Insel Rivanj\"}]},{\"@type\":\"WebSite\",\"@id\":\"https:\/\/www.ferrycroatia.com\/de\/#website\",\"url\":\"https:\/\/www.ferrycroatia.com\/de\/\",\"name\":\"F\u00e4hre Kroatien\",\"description\":\"Info und Fahrpl\u00e4ne f\u00fcr alle Katamarane und F\u00e4hren in Kroatien\",\"potentialAction\":[{\"@type\":\"SearchAction\",\"target\":{\"@type\":\"EntryPoint\",\"urlTemplate\":\"https:\/\/www.ferrycroatia.com\/de\/?s={search_term_string}\"},\"query-input\":\"required name=search_term_string\"}],\"inLanguage\":\"en-US\"}]}<\/script>\n<!-- \/ Yoast SEO plugin. -->","yoast_head_json":{"title":"Insel Rivanj im Zadar-Archipel, wie man dorthin kommt","robots":{"index":"index","follow":"follow","max-snippet":"max-snippet:-1","max-image-preview":"max-image-preview:large","max-video-preview":"max-video-preview:-1"},"canonical":"https:\/\/www.ferrycroatia.com\/de\/insel-rivanj\/","og_locale":"en_US","og_type":"article","og_title":"Insel Rivanj im Zadar-Archipel, wie man dorthin kommt","og_description":"Die Insel Rivanj ist eine kleine Insel zwischen der Insel Ugljan und der Insel Sestrunj im Zadar-Archipel. Die Insel mit weniger als 50 Einwohnern wird haupts\u00e4chlich von Segelbooten besucht. Da es auf der Insel wenige Unterk\u00fcnfte gibt, haben regelm\u00e4\u00dfige Reisende die M\u00f6glichkeit, einen Urlaub auf einer sehr ruhigen Insel zu genie\u00dfen! Die einzige Siedlung auf [&hellip;] Continue reading...","og_url":"https:\/\/www.ferrycroatia.com\/de\/insel-rivanj\/","og_site_name":"F\u00e4hre Kroatien","article_modified_time":"2021-02-09T07:36:58+00:00","twitter_card":"summary_large_image","twitter_misc":{"Est. reading time":"1 minute"},"schema":{"@context":"https:\/\/schema.org","@graph":[{"@type":"WebPage","@id":"https:\/\/www.ferrycroatia.com\/de\/insel-rivanj\/","url":"https:\/\/www.ferrycroatia.com\/de\/insel-rivanj\/","name":"Insel Rivanj im Zadar-Archipel, wie man dorthin kommt","isPartOf":{"@id":"https:\/\/www.ferrycroatia.com\/de\/#website"},"datePublished":"2021-02-01T10:22:04+00:00","dateModified":"2021-02-09T07:36:58+00:00","breadcrumb":{"@id":"https:\/\/www.ferrycroatia.com\/de\/insel-rivanj\/#breadcrumb"},"inLanguage":"en-US","potentialAction":[{"@type":"ReadAction","target":["https:\/\/www.ferrycroatia.com\/de\/insel-rivanj\/"]}]},{"@type":"BreadcrumbList","@id":"https:\/\/www.ferrycroatia.com\/de\/insel-rivanj\/#breadcrumb","itemListElement":[{"@type":"ListItem","position":1,"name":"Home","item":"https:\/\/www.ferrycroatia.com\/de\/"},{"@type":"ListItem","position":2,"name":"Insel Rivanj"}]},{"@type":"WebSite","@id":"https:\/\/www.ferrycroatia.com\/de\/#website","url":"https:\/\/www.ferrycroatia.com\/de\/","name":"F\u00e4hre Kroatien","description":"Info und Fahrpl\u00e4ne f\u00fcr alle Katamarane und F\u00e4hren in Kroatien","potentialAction":[{"@type":"SearchAction","target":{"@type":"EntryPoint","urlTemplate":"https:\/\/www.ferrycroatia.com\/de\/?s={search_term_string}"},"query-input":"required name=search_term_string"}],"inLanguage":"en-US"}]}},"_links":{"self":[{"href":"https:\/\/www.ferrycroatia.com\/de\/wp-json\/wp\/v2\/pages\/1014"}],"collection":[{"href":"https:\/\/www.ferrycroatia.com\/de\/wp-json\/wp\/v2\/pages"}],"about":[{"href":"https:\/\/www.ferrycroatia.com\/de\/wp-json\/wp\/v2\/types\/page"}],"author":[{"embeddable":true,"href":"https:\/\/www.ferrycroatia.com\/de\/wp-json\/wp\/v2\/users\/5"}],"replies":[{"embeddable":true,"href":"https:\/\/www.ferrycroatia.com\/de\/wp-json\/wp\/v2\/comments?post=1014"}],"version-history":[{"count":2,"href":"https:\/\/www.ferrycroatia.com\/de\/wp-json\/wp\/v2\/pages\/1014\/revisions"}],"predecessor-version":[{"id":1531,"href":"https:\/\/www.ferrycroatia.com\/de\/wp-json\/wp\/v2\/pages\/1014\/revisions\/1531"}],"wp:attachment":[{"href":"https:\/\/www.ferrycroatia.com\/de\/wp-json\/wp\/v2\/media?parent=1014"}],"curies":[{"name":"wp","href":"https:\/\/api.w.org\/{rel}","templated":true}]}}