{"id":1016,"date":"2021-02-01T10:36:34","date_gmt":"2021-02-01T10:36:34","guid":{"rendered":"https:\/\/ferrycroatia.com\/de\/?page_id=1016"},"modified":"2021-02-09T07:39:17","modified_gmt":"2021-02-09T07:39:17","slug":"insel-sestrunj","status":"publish","type":"page","link":"https:\/\/www.ferrycroatia.com\/de\/insel-sestrunj\/","title":{"rendered":"Insel Sestrunj"},"content":{"rendered":"<p>Die Insel Sestrunj ist eine weitere <strong>kleine Insel im Zadar-Archipel<\/strong>. Die Insel liegt etwa 15 km Luftentfernung von Zadar entfernt zwischen der <a href=\"https:\/\/www.ferrycroatia.com\/de\/insel-rivanj\/\">Insel Rivanj<\/a> und <a href=\"https:\/\/www.ferrycroatia.com\/de\/insel-dugi-otok\/\">Dugi Otok<\/a>. Auf der Insel leben das ganze Jahr \u00fcber etwa 50 Menschen. Die einzige Siedlung ist Sestrunj, die sich mehr oder weniger im Zentrum der Insel befindet. Die Insel ist ca. 15 km2 gro\u00df und hat eine L\u00e4nge von 7-8 km und eine Breite von ca. 2 km.<\/p>\n<p>Die Insel hat <strong>zwei kleine H\u00e4fen<\/strong>, einen an der Ostseite und einen an der S\u00fcdwestseite der Insel. Die <strong>H\u00e4fen sind 1 bis 1,5 km von der Siedlung Sestrunj entfernt<\/strong>. Die Insel ist \u00fcber eine Autof\u00e4hre und einen Katamaran mit dem Festland und anderen Inseln verbunden.<\/p>\n<h2><b>Anreise zur Insel Sestrunj<\/b><\/h2>\n<p><strong>Autof\u00e4hre 433:<\/strong> Zadar &#8211; Rivanj &#8211; Sestrunj &#8211; Zverinac &#8211; Molat f\u00e4hrt im Sommer t\u00e4glich von und nach Sestrunj, in der Wintersaison bis zu 4 Mal pro Woche und die Segelzeit von Zadar nach Sestrunj betr\u00e4gt 1 Stunde 30-50 Minuten. Hier sehen Sie den Fahrplan der Autof\u00e4hre:<\/p>\n<table width=\"747\">\n<tbody>\n<tr>\n<td style=\"text-align: center;\"><a href=\"https:\/\/www.ferrycroatia.com\/de\/zadar-sestrunj-2\/\">Zadar &#8211; Sestrunj<\/a><\/td>\n<td style=\"text-align: center;\"><a href=\"https:\/\/www.ferrycroatia.com\/de\/molat-sestrunj\/\">Molat &#8211; Sestrunj<\/a><\/td>\n<td style=\"text-align: center;\"><a href=\"https:\/\/www.ferrycroatia.com\/de\/sestrunj-rivanj\/\">Sestrunj &#8211; Rivanj<\/a><\/td>\n<\/tr>\n<tr>\n<td style=\"text-align: center;\"><a href=\"https:\/\/www.ferrycroatia.com\/de\/sestrunj-zadar\/\">Sestrunj &#8211; Zadar<\/a><\/td>\n<td style=\"text-align: center;\"><a href=\"https:\/\/www.ferrycroatia.com\/de\/sestrunj-molat\/\">Sestrunj &#8211; Molat<\/a><\/td>\n<td style=\"text-align: center;\"><a href=\"https:\/\/www.ferrycroatia.com\/de\/rivanj-sestrunj\/\">Rivanj &#8211; Sestrunj<\/a><\/td>\n<\/tr>\n<\/tbody>\n<\/table>\n<p><strong>Katamaran-Route 9404:<\/strong> Brbinj &#8211; Bozava &#8211; Zverinac &#8211; Sestrunj &#8211; Rivanj &#8211; Zadar segelt <strong>das ganze Jahr \u00fcber t\u00e4glich<\/strong> von und nach Sestrunj. An einigen Feiertagen betr\u00e4gt die Segelzeit <strong>von Sestrunj nach Zadar ca. 1 Stunde<\/strong>. Hier sehen Sie den Fahrplan des Katamarans:<\/p>\n<table width=\"747\">\n<tbody>\n<tr>\n<td style=\"text-align: center;\"><a href=\"https:\/\/www.ferrycroatia.com\/de\/sestrunj-brbinj\/\">Sestrunj &#8211; Brbinj<\/a><\/td>\n<td style=\"text-align: center;\"><a href=\"https:\/\/www.ferrycroatia.com\/de\/sestrunj-bozava\/\">Sestrunj &#8211; Bozava<\/a><\/td>\n<td style=\"text-align: center;\"><a href=\"https:\/\/www.ferrycroatia.com\/de\/rivanj-zverinac\/\">Rivanj &#8211; Zverinac<\/a><\/td>\n<\/tr>\n<tr>\n<td style=\"text-align: center;\"><a href=\"https:\/\/www.ferrycroatia.com\/de\/brbinj-sestrunj\/\">Brbinj &#8211; Sestrunj<\/a><\/td>\n<td style=\"text-align: center;\"><a href=\"https:\/\/www.ferrycroatia.com\/de\/bozava-sestrunj\/\">Bozava &#8211; Sestrunj<\/a><\/td>\n<td style=\"text-align: center;\"><a href=\"https:\/\/www.ferrycroatia.com\/de\/zverinac-rivanj\/\">Zverinac &#8211; Rivanj<\/a><\/td>\n<\/tr>\n<\/tbody>\n<\/table>\n<h2><b>Preis der F\u00e4hre Zadar &#8211; Sestrunj<\/b><\/h2>\n<p>Ein Einfaches Ticket mit der Autof\u00e4hre von Zadar nach Sestrunj kostet im Sommer 28 Kuna und im Winter 24 Kuna. Der <strong>Preis f\u00fcr den Katamaran betr\u00e4gt 40 Kuna \/ 20 Kuna<\/strong>. Wenn Sie ein Auto mitbringen, kostet es 160 Kuna pro Reise.<\/p>\n","protected":false},"excerpt":{"rendered":"<p>Die Insel Sestrunj ist eine weitere kleine Insel im Zadar-Archipel. Die Insel liegt etwa 15 km Luftentfernung von Zadar entfernt zwischen der Insel Rivanj und Dugi Otok. Auf der Insel leben das ganze Jahr \u00fcber etwa 50 Menschen. Die einzige Siedlung ist Sestrunj, die sich mehr oder weniger im Zentrum der Insel befindet. Die Insel [&hellip;]<\/p>\n<p><a class=\"more-link\" href=\"https:\/\/www.ferrycroatia.com\/de\/insel-sestrunj\/\"> Continue reading&#8230;<\/a><\/p>\n","protected":false},"author":5,"featured_media":0,"parent":0,"menu_order":0,"comment_status":"closed","ping_status":"closed","template":"","meta":[],"yoast_head":"<!-- This site is optimized with the Yoast SEO plugin v19.8 - https:\/\/yoast.com\/wordpress\/plugins\/seo\/ -->\n<title>Insel Sestrunj im Zadar-Archipel, wie man dorthin kommt<\/title>\n<meta name=\"robots\" content=\"index, follow, max-snippet:-1, max-image-preview:large, max-video-preview:-1\" \/>\n<link rel=\"canonical\" href=\"https:\/\/www.ferrycroatia.com\/de\/insel-sestrunj\/\" \/>\n<meta property=\"og:locale\" content=\"en_US\" \/>\n<meta property=\"og:type\" content=\"article\" \/>\n<meta property=\"og:title\" content=\"Insel Sestrunj im Zadar-Archipel, wie man dorthin kommt\" \/>\n<meta property=\"og:description\" content=\"Die Insel Sestrunj ist eine weitere kleine Insel im Zadar-Archipel. Die Insel liegt etwa 15 km Luftentfernung von Zadar entfernt zwischen der Insel Rivanj und Dugi Otok. Auf der Insel leben das ganze Jahr \u00fcber etwa 50 Menschen. Die einzige Siedlung ist Sestrunj, die sich mehr oder weniger im Zentrum der Insel befindet. Die Insel [&hellip;] Continue reading...\" \/>\n<meta property=\"og:url\" content=\"https:\/\/www.ferrycroatia.com\/de\/insel-sestrunj\/\" \/>\n<meta property=\"og:site_name\" content=\"F\u00e4hre Kroatien\" \/>\n<meta property=\"article:modified_time\" content=\"2021-02-09T07:39:17+00:00\" \/>\n<meta name=\"twitter:card\" content=\"summary_large_image\" \/>\n<meta name=\"twitter:label1\" content=\"Est. reading time\" \/>\n\t<meta name=\"twitter:data1\" content=\"1 minute\" \/>\n<script type=\"application\/ld+json\" class=\"yoast-schema-graph\">{\"@context\":\"https:\/\/schema.org\",\"@graph\":[{\"@type\":\"WebPage\",\"@id\":\"https:\/\/www.ferrycroatia.com\/de\/insel-sestrunj\/\",\"url\":\"https:\/\/www.ferrycroatia.com\/de\/insel-sestrunj\/\",\"name\":\"Insel Sestrunj im Zadar-Archipel, wie man dorthin kommt\",\"isPartOf\":{\"@id\":\"https:\/\/www.ferrycroatia.com\/de\/#website\"},\"datePublished\":\"2021-02-01T10:36:34+00:00\",\"dateModified\":\"2021-02-09T07:39:17+00:00\",\"breadcrumb\":{\"@id\":\"https:\/\/www.ferrycroatia.com\/de\/insel-sestrunj\/#breadcrumb\"},\"inLanguage\":\"en-US\",\"potentialAction\":[{\"@type\":\"ReadAction\",\"target\":[\"https:\/\/www.ferrycroatia.com\/de\/insel-sestrunj\/\"]}]},{\"@type\":\"BreadcrumbList\",\"@id\":\"https:\/\/www.ferrycroatia.com\/de\/insel-sestrunj\/#breadcrumb\",\"itemListElement\":[{\"@type\":\"ListItem\",\"position\":1,\"name\":\"Home\",\"item\":\"https:\/\/www.ferrycroatia.com\/de\/\"},{\"@type\":\"ListItem\",\"position\":2,\"name\":\"Insel Sestrunj\"}]},{\"@type\":\"WebSite\",\"@id\":\"https:\/\/www.ferrycroatia.com\/de\/#website\",\"url\":\"https:\/\/www.ferrycroatia.com\/de\/\",\"name\":\"F\u00e4hre Kroatien\",\"description\":\"Info und Fahrpl\u00e4ne f\u00fcr alle Katamarane und F\u00e4hren in Kroatien\",\"potentialAction\":[{\"@type\":\"SearchAction\",\"target\":{\"@type\":\"EntryPoint\",\"urlTemplate\":\"https:\/\/www.ferrycroatia.com\/de\/?s={search_term_string}\"},\"query-input\":\"required name=search_term_string\"}],\"inLanguage\":\"en-US\"}]}<\/script>\n<!-- \/ Yoast SEO plugin. -->","yoast_head_json":{"title":"Insel Sestrunj im Zadar-Archipel, wie man dorthin kommt","robots":{"index":"index","follow":"follow","max-snippet":"max-snippet:-1","max-image-preview":"max-image-preview:large","max-video-preview":"max-video-preview:-1"},"canonical":"https:\/\/www.ferrycroatia.com\/de\/insel-sestrunj\/","og_locale":"en_US","og_type":"article","og_title":"Insel Sestrunj im Zadar-Archipel, wie man dorthin kommt","og_description":"Die Insel Sestrunj ist eine weitere kleine Insel im Zadar-Archipel. Die Insel liegt etwa 15 km Luftentfernung von Zadar entfernt zwischen der Insel Rivanj und Dugi Otok. Auf der Insel leben das ganze Jahr \u00fcber etwa 50 Menschen. Die einzige Siedlung ist Sestrunj, die sich mehr oder weniger im Zentrum der Insel befindet. Die Insel [&hellip;] Continue reading...","og_url":"https:\/\/www.ferrycroatia.com\/de\/insel-sestrunj\/","og_site_name":"F\u00e4hre Kroatien","article_modified_time":"2021-02-09T07:39:17+00:00","twitter_card":"summary_large_image","twitter_misc":{"Est. reading time":"1 minute"},"schema":{"@context":"https:\/\/schema.org","@graph":[{"@type":"WebPage","@id":"https:\/\/www.ferrycroatia.com\/de\/insel-sestrunj\/","url":"https:\/\/www.ferrycroatia.com\/de\/insel-sestrunj\/","name":"Insel Sestrunj im Zadar-Archipel, wie man dorthin kommt","isPartOf":{"@id":"https:\/\/www.ferrycroatia.com\/de\/#website"},"datePublished":"2021-02-01T10:36:34+00:00","dateModified":"2021-02-09T07:39:17+00:00","breadcrumb":{"@id":"https:\/\/www.ferrycroatia.com\/de\/insel-sestrunj\/#breadcrumb"},"inLanguage":"en-US","potentialAction":[{"@type":"ReadAction","target":["https:\/\/www.ferrycroatia.com\/de\/insel-sestrunj\/"]}]},{"@type":"BreadcrumbList","@id":"https:\/\/www.ferrycroatia.com\/de\/insel-sestrunj\/#breadcrumb","itemListElement":[{"@type":"ListItem","position":1,"name":"Home","item":"https:\/\/www.ferrycroatia.com\/de\/"},{"@type":"ListItem","position":2,"name":"Insel Sestrunj"}]},{"@type":"WebSite","@id":"https:\/\/www.ferrycroatia.com\/de\/#website","url":"https:\/\/www.ferrycroatia.com\/de\/","name":"F\u00e4hre Kroatien","description":"Info und Fahrpl\u00e4ne f\u00fcr alle Katamarane und F\u00e4hren in Kroatien","potentialAction":[{"@type":"SearchAction","target":{"@type":"EntryPoint","urlTemplate":"https:\/\/www.ferrycroatia.com\/de\/?s={search_term_string}"},"query-input":"required name=search_term_string"}],"inLanguage":"en-US"}]}},"_links":{"self":[{"href":"https:\/\/www.ferrycroatia.com\/de\/wp-json\/wp\/v2\/pages\/1016"}],"collection":[{"href":"https:\/\/www.ferrycroatia.com\/de\/wp-json\/wp\/v2\/pages"}],"about":[{"href":"https:\/\/www.ferrycroatia.com\/de\/wp-json\/wp\/v2\/types\/page"}],"author":[{"embeddable":true,"href":"https:\/\/www.ferrycroatia.com\/de\/wp-json\/wp\/v2\/users\/5"}],"replies":[{"embeddable":true,"href":"https:\/\/www.ferrycroatia.com\/de\/wp-json\/wp\/v2\/comments?post=1016"}],"version-history":[{"count":2,"href":"https:\/\/www.ferrycroatia.com\/de\/wp-json\/wp\/v2\/pages\/1016\/revisions"}],"predecessor-version":[{"id":1533,"href":"https:\/\/www.ferrycroatia.com\/de\/wp-json\/wp\/v2\/pages\/1016\/revisions\/1533"}],"wp:attachment":[{"href":"https:\/\/www.ferrycroatia.com\/de\/wp-json\/wp\/v2\/media?parent=1016"}],"curies":[{"name":"wp","href":"https:\/\/api.w.org\/{rel}","templated":true}]}}