{"id":1018,"date":"2021-02-01T11:07:08","date_gmt":"2021-02-01T11:07:08","guid":{"rendered":"https:\/\/ferrycroatia.com\/de\/?page_id=1018"},"modified":"2021-02-09T07:50:18","modified_gmt":"2021-02-09T07:50:18","slug":"insel-sipan","status":"publish","type":"page","link":"https:\/\/www.ferrycroatia.com\/de\/insel-sipan\/","title":{"rendered":"Insel Sipan"},"content":{"rendered":"<p>Die Insel Sipan ist <strong>die gr\u00f6\u00dfte der 3 Elaphiten Inseln<\/strong> n\u00f6rdlich von Dubrovnik. Die etwa 16 km2 gro\u00dfe Insel hat <strong>eine ganzj\u00e4hrige Bev\u00f6lkerung von etwa 400 Menschen<\/strong>. Im Sommer leben mehr Menschen auf der Insel, aber es ist Auf keinen Fall \u00fcberf\u00fcllt. Wenn Sie also nach einem ruhigen Ort suchen, ist Island Sipan mit Sicherheit eine \u00dcberlegung wert.<\/p>\n<p>Die Insel hat <strong>zwei Siedlungen \/ D\u00f6rfer<\/strong> Sudurad (auf Kroatisch Su\u0111ura\u0111) am s\u00fcdlichen Ende der Insel in Richtung <a href=\"https:\/\/www.ferrycroatia.com\/de\/insel-lopud\/\">Insel Lopud<\/a> und die gr\u00f6\u00dfere <strong>Sipanska Luka<\/strong> (\u0160ipanska Luka) auf der Westseite der Insel. Die Entfernung zwischen den beiden Siedlungen betr\u00e4gt etwa 5 km. Die Verbindung zwischen den beiden D\u00f6rfern verl\u00e4uft in einem Tal, in dem<strong> Wein, Oliven und Zitrusfr\u00fcchte angebaut werden<\/strong>. Der Rest der Insel hat viele H\u00fcgel. Der <strong>h\u00f6chste Punkt liegt 247 Meter<\/strong> \u00fcber dem Meeresspiegel. Es gibt also viele gro\u00dfartige Orte mit einem Blick auf die nahe gelegene Insel Jakljan, die Insel Lopud, die <a href=\"https:\/\/www.ferrycroatia.com\/de\/insel-mljet\/\">Insel Mljet<\/a> und das Festland.<\/p>\n<h2><b>Besuch der Insel Sipan &#8211; gut zu wissen<\/b><\/h2>\n<p><strong>Unterkunft auf der Insel Sipan<\/strong> finden Sie sowohl in Sudurad als auch in Sipanska Luka. Wenn Sie in einem Hotel \u00fcbernachten m\u00f6chten, k\u00f6nnen Sie zwischen dem <strong>Hotel Bozica in Sudurad<\/strong> und dem Hotel Sipan in Sipanska Luka w\u00e4hlen. Alternativ stehen Ihnen mehrere private Apartments und einige Ferienh\u00e4user zur Auswahl.<\/p>\n<p>Obwohl die Insel Sipan <strong>eine lange Geschichte als bewohnte Insel<\/strong> hat, gibt es nicht viele bedeutende Sehensw\u00fcrdigkeiten, aber was Sie sehen k\u00f6nnen, ist <strong>der Sko\u010dibuha Palast<\/strong>. Andere Dinge, die Sie w\u00e4hrend Ihres Aufenthalts tun k\u00f6nnen, sind <strong>Wandern rund um die Insel<\/strong>, es gibt mehrere markierte Wanderwege. Vergessen Sie auch nicht, das <a href=\"https:\/\/www.bowa-dubrovnik.com\/\">Restaurant Bowa<\/a> zu besuchen, dass ein einzigartiges Erlebnis ist.<\/p>\n<p>In Bezug auf die Str\u00e4nde haben Sie <strong>viele M\u00f6glichkeiten rund um die Insel<\/strong>, von den beliebtesten in Sudurad und Sipanska Luka bis zu Str\u00e4nden an abgelegeneren und schwer erreichbaren Orten. Fragen Sie die Einheimischen dort um Rat.<\/p>\n<p>Einkaufen ist sowohl in Sipanska Luka als auch in Sudurad m\u00f6glich. In beiden D\u00f6rfern gibt es auch viele Caf\u00e9s und Restaurants.<strong> TIPP:<\/strong> Da die Mehrheit der Menschen auf der Insel Sipan Fischer sind, ist es keine schlechte Idee, <strong>Fisch zu essen<\/strong>.<\/p>\n<p>Sie k\u00f6nnen <strong>die Insel Sipan von Dubrovnik aus auf einem Tagesausflug besuchen<\/strong>. Sie k\u00f6nnen dies entweder selbst arrangieren oder an einem der von Dubrovnik angebotenen Ausfl\u00fcge teilnehmen. Am billigsten ist es, es selbst zu arrangieren.<\/p>\n<h2><b>Anreise zur Insel Sipan<\/b><\/h2>\n<p>Sowohl Sudurad als auch Sipanska luka sind Hafend\u00f6rfer, <strong>Sudurad ist der Haupthafen<\/strong> und \u00fcber die folgenden F\u00e4hrverbindungen mit dem Festland verbunden<\/p>\n<p><strong>Autof\u00e4hre 831:<\/strong> Dubrovnik &#8211; Lopud &#8211; \u0160u\u0111ura\u0111<\/p>\n<p><strong>Passagierschiff Route 807:<\/strong> Dubrovnik &#8211; Kolo\u010dep &#8211; Lopud &#8211; \u0160ipan<\/p>\n<p>Beide Strecken <strong>verkehren das ganze Jahr \u00fcber<\/strong>, im Juni, Juli, August und September f\u00e4hrt die Autof\u00e4hre bis zu 2 Mal t\u00e4glich und das Passagierschiff <strong>bis zu 4 Mal t\u00e4glich<\/strong>. Im restlichen Jahr gibt es bis zu 5 t\u00e4gliche Verbindungen von Dubrovnik aus. Weitere Informationen zu den Fahrpl\u00e4nen finden Sie hier:<\/p>\n\n\n<figure class=\"wp-block-table\"><table><tbody><tr><td class=\"has-text-align-center\" data-align=\"center\"><a href=\"https:\/\/www.ferrycroatia.com\/de\/dubrovnik-sudurad\/\" title=\"Dubrovnik \u2192 Sudurad F\u00e4hre\"> Dubrovnik &#8211; Sudurad<\/a><\/td><td class=\"has-text-align-center\" data-align=\"center\"><a href=\"https:\/\/www.ferrycroatia.com\/de\/lopud-sudurad\/\" title=\"Lopud \u2192 Sudurad\"> Lopud &#8211; Sudurad <\/a><\/td><td class=\"has-text-align-center\" data-align=\"center\"><a href=\"https:\/\/www.ferrycroatia.com\/de\/kolocep-sudurad\/\" title=\"Kolocep \u2192 Sudurad\"> Kolocep &#8211; Sudurad<\/a><\/td><\/tr><tr><td class=\"has-text-align-center\" data-align=\"center\"><a href=\"https:\/\/www.ferrycroatia.com\/de\/sudurad-dubrovnik\/\" title=\"Sudurad \u2192 Dubrovnik F\u00e4hre\"> Sudurad &#8211; Dubrovnik<\/a><\/td><td class=\"has-text-align-center\" data-align=\"center\"><a href=\"https:\/\/www.ferrycroatia.com\/de\/sudurad-lopud\/\" title=\"Sudurad \u2192 Lopud\"> Sudurad &#8211; Lopud<\/a><\/td><td class=\"has-text-align-center\" data-align=\"center\"><a href=\"https:\/\/www.ferrycroatia.com\/de\/sudurad-kolocep\/\" title=\"Sudurad \u2192 Kolocep\"> Sudurad &#8211; Kolocep<\/a><\/td><\/tr><\/tbody><\/table><\/figure>\n\n\n<p>Die <strong>F\u00e4hrverbindung nach Sipanska Luka<\/strong> ist eine schnelle F\u00e4hre \/ Katamaran, die von der <a href=\"https:\/\/www.ferrycroatia.com\/de\/gv-line\/\">G &amp; V-Linie<\/a> betrieben wird. Der Katamaran<strong> segelt das ganze Jahr \u00fcber<\/strong>. Den Fahrplan f\u00fcr die Reisem\u00f6glichkeiten von Sipanska Luka finden Sie hier:<\/p>\n\n\n<figure class=\"wp-block-table\"><table><tbody><tr><td class=\"has-text-align-center\" data-align=\"center\"><a href=\"https:\/\/www.ferrycroatia.com\/de\/sipanska-luka-dubrovnik\/\" title=\"Sipanska Luka \u2192 Dubrovnik\">Dubrovnik &#8211; Sipanska Luka<\/a><\/td><td class=\"has-text-align-center\" data-align=\"center\"><a href=\"https:\/\/www.ferrycroatia.com\/de\/sobra-sipanska-luka\/\" title=\"Sobra \u2192 Sipanska Luka\">Mljet &#8211; Sipanska Luka<\/a><\/td><\/tr><tr><td class=\"has-text-align-center\" data-align=\"center\"><a href=\"https:\/\/www.ferrycroatia.com\/de\/sipanska-luka-dubrovnik\/\" title=\"Sipanska Luka \u2192 Dubrovnik\">Sipanska Luka &#8211; Dubrovnik<\/a><\/td><td class=\"has-text-align-center\" data-align=\"center\"><a href=\"https:\/\/www.ferrycroatia.com\/de\/sipanska-luka-sobra\/\" title=\"Sipanska Luka \u2192 Sobra Katamaran\">Sipanska Luka &#8211; Mljet<\/a><\/td><\/tr><\/tbody><\/table><\/figure>\n","protected":false},"excerpt":{"rendered":"<p>Die Insel Sipan ist die gr\u00f6\u00dfte der 3 Elaphiten Inseln n\u00f6rdlich von Dubrovnik. Die etwa 16 km2 gro\u00dfe Insel hat eine ganzj\u00e4hrige Bev\u00f6lkerung von etwa 400 Menschen. Im Sommer leben mehr Menschen auf der Insel, aber es ist Auf keinen Fall \u00fcberf\u00fcllt. Wenn Sie also nach einem ruhigen Ort suchen, ist Island Sipan mit Sicherheit [&hellip;]<\/p>\n<p><a class=\"more-link\" href=\"https:\/\/www.ferrycroatia.com\/de\/insel-sipan\/\"> Continue reading&#8230;<\/a><\/p>\n","protected":false},"author":5,"featured_media":0,"parent":0,"menu_order":0,"comment_status":"closed","ping_status":"closed","template":"","meta":[],"yoast_head":"<!-- This site is optimized with the Yoast SEO plugin v19.8 - https:\/\/yoast.com\/wordpress\/plugins\/seo\/ -->\n<title>Insel Sipan, die gr\u00f6\u00dfte Elaphiten Insel in der N\u00e4he von Dubrovnik<\/title>\n<meta name=\"robots\" content=\"index, follow, max-snippet:-1, max-image-preview:large, max-video-preview:-1\" \/>\n<link rel=\"canonical\" href=\"https:\/\/www.ferrycroatia.com\/de\/insel-sipan\/\" \/>\n<meta property=\"og:locale\" content=\"en_US\" \/>\n<meta property=\"og:type\" content=\"article\" \/>\n<meta property=\"og:title\" content=\"Insel Sipan, die gr\u00f6\u00dfte Elaphiten Insel in der N\u00e4he von Dubrovnik\" \/>\n<meta property=\"og:description\" content=\"Die Insel Sipan ist die gr\u00f6\u00dfte der 3 Elaphiten Inseln n\u00f6rdlich von Dubrovnik. Die etwa 16 km2 gro\u00dfe Insel hat eine ganzj\u00e4hrige Bev\u00f6lkerung von etwa 400 Menschen. Im Sommer leben mehr Menschen auf der Insel, aber es ist Auf keinen Fall \u00fcberf\u00fcllt. Wenn Sie also nach einem ruhigen Ort suchen, ist Island Sipan mit Sicherheit [&hellip;] Continue reading...\" \/>\n<meta property=\"og:url\" content=\"https:\/\/www.ferrycroatia.com\/de\/insel-sipan\/\" \/>\n<meta property=\"og:site_name\" content=\"F\u00e4hre Kroatien\" \/>\n<meta property=\"article:modified_time\" content=\"2021-02-09T07:50:18+00:00\" \/>\n<meta name=\"twitter:card\" content=\"summary_large_image\" \/>\n<meta name=\"twitter:label1\" content=\"Est. reading time\" \/>\n\t<meta name=\"twitter:data1\" content=\"3 minutes\" \/>\n<script type=\"application\/ld+json\" class=\"yoast-schema-graph\">{\"@context\":\"https:\/\/schema.org\",\"@graph\":[{\"@type\":\"WebPage\",\"@id\":\"https:\/\/www.ferrycroatia.com\/de\/insel-sipan\/\",\"url\":\"https:\/\/www.ferrycroatia.com\/de\/insel-sipan\/\",\"name\":\"Insel Sipan, die gr\u00f6\u00dfte Elaphiten Insel in der N\u00e4he von Dubrovnik\",\"isPartOf\":{\"@id\":\"https:\/\/www.ferrycroatia.com\/de\/#website\"},\"datePublished\":\"2021-02-01T11:07:08+00:00\",\"dateModified\":\"2021-02-09T07:50:18+00:00\",\"breadcrumb\":{\"@id\":\"https:\/\/www.ferrycroatia.com\/de\/insel-sipan\/#breadcrumb\"},\"inLanguage\":\"en-US\",\"potentialAction\":[{\"@type\":\"ReadAction\",\"target\":[\"https:\/\/www.ferrycroatia.com\/de\/insel-sipan\/\"]}]},{\"@type\":\"BreadcrumbList\",\"@id\":\"https:\/\/www.ferrycroatia.com\/de\/insel-sipan\/#breadcrumb\",\"itemListElement\":[{\"@type\":\"ListItem\",\"position\":1,\"name\":\"Home\",\"item\":\"https:\/\/www.ferrycroatia.com\/de\/\"},{\"@type\":\"ListItem\",\"position\":2,\"name\":\"Insel Sipan\"}]},{\"@type\":\"WebSite\",\"@id\":\"https:\/\/www.ferrycroatia.com\/de\/#website\",\"url\":\"https:\/\/www.ferrycroatia.com\/de\/\",\"name\":\"F\u00e4hre Kroatien\",\"description\":\"Info und Fahrpl\u00e4ne f\u00fcr alle Katamarane und F\u00e4hren in Kroatien\",\"potentialAction\":[{\"@type\":\"SearchAction\",\"target\":{\"@type\":\"EntryPoint\",\"urlTemplate\":\"https:\/\/www.ferrycroatia.com\/de\/?s={search_term_string}\"},\"query-input\":\"required name=search_term_string\"}],\"inLanguage\":\"en-US\"}]}<\/script>\n<!-- \/ Yoast SEO plugin. -->","yoast_head_json":{"title":"Insel Sipan, die gr\u00f6\u00dfte Elaphiten Insel in der N\u00e4he von Dubrovnik","robots":{"index":"index","follow":"follow","max-snippet":"max-snippet:-1","max-image-preview":"max-image-preview:large","max-video-preview":"max-video-preview:-1"},"canonical":"https:\/\/www.ferrycroatia.com\/de\/insel-sipan\/","og_locale":"en_US","og_type":"article","og_title":"Insel Sipan, die gr\u00f6\u00dfte Elaphiten Insel in der N\u00e4he von Dubrovnik","og_description":"Die Insel Sipan ist die gr\u00f6\u00dfte der 3 Elaphiten Inseln n\u00f6rdlich von Dubrovnik. Die etwa 16 km2 gro\u00dfe Insel hat eine ganzj\u00e4hrige Bev\u00f6lkerung von etwa 400 Menschen. Im Sommer leben mehr Menschen auf der Insel, aber es ist Auf keinen Fall \u00fcberf\u00fcllt. Wenn Sie also nach einem ruhigen Ort suchen, ist Island Sipan mit Sicherheit [&hellip;] Continue reading...","og_url":"https:\/\/www.ferrycroatia.com\/de\/insel-sipan\/","og_site_name":"F\u00e4hre Kroatien","article_modified_time":"2021-02-09T07:50:18+00:00","twitter_card":"summary_large_image","twitter_misc":{"Est. reading time":"3 minutes"},"schema":{"@context":"https:\/\/schema.org","@graph":[{"@type":"WebPage","@id":"https:\/\/www.ferrycroatia.com\/de\/insel-sipan\/","url":"https:\/\/www.ferrycroatia.com\/de\/insel-sipan\/","name":"Insel Sipan, die gr\u00f6\u00dfte Elaphiten Insel in der N\u00e4he von Dubrovnik","isPartOf":{"@id":"https:\/\/www.ferrycroatia.com\/de\/#website"},"datePublished":"2021-02-01T11:07:08+00:00","dateModified":"2021-02-09T07:50:18+00:00","breadcrumb":{"@id":"https:\/\/www.ferrycroatia.com\/de\/insel-sipan\/#breadcrumb"},"inLanguage":"en-US","potentialAction":[{"@type":"ReadAction","target":["https:\/\/www.ferrycroatia.com\/de\/insel-sipan\/"]}]},{"@type":"BreadcrumbList","@id":"https:\/\/www.ferrycroatia.com\/de\/insel-sipan\/#breadcrumb","itemListElement":[{"@type":"ListItem","position":1,"name":"Home","item":"https:\/\/www.ferrycroatia.com\/de\/"},{"@type":"ListItem","position":2,"name":"Insel Sipan"}]},{"@type":"WebSite","@id":"https:\/\/www.ferrycroatia.com\/de\/#website","url":"https:\/\/www.ferrycroatia.com\/de\/","name":"F\u00e4hre Kroatien","description":"Info und Fahrpl\u00e4ne f\u00fcr alle Katamarane und F\u00e4hren in Kroatien","potentialAction":[{"@type":"SearchAction","target":{"@type":"EntryPoint","urlTemplate":"https:\/\/www.ferrycroatia.com\/de\/?s={search_term_string}"},"query-input":"required name=search_term_string"}],"inLanguage":"en-US"}]}},"_links":{"self":[{"href":"https:\/\/www.ferrycroatia.com\/de\/wp-json\/wp\/v2\/pages\/1018"}],"collection":[{"href":"https:\/\/www.ferrycroatia.com\/de\/wp-json\/wp\/v2\/pages"}],"about":[{"href":"https:\/\/www.ferrycroatia.com\/de\/wp-json\/wp\/v2\/types\/page"}],"author":[{"embeddable":true,"href":"https:\/\/www.ferrycroatia.com\/de\/wp-json\/wp\/v2\/users\/5"}],"replies":[{"embeddable":true,"href":"https:\/\/www.ferrycroatia.com\/de\/wp-json\/wp\/v2\/comments?post=1018"}],"version-history":[{"count":2,"href":"https:\/\/www.ferrycroatia.com\/de\/wp-json\/wp\/v2\/pages\/1018\/revisions"}],"predecessor-version":[{"id":1535,"href":"https:\/\/www.ferrycroatia.com\/de\/wp-json\/wp\/v2\/pages\/1018\/revisions\/1535"}],"wp:attachment":[{"href":"https:\/\/www.ferrycroatia.com\/de\/wp-json\/wp\/v2\/media?parent=1018"}],"curies":[{"name":"wp","href":"https:\/\/api.w.org\/{rel}","templated":true}]}}