{"id":1084,"date":"2021-02-02T11:45:02","date_gmt":"2021-02-02T11:45:02","guid":{"rendered":"https:\/\/ferrycroatia.com\/de\/?page_id=1084"},"modified":"2021-02-11T08:57:40","modified_gmt":"2021-02-11T08:57:40","slug":"fahre-italien-kroatien","status":"publish","type":"page","link":"https:\/\/www.ferrycroatia.com\/de\/fahre-italien-kroatien\/","title":{"rendered":"F\u00e4hre von Italien nach Kroatien"},"content":{"rendered":"<p>Obwohl<strong> Italien und Kroatien fast durch eine Landgrenze in der nord\u00f6stlichen Ecke der Adria verbunden sind<\/strong>, ist die <strong>Fahrt mit einer F\u00e4hre<\/strong> zwischen den L\u00e4ndern in den meisten F\u00e4llen<strong> sowohl schneller als auch billiger.<\/strong> Die meisten F\u00e4hrverbindungen zwischen den L\u00e4ndern verkehren nur w\u00e4hrend der Sommersaison, die normalerweise Mai, Juni, Juli, August, September und einen Teil im Oktober umfasst. Es gibt jedoch auch <strong>F\u00e4hrverbindungen von Italien nach Kroatien,<\/strong> die das ganze Jahr \u00fcber verkehren.<\/p>\n<div id=\"ez-toc-container\" class=\"ez-toc-v2_0_62 counter-hierarchy ez-toc-counter ez-toc-custom ez-toc-container-direction\">\n<div class=\"ez-toc-title-container\">\n<p class=\"ez-toc-title \" >Table of Contents<\/p>\n<span class=\"ez-toc-title-toggle\"><a href=\"#\" class=\"ez-toc-pull-right ez-toc-btn ez-toc-btn-xs ez-toc-btn-default ez-toc-toggle\" aria-label=\"Toggle Table of Content\"><span class=\"ez-toc-js-icon-con\"><span class=\"\"><span class=\"eztoc-hide\" style=\"display:none;\">Toggle<\/span><span class=\"ez-toc-icon-toggle-span\"><svg style=\"fill: #070c63;color:#070c63\" xmlns=\"http:\/\/www.w3.org\/2000\/svg\" class=\"list-377408\" width=\"20px\" height=\"20px\" viewBox=\"0 0 24 24\" fill=\"none\"><path d=\"M6 6H4v2h2V6zm14 0H8v2h12V6zM4 11h2v2H4v-2zm16 0H8v2h12v-2zM4 16h2v2H4v-2zm16 0H8v2h12v-2z\" fill=\"currentColor\"><\/path><\/svg><svg style=\"fill: #070c63;color:#070c63\" class=\"arrow-unsorted-368013\" xmlns=\"http:\/\/www.w3.org\/2000\/svg\" width=\"10px\" height=\"10px\" viewBox=\"0 0 24 24\" version=\"1.2\" baseProfile=\"tiny\"><path d=\"M18.2 9.3l-6.2-6.3-6.2 6.3c-.2.2-.3.4-.3.7s.1.5.3.7c.2.2.4.3.7.3h11c.3 0 .5-.1.7-.3.2-.2.3-.5.3-.7s-.1-.5-.3-.7zM5.8 14.7l6.2 6.3 6.2-6.3c.2-.2.3-.5.3-.7s-.1-.5-.3-.7c-.2-.2-.4-.3-.7-.3h-11c-.3 0-.5.1-.7.3-.2.2-.3.5-.3.7s.1.5.3.7z\"\/><\/svg><\/span><\/span><\/span><\/a><\/span><\/div>\n<nav><ul class='ez-toc-list ez-toc-list-level-1 eztoc-toggle-hide-by-default' ><li class='ez-toc-page-1 ez-toc-heading-level-2'><a class=\"ez-toc-link ez-toc-heading-1\" href=\"https:\/\/www.ferrycroatia.com\/de\/fahre-italien-kroatien\/#Autofahre_Italien_nach_Kroatien\" title=\"Autof\u00e4hre Italien nach Kroatien\">Autof\u00e4hre Italien nach Kroatien<\/a><\/li><li class='ez-toc-page-1 ez-toc-heading-level-2'><a class=\"ez-toc-link ez-toc-heading-2\" href=\"https:\/\/www.ferrycroatia.com\/de\/fahre-italien-kroatien\/#Italienische_Hafen_mit_Fahren_nach_Kroatien\" title=\"Italienische H\u00e4fen mit F\u00e4hren nach Kroatien\">Italienische H\u00e4fen mit F\u00e4hren nach Kroatien<\/a><ul class='ez-toc-list-level-3' ><li class='ez-toc-heading-level-3'><a class=\"ez-toc-link ez-toc-heading-3\" href=\"https:\/\/www.ferrycroatia.com\/de\/fahre-italien-kroatien\/#Triest\" title=\"Triest:\">Triest:<\/a><\/li><li class='ez-toc-page-1 ez-toc-heading-level-3'><a class=\"ez-toc-link ez-toc-heading-4\" href=\"https:\/\/www.ferrycroatia.com\/de\/fahre-italien-kroatien\/#Venedig\" title=\"Venedig:\">Venedig:<\/a><\/li><li class='ez-toc-page-1 ez-toc-heading-level-3'><a class=\"ez-toc-link ez-toc-heading-5\" href=\"https:\/\/www.ferrycroatia.com\/de\/fahre-italien-kroatien\/#Cesenatico\" title=\"Cesenatico:\">Cesenatico:<\/a><\/li><li class='ez-toc-page-1 ez-toc-heading-level-3'><a class=\"ez-toc-link ez-toc-heading-6\" href=\"https:\/\/www.ferrycroatia.com\/de\/fahre-italien-kroatien\/#Pesaro\" title=\"Pesaro:\">Pesaro:<\/a><\/li><li class='ez-toc-page-1 ez-toc-heading-level-3'><a class=\"ez-toc-link ez-toc-heading-7\" href=\"https:\/\/www.ferrycroatia.com\/de\/fahre-italien-kroatien\/#Ancona\" title=\"Ancona:\">Ancona:<\/a><\/li><li class='ez-toc-page-1 ez-toc-heading-level-3'><a class=\"ez-toc-link ez-toc-heading-8\" href=\"https:\/\/www.ferrycroatia.com\/de\/fahre-italien-kroatien\/#Civitanova_Marche\" title=\"Civitanova Marche:\">Civitanova Marche:<\/a><\/li><li class='ez-toc-page-1 ez-toc-heading-level-3'><a class=\"ez-toc-link ez-toc-heading-9\" href=\"https:\/\/www.ferrycroatia.com\/de\/fahre-italien-kroatien\/#Pescara\" title=\"Pescara:\">Pescara:<\/a><\/li><li class='ez-toc-page-1 ez-toc-heading-level-3'><a class=\"ez-toc-link ez-toc-heading-10\" href=\"https:\/\/www.ferrycroatia.com\/de\/fahre-italien-kroatien\/#Termoli\" title=\"Termoli:\">Termoli:<\/a><\/li><li class='ez-toc-page-1 ez-toc-heading-level-3'><a class=\"ez-toc-link ez-toc-heading-11\" href=\"https:\/\/www.ferrycroatia.com\/de\/fahre-italien-kroatien\/#Bari\" title=\"Bari:\">Bari:<\/a><\/li><\/ul><\/li><li class='ez-toc-page-1 ez-toc-heading-level-2'><a class=\"ez-toc-link ez-toc-heading-12\" href=\"https:\/\/www.ferrycroatia.com\/de\/fahre-italien-kroatien\/#Ticketpreise_der_Fahre_Italien_nach_Kroatien\" title=\"Ticketpreise der F\u00e4hre Italien nach Kroatien\">Ticketpreise der F\u00e4hre Italien nach Kroatien<\/a><\/li><li class='ez-toc-page-1 ez-toc-heading-level-2'><a class=\"ez-toc-link ez-toc-heading-13\" href=\"https:\/\/www.ferrycroatia.com\/de\/fahre-italien-kroatien\/#Alternativen_zur_Fahre_Italien_nach_Kroatien\" title=\"Alternativen zur F\u00e4hre Italien nach Kroatien\">Alternativen zur F\u00e4hre Italien nach Kroatien<\/a><\/li><li class='ez-toc-page-1 ez-toc-heading-level-2'><a class=\"ez-toc-link ez-toc-heading-14\" href=\"https:\/\/www.ferrycroatia.com\/de\/fahre-italien-kroatien\/#Karte_der_Fahren_Italien_nach_Kroatien\" title=\"Karte der F\u00e4hren Italien nach Kroatien\">Karte der F\u00e4hren Italien nach Kroatien<\/a><\/li><\/ul><\/nav><\/div>\n<h2><span class=\"ez-toc-section\" id=\"Autofahre_Italien_nach_Kroatien\"><\/span><b>Autof\u00e4hre Italien nach Kroatien<\/b><span class=\"ez-toc-section-end\"><\/span><\/h2>\n<p>Wenn Sie <strong>mit dem Auto anreisen,<\/strong> gibt es<strong> 3 m\u00f6gliche Reiserouten:<\/strong> <a href=\"https:\/\/www.ferrycroatia.com\/de\/bari-dubrovnik\/\">Bari nach Dubrovnik<\/a>, <a href=\"https:\/\/www.ferrycroatia.com\/de\/ancona-zadar\/\">Ancona nach Zadar<\/a> oder <a href=\"https:\/\/www.ferrycroatia.com\/de\/ancona-split\/\">Ancona nach Split<\/a>. Diese Autof\u00e4hre f\u00e4hrt das ganze Jahr \u00fcber, in der Wintersaison zweimal pro Woche in der Sommersaison 4 oder mehr mal pro Woche. Alle drei werden <strong><a href=\"https:\/\/www.ferrycroatia.com\/de\/jadrolinija\/\">von Jadrolinija betrieben<\/a>,<\/strong> die Strecke Ancona nach Split wird w\u00e4hrend der Sommersaison auch <a href=\"https:\/\/www.ferrycroatia.com\/de\/snav\/\"><strong>von SNAV betrieben<\/strong><\/a>. Einige Jahre hat SNAV eine <strong>traditionelle Autof\u00e4hre<\/strong> f\u00fcr die Strecke verwendet, andere Jahre haben sie die Strecke mit einer Schnellf\u00e4hre betrieben.<\/p>\n<h2><span class=\"ez-toc-section\" id=\"Italienische_Hafen_mit_Fahren_nach_Kroatien\"><\/span><b>Italienische H\u00e4fen mit F\u00e4hren nach Kroatien<\/b><span class=\"ez-toc-section-end\"><\/span><\/h2>\n<h3><span class=\"ez-toc-section\" id=\"Triest\"><\/span><b>Triest:<\/b><span class=\"ez-toc-section-end\"><\/span><\/h3>\n<p>Die Firma Triestelines betrieb fr\u00fcher eine <strong>Schnellf\u00e4hrverbindung<\/strong> von Triest nach Porec, Rovinj und Pula. Die Strecken wurden nun <strong>von Libertylines \u00fcbernommen,<\/strong> die die folgenden Strecken ab 2020 betreiben sollte:<\/p>\n\n\n<figure class=\"wp-block-table\"><table><tbody><tr><td class=\"has-text-align-center\" data-align=\"center\"><a href=\"https:\/\/www.ferrycroatia.com\/de\/triest-rovinj\/\" title=\"Triest \u2192 Rovinj\">Triest &#8211; Rovinj<\/a><\/td><td class=\"has-text-align-center\" data-align=\"center\"><a href=\"https:\/\/www.ferrycroatia.com\/de\/triest-porec\/\" title=\"Triest \u2192 Porec\">Triest &#8211; Porec<\/a><\/td><td class=\"has-text-align-center\" data-align=\"center\"><a href=\"https:\/\/www.ferrycroatia.com\/de\/triest-pula\/\" title=\"Triest \u2192 Pula\">Triest &#8211; Pula<\/a><\/td><\/tr><tr><td class=\"has-text-align-center\" data-align=\"center\"><a href=\"https:\/\/www.ferrycroatia.com\/de\/rovinj-triest\/\" title=\"Rovinj \u2192 Triest\">Rovinj &#8211; Triest<\/a><\/td><td class=\"has-text-align-center\" data-align=\"center\"><a href=\"https:\/\/www.ferrycroatia.com\/de\/porec-triest\/\" title=\"Porec \u2192 Triest\">Porec &#8211; Triest<\/a><\/td><td class=\"has-text-align-center\" data-align=\"center\"><a href=\"https:\/\/www.ferrycroatia.com\/de\/pula-triest\/\" title=\"Pula \u2192 Triest\">Pula &#8211; Triest<\/a><\/td><\/tr><\/tbody><\/table><\/figure>\n\n\n<h3><span class=\"ez-toc-section\" id=\"Venedig\"><\/span><b>Venedig:<\/b><span class=\"ez-toc-section-end\"><\/span><\/h3>\n<p>Der Hafen in Venedig ist einer der wichtigsten H\u00e4fen f\u00fcr Reisen zwischen Italien und Kroatien. Mehrere Unternehmen betreiben F\u00e4hr- \/ Katamaran-Verbindungen von der historischen Stadt zu St\u00e4dten in Istrien und zur Insel Losinj. Die verf\u00fcgbaren Verbindungen \u00e4ndern sich jedoch normalerweise von Jahr zu Jahr. Die folgenden sind jedes Jahr verf\u00fcgbar.<\/p>\n\n\n<figure class=\"wp-block-table\"><table><tbody><tr><td class=\"has-text-align-center\" data-align=\"center\"><a href=\"https:\/\/www.ferrycroatia.com\/de\/venedig-rovinj\/\" title=\"Venedig \u2192 Rovinj\">Venedig &#8211; Rovinj<\/a><\/td><td class=\"has-text-align-center\" data-align=\"center\"><a href=\"https:\/\/www.ferrycroatia.com\/de\/venedig-porec\/\" title=\"Venedig \u2192 Porec\">Venedig &#8211; Porec<\/a><\/td><td class=\"has-text-align-center\" data-align=\"center\"><a href=\"https:\/\/www.ferrycroatia.com\/de\/venedig-pula\/\" title=\"Venedig \u2192 Pula\">Venedig &#8211; Pula<\/a><\/td><\/tr><tr><td class=\"has-text-align-center\" data-align=\"center\"><a href=\"https:\/\/www.ferrycroatia.com\/de\/rovinj-venedig\/\" title=\"Rovinj \u2192 Venedig\">Rovinj &#8211; Venedig<\/a><\/td><td class=\"has-text-align-center\" data-align=\"center\"><a href=\"https:\/\/www.ferrycroatia.com\/de\/porec-venedig\/\" title=\"Porec \u2192 Venedig\">Porec &#8211; Venedig<\/a><\/td><td class=\"has-text-align-center\" data-align=\"center\"><a href=\"https:\/\/www.ferrycroatia.com\/de\/pula-venedig\/\" title=\"Pula \u2192 Venedig\">Pula &#8211; Venedig<\/a><\/td><\/tr><\/tbody><\/table><\/figure>\n\n\n<h3><span class=\"ez-toc-section\" id=\"Cesenatico\"><\/span><b>Cesenatico:<\/b><span class=\"ez-toc-section-end\"><\/span><\/h3>\n<p>Im letzten Jahr hat die F\u00e4hrgesellschaft Gomo Viaggio eine Sommerroute zwischen Cesenatico und den St\u00e4dten in Istrien und Kvarner betrieben. Aufgrund des Coronavirus wurde diese Linie f\u00fcr 2020 gestrichen, sollte aber f\u00fcr die Saison 2021 zur\u00fcckkehren.<\/p>\n\n\n<figure class=\"wp-block-table\"><table><tbody><tr><td class=\"has-text-align-center\" data-align=\"center\"><a href=\"https:\/\/www.ferrycroatia.com\/de\/cesenatico-rovinj\/\" title=\"Cesenatico \u2192 Rovinj Katamaran\">Cesenatico &#8211; Rovinj<\/a><\/td><td class=\"has-text-align-center\" data-align=\"center\"><a href=\"https:\/\/www.ferrycroatia.com\/de\/cesenatico-mali-losinj\/\" title=\"Cesenatico \u2192 Mali Losinj Katamaran\">Cesenatico &#8211; Mali Losinj<\/a><\/td><td class=\"has-text-align-center\" data-align=\"center\"><a href=\"https:\/\/www.ferrycroatia.com\/de\/cesenatico-rab\/\" title=\"Cesenatico \u2192 Rab Katamaran\">Cesenatico &#8211; Rab<\/a><\/td><td class=\"has-text-align-center\" data-align=\"center\"><a href=\"https:\/\/www.ferrycroatia.com\/de\/cesenatico-novalja\/\" title=\"Cesenatico \u2192 Novalja Katamaran\">Cesenatico &#8211; Novalja<\/a><\/td><\/tr><tr><td class=\"has-text-align-center\" data-align=\"center\"><a href=\"https:\/\/www.ferrycroatia.com\/de\/rovinj-cesenatico\/\" title=\"Rovinj \u2192 Cesenatico Katamaran\">Rovinj &#8211; Cesenatico<\/a><\/td><td class=\"has-text-align-center\" data-align=\"center\"><a href=\"https:\/\/www.ferrycroatia.com\/de\/mali-losinj-cesenatico\/\" title=\"Mali Losinj \u2192 Cesenatico Katamaran\">Mali Losinj &#8211; Cesenatico<\/a><\/td><td class=\"has-text-align-center\" data-align=\"center\"><a href=\"https:\/\/www.ferrycroatia.com\/de\/rab-cesenatico\/\" title=\"Rab \u2192 Cesenatico Katamaran\">Rab &#8211; Cesenatico<\/a><\/td><td class=\"has-text-align-center\" data-align=\"center\"><a href=\"https:\/\/www.ferrycroatia.com\/de\/novalja-cesenatico\/\" title=\"Novalja \u2192 Cesenatico Katamaran\">Novalja &#8211; Cesenatico<\/a><\/td><\/tr><\/tbody><\/table><\/figure>\n\n\n<h3><span class=\"ez-toc-section\" id=\"Pesaro\"><\/span><b>Pesaro:<\/b><span class=\"ez-toc-section-end\"><\/span><\/h3>\n<p>Die F\u00e4hrgesellschaft Gomo Viaggio bietet auch eine<strong> F\u00e4hrverbindung im Sommer von Pesaro<\/strong> nach Losinj, Pula, Rab, Novalja und Rovinj an. Auch diese Linien wurden <strong>wegen des Coronavirus f\u00fcr 2020 gestrichen<\/strong>, sollten aber f\u00fcr die Saison 2021 zur\u00fcckkehren.<\/p>\n<h3><span class=\"ez-toc-section\" id=\"Ancona\"><\/span><b>Ancona:<\/b><span class=\"ez-toc-section-end\"><\/span><\/h3>\n<p><strong>Ancona ist das wichtigste italienische See Tor nach Kroatien<\/strong>. Wie oben erw\u00e4hnt, verkehren von hier aus zwei von<strong> drei ganzj\u00e4hrigen Autof\u00e4hrverbindungen.<\/strong> Die F\u00e4hre von <a href=\"https:\/\/www.ferrycroatia.com\/de\/zadar-ancona\/\">Zadar nach Ancona<\/a>, ist sowohl f\u00fcr Passagiere die in den mittleren und n\u00f6rdlichen Teil Kroatiens als auch f\u00fcr Passagiere die in den n\u00f6rdlichen Teil von Bosnien Reisen, optimal. Die F\u00e4hre von <a href=\"https:\/\/www.ferrycroatia.com\/de\/ancona-split\/\">Ancona nach Split<\/a> ist <strong>optimal, wenn Sie nach Dalmatien<\/strong> oder nach Orten wie Sarajevo, Mostar oder Medjugorje in Bosnien und Herzegowina <strong>reisen<\/strong>.<\/p>\n<h3><span class=\"ez-toc-section\" id=\"Civitanova_Marche\"><\/span><b>Civitanova Marche:<\/b><span class=\"ez-toc-section-end\"><\/span><\/h3>\n<p>Von Civitanova Marche aus gab es fr\u00fcher eine F\u00e4hrverbindung nach Split, die von Gomo Viaggio betrieben wurde. Derzeit wurde die Route jedoch eingestellt.<\/p>\n<h3><span class=\"ez-toc-section\" id=\"Pescara\"><\/span><b>Pescara:<\/b><span class=\"ez-toc-section-end\"><\/span><\/h3>\n<p>Die <strong>Firma SNAV<\/strong> betrieb mehrere Jahre eine Sommerverbindung <strong>zwischen Pescara und Hvar und Split<\/strong>, derzeit betreibt die Firma diese Route nicht.<\/p>\n<h3><span class=\"ez-toc-section\" id=\"Termoli\"><\/span><b>Termoli:<\/b><span class=\"ez-toc-section-end\"><\/span><\/h3>\n<p>Vor einigen Jahren startete das Reiseunternehmen GSTravel eine <strong>F\u00e4hrstrecke zwischen Termoli und Ploce<\/strong> in Kroatien. Die Strecke mit einer Segelzeit von nur 4,5 Stunden war eine gro\u00dfartige M\u00f6glichkeit, von Italien in den s\u00fcdlichen Teil Kroatiens zu gelangen. F\u00fcr 2020 wird die Route nicht betrieben und es ist nicht klar, ob sie 2021 zur\u00fcck sein wird.<\/p>\n<h3><span class=\"ez-toc-section\" id=\"Bari\"><\/span><b>Bari:<\/b><span class=\"ez-toc-section-end\"><\/span><\/h3>\n<p>Der s\u00fcdlichste italienische Hafen mit<strong> F\u00e4hrverbindung nach Kroatien,<\/strong> wie oben erw\u00e4hnt, besteht eine ganzj\u00e4hrige Autof\u00e4hre zwischen <a href=\"https:\/\/www.ferrycroatia.com\/de\/bari-dubrovnik\/\">Bari und Dubrovnik<\/a>. Die F\u00e4hrverbindung wird von Jadrolinija betrieben.<\/p>\n<h2><span class=\"ez-toc-section\" id=\"Ticketpreise_der_Fahre_Italien_nach_Kroatien\"><\/span><b>Ticketpreise der F\u00e4hre Italien nach Kroatien<\/b><span class=\"ez-toc-section-end\"><\/span><\/h2>\n<p>Offensichtlich gibt es bei den <strong>vielen F\u00e4hrverbindungen<\/strong> viele unterschiedliche Preise. Die Sommerverbindungen mit den <strong>Fu\u00dfpassagierf\u00e4hren<\/strong> liegen normalerweise <strong>zwischen 70 und 110 Euro<\/strong> f\u00fcr eine Einzelfahrkarte f\u00fcr Erwachsene, manchmal gibt es Fr\u00fchbucher-Rabatt und andere Sonderangebote f\u00fcr vorausplanende Personen.<\/p>\n<p><strong>Tickets f\u00fcr die Autof\u00e4hren<\/strong> werden in der Wintersaison oft f\u00fcr nur 20 Euro oder weniger verkauft (Preis f\u00fcr einen Passagier ohne Fahrzeug), in der <strong>Sommersaison ist der Preis nat\u00fcrlich viel h\u00f6her,<\/strong> im Juli und August kann der Preis bis zu 800 Euro oder mehr f\u00fcr ein Fahrzeug und 4 Passagiere betragen, das ist nat\u00fcrlich eine Menge Geld, aber im Vergleich zu den <strong>Kosten und der Zeit f\u00fcr das Fahren um die Adria-Bucht<\/strong> ist dies gerechtfertigt. Im Allgemeinen ist eine vorausschauende Planung eine gute Idee, da die F\u00e4hrunternehmen h\u00e4ufig Kampagnen durchf\u00fchren.<\/p>\n<h2><span class=\"ez-toc-section\" id=\"Alternativen_zur_Fahre_Italien_nach_Kroatien\"><\/span><b>Alternativen zur F\u00e4hre Italien nach Kroatien<\/b><span class=\"ez-toc-section-end\"><\/span><\/h2>\n<p><strong>Eine Alternative zur F\u00e4hre ist mit einem Auto zwischen Italien und Kroatien zu fahren.<\/strong> Wenn Sie ein <strong>Kosten-Nutzen<\/strong> <strong>Auto gegen F\u00e4hre<\/strong> machen, denken Sie daran, die Kosten f\u00fcr die Stra\u00dfenbenutzungsgeb\u00fchr sowohl in Italien als auch in Kroatien zu ber\u00fccksichtigen. Wenn Sie in der Hauptsaison reisen, sollten Sie das Risiko ber\u00fccksichtigen, <strong>an der Grenze zwischen Slowenien und Kroatien warten zu m\u00fcssen.<\/strong><\/p>\n<p><strong>Reisen mit dem Bus von Italien nach Kroatien<\/strong> ist in der Tat eine Option, aber was Sie in Betracht ziehen sollten, wenn Sie sich im Norden Italiens befinden, gibt es <strong>einen Bus von <a href=\"https:\/\/getbybus.com\/de\/bus-venedig-nach-pula\">Venedig nach Pula<\/a> oder Zagreb<\/strong>. Wenn Sie von weiter westlich oder s\u00fcdlich in Italien reisen, m\u00fcssen Sie mindestens einmal den Bus wechseln. Aus preislicher Sicht ist ein <strong>Bus wahrscheinlich die billigste Art zu reisen.<\/strong><\/p>\n<p>Mit dem <strong>Zug von Italien nach Kroatien<\/strong> zu reisen ist<em> nicht m\u00f6glich<\/em>. Mit dem Zug erreichen Sie h\u00f6chstens Triest. Von dort aus k\u00f6nnen Sie mit dem Tragfl\u00fcgelboot nach Istrien oder mit dem Bus nach Zagreb oder Rijeka fahren.<\/p>\n<p><strong>Ein Flug zwischen Italien und Kroatien<\/strong> ist nat\u00fcrlich auch eine Option, aber haupts\u00e4chlich nur in der Sommersaison. Die <strong>Route Rom nach Split<\/strong> eine Ausnahme, die normalerweise mindestens einmal pro Woche das ganze Jahr \u00fcber verkehrt.<\/p>\n<h2><span class=\"ez-toc-section\" id=\"Karte_der_Fahren_Italien_nach_Kroatien\"><\/span><b>Karte der F\u00e4hren Italien nach Kroatien<\/b><span class=\"ez-toc-section-end\"><\/span><\/h2>\n<p>Unten sehen Sie eine Karte der <strong>F\u00e4hrverbindungen zwischen Italien und Kroatien.<\/strong> Im Men\u00fc auf der Karte k\u00f6nnen Sie ausw\u00e4hlen, ob Verbindungen, von zum Beispiel Venedig, angezeigt werden sollen, und Sie k\u00f6nnen andere F\u00e4hrh\u00e4fen deaktivieren. Wenn Sie <strong>den Fahrplan und den Betriebszeitraum<\/strong> f\u00fcr eine bestimmte Reisekombination anzeigen m\u00f6chten, k\u00f6nnen Sie das Suchformular oben auf der Website verwenden!<\/p>\n<p>Die mit<strong> lila und orange gekennzeichneten<\/strong> H\u00e4fen zeigen an, dass nur eine Passagierf\u00e4hre von \/ zu diesen H\u00e4fen f\u00e4hrt. Die mit <strong>dunkelrot und braun<\/strong> gekennzeichneten H\u00e4fen zeigen an, dass auch Autof\u00e4hre am Hafen abfahren.<\/p>\n\n\n<iframe loading=\"lazy\" src=\"https:\/\/www.google.com\/maps\/d\/u\/0\/embed?mid=1y6MNMsAq3IB4wH90Or91f4VWFz4vkwP9\" width=\"640\" height=\"480\"><\/iframe>\n","protected":false},"excerpt":{"rendered":"<p>Obwohl Italien und Kroatien fast durch eine Landgrenze in der nord\u00f6stlichen Ecke der Adria verbunden sind, ist die Fahrt mit einer F\u00e4hre zwischen den L\u00e4ndern in den meisten F\u00e4llen sowohl schneller als auch billiger. Die meisten F\u00e4hrverbindungen zwischen den L\u00e4ndern verkehren nur w\u00e4hrend der Sommersaison, die normalerweise Mai, Juni, Juli, August, September und einen Teil [&hellip;]<\/p>\n<p><a class=\"more-link\" href=\"https:\/\/www.ferrycroatia.com\/de\/fahre-italien-kroatien\/\"> Continue reading&#8230;<\/a><\/p>\n","protected":false},"author":5,"featured_media":0,"parent":0,"menu_order":0,"comment_status":"closed","ping_status":"closed","template":"","meta":[],"yoast_head":"<!-- This site is optimized with the Yoast SEO plugin v19.8 - https:\/\/yoast.com\/wordpress\/plugins\/seo\/ -->\n<title>F\u00e4hren Italien nach Kroatien, H\u00e4fen, Reiseoptionen und Fahrpl\u00e4ne<\/title>\n<meta name=\"robots\" content=\"index, follow, max-snippet:-1, max-image-preview:large, max-video-preview:-1\" \/>\n<link rel=\"canonical\" href=\"https:\/\/www.ferrycroatia.com\/de\/fahre-italien-kroatien\/\" \/>\n<meta property=\"og:locale\" content=\"en_US\" \/>\n<meta property=\"og:type\" content=\"article\" \/>\n<meta property=\"og:title\" content=\"F\u00e4hren Italien nach Kroatien, H\u00e4fen, Reiseoptionen und Fahrpl\u00e4ne\" \/>\n<meta property=\"og:description\" content=\"Obwohl Italien und Kroatien fast durch eine Landgrenze in der nord\u00f6stlichen Ecke der Adria verbunden sind, ist die Fahrt mit einer F\u00e4hre zwischen den L\u00e4ndern in den meisten F\u00e4llen sowohl schneller als auch billiger. Die meisten F\u00e4hrverbindungen zwischen den L\u00e4ndern verkehren nur w\u00e4hrend der Sommersaison, die normalerweise Mai, Juni, Juli, August, September und einen Teil [&hellip;] Continue reading...\" \/>\n<meta property=\"og:url\" content=\"https:\/\/www.ferrycroatia.com\/de\/fahre-italien-kroatien\/\" \/>\n<meta property=\"og:site_name\" content=\"F\u00e4hre Kroatien\" \/>\n<meta property=\"article:modified_time\" content=\"2021-02-11T08:57:40+00:00\" \/>\n<meta name=\"twitter:card\" content=\"summary_large_image\" \/>\n<meta name=\"twitter:label1\" content=\"Est. reading time\" \/>\n\t<meta name=\"twitter:data1\" content=\"6 minutes\" \/>\n<script type=\"application\/ld+json\" class=\"yoast-schema-graph\">{\"@context\":\"https:\/\/schema.org\",\"@graph\":[{\"@type\":\"WebPage\",\"@id\":\"https:\/\/www.ferrycroatia.com\/de\/fahre-italien-kroatien\/\",\"url\":\"https:\/\/www.ferrycroatia.com\/de\/fahre-italien-kroatien\/\",\"name\":\"F\u00e4hren Italien nach Kroatien, H\u00e4fen, Reiseoptionen und Fahrpl\u00e4ne\",\"isPartOf\":{\"@id\":\"https:\/\/www.ferrycroatia.com\/de\/#website\"},\"datePublished\":\"2021-02-02T11:45:02+00:00\",\"dateModified\":\"2021-02-11T08:57:40+00:00\",\"breadcrumb\":{\"@id\":\"https:\/\/www.ferrycroatia.com\/de\/fahre-italien-kroatien\/#breadcrumb\"},\"inLanguage\":\"en-US\",\"potentialAction\":[{\"@type\":\"ReadAction\",\"target\":[\"https:\/\/www.ferrycroatia.com\/de\/fahre-italien-kroatien\/\"]}]},{\"@type\":\"BreadcrumbList\",\"@id\":\"https:\/\/www.ferrycroatia.com\/de\/fahre-italien-kroatien\/#breadcrumb\",\"itemListElement\":[{\"@type\":\"ListItem\",\"position\":1,\"name\":\"Home\",\"item\":\"https:\/\/www.ferrycroatia.com\/de\/\"},{\"@type\":\"ListItem\",\"position\":2,\"name\":\"F\u00e4hre von Italien nach Kroatien\"}]},{\"@type\":\"WebSite\",\"@id\":\"https:\/\/www.ferrycroatia.com\/de\/#website\",\"url\":\"https:\/\/www.ferrycroatia.com\/de\/\",\"name\":\"F\u00e4hre Kroatien\",\"description\":\"Info und Fahrpl\u00e4ne f\u00fcr alle Katamarane und F\u00e4hren in Kroatien\",\"potentialAction\":[{\"@type\":\"SearchAction\",\"target\":{\"@type\":\"EntryPoint\",\"urlTemplate\":\"https:\/\/www.ferrycroatia.com\/de\/?s={search_term_string}\"},\"query-input\":\"required name=search_term_string\"}],\"inLanguage\":\"en-US\"}]}<\/script>\n<!-- \/ Yoast SEO plugin. -->","yoast_head_json":{"title":"F\u00e4hren Italien nach Kroatien, H\u00e4fen, Reiseoptionen und Fahrpl\u00e4ne","robots":{"index":"index","follow":"follow","max-snippet":"max-snippet:-1","max-image-preview":"max-image-preview:large","max-video-preview":"max-video-preview:-1"},"canonical":"https:\/\/www.ferrycroatia.com\/de\/fahre-italien-kroatien\/","og_locale":"en_US","og_type":"article","og_title":"F\u00e4hren Italien nach Kroatien, H\u00e4fen, Reiseoptionen und Fahrpl\u00e4ne","og_description":"Obwohl Italien und Kroatien fast durch eine Landgrenze in der nord\u00f6stlichen Ecke der Adria verbunden sind, ist die Fahrt mit einer F\u00e4hre zwischen den L\u00e4ndern in den meisten F\u00e4llen sowohl schneller als auch billiger. Die meisten F\u00e4hrverbindungen zwischen den L\u00e4ndern verkehren nur w\u00e4hrend der Sommersaison, die normalerweise Mai, Juni, Juli, August, September und einen Teil [&hellip;] Continue reading...","og_url":"https:\/\/www.ferrycroatia.com\/de\/fahre-italien-kroatien\/","og_site_name":"F\u00e4hre Kroatien","article_modified_time":"2021-02-11T08:57:40+00:00","twitter_card":"summary_large_image","twitter_misc":{"Est. reading time":"6 minutes"},"schema":{"@context":"https:\/\/schema.org","@graph":[{"@type":"WebPage","@id":"https:\/\/www.ferrycroatia.com\/de\/fahre-italien-kroatien\/","url":"https:\/\/www.ferrycroatia.com\/de\/fahre-italien-kroatien\/","name":"F\u00e4hren Italien nach Kroatien, H\u00e4fen, Reiseoptionen und Fahrpl\u00e4ne","isPartOf":{"@id":"https:\/\/www.ferrycroatia.com\/de\/#website"},"datePublished":"2021-02-02T11:45:02+00:00","dateModified":"2021-02-11T08:57:40+00:00","breadcrumb":{"@id":"https:\/\/www.ferrycroatia.com\/de\/fahre-italien-kroatien\/#breadcrumb"},"inLanguage":"en-US","potentialAction":[{"@type":"ReadAction","target":["https:\/\/www.ferrycroatia.com\/de\/fahre-italien-kroatien\/"]}]},{"@type":"BreadcrumbList","@id":"https:\/\/www.ferrycroatia.com\/de\/fahre-italien-kroatien\/#breadcrumb","itemListElement":[{"@type":"ListItem","position":1,"name":"Home","item":"https:\/\/www.ferrycroatia.com\/de\/"},{"@type":"ListItem","position":2,"name":"F\u00e4hre von Italien nach Kroatien"}]},{"@type":"WebSite","@id":"https:\/\/www.ferrycroatia.com\/de\/#website","url":"https:\/\/www.ferrycroatia.com\/de\/","name":"F\u00e4hre Kroatien","description":"Info und Fahrpl\u00e4ne f\u00fcr alle Katamarane und F\u00e4hren in Kroatien","potentialAction":[{"@type":"SearchAction","target":{"@type":"EntryPoint","urlTemplate":"https:\/\/www.ferrycroatia.com\/de\/?s={search_term_string}"},"query-input":"required name=search_term_string"}],"inLanguage":"en-US"}]}},"_links":{"self":[{"href":"https:\/\/www.ferrycroatia.com\/de\/wp-json\/wp\/v2\/pages\/1084"}],"collection":[{"href":"https:\/\/www.ferrycroatia.com\/de\/wp-json\/wp\/v2\/pages"}],"about":[{"href":"https:\/\/www.ferrycroatia.com\/de\/wp-json\/wp\/v2\/types\/page"}],"author":[{"embeddable":true,"href":"https:\/\/www.ferrycroatia.com\/de\/wp-json\/wp\/v2\/users\/5"}],"replies":[{"embeddable":true,"href":"https:\/\/www.ferrycroatia.com\/de\/wp-json\/wp\/v2\/comments?post=1084"}],"version-history":[{"count":2,"href":"https:\/\/www.ferrycroatia.com\/de\/wp-json\/wp\/v2\/pages\/1084\/revisions"}],"predecessor-version":[{"id":1694,"href":"https:\/\/www.ferrycroatia.com\/de\/wp-json\/wp\/v2\/pages\/1084\/revisions\/1694"}],"wp:attachment":[{"href":"https:\/\/www.ferrycroatia.com\/de\/wp-json\/wp\/v2\/media?parent=1084"}],"curies":[{"name":"wp","href":"https:\/\/api.w.org\/{rel}","templated":true}]}}