{"id":1103,"date":"2021-02-02T13:39:54","date_gmt":"2021-02-02T13:39:54","guid":{"rendered":"https:\/\/ferrycroatia.com\/de\/?page_id=1103"},"modified":"2021-02-09T08:16:44","modified_gmt":"2021-02-09T08:16:44","slug":"insel-zverinac","status":"publish","type":"page","link":"https:\/\/www.ferrycroatia.com\/de\/insel-zverinac\/","title":{"rendered":"Insel Zverinac"},"content":{"rendered":"<p>Die<strong> Insel Zverinac<\/strong> im Zadar-Archipel liegt <strong>zwischen der Insel Tun Veli und Dugi Otok<\/strong>, die Insel ist ca. 4,5 km lang und bis zu 1,2 km breit, diese Insel bedeckt eine Fl\u00e4che von ca. 4 km2. <strong>Die einzige Siedlung auf der Insel ist Zverinac,<\/strong> die sich auf der Westseite der Insel in Richtung <a href=\"https:\/\/www.ferrycroatia.com\/de\/insel-dugi-otok\/\">Dugi Otok<\/a> befindet. Die Bev\u00f6lkerung betr\u00e4gt weniger als 50 Menschen. Auf der Insel k\u00f6nnen einige Wohneinheiten gemietet werden. Wenn Sie also einen <strong>Urlaub an einem ruhigen Ort<\/strong> suchen, ist Zverinac m\u00f6glicherweise eine Option!<\/p>\n<h2><b>Anreise zur Insel<\/b> <b>Zverinac<\/b><\/h2>\n<p>Vom <a href=\"https:\/\/www.ferrycroatia.com\/de\/fahrhafen-zverinac\/\">Hafen in Zverinac<\/a> gibt es eine<strong> Autof\u00e4hre und eine schnellef\u00e4hr \/ Katamaran-Verbindung<\/strong> nach Zadar und zu den Inseln in der N\u00e4he.<\/p>\n<p><strong>Autof\u00e4hre 433:<\/strong> Molat &#8211; Zverinac &#8211; Sestrunj &#8211; Rivanj &#8211; Zadar f\u00e4hrt im Sommer t\u00e4glich von und zur Insel Zverinac und im Winter dreimal w\u00f6chentlich. Die Segelzeit von Zverinac nach Zadar auf dem Festland liegt zwischen 2 Stunden und 2 Stunden 30 Minuten. Hier sehen Sie den Fahrplan der Autof\u00e4hre:<\/p>\n<table width=\"747\">\n<tbody>\n<tr>\n<td style=\"text-align: center;\"><a href=\"https:\/\/www.ferrycroatia.com\/de\/zadar-zverinac\/\">Zadar &#8211; Zverinac<\/a><\/td>\n<td style=\"text-align: center;\"><a href=\"https:\/\/www.ferrycroatia.com\/de\/zverinac-sestrunj\/\">Zverinac &#8211; Sestrunj<\/a><\/td>\n<td style=\"text-align: center;\"><a href=\"https:\/\/www.ferrycroatia.com\/de\/zverinac-molat\/\">Zverinac &#8211; Molat<\/a><\/td>\n<\/tr>\n<tr>\n<td style=\"text-align: center;\"><a href=\"https:\/\/www.ferrycroatia.com\/de\/zverinac-zadar\/\">Zverinac &#8211; Zadar<\/a><\/td>\n<td style=\"text-align: center;\"><a href=\"https:\/\/www.ferrycroatia.com\/de\/sestrunj-zverinac\/\">Sestrunj &#8211; Zverinac<\/a><\/td>\n<td style=\"text-align: center;\"><a href=\"https:\/\/www.ferrycroatia.com\/de\/molat-zverinac\/\">Molat &#8211; Zverinac<\/a><\/td>\n<\/tr>\n<\/tbody>\n<\/table>\n<p><strong>Die Katamaran-Route 9404:<\/strong> Brbin (Dugi Otok) &#8211; Bozava &#8211; Zverinac &#8211; Sestrunj &#8211; Rivanj &#8211; Zadar f\u00e4hrt das ganze Jahr \u00fcber t\u00e4glich von und nach Zverinac. An einigen Feiertagen betr\u00e4gt die Segelzeit von Zadar nach Zverinac ca. 1 Stunde 15 Minuten, Fahrplan f\u00fcr die Katamaran Verbindung nach Zverinac finden Sie hier:<\/p>\n<table width=\"747\">\n<tbody>\n<tr>\n<td style=\"text-align: center;\"><a href=\"https:\/\/www.ferrycroatia.com\/de\/zverinac-brbinj\/\">Zverinac &#8211; Brbinj (Dugi Otok)<\/a><\/td>\n<td style=\"text-align: center;\"><a href=\"https:\/\/www.ferrycroatia.com\/de\/zverinac-bozava\/\">Zverinac &#8211; Bozava<\/a><\/td>\n<td style=\"text-align: center;\"><a href=\"https:\/\/www.ferrycroatia.com\/de\/rivanj-zverinac\/\">Rivanj &#8211; Zverinac<\/a><\/td>\n<\/tr>\n<tr>\n<td style=\"text-align: center;\"><a href=\"https:\/\/www.ferrycroatia.com\/de\/brbinj-zverinac\/\">Brbinj &#8211; Zverinac<\/a><\/td>\n<td style=\"text-align: center;\"><a href=\"https:\/\/www.ferrycroatia.com\/de\/bozava-zverinac\/\">Bozava (Dugi Otok) &#8211; Zverinac<\/a><\/td>\n<td style=\"text-align: center;\"><a href=\"https:\/\/www.ferrycroatia.com\/de\/zverinac-rivanj\/\">Zverinac &#8211; Rivanj<\/a><\/td>\n<\/tr>\n<\/tbody>\n<\/table>\n<h2><b>Preis der F\u00e4hrtickets Zadar &#8211; Zverinac<\/b><\/h2>\n<p>Ein Einfaches Erwachsenenticket mit dem Katamaran kostet<strong> in der Hochsaison 40 Kuna<\/strong> und in der Nebensaison 25 Kn. Die Autof\u00e4hre ist mit einem Ticketpreis von 24 Kuna im Sommer und 20 Kuna im Winter etwas billiger. Ein normales Auto auf die Insel zu bringen kostet 160 Kuna.<\/p>\n","protected":false},"excerpt":{"rendered":"<p>Die Insel Zverinac im Zadar-Archipel liegt zwischen der Insel Tun Veli und Dugi Otok, die Insel ist ca. 4,5 km lang und bis zu 1,2 km breit, diese Insel bedeckt eine Fl\u00e4che von ca. 4 km2. Die einzige Siedlung auf der Insel ist Zverinac, die sich auf der Westseite der Insel in Richtung Dugi Otok [&hellip;]<\/p>\n<p><a class=\"more-link\" href=\"https:\/\/www.ferrycroatia.com\/de\/insel-zverinac\/\"> Continue reading&#8230;<\/a><\/p>\n","protected":false},"author":5,"featured_media":0,"parent":0,"menu_order":0,"comment_status":"closed","ping_status":"closed","template":"","meta":[],"yoast_head":"<!-- This site is optimized with the Yoast SEO plugin v19.8 - https:\/\/yoast.com\/wordpress\/plugins\/seo\/ -->\n<title>Insel Zverinac im Zadar-Archipel, wie man dorthin kommt<\/title>\n<meta name=\"robots\" content=\"index, follow, max-snippet:-1, max-image-preview:large, max-video-preview:-1\" \/>\n<link rel=\"canonical\" href=\"https:\/\/www.ferrycroatia.com\/de\/insel-zverinac\/\" \/>\n<meta property=\"og:locale\" content=\"en_US\" \/>\n<meta property=\"og:type\" content=\"article\" \/>\n<meta property=\"og:title\" content=\"Insel Zverinac im Zadar-Archipel, wie man dorthin kommt\" \/>\n<meta property=\"og:description\" content=\"Die Insel Zverinac im Zadar-Archipel liegt zwischen der Insel Tun Veli und Dugi Otok, die Insel ist ca. 4,5 km lang und bis zu 1,2 km breit, diese Insel bedeckt eine Fl\u00e4che von ca. 4 km2. Die einzige Siedlung auf der Insel ist Zverinac, die sich auf der Westseite der Insel in Richtung Dugi Otok [&hellip;] Continue reading...\" \/>\n<meta property=\"og:url\" content=\"https:\/\/www.ferrycroatia.com\/de\/insel-zverinac\/\" \/>\n<meta property=\"og:site_name\" content=\"F\u00e4hre Kroatien\" \/>\n<meta property=\"article:modified_time\" content=\"2021-02-09T08:16:44+00:00\" \/>\n<meta name=\"twitter:card\" content=\"summary_large_image\" \/>\n<meta name=\"twitter:label1\" content=\"Est. reading time\" \/>\n\t<meta name=\"twitter:data1\" content=\"2 minutes\" \/>\n<script type=\"application\/ld+json\" class=\"yoast-schema-graph\">{\"@context\":\"https:\/\/schema.org\",\"@graph\":[{\"@type\":\"WebPage\",\"@id\":\"https:\/\/www.ferrycroatia.com\/de\/insel-zverinac\/\",\"url\":\"https:\/\/www.ferrycroatia.com\/de\/insel-zverinac\/\",\"name\":\"Insel Zverinac im Zadar-Archipel, wie man dorthin kommt\",\"isPartOf\":{\"@id\":\"https:\/\/www.ferrycroatia.com\/de\/#website\"},\"datePublished\":\"2021-02-02T13:39:54+00:00\",\"dateModified\":\"2021-02-09T08:16:44+00:00\",\"breadcrumb\":{\"@id\":\"https:\/\/www.ferrycroatia.com\/de\/insel-zverinac\/#breadcrumb\"},\"inLanguage\":\"en-US\",\"potentialAction\":[{\"@type\":\"ReadAction\",\"target\":[\"https:\/\/www.ferrycroatia.com\/de\/insel-zverinac\/\"]}]},{\"@type\":\"BreadcrumbList\",\"@id\":\"https:\/\/www.ferrycroatia.com\/de\/insel-zverinac\/#breadcrumb\",\"itemListElement\":[{\"@type\":\"ListItem\",\"position\":1,\"name\":\"Home\",\"item\":\"https:\/\/www.ferrycroatia.com\/de\/\"},{\"@type\":\"ListItem\",\"position\":2,\"name\":\"Insel Zverinac\"}]},{\"@type\":\"WebSite\",\"@id\":\"https:\/\/www.ferrycroatia.com\/de\/#website\",\"url\":\"https:\/\/www.ferrycroatia.com\/de\/\",\"name\":\"F\u00e4hre Kroatien\",\"description\":\"Info und Fahrpl\u00e4ne f\u00fcr alle Katamarane und F\u00e4hren in Kroatien\",\"potentialAction\":[{\"@type\":\"SearchAction\",\"target\":{\"@type\":\"EntryPoint\",\"urlTemplate\":\"https:\/\/www.ferrycroatia.com\/de\/?s={search_term_string}\"},\"query-input\":\"required name=search_term_string\"}],\"inLanguage\":\"en-US\"}]}<\/script>\n<!-- \/ Yoast SEO plugin. -->","yoast_head_json":{"title":"Insel Zverinac im Zadar-Archipel, wie man dorthin kommt","robots":{"index":"index","follow":"follow","max-snippet":"max-snippet:-1","max-image-preview":"max-image-preview:large","max-video-preview":"max-video-preview:-1"},"canonical":"https:\/\/www.ferrycroatia.com\/de\/insel-zverinac\/","og_locale":"en_US","og_type":"article","og_title":"Insel Zverinac im Zadar-Archipel, wie man dorthin kommt","og_description":"Die Insel Zverinac im Zadar-Archipel liegt zwischen der Insel Tun Veli und Dugi Otok, die Insel ist ca. 4,5 km lang und bis zu 1,2 km breit, diese Insel bedeckt eine Fl\u00e4che von ca. 4 km2. Die einzige Siedlung auf der Insel ist Zverinac, die sich auf der Westseite der Insel in Richtung Dugi Otok [&hellip;] Continue reading...","og_url":"https:\/\/www.ferrycroatia.com\/de\/insel-zverinac\/","og_site_name":"F\u00e4hre Kroatien","article_modified_time":"2021-02-09T08:16:44+00:00","twitter_card":"summary_large_image","twitter_misc":{"Est. reading time":"2 minutes"},"schema":{"@context":"https:\/\/schema.org","@graph":[{"@type":"WebPage","@id":"https:\/\/www.ferrycroatia.com\/de\/insel-zverinac\/","url":"https:\/\/www.ferrycroatia.com\/de\/insel-zverinac\/","name":"Insel Zverinac im Zadar-Archipel, wie man dorthin kommt","isPartOf":{"@id":"https:\/\/www.ferrycroatia.com\/de\/#website"},"datePublished":"2021-02-02T13:39:54+00:00","dateModified":"2021-02-09T08:16:44+00:00","breadcrumb":{"@id":"https:\/\/www.ferrycroatia.com\/de\/insel-zverinac\/#breadcrumb"},"inLanguage":"en-US","potentialAction":[{"@type":"ReadAction","target":["https:\/\/www.ferrycroatia.com\/de\/insel-zverinac\/"]}]},{"@type":"BreadcrumbList","@id":"https:\/\/www.ferrycroatia.com\/de\/insel-zverinac\/#breadcrumb","itemListElement":[{"@type":"ListItem","position":1,"name":"Home","item":"https:\/\/www.ferrycroatia.com\/de\/"},{"@type":"ListItem","position":2,"name":"Insel Zverinac"}]},{"@type":"WebSite","@id":"https:\/\/www.ferrycroatia.com\/de\/#website","url":"https:\/\/www.ferrycroatia.com\/de\/","name":"F\u00e4hre Kroatien","description":"Info und Fahrpl\u00e4ne f\u00fcr alle Katamarane und F\u00e4hren in Kroatien","potentialAction":[{"@type":"SearchAction","target":{"@type":"EntryPoint","urlTemplate":"https:\/\/www.ferrycroatia.com\/de\/?s={search_term_string}"},"query-input":"required name=search_term_string"}],"inLanguage":"en-US"}]}},"_links":{"self":[{"href":"https:\/\/www.ferrycroatia.com\/de\/wp-json\/wp\/v2\/pages\/1103"}],"collection":[{"href":"https:\/\/www.ferrycroatia.com\/de\/wp-json\/wp\/v2\/pages"}],"about":[{"href":"https:\/\/www.ferrycroatia.com\/de\/wp-json\/wp\/v2\/types\/page"}],"author":[{"embeddable":true,"href":"https:\/\/www.ferrycroatia.com\/de\/wp-json\/wp\/v2\/users\/5"}],"replies":[{"embeddable":true,"href":"https:\/\/www.ferrycroatia.com\/de\/wp-json\/wp\/v2\/comments?post=1103"}],"version-history":[{"count":2,"href":"https:\/\/www.ferrycroatia.com\/de\/wp-json\/wp\/v2\/pages\/1103\/revisions"}],"predecessor-version":[{"id":1545,"href":"https:\/\/www.ferrycroatia.com\/de\/wp-json\/wp\/v2\/pages\/1103\/revisions\/1545"}],"wp:attachment":[{"href":"https:\/\/www.ferrycroatia.com\/de\/wp-json\/wp\/v2\/media?parent=1103"}],"curies":[{"name":"wp","href":"https:\/\/api.w.org\/{rel}","templated":true}]}}