{"id":1108,"date":"2021-02-03T08:05:03","date_gmt":"2021-02-03T08:05:03","guid":{"rendered":"https:\/\/ferrycroatia.com\/de\/?page_id=1108"},"modified":"2021-02-09T08:44:27","modified_gmt":"2021-02-09T08:44:27","slug":"fahrverspatungen-in-kroatien","status":"publish","type":"page","link":"https:\/\/www.ferrycroatia.com\/de\/fahrverspatungen-in-kroatien\/","title":{"rendered":"F\u00e4hrversp\u00e4tungen in Kroatien"},"content":{"rendered":"<p>F\u00e4hren in Kroatien verkehren das ganze Jahr \u00fcber mit einem h\u00e4ufigeren Fahrplan w\u00e4hrend der Sommermonate. In den meisten F\u00e4llen <b>verkehren die F\u00e4hrlinien nach dem zu Beginn des Jahres \/ der Saison angek\u00fcndigten Zeitplan<\/b>, und es gibt meistens keine oder sehr minimale \u00c4nderungen. <b>Versp\u00e4tungen mit der F\u00e4hre sind trotz der Menschenmassen in der Hochsaison sehr selten<\/b>, und die meisten <b>\u00c4nderungen der Abfahrten werden auf den Websites der F\u00e4hrgesellschaften angek\u00fcndigt<\/b>. Der Seeverkehr wird jedoch durch verschiedene Faktoren wie Wetterbedingungen beeinflusst, die zu Verz\u00f6gerungen oder sogar zum Ausfall der F\u00e4hrlinien zwischen den <a href=\"https:\/\/www.ferrycroatia.com\/de\/inseln-kroatien\/\">Inseln an der Adria<\/a> f\u00fchren k\u00f6nnen.<\/p>\n<p>An der Adria wehen mehrere Winde, von denen zwei den Seeverkehr erheblich beeintr\u00e4chtigen k\u00f6nnen. Der <b>S\u00fcdostwind<\/b> namens <strong><i>Jugo<\/i> <\/strong>tritt zusammen mit dem S\u00fcdwind <strong><i>O\u0161tro<\/i> <\/strong>zu allen Jahreszeiten auf, aber insbesondere im Fr\u00fchling, Herbst und Winter. Dieser Wind bringt W\u00e4rme und Feuchtigkeit, gefolgt von Regen und oft Donner. <i>Jugo<\/i> hat die Tendenz, die Wellen allm\u00e4hlich zu verst\u00e4rken und auf ein solches Niveau anzuheben, dass die meisten F\u00e4hr- und Katamaran-Linien aus Sicherheitsgr\u00fcnden der Passagiere gestrichen werden m\u00fcssen.<\/p>\n<h2><strong>Wie die St\u00e4rke der Winde die Abfahrten der F\u00e4hren beeinflussen<\/strong><\/h2>\n<p>Der andere bedeutende Wind hei\u00dft <b><i>Bura<\/i><\/b> und <b>weht vom Norden<\/b>. Dieser Wind ist das genaue Gegenteil von Jugo und bringt trockene Luft und klaren Himmel. <i>Bura<\/i> neigt jedoch dazu, Geschwindigkeiten \u00fcber 200 km\/h zu erreichen, was zu gro\u00dfen Wellen f\u00fchren kann. Wenn eine starke <i>Bura<\/i> weht, k\u00f6nnen Sie daher damit rechnen, dass die meisten Abfahrten von F\u00e4hren und Katamaranen abgesagt werden.<\/p>\n<p>Manchmal, wenn diese Winde m\u00e4\u00dfig sind, k\u00f6nnen Sie auch mit Stornierungen oder Verz\u00f6gerungen rechnen. <b>Katamarane und Schnellboote werden aufgrund des schlechten Wetters zuerst gestrichen<\/b>, da diese Boote kleiner und auf den Wellen weniger stabil sind. F\u00e4hren, insbesondere gro\u00dfe wie Petar Hektorovi\u0107, Faros und Biokovo von <a href=\"https:\/\/www.ferrycroatia.com\/de\/jadrolinija\/\">Jadrolinija<\/a>, sind auf See viel stabiler und widerstandsf\u00e4higer gegen hohe Wellen. Verz\u00f6gerungen sind zu erwarten, wenn das Schiff aufgrund starker Winde Schwierigkeiten beim Anlegen hat.<\/p>\n<p>Es ist gut zu wissen, dass solch schlechtes Wetter, das durch die Winde in Kroatien verursacht wird, im Herbst, Winter und fr\u00fchen Fr\u00fchling erwartet wird. Dies ist jedoch in den Sommermonaten ein seltener Fall und <b>zwischen Juni und September definitiv nicht \u00fcblich<\/b>.<\/p>\n<p>Um sicherzustellen, dass Ihre F\u00e4hre trotz des schlechten Wetters zu Ihrem Reisedatum f\u00e4hrt, empfehlen wir Ihnen, die <b>offizielle Website der F\u00e4hrgesellschaft zu besuchen<\/b>, die die Passagiere bei Versp\u00e4tungen und Stornierungen benachrichtigt.<\/p>\n","protected":false},"excerpt":{"rendered":"<p>F\u00e4hren in Kroatien verkehren das ganze Jahr \u00fcber mit einem h\u00e4ufigeren Fahrplan w\u00e4hrend der Sommermonate. In den meisten F\u00e4llen verkehren die F\u00e4hrlinien nach dem zu Beginn des Jahres \/ der Saison angek\u00fcndigten Zeitplan, und es gibt meistens keine oder sehr minimale \u00c4nderungen. Versp\u00e4tungen mit der F\u00e4hre sind trotz der Menschenmassen in der Hochsaison sehr selten, [&hellip;]<\/p>\n<p><a class=\"more-link\" href=\"https:\/\/www.ferrycroatia.com\/de\/fahrverspatungen-in-kroatien\/\"> Continue reading&#8230;<\/a><\/p>\n","protected":false},"author":5,"featured_media":1109,"parent":0,"menu_order":0,"comment_status":"closed","ping_status":"closed","template":"","meta":[],"yoast_head":"<!-- This site is optimized with the Yoast SEO plugin v19.8 - https:\/\/yoast.com\/wordpress\/plugins\/seo\/ -->\n<title>F\u00e4hrversp\u00e4tungen in Kroatien - Passagierinformationen<\/title>\n<meta name=\"description\" content=\"Informationen zu F\u00e4hrversp\u00e4tungen in Kroatien. Warum sind F\u00e4hren manchmal versp\u00e4tet und wo wird nach Versp\u00e4tungsinformationen gesucht?\" \/>\n<meta name=\"robots\" content=\"index, follow, max-snippet:-1, max-image-preview:large, max-video-preview:-1\" \/>\n<link rel=\"canonical\" href=\"https:\/\/www.ferrycroatia.com\/de\/fahrverspatungen-in-kroatien\/\" \/>\n<meta property=\"og:locale\" content=\"en_US\" \/>\n<meta property=\"og:type\" content=\"article\" \/>\n<meta property=\"og:title\" content=\"F\u00e4hrversp\u00e4tungen in Kroatien - Passagierinformationen\" \/>\n<meta property=\"og:description\" content=\"Informationen zu F\u00e4hrversp\u00e4tungen in Kroatien. Warum sind F\u00e4hren manchmal versp\u00e4tet und wo wird nach Versp\u00e4tungsinformationen gesucht?\" \/>\n<meta property=\"og:url\" content=\"https:\/\/www.ferrycroatia.com\/de\/fahrverspatungen-in-kroatien\/\" \/>\n<meta property=\"og:site_name\" content=\"F\u00e4hre Kroatien\" \/>\n<meta property=\"article:modified_time\" content=\"2021-02-09T08:44:27+00:00\" \/>\n<meta property=\"og:image\" content=\"https:\/\/www.ferrycroatia.com\/de\/wp-content\/uploads\/2021\/02\/F\u00e4hrverp\u00e4tungen-Kroatien.jpg\" \/>\n\t<meta property=\"og:image:width\" content=\"960\" \/>\n\t<meta property=\"og:image:height\" content=\"720\" \/>\n\t<meta property=\"og:image:type\" content=\"image\/jpeg\" \/>\n<meta name=\"twitter:card\" content=\"summary_large_image\" \/>\n<meta name=\"twitter:label1\" content=\"Est. reading time\" \/>\n\t<meta name=\"twitter:data1\" content=\"2 minutes\" \/>\n<script type=\"application\/ld+json\" class=\"yoast-schema-graph\">{\"@context\":\"https:\/\/schema.org\",\"@graph\":[{\"@type\":\"WebPage\",\"@id\":\"https:\/\/www.ferrycroatia.com\/de\/fahrverspatungen-in-kroatien\/\",\"url\":\"https:\/\/www.ferrycroatia.com\/de\/fahrverspatungen-in-kroatien\/\",\"name\":\"F\u00e4hrversp\u00e4tungen in Kroatien - Passagierinformationen\",\"isPartOf\":{\"@id\":\"https:\/\/www.ferrycroatia.com\/de\/#website\"},\"datePublished\":\"2021-02-03T08:05:03+00:00\",\"dateModified\":\"2021-02-09T08:44:27+00:00\",\"description\":\"Informationen zu F\u00e4hrversp\u00e4tungen in Kroatien. Warum sind F\u00e4hren manchmal versp\u00e4tet und wo wird nach Versp\u00e4tungsinformationen gesucht?\",\"breadcrumb\":{\"@id\":\"https:\/\/www.ferrycroatia.com\/de\/fahrverspatungen-in-kroatien\/#breadcrumb\"},\"inLanguage\":\"en-US\",\"potentialAction\":[{\"@type\":\"ReadAction\",\"target\":[\"https:\/\/www.ferrycroatia.com\/de\/fahrverspatungen-in-kroatien\/\"]}]},{\"@type\":\"BreadcrumbList\",\"@id\":\"https:\/\/www.ferrycroatia.com\/de\/fahrverspatungen-in-kroatien\/#breadcrumb\",\"itemListElement\":[{\"@type\":\"ListItem\",\"position\":1,\"name\":\"Home\",\"item\":\"https:\/\/www.ferrycroatia.com\/de\/\"},{\"@type\":\"ListItem\",\"position\":2,\"name\":\"F\u00e4hrversp\u00e4tungen in Kroatien\"}]},{\"@type\":\"WebSite\",\"@id\":\"https:\/\/www.ferrycroatia.com\/de\/#website\",\"url\":\"https:\/\/www.ferrycroatia.com\/de\/\",\"name\":\"F\u00e4hre Kroatien\",\"description\":\"Info und Fahrpl\u00e4ne f\u00fcr alle Katamarane und F\u00e4hren in Kroatien\",\"potentialAction\":[{\"@type\":\"SearchAction\",\"target\":{\"@type\":\"EntryPoint\",\"urlTemplate\":\"https:\/\/www.ferrycroatia.com\/de\/?s={search_term_string}\"},\"query-input\":\"required name=search_term_string\"}],\"inLanguage\":\"en-US\"}]}<\/script>\n<!-- \/ Yoast SEO plugin. -->","yoast_head_json":{"title":"F\u00e4hrversp\u00e4tungen in Kroatien - Passagierinformationen","description":"Informationen zu F\u00e4hrversp\u00e4tungen in Kroatien. Warum sind F\u00e4hren manchmal versp\u00e4tet und wo wird nach Versp\u00e4tungsinformationen gesucht?","robots":{"index":"index","follow":"follow","max-snippet":"max-snippet:-1","max-image-preview":"max-image-preview:large","max-video-preview":"max-video-preview:-1"},"canonical":"https:\/\/www.ferrycroatia.com\/de\/fahrverspatungen-in-kroatien\/","og_locale":"en_US","og_type":"article","og_title":"F\u00e4hrversp\u00e4tungen in Kroatien - Passagierinformationen","og_description":"Informationen zu F\u00e4hrversp\u00e4tungen in Kroatien. Warum sind F\u00e4hren manchmal versp\u00e4tet und wo wird nach Versp\u00e4tungsinformationen gesucht?","og_url":"https:\/\/www.ferrycroatia.com\/de\/fahrverspatungen-in-kroatien\/","og_site_name":"F\u00e4hre Kroatien","article_modified_time":"2021-02-09T08:44:27+00:00","og_image":[{"width":960,"height":720,"url":"https:\/\/www.ferrycroatia.com\/de\/wp-content\/uploads\/2021\/02\/F\u00e4hrverp\u00e4tungen-Kroatien.jpg","type":"image\/jpeg"}],"twitter_card":"summary_large_image","twitter_misc":{"Est. reading time":"2 minutes"},"schema":{"@context":"https:\/\/schema.org","@graph":[{"@type":"WebPage","@id":"https:\/\/www.ferrycroatia.com\/de\/fahrverspatungen-in-kroatien\/","url":"https:\/\/www.ferrycroatia.com\/de\/fahrverspatungen-in-kroatien\/","name":"F\u00e4hrversp\u00e4tungen in Kroatien - Passagierinformationen","isPartOf":{"@id":"https:\/\/www.ferrycroatia.com\/de\/#website"},"datePublished":"2021-02-03T08:05:03+00:00","dateModified":"2021-02-09T08:44:27+00:00","description":"Informationen zu F\u00e4hrversp\u00e4tungen in Kroatien. Warum sind F\u00e4hren manchmal versp\u00e4tet und wo wird nach Versp\u00e4tungsinformationen gesucht?","breadcrumb":{"@id":"https:\/\/www.ferrycroatia.com\/de\/fahrverspatungen-in-kroatien\/#breadcrumb"},"inLanguage":"en-US","potentialAction":[{"@type":"ReadAction","target":["https:\/\/www.ferrycroatia.com\/de\/fahrverspatungen-in-kroatien\/"]}]},{"@type":"BreadcrumbList","@id":"https:\/\/www.ferrycroatia.com\/de\/fahrverspatungen-in-kroatien\/#breadcrumb","itemListElement":[{"@type":"ListItem","position":1,"name":"Home","item":"https:\/\/www.ferrycroatia.com\/de\/"},{"@type":"ListItem","position":2,"name":"F\u00e4hrversp\u00e4tungen in Kroatien"}]},{"@type":"WebSite","@id":"https:\/\/www.ferrycroatia.com\/de\/#website","url":"https:\/\/www.ferrycroatia.com\/de\/","name":"F\u00e4hre Kroatien","description":"Info und Fahrpl\u00e4ne f\u00fcr alle Katamarane und F\u00e4hren in Kroatien","potentialAction":[{"@type":"SearchAction","target":{"@type":"EntryPoint","urlTemplate":"https:\/\/www.ferrycroatia.com\/de\/?s={search_term_string}"},"query-input":"required name=search_term_string"}],"inLanguage":"en-US"}]}},"_links":{"self":[{"href":"https:\/\/www.ferrycroatia.com\/de\/wp-json\/wp\/v2\/pages\/1108"}],"collection":[{"href":"https:\/\/www.ferrycroatia.com\/de\/wp-json\/wp\/v2\/pages"}],"about":[{"href":"https:\/\/www.ferrycroatia.com\/de\/wp-json\/wp\/v2\/types\/page"}],"author":[{"embeddable":true,"href":"https:\/\/www.ferrycroatia.com\/de\/wp-json\/wp\/v2\/users\/5"}],"replies":[{"embeddable":true,"href":"https:\/\/www.ferrycroatia.com\/de\/wp-json\/wp\/v2\/comments?post=1108"}],"version-history":[{"count":2,"href":"https:\/\/www.ferrycroatia.com\/de\/wp-json\/wp\/v2\/pages\/1108\/revisions"}],"predecessor-version":[{"id":1549,"href":"https:\/\/www.ferrycroatia.com\/de\/wp-json\/wp\/v2\/pages\/1108\/revisions\/1549"}],"wp:featuredmedia":[{"embeddable":true,"href":"https:\/\/www.ferrycroatia.com\/de\/wp-json\/wp\/v2\/media\/1109"}],"wp:attachment":[{"href":"https:\/\/www.ferrycroatia.com\/de\/wp-json\/wp\/v2\/media?parent=1108"}],"curies":[{"name":"wp","href":"https:\/\/api.w.org\/{rel}","templated":true}]}}