{"id":1111,"date":"2021-02-03T08:29:42","date_gmt":"2021-02-03T08:29:42","guid":{"rendered":"https:\/\/ferrycroatia.com\/de\/?page_id=1111"},"modified":"2021-02-09T08:46:14","modified_gmt":"2021-02-09T08:46:14","slug":"fahrhafen-biograd-na-moru","status":"publish","type":"page","link":"https:\/\/www.ferrycroatia.com\/de\/fahrhafen-biograd-na-moru\/","title":{"rendered":"F\u00e4hrhafen Biograd na Moru"},"content":{"rendered":"<p>Biograd na Moru ist eine kleine K\u00fcstenstadt <strong>in der Region Zadar<\/strong>, etwa 30 Kilometer von Zadar entfernt. Es ist durch<strong> eine regul\u00e4re F\u00e4hrlinie mit der Stadt Tkon<\/strong> verbunden. Der F\u00e4hrhafen von Biograd na Moru befindet sich ziemlich genau im Zentrum der Stadt, <strong>in der N\u00e4he der Hauptpromenade und eines sch\u00f6nen kleinen ACI-Yachthafens.<\/strong><\/p>\n<p><span style=\"text-decoration: underline;\"><b>An- und Abreise zum F\u00e4hrterminal in Biograd na Moru:<\/b><\/span><\/p>\n<p>Biograd na Moru ist <strong>eine kleine K\u00fcstenstadt<\/strong>. Wenn Sie also dort \u00fcbernachten und <strong>Tkon auf der Insel Pa\u0161man<\/strong> erreichen m\u00f6chten, ist es kein Problem, den F\u00e4hrhafen zu Fu\u00df zu erreichen. Wenn Sie viel Gep\u00e4ck haben, <strong>besteht immer die M\u00f6glichkeit, ein Taxi zu nehmen,<\/strong> was g\u00fcnstig w\u00e4re, da es keine gro\u00dfe Entfernung ist.<\/p>\n<p><span style=\"text-decoration: underline;\"><b>Anreise vom Flughafen Zadar zum F\u00e4hrterminal Biograd na Moru:<\/b><\/span><\/p>\n<p>Wenn Sie nach Kroatien fliegen und Tkon auf der Insel Pa\u0161man \u00fcber Biograd na Moru erreichen m\u00f6chten, ist der n\u00e4chstgelegene Flughafen der Flughafen von Zadar, <strong>etwa 25 km von Biograd na Moru entfernt<\/strong> (etwa 10 km von Zadar entfernt). Sobald Sie gelandet sind, k\u00f6nnen Sie einen <a href=\"https:\/\/getbytransfer.com\/de\/zadar-flughafen-biograd-na-moru\">vorgebuchten Transfer<\/a> oder ein Taxi direkt<strong> zum Hafen von Biograd na Moru nehmen.<\/strong><\/p>\n<p><strong>Es gibt auch Shuttlebusse vom Flughafen in Richtung Zadar<\/strong> (alle halten am Hauptbusbahnhof an, der sich nur wenige Minuten vom F\u00e4hrterminal entfernt befindet). Ein Ticket kostet ca. 25 kn = 3 Euro und die Fahrt zum Hauptbusbahnhof in Zadar dauert 15 &#8211; 20 Minuten. <strong>Wenn Sie den Hauptbusbahnhof in Zadar erreichen<\/strong>, m\u00fcssen Sie ein Ticket nach Biograd na Moru kaufen.<\/p>\n<p>Wenn Sie mehr \u00fcber das Verlassen des Flughafens Zadar erfahren m\u00f6chten, klicken Sie <a href=\"https:\/\/getbybus.com\/de\/blog\/flughafenbus-zadar\/\">hier<\/a>.<\/p>\n<p><span style=\"text-decoration: underline;\"><b>Anreise von anderen Zielen in Kroatien und Europa zum F\u00e4hrterminal Biograd na<\/b> <b>Moru:<\/b><\/span><\/p>\n<p>Biograd na Moru ist durch einige Buslinien<strong> mit einigen wichtigen kroatischen Zielen<\/strong> verbunden. Der Hauptbusbahnhof in Biograd na Moru befindet sich etwa 500 m vom F\u00e4hrterminal entfernt und ist<strong> bequem zu Fu\u00df erreichbar.<\/strong> Sie k\u00f6nnen auch ein Taxi nehmen, das Sie nicht viel kostet, da es sich um <strong>eine sehr kleine Stadt handelt<\/strong>.<\/p>\n<p>F\u00fcr den genauen Standort des Busbahnhofs klicken Sie bitte auf diesen <a href=\"https:\/\/getbybus.com\/de\/bus-von-biograd-na-moru\">Link<\/a>.<\/p>\n<p>Wenn Sie <strong>mit dem Auto auf der Autobahn oder der K\u00fcstenstra\u00dfe anreisen<\/strong>, sollten Sie nach der Einfahrt von Norden oder S\u00fcden nach Biograd na Moru einfach weiter in Richtung Stadtzentrum fahren und schon bald sehen Sie das Schild f\u00fcr den F\u00e4hrhafen. Es befindet sich<strong> links von einem kleinen ACI-Yachthafen.<\/strong><\/p>\n<p><span style=\"text-decoration: underline;\"><b>Was Sie am F\u00e4hrterminal Biograd na Moru finden k\u00f6nnen:<\/b><\/span><\/p>\n<p>Biograd ist eine kleine Stadt, aber da es ein Touristenziel ist,<strong> finden Sie viele Dinge in der N\u00e4he des F\u00e4hrterminals<\/strong>, der sich, wie bereits erw\u00e4hnt, direkt im Zentrum der Stadt befindet: ein Ticketschalter, an dem Sie <strong>Tickets f\u00fcr die F\u00e4hre kaufen,<\/strong> <strong>Bars, Restaurants, Gesch\u00e4fte und Geldautomaten.<\/strong><\/p>\n<p><span style=\"text-decoration: underline;\"><b>Adresse des F\u00e4hrterminals Biograd na Moru:<\/b><\/span><\/p>\n<blockquote><p>Obala Petra Kre\u0161imira IV<\/p>\n<p>23212 Biograd na Moru<\/p>\n<p><strong>GPS-Koordinaten:<\/strong> 43.93943, 15.43922<\/p><\/blockquote>\n<p><a class=\"lightbox\" href=\"http:\/\/www.ferrycroatia.com\/wp-content\/uploads\/2016\/06\/Biograd-na-Moru.jpg\"><img decoding=\"async\" loading=\"lazy\" class=\"alignnone size-full wp-image-152\" data-src=\"http:\/\/www.ferrycroatia.com\/wp-content\/uploads\/2016\/06\/Biograd-na-Moru.jpg\" alt=\"Biograd na Moru\" width=\"800\" height=\"473\" \/><\/a><\/p>\n<p><b>Liste der F\u00e4hrverbindungen von Biograd na Moru:<\/b><\/p>\n<ul>\n<li><a href=\"https:\/\/www.ferrycroatia.com\/de\/biograd-na-moru-tkon\/\">Biograd na moru &#8211; Tkon (Pa\u0161man) (F\u00e4hre)<\/a><\/li>\n<\/ul>\n","protected":false},"excerpt":{"rendered":"<p>Biograd na Moru ist eine kleine K\u00fcstenstadt in der Region Zadar, etwa 30 Kilometer von Zadar entfernt. Es ist durch eine regul\u00e4re F\u00e4hrlinie mit der Stadt Tkon verbunden. Der F\u00e4hrhafen von Biograd na Moru befindet sich ziemlich genau im Zentrum der Stadt, in der N\u00e4he der Hauptpromenade und eines sch\u00f6nen kleinen ACI-Yachthafens. An- und Abreise [&hellip;]<\/p>\n<p><a class=\"more-link\" href=\"https:\/\/www.ferrycroatia.com\/de\/fahrhafen-biograd-na-moru\/\"> Continue reading&#8230;<\/a><\/p>\n","protected":false},"author":5,"featured_media":1112,"parent":0,"menu_order":0,"comment_status":"closed","ping_status":"closed","template":"","meta":[],"yoast_head":"<!-- This site is optimized with the Yoast SEO plugin v19.8 - https:\/\/yoast.com\/wordpress\/plugins\/seo\/ -->\n<title>F\u00e4hrhafen Biograd na Moru, Fahrplan und Preise der F\u00e4hre<\/title>\n<meta name=\"robots\" content=\"index, follow, max-snippet:-1, max-image-preview:large, max-video-preview:-1\" \/>\n<link rel=\"canonical\" href=\"https:\/\/www.ferrycroatia.com\/de\/fahrhafen-biograd-na-moru\/\" \/>\n<meta property=\"og:locale\" content=\"en_US\" \/>\n<meta property=\"og:type\" content=\"article\" \/>\n<meta property=\"og:title\" content=\"F\u00e4hrhafen Biograd na Moru, Fahrplan und Preise der F\u00e4hre\" \/>\n<meta property=\"og:description\" content=\"Biograd na Moru ist eine kleine K\u00fcstenstadt in der Region Zadar, etwa 30 Kilometer von Zadar entfernt. Es ist durch eine regul\u00e4re F\u00e4hrlinie mit der Stadt Tkon verbunden. Der F\u00e4hrhafen von Biograd na Moru befindet sich ziemlich genau im Zentrum der Stadt, in der N\u00e4he der Hauptpromenade und eines sch\u00f6nen kleinen ACI-Yachthafens. An- und Abreise [&hellip;] Continue reading...\" \/>\n<meta property=\"og:url\" content=\"https:\/\/www.ferrycroatia.com\/de\/fahrhafen-biograd-na-moru\/\" \/>\n<meta property=\"og:site_name\" content=\"F\u00e4hre Kroatien\" \/>\n<meta property=\"article:modified_time\" content=\"2021-02-09T08:46:14+00:00\" \/>\n<meta property=\"og:image\" content=\"https:\/\/www.ferrycroatia.com\/de\/wp-content\/uploads\/2021\/02\/F\u00e4hre-Biograd-na-moru.jpg\" \/>\n\t<meta property=\"og:image:width\" content=\"1024\" \/>\n\t<meta property=\"og:image:height\" content=\"683\" \/>\n\t<meta property=\"og:image:type\" content=\"image\/jpeg\" \/>\n<meta name=\"twitter:card\" content=\"summary_large_image\" \/>\n<meta name=\"twitter:label1\" content=\"Est. reading time\" \/>\n\t<meta name=\"twitter:data1\" content=\"3 minutes\" \/>\n<script type=\"application\/ld+json\" class=\"yoast-schema-graph\">{\"@context\":\"https:\/\/schema.org\",\"@graph\":[{\"@type\":\"WebPage\",\"@id\":\"https:\/\/www.ferrycroatia.com\/de\/fahrhafen-biograd-na-moru\/\",\"url\":\"https:\/\/www.ferrycroatia.com\/de\/fahrhafen-biograd-na-moru\/\",\"name\":\"F\u00e4hrhafen Biograd na Moru, Fahrplan und Preise der F\u00e4hre\",\"isPartOf\":{\"@id\":\"https:\/\/www.ferrycroatia.com\/de\/#website\"},\"datePublished\":\"2021-02-03T08:29:42+00:00\",\"dateModified\":\"2021-02-09T08:46:14+00:00\",\"breadcrumb\":{\"@id\":\"https:\/\/www.ferrycroatia.com\/de\/fahrhafen-biograd-na-moru\/#breadcrumb\"},\"inLanguage\":\"en-US\",\"potentialAction\":[{\"@type\":\"ReadAction\",\"target\":[\"https:\/\/www.ferrycroatia.com\/de\/fahrhafen-biograd-na-moru\/\"]}]},{\"@type\":\"BreadcrumbList\",\"@id\":\"https:\/\/www.ferrycroatia.com\/de\/fahrhafen-biograd-na-moru\/#breadcrumb\",\"itemListElement\":[{\"@type\":\"ListItem\",\"position\":1,\"name\":\"Home\",\"item\":\"https:\/\/www.ferrycroatia.com\/de\/\"},{\"@type\":\"ListItem\",\"position\":2,\"name\":\"F\u00e4hrhafen Biograd na Moru\"}]},{\"@type\":\"WebSite\",\"@id\":\"https:\/\/www.ferrycroatia.com\/de\/#website\",\"url\":\"https:\/\/www.ferrycroatia.com\/de\/\",\"name\":\"F\u00e4hre Kroatien\",\"description\":\"Info und Fahrpl\u00e4ne f\u00fcr alle Katamarane und F\u00e4hren in Kroatien\",\"potentialAction\":[{\"@type\":\"SearchAction\",\"target\":{\"@type\":\"EntryPoint\",\"urlTemplate\":\"https:\/\/www.ferrycroatia.com\/de\/?s={search_term_string}\"},\"query-input\":\"required name=search_term_string\"}],\"inLanguage\":\"en-US\"}]}<\/script>\n<!-- \/ Yoast SEO plugin. -->","yoast_head_json":{"title":"F\u00e4hrhafen Biograd na Moru, Fahrplan und Preise der F\u00e4hre","robots":{"index":"index","follow":"follow","max-snippet":"max-snippet:-1","max-image-preview":"max-image-preview:large","max-video-preview":"max-video-preview:-1"},"canonical":"https:\/\/www.ferrycroatia.com\/de\/fahrhafen-biograd-na-moru\/","og_locale":"en_US","og_type":"article","og_title":"F\u00e4hrhafen Biograd na Moru, Fahrplan und Preise der F\u00e4hre","og_description":"Biograd na Moru ist eine kleine K\u00fcstenstadt in der Region Zadar, etwa 30 Kilometer von Zadar entfernt. Es ist durch eine regul\u00e4re F\u00e4hrlinie mit der Stadt Tkon verbunden. Der F\u00e4hrhafen von Biograd na Moru befindet sich ziemlich genau im Zentrum der Stadt, in der N\u00e4he der Hauptpromenade und eines sch\u00f6nen kleinen ACI-Yachthafens. An- und Abreise [&hellip;] Continue reading...","og_url":"https:\/\/www.ferrycroatia.com\/de\/fahrhafen-biograd-na-moru\/","og_site_name":"F\u00e4hre Kroatien","article_modified_time":"2021-02-09T08:46:14+00:00","og_image":[{"width":1024,"height":683,"url":"https:\/\/www.ferrycroatia.com\/de\/wp-content\/uploads\/2021\/02\/F\u00e4hre-Biograd-na-moru.jpg","type":"image\/jpeg"}],"twitter_card":"summary_large_image","twitter_misc":{"Est. reading time":"3 minutes"},"schema":{"@context":"https:\/\/schema.org","@graph":[{"@type":"WebPage","@id":"https:\/\/www.ferrycroatia.com\/de\/fahrhafen-biograd-na-moru\/","url":"https:\/\/www.ferrycroatia.com\/de\/fahrhafen-biograd-na-moru\/","name":"F\u00e4hrhafen Biograd na Moru, Fahrplan und Preise der F\u00e4hre","isPartOf":{"@id":"https:\/\/www.ferrycroatia.com\/de\/#website"},"datePublished":"2021-02-03T08:29:42+00:00","dateModified":"2021-02-09T08:46:14+00:00","breadcrumb":{"@id":"https:\/\/www.ferrycroatia.com\/de\/fahrhafen-biograd-na-moru\/#breadcrumb"},"inLanguage":"en-US","potentialAction":[{"@type":"ReadAction","target":["https:\/\/www.ferrycroatia.com\/de\/fahrhafen-biograd-na-moru\/"]}]},{"@type":"BreadcrumbList","@id":"https:\/\/www.ferrycroatia.com\/de\/fahrhafen-biograd-na-moru\/#breadcrumb","itemListElement":[{"@type":"ListItem","position":1,"name":"Home","item":"https:\/\/www.ferrycroatia.com\/de\/"},{"@type":"ListItem","position":2,"name":"F\u00e4hrhafen Biograd na Moru"}]},{"@type":"WebSite","@id":"https:\/\/www.ferrycroatia.com\/de\/#website","url":"https:\/\/www.ferrycroatia.com\/de\/","name":"F\u00e4hre Kroatien","description":"Info und Fahrpl\u00e4ne f\u00fcr alle Katamarane und F\u00e4hren in Kroatien","potentialAction":[{"@type":"SearchAction","target":{"@type":"EntryPoint","urlTemplate":"https:\/\/www.ferrycroatia.com\/de\/?s={search_term_string}"},"query-input":"required name=search_term_string"}],"inLanguage":"en-US"}]}},"_links":{"self":[{"href":"https:\/\/www.ferrycroatia.com\/de\/wp-json\/wp\/v2\/pages\/1111"}],"collection":[{"href":"https:\/\/www.ferrycroatia.com\/de\/wp-json\/wp\/v2\/pages"}],"about":[{"href":"https:\/\/www.ferrycroatia.com\/de\/wp-json\/wp\/v2\/types\/page"}],"author":[{"embeddable":true,"href":"https:\/\/www.ferrycroatia.com\/de\/wp-json\/wp\/v2\/users\/5"}],"replies":[{"embeddable":true,"href":"https:\/\/www.ferrycroatia.com\/de\/wp-json\/wp\/v2\/comments?post=1111"}],"version-history":[{"count":2,"href":"https:\/\/www.ferrycroatia.com\/de\/wp-json\/wp\/v2\/pages\/1111\/revisions"}],"predecessor-version":[{"id":1550,"href":"https:\/\/www.ferrycroatia.com\/de\/wp-json\/wp\/v2\/pages\/1111\/revisions\/1550"}],"wp:featuredmedia":[{"embeddable":true,"href":"https:\/\/www.ferrycroatia.com\/de\/wp-json\/wp\/v2\/media\/1112"}],"wp:attachment":[{"href":"https:\/\/www.ferrycroatia.com\/de\/wp-json\/wp\/v2\/media?parent=1111"}],"curies":[{"name":"wp","href":"https:\/\/api.w.org\/{rel}","templated":true}]}}