{"id":1114,"date":"2021-02-03T08:41:09","date_gmt":"2021-02-03T08:41:09","guid":{"rendered":"https:\/\/ferrycroatia.com\/de\/?page_id=1114"},"modified":"2023-12-19T13:27:22","modified_gmt":"2023-12-19T12:27:22","slug":"fahrhafen-bol","status":"publish","type":"page","link":"https:\/\/www.ferrycroatia.com\/de\/fahrhafen-bol\/","title":{"rendered":"F\u00e4hrhafen Bol"},"content":{"rendered":"\n<p><strong>Bol ist eine Stadt auf der S\u00fcdseite<\/strong> der Insel Bra\u010d, die f\u00fcr einen der beliebtesten Str\u00e4nde Kroatiens bekannt ist &#8211; Zlatni Rat. Bol ist durch regelm\u00e4\u00dfige Katamaran Linien<strong> mit dem Festland (Split)<\/strong> und der Insel Hvar (Jelsa) verbunden.<\/p>\n\n\n\n<p>Der Pier, <strong>von dem der Katamaran abf\u00e4hrt,<\/strong> <strong>befindet sich neben<\/strong> der Hauptpromenade am Meer im Stadtzentrum.<\/p>\n\n\n\n<div id=\"ez-toc-container\" class=\"ez-toc-v2_0_62 counter-hierarchy ez-toc-counter ez-toc-custom ez-toc-container-direction\">\n<div class=\"ez-toc-title-container\">\n<p class=\"ez-toc-title \" >Table of Contents<\/p>\n<span class=\"ez-toc-title-toggle\"><a href=\"#\" class=\"ez-toc-pull-right ez-toc-btn ez-toc-btn-xs ez-toc-btn-default ez-toc-toggle\" aria-label=\"Toggle Table of Content\"><span class=\"ez-toc-js-icon-con\"><span class=\"\"><span class=\"eztoc-hide\" style=\"display:none;\">Toggle<\/span><span class=\"ez-toc-icon-toggle-span\"><svg style=\"fill: #070c63;color:#070c63\" xmlns=\"http:\/\/www.w3.org\/2000\/svg\" class=\"list-377408\" width=\"20px\" height=\"20px\" viewBox=\"0 0 24 24\" fill=\"none\"><path d=\"M6 6H4v2h2V6zm14 0H8v2h12V6zM4 11h2v2H4v-2zm16 0H8v2h12v-2zM4 16h2v2H4v-2zm16 0H8v2h12v-2z\" fill=\"currentColor\"><\/path><\/svg><svg style=\"fill: #070c63;color:#070c63\" class=\"arrow-unsorted-368013\" xmlns=\"http:\/\/www.w3.org\/2000\/svg\" width=\"10px\" height=\"10px\" viewBox=\"0 0 24 24\" version=\"1.2\" baseProfile=\"tiny\"><path d=\"M18.2 9.3l-6.2-6.3-6.2 6.3c-.2.2-.3.4-.3.7s.1.5.3.7c.2.2.4.3.7.3h11c.3 0 .5-.1.7-.3.2-.2.3-.5.3-.7s-.1-.5-.3-.7zM5.8 14.7l6.2 6.3 6.2-6.3c.2-.2.3-.5.3-.7s-.1-.5-.3-.7c-.2-.2-.4-.3-.7-.3h-11c-.3 0-.5.1-.7.3-.2.2-.3.5-.3.7s.1.5.3.7z\"\/><\/svg><\/span><\/span><\/span><\/a><\/span><\/div>\n<nav><ul class='ez-toc-list ez-toc-list-level-1 eztoc-toggle-hide-by-default' ><li class='ez-toc-page-1 ez-toc-heading-level-3'><a class=\"ez-toc-link ez-toc-heading-1\" href=\"https:\/\/www.ferrycroatia.com\/de\/fahrhafen-bol\/#Unsere_besten_Tipps_aus_dem_Video_fur_die_Fahrfahrt_von_Split_nach_Bol_Brac\" title=\"Unsere besten Tipps aus dem Video f\u00fcr die F\u00e4hrfahrt von Split nach Bol (Brac).\">Unsere besten Tipps aus dem Video f\u00fcr die F\u00e4hrfahrt von Split nach Bol (Brac).<\/a><\/li><li class='ez-toc-page-1 ez-toc-heading-level-3'><a class=\"ez-toc-link ez-toc-heading-2\" href=\"https:\/\/www.ferrycroatia.com\/de\/fahrhafen-bol\/#An-_und_Abreise_zum_Fahrhafen_in_Bol\" title=\"An- und Abreise zum F\u00e4hrhafen in Bol:\">An- und Abreise zum F\u00e4hrhafen in Bol:<\/a><\/li><li class='ez-toc-page-1 ez-toc-heading-level-3'><a class=\"ez-toc-link ez-toc-heading-3\" href=\"https:\/\/www.ferrycroatia.com\/de\/fahrhafen-bol\/#So_gelangen_Sie_von_Bol_zum_Flughafen_Split\" title=\"So gelangen Sie von Bol zum Flughafen Split:\">So gelangen Sie von Bol zum Flughafen Split:<\/a><\/li><li class='ez-toc-page-1 ez-toc-heading-level-3'><a class=\"ez-toc-link ez-toc-heading-4\" href=\"https:\/\/www.ferrycroatia.com\/de\/fahrhafen-bol\/#Bol_mit_dem_Bus_erreichen\" title=\"Bol mit dem Bus erreichen:\">Bol mit dem Bus erreichen:<\/a><\/li><li class='ez-toc-page-1 ez-toc-heading-level-3'><a class=\"ez-toc-link ez-toc-heading-5\" href=\"https:\/\/www.ferrycroatia.com\/de\/fahrhafen-bol\/#Was_Sie_im_Hafen_von_Bol_finden_konnen\" title=\"Was Sie im Hafen von Bol finden k\u00f6nnen:\">Was Sie im Hafen von Bol finden k\u00f6nnen:<\/a><\/li><li class='ez-toc-page-1 ez-toc-heading-level-3'><a class=\"ez-toc-link ez-toc-heading-6\" href=\"https:\/\/www.ferrycroatia.com\/de\/fahrhafen-bol\/#Adresse_des_Hafens_Bol\" title=\"Adresse des Hafens Bol:\">Adresse des Hafens Bol:<\/a><\/li><li class='ez-toc-page-1 ez-toc-heading-level-3'><a class=\"ez-toc-link ez-toc-heading-7\" href=\"https:\/\/www.ferrycroatia.com\/de\/fahrhafen-bol\/#Liste_der_Fahrverbindungen_von_nach_Bol\" title=\"Liste der F\u00e4hrverbindungen von \/ nach Bol:\">Liste der F\u00e4hrverbindungen von \/ nach Bol:<\/a><\/li><li class='ez-toc-page-1 ez-toc-heading-level-3'><a class=\"ez-toc-link ez-toc-heading-8\" href=\"https:\/\/www.ferrycroatia.com\/de\/fahrhafen-bol\/#Schauen_Sie_sich_unser_Video_uber_den_Tagesausflug_nach_Bol_Brac_an\" title=\"Schauen Sie sich unser Video \u00fcber den Tagesausflug nach Bol (Brac) an\">Schauen Sie sich unser Video \u00fcber den Tagesausflug nach Bol (Brac) an<\/a><\/li><\/ul><\/nav><\/div>\n<h3><span class=\"ez-toc-section\" id=\"Unsere_besten_Tipps_aus_dem_Video_fur_die_Fahrfahrt_von_Split_nach_Bol_Brac\"><\/span>Unsere besten Tipps aus dem Video f\u00fcr die F\u00e4hrfahrt von Split nach Bol (Brac).<span class=\"ez-toc-section-end\"><\/span><\/h3>\n\n\n\n<p><iframe loading=\"lazy\" title=\"YouTube video player\" src=\"https:\/\/www.youtube.com\/embed\/QXTCvB5v0N4?si=aGZV5XI-Sf8dzNN4\" width=\"560\" height=\"315\" frameborder=\"0\" allowfullscreen=\"allowfullscreen\"><\/iframe><\/p>\n\n\n\n<h3><span class=\"ez-toc-section\" id=\"An-_und_Abreise_zum_Fahrhafen_in_Bol\"><\/span><b>An- und Abreise zum F\u00e4hrhafen in Bol:<\/b><span class=\"ez-toc-section-end\"><\/span><\/h3>\n\n\n\n<p>Der Pier, von dem aus die Schnellf\u00e4hren \/ Katamarane abfahren, befindet sich direkt <strong>im Zentrum von Bol,<\/strong> nahe der Hauptpromenade am Meer. Egal wo sich Ihre Unterkunft befindet, sie <strong>ist bequem zu Fu\u00df erreichbar<\/strong>. Die Alternative, insbesondere wenn Sie mit Gep\u00e4ck unterwegs sind, ist ein Taxi, das Sie nicht viel kostet, <strong>da es eine ziemlich kurze Strecke ist.<\/strong><\/p>\n\n\n\n<p><strong>Die Bushaltestelle befindet sich ebenfalls in der N\u00e4he des Hafens<\/strong> und ist leicht zu finden. \u00dcberpr\u00fcfen Sie den Link <a href=\"https:\/\/getbybus.com\/de\/bus-von-bol-brac\">hier<\/a>, um den genauen Standort zu sehen. Es gibt Buslinien zwischen Bol und anderen wichtigen Zielen auf Hvar.<\/p>\n\n\n\n<h3><span class=\"ez-toc-section\" id=\"So_gelangen_Sie_von_Bol_zum_Flughafen_Split\"><\/span><b>So gelangen Sie von Bol zum Flughafen Split:<\/b><span class=\"ez-toc-section-end\"><\/span><\/h3>\n\n\n\n<p>Es gibt <strong>ein paar Mal am Tag<\/strong> direkte Passagierf\u00e4hren <strong>von Bol nach Split.<\/strong> Wenn Ihnen keine der Abfahrten entspricht, k\u00f6nnen Sie eine F\u00e4hre von <a href=\"https:\/\/www.ferrycroatia.com\/de\/supetar-split\/\">Supetar nach Split<\/a> nehmen (diese sind h\u00e4ufiger). Beachten Sie jedoch, dass die <a href=\"https:\/\/getbybus.com\/de\/bus-bol-nach-supetar\"><strong>Busfahrt von Bol nach Supetar<\/strong><\/a> bis zu einer Stunde dauern kann. Sobald Sie den <a href=\"https:\/\/www.ferrycroatia.com\/de\/fahrhafen-split\/\">F\u00e4hrhafen von Split<\/a> erreicht haben, <strong>\u00fcberqueren Sie einfach die Stra\u00dfe, um zum Hauptbusbahnhof<\/strong> zu gelangen, wo Sie einen Shuttlebus zum Flughafen nehmen.<\/p>\n\n\n\n<p>Der Flughafen liegt etwa <strong>25 km von Split<\/strong> entfernt und mit dem Shuttlebus dauert es etwa 30 bis 40 Minuten.<\/p>\n\n\n\n<h3><span class=\"ez-toc-section\" id=\"Bol_mit_dem_Bus_erreichen\"><\/span><b>Bol mit dem Bus erreichen:<\/b><span class=\"ez-toc-section-end\"><\/span><\/h3>\n\n\n\n<p><strong>Wenn Sie mit dem Bus anreisen und Bol erreichen m\u00f6chten<\/strong>, m\u00fcssen Sie zuerst nach Split fahren, das durch regelm\u00e4\u00dfige und saisonale Buslinien mit vielen kroatischen und sogar <strong>europ\u00e4ischen Zielen<\/strong> verbunden ist. Der Hauptbusbahnhof befindet sich buchst\u00e4blich gegen\u00fcber dem F\u00e4hrterminal, wo Sie einen direkten Katamaran nach Bol nehmen. F\u00fcr den genauen Standort klicken Sie <a href=\"https:\/\/getbybus.com\/de\/bus-von-split\">hier<\/a>.<\/p>\n\n\n\n<p>Wenn Sie mit dem Auto unterwegs sind, k\u00f6nnen Sie alternativ eine <a href=\"https:\/\/www.ferrycroatia.com\/de\/fahrhafen-supetar\/\">F\u00e4hre nach Supetar<\/a> nehmen und dann nach Bol fahren.<\/p>\n\n\n\n<h3><span class=\"ez-toc-section\" id=\"Was_Sie_im_Hafen_von_Bol_finden_konnen\"><\/span><b>Was Sie im Hafen von Bol finden k\u00f6nnen:<\/b><span class=\"ez-toc-section-end\"><\/span><\/h3>\n\n\n\n<p>Wie oben erw\u00e4hnt, befindet sich der Katamaran Hafen in Bol direkt<strong> im Stadtzentrum neben der Hauptpromenade<\/strong> am Meer, sodass Sie dort offensichtlich viele Einrichtungen finden k\u00f6nnen: Gesch\u00e4fte, Bars, Restaurants, Geldautomaten usw.<\/p>\n\n\n\n<h3><span class=\"ez-toc-section\" id=\"Adresse_des_Hafens_Bol\"><\/span><b>Adresse des Hafens Bol:<\/b><span class=\"ez-toc-section-end\"><\/span><\/h3>\n\n\n\n<blockquote class=\"wp-block-quote\"><p>Ra\u010di\u0107eva<\/p><p>21420 Bol (Bra\u010d)<\/p><p><strong>GPS-Koordinaten:<\/strong> 43.26092, 16.65739<\/p><\/blockquote>\n\n\n\n<figure class=\"wp-block-image\"><a class=\"lightbox\" href=\"http:\/\/www.ferrycroatia.com\/wp-content\/uploads\/2016\/06\/Bol.jpg\"><img decoding=\"async\" data-src=\"http:\/\/www.ferrycroatia.com\/wp-content\/uploads\/2016\/06\/Bol.jpg\" alt=\"Bol\" class=\"wp-image-230\"\/><\/a><\/figure>\n\n\n\n<h3><span class=\"ez-toc-section\" id=\"Liste_der_Fahrverbindungen_von_nach_Bol\"><\/span><b>Liste der F\u00e4hrverbindungen von \/ nach Bol:<\/b><span class=\"ez-toc-section-end\"><\/span><\/h3>\n\n\n\n<p>Katamaran Linie von Split \u00fcber Bol nach Jelsa auf Hvar<\/p>\n\n\n\n<figure class=\"wp-block-table\"><table><tbody><tr><td><a href=\"https:\/\/www.ferrycroatia.com\/de\/bol-split\/\">Bol &#8211; Split<\/a><\/td><td><a href=\"https:\/\/www.ferrycroatia.com\/de\/bol-jelsa\/\">Bol &#8211; Jelsa<\/a><\/td><\/tr><tr><td><a href=\"https:\/\/www.ferrycroatia.com\/de\/split-bol\/\">Split &#8211; Bol<\/a><\/td><td><a href=\"https:\/\/www.ferrycroatia.com\/de\/jelsa-bol\/\">Jelsa &#8211; Bol<\/a><\/td><\/tr><\/tbody><\/table><\/figure>\n\n\n\n<p>Katamaran Linie von Split \u00fcber Bol nach Makarska, Sobra (Mljet), Korcula nach Dubrovnik<\/p>\n\n\n\n<figure class=\"wp-block-table\"><table><tbody><tr><td><a href=\"https:\/\/www.ferrycroatia.com\/de\/bol-makarska\/\">Bol &#8211; Makarska<\/a><\/td><td><a href=\"https:\/\/www.ferrycroatia.com\/de\/bol-sobra\/\">Bol &#8211; Mljet<\/a><\/td><td><a href=\"https:\/\/www.ferrycroatia.com\/de\/bol-korcula\/\">Bol &#8211; Korcula<\/a><\/td><\/tr><tr><td><a href=\"https:\/\/www.ferrycroatia.com\/de\/makarska-bol\/\">Makarska &#8211; Bol<\/a><\/td><td><a href=\"https:\/\/www.ferrycroatia.com\/de\/sobra-bol\/\">Mljet &#8211; Bol<\/a><\/td><td><a href=\"https:\/\/www.ferrycroatia.com\/de\/korcula-bol\/\">Korcula &#8211; Bol<\/a><\/td><\/tr><\/tbody><\/table><\/figure>\n\n\n\n<p>Katamaran Linie von Split \u00fcber Bol nach Hvar, Korcula und Dubrovnik<\/p>\n\n\n\n<figure class=\"wp-block-table\"><table><tbody><tr><td><a href=\"https:\/\/www.ferrycroatia.com\/de\/bol-hvar\/\">Bol &#8211; Hvar<\/a><\/td><td><a href=\"https:\/\/www.ferrycroatia.com\/de\/bol-dubrovnik\/\">Bol &#8211; Dubrovnik<\/a><\/td><\/tr><tr><td><a href=\"https:\/\/www.ferrycroatia.com\/de\/hvar-bol\/\">Hvar &#8211; Bol<\/a><\/td><td><a href=\"https:\/\/www.ferrycroatia.com\/de\/dubrovnik-bol\/\">Dubrovnik &#8211; Bol<\/a><\/td><\/tr><\/tbody><\/table><\/figure>\n\n\n\n<h3><span class=\"ez-toc-section\" id=\"Schauen_Sie_sich_unser_Video_uber_den_Tagesausflug_nach_Bol_Brac_an\"><\/span>Schauen Sie sich unser Video \u00fcber den Tagesausflug nach Bol (Brac) an<span class=\"ez-toc-section-end\"><\/span><\/h3>\n\n\n\n<p><iframe loading=\"lazy\" title=\"YouTube video player\" src=\"https:\/\/www.youtube.com\/embed\/7E7OYzG2eK4?si=s5SJdU9TiNB4iTKb\" width=\"560\" height=\"315\" frameborder=\"0\" allowfullscreen=\"allowfullscreen\"><\/iframe><\/p>\n","protected":false},"excerpt":{"rendered":"<p>Bol ist eine Stadt auf der S\u00fcdseite der Insel Bra\u010d, die f\u00fcr einen der beliebtesten Str\u00e4nde Kroatiens bekannt ist &#8211; Zlatni Rat. Bol ist durch regelm\u00e4\u00dfige Katamaran Linien mit dem Festland (Split) und der Insel Hvar (Jelsa) verbunden. Der Pier, von dem der Katamaran abf\u00e4hrt, befindet sich neben der Hauptpromenade am Meer im Stadtzentrum. Unsere [&hellip;]<\/p>\n<p><a class=\"more-link\" href=\"https:\/\/www.ferrycroatia.com\/de\/fahrhafen-bol\/\"> Continue reading&#8230;<\/a><\/p>\n","protected":false},"author":5,"featured_media":1115,"parent":0,"menu_order":0,"comment_status":"closed","ping_status":"closed","template":"","meta":[],"yoast_head":"<!-- This site is optimized with the Yoast SEO plugin v19.8 - https:\/\/yoast.com\/wordpress\/plugins\/seo\/ -->\n<title>F\u00e4hrhafen Bol, Katamaran von &amp; nach Bol auf der Insel Brac<\/title>\n<meta name=\"description\" content=\"Katamaran vom F\u00e4hrhafen Bol, Informationen \u00fcber den F\u00e4hrhafen, wie man ihn zu Fu\u00df, mit dem Taxi oder Bus erreicht, Liste der F\u00e4hre und des Katamarans von und nach Bol auf der Insel Brac\" \/>\n<meta name=\"robots\" content=\"index, follow, max-snippet:-1, max-image-preview:large, max-video-preview:-1\" \/>\n<link rel=\"canonical\" href=\"https:\/\/www.ferrycroatia.com\/de\/fahrhafen-bol\/\" \/>\n<meta property=\"og:locale\" content=\"en_US\" \/>\n<meta property=\"og:type\" content=\"article\" \/>\n<meta property=\"og:title\" content=\"F\u00e4hrhafen Bol, Katamaran von &amp; nach Bol auf der Insel Brac\" \/>\n<meta property=\"og:description\" content=\"Katamaran vom F\u00e4hrhafen Bol, Informationen \u00fcber den F\u00e4hrhafen, wie man ihn zu Fu\u00df, mit dem Taxi oder Bus erreicht, Liste der F\u00e4hre und des Katamarans von und nach Bol auf der Insel Brac\" \/>\n<meta property=\"og:url\" content=\"https:\/\/www.ferrycroatia.com\/de\/fahrhafen-bol\/\" \/>\n<meta property=\"og:site_name\" content=\"F\u00e4hre Kroatien\" \/>\n<meta property=\"article:modified_time\" content=\"2023-12-19T12:27:22+00:00\" \/>\n<meta property=\"og:image\" content=\"https:\/\/www.ferrycroatia.com\/de\/wp-content\/uploads\/2021\/02\/Bol-auf-Brac.jpg\" \/>\n\t<meta property=\"og:image:width\" content=\"1024\" \/>\n\t<meta property=\"og:image:height\" content=\"763\" \/>\n\t<meta property=\"og:image:type\" content=\"image\/jpeg\" \/>\n<meta name=\"twitter:card\" content=\"summary_large_image\" \/>\n<meta name=\"twitter:label1\" content=\"Est. reading time\" \/>\n\t<meta name=\"twitter:data1\" content=\"3 minutes\" \/>\n<script type=\"application\/ld+json\" class=\"yoast-schema-graph\">{\"@context\":\"https:\/\/schema.org\",\"@graph\":[{\"@type\":\"WebPage\",\"@id\":\"https:\/\/www.ferrycroatia.com\/de\/fahrhafen-bol\/\",\"url\":\"https:\/\/www.ferrycroatia.com\/de\/fahrhafen-bol\/\",\"name\":\"F\u00e4hrhafen Bol, Katamaran von & nach Bol auf der Insel Brac\",\"isPartOf\":{\"@id\":\"https:\/\/www.ferrycroatia.com\/de\/#website\"},\"datePublished\":\"2021-02-03T08:41:09+00:00\",\"dateModified\":\"2023-12-19T12:27:22+00:00\",\"description\":\"Katamaran vom F\u00e4hrhafen Bol, Informationen \u00fcber den F\u00e4hrhafen, wie man ihn zu Fu\u00df, mit dem Taxi oder Bus erreicht, Liste der F\u00e4hre und des Katamarans von und nach Bol auf der Insel Brac\",\"breadcrumb\":{\"@id\":\"https:\/\/www.ferrycroatia.com\/de\/fahrhafen-bol\/#breadcrumb\"},\"inLanguage\":\"en-US\",\"potentialAction\":[{\"@type\":\"ReadAction\",\"target\":[\"https:\/\/www.ferrycroatia.com\/de\/fahrhafen-bol\/\"]}]},{\"@type\":\"BreadcrumbList\",\"@id\":\"https:\/\/www.ferrycroatia.com\/de\/fahrhafen-bol\/#breadcrumb\",\"itemListElement\":[{\"@type\":\"ListItem\",\"position\":1,\"name\":\"Home\",\"item\":\"https:\/\/www.ferrycroatia.com\/de\/\"},{\"@type\":\"ListItem\",\"position\":2,\"name\":\"F\u00e4hrhafen Bol\"}]},{\"@type\":\"WebSite\",\"@id\":\"https:\/\/www.ferrycroatia.com\/de\/#website\",\"url\":\"https:\/\/www.ferrycroatia.com\/de\/\",\"name\":\"F\u00e4hre Kroatien\",\"description\":\"Info und Fahrpl\u00e4ne f\u00fcr alle Katamarane und F\u00e4hren in Kroatien\",\"potentialAction\":[{\"@type\":\"SearchAction\",\"target\":{\"@type\":\"EntryPoint\",\"urlTemplate\":\"https:\/\/www.ferrycroatia.com\/de\/?s={search_term_string}\"},\"query-input\":\"required name=search_term_string\"}],\"inLanguage\":\"en-US\"}]}<\/script>\n<!-- \/ Yoast SEO plugin. -->","yoast_head_json":{"title":"F\u00e4hrhafen Bol, Katamaran von & nach Bol auf der Insel Brac","description":"Katamaran vom F\u00e4hrhafen Bol, Informationen \u00fcber den F\u00e4hrhafen, wie man ihn zu Fu\u00df, mit dem Taxi oder Bus erreicht, Liste der F\u00e4hre und des Katamarans von und nach Bol auf der Insel Brac","robots":{"index":"index","follow":"follow","max-snippet":"max-snippet:-1","max-image-preview":"max-image-preview:large","max-video-preview":"max-video-preview:-1"},"canonical":"https:\/\/www.ferrycroatia.com\/de\/fahrhafen-bol\/","og_locale":"en_US","og_type":"article","og_title":"F\u00e4hrhafen Bol, Katamaran von & nach Bol auf der Insel Brac","og_description":"Katamaran vom F\u00e4hrhafen Bol, Informationen \u00fcber den F\u00e4hrhafen, wie man ihn zu Fu\u00df, mit dem Taxi oder Bus erreicht, Liste der F\u00e4hre und des Katamarans von und nach Bol auf der Insel Brac","og_url":"https:\/\/www.ferrycroatia.com\/de\/fahrhafen-bol\/","og_site_name":"F\u00e4hre Kroatien","article_modified_time":"2023-12-19T12:27:22+00:00","og_image":[{"width":1024,"height":763,"url":"https:\/\/www.ferrycroatia.com\/de\/wp-content\/uploads\/2021\/02\/Bol-auf-Brac.jpg","type":"image\/jpeg"}],"twitter_card":"summary_large_image","twitter_misc":{"Est. reading time":"3 minutes"},"schema":{"@context":"https:\/\/schema.org","@graph":[{"@type":"WebPage","@id":"https:\/\/www.ferrycroatia.com\/de\/fahrhafen-bol\/","url":"https:\/\/www.ferrycroatia.com\/de\/fahrhafen-bol\/","name":"F\u00e4hrhafen Bol, Katamaran von & nach Bol auf der Insel Brac","isPartOf":{"@id":"https:\/\/www.ferrycroatia.com\/de\/#website"},"datePublished":"2021-02-03T08:41:09+00:00","dateModified":"2023-12-19T12:27:22+00:00","description":"Katamaran vom F\u00e4hrhafen Bol, Informationen \u00fcber den F\u00e4hrhafen, wie man ihn zu Fu\u00df, mit dem Taxi oder Bus erreicht, Liste der F\u00e4hre und des Katamarans von und nach Bol auf der Insel Brac","breadcrumb":{"@id":"https:\/\/www.ferrycroatia.com\/de\/fahrhafen-bol\/#breadcrumb"},"inLanguage":"en-US","potentialAction":[{"@type":"ReadAction","target":["https:\/\/www.ferrycroatia.com\/de\/fahrhafen-bol\/"]}]},{"@type":"BreadcrumbList","@id":"https:\/\/www.ferrycroatia.com\/de\/fahrhafen-bol\/#breadcrumb","itemListElement":[{"@type":"ListItem","position":1,"name":"Home","item":"https:\/\/www.ferrycroatia.com\/de\/"},{"@type":"ListItem","position":2,"name":"F\u00e4hrhafen Bol"}]},{"@type":"WebSite","@id":"https:\/\/www.ferrycroatia.com\/de\/#website","url":"https:\/\/www.ferrycroatia.com\/de\/","name":"F\u00e4hre Kroatien","description":"Info und Fahrpl\u00e4ne f\u00fcr alle Katamarane und F\u00e4hren in Kroatien","potentialAction":[{"@type":"SearchAction","target":{"@type":"EntryPoint","urlTemplate":"https:\/\/www.ferrycroatia.com\/de\/?s={search_term_string}"},"query-input":"required name=search_term_string"}],"inLanguage":"en-US"}]}},"_links":{"self":[{"href":"https:\/\/www.ferrycroatia.com\/de\/wp-json\/wp\/v2\/pages\/1114"}],"collection":[{"href":"https:\/\/www.ferrycroatia.com\/de\/wp-json\/wp\/v2\/pages"}],"about":[{"href":"https:\/\/www.ferrycroatia.com\/de\/wp-json\/wp\/v2\/types\/page"}],"author":[{"embeddable":true,"href":"https:\/\/www.ferrycroatia.com\/de\/wp-json\/wp\/v2\/users\/5"}],"replies":[{"embeddable":true,"href":"https:\/\/www.ferrycroatia.com\/de\/wp-json\/wp\/v2\/comments?post=1114"}],"version-history":[{"count":4,"href":"https:\/\/www.ferrycroatia.com\/de\/wp-json\/wp\/v2\/pages\/1114\/revisions"}],"predecessor-version":[{"id":2373,"href":"https:\/\/www.ferrycroatia.com\/de\/wp-json\/wp\/v2\/pages\/1114\/revisions\/2373"}],"wp:featuredmedia":[{"embeddable":true,"href":"https:\/\/www.ferrycroatia.com\/de\/wp-json\/wp\/v2\/media\/1115"}],"wp:attachment":[{"href":"https:\/\/www.ferrycroatia.com\/de\/wp-json\/wp\/v2\/media?parent=1114"}],"curies":[{"name":"wp","href":"https:\/\/api.w.org\/{rel}","templated":true}]}}