{"id":1117,"date":"2021-02-03T08:46:08","date_gmt":"2021-02-03T08:46:08","guid":{"rendered":"https:\/\/ferrycroatia.com\/de\/?page_id=1117"},"modified":"2021-02-09T09:01:14","modified_gmt":"2021-02-09T09:01:14","slug":"fahrhafen-bozava","status":"publish","type":"page","link":"https:\/\/www.ferrycroatia.com\/de\/fahrhafen-bozava\/","title":{"rendered":"F\u00e4hrhafen Bo\u017eava"},"content":{"rendered":"<p><strong>Bo\u017eava ist eine kleine Stadt im Nordosten der <a href=\"https:\/\/www.ferrycroatia.com\/de\/insel-dugi-otok\/\">Insel Dugi Otok<\/a>.<\/strong> Es ist ein entwickeltes Touristenziel mit einem kleinen Katamaran Hafen, der durch regelm\u00e4\u00dfige Katamaran Linien mit Zadar und den Inseln <a href=\"https:\/\/www.ferrycroatia.com\/de\/insel-sestrunj\/\">Sestrunj<\/a>, <a href=\"https:\/\/www.ferrycroatia.com\/de\/insel-zverinac\/\">Zverinac<\/a> und <a href=\"https:\/\/www.ferrycroatia.com\/de\/insel-rivanj\/\">Rivanj<\/a> verbunden ist. Der Katamaran Hafen von Bo\u017eava befindet sich am Anfang einer engen Bucht, die <strong>gut vor Wind und Wellen gesch\u00fctzt<\/strong> ist und mitten in der Stadt liegt.<\/p>\n<div id=\"ez-toc-container\" class=\"ez-toc-v2_0_62 counter-hierarchy ez-toc-counter ez-toc-custom ez-toc-container-direction\">\n<div class=\"ez-toc-title-container\">\n<p class=\"ez-toc-title \" >Table of Contents<\/p>\n<span class=\"ez-toc-title-toggle\"><a href=\"#\" class=\"ez-toc-pull-right ez-toc-btn ez-toc-btn-xs ez-toc-btn-default ez-toc-toggle\" aria-label=\"Toggle Table of Content\"><span class=\"ez-toc-js-icon-con\"><span class=\"\"><span class=\"eztoc-hide\" style=\"display:none;\">Toggle<\/span><span class=\"ez-toc-icon-toggle-span\"><svg style=\"fill: #070c63;color:#070c63\" xmlns=\"http:\/\/www.w3.org\/2000\/svg\" class=\"list-377408\" width=\"20px\" height=\"20px\" viewBox=\"0 0 24 24\" fill=\"none\"><path d=\"M6 6H4v2h2V6zm14 0H8v2h12V6zM4 11h2v2H4v-2zm16 0H8v2h12v-2zM4 16h2v2H4v-2zm16 0H8v2h12v-2z\" fill=\"currentColor\"><\/path><\/svg><svg style=\"fill: #070c63;color:#070c63\" class=\"arrow-unsorted-368013\" xmlns=\"http:\/\/www.w3.org\/2000\/svg\" width=\"10px\" height=\"10px\" viewBox=\"0 0 24 24\" version=\"1.2\" baseProfile=\"tiny\"><path d=\"M18.2 9.3l-6.2-6.3-6.2 6.3c-.2.2-.3.4-.3.7s.1.5.3.7c.2.2.4.3.7.3h11c.3 0 .5-.1.7-.3.2-.2.3-.5.3-.7s-.1-.5-.3-.7zM5.8 14.7l6.2 6.3 6.2-6.3c.2-.2.3-.5.3-.7s-.1-.5-.3-.7c-.2-.2-.4-.3-.7-.3h-11c-.3 0-.5.1-.7.3-.2.2-.3.5-.3.7s.1.5.3.7z\"\/><\/svg><\/span><\/span><\/span><\/a><\/span><\/div>\n<nav><ul class='ez-toc-list ez-toc-list-level-1 eztoc-toggle-hide-by-default' ><li class='ez-toc-page-1 ez-toc-heading-level-3'><a class=\"ez-toc-link ez-toc-heading-1\" href=\"https:\/\/www.ferrycroatia.com\/de\/fahrhafen-bozava\/#An-_und_Abreise_zum_Hafen_in_Bozava\" title=\"An- und Abreise zum Hafen in Bo\u017eava:\">An- und Abreise zum Hafen in Bo\u017eava:<\/a><\/li><li class='ez-toc-page-1 ez-toc-heading-level-3'><a class=\"ez-toc-link ez-toc-heading-2\" href=\"https:\/\/www.ferrycroatia.com\/de\/fahrhafen-bozava\/#Was_Sie_am_Hafen_von_Bozava_finden_konnen\" title=\"Was Sie am Hafen von Bo\u017eava finden k\u00f6nnen:\">Was Sie am Hafen von Bo\u017eava finden k\u00f6nnen:<\/a><\/li><li class='ez-toc-page-1 ez-toc-heading-level-3'><a class=\"ez-toc-link ez-toc-heading-3\" href=\"https:\/\/www.ferrycroatia.com\/de\/fahrhafen-bozava\/#Adresse_des_Hafens_Bozava\" title=\"Adresse des Hafens Bo\u017eava:\">Adresse des Hafens Bo\u017eava:<\/a><\/li><li class='ez-toc-page-1 ez-toc-heading-level-3'><a class=\"ez-toc-link ez-toc-heading-4\" href=\"https:\/\/www.ferrycroatia.com\/de\/fahrhafen-bozava\/#Fahrverbindungen_von_und_nach_Bozava\" title=\"F\u00e4hrverbindungen von und nach Bo\u017eava:\">F\u00e4hrverbindungen von und nach Bo\u017eava:<\/a><\/li><\/ul><\/nav><\/div>\n<h3><span class=\"ez-toc-section\" id=\"An-_und_Abreise_zum_Hafen_in_Bozava\"><\/span><b>An- und Abreise zum Hafen in Bo\u017eava:<\/b><span class=\"ez-toc-section-end\"><\/span><\/h3>\n<p>Die Reisezeit mit der <strong>Schnellf\u00e4hre von Zadar nach Bo\u017eava<\/strong> betr\u00e4gt ca. 1 Stunde und 30 Minuten. Die Linie verkehrt nur w\u00e4hrend der Sommersaison. Sobald Sie in Bo\u017eava angekommen sind, k\u00f6nnen Sie zu Fu\u00df zu Ihrer Unterkunft gehen, da die Stadt sehr klein ist. <strong>Wenn Sie an einen anderen Ort in Dugi Otok m\u00fcssen,<\/strong> sollten Sie Ihren Vermieter um Rat fragen.<\/p>\n<h3><span class=\"ez-toc-section\" id=\"Was_Sie_am_Hafen_von_Bozava_finden_konnen\"><\/span><b>Was Sie am Hafen von Bo\u017eava finden k\u00f6nnen:<\/b><span class=\"ez-toc-section-end\"><\/span><\/h3>\n<p>Der Pier, von dem der Katamaran abf\u00e4hrt, befindet sich direkt im Zentrum der Stadt, sodass Sie einige Einrichtungen in der N\u00e4he finden k\u00f6nnen (einige davon als Teil eines Hotelkomplexes): Bars, Restaurants, Gesch\u00e4fte, ein Postamt usw.<\/p>\n<h3><span class=\"ez-toc-section\" id=\"Adresse_des_Hafens_Bozava\"><\/span><b>Adresse des Hafens Bo\u017eava:<\/b><span class=\"ez-toc-section-end\"><\/span><\/h3>\n<ul>\n<li>L\u00e4ngengrad: 14.906786<\/li>\n<li>Breitengrad: 44.139598<\/li>\n<li>23286 Bo\u017eava (Dugi Otok)<\/li>\n<\/ul>\n<p><b><a class=\"lightbox\" href=\"http:\/\/www.ferrycroatia.com\/wp-content\/uploads\/2016\/08\/bozava-catamaran-port.jpg\"><img decoding=\"async\" loading=\"lazy\" class=\"alignnone size-full wp-image-619\" data-src=\"http:\/\/www.ferrycroatia.com\/wp-content\/uploads\/2016\/08\/bozava-catamaran-port.jpg\" alt=\"bozava catamaran port\" width=\"1024\" height=\"715\" \/><\/a><\/b><\/p>\n<h3><span class=\"ez-toc-section\" id=\"Fahrverbindungen_von_und_nach_Bozava\"><\/span><b>F\u00e4hrverbindungen von und nach Bo\u017eava:<\/b><span class=\"ez-toc-section-end\"><\/span><\/h3>\n<p>Linie: Zadar &#8211; Rivanj &#8211; Sestrunj &#8211; Zverinac &#8211; Bo\u017eava (Dugi Otok) &#8211; Brbinj<\/p>\n<table border=\"1px solid black\" width=\"747\">\n<tbody>\n<tr>\n<td style=\"text-align: center;\"><a href=\"https:\/\/www.ferrycroatia.com\/de\/bozava-zadar\/\">Bozava &#8211; Zadar<\/a><\/td>\n<td style=\"text-align: center;\"><a href=\"https:\/\/www.ferrycroatia.com\/de\/bozava-brbinj\/\">Bozava &#8211; Brbinj<\/a><\/td>\n<td style=\"text-align: center;\"><a href=\"https:\/\/www.ferrycroatia.com\/de\/bozava-zverinac\/\">Bozava &#8211; Zverinac<\/a><\/td>\n<td style=\"text-align: center;\"><a href=\"https:\/\/www.ferrycroatia.com\/de\/bozava-sestrunj\/\">Bozava &#8211; Sestrunj<\/a><\/td>\n<td style=\"text-align: center;\"><a href=\"https:\/\/www.ferrycroatia.com\/de\/bozava-rivanj\/\">Bozava &#8211; Rivanj<\/a><\/td>\n<\/tr>\n<tr>\n<td style=\"text-align: center;\"><a href=\"https:\/\/www.ferrycroatia.com\/de\/zadar-bozava\/\">Zadar &#8211; Bozava<\/a><\/td>\n<td style=\"text-align: center;\"><a href=\"https:\/\/www.ferrycroatia.com\/de\/brbinj-bozava\/\">Brbinj &#8211; Bozava<\/a><\/td>\n<td style=\"text-align: center;\"><a href=\"https:\/\/www.ferrycroatia.com\/de\/zverinac-bozava\/\">Zverinac &#8211; Bozava<\/a><\/td>\n<td style=\"text-align: center;\"><a href=\"https:\/\/www.ferrycroatia.com\/de\/sestrunj-bozava\/\">Sestrunj &#8211; Bozava<\/a><\/td>\n<td style=\"text-align: center;\"><a href=\"https:\/\/www.ferrycroatia.com\/de\/rivanj-bozava\/\">Rivanj &#8211; Bozava<\/a><\/td>\n<\/tr>\n<\/tbody>\n<\/table>\n","protected":false},"excerpt":{"rendered":"<p>Bo\u017eava ist eine kleine Stadt im Nordosten der Insel Dugi Otok. Es ist ein entwickeltes Touristenziel mit einem kleinen Katamaran Hafen, der durch regelm\u00e4\u00dfige Katamaran Linien mit Zadar und den Inseln Sestrunj, Zverinac und Rivanj verbunden ist. Der Katamaran Hafen von Bo\u017eava befindet sich am Anfang einer engen Bucht, die gut vor Wind und Wellen [&hellip;]<\/p>\n<p><a class=\"more-link\" href=\"https:\/\/www.ferrycroatia.com\/de\/fahrhafen-bozava\/\"> Continue reading&#8230;<\/a><\/p>\n","protected":false},"author":5,"featured_media":0,"parent":0,"menu_order":0,"comment_status":"closed","ping_status":"closed","template":"","meta":[],"yoast_head":"<!-- This site is optimized with the Yoast SEO plugin v19.8 - https:\/\/yoast.com\/wordpress\/plugins\/seo\/ -->\n<title>Hafen Bo\u017eava, F\u00e4hre von &amp; nach Bo\u017eava auf der Insel Dugi Otok<\/title>\n<meta name=\"robots\" content=\"index, follow, max-snippet:-1, max-image-preview:large, max-video-preview:-1\" \/>\n<link rel=\"canonical\" href=\"https:\/\/www.ferrycroatia.com\/de\/fahrhafen-bozava\/\" \/>\n<meta property=\"og:locale\" content=\"en_US\" \/>\n<meta property=\"og:type\" content=\"article\" \/>\n<meta property=\"og:title\" content=\"Hafen Bo\u017eava, F\u00e4hre von &amp; nach Bo\u017eava auf der Insel Dugi Otok\" \/>\n<meta property=\"og:description\" content=\"Bo\u017eava ist eine kleine Stadt im Nordosten der Insel Dugi Otok. Es ist ein entwickeltes Touristenziel mit einem kleinen Katamaran Hafen, der durch regelm\u00e4\u00dfige Katamaran Linien mit Zadar und den Inseln Sestrunj, Zverinac und Rivanj verbunden ist. Der Katamaran Hafen von Bo\u017eava befindet sich am Anfang einer engen Bucht, die gut vor Wind und Wellen [&hellip;] Continue reading...\" \/>\n<meta property=\"og:url\" content=\"https:\/\/www.ferrycroatia.com\/de\/fahrhafen-bozava\/\" \/>\n<meta property=\"og:site_name\" content=\"F\u00e4hre Kroatien\" \/>\n<meta property=\"article:modified_time\" content=\"2021-02-09T09:01:14+00:00\" \/>\n<meta property=\"og:image\" content=\"http:\/\/www.ferrycroatia.com\/wp-content\/uploads\/2016\/08\/bozava-catamaran-port.jpg\" \/>\n<meta name=\"twitter:card\" content=\"summary_large_image\" \/>\n<meta name=\"twitter:label1\" content=\"Est. reading time\" \/>\n\t<meta name=\"twitter:data1\" content=\"1 minute\" \/>\n<script type=\"application\/ld+json\" class=\"yoast-schema-graph\">{\"@context\":\"https:\/\/schema.org\",\"@graph\":[{\"@type\":\"WebPage\",\"@id\":\"https:\/\/www.ferrycroatia.com\/de\/fahrhafen-bozava\/\",\"url\":\"https:\/\/www.ferrycroatia.com\/de\/fahrhafen-bozava\/\",\"name\":\"Hafen Bo\u017eava, F\u00e4hre von & nach Bo\u017eava auf der Insel Dugi Otok\",\"isPartOf\":{\"@id\":\"https:\/\/www.ferrycroatia.com\/de\/#website\"},\"datePublished\":\"2021-02-03T08:46:08+00:00\",\"dateModified\":\"2021-02-09T09:01:14+00:00\",\"breadcrumb\":{\"@id\":\"https:\/\/www.ferrycroatia.com\/de\/fahrhafen-bozava\/#breadcrumb\"},\"inLanguage\":\"en-US\",\"potentialAction\":[{\"@type\":\"ReadAction\",\"target\":[\"https:\/\/www.ferrycroatia.com\/de\/fahrhafen-bozava\/\"]}]},{\"@type\":\"BreadcrumbList\",\"@id\":\"https:\/\/www.ferrycroatia.com\/de\/fahrhafen-bozava\/#breadcrumb\",\"itemListElement\":[{\"@type\":\"ListItem\",\"position\":1,\"name\":\"Home\",\"item\":\"https:\/\/www.ferrycroatia.com\/de\/\"},{\"@type\":\"ListItem\",\"position\":2,\"name\":\"F\u00e4hrhafen Bo\u017eava\"}]},{\"@type\":\"WebSite\",\"@id\":\"https:\/\/www.ferrycroatia.com\/de\/#website\",\"url\":\"https:\/\/www.ferrycroatia.com\/de\/\",\"name\":\"F\u00e4hre Kroatien\",\"description\":\"Info und Fahrpl\u00e4ne f\u00fcr alle Katamarane und F\u00e4hren in Kroatien\",\"potentialAction\":[{\"@type\":\"SearchAction\",\"target\":{\"@type\":\"EntryPoint\",\"urlTemplate\":\"https:\/\/www.ferrycroatia.com\/de\/?s={search_term_string}\"},\"query-input\":\"required name=search_term_string\"}],\"inLanguage\":\"en-US\"}]}<\/script>\n<!-- \/ Yoast SEO plugin. -->","yoast_head_json":{"title":"Hafen Bo\u017eava, F\u00e4hre von & nach Bo\u017eava auf der Insel Dugi Otok","robots":{"index":"index","follow":"follow","max-snippet":"max-snippet:-1","max-image-preview":"max-image-preview:large","max-video-preview":"max-video-preview:-1"},"canonical":"https:\/\/www.ferrycroatia.com\/de\/fahrhafen-bozava\/","og_locale":"en_US","og_type":"article","og_title":"Hafen Bo\u017eava, F\u00e4hre von & nach Bo\u017eava auf der Insel Dugi Otok","og_description":"Bo\u017eava ist eine kleine Stadt im Nordosten der Insel Dugi Otok. Es ist ein entwickeltes Touristenziel mit einem kleinen Katamaran Hafen, der durch regelm\u00e4\u00dfige Katamaran Linien mit Zadar und den Inseln Sestrunj, Zverinac und Rivanj verbunden ist. Der Katamaran Hafen von Bo\u017eava befindet sich am Anfang einer engen Bucht, die gut vor Wind und Wellen [&hellip;] Continue reading...","og_url":"https:\/\/www.ferrycroatia.com\/de\/fahrhafen-bozava\/","og_site_name":"F\u00e4hre Kroatien","article_modified_time":"2021-02-09T09:01:14+00:00","og_image":[{"url":"http:\/\/www.ferrycroatia.com\/wp-content\/uploads\/2016\/08\/bozava-catamaran-port.jpg"}],"twitter_card":"summary_large_image","twitter_misc":{"Est. reading time":"1 minute"},"schema":{"@context":"https:\/\/schema.org","@graph":[{"@type":"WebPage","@id":"https:\/\/www.ferrycroatia.com\/de\/fahrhafen-bozava\/","url":"https:\/\/www.ferrycroatia.com\/de\/fahrhafen-bozava\/","name":"Hafen Bo\u017eava, F\u00e4hre von & nach Bo\u017eava auf der Insel Dugi Otok","isPartOf":{"@id":"https:\/\/www.ferrycroatia.com\/de\/#website"},"datePublished":"2021-02-03T08:46:08+00:00","dateModified":"2021-02-09T09:01:14+00:00","breadcrumb":{"@id":"https:\/\/www.ferrycroatia.com\/de\/fahrhafen-bozava\/#breadcrumb"},"inLanguage":"en-US","potentialAction":[{"@type":"ReadAction","target":["https:\/\/www.ferrycroatia.com\/de\/fahrhafen-bozava\/"]}]},{"@type":"BreadcrumbList","@id":"https:\/\/www.ferrycroatia.com\/de\/fahrhafen-bozava\/#breadcrumb","itemListElement":[{"@type":"ListItem","position":1,"name":"Home","item":"https:\/\/www.ferrycroatia.com\/de\/"},{"@type":"ListItem","position":2,"name":"F\u00e4hrhafen Bo\u017eava"}]},{"@type":"WebSite","@id":"https:\/\/www.ferrycroatia.com\/de\/#website","url":"https:\/\/www.ferrycroatia.com\/de\/","name":"F\u00e4hre Kroatien","description":"Info und Fahrpl\u00e4ne f\u00fcr alle Katamarane und F\u00e4hren in Kroatien","potentialAction":[{"@type":"SearchAction","target":{"@type":"EntryPoint","urlTemplate":"https:\/\/www.ferrycroatia.com\/de\/?s={search_term_string}"},"query-input":"required name=search_term_string"}],"inLanguage":"en-US"}]}},"_links":{"self":[{"href":"https:\/\/www.ferrycroatia.com\/de\/wp-json\/wp\/v2\/pages\/1117"}],"collection":[{"href":"https:\/\/www.ferrycroatia.com\/de\/wp-json\/wp\/v2\/pages"}],"about":[{"href":"https:\/\/www.ferrycroatia.com\/de\/wp-json\/wp\/v2\/types\/page"}],"author":[{"embeddable":true,"href":"https:\/\/www.ferrycroatia.com\/de\/wp-json\/wp\/v2\/users\/5"}],"replies":[{"embeddable":true,"href":"https:\/\/www.ferrycroatia.com\/de\/wp-json\/wp\/v2\/comments?post=1117"}],"version-history":[{"count":4,"href":"https:\/\/www.ferrycroatia.com\/de\/wp-json\/wp\/v2\/pages\/1117\/revisions"}],"predecessor-version":[{"id":1555,"href":"https:\/\/www.ferrycroatia.com\/de\/wp-json\/wp\/v2\/pages\/1117\/revisions\/1555"}],"wp:attachment":[{"href":"https:\/\/www.ferrycroatia.com\/de\/wp-json\/wp\/v2\/media?parent=1117"}],"curies":[{"name":"wp","href":"https:\/\/api.w.org\/{rel}","templated":true}]}}