{"id":1119,"date":"2021-02-03T08:55:16","date_gmt":"2021-02-03T08:55:16","guid":{"rendered":"https:\/\/ferrycroatia.com\/de\/?page_id=1119"},"modified":"2021-02-09T09:22:26","modified_gmt":"2021-02-09T09:22:26","slug":"fahrhafen-brbinj","status":"publish","type":"page","link":"https:\/\/www.ferrycroatia.com\/de\/fahrhafen-brbinj\/","title":{"rendered":"F\u00e4hrhafen Brbinj"},"content":{"rendered":"<p>Brbinj ist eine kleine Stadt <strong>an der Nordostk\u00fcste der Insel Dugi Otok.<\/strong> Sie umfasst zwei Buchten. In der n\u00f6rdlichen Bucht Bura befindet sich ein F\u00e4hrhafen am Anfang der Bucht, etwa 2 km von der anderen Bucht entfernt. Brbinj ist durch regelm\u00e4\u00dfige F\u00e4hr- und Katamaran Linien mit dem <a href=\"https:\/\/www.ferrycroatia.com\/de\/fahrhafen-zadar\/\">Hafen nahe dem Zentrum von Zadar<\/a> und dem F\u00e4hrterminal Ga\u017eenica in Zadar, den Inseln Sestrunj, Zverinac und Rivanj verbunden.<\/p>\n<div id=\"ez-toc-container\" class=\"ez-toc-v2_0_62 counter-hierarchy ez-toc-counter ez-toc-custom ez-toc-container-direction\">\n<div class=\"ez-toc-title-container\">\n<p class=\"ez-toc-title \" >Table of Contents<\/p>\n<span class=\"ez-toc-title-toggle\"><a href=\"#\" class=\"ez-toc-pull-right ez-toc-btn ez-toc-btn-xs ez-toc-btn-default ez-toc-toggle\" aria-label=\"Toggle Table of Content\"><span class=\"ez-toc-js-icon-con\"><span class=\"\"><span class=\"eztoc-hide\" style=\"display:none;\">Toggle<\/span><span class=\"ez-toc-icon-toggle-span\"><svg style=\"fill: #070c63;color:#070c63\" xmlns=\"http:\/\/www.w3.org\/2000\/svg\" class=\"list-377408\" width=\"20px\" height=\"20px\" viewBox=\"0 0 24 24\" fill=\"none\"><path d=\"M6 6H4v2h2V6zm14 0H8v2h12V6zM4 11h2v2H4v-2zm16 0H8v2h12v-2zM4 16h2v2H4v-2zm16 0H8v2h12v-2z\" fill=\"currentColor\"><\/path><\/svg><svg style=\"fill: #070c63;color:#070c63\" class=\"arrow-unsorted-368013\" xmlns=\"http:\/\/www.w3.org\/2000\/svg\" width=\"10px\" height=\"10px\" viewBox=\"0 0 24 24\" version=\"1.2\" baseProfile=\"tiny\"><path d=\"M18.2 9.3l-6.2-6.3-6.2 6.3c-.2.2-.3.4-.3.7s.1.5.3.7c.2.2.4.3.7.3h11c.3 0 .5-.1.7-.3.2-.2.3-.5.3-.7s-.1-.5-.3-.7zM5.8 14.7l6.2 6.3 6.2-6.3c.2-.2.3-.5.3-.7s-.1-.5-.3-.7c-.2-.2-.4-.3-.7-.3h-11c-.3 0-.5.1-.7.3-.2.2-.3.5-.3.7s.1.5.3.7z\"\/><\/svg><\/span><\/span><\/span><\/a><\/span><\/div>\n<nav><ul class='ez-toc-list ez-toc-list-level-1 eztoc-toggle-hide-by-default' ><li class='ez-toc-page-1 ez-toc-heading-level-3'><a class=\"ez-toc-link ez-toc-heading-1\" href=\"https:\/\/www.ferrycroatia.com\/de\/fahrhafen-brbinj\/#An-_und_Abreise_zum_Fahrhafen_in_Brbinj\" title=\"An- und Abreise zum F\u00e4hrhafen in Brbinj:\">An- und Abreise zum F\u00e4hrhafen in Brbinj:<\/a><\/li><li class='ez-toc-page-1 ez-toc-heading-level-3'><a class=\"ez-toc-link ez-toc-heading-2\" href=\"https:\/\/www.ferrycroatia.com\/de\/fahrhafen-brbinj\/#Was_Sie_am_Fahrhafen_von_Brbinj_finden_konnen\" title=\"Was Sie am F\u00e4hrhafen von Brbinj finden k\u00f6nnen:\">Was Sie am F\u00e4hrhafen von Brbinj finden k\u00f6nnen:<\/a><\/li><li class='ez-toc-page-1 ez-toc-heading-level-3'><a class=\"ez-toc-link ez-toc-heading-3\" href=\"https:\/\/www.ferrycroatia.com\/de\/fahrhafen-brbinj\/#Adresse_des_Fahrhafens_Brbinj\" title=\"Adresse des F\u00e4hrhafens Brbinj:\">Adresse des F\u00e4hrhafens Brbinj:<\/a><\/li><li class='ez-toc-page-1 ez-toc-heading-level-3'><a class=\"ez-toc-link ez-toc-heading-4\" href=\"https:\/\/www.ferrycroatia.com\/de\/fahrhafen-brbinj\/#Fahr-_und_Katamaran-Routen_von_nach_Brbinj\" title=\"F\u00e4hr- und Katamaran-Routen von \/ nach Brbinj:\">F\u00e4hr- und Katamaran-Routen von \/ nach Brbinj:<\/a><\/li><\/ul><\/nav><\/div>\n<h3><span class=\"ez-toc-section\" id=\"An-_und_Abreise_zum_Fahrhafen_in_Brbinj\"><\/span><b>An- und Abreise zum F\u00e4hrhafen in Brbinj:<\/b><span class=\"ez-toc-section-end\"><\/span><\/h3>\n<p><strong>Brbinj ist eine kleine Inselstadt<\/strong> auf der <a href=\"https:\/\/www.ferrycroatia.com\/de\/insel-dugi-otok\/\">Insel Dugi Otok<\/a> und wie in den meisten Inselst\u00e4dten ist alles ziemlich nah. Egal wo sich Ihre Unterkunft befindet, <strong>der F\u00e4hrhafen ist bequem zu Fu\u00df erreichbar<\/strong> oder Sie k\u00f6nnen ein Taxi nehmen, wenn Sie etwas weiter entfernt sind oder wenn Sie viel Gep\u00e4ck haben.<\/p>\n<h3><span class=\"ez-toc-section\" id=\"Was_Sie_am_Fahrhafen_von_Brbinj_finden_konnen\"><\/span><b>Was Sie am F\u00e4hrhafen von Brbinj finden k\u00f6nnen:<\/b><span class=\"ez-toc-section-end\"><\/span><\/h3>\n<p>Brbinj ist eine kleine Stadt, daher gibt es dort nicht viele Einrichtungen, aber f\u00fcr alles, was Sie brauchen, m\u00fcssen Sie nicht weit vom F\u00e4hrterminal suchen.<\/p>\n<h3><span class=\"ez-toc-section\" id=\"Adresse_des_Fahrhafens_Brbinj\"><\/span><b>Adresse des F\u00e4hrhafens Brbinj:<\/b><span class=\"ez-toc-section-end\"><\/span><\/h3>\n<ul>\n<li>L\u00e4ngengrad: 14.996648<\/li>\n<li>Breitengrad: 44.083949<\/li>\n<li>D124 13<\/li>\n<li>23285 Brbinj (Dugi Otok)<\/li>\n<\/ul>\n<p><a class=\"lightbox\" href=\"http:\/\/www.ferrycroatia.com\/wp-content\/uploads\/2016\/08\/Brbinj-ferry-port.jpg\"><img decoding=\"async\" loading=\"lazy\" class=\"alignnone size-full wp-image-614\" data-src=\"http:\/\/www.ferrycroatia.com\/wp-content\/uploads\/2016\/08\/Brbinj-ferry-port.jpg\" alt=\"Brbinj ferry port\" width=\"1024\" height=\"703\" \/><\/a><\/p>\n<h3><span class=\"ez-toc-section\" id=\"Fahr-_und_Katamaran-Routen_von_nach_Brbinj\"><\/span><b>F\u00e4hr- und Katamaran-Routen von \/ nach Brbinj:<\/b><span class=\"ez-toc-section-end\"><\/span><\/h3>\n<p>Autof\u00e4hre: Brbinj (Dugi Otok) &#8211; Zadar (Ga\u017eenica)<\/p>\n<table border=\" 1px solid black\" width=\"747\">\n<tbody>\n<tr>\n<td style=\"text-align: center;\"><a href=\"https:\/\/www.ferrycroatia.com\/de\/zadar-brbinj\/\">Zadar &#8211; Brbinj<\/a><\/td>\n<td style=\"text-align: center;\"><a href=\"https:\/\/www.ferrycroatia.com\/de\/brbinj-zadar\/\">Brbinj &#8211; Zadar<\/a><\/td>\n<\/tr>\n<\/tbody>\n<\/table>\n<p>Katamaran Linie: Brbinj &#8211; Bo\u017eava &#8211; Zverinac &#8211; Sestrunj &#8211; Rivanj &#8211; Zadar<\/p>\n<table border=\" 1px solid black\" width=\"747\">\n<tbody>\n<tr>\n<td style=\"text-align: center;\"><a href=\"https:\/\/www.ferrycroatia.com\/de\/brbinj-bozava\/\">Brbinj &#8211; Bozava<\/a><\/td>\n<td style=\"text-align: center;\"><a href=\"https:\/\/www.ferrycroatia.com\/de\/brbinj-zverinac\/\">Brbinj &#8211; Zverinac<\/a><\/td>\n<td style=\"text-align: center;\"><a href=\"https:\/\/www.ferrycroatia.com\/de\/brbinj-sestrunj\/\">Brbinj &#8211; Sestrunj<\/a><\/td>\n<td style=\"text-align: center;\"><a href=\"https:\/\/www.ferrycroatia.com\/de\/brbinj-rivanj\/\">Brbinj &#8211; Rivanj<\/a><\/td>\n<\/tr>\n<tr>\n<td style=\"text-align: center;\"><a href=\"https:\/\/www.ferrycroatia.com\/de\/bozava-brbinj\/\">Bozava &#8211; Brbinj<\/a><\/td>\n<td style=\"text-align: center;\"><a href=\"https:\/\/www.ferrycroatia.com\/de\/zverinac-brbinj\/\">Zverinac &#8211; Brbinj<\/a><\/td>\n<td style=\"text-align: center;\"><a href=\"https:\/\/www.ferrycroatia.com\/de\/sestrunj-brbinj\/\">Sestrunj &#8211; Brbinj<\/a><\/td>\n<td style=\"text-align: center;\"><a href=\"https:\/\/www.ferrycroatia.com\/de\/rivanj-brbinj\/\">Rivanj &#8211; Brbinj<\/a><\/td>\n<\/tr>\n<\/tbody>\n<\/table>\n","protected":false},"excerpt":{"rendered":"<p>Brbinj ist eine kleine Stadt an der Nordostk\u00fcste der Insel Dugi Otok. Sie umfasst zwei Buchten. In der n\u00f6rdlichen Bucht Bura befindet sich ein F\u00e4hrhafen am Anfang der Bucht, etwa 2 km von der anderen Bucht entfernt. Brbinj ist durch regelm\u00e4\u00dfige F\u00e4hr- und Katamaran Linien mit dem Hafen nahe dem Zentrum von Zadar und dem [&hellip;]<\/p>\n<p><a class=\"more-link\" href=\"https:\/\/www.ferrycroatia.com\/de\/fahrhafen-brbinj\/\"> Continue reading&#8230;<\/a><\/p>\n","protected":false},"author":5,"featured_media":0,"parent":0,"menu_order":0,"comment_status":"closed","ping_status":"closed","template":"","meta":[],"yoast_head":"<!-- This site is optimized with the Yoast SEO plugin v19.8 - https:\/\/yoast.com\/wordpress\/plugins\/seo\/ -->\n<title>F\u00e4hrhafen Brbinj, von &amp; nach Brbinj auf der Insel Dugi Otok<\/title>\n<meta name=\"robots\" content=\"index, follow, max-snippet:-1, max-image-preview:large, max-video-preview:-1\" \/>\n<link rel=\"canonical\" href=\"https:\/\/www.ferrycroatia.com\/de\/fahrhafen-brbinj\/\" \/>\n<meta property=\"og:locale\" content=\"en_US\" \/>\n<meta property=\"og:type\" content=\"article\" \/>\n<meta property=\"og:title\" content=\"F\u00e4hrhafen Brbinj, von &amp; nach Brbinj auf der Insel Dugi Otok\" \/>\n<meta property=\"og:description\" content=\"Brbinj ist eine kleine Stadt an der Nordostk\u00fcste der Insel Dugi Otok. Sie umfasst zwei Buchten. In der n\u00f6rdlichen Bucht Bura befindet sich ein F\u00e4hrhafen am Anfang der Bucht, etwa 2 km von der anderen Bucht entfernt. Brbinj ist durch regelm\u00e4\u00dfige F\u00e4hr- und Katamaran Linien mit dem Hafen nahe dem Zentrum von Zadar und dem [&hellip;] Continue reading...\" \/>\n<meta property=\"og:url\" content=\"https:\/\/www.ferrycroatia.com\/de\/fahrhafen-brbinj\/\" \/>\n<meta property=\"og:site_name\" content=\"F\u00e4hre Kroatien\" \/>\n<meta property=\"article:modified_time\" content=\"2021-02-09T09:22:26+00:00\" \/>\n<meta property=\"og:image\" content=\"http:\/\/www.ferrycroatia.com\/wp-content\/uploads\/2016\/08\/Brbinj-ferry-port.jpg\" \/>\n<meta name=\"twitter:card\" content=\"summary_large_image\" \/>\n<meta name=\"twitter:label1\" content=\"Est. reading time\" \/>\n\t<meta name=\"twitter:data1\" content=\"1 minute\" \/>\n<script type=\"application\/ld+json\" class=\"yoast-schema-graph\">{\"@context\":\"https:\/\/schema.org\",\"@graph\":[{\"@type\":\"WebPage\",\"@id\":\"https:\/\/www.ferrycroatia.com\/de\/fahrhafen-brbinj\/\",\"url\":\"https:\/\/www.ferrycroatia.com\/de\/fahrhafen-brbinj\/\",\"name\":\"F\u00e4hrhafen Brbinj, von & nach Brbinj auf der Insel Dugi Otok\",\"isPartOf\":{\"@id\":\"https:\/\/www.ferrycroatia.com\/de\/#website\"},\"datePublished\":\"2021-02-03T08:55:16+00:00\",\"dateModified\":\"2021-02-09T09:22:26+00:00\",\"breadcrumb\":{\"@id\":\"https:\/\/www.ferrycroatia.com\/de\/fahrhafen-brbinj\/#breadcrumb\"},\"inLanguage\":\"en-US\",\"potentialAction\":[{\"@type\":\"ReadAction\",\"target\":[\"https:\/\/www.ferrycroatia.com\/de\/fahrhafen-brbinj\/\"]}]},{\"@type\":\"BreadcrumbList\",\"@id\":\"https:\/\/www.ferrycroatia.com\/de\/fahrhafen-brbinj\/#breadcrumb\",\"itemListElement\":[{\"@type\":\"ListItem\",\"position\":1,\"name\":\"Home\",\"item\":\"https:\/\/www.ferrycroatia.com\/de\/\"},{\"@type\":\"ListItem\",\"position\":2,\"name\":\"F\u00e4hrhafen Brbinj\"}]},{\"@type\":\"WebSite\",\"@id\":\"https:\/\/www.ferrycroatia.com\/de\/#website\",\"url\":\"https:\/\/www.ferrycroatia.com\/de\/\",\"name\":\"F\u00e4hre Kroatien\",\"description\":\"Info und Fahrpl\u00e4ne f\u00fcr alle Katamarane und F\u00e4hren in Kroatien\",\"potentialAction\":[{\"@type\":\"SearchAction\",\"target\":{\"@type\":\"EntryPoint\",\"urlTemplate\":\"https:\/\/www.ferrycroatia.com\/de\/?s={search_term_string}\"},\"query-input\":\"required name=search_term_string\"}],\"inLanguage\":\"en-US\"}]}<\/script>\n<!-- \/ Yoast SEO plugin. -->","yoast_head_json":{"title":"F\u00e4hrhafen Brbinj, von & nach Brbinj auf der Insel Dugi Otok","robots":{"index":"index","follow":"follow","max-snippet":"max-snippet:-1","max-image-preview":"max-image-preview:large","max-video-preview":"max-video-preview:-1"},"canonical":"https:\/\/www.ferrycroatia.com\/de\/fahrhafen-brbinj\/","og_locale":"en_US","og_type":"article","og_title":"F\u00e4hrhafen Brbinj, von & nach Brbinj auf der Insel Dugi Otok","og_description":"Brbinj ist eine kleine Stadt an der Nordostk\u00fcste der Insel Dugi Otok. Sie umfasst zwei Buchten. In der n\u00f6rdlichen Bucht Bura befindet sich ein F\u00e4hrhafen am Anfang der Bucht, etwa 2 km von der anderen Bucht entfernt. Brbinj ist durch regelm\u00e4\u00dfige F\u00e4hr- und Katamaran Linien mit dem Hafen nahe dem Zentrum von Zadar und dem [&hellip;] Continue reading...","og_url":"https:\/\/www.ferrycroatia.com\/de\/fahrhafen-brbinj\/","og_site_name":"F\u00e4hre Kroatien","article_modified_time":"2021-02-09T09:22:26+00:00","og_image":[{"url":"http:\/\/www.ferrycroatia.com\/wp-content\/uploads\/2016\/08\/Brbinj-ferry-port.jpg"}],"twitter_card":"summary_large_image","twitter_misc":{"Est. reading time":"1 minute"},"schema":{"@context":"https:\/\/schema.org","@graph":[{"@type":"WebPage","@id":"https:\/\/www.ferrycroatia.com\/de\/fahrhafen-brbinj\/","url":"https:\/\/www.ferrycroatia.com\/de\/fahrhafen-brbinj\/","name":"F\u00e4hrhafen Brbinj, von & nach Brbinj auf der Insel Dugi Otok","isPartOf":{"@id":"https:\/\/www.ferrycroatia.com\/de\/#website"},"datePublished":"2021-02-03T08:55:16+00:00","dateModified":"2021-02-09T09:22:26+00:00","breadcrumb":{"@id":"https:\/\/www.ferrycroatia.com\/de\/fahrhafen-brbinj\/#breadcrumb"},"inLanguage":"en-US","potentialAction":[{"@type":"ReadAction","target":["https:\/\/www.ferrycroatia.com\/de\/fahrhafen-brbinj\/"]}]},{"@type":"BreadcrumbList","@id":"https:\/\/www.ferrycroatia.com\/de\/fahrhafen-brbinj\/#breadcrumb","itemListElement":[{"@type":"ListItem","position":1,"name":"Home","item":"https:\/\/www.ferrycroatia.com\/de\/"},{"@type":"ListItem","position":2,"name":"F\u00e4hrhafen Brbinj"}]},{"@type":"WebSite","@id":"https:\/\/www.ferrycroatia.com\/de\/#website","url":"https:\/\/www.ferrycroatia.com\/de\/","name":"F\u00e4hre Kroatien","description":"Info und Fahrpl\u00e4ne f\u00fcr alle Katamarane und F\u00e4hren in Kroatien","potentialAction":[{"@type":"SearchAction","target":{"@type":"EntryPoint","urlTemplate":"https:\/\/www.ferrycroatia.com\/de\/?s={search_term_string}"},"query-input":"required name=search_term_string"}],"inLanguage":"en-US"}]}},"_links":{"self":[{"href":"https:\/\/www.ferrycroatia.com\/de\/wp-json\/wp\/v2\/pages\/1119"}],"collection":[{"href":"https:\/\/www.ferrycroatia.com\/de\/wp-json\/wp\/v2\/pages"}],"about":[{"href":"https:\/\/www.ferrycroatia.com\/de\/wp-json\/wp\/v2\/types\/page"}],"author":[{"embeddable":true,"href":"https:\/\/www.ferrycroatia.com\/de\/wp-json\/wp\/v2\/users\/5"}],"replies":[{"embeddable":true,"href":"https:\/\/www.ferrycroatia.com\/de\/wp-json\/wp\/v2\/comments?post=1119"}],"version-history":[{"count":2,"href":"https:\/\/www.ferrycroatia.com\/de\/wp-json\/wp\/v2\/pages\/1119\/revisions"}],"predecessor-version":[{"id":1557,"href":"https:\/\/www.ferrycroatia.com\/de\/wp-json\/wp\/v2\/pages\/1119\/revisions\/1557"}],"wp:attachment":[{"href":"https:\/\/www.ferrycroatia.com\/de\/wp-json\/wp\/v2\/media?parent=1119"}],"curies":[{"name":"wp","href":"https:\/\/api.w.org\/{rel}","templated":true}]}}