{"id":1121,"date":"2021-02-03T09:14:57","date_gmt":"2021-02-03T09:14:57","guid":{"rendered":"https:\/\/ferrycroatia.com\/de\/?page_id=1121"},"modified":"2021-02-09T09:23:37","modified_gmt":"2021-02-09T09:23:37","slug":"fahrhafen-brestova","status":"publish","type":"page","link":"https:\/\/www.ferrycroatia.com\/de\/fahrhafen-brestova\/","title":{"rendered":"F\u00e4hrhafen Brestova"},"content":{"rendered":"<p>Brestova ist ein F\u00e4hrterminal<strong> s\u00fcdlich des Berges U\u010dka<\/strong> auf der Ostseite der istrischen Halbinsel, das direkt mit der Insel Cres (dem F\u00e4hrterminal in Porozina) verbunden ist. Wenn Sie dort sind, m\u00f6chten Sie h\u00f6chstwahrscheinlich auf die Insel Cres gelangen.<\/p>\n<p><span style=\"text-decoration: underline;\"><b>Anreise nach Porozina auf der Insel Cres \u00fcber Brestova:<\/b><\/span><\/p>\n<p>Wenn Sie <strong>mit dem Auto<\/strong> auf die Insel Cres fahren und aus Italien (Triest) oder Slowenien kommen, ist eine F\u00e4hre von Brestova die beste Option. <strong>Nachdem Sie die Grenze<\/strong> auf der Westseite der istrischen Halbinsel <strong>\u00fcberquert haben<\/strong>, folgen Sie der istrischen Autobahn (bekannt als istrisches Y) <strong>in Richtung Pazin<\/strong> und folgen Sie dem Schild in Richtung Brestova. \u00dcberqueren Sie die slowenische Grenze bei Rupa und fahren Sie einfach in <strong>Richtung S\u00fcden, indem Sie der Seegrenze folgen<\/strong>, bis Sie das Schild erreichen, das Sie direkt zum F\u00e4hrterminal von Brestova f\u00fchrt.<\/p>\n<p><strong>Wenn Sie die Stra\u00dfe zum F\u00e4hrterminal in Brestova hinunterfahren,<\/strong> kann es <strong>zu Staus kommen, insbesondere in den Sommermonaten,<\/strong> da alle herunterfahrenden Autos in die F\u00e4hre einsteigen m\u00f6chten. Wir empfehlen Ihnen daher, etwas fr\u00fcher zu kommen.<\/p>\n<p><span style=\"text-decoration: underline;\"><b>Was Sie am F\u00e4hrterminal von Brestova finden k\u00f6nnen:<\/b><\/span><\/p>\n<p>Da Brestova selbst <strong>im Grunde genommen nur ein F\u00e4hrterminal<\/strong> ist, finden Sie dort nicht viele Einrichtungen (die D\u00f6rfer Zagorje und Brse\u010d liegen ganz in der N\u00e4he &#8211; 1 km und 7 km entfernt). <strong>Wenn Sie also etwas ben\u00f6tigen,<\/strong> bevor Sie an Bord einer F\u00e4hre gehen, k\u00f6nnen Sie dies dort erledigen oder halten Sie auf Ihrem Weg nach Brestova in einer der St\u00e4dte oder <strong>D\u00f6rfer<\/strong> an.<\/p>\n<p><b>Adresse des F\u00e4hrterminals Brestova:<\/b><\/p>\n<blockquote><p>D402<\/p>\n<p>52234 Brestova<\/p>\n<p><strong>GPS-Koordinaten:<\/strong> 45.144625, 14.223601<\/p><\/blockquote>\n<p><a class=\"lightbox\" href=\"http:\/\/www.ferrycroatia.com\/wp-content\/uploads\/2016\/06\/Brestova.jpg\"><img decoding=\"async\" loading=\"lazy\" class=\"alignnone size-full wp-image-192\" data-src=\"http:\/\/www.ferrycroatia.com\/wp-content\/uploads\/2016\/06\/Brestova.jpg\" alt=\"Brestova\" width=\"800\" height=\"579\" \/><\/a><\/p>\n<p><span style=\"text-decoration: underline;\"><b>Liste der F\u00e4hrverbindungen von Brestova:<\/b><\/span><\/p>\n<ul>\n<li><a href=\"https:\/\/www.ferrycroatia.com\/de\/brestova-porozina\/\">Autof\u00e4hre Brestova &#8211; Porozina (Cres)<\/a><\/li>\n<\/ul>\n","protected":false},"excerpt":{"rendered":"<p>Brestova ist ein F\u00e4hrterminal s\u00fcdlich des Berges U\u010dka auf der Ostseite der istrischen Halbinsel, das direkt mit der Insel Cres (dem F\u00e4hrterminal in Porozina) verbunden ist. Wenn Sie dort sind, m\u00f6chten Sie h\u00f6chstwahrscheinlich auf die Insel Cres gelangen. Anreise nach Porozina auf der Insel Cres \u00fcber Brestova: Wenn Sie mit dem Auto auf die Insel [&hellip;]<\/p>\n<p><a class=\"more-link\" href=\"https:\/\/www.ferrycroatia.com\/de\/fahrhafen-brestova\/\"> Continue reading&#8230;<\/a><\/p>\n","protected":false},"author":5,"featured_media":0,"parent":0,"menu_order":0,"comment_status":"closed","ping_status":"closed","template":"","meta":[],"yoast_head":"<!-- This site is optimized with the Yoast SEO plugin v19.8 - https:\/\/yoast.com\/wordpress\/plugins\/seo\/ -->\n<title>F\u00e4hrterminal Brestova, F\u00e4hrabfahrten von Brestova<\/title>\n<meta name=\"description\" content=\"F\u00e4hren vom F\u00e4hrhafen Brestova, wie man den F\u00e4hrhafen mit dem Bus oder mit dem Auto von anderen kroatischen St\u00e4dten erreicht, Adresse des F\u00e4hrhafens in Brestova.\" \/>\n<meta name=\"robots\" content=\"index, follow, max-snippet:-1, max-image-preview:large, max-video-preview:-1\" \/>\n<link rel=\"canonical\" href=\"https:\/\/www.ferrycroatia.com\/de\/fahrhafen-brestova\/\" \/>\n<meta property=\"og:locale\" content=\"en_US\" \/>\n<meta property=\"og:type\" content=\"article\" \/>\n<meta property=\"og:title\" content=\"F\u00e4hrterminal Brestova, F\u00e4hrabfahrten von Brestova\" \/>\n<meta property=\"og:description\" content=\"F\u00e4hren vom F\u00e4hrhafen Brestova, wie man den F\u00e4hrhafen mit dem Bus oder mit dem Auto von anderen kroatischen St\u00e4dten erreicht, Adresse des F\u00e4hrhafens in Brestova.\" \/>\n<meta property=\"og:url\" content=\"https:\/\/www.ferrycroatia.com\/de\/fahrhafen-brestova\/\" \/>\n<meta property=\"og:site_name\" content=\"F\u00e4hre Kroatien\" \/>\n<meta property=\"article:modified_time\" content=\"2021-02-09T09:23:37+00:00\" \/>\n<meta property=\"og:image\" content=\"http:\/\/www.ferrycroatia.com\/wp-content\/uploads\/2016\/06\/Brestova.jpg\" \/>\n<meta name=\"twitter:card\" content=\"summary_large_image\" \/>\n<meta name=\"twitter:label1\" content=\"Est. reading time\" \/>\n\t<meta name=\"twitter:data1\" content=\"1 minute\" \/>\n<script type=\"application\/ld+json\" class=\"yoast-schema-graph\">{\"@context\":\"https:\/\/schema.org\",\"@graph\":[{\"@type\":\"WebPage\",\"@id\":\"https:\/\/www.ferrycroatia.com\/de\/fahrhafen-brestova\/\",\"url\":\"https:\/\/www.ferrycroatia.com\/de\/fahrhafen-brestova\/\",\"name\":\"F\u00e4hrterminal Brestova, F\u00e4hrabfahrten von Brestova\",\"isPartOf\":{\"@id\":\"https:\/\/www.ferrycroatia.com\/de\/#website\"},\"datePublished\":\"2021-02-03T09:14:57+00:00\",\"dateModified\":\"2021-02-09T09:23:37+00:00\",\"description\":\"F\u00e4hren vom F\u00e4hrhafen Brestova, wie man den F\u00e4hrhafen mit dem Bus oder mit dem Auto von anderen kroatischen St\u00e4dten erreicht, Adresse des F\u00e4hrhafens in Brestova.\",\"breadcrumb\":{\"@id\":\"https:\/\/www.ferrycroatia.com\/de\/fahrhafen-brestova\/#breadcrumb\"},\"inLanguage\":\"en-US\",\"potentialAction\":[{\"@type\":\"ReadAction\",\"target\":[\"https:\/\/www.ferrycroatia.com\/de\/fahrhafen-brestova\/\"]}]},{\"@type\":\"BreadcrumbList\",\"@id\":\"https:\/\/www.ferrycroatia.com\/de\/fahrhafen-brestova\/#breadcrumb\",\"itemListElement\":[{\"@type\":\"ListItem\",\"position\":1,\"name\":\"Home\",\"item\":\"https:\/\/www.ferrycroatia.com\/de\/\"},{\"@type\":\"ListItem\",\"position\":2,\"name\":\"F\u00e4hrhafen Brestova\"}]},{\"@type\":\"WebSite\",\"@id\":\"https:\/\/www.ferrycroatia.com\/de\/#website\",\"url\":\"https:\/\/www.ferrycroatia.com\/de\/\",\"name\":\"F\u00e4hre Kroatien\",\"description\":\"Info und Fahrpl\u00e4ne f\u00fcr alle Katamarane und F\u00e4hren in Kroatien\",\"potentialAction\":[{\"@type\":\"SearchAction\",\"target\":{\"@type\":\"EntryPoint\",\"urlTemplate\":\"https:\/\/www.ferrycroatia.com\/de\/?s={search_term_string}\"},\"query-input\":\"required name=search_term_string\"}],\"inLanguage\":\"en-US\"}]}<\/script>\n<!-- \/ Yoast SEO plugin. -->","yoast_head_json":{"title":"F\u00e4hrterminal Brestova, F\u00e4hrabfahrten von Brestova","description":"F\u00e4hren vom F\u00e4hrhafen Brestova, wie man den F\u00e4hrhafen mit dem Bus oder mit dem Auto von anderen kroatischen St\u00e4dten erreicht, Adresse des F\u00e4hrhafens in Brestova.","robots":{"index":"index","follow":"follow","max-snippet":"max-snippet:-1","max-image-preview":"max-image-preview:large","max-video-preview":"max-video-preview:-1"},"canonical":"https:\/\/www.ferrycroatia.com\/de\/fahrhafen-brestova\/","og_locale":"en_US","og_type":"article","og_title":"F\u00e4hrterminal Brestova, F\u00e4hrabfahrten von Brestova","og_description":"F\u00e4hren vom F\u00e4hrhafen Brestova, wie man den F\u00e4hrhafen mit dem Bus oder mit dem Auto von anderen kroatischen St\u00e4dten erreicht, Adresse des F\u00e4hrhafens in Brestova.","og_url":"https:\/\/www.ferrycroatia.com\/de\/fahrhafen-brestova\/","og_site_name":"F\u00e4hre Kroatien","article_modified_time":"2021-02-09T09:23:37+00:00","og_image":[{"url":"http:\/\/www.ferrycroatia.com\/wp-content\/uploads\/2016\/06\/Brestova.jpg"}],"twitter_card":"summary_large_image","twitter_misc":{"Est. reading time":"1 minute"},"schema":{"@context":"https:\/\/schema.org","@graph":[{"@type":"WebPage","@id":"https:\/\/www.ferrycroatia.com\/de\/fahrhafen-brestova\/","url":"https:\/\/www.ferrycroatia.com\/de\/fahrhafen-brestova\/","name":"F\u00e4hrterminal Brestova, F\u00e4hrabfahrten von Brestova","isPartOf":{"@id":"https:\/\/www.ferrycroatia.com\/de\/#website"},"datePublished":"2021-02-03T09:14:57+00:00","dateModified":"2021-02-09T09:23:37+00:00","description":"F\u00e4hren vom F\u00e4hrhafen Brestova, wie man den F\u00e4hrhafen mit dem Bus oder mit dem Auto von anderen kroatischen St\u00e4dten erreicht, Adresse des F\u00e4hrhafens in Brestova.","breadcrumb":{"@id":"https:\/\/www.ferrycroatia.com\/de\/fahrhafen-brestova\/#breadcrumb"},"inLanguage":"en-US","potentialAction":[{"@type":"ReadAction","target":["https:\/\/www.ferrycroatia.com\/de\/fahrhafen-brestova\/"]}]},{"@type":"BreadcrumbList","@id":"https:\/\/www.ferrycroatia.com\/de\/fahrhafen-brestova\/#breadcrumb","itemListElement":[{"@type":"ListItem","position":1,"name":"Home","item":"https:\/\/www.ferrycroatia.com\/de\/"},{"@type":"ListItem","position":2,"name":"F\u00e4hrhafen Brestova"}]},{"@type":"WebSite","@id":"https:\/\/www.ferrycroatia.com\/de\/#website","url":"https:\/\/www.ferrycroatia.com\/de\/","name":"F\u00e4hre Kroatien","description":"Info und Fahrpl\u00e4ne f\u00fcr alle Katamarane und F\u00e4hren in Kroatien","potentialAction":[{"@type":"SearchAction","target":{"@type":"EntryPoint","urlTemplate":"https:\/\/www.ferrycroatia.com\/de\/?s={search_term_string}"},"query-input":"required name=search_term_string"}],"inLanguage":"en-US"}]}},"_links":{"self":[{"href":"https:\/\/www.ferrycroatia.com\/de\/wp-json\/wp\/v2\/pages\/1121"}],"collection":[{"href":"https:\/\/www.ferrycroatia.com\/de\/wp-json\/wp\/v2\/pages"}],"about":[{"href":"https:\/\/www.ferrycroatia.com\/de\/wp-json\/wp\/v2\/types\/page"}],"author":[{"embeddable":true,"href":"https:\/\/www.ferrycroatia.com\/de\/wp-json\/wp\/v2\/users\/5"}],"replies":[{"embeddable":true,"href":"https:\/\/www.ferrycroatia.com\/de\/wp-json\/wp\/v2\/comments?post=1121"}],"version-history":[{"count":3,"href":"https:\/\/www.ferrycroatia.com\/de\/wp-json\/wp\/v2\/pages\/1121\/revisions"}],"predecessor-version":[{"id":1558,"href":"https:\/\/www.ferrycroatia.com\/de\/wp-json\/wp\/v2\/pages\/1121\/revisions\/1558"}],"wp:attachment":[{"href":"https:\/\/www.ferrycroatia.com\/de\/wp-json\/wp\/v2\/media?parent=1121"}],"curies":[{"name":"wp","href":"https:\/\/api.w.org\/{rel}","templated":true}]}}