{"id":1123,"date":"2021-02-03T09:29:19","date_gmt":"2021-02-03T09:29:19","guid":{"rendered":"https:\/\/ferrycroatia.com\/de\/?page_id=1123"},"modified":"2021-02-09T09:25:35","modified_gmt":"2021-02-09T09:25:35","slug":"fahrhafen-brgulje","status":"publish","type":"page","link":"https:\/\/www.ferrycroatia.com\/de\/fahrhafen-brgulje\/","title":{"rendered":"F\u00e4hrhafen Brgulje"},"content":{"rendered":"<p>Brgulje ist eine weitere <strong>kleine Stadt auf der <a href=\"https:\/\/www.ferrycroatia.com\/de\/insel-molat\/\">Insel Molat<\/a><\/strong> im Zadar-Archipel, etwas westlich von der Stadt Molat gelegen. Es hat einen kleinen Katamaran Hafen mit regelm\u00e4\u00dfigen Linien zwischen Brgulje, Zapuntel und Molat, der Insel Ist und Zadar.<\/p>\n<div id=\"ez-toc-container\" class=\"ez-toc-v2_0_62 counter-hierarchy ez-toc-counter ez-toc-custom ez-toc-container-direction\">\n<div class=\"ez-toc-title-container\">\n<p class=\"ez-toc-title \" >Table of Contents<\/p>\n<span class=\"ez-toc-title-toggle\"><a href=\"#\" class=\"ez-toc-pull-right ez-toc-btn ez-toc-btn-xs ez-toc-btn-default ez-toc-toggle\" aria-label=\"Toggle Table of Content\"><span class=\"ez-toc-js-icon-con\"><span class=\"\"><span class=\"eztoc-hide\" style=\"display:none;\">Toggle<\/span><span class=\"ez-toc-icon-toggle-span\"><svg style=\"fill: #070c63;color:#070c63\" xmlns=\"http:\/\/www.w3.org\/2000\/svg\" class=\"list-377408\" width=\"20px\" height=\"20px\" viewBox=\"0 0 24 24\" fill=\"none\"><path d=\"M6 6H4v2h2V6zm14 0H8v2h12V6zM4 11h2v2H4v-2zm16 0H8v2h12v-2zM4 16h2v2H4v-2zm16 0H8v2h12v-2z\" fill=\"currentColor\"><\/path><\/svg><svg style=\"fill: #070c63;color:#070c63\" class=\"arrow-unsorted-368013\" xmlns=\"http:\/\/www.w3.org\/2000\/svg\" width=\"10px\" height=\"10px\" viewBox=\"0 0 24 24\" version=\"1.2\" baseProfile=\"tiny\"><path d=\"M18.2 9.3l-6.2-6.3-6.2 6.3c-.2.2-.3.4-.3.7s.1.5.3.7c.2.2.4.3.7.3h11c.3 0 .5-.1.7-.3.2-.2.3-.5.3-.7s-.1-.5-.3-.7zM5.8 14.7l6.2 6.3 6.2-6.3c.2-.2.3-.5.3-.7s-.1-.5-.3-.7c-.2-.2-.4-.3-.7-.3h-11c-.3 0-.5.1-.7.3-.2.2-.3.5-.3.7s.1.5.3.7z\"\/><\/svg><\/span><\/span><\/span><\/a><\/span><\/div>\n<nav><ul class='ez-toc-list ez-toc-list-level-1 eztoc-toggle-hide-by-default' ><li class='ez-toc-page-1 ez-toc-heading-level-3'><a class=\"ez-toc-link ez-toc-heading-1\" href=\"https:\/\/www.ferrycroatia.com\/de\/fahrhafen-brgulje\/#An-_und_Abreise_zum_Katamaran_Hafen_in_Brgulje\" title=\"An- und Abreise zum Katamaran Hafen in Brgulje:\">An- und Abreise zum Katamaran Hafen in Brgulje:<\/a><\/li><li class='ez-toc-page-1 ez-toc-heading-level-3'><a class=\"ez-toc-link ez-toc-heading-2\" href=\"https:\/\/www.ferrycroatia.com\/de\/fahrhafen-brgulje\/#Was_Sie_am_Katamaran_Hafen_von_Brgulje_finden_konnen\" title=\"Was Sie am Katamaran Hafen von Brgulje finden k\u00f6nnen:\">Was Sie am Katamaran Hafen von Brgulje finden k\u00f6nnen:<\/a><\/li><li class='ez-toc-page-1 ez-toc-heading-level-3'><a class=\"ez-toc-link ez-toc-heading-3\" href=\"https:\/\/www.ferrycroatia.com\/de\/fahrhafen-brgulje\/#Adresse_des_Katamaran_Hafens_Brgulje\" title=\"Adresse des Katamaran Hafens Brgulje:\">Adresse des Katamaran Hafens Brgulje:<\/a><\/li><li class='ez-toc-page-1 ez-toc-heading-level-3'><a class=\"ez-toc-link ez-toc-heading-4\" href=\"https:\/\/www.ferrycroatia.com\/de\/fahrhafen-brgulje\/#Katamaran_Routen_von_und_nach_Brgulje\" title=\"Katamaran Routen von und nach Brgulje:\">Katamaran Routen von und nach Brgulje:<\/a><\/li><\/ul><\/nav><\/div>\n<h3><span class=\"ez-toc-section\" id=\"An-_und_Abreise_zum_Katamaran_Hafen_in_Brgulje\"><\/span><b>An- und Abreise zum Katamaran Hafen in Brgulje:<\/b><span class=\"ez-toc-section-end\"><\/span><\/h3>\n<p>Die einzige <strong>Seeverbindung nach Brgulje ist ein Katamaran von Zadar<\/strong>, der auch in Molat, Zapuntel und auf der <a href=\"https:\/\/www.ferrycroatia.com\/de\/insel-ist\/\">Insel Ist<\/a> h\u00e4lt. Die Segelzeit von Zadar betr\u00e4gt ca. 1 Stunde.<\/p>\n<p>Brgulje ist eine <strong>kleine Inselstadt, in der Sie einen ruhigen Urlaub genie\u00dfen k\u00f6nnen<\/strong>. Egal wo Sie sich aufhalten, der Pier, von dem der Katamaran abf\u00e4hrt, ist nicht weit entfernt und daher leicht zu Fu\u00df erreichbar.<\/p>\n<h3><span class=\"ez-toc-section\" id=\"Was_Sie_am_Katamaran_Hafen_von_Brgulje_finden_konnen\"><\/span><b>Was Sie am Katamaran Hafen von Brgulje finden k\u00f6nnen:<\/b><span class=\"ez-toc-section-end\"><\/span><\/h3>\n<p>Wie bereits oben erw\u00e4hnt, ist Brgulje eine kleine Inselsiedlung, sodass Sie dort nicht viele Einrichtungen finden k\u00f6nnen.<\/p>\n<h3><span class=\"ez-toc-section\" id=\"Adresse_des_Katamaran_Hafens_Brgulje\"><\/span><b>Adresse des Katamaran Hafens Brgulje:<\/b><span class=\"ez-toc-section-end\"><\/span><\/h3>\n<ul>\n<li>L\u00e4ngengrad: 14.839244<\/li>\n<li>Breitengrad: 44,225423<\/li>\n<li>Brgumul<\/li>\n<li>23292 Brgulje<\/li>\n<\/ul>\n<p><a class=\"lightbox\" href=\"http:\/\/www.ferrycroatia.com\/wp-content\/uploads\/2016\/08\/Brgulje-ferry.jpg\"><img decoding=\"async\" loading=\"lazy\" class=\"alignnone size-full wp-image-731\" data-src=\"http:\/\/www.ferrycroatia.com\/wp-content\/uploads\/2016\/08\/Brgulje-ferry.jpg\" alt=\"Brgulje ferry\" width=\"1024\" height=\"544\" \/><\/a><\/p>\n<h3><span class=\"ez-toc-section\" id=\"Katamaran_Routen_von_und_nach_Brgulje\"><\/span><b>Katamaran Routen von und nach Brgulje:<\/b><span class=\"ez-toc-section-end\"><\/span><\/h3>\n<p>Katamaran Linie: Zadar &#8211; Molat &#8211; Brgulje &#8211; Zapuntel &#8211; Ist<\/p>\n<table border=\" 1px solid black\" width=\"747\">\n<tbody>\n<tr>\n<td style=\"text-align: center;\"><a href=\"https:\/\/www.ferrycroatia.com\/de\/brgulje-zadar\/\">Brgulje &#8211; Zadar<\/a><\/td>\n<td style=\"text-align: center;\"><a href=\"https:\/\/www.ferrycroatia.com\/de\/brgulje-molat\/\">Brgulje &#8211; Molat<\/a><\/td>\n<td style=\"text-align: center;\"><a href=\"https:\/\/www.ferrycroatia.com\/de\/brgulje-zapuntel\/\">Brgulje &#8211; Zapuntel<\/a><\/td>\n<td style=\"text-align: center;\"><a href=\"https:\/\/www.ferrycroatia.com\/de\/brgulje-ist\/\">Brgulje &#8211; Ist<\/a><\/td>\n<\/tr>\n<tr>\n<td style=\"text-align: center;\"><a href=\"https:\/\/www.ferrycroatia.com\/de\/zadar-brgulje\/\">Zadar &#8211; Brgulje<\/a><\/td>\n<td style=\"text-align: center;\"><a href=\"https:\/\/www.ferrycroatia.com\/de\/molat-brgulje\/\">Molat &#8211; Brgulje<\/a><\/td>\n<td style=\"text-align: center;\"><a href=\"https:\/\/www.ferrycroatia.com\/de\/zapuntel-brgulje\/\">Zapuntel &#8211; Brgulje<\/a><\/td>\n<td style=\"text-align: center;\"><a href=\"https:\/\/www.ferrycroatia.com\/de\/ist-brgulje\/\">Ist &#8211; Brgulje<\/a><\/td>\n<\/tr>\n<\/tbody>\n<\/table>\n","protected":false},"excerpt":{"rendered":"<p>Brgulje ist eine weitere kleine Stadt auf der Insel Molat im Zadar-Archipel, etwas westlich von der Stadt Molat gelegen. Es hat einen kleinen Katamaran Hafen mit regelm\u00e4\u00dfigen Linien zwischen Brgulje, Zapuntel und Molat, der Insel Ist und Zadar. An- und Abreise zum Katamaran Hafen in Brgulje: Die einzige Seeverbindung nach Brgulje ist ein Katamaran von [&hellip;]<\/p>\n<p><a class=\"more-link\" href=\"https:\/\/www.ferrycroatia.com\/de\/fahrhafen-brgulje\/\"> Continue reading&#8230;<\/a><\/p>\n","protected":false},"author":5,"featured_media":0,"parent":0,"menu_order":0,"comment_status":"closed","ping_status":"closed","template":"","meta":[],"yoast_head":"<!-- This site is optimized with the Yoast SEO plugin v19.8 - https:\/\/yoast.com\/wordpress\/plugins\/seo\/ -->\n<title>Katamaranhafen Brgulje, von &amp; nach Brgulje Molat gelangen<\/title>\n<meta name=\"robots\" content=\"index, follow, max-snippet:-1, max-image-preview:large, max-video-preview:-1\" \/>\n<link rel=\"canonical\" href=\"https:\/\/www.ferrycroatia.com\/de\/fahrhafen-brgulje\/\" \/>\n<meta property=\"og:locale\" content=\"en_US\" \/>\n<meta property=\"og:type\" content=\"article\" \/>\n<meta property=\"og:title\" content=\"Katamaranhafen Brgulje, von &amp; nach Brgulje Molat gelangen\" \/>\n<meta property=\"og:description\" content=\"Brgulje ist eine weitere kleine Stadt auf der Insel Molat im Zadar-Archipel, etwas westlich von der Stadt Molat gelegen. Es hat einen kleinen Katamaran Hafen mit regelm\u00e4\u00dfigen Linien zwischen Brgulje, Zapuntel und Molat, der Insel Ist und Zadar. An- und Abreise zum Katamaran Hafen in Brgulje: Die einzige Seeverbindung nach Brgulje ist ein Katamaran von [&hellip;] Continue reading...\" \/>\n<meta property=\"og:url\" content=\"https:\/\/www.ferrycroatia.com\/de\/fahrhafen-brgulje\/\" \/>\n<meta property=\"og:site_name\" content=\"F\u00e4hre Kroatien\" \/>\n<meta property=\"article:modified_time\" content=\"2021-02-09T09:25:35+00:00\" \/>\n<meta property=\"og:image\" content=\"http:\/\/www.ferrycroatia.com\/wp-content\/uploads\/2016\/08\/Brgulje-ferry.jpg\" \/>\n<meta name=\"twitter:card\" content=\"summary_large_image\" \/>\n<meta name=\"twitter:label1\" content=\"Est. reading time\" \/>\n\t<meta name=\"twitter:data1\" content=\"1 minute\" \/>\n<script type=\"application\/ld+json\" class=\"yoast-schema-graph\">{\"@context\":\"https:\/\/schema.org\",\"@graph\":[{\"@type\":\"WebPage\",\"@id\":\"https:\/\/www.ferrycroatia.com\/de\/fahrhafen-brgulje\/\",\"url\":\"https:\/\/www.ferrycroatia.com\/de\/fahrhafen-brgulje\/\",\"name\":\"Katamaranhafen Brgulje, von & nach Brgulje Molat gelangen\",\"isPartOf\":{\"@id\":\"https:\/\/www.ferrycroatia.com\/de\/#website\"},\"datePublished\":\"2021-02-03T09:29:19+00:00\",\"dateModified\":\"2021-02-09T09:25:35+00:00\",\"breadcrumb\":{\"@id\":\"https:\/\/www.ferrycroatia.com\/de\/fahrhafen-brgulje\/#breadcrumb\"},\"inLanguage\":\"en-US\",\"potentialAction\":[{\"@type\":\"ReadAction\",\"target\":[\"https:\/\/www.ferrycroatia.com\/de\/fahrhafen-brgulje\/\"]}]},{\"@type\":\"BreadcrumbList\",\"@id\":\"https:\/\/www.ferrycroatia.com\/de\/fahrhafen-brgulje\/#breadcrumb\",\"itemListElement\":[{\"@type\":\"ListItem\",\"position\":1,\"name\":\"Home\",\"item\":\"https:\/\/www.ferrycroatia.com\/de\/\"},{\"@type\":\"ListItem\",\"position\":2,\"name\":\"F\u00e4hrhafen Brgulje\"}]},{\"@type\":\"WebSite\",\"@id\":\"https:\/\/www.ferrycroatia.com\/de\/#website\",\"url\":\"https:\/\/www.ferrycroatia.com\/de\/\",\"name\":\"F\u00e4hre Kroatien\",\"description\":\"Info und Fahrpl\u00e4ne f\u00fcr alle Katamarane und F\u00e4hren in Kroatien\",\"potentialAction\":[{\"@type\":\"SearchAction\",\"target\":{\"@type\":\"EntryPoint\",\"urlTemplate\":\"https:\/\/www.ferrycroatia.com\/de\/?s={search_term_string}\"},\"query-input\":\"required name=search_term_string\"}],\"inLanguage\":\"en-US\"}]}<\/script>\n<!-- \/ Yoast SEO plugin. -->","yoast_head_json":{"title":"Katamaranhafen Brgulje, von & nach Brgulje Molat gelangen","robots":{"index":"index","follow":"follow","max-snippet":"max-snippet:-1","max-image-preview":"max-image-preview:large","max-video-preview":"max-video-preview:-1"},"canonical":"https:\/\/www.ferrycroatia.com\/de\/fahrhafen-brgulje\/","og_locale":"en_US","og_type":"article","og_title":"Katamaranhafen Brgulje, von & nach Brgulje Molat gelangen","og_description":"Brgulje ist eine weitere kleine Stadt auf der Insel Molat im Zadar-Archipel, etwas westlich von der Stadt Molat gelegen. Es hat einen kleinen Katamaran Hafen mit regelm\u00e4\u00dfigen Linien zwischen Brgulje, Zapuntel und Molat, der Insel Ist und Zadar. An- und Abreise zum Katamaran Hafen in Brgulje: Die einzige Seeverbindung nach Brgulje ist ein Katamaran von [&hellip;] Continue reading...","og_url":"https:\/\/www.ferrycroatia.com\/de\/fahrhafen-brgulje\/","og_site_name":"F\u00e4hre Kroatien","article_modified_time":"2021-02-09T09:25:35+00:00","og_image":[{"url":"http:\/\/www.ferrycroatia.com\/wp-content\/uploads\/2016\/08\/Brgulje-ferry.jpg"}],"twitter_card":"summary_large_image","twitter_misc":{"Est. reading time":"1 minute"},"schema":{"@context":"https:\/\/schema.org","@graph":[{"@type":"WebPage","@id":"https:\/\/www.ferrycroatia.com\/de\/fahrhafen-brgulje\/","url":"https:\/\/www.ferrycroatia.com\/de\/fahrhafen-brgulje\/","name":"Katamaranhafen Brgulje, von & nach Brgulje Molat gelangen","isPartOf":{"@id":"https:\/\/www.ferrycroatia.com\/de\/#website"},"datePublished":"2021-02-03T09:29:19+00:00","dateModified":"2021-02-09T09:25:35+00:00","breadcrumb":{"@id":"https:\/\/www.ferrycroatia.com\/de\/fahrhafen-brgulje\/#breadcrumb"},"inLanguage":"en-US","potentialAction":[{"@type":"ReadAction","target":["https:\/\/www.ferrycroatia.com\/de\/fahrhafen-brgulje\/"]}]},{"@type":"BreadcrumbList","@id":"https:\/\/www.ferrycroatia.com\/de\/fahrhafen-brgulje\/#breadcrumb","itemListElement":[{"@type":"ListItem","position":1,"name":"Home","item":"https:\/\/www.ferrycroatia.com\/de\/"},{"@type":"ListItem","position":2,"name":"F\u00e4hrhafen Brgulje"}]},{"@type":"WebSite","@id":"https:\/\/www.ferrycroatia.com\/de\/#website","url":"https:\/\/www.ferrycroatia.com\/de\/","name":"F\u00e4hre Kroatien","description":"Info und Fahrpl\u00e4ne f\u00fcr alle Katamarane und F\u00e4hren in Kroatien","potentialAction":[{"@type":"SearchAction","target":{"@type":"EntryPoint","urlTemplate":"https:\/\/www.ferrycroatia.com\/de\/?s={search_term_string}"},"query-input":"required name=search_term_string"}],"inLanguage":"en-US"}]}},"_links":{"self":[{"href":"https:\/\/www.ferrycroatia.com\/de\/wp-json\/wp\/v2\/pages\/1123"}],"collection":[{"href":"https:\/\/www.ferrycroatia.com\/de\/wp-json\/wp\/v2\/pages"}],"about":[{"href":"https:\/\/www.ferrycroatia.com\/de\/wp-json\/wp\/v2\/types\/page"}],"author":[{"embeddable":true,"href":"https:\/\/www.ferrycroatia.com\/de\/wp-json\/wp\/v2\/users\/5"}],"replies":[{"embeddable":true,"href":"https:\/\/www.ferrycroatia.com\/de\/wp-json\/wp\/v2\/comments?post=1123"}],"version-history":[{"count":2,"href":"https:\/\/www.ferrycroatia.com\/de\/wp-json\/wp\/v2\/pages\/1123\/revisions"}],"predecessor-version":[{"id":1560,"href":"https:\/\/www.ferrycroatia.com\/de\/wp-json\/wp\/v2\/pages\/1123\/revisions\/1560"}],"wp:attachment":[{"href":"https:\/\/www.ferrycroatia.com\/de\/wp-json\/wp\/v2\/media?parent=1123"}],"curies":[{"name":"wp","href":"https:\/\/api.w.org\/{rel}","templated":true}]}}