{"id":1125,"date":"2021-02-03T09:35:42","date_gmt":"2021-02-03T09:35:42","guid":{"rendered":"https:\/\/ferrycroatia.com\/de\/?page_id=1125"},"modified":"2021-02-09T09:27:50","modified_gmt":"2021-02-09T09:27:50","slug":"fahrhafen-brsanj","status":"publish","type":"page","link":"https:\/\/www.ferrycroatia.com\/de\/fahrhafen-brsanj\/","title":{"rendered":"F\u00e4hrhafen Br\u0161anj"},"content":{"rendered":"<p><strong>Br\u0161anj ist keine Stadt, sondern nur ein F\u00e4hrterminal<\/strong> der Stadt <a href=\"https:\/\/www.ferrycroatia.com\/de\/fahrhafen-mali-iz\/\">Mali I\u017e<\/a> im S\u00fcdosten der <a href=\"https:\/\/www.ferrycroatia.com\/de\/insel-iz\/\">Insel I\u017e<\/a>. Der F\u00e4hrhafen befindet sich ca. 1 km vom Stadtzentrum entfernt. Der F\u00e4hrhafen in Br\u0161anj ist durch regelm\u00e4\u00dfige F\u00e4hrlinien mit dem <a href=\"https:\/\/www.ferrycroatia.com\/de\/fahrhafen-zadar\/\"><strong>F\u00e4hrterminal von Ga\u017eenica in Zadar<\/strong> <\/a>und der <a href=\"https:\/\/www.ferrycroatia.com\/de\/insel-rava\/\">Insel Rava<\/a> verbunden. Neben der Autof\u00e4hre gibt es eine Katamaran Verbindung von Zadar, die teilweise durch das Jahr betrieben wird.<\/p>\n<div id=\"ez-toc-container\" class=\"ez-toc-v2_0_62 counter-hierarchy ez-toc-counter ez-toc-custom ez-toc-container-direction\">\n<div class=\"ez-toc-title-container\">\n<p class=\"ez-toc-title \" >Table of Contents<\/p>\n<span class=\"ez-toc-title-toggle\"><a href=\"#\" class=\"ez-toc-pull-right ez-toc-btn ez-toc-btn-xs ez-toc-btn-default ez-toc-toggle\" aria-label=\"Toggle Table of Content\"><span class=\"ez-toc-js-icon-con\"><span class=\"\"><span class=\"eztoc-hide\" style=\"display:none;\">Toggle<\/span><span class=\"ez-toc-icon-toggle-span\"><svg style=\"fill: #070c63;color:#070c63\" xmlns=\"http:\/\/www.w3.org\/2000\/svg\" class=\"list-377408\" width=\"20px\" height=\"20px\" viewBox=\"0 0 24 24\" fill=\"none\"><path d=\"M6 6H4v2h2V6zm14 0H8v2h12V6zM4 11h2v2H4v-2zm16 0H8v2h12v-2zM4 16h2v2H4v-2zm16 0H8v2h12v-2z\" fill=\"currentColor\"><\/path><\/svg><svg style=\"fill: #070c63;color:#070c63\" class=\"arrow-unsorted-368013\" xmlns=\"http:\/\/www.w3.org\/2000\/svg\" width=\"10px\" height=\"10px\" viewBox=\"0 0 24 24\" version=\"1.2\" baseProfile=\"tiny\"><path d=\"M18.2 9.3l-6.2-6.3-6.2 6.3c-.2.2-.3.4-.3.7s.1.5.3.7c.2.2.4.3.7.3h11c.3 0 .5-.1.7-.3.2-.2.3-.5.3-.7s-.1-.5-.3-.7zM5.8 14.7l6.2 6.3 6.2-6.3c.2-.2.3-.5.3-.7s-.1-.5-.3-.7c-.2-.2-.4-.3-.7-.3h-11c-.3 0-.5.1-.7.3-.2.2-.3.5-.3.7s.1.5.3.7z\"\/><\/svg><\/span><\/span><\/span><\/a><\/span><\/div>\n<nav><ul class='ez-toc-list ez-toc-list-level-1 eztoc-toggle-hide-by-default' ><li class='ez-toc-page-1 ez-toc-heading-level-3'><a class=\"ez-toc-link ez-toc-heading-1\" href=\"https:\/\/www.ferrycroatia.com\/de\/fahrhafen-brsanj\/#An-_und_Abreise_zum_Fahrterminal_in_Brsanj\" title=\"An- und Abreise zum F\u00e4hrterminal in Br\u0161anj:\">An- und Abreise zum F\u00e4hrterminal in Br\u0161anj:<\/a><\/li><li class='ez-toc-page-1 ez-toc-heading-level-3'><a class=\"ez-toc-link ez-toc-heading-2\" href=\"https:\/\/www.ferrycroatia.com\/de\/fahrhafen-brsanj\/#Was_Sie_am_Fahrterminal_von_Brsanj_finden_konnen\" title=\"Was Sie am F\u00e4hrterminal von Br\u0161anj finden k\u00f6nnen:\">Was Sie am F\u00e4hrterminal von Br\u0161anj finden k\u00f6nnen:<\/a><\/li><li class='ez-toc-page-1 ez-toc-heading-level-3'><a class=\"ez-toc-link ez-toc-heading-3\" href=\"https:\/\/www.ferrycroatia.com\/de\/fahrhafen-brsanj\/#Adresse_des_Fahrterminals_Brsanj\" title=\"Adresse des F\u00e4hrterminals Br\u0161anj:\">Adresse des F\u00e4hrterminals Br\u0161anj:<\/a><\/li><li class='ez-toc-page-1 ez-toc-heading-level-3'><a class=\"ez-toc-link ez-toc-heading-4\" href=\"https:\/\/www.ferrycroatia.com\/de\/fahrhafen-brsanj\/#Liste_der_Fahrverbindungen_von_und_nach_Brsanj\" title=\"Liste der F\u00e4hrverbindungen von und nach Br\u0161anj:\">Liste der F\u00e4hrverbindungen von und nach Br\u0161anj:<\/a><\/li><\/ul><\/nav><\/div>\n<h3><span class=\"ez-toc-section\" id=\"An-_und_Abreise_zum_Fahrterminal_in_Brsanj\"><\/span><b>An- und Abreise zum F\u00e4hrterminal in Br\u0161anj:<\/b><span class=\"ez-toc-section-end\"><\/span><\/h3>\n<p>Die <strong>Autof\u00e4hre zwischen Zadar Ga\u017eenica und Br\u0161anj<\/strong> hat eine Fahrzeit von ca. 1 Stunde und 30 Minuten. Wenn Sie am Flughafen Zadar ankommen, k\u00f6nnen Sie mit dem Taxi in ca. 20 Minuten zum F\u00e4hrhafen gelangen. Wie bereits erw\u00e4hnt, befindet sich der F\u00e4hrhafen Br\u0161anj nicht direkt in der N\u00e4he der Stadt. Wenden Sie sich daher an Ihren Vermieter, um zu erfahren, ob er <strong>bei Ihrer Ankunft einen Transport vom F\u00e4hrhafen arrangieren kann.<\/strong> Wenn Sie zeitlich flexibel sind, k\u00f6nnen<strong> Sie auch den Katamaran von Zadar nehmen<\/strong>, der sowohl in Mali I\u017e als auch in Veli I\u017e h\u00e4lt.<\/p>\n<h3><span class=\"ez-toc-section\" id=\"Was_Sie_am_Fahrterminal_von_Brsanj_finden_konnen\"><\/span><b>Was Sie am F\u00e4hrterminal von Br\u0161anj finden k\u00f6nnen:<\/b><span class=\"ez-toc-section-end\"><\/span><\/h3>\n<p>Br\u0161anj liegt 1 km vom Stadtzentrum Mali I\u017e entfernt, wo sich alle Einrichtungen befinden. <strong>Das Einzige, was sich am F\u00e4hrterminal befindet, ist ein Ticketb\u00fcro<\/strong>. Wenn Sie also etwas kaufen m\u00fcssen, m\u00fcssen Sie nach Mali I\u017e fahren.<\/p>\n<h3><span class=\"ez-toc-section\" id=\"Adresse_des_Fahrterminals_Brsanj\"><\/span><b>Adresse des F\u00e4hrterminals Br\u0161anj:<\/b><span class=\"ez-toc-section-end\"><\/span><\/h3>\n<ul>\n<li>L\u00e4ngengrad: 15.146519<\/li>\n<li>Breitengrad: 44.024261<\/li>\n<li>23284 Br\u0161anj (I\u017e)<\/li>\n<\/ul>\n<p><a class=\"lightbox\" href=\"http:\/\/www.ferrycroatia.com\/wp-content\/uploads\/2016\/08\/Brsanj-ferry-port.jpg\"><img decoding=\"async\" loading=\"lazy\" class=\"alignnone size-full wp-image-609\" data-src=\"http:\/\/www.ferrycroatia.com\/wp-content\/uploads\/2016\/08\/Brsanj-ferry-port.jpg\" alt=\"Brsanj ferry port\" width=\"1024\" height=\"708\" \/><\/a><\/p>\n<h3><span class=\"ez-toc-section\" id=\"Liste_der_Fahrverbindungen_von_und_nach_Brsanj\"><\/span><b>Liste der F\u00e4hrverbindungen von und nach Br\u0161anj:<\/b><span class=\"ez-toc-section-end\"><\/span><\/h3>\n<p>Autof\u00e4hre: Zadar (Ga\u017eenica) &#8211; Br\u0161anj (I\u017e) &#8211; Rava &#8211; Mala Rava<\/p>\n<p>Katamaran Zadar &#8211; Sali &#8211; Zaglav &#8211; Br\u0161anj<\/p>\n<table border=\" 1px solid black\" width=\"747\">\n<tbody>\n<tr>\n<td style=\"text-align: center;\"><a href=\"https:\/\/www.ferrycroatia.com\/de\/brsanj-zadar\/\">Br\u0161anj &#8211; Zadar<\/a><\/td>\n<td style=\"text-align: center;\"><a href=\"https:\/\/www.ferrycroatia.com\/de\/brsanj-rava\/\">Br\u0161anj &#8211; Rava<\/a><\/td>\n<td style=\"text-align: center;\"><a href=\"https:\/\/www.ferrycroatia.com\/de\/brsanj-mala-rava\/\">Br\u0161anj &#8211; Mala Rava<\/a><\/td>\n<\/tr>\n<tr>\n<td style=\"text-align: center;\"><a href=\"https:\/\/www.ferrycroatia.com\/de\/zadar-brsanj\/\">Zadar &#8211; Brsanj<\/a><\/td>\n<td style=\"text-align: center;\"><a href=\"https:\/\/www.ferrycroatia.com\/de\/rava-brsanj\/\">Rava &#8211; Brsanj<\/a><\/td>\n<td style=\"text-align: center;\"><a href=\"https:\/\/www.ferrycroatia.com\/de\/mala-rava-brsanj\/\">Mala Rava &#8211; Brsanj<\/a><\/td>\n<\/tr>\n<\/tbody>\n<\/table>\n","protected":false},"excerpt":{"rendered":"<p>Br\u0161anj ist keine Stadt, sondern nur ein F\u00e4hrterminal der Stadt Mali I\u017e im S\u00fcdosten der Insel I\u017e. Der F\u00e4hrhafen befindet sich ca. 1 km vom Stadtzentrum entfernt. Der F\u00e4hrhafen in Br\u0161anj ist durch regelm\u00e4\u00dfige F\u00e4hrlinien mit dem F\u00e4hrterminal von Ga\u017eenica in Zadar und der Insel Rava verbunden. Neben der Autof\u00e4hre gibt es eine Katamaran Verbindung [&hellip;]<\/p>\n<p><a class=\"more-link\" href=\"https:\/\/www.ferrycroatia.com\/de\/fahrhafen-brsanj\/\"> Continue reading&#8230;<\/a><\/p>\n","protected":false},"author":5,"featured_media":0,"parent":0,"menu_order":0,"comment_status":"closed","ping_status":"closed","template":"","meta":[],"yoast_head":"<!-- This site is optimized with the Yoast SEO plugin v19.8 - https:\/\/yoast.com\/wordpress\/plugins\/seo\/ -->\n<title>F\u00e4hrterminal Br\u0161anj, mit der Autof\u00e4hre zur Insel I\u017e reisen<\/title>\n<meta name=\"robots\" content=\"index, follow, max-snippet:-1, max-image-preview:large, max-video-preview:-1\" \/>\n<link rel=\"canonical\" href=\"https:\/\/www.ferrycroatia.com\/de\/fahrhafen-brsanj\/\" \/>\n<meta property=\"og:locale\" content=\"en_US\" \/>\n<meta property=\"og:type\" content=\"article\" \/>\n<meta property=\"og:title\" content=\"F\u00e4hrterminal Br\u0161anj, mit der Autof\u00e4hre zur Insel I\u017e reisen\" \/>\n<meta property=\"og:description\" content=\"Br\u0161anj ist keine Stadt, sondern nur ein F\u00e4hrterminal der Stadt Mali I\u017e im S\u00fcdosten der Insel I\u017e. Der F\u00e4hrhafen befindet sich ca. 1 km vom Stadtzentrum entfernt. Der F\u00e4hrhafen in Br\u0161anj ist durch regelm\u00e4\u00dfige F\u00e4hrlinien mit dem F\u00e4hrterminal von Ga\u017eenica in Zadar und der Insel Rava verbunden. Neben der Autof\u00e4hre gibt es eine Katamaran Verbindung [&hellip;] Continue reading...\" \/>\n<meta property=\"og:url\" content=\"https:\/\/www.ferrycroatia.com\/de\/fahrhafen-brsanj\/\" \/>\n<meta property=\"og:site_name\" content=\"F\u00e4hre Kroatien\" \/>\n<meta property=\"article:modified_time\" content=\"2021-02-09T09:27:50+00:00\" \/>\n<meta property=\"og:image\" content=\"http:\/\/www.ferrycroatia.com\/wp-content\/uploads\/2016\/08\/Brsanj-ferry-port.jpg\" \/>\n<meta name=\"twitter:card\" content=\"summary_large_image\" \/>\n<meta name=\"twitter:label1\" content=\"Est. reading time\" \/>\n\t<meta name=\"twitter:data1\" content=\"2 minutes\" \/>\n<script type=\"application\/ld+json\" class=\"yoast-schema-graph\">{\"@context\":\"https:\/\/schema.org\",\"@graph\":[{\"@type\":\"WebPage\",\"@id\":\"https:\/\/www.ferrycroatia.com\/de\/fahrhafen-brsanj\/\",\"url\":\"https:\/\/www.ferrycroatia.com\/de\/fahrhafen-brsanj\/\",\"name\":\"F\u00e4hrterminal Br\u0161anj, mit der Autof\u00e4hre zur Insel I\u017e reisen\",\"isPartOf\":{\"@id\":\"https:\/\/www.ferrycroatia.com\/de\/#website\"},\"datePublished\":\"2021-02-03T09:35:42+00:00\",\"dateModified\":\"2021-02-09T09:27:50+00:00\",\"breadcrumb\":{\"@id\":\"https:\/\/www.ferrycroatia.com\/de\/fahrhafen-brsanj\/#breadcrumb\"},\"inLanguage\":\"en-US\",\"potentialAction\":[{\"@type\":\"ReadAction\",\"target\":[\"https:\/\/www.ferrycroatia.com\/de\/fahrhafen-brsanj\/\"]}]},{\"@type\":\"BreadcrumbList\",\"@id\":\"https:\/\/www.ferrycroatia.com\/de\/fahrhafen-brsanj\/#breadcrumb\",\"itemListElement\":[{\"@type\":\"ListItem\",\"position\":1,\"name\":\"Home\",\"item\":\"https:\/\/www.ferrycroatia.com\/de\/\"},{\"@type\":\"ListItem\",\"position\":2,\"name\":\"F\u00e4hrhafen Br\u0161anj\"}]},{\"@type\":\"WebSite\",\"@id\":\"https:\/\/www.ferrycroatia.com\/de\/#website\",\"url\":\"https:\/\/www.ferrycroatia.com\/de\/\",\"name\":\"F\u00e4hre Kroatien\",\"description\":\"Info und Fahrpl\u00e4ne f\u00fcr alle Katamarane und F\u00e4hren in Kroatien\",\"potentialAction\":[{\"@type\":\"SearchAction\",\"target\":{\"@type\":\"EntryPoint\",\"urlTemplate\":\"https:\/\/www.ferrycroatia.com\/de\/?s={search_term_string}\"},\"query-input\":\"required name=search_term_string\"}],\"inLanguage\":\"en-US\"}]}<\/script>\n<!-- \/ Yoast SEO plugin. -->","yoast_head_json":{"title":"F\u00e4hrterminal Br\u0161anj, mit der Autof\u00e4hre zur Insel I\u017e reisen","robots":{"index":"index","follow":"follow","max-snippet":"max-snippet:-1","max-image-preview":"max-image-preview:large","max-video-preview":"max-video-preview:-1"},"canonical":"https:\/\/www.ferrycroatia.com\/de\/fahrhafen-brsanj\/","og_locale":"en_US","og_type":"article","og_title":"F\u00e4hrterminal Br\u0161anj, mit der Autof\u00e4hre zur Insel I\u017e reisen","og_description":"Br\u0161anj ist keine Stadt, sondern nur ein F\u00e4hrterminal der Stadt Mali I\u017e im S\u00fcdosten der Insel I\u017e. Der F\u00e4hrhafen befindet sich ca. 1 km vom Stadtzentrum entfernt. Der F\u00e4hrhafen in Br\u0161anj ist durch regelm\u00e4\u00dfige F\u00e4hrlinien mit dem F\u00e4hrterminal von Ga\u017eenica in Zadar und der Insel Rava verbunden. Neben der Autof\u00e4hre gibt es eine Katamaran Verbindung [&hellip;] Continue reading...","og_url":"https:\/\/www.ferrycroatia.com\/de\/fahrhafen-brsanj\/","og_site_name":"F\u00e4hre Kroatien","article_modified_time":"2021-02-09T09:27:50+00:00","og_image":[{"url":"http:\/\/www.ferrycroatia.com\/wp-content\/uploads\/2016\/08\/Brsanj-ferry-port.jpg"}],"twitter_card":"summary_large_image","twitter_misc":{"Est. reading time":"2 minutes"},"schema":{"@context":"https:\/\/schema.org","@graph":[{"@type":"WebPage","@id":"https:\/\/www.ferrycroatia.com\/de\/fahrhafen-brsanj\/","url":"https:\/\/www.ferrycroatia.com\/de\/fahrhafen-brsanj\/","name":"F\u00e4hrterminal Br\u0161anj, mit der Autof\u00e4hre zur Insel I\u017e reisen","isPartOf":{"@id":"https:\/\/www.ferrycroatia.com\/de\/#website"},"datePublished":"2021-02-03T09:35:42+00:00","dateModified":"2021-02-09T09:27:50+00:00","breadcrumb":{"@id":"https:\/\/www.ferrycroatia.com\/de\/fahrhafen-brsanj\/#breadcrumb"},"inLanguage":"en-US","potentialAction":[{"@type":"ReadAction","target":["https:\/\/www.ferrycroatia.com\/de\/fahrhafen-brsanj\/"]}]},{"@type":"BreadcrumbList","@id":"https:\/\/www.ferrycroatia.com\/de\/fahrhafen-brsanj\/#breadcrumb","itemListElement":[{"@type":"ListItem","position":1,"name":"Home","item":"https:\/\/www.ferrycroatia.com\/de\/"},{"@type":"ListItem","position":2,"name":"F\u00e4hrhafen Br\u0161anj"}]},{"@type":"WebSite","@id":"https:\/\/www.ferrycroatia.com\/de\/#website","url":"https:\/\/www.ferrycroatia.com\/de\/","name":"F\u00e4hre Kroatien","description":"Info und Fahrpl\u00e4ne f\u00fcr alle Katamarane und F\u00e4hren in Kroatien","potentialAction":[{"@type":"SearchAction","target":{"@type":"EntryPoint","urlTemplate":"https:\/\/www.ferrycroatia.com\/de\/?s={search_term_string}"},"query-input":"required name=search_term_string"}],"inLanguage":"en-US"}]}},"_links":{"self":[{"href":"https:\/\/www.ferrycroatia.com\/de\/wp-json\/wp\/v2\/pages\/1125"}],"collection":[{"href":"https:\/\/www.ferrycroatia.com\/de\/wp-json\/wp\/v2\/pages"}],"about":[{"href":"https:\/\/www.ferrycroatia.com\/de\/wp-json\/wp\/v2\/types\/page"}],"author":[{"embeddable":true,"href":"https:\/\/www.ferrycroatia.com\/de\/wp-json\/wp\/v2\/users\/5"}],"replies":[{"embeddable":true,"href":"https:\/\/www.ferrycroatia.com\/de\/wp-json\/wp\/v2\/comments?post=1125"}],"version-history":[{"count":2,"href":"https:\/\/www.ferrycroatia.com\/de\/wp-json\/wp\/v2\/pages\/1125\/revisions"}],"predecessor-version":[{"id":1562,"href":"https:\/\/www.ferrycroatia.com\/de\/wp-json\/wp\/v2\/pages\/1125\/revisions\/1562"}],"wp:attachment":[{"href":"https:\/\/www.ferrycroatia.com\/de\/wp-json\/wp\/v2\/media?parent=1125"}],"curies":[{"name":"wp","href":"https:\/\/api.w.org\/{rel}","templated":true}]}}