{"id":1127,"date":"2021-02-03T09:48:53","date_gmt":"2021-02-03T09:48:53","guid":{"rendered":"https:\/\/ferrycroatia.com\/de\/?page_id=1127"},"modified":"2021-02-09T09:30:14","modified_gmt":"2021-02-09T09:30:14","slug":"fahrhafen-domince","status":"publish","type":"page","link":"https:\/\/www.ferrycroatia.com\/de\/fahrhafen-domince\/","title":{"rendered":"F\u00e4hrhafen Domin\u010de"},"content":{"rendered":"<p>Domin\u010de ist der zweite F\u00e4hrhafen der Stadt Kor\u010dula. <strong>Es liegt etwa 3 Kilometer<\/strong> von der Altstadt entfernt und die einzige F\u00e4hrverbindung von dort ist die mit Orebi\u0107 auf der Halbinsel Pelje\u0161ac. Die Stadt Kor\u010dula kann nur mit dem Auto oder Taxi erreicht werden<strong> (Sie k\u00f6nnen das Taxi beim Tourismusb\u00fcro direkt am F\u00e4hrterminal anrufen)<\/strong>. Von der Stadt Kor\u010dula aus k\u00f6nnen Sie <strong>mit dem Bus einige andere Orte auf der <a href=\"https:\/\/www.ferrycroatia.com\/de\/insel-korcula\/\">Insel Kor\u010dula<\/a> besuchen,<\/strong> darunter Lumbarda, Blato und Vela Luka.<\/p>\n<div id=\"ez-toc-container\" class=\"ez-toc-v2_0_62 counter-hierarchy ez-toc-counter ez-toc-custom ez-toc-container-direction\">\n<div class=\"ez-toc-title-container\">\n<p class=\"ez-toc-title \" >Table of Contents<\/p>\n<span class=\"ez-toc-title-toggle\"><a href=\"#\" class=\"ez-toc-pull-right ez-toc-btn ez-toc-btn-xs ez-toc-btn-default ez-toc-toggle\" aria-label=\"Toggle Table of Content\"><span class=\"ez-toc-js-icon-con\"><span class=\"\"><span class=\"eztoc-hide\" style=\"display:none;\">Toggle<\/span><span class=\"ez-toc-icon-toggle-span\"><svg style=\"fill: #070c63;color:#070c63\" xmlns=\"http:\/\/www.w3.org\/2000\/svg\" class=\"list-377408\" width=\"20px\" height=\"20px\" viewBox=\"0 0 24 24\" fill=\"none\"><path d=\"M6 6H4v2h2V6zm14 0H8v2h12V6zM4 11h2v2H4v-2zm16 0H8v2h12v-2zM4 16h2v2H4v-2zm16 0H8v2h12v-2z\" fill=\"currentColor\"><\/path><\/svg><svg style=\"fill: #070c63;color:#070c63\" class=\"arrow-unsorted-368013\" xmlns=\"http:\/\/www.w3.org\/2000\/svg\" width=\"10px\" height=\"10px\" viewBox=\"0 0 24 24\" version=\"1.2\" baseProfile=\"tiny\"><path d=\"M18.2 9.3l-6.2-6.3-6.2 6.3c-.2.2-.3.4-.3.7s.1.5.3.7c.2.2.4.3.7.3h11c.3 0 .5-.1.7-.3.2-.2.3-.5.3-.7s-.1-.5-.3-.7zM5.8 14.7l6.2 6.3 6.2-6.3c.2-.2.3-.5.3-.7s-.1-.5-.3-.7c-.2-.2-.4-.3-.7-.3h-11c-.3 0-.5.1-.7.3-.2.2-.3.5-.3.7s.1.5.3.7z\"\/><\/svg><\/span><\/span><\/span><\/a><\/span><\/div>\n<nav><ul class='ez-toc-list ez-toc-list-level-1 eztoc-toggle-hide-by-default' ><li class='ez-toc-page-1 ez-toc-heading-level-3'><a class=\"ez-toc-link ez-toc-heading-1\" href=\"https:\/\/www.ferrycroatia.com\/de\/fahrhafen-domince\/#Von_Korcula_nach_Split_Dubrovnik_Flughafen_mit_dem_Auto\" title=\"Von Kor\u010dula nach Split \/ Dubrovnik Flughafen mit dem Auto:\">Von Kor\u010dula nach Split \/ Dubrovnik Flughafen mit dem Auto:<\/a><\/li><li class='ez-toc-page-1 ez-toc-heading-level-3'><a class=\"ez-toc-link ez-toc-heading-2\" href=\"https:\/\/www.ferrycroatia.com\/de\/fahrhafen-domince\/#Was_Sie_am_Fahrterminal_Domince_finden_konnen\" title=\"Was Sie am F\u00e4hrterminal Domin\u010de finden k\u00f6nnen:\">Was Sie am F\u00e4hrterminal Domin\u010de finden k\u00f6nnen:<\/a><\/li><li class='ez-toc-page-1 ez-toc-heading-level-3'><a class=\"ez-toc-link ez-toc-heading-3\" href=\"https:\/\/www.ferrycroatia.com\/de\/fahrhafen-domince\/#Adresse_des_Fahrterminals_Domince\" title=\"Adresse des F\u00e4hrterminals Domin\u010de:\">Adresse des F\u00e4hrterminals Domin\u010de:<\/a><\/li><li class='ez-toc-page-1 ez-toc-heading-level-3'><a class=\"ez-toc-link ez-toc-heading-4\" href=\"https:\/\/www.ferrycroatia.com\/de\/fahrhafen-domince\/#Liste_der_Routen\" title=\"Liste der Routen:\">Liste der Routen:<\/a><\/li><\/ul><\/nav><\/div>\n<h3><span class=\"ez-toc-section\" id=\"Von_Korcula_nach_Split_Dubrovnik_Flughafen_mit_dem_Auto\"><\/span><b>Von Kor\u010dula nach Split \/ Dubrovnik Flughafen mit dem Auto:<\/b><span class=\"ez-toc-section-end\"><\/span><\/h3>\n<p>Wenn Sie mit der F\u00e4hre von Domin\u010de nach Orebic gefahren sind, haben Sie eine 130 km lange Fahrt zum <strong>Flughafen Dubrovnik<\/strong>. Wenn Sie vom Flughafen Split aus fliegen, haben Sie ungef\u00e4hr 270 km. F\u00fcr Split ist es eine bessere Option, <strong>nach Trpanj zu fahren, einer anderen Stadt<\/strong> auf der Halbinsel (19 km von Orebi\u0107 entfernt), wo Sie eine F\u00e4hre nach Plo\u010de nehmen und dann zum Flughafen von Split (160 km) fahren k\u00f6nnen, oder Sie k\u00f6nnen auch die F\u00e4hre von Vela Luka direkt nach Split nehmen.<\/p>\n<h3><span class=\"ez-toc-section\" id=\"Was_Sie_am_Fahrterminal_Domince_finden_konnen\"><\/span><b>Was Sie am F\u00e4hrterminal Domin\u010de finden k\u00f6nnen:<\/b><span class=\"ez-toc-section-end\"><\/span><\/h3>\n<p>Am F\u00e4hrterminal selbst gibt es nicht viele Einrichtungen: <strong>Sie finden ein Ticketb\u00fcro<\/strong> (wo Sie Tickets f\u00fcr die F\u00e4hre kaufen k\u00f6nnen), zwei Bars und ein Reiseb\u00fcro. Wenn Sie noch etwas brauchen, ist die Stadt Kor\u010dula<strong> nur 3 km entfernt.<\/strong><\/p>\n<h3><span class=\"ez-toc-section\" id=\"Adresse_des_Fahrterminals_Domince\"><\/span><b>Adresse des F\u00e4hrterminals Domin\u010de:<\/b><span class=\"ez-toc-section-end\"><\/span><\/h3>\n<blockquote>\n<p>20260 Domin\u010de, Kor\u010dula (Kor\u010dula)<\/p>\n<p><strong>GPS-Koordinaten:<\/strong> 42.95299, 17.15008<\/p>\n<\/blockquote>\n<p><a class=\"lightbox\" href=\"http:\/\/www.ferrycroatia.com\/en\/wp-content\/uploads\/2016\/07\/Domince.jpg\"><img decoding=\"async\" loading=\"lazy\" class=\"alignnone size-full wp-image-2540\" data-src=\"http:\/\/www.ferrycroatia.com\/en\/wp-content\/uploads\/2016\/07\/Domince.jpg\" alt=\"Domince map port\" width=\"800\" height=\"787\" \/><\/a><\/p>\n<h3><span class=\"ez-toc-section\" id=\"Liste_der_Routen\"><\/span><b>Liste der Routen:<\/b><span class=\"ez-toc-section-end\"><\/span><\/h3>\n<p>Autof\u00e4hre Domin\u010de (Kor\u010dula) &#8211; Orebi\u0107<\/p>\n<table border=\" 1px solid black\" width=\"747\">\n<tbody>\n<tr>\n<td style=\"text-align: center;\"><a href=\"https:\/\/www.ferrycroatia.com\/de\/domince-orebic\/\">Domince &#8211; Orebic<\/a><\/td>\n<td style=\"text-align: center;\"><a href=\"https:\/\/www.ferrycroatia.com\/de\/orebic-domince\/\">Orebic &#8211; Domince<\/a><\/td>\n<\/tr>\n<\/tbody>\n<\/table>\n\n\n<p><\/p>\n","protected":false},"excerpt":{"rendered":"<p>Domin\u010de ist der zweite F\u00e4hrhafen der Stadt Kor\u010dula. Es liegt etwa 3 Kilometer von der Altstadt entfernt und die einzige F\u00e4hrverbindung von dort ist die mit Orebi\u0107 auf der Halbinsel Pelje\u0161ac. Die Stadt Kor\u010dula kann nur mit dem Auto oder Taxi erreicht werden (Sie k\u00f6nnen das Taxi beim Tourismusb\u00fcro direkt am F\u00e4hrterminal anrufen). Von der [&hellip;]<\/p>\n<p><a class=\"more-link\" href=\"https:\/\/www.ferrycroatia.com\/de\/fahrhafen-domince\/\"> Continue reading&#8230;<\/a><\/p>\n","protected":false},"author":5,"featured_media":1128,"parent":0,"menu_order":0,"comment_status":"closed","ping_status":"closed","template":"","meta":[],"yoast_head":"<!-- This site is optimized with the Yoast SEO plugin v19.8 - https:\/\/yoast.com\/wordpress\/plugins\/seo\/ -->\n<title>F\u00e4hrterminal Domin\u010de, Autof\u00e4hre von und nach Domin\u010de<\/title>\n<meta name=\"description\" content=\"F\u00e4hren vom F\u00e4hrhafen Domin\u010de. Wie man den F\u00e4hrhafen in Domin\u010de mit dem Bus oder mit dem Auto von anderen kroatischen Zielen erreicht. Adresse und Einrichtungen am Hafen Domin\u010de.\" \/>\n<meta name=\"robots\" content=\"index, follow, max-snippet:-1, max-image-preview:large, max-video-preview:-1\" \/>\n<link rel=\"canonical\" href=\"https:\/\/www.ferrycroatia.com\/de\/fahrhafen-domince\/\" \/>\n<meta property=\"og:locale\" content=\"en_US\" \/>\n<meta property=\"og:type\" content=\"article\" \/>\n<meta property=\"og:title\" content=\"F\u00e4hrterminal Domin\u010de, Autof\u00e4hre von und nach Domin\u010de\" \/>\n<meta property=\"og:description\" content=\"F\u00e4hren vom F\u00e4hrhafen Domin\u010de. Wie man den F\u00e4hrhafen in Domin\u010de mit dem Bus oder mit dem Auto von anderen kroatischen Zielen erreicht. Adresse und Einrichtungen am Hafen Domin\u010de.\" \/>\n<meta property=\"og:url\" content=\"https:\/\/www.ferrycroatia.com\/de\/fahrhafen-domince\/\" \/>\n<meta property=\"og:site_name\" content=\"F\u00e4hre Kroatien\" \/>\n<meta property=\"article:modified_time\" content=\"2021-02-09T09:30:14+00:00\" \/>\n<meta property=\"og:image\" content=\"https:\/\/www.ferrycroatia.com\/de\/wp-content\/uploads\/2021\/02\/domince-Korcula.jpg\" \/>\n\t<meta property=\"og:image:width\" content=\"1024\" \/>\n\t<meta property=\"og:image:height\" content=\"768\" \/>\n\t<meta property=\"og:image:type\" content=\"image\/jpeg\" \/>\n<meta name=\"twitter:card\" content=\"summary_large_image\" \/>\n<meta name=\"twitter:label1\" content=\"Est. reading time\" \/>\n\t<meta name=\"twitter:data1\" content=\"1 minute\" \/>\n<script type=\"application\/ld+json\" class=\"yoast-schema-graph\">{\"@context\":\"https:\/\/schema.org\",\"@graph\":[{\"@type\":\"WebPage\",\"@id\":\"https:\/\/www.ferrycroatia.com\/de\/fahrhafen-domince\/\",\"url\":\"https:\/\/www.ferrycroatia.com\/de\/fahrhafen-domince\/\",\"name\":\"F\u00e4hrterminal Domin\u010de, Autof\u00e4hre von und nach Domin\u010de\",\"isPartOf\":{\"@id\":\"https:\/\/www.ferrycroatia.com\/de\/#website\"},\"datePublished\":\"2021-02-03T09:48:53+00:00\",\"dateModified\":\"2021-02-09T09:30:14+00:00\",\"description\":\"F\u00e4hren vom F\u00e4hrhafen Domin\u010de. Wie man den F\u00e4hrhafen in Domin\u010de mit dem Bus oder mit dem Auto von anderen kroatischen Zielen erreicht. Adresse und Einrichtungen am Hafen Domin\u010de.\",\"breadcrumb\":{\"@id\":\"https:\/\/www.ferrycroatia.com\/de\/fahrhafen-domince\/#breadcrumb\"},\"inLanguage\":\"en-US\",\"potentialAction\":[{\"@type\":\"ReadAction\",\"target\":[\"https:\/\/www.ferrycroatia.com\/de\/fahrhafen-domince\/\"]}]},{\"@type\":\"BreadcrumbList\",\"@id\":\"https:\/\/www.ferrycroatia.com\/de\/fahrhafen-domince\/#breadcrumb\",\"itemListElement\":[{\"@type\":\"ListItem\",\"position\":1,\"name\":\"Home\",\"item\":\"https:\/\/www.ferrycroatia.com\/de\/\"},{\"@type\":\"ListItem\",\"position\":2,\"name\":\"F\u00e4hrhafen Domin\u010de\"}]},{\"@type\":\"WebSite\",\"@id\":\"https:\/\/www.ferrycroatia.com\/de\/#website\",\"url\":\"https:\/\/www.ferrycroatia.com\/de\/\",\"name\":\"F\u00e4hre Kroatien\",\"description\":\"Info und Fahrpl\u00e4ne f\u00fcr alle Katamarane und F\u00e4hren in Kroatien\",\"potentialAction\":[{\"@type\":\"SearchAction\",\"target\":{\"@type\":\"EntryPoint\",\"urlTemplate\":\"https:\/\/www.ferrycroatia.com\/de\/?s={search_term_string}\"},\"query-input\":\"required name=search_term_string\"}],\"inLanguage\":\"en-US\"}]}<\/script>\n<!-- \/ Yoast SEO plugin. -->","yoast_head_json":{"title":"F\u00e4hrterminal Domin\u010de, Autof\u00e4hre von und nach Domin\u010de","description":"F\u00e4hren vom F\u00e4hrhafen Domin\u010de. Wie man den F\u00e4hrhafen in Domin\u010de mit dem Bus oder mit dem Auto von anderen kroatischen Zielen erreicht. Adresse und Einrichtungen am Hafen Domin\u010de.","robots":{"index":"index","follow":"follow","max-snippet":"max-snippet:-1","max-image-preview":"max-image-preview:large","max-video-preview":"max-video-preview:-1"},"canonical":"https:\/\/www.ferrycroatia.com\/de\/fahrhafen-domince\/","og_locale":"en_US","og_type":"article","og_title":"F\u00e4hrterminal Domin\u010de, Autof\u00e4hre von und nach Domin\u010de","og_description":"F\u00e4hren vom F\u00e4hrhafen Domin\u010de. Wie man den F\u00e4hrhafen in Domin\u010de mit dem Bus oder mit dem Auto von anderen kroatischen Zielen erreicht. Adresse und Einrichtungen am Hafen Domin\u010de.","og_url":"https:\/\/www.ferrycroatia.com\/de\/fahrhafen-domince\/","og_site_name":"F\u00e4hre Kroatien","article_modified_time":"2021-02-09T09:30:14+00:00","og_image":[{"width":1024,"height":768,"url":"https:\/\/www.ferrycroatia.com\/de\/wp-content\/uploads\/2021\/02\/domince-Korcula.jpg","type":"image\/jpeg"}],"twitter_card":"summary_large_image","twitter_misc":{"Est. reading time":"1 minute"},"schema":{"@context":"https:\/\/schema.org","@graph":[{"@type":"WebPage","@id":"https:\/\/www.ferrycroatia.com\/de\/fahrhafen-domince\/","url":"https:\/\/www.ferrycroatia.com\/de\/fahrhafen-domince\/","name":"F\u00e4hrterminal Domin\u010de, Autof\u00e4hre von und nach Domin\u010de","isPartOf":{"@id":"https:\/\/www.ferrycroatia.com\/de\/#website"},"datePublished":"2021-02-03T09:48:53+00:00","dateModified":"2021-02-09T09:30:14+00:00","description":"F\u00e4hren vom F\u00e4hrhafen Domin\u010de. Wie man den F\u00e4hrhafen in Domin\u010de mit dem Bus oder mit dem Auto von anderen kroatischen Zielen erreicht. Adresse und Einrichtungen am Hafen Domin\u010de.","breadcrumb":{"@id":"https:\/\/www.ferrycroatia.com\/de\/fahrhafen-domince\/#breadcrumb"},"inLanguage":"en-US","potentialAction":[{"@type":"ReadAction","target":["https:\/\/www.ferrycroatia.com\/de\/fahrhafen-domince\/"]}]},{"@type":"BreadcrumbList","@id":"https:\/\/www.ferrycroatia.com\/de\/fahrhafen-domince\/#breadcrumb","itemListElement":[{"@type":"ListItem","position":1,"name":"Home","item":"https:\/\/www.ferrycroatia.com\/de\/"},{"@type":"ListItem","position":2,"name":"F\u00e4hrhafen Domin\u010de"}]},{"@type":"WebSite","@id":"https:\/\/www.ferrycroatia.com\/de\/#website","url":"https:\/\/www.ferrycroatia.com\/de\/","name":"F\u00e4hre Kroatien","description":"Info und Fahrpl\u00e4ne f\u00fcr alle Katamarane und F\u00e4hren in Kroatien","potentialAction":[{"@type":"SearchAction","target":{"@type":"EntryPoint","urlTemplate":"https:\/\/www.ferrycroatia.com\/de\/?s={search_term_string}"},"query-input":"required name=search_term_string"}],"inLanguage":"en-US"}]}},"_links":{"self":[{"href":"https:\/\/www.ferrycroatia.com\/de\/wp-json\/wp\/v2\/pages\/1127"}],"collection":[{"href":"https:\/\/www.ferrycroatia.com\/de\/wp-json\/wp\/v2\/pages"}],"about":[{"href":"https:\/\/www.ferrycroatia.com\/de\/wp-json\/wp\/v2\/types\/page"}],"author":[{"embeddable":true,"href":"https:\/\/www.ferrycroatia.com\/de\/wp-json\/wp\/v2\/users\/5"}],"replies":[{"embeddable":true,"href":"https:\/\/www.ferrycroatia.com\/de\/wp-json\/wp\/v2\/comments?post=1127"}],"version-history":[{"count":3,"href":"https:\/\/www.ferrycroatia.com\/de\/wp-json\/wp\/v2\/pages\/1127\/revisions"}],"predecessor-version":[{"id":1564,"href":"https:\/\/www.ferrycroatia.com\/de\/wp-json\/wp\/v2\/pages\/1127\/revisions\/1564"}],"wp:featuredmedia":[{"embeddable":true,"href":"https:\/\/www.ferrycroatia.com\/de\/wp-json\/wp\/v2\/media\/1128"}],"wp:attachment":[{"href":"https:\/\/www.ferrycroatia.com\/de\/wp-json\/wp\/v2\/media?parent=1127"}],"curies":[{"name":"wp","href":"https:\/\/api.w.org\/{rel}","templated":true}]}}