{"id":1136,"date":"2021-02-03T10:26:49","date_gmt":"2021-02-03T10:26:49","guid":{"rendered":"https:\/\/ferrycroatia.com\/de\/?page_id=1136"},"modified":"2024-08-06T15:34:03","modified_gmt":"2024-08-06T13:34:03","slug":"fahrhafen-dubrovnik","status":"publish","type":"page","link":"https:\/\/www.ferrycroatia.com\/de\/fahrhafen-dubrovnik\/","title":{"rendered":"F\u00e4hrhafen Dubrovnik"},"content":{"rendered":"\n<p>Der F\u00e4hrhafen Dubrovnik befindet sich <strong>in Kantafig in der Bucht von Gruz,<\/strong> nur 3 km von der Altstadt entfernt. Alle F\u00e4hren und Katamarane von und nach Dubrovnik verkehren von dort aus. Der F\u00e4hrhafen ist 7 Tage die Woche von 0 bis 24 Uhr ge\u00f6ffnet. <strong>Der Hauptbusbahnhof<\/strong> befindet sich in der N\u00e4he des F\u00e4hrterminals, wodurch es einfacher ist, von anderen kroatischen St\u00e4dten zum Terminal zu gelangen.<\/p>\n\n\n\n<h2 class=\"has-medium-font-size\"><b>Zum und vom F\u00e4hrhafen in Dubrovnik gelangen:<\/b><\/h2>\n\n\n\n<p>Wenn Sie in Dubrovnik \u00fcbernachten und die <strong><a href=\"https:\/\/www.ferrycroatia.com\/de\/insel-lopud\/\">Inseln Lopud<\/a>, \u0160ipan, Kolo\u010dep, <a href=\"https:\/\/www.ferrycroatia.com\/de\/insel-mljet\/\">Mljet<\/a><\/strong> usw. erreichen m\u00f6chten, gelangen Sie von den verschiedenen Stadtteilen (wo sich die meisten Wohneinheiten befinden) zum F\u00e4hrterminal.<\/p>\n\n\n\n<p><strong>Von der Altstadt zum F\u00e4hrterminal<\/strong> k\u00f6nnen Sie die Buslinien 1A, 1B, 3 oder 6 nehmen (auch umgekehrt).<\/p>\n\n\n\n<p>Wenn Sie im Stadtteil Lapad \u00fcbernachten, <strong>m\u00fcssen Sie den Bus Nummer 6 nehmen, um zum F\u00e4hrterminal<\/strong> zu gelangen.<\/p>\n\n\n\n<p>Wenn Sie in <strong>Babin Kuk \u00fcbernachten und den F\u00e4hrhafen erreichen m\u00f6chten<\/strong>, m\u00fcssen Sie die Busnummern 6 und 7 nehmen.<\/p>\n\n\n\n<figure class=\"wp-block-image size-full\"><img decoding=\"async\" loading=\"lazy\" width=\"1024\" height=\"768\" data-src=\"https:\/\/www.ferrycroatia.com\/de\/wp-content\/uploads\/2024\/08\/Der-Haupteingang-zur-Altstadt-in-Dubrovnik-.webp\" alt=\"Der Haupteingang zur Altstadt in Dubrovnik\" class=\"wp-image-3077\" data-srcset=\"https:\/\/www.ferrycroatia.com\/de\/wp-content\/uploads\/2024\/08\/Der-Haupteingang-zur-Altstadt-in-Dubrovnik-.webp 1024w, https:\/\/www.ferrycroatia.com\/de\/wp-content\/uploads\/2024\/08\/Der-Haupteingang-zur-Altstadt-in-Dubrovnik--300x225.webp 300w, https:\/\/www.ferrycroatia.com\/de\/wp-content\/uploads\/2024\/08\/Der-Haupteingang-zur-Altstadt-in-Dubrovnik--768x576.webp 768w\" sizes=\"(max-width: 1024px) 100vw, 1024px\" \/><figcaption class=\"wp-element-caption\">Der Haupteingang zur Altstadt in Dubrovnik<\/figcaption><\/figure>\n\n\n\n<p>Eine Einzelfahrkarte f\u00fcr die lokalen Busse <strong>kostet ca. 15 kn = 2 Euro (im Bus gekauft) und etwas weniger, wenn es vorher gekauft wurde (am Kiosk).<\/strong><\/p>\n\n\n\n<p>Von allen drei oben genannten Teilen der Stadt k\u00f6nnen Sie auch ein Taxi nehmen, das Sie nicht viel kostet, da es eine ziemlich kurze Strecke ist.<\/p>\n\n\n\n<p>Wenn Sie sich jedoch<strong> in Cavtat aufhalten, m\u00fcssen Sie den Bus Nr. 10 nehmen,<\/strong> der Sie zum Hauptbusbahnhof in Dubrovnik (direkt neben dem F\u00e4hrterminal) bringt. Eine einfache Busfahrkarte von Cavtat kostet ca. 25 kn (die Fahrt dauert ca. 25 Minuten).<\/p>\n\n\n\n<p>Die andere M\u00f6glichkeit, Dubrovnik <strong>von Cavtat aus zu erreichen, ist einen privaten Transfer zu buchen<\/strong>.<\/p>\n\n\n\n<p>Alle Busse fahren vom fr\u00fchen Morgen bis zum sp\u00e4ten Abend und es gibt h\u00e4ufig Abfahrten.<\/p>\n\n\n\n<h2 class=\"has-medium-font-size\"><b>Vom Flughafen Dubrovnik zum F\u00e4hrterminal:<\/b><\/h2>\n\n\n\n<p><strong>Der Flughafen von Dubrovnik<\/strong> liegt etwa 22 km vom F\u00e4hrterminal von Dubrovnik entfernt. Sobald Sie gelandet sind, k\u00f6nnen Sie einen <strong>im Voraus gebuchten Transfer<\/strong> <strong>(der ungef\u00e4hr 32 Euro kostet) oder ein Taxi nehmen<\/strong> (das Sie direkt zum F\u00e4hrterminal bringt und ungef\u00e4hr 35 Euro kostet). <strong>Es gibt auch Shuttlebusse vom Flughafen in Richtung Dubrovnik<\/strong> (alle halten am Hauptbusbahnhof, der sich nur wenige Minuten vom F\u00e4hrterminal entfernt befindet).<strong> Das Ticket kostet ca. 40 kn<\/strong> = etwas mehr als 5 Euro und die Fahrt dauert 30 &#8211; 40 Minuten.<\/p>\n\n\n\n<p>Wenn Sie mehr \u00fcber den Transport vom Flughafen zum F\u00e4hrterminal erfahren m\u00f6chten, klicken Sie <a href=\"https:\/\/getbybus.com\/de\/blog\/flughafenbus-dubrovnik\/\">hier<\/a>.<\/p>\n\n\n\n<figure class=\"wp-block-image size-full\"><img decoding=\"async\" loading=\"lazy\" width=\"1024\" height=\"768\" data-src=\"https:\/\/www.ferrycroatia.com\/de\/wp-content\/uploads\/2024\/08\/Der-Hafen-von-Dubrovnik-erstreckt-sich-vom-Bru\u0308cken-bis-zum-Ende-der-Bucht.-.webp\" alt=\"Der Hafen von Dubrovnik erstreckt sich vom Br\u00fccken bis zum Ende der Bucht.\" class=\"wp-image-3079\" data-srcset=\"https:\/\/www.ferrycroatia.com\/de\/wp-content\/uploads\/2024\/08\/Der-Hafen-von-Dubrovnik-erstreckt-sich-vom-Bru\u0308cken-bis-zum-Ende-der-Bucht.-.webp 1024w, https:\/\/www.ferrycroatia.com\/de\/wp-content\/uploads\/2024\/08\/Der-Hafen-von-Dubrovnik-erstreckt-sich-vom-Bru\u0308cken-bis-zum-Ende-der-Bucht.--300x225.webp 300w, https:\/\/www.ferrycroatia.com\/de\/wp-content\/uploads\/2024\/08\/Der-Hafen-von-Dubrovnik-erstreckt-sich-vom-Bru\u0308cken-bis-zum-Ende-der-Bucht.--768x576.webp 768w\" sizes=\"(max-width: 1024px) 100vw, 1024px\" \/><figcaption class=\"wp-element-caption\">Der Hafen von Dubrovnik erstreckt sich vom Br\u00fccken bis zum Ende der Bucht.<\/figcaption><\/figure>\n\n\n\n<h2 class=\"has-medium-font-size\"><b>Weitere Ziele zum F\u00e4hrterminal von Dubrovnik:<\/b><\/h2>\n\n\n\n<p>Dubrovnik ist durch regelm\u00e4\u00dfige und saisonale Buslinien mit <strong>vielen kroatischen Zielen<\/strong> gut verbunden. Wie oben erw\u00e4hnt, befindet sich der Hauptbusbahnhof in Dubrovnik nur wenige Minuten vom F\u00e4hrterminal entfernt.<\/p>\n\n\n\n<p>Klicken Sie auf diesen Link, um den genauen Ort zu sehen: <a href=\"https:\/\/getbybus.com\/de\/bus-von-dubrovnik\">https:\/\/getbybus.com\/de\/bus-von-dubrovnik<\/a><\/p>\n\n\n\n<p>Vielleicht m\u00f6chten Sie auch <strong>mit dem Auto anreisen<\/strong>. Wenn Sie aus dem Norden anreisen und <strong>die Stadt betreten, erreichen Sie sehr bald eine gro\u00dfe Br\u00fccke,<\/strong> die Br\u00fccke von Franjo Tu\u0111man. Der einfachste Weg zum F\u00e4hrterminal ist, sofort nach links abzubiegen.<strong> Die Stra\u00dfe f\u00fchrt Sie direkt zum F\u00e4hrterminal.<\/strong><\/p>\n\n\n\n<p>Wenn Sie aus dem S\u00fcden anreisen,<strong> folgen Sie nicht dem Schild nach Dubrovnik,<\/strong> sondern fahren Sie geradeaus weiter, bis Sie die Br\u00fccke vor sich sehen. Wenn Sie diese sehen, biegen Sie rechts ab und folgen Sie der Stra\u00dfe direkt zum F\u00e4hrterminal.<\/p>\n\n\n\n<h2 class=\"has-medium-font-size\"><b>Was k\u00f6nnen Sie am Hafen von Dubrovnik finden?<\/b><\/h2>\n\n\n\n<p><strong>Auf dem F\u00e4hrterminal<\/strong> oder in der N\u00e4he finden Sie auch Geldautomaten, eine Bank, Infob\u00fcros, ein Wechselb\u00fcro, ein Mietwagenb\u00fcro, einige Reiseb\u00fcros, einen Supermarkt Konzum, einen Markt, ein Einkaufszentrum Srdj, das Hotel Petka, Restaurants und Bars.<\/p>\n\n\n\n<p>Dubrovnik ist eine kleine Stadt, daher ist es eine gute Idee,<strong> ein Taxi zu nehmen, wenn Sie vom F\u00e4hrterminal aus irgendwo in die Stadt gehen m\u00f6chten<\/strong> (insbesondere, wenn Sie viel Gep\u00e4ck haben), was weniger als 100 kn kostet (rund 13 Euro). Die andere M\u00f6glichkeit ist, einen lokalen Bus zu nehmen (das Ticket kostet ungef\u00e4hr 15 kn &#8211; weniger als 2 Euro).<\/p>\n\n\n\n<h3><b>Adresse des F\u00e4hrterminals Dubrovnik:<\/b><\/h3>\n\n\n\n<blockquote class=\"wp-block-quote\">\n<p>Obala Ivana Pavla II 1<\/p>\n\n\n\n<p>20000 Dubrovnik<\/p>\n\n\n\n<p><strong>GPS-Koordinaten:<\/strong> 42.65837, 18.08615<\/p>\n<\/blockquote>\n\n\n\n<figure class=\"wp-block-image\"><a class=\"lightbox\" href=\"http:\/\/www.ferrycroatia.com\/wp-content\/uploads\/2016\/06\/Dubrovnik3.jpg\"><img decoding=\"async\" data-src=\"http:\/\/www.ferrycroatia.com\/wp-content\/uploads\/2016\/06\/Dubrovnik3.jpg\" alt=\"Dubrovnik\" class=\"wp-image-73\"\/><\/a><\/figure>\n\n\n\n<h2 class=\"has-medium-font-size\">FAQ F\u00e4hrhafen Dubrovnik<\/h2>\n\n\n\n<p><strong>Ist es einfach, von der Altstadt zum Dubrovnik Hafen zu gelangen?<\/strong><br>Ja, das ist es. Die g\u00fcnstigste M\u00f6glichkeit, dorthin zu gelangen, ist die Buslinien 1A, 1B, 3 oder 6 zu nehmen. Alternativ k\u00f6nnen Sie ein Taxi, Uber oder Bolt nutzen.<\/p>\n\n\n\n<p><strong>Welche Einrichtungen finde ich am F\u00e4hrterminal?<\/strong><br>Am F\u00e4hrterminal in Dubrovnik finden Sie ein Caf\u00e9, \u00f6ffentliche Toiletten, Touristeninformationen, Autovermietungen und das Hafenmeisterb\u00fcro. Drau\u00dfen gibt es einen gro\u00dfen Parkplatz.<\/p>\n\n\n\n<p><strong>Sind der Dubrovnik Hafen und der Gruz Hafen dasselbe?<\/strong><br>Ja, das sind sie. Der Hafen befindet sich in Gruz, weshalb beide Namen manchmal verwendet werden.<\/p>\n\n\n\n<p><strong>Wie komme ich vom Flughafen Dubrovnik zum Hafen in Dubrovnik?<\/strong><br>Der einfachste und g\u00fcnstigste Weg ist, einen Transfer im Voraus zu buchen. Weitere M\u00f6glichkeiten sind die Nutzung von Taxi, Uber, Bolt oder der Shuttlebus zum Hauptbusbahnhof, der 8 Gehminuten vom F\u00e4hrhafen entfernt ist.<\/p>\n\n\n\n<p><strong>Gibt es eine F\u00e4hre von Dubrovnik nach Montenegro?<\/strong><br>Ja, in der Sommersaison ist es m\u00f6glich, <a href=\"https:\/\/www.ferrycroatia.com\/de\/dubrovnik-budva\/\">von Dubrovnik nach Budva in Montenegro<\/a> zu segeln. Dies ist eine 2-st\u00fcndige F\u00e4hrfahrt.<\/p>\n\n\n\n<h3><b>F\u00e4hr- und Katamaran routen von Dubrovnik:<\/b><\/h3>\n\n\n\n<h4><strong>Autof\u00e4hrlinien und Schiffe von Dubrovnik:<\/strong><\/h4>\n\n\n\n<figure class=\"wp-block-table\"><table><tbody><tr><td><strong>Bari Italien<\/strong><\/td><td><strong>Insel Kolo\u010dep<\/strong><\/td><td><strong>Insel Lopud<\/strong><\/td><td><strong>Insel \u0160ipan<\/strong><\/td><\/tr><tr><td><a href=\"https:\/\/www.ferrycroatia.com\/de\/dubrovnik-bari\/\">Dubrovnik &#8211; Bari<\/a><\/td><td><a href=\"https:\/\/www.ferrycroatia.com\/de\/dubrovnik-kolocep\/\">Dubrovnik &#8211; Kolo\u010dep<\/a><\/td><td><a href=\"https:\/\/www.ferrycroatia.com\/de\/dubrovnik-lopud\/\">Dubrovnik &#8211; Lopud<\/a><\/td><td><a href=\"https:\/\/www.ferrycroatia.com\/de\/dubrovnik-sudurad\/\">Dubrovnik &#8211; Sudurad<\/a><\/td><\/tr><tr><td><a href=\"https:\/\/www.ferrycroatia.com\/de\/bari-dubrovnik\/\">Bari &#8211; Dubrovnik<\/a><\/td><td><a href=\"https:\/\/www.ferrycroatia.com\/de\/kolocep-dubrovnik\/\">Kolocep &#8211; Dubrovnik<\/a><\/td><td><a href=\"https:\/\/www.ferrycroatia.com\/de\/lopud-dubrovnik\/\">Lopud &#8211; Dubrovnik<\/a><\/td><td><a href=\"https:\/\/www.ferrycroatia.com\/de\/sudurad-dubrovnik\/\">Sudurad &#8211; Dubrovnik<\/a><\/td><\/tr><\/tbody><\/table><\/figure>\n\n\n\n<h4>Beliebte Katamaran- \/ Schnellf\u00e4hrlinien von Dubrovnik:<\/h4>\n\n\n\n<figure class=\"wp-block-table\"><table><tbody><tr><td><strong>Insel Korcula<\/strong><\/td><td><strong>Insel Hvar<\/strong><\/td><td><strong>Insel Lastovo<\/strong><\/td><\/tr><tr><td><a href=\"https:\/\/www.ferrycroatia.com\/de\/dubrovnik-korcula\/\">Dubrovnik &#8211; Korcula<\/a><\/td><td><a href=\"https:\/\/www.ferrycroatia.com\/de\/dubrovnik-stadt-hvar\/\">Dubrovnik &#8211; Hvar<\/a><\/td><td><a href=\"https:\/\/www.ferrycroatia.com\/de\/dubrovnik-ubli\/\">Dubrovnik &#8211; Ubli<\/a><\/td><\/tr><tr><td><a href=\"https:\/\/www.ferrycroatia.com\/de\/korcula-dubrovnik\/\">Korcula &#8211; Dubrovnik<\/a><\/td><td><a href=\"https:\/\/www.ferrycroatia.com\/de\/hvar-dubrovnik\/\">Hvar &#8211; Dubrovnik<\/a><\/td><td><a href=\"https:\/\/www.ferrycroatia.com\/de\/ubli-dubrovnik\/\">Ubli &#8211; Dubrovnik<\/a><\/td><\/tr><\/tbody><\/table><\/figure>\n\n\n\n<h4><strong>Katamaran \/ Schnellf\u00e4hre zur Insel Mljet:<\/strong><\/h4>\n\n\n\n<figure class=\"wp-block-table\"><table><tbody><tr><td><a href=\"https:\/\/www.ferrycroatia.com\/de\/dubrovnik-sobra\/\">Dubrovnik &#8211; Sobra<\/a><\/td><td><a href=\"https:\/\/www.ferrycroatia.com\/de\/dubrovnik-pomena\/\">Dubrovnik &#8211; Pomena<\/a><\/td><td><a href=\"https:\/\/www.ferrycroatia.com\/de\/dubrovnik-polace\/\">Dubrovnik &#8211; Polace<\/a><\/td><\/tr><tr><td><a href=\"https:\/\/www.ferrycroatia.com\/de\/sobra-dubrovnik\/\">Sobra &#8211; Dubrovnik<\/a><\/td><td><a href=\"https:\/\/www.ferrycroatia.com\/de\/pomena-dubrovnik\/\">Pomena &#8211; Dubrovnik<\/a><\/td><td><a href=\"https:\/\/www.ferrycroatia.com\/de\/polace-dubrovnik\/\">Polace &#8211; Dubrovnik<\/a><\/td><\/tr><\/tbody><\/table><\/figure>\n\n\n\n<h4><strong>Katamaran \/ Schnellf\u00e4hre zur Insel Brac und Split:<\/strong><\/h4>\n\n\n\n<figure class=\"wp-block-table\"><table><tbody><tr><td><strong>Insel Brac<\/strong><\/td><td><strong>Insel Brac<\/strong><\/td><td><strong>Split<\/strong><\/td><td><strong>Makarska<\/strong><\/td><\/tr><tr><td><a href=\"https:\/\/www.ferrycroatia.com\/de\/dubrovnik-bol\/\">Dubrovnik &#8211; Bol<\/a><\/td><td><a href=\"https:\/\/www.ferrycroatia.com\/de\/dubrovnik-milna\/\">Dubrovnik &#8211; Milna<\/a><\/td><td><a href=\"https:\/\/www.ferrycroatia.com\/de\/dubrovnik-split\/\">Dubrovnik &#8211; Split<\/a><\/td><td><a href=\"https:\/\/www.ferrycroatia.com\/de\/dubrovnik-makarska\/\">Dubrovnik &#8211; Makarska<\/a><\/td><\/tr><tr><td><a href=\"https:\/\/www.ferrycroatia.com\/de\/dubrovnik-bol\/\">Bol &#8211; Dubrovnik<\/a><\/td><td><a href=\"https:\/\/www.ferrycroatia.com\/de\/milna-dubrovnik\/\">Milna &#8211; Dubrovnik<\/a><\/td><td><a href=\"https:\/\/www.ferrycroatia.com\/de\/split-dubrovnik\/\">Split &#8211; Dubrovnik<\/a><\/td><td><a href=\"https:\/\/www.ferrycroatia.com\/de\/makarska-dubrovnik\/\">Makarska &#8211; Dubrovnik<\/a><\/td><\/tr><\/tbody><\/table><\/figure>\n\n\n\n<p><strong>\u00dcbersetzt von<\/strong>: Morten Smalby<br><strong>Originaltext<\/strong>:\u00a0<a href=\"https:\/\/www.ferrycroatia.com\/en\/dubrovnik-ferry-port\/\">Dubrovnik Ferry Port<\/a><\/p>\n","protected":false},"excerpt":{"rendered":"<p>Der F\u00e4hrhafen Dubrovnik befindet sich in Kantafig in der Bucht von Gruz, nur 3 km von der Altstadt entfernt. Alle F\u00e4hren und Katamarane von und nach Dubrovnik verkehren von dort aus. Der F\u00e4hrhafen ist 7 Tage die Woche von 0 bis 24 Uhr ge\u00f6ffnet. Der Hauptbusbahnhof befindet sich in der N\u00e4he des F\u00e4hrterminals, wodurch es [&hellip;]<\/p>\n<p><a class=\"more-link\" href=\"https:\/\/www.ferrycroatia.com\/de\/fahrhafen-dubrovnik\/\"> Continue reading&#8230;<\/a><\/p>\n","protected":false},"author":5,"featured_media":1137,"parent":0,"menu_order":0,"comment_status":"closed","ping_status":"closed","template":"","meta":[],"yoast_head":"<!-- This site is optimized with the Yoast SEO plugin v19.8 - https:\/\/yoast.com\/wordpress\/plugins\/seo\/ -->\n<title>F\u00e4hrhafen Dubrovnik, Katamaran und Autof\u00e4hrterminal<\/title>\n<meta name=\"description\" content=\"Dubrovnik F\u00e4hrhafen: Anreise mit Bus oder Auto aus anderen kroatischen St\u00e4dten. Fahrpl\u00e4ne und Preise f\u00fcr F\u00e4hren ab Dubrovnik.\" \/>\n<meta name=\"robots\" content=\"index, follow, max-snippet:-1, max-image-preview:large, max-video-preview:-1\" \/>\n<link rel=\"canonical\" href=\"https:\/\/www.ferrycroatia.com\/de\/fahrhafen-dubrovnik\/\" \/>\n<meta property=\"og:locale\" content=\"en_US\" \/>\n<meta property=\"og:type\" content=\"article\" \/>\n<meta property=\"og:title\" content=\"F\u00e4hrhafen Dubrovnik, Katamaran und Autof\u00e4hrterminal\" \/>\n<meta property=\"og:description\" content=\"Dubrovnik F\u00e4hrhafen: Anreise mit Bus oder Auto aus anderen kroatischen St\u00e4dten. Fahrpl\u00e4ne und Preise f\u00fcr F\u00e4hren ab Dubrovnik.\" \/>\n<meta property=\"og:url\" content=\"https:\/\/www.ferrycroatia.com\/de\/fahrhafen-dubrovnik\/\" \/>\n<meta property=\"og:site_name\" content=\"F\u00e4hre Kroatien\" \/>\n<meta property=\"article:modified_time\" content=\"2024-08-06T13:34:03+00:00\" \/>\n<meta property=\"og:image\" content=\"https:\/\/www.ferrycroatia.com\/de\/wp-content\/uploads\/2021\/02\/Dubrovnik-Hafen.jpg\" \/>\n\t<meta property=\"og:image:width\" content=\"1024\" \/>\n\t<meta property=\"og:image:height\" content=\"576\" \/>\n\t<meta property=\"og:image:type\" content=\"image\/jpeg\" \/>\n<meta name=\"twitter:card\" content=\"summary_large_image\" \/>\n<meta name=\"twitter:label1\" content=\"Est. reading time\" \/>\n\t<meta name=\"twitter:data1\" content=\"5 minutes\" \/>\n<script type=\"application\/ld+json\" class=\"yoast-schema-graph\">{\"@context\":\"https:\/\/schema.org\",\"@graph\":[{\"@type\":\"WebPage\",\"@id\":\"https:\/\/www.ferrycroatia.com\/de\/fahrhafen-dubrovnik\/\",\"url\":\"https:\/\/www.ferrycroatia.com\/de\/fahrhafen-dubrovnik\/\",\"name\":\"F\u00e4hrhafen Dubrovnik, Katamaran und Autof\u00e4hrterminal\",\"isPartOf\":{\"@id\":\"https:\/\/www.ferrycroatia.com\/de\/#website\"},\"datePublished\":\"2021-02-03T10:26:49+00:00\",\"dateModified\":\"2024-08-06T13:34:03+00:00\",\"description\":\"Dubrovnik F\u00e4hrhafen: Anreise mit Bus oder Auto aus anderen kroatischen St\u00e4dten. Fahrpl\u00e4ne und Preise f\u00fcr F\u00e4hren ab Dubrovnik.\",\"breadcrumb\":{\"@id\":\"https:\/\/www.ferrycroatia.com\/de\/fahrhafen-dubrovnik\/#breadcrumb\"},\"inLanguage\":\"en-US\",\"potentialAction\":[{\"@type\":\"ReadAction\",\"target\":[\"https:\/\/www.ferrycroatia.com\/de\/fahrhafen-dubrovnik\/\"]}]},{\"@type\":\"BreadcrumbList\",\"@id\":\"https:\/\/www.ferrycroatia.com\/de\/fahrhafen-dubrovnik\/#breadcrumb\",\"itemListElement\":[{\"@type\":\"ListItem\",\"position\":1,\"name\":\"Home\",\"item\":\"https:\/\/www.ferrycroatia.com\/de\/\"},{\"@type\":\"ListItem\",\"position\":2,\"name\":\"F\u00e4hrhafen Dubrovnik\"}]},{\"@type\":\"WebSite\",\"@id\":\"https:\/\/www.ferrycroatia.com\/de\/#website\",\"url\":\"https:\/\/www.ferrycroatia.com\/de\/\",\"name\":\"F\u00e4hre Kroatien\",\"description\":\"Info und Fahrpl\u00e4ne f\u00fcr alle Katamarane und F\u00e4hren in Kroatien\",\"potentialAction\":[{\"@type\":\"SearchAction\",\"target\":{\"@type\":\"EntryPoint\",\"urlTemplate\":\"https:\/\/www.ferrycroatia.com\/de\/?s={search_term_string}\"},\"query-input\":\"required name=search_term_string\"}],\"inLanguage\":\"en-US\"}]}<\/script>\n<!-- \/ Yoast SEO plugin. -->","yoast_head_json":{"title":"F\u00e4hrhafen Dubrovnik, Katamaran und Autof\u00e4hrterminal","description":"Dubrovnik F\u00e4hrhafen: Anreise mit Bus oder Auto aus anderen kroatischen St\u00e4dten. Fahrpl\u00e4ne und Preise f\u00fcr F\u00e4hren ab Dubrovnik.","robots":{"index":"index","follow":"follow","max-snippet":"max-snippet:-1","max-image-preview":"max-image-preview:large","max-video-preview":"max-video-preview:-1"},"canonical":"https:\/\/www.ferrycroatia.com\/de\/fahrhafen-dubrovnik\/","og_locale":"en_US","og_type":"article","og_title":"F\u00e4hrhafen Dubrovnik, Katamaran und Autof\u00e4hrterminal","og_description":"Dubrovnik F\u00e4hrhafen: Anreise mit Bus oder Auto aus anderen kroatischen St\u00e4dten. Fahrpl\u00e4ne und Preise f\u00fcr F\u00e4hren ab Dubrovnik.","og_url":"https:\/\/www.ferrycroatia.com\/de\/fahrhafen-dubrovnik\/","og_site_name":"F\u00e4hre Kroatien","article_modified_time":"2024-08-06T13:34:03+00:00","og_image":[{"width":1024,"height":576,"url":"https:\/\/www.ferrycroatia.com\/de\/wp-content\/uploads\/2021\/02\/Dubrovnik-Hafen.jpg","type":"image\/jpeg"}],"twitter_card":"summary_large_image","twitter_misc":{"Est. reading time":"5 minutes"},"schema":{"@context":"https:\/\/schema.org","@graph":[{"@type":"WebPage","@id":"https:\/\/www.ferrycroatia.com\/de\/fahrhafen-dubrovnik\/","url":"https:\/\/www.ferrycroatia.com\/de\/fahrhafen-dubrovnik\/","name":"F\u00e4hrhafen Dubrovnik, Katamaran und Autof\u00e4hrterminal","isPartOf":{"@id":"https:\/\/www.ferrycroatia.com\/de\/#website"},"datePublished":"2021-02-03T10:26:49+00:00","dateModified":"2024-08-06T13:34:03+00:00","description":"Dubrovnik F\u00e4hrhafen: Anreise mit Bus oder Auto aus anderen kroatischen St\u00e4dten. Fahrpl\u00e4ne und Preise f\u00fcr F\u00e4hren ab Dubrovnik.","breadcrumb":{"@id":"https:\/\/www.ferrycroatia.com\/de\/fahrhafen-dubrovnik\/#breadcrumb"},"inLanguage":"en-US","potentialAction":[{"@type":"ReadAction","target":["https:\/\/www.ferrycroatia.com\/de\/fahrhafen-dubrovnik\/"]}]},{"@type":"BreadcrumbList","@id":"https:\/\/www.ferrycroatia.com\/de\/fahrhafen-dubrovnik\/#breadcrumb","itemListElement":[{"@type":"ListItem","position":1,"name":"Home","item":"https:\/\/www.ferrycroatia.com\/de\/"},{"@type":"ListItem","position":2,"name":"F\u00e4hrhafen Dubrovnik"}]},{"@type":"WebSite","@id":"https:\/\/www.ferrycroatia.com\/de\/#website","url":"https:\/\/www.ferrycroatia.com\/de\/","name":"F\u00e4hre Kroatien","description":"Info und Fahrpl\u00e4ne f\u00fcr alle Katamarane und F\u00e4hren in Kroatien","potentialAction":[{"@type":"SearchAction","target":{"@type":"EntryPoint","urlTemplate":"https:\/\/www.ferrycroatia.com\/de\/?s={search_term_string}"},"query-input":"required name=search_term_string"}],"inLanguage":"en-US"}]}},"_links":{"self":[{"href":"https:\/\/www.ferrycroatia.com\/de\/wp-json\/wp\/v2\/pages\/1136"}],"collection":[{"href":"https:\/\/www.ferrycroatia.com\/de\/wp-json\/wp\/v2\/pages"}],"about":[{"href":"https:\/\/www.ferrycroatia.com\/de\/wp-json\/wp\/v2\/types\/page"}],"author":[{"embeddable":true,"href":"https:\/\/www.ferrycroatia.com\/de\/wp-json\/wp\/v2\/users\/5"}],"replies":[{"embeddable":true,"href":"https:\/\/www.ferrycroatia.com\/de\/wp-json\/wp\/v2\/comments?post=1136"}],"version-history":[{"count":4,"href":"https:\/\/www.ferrycroatia.com\/de\/wp-json\/wp\/v2\/pages\/1136\/revisions"}],"predecessor-version":[{"id":3087,"href":"https:\/\/www.ferrycroatia.com\/de\/wp-json\/wp\/v2\/pages\/1136\/revisions\/3087"}],"wp:featuredmedia":[{"embeddable":true,"href":"https:\/\/www.ferrycroatia.com\/de\/wp-json\/wp\/v2\/media\/1137"}],"wp:attachment":[{"href":"https:\/\/www.ferrycroatia.com\/de\/wp-json\/wp\/v2\/media?parent=1136"}],"curies":[{"name":"wp","href":"https:\/\/api.w.org\/{rel}","templated":true}]}}