{"id":1139,"date":"2021-02-03T10:46:28","date_gmt":"2021-02-03T10:46:28","guid":{"rendered":"https:\/\/ferrycroatia.com\/de\/?page_id=1139"},"modified":"2021-02-09T10:00:53","modified_gmt":"2021-02-09T10:00:53","slug":"fahrhafen-hvar","status":"publish","type":"page","link":"https:\/\/www.ferrycroatia.com\/de\/fahrhafen-hvar\/","title":{"rendered":"F\u00e4hrhafen Hvar"},"content":{"rendered":"<p>Hvar ist eine Stadt auf der Westseite der Insel Hvar<strong> in einer gro\u00dfen Bucht<\/strong>, die vom Archipel der Pakleni-Inseln gesch\u00fctzt wird. <strong>Die Stadt hat keinen F\u00e4hrhafen im traditionellen Sinne,<\/strong> sondern nur einen Katamaran Hafen im s\u00fcd\u00f6stlichen Teil des Hafens im Zentrum der Stadt. Wenn Sie mit dem Auto zur Insel Hvar reisen, k\u00f6nnen Sie nicht in die Stadt Hvar fahren, da es keinen Autof\u00e4hrhafen gibt. In diesem Fall m\u00fcssten Sie nach Stari Grad segeln.<\/p>\n<div id=\"ez-toc-container\" class=\"ez-toc-v2_0_62 counter-hierarchy ez-toc-counter ez-toc-custom ez-toc-container-direction\">\n<div class=\"ez-toc-title-container\">\n<p class=\"ez-toc-title \" >Table of Contents<\/p>\n<span class=\"ez-toc-title-toggle\"><a href=\"#\" class=\"ez-toc-pull-right ez-toc-btn ez-toc-btn-xs ez-toc-btn-default ez-toc-toggle\" aria-label=\"Toggle Table of Content\"><span class=\"ez-toc-js-icon-con\"><span class=\"\"><span class=\"eztoc-hide\" style=\"display:none;\">Toggle<\/span><span class=\"ez-toc-icon-toggle-span\"><svg style=\"fill: #070c63;color:#070c63\" xmlns=\"http:\/\/www.w3.org\/2000\/svg\" class=\"list-377408\" width=\"20px\" height=\"20px\" viewBox=\"0 0 24 24\" fill=\"none\"><path d=\"M6 6H4v2h2V6zm14 0H8v2h12V6zM4 11h2v2H4v-2zm16 0H8v2h12v-2zM4 16h2v2H4v-2zm16 0H8v2h12v-2z\" fill=\"currentColor\"><\/path><\/svg><svg style=\"fill: #070c63;color:#070c63\" class=\"arrow-unsorted-368013\" xmlns=\"http:\/\/www.w3.org\/2000\/svg\" width=\"10px\" height=\"10px\" viewBox=\"0 0 24 24\" version=\"1.2\" baseProfile=\"tiny\"><path d=\"M18.2 9.3l-6.2-6.3-6.2 6.3c-.2.2-.3.4-.3.7s.1.5.3.7c.2.2.4.3.7.3h11c.3 0 .5-.1.7-.3.2-.2.3-.5.3-.7s-.1-.5-.3-.7zM5.8 14.7l6.2 6.3 6.2-6.3c.2-.2.3-.5.3-.7s-.1-.5-.3-.7c-.2-.2-.4-.3-.7-.3h-11c-.3 0-.5.1-.7.3-.2.2-.3.5-.3.7s.1.5.3.7z\"\/><\/svg><\/span><\/span><\/span><\/a><\/span><\/div>\n<nav><ul class='ez-toc-list ez-toc-list-level-1 eztoc-toggle-hide-by-default' ><li class='ez-toc-page-1 ez-toc-heading-level-3'><a class=\"ez-toc-link ez-toc-heading-1\" href=\"https:\/\/www.ferrycroatia.com\/de\/fahrhafen-hvar\/#Wie_Sie_den_Fahrhafen_in_der_Stadt_Hvar_finden\" title=\"Wie Sie den F\u00e4hrhafen in der Stadt Hvar finden:\">Wie Sie den F\u00e4hrhafen in der Stadt Hvar finden:<\/a><\/li><li class='ez-toc-page-1 ez-toc-heading-level-3'><a class=\"ez-toc-link ez-toc-heading-2\" href=\"https:\/\/www.ferrycroatia.com\/de\/fahrhafen-hvar\/#Hvar_zum_Flughafen_Split_Dubrovnik\" title=\"Hvar zum Flughafen Split \/ Dubrovnik:\">Hvar zum Flughafen Split \/ Dubrovnik:<\/a><\/li><li class='ez-toc-page-1 ez-toc-heading-level-3'><a class=\"ez-toc-link ez-toc-heading-3\" href=\"https:\/\/www.ferrycroatia.com\/de\/fahrhafen-hvar\/#Was_Sie_in_der_Nahe_des_Fahrhafens_finden_konnen\" title=\"Was Sie in der N\u00e4he des F\u00e4hrhafens finden k\u00f6nnen:\">Was Sie in der N\u00e4he des F\u00e4hrhafens finden k\u00f6nnen:<\/a><\/li><li class='ez-toc-page-1 ez-toc-heading-level-3'><a class=\"ez-toc-link ez-toc-heading-4\" href=\"https:\/\/www.ferrycroatia.com\/de\/fahrhafen-hvar\/#Adresse_des_Fahrhafens_Hvar\" title=\"Adresse des F\u00e4hrhafens Hvar:\">Adresse des F\u00e4hrhafens Hvar:<\/a><\/li><li class='ez-toc-page-1 ez-toc-heading-level-3'><a class=\"ez-toc-link ez-toc-heading-5\" href=\"https:\/\/www.ferrycroatia.com\/de\/fahrhafen-hvar\/#Schnelle_Fahrverbindungen_vom_Hafen_von_Hvar\" title=\"Schnelle F\u00e4hrverbindungen vom Hafen von Hvar:\">Schnelle F\u00e4hrverbindungen vom Hafen von Hvar:<\/a><ul class='ez-toc-list-level-4' ><li class='ez-toc-heading-level-4'><a class=\"ez-toc-link ez-toc-heading-6\" href=\"https:\/\/www.ferrycroatia.com\/de\/fahrhafen-hvar\/#Katamaran_von_Hvar_zur_Insel_Korcula\" title=\"Katamaran von Hvar zur Insel Korcula\">Katamaran von Hvar zur Insel Korcula<\/a><\/li><li class='ez-toc-page-1 ez-toc-heading-level-4'><a class=\"ez-toc-link ez-toc-heading-7\" href=\"https:\/\/www.ferrycroatia.com\/de\/fahrhafen-hvar\/#Katamaran_von_Hvar_zur_Insel_Brac\" title=\"Katamaran von Hvar zur Insel Brac\">Katamaran von Hvar zur Insel Brac<\/a><\/li><li class='ez-toc-page-1 ez-toc-heading-level-4'><a class=\"ez-toc-link ez-toc-heading-8\" href=\"https:\/\/www.ferrycroatia.com\/de\/fahrhafen-hvar\/#Katamaran_Hvar_zu_anderen_Inseln\" title=\"Katamaran Hvar zu anderen Inseln\">Katamaran Hvar zu anderen Inseln<\/a><\/li><li class='ez-toc-page-1 ez-toc-heading-level-4'><a class=\"ez-toc-link ez-toc-heading-9\" href=\"https:\/\/www.ferrycroatia.com\/de\/fahrhafen-hvar\/#Katamarane_von_Hvar_nach_Split_und_Dubrovnik\" title=\"Katamarane von Hvar nach Split und Dubrovnik\">Katamarane von Hvar nach Split und Dubrovnik<\/a><\/li><\/ul><\/li><\/ul><\/nav><\/div>\n<h3><span class=\"ez-toc-section\" id=\"Wie_Sie_den_Fahrhafen_in_der_Stadt_Hvar_finden\"><\/span><b>Wie Sie den F\u00e4hrhafen in der Stadt Hvar finden:<\/b><span class=\"ez-toc-section-end\"><\/span><\/h3>\n<p>Das Erreichen des F\u00e4hrhafens in Hvar ist einfach, aber da es sich in einer Wanderzone befindet, m\u00fcssen Sie ein wenig laufen, egal wo sich Ihre Unterkunft befindet. Der n\u00e4chstgelegene Ort, den Sie mit dem Auto \/ Taxi erreichen k\u00f6nnen, liegt etwa 400 bis 500 Meter von der Stelle entfernt, an der der Katamaran segelt.<\/p>\n<p>Wenn Sie in Hvar ankommen und Ihre Reise fortsetzen m\u00fcssen, befindet sich der <a href=\"https:\/\/getbybus.com\/de\/bus-von-hvar-stadt\">Hauptbusbahnhof <\/a><strong>nur 500 m vom Katamaran Hafen entfernt.<\/strong> Von dort k\u00f6nnen Sie einen Bus nehmen und einige andere Orte auf der Insel wie Stari Grad, Jelsa, Vrboska usw. besuchen.<\/p>\n<h3><span class=\"ez-toc-section\" id=\"Hvar_zum_Flughafen_Split_Dubrovnik\"><\/span><b>Hvar zum <\/b><b>Flughafen <\/b><b>Split \/ Dubrovnik:<\/b><span class=\"ez-toc-section-end\"><\/span><\/h3>\n<p>Hvar ist durch regelm\u00e4\u00dfige Katamaran Linien mit Split und Dubrovnik verbunden. <strong>Sobald Sie eine dieser St\u00e4dte erreicht haben,<\/strong> finden Sie die Bushaltestelle ganz in der N\u00e4he des F\u00e4hrterminals. Dort nehmen Sie einen Shuttlebus zum Flughafen.<\/p>\n<p>Beide Flugh\u00e4fen sind ca. 25 km entfernt und die Shuttlebusse fahren ca. alle 30 Minuten und die Fahrt dauert ca. 30-40 Minuten.<\/p>\n<p>Heute haben Sie auch einen <a href=\"https:\/\/www.ferrycroatia.com\/de\/split-flughafen-split\/\">Katamaran von Split zum Flughafen Split<\/a>, was am Ende Ihres Besuchs eine gro\u00dfartige Reise ist.<\/p>\n<p>Die Alternative, insbesondere wenn Sie mit Gep\u00e4ck unterwegs sind besteht darin, ein Taxi oder einen privaten Transfer zum Flughafen zu nehmen.<\/p>\n<h3><span class=\"ez-toc-section\" id=\"Was_Sie_in_der_Nahe_des_Fahrhafens_finden_konnen\"><\/span><b>Was Sie in der N\u00e4he des F\u00e4hrhafens finden k\u00f6nnen:<\/b><span class=\"ez-toc-section-end\"><\/span><\/h3>\n<p>Wie bereits oben erw\u00e4hnt, befindet sich<strong> der F\u00e4hrhafen in Hvar<\/strong> an der Hauptpromenade direkt im Stadtzentrum. Offensichtlich ist<strong> alles, was Sie ben\u00f6tigen, ganz in der N\u00e4he<\/strong>: Bars, Restaurants, Gesch\u00e4fte, Post, Geldautomaten usw.<\/p>\n<p>Die <strong>Tickets<\/strong> <strong>k\u00f6nnen an der Kasse<\/strong> an der Hauptpromenade <strong>gekauft werden<\/strong>.<\/p>\n<h3><span class=\"ez-toc-section\" id=\"Adresse_des_Fahrhafens_Hvar\"><\/span><b>Adresse des F\u00e4hrhafens Hvar:<\/b><span class=\"ez-toc-section-end\"><\/span><\/h3>\n<ul>\n<li>Riva<\/li>\n<li>21450 Hvar<\/li>\n<li>GPS-Koordinaten: 43.170115, 16.441091<\/li>\n<\/ul>\n<p><a class=\"lightbox\" href=\"http:\/\/www.ferrycroatia.com\/wp-content\/uploads\/2016\/06\/Hvar.jpg\"><img decoding=\"async\" loading=\"lazy\" class=\"alignnone size-full wp-image-221\" data-src=\"http:\/\/www.ferrycroatia.com\/wp-content\/uploads\/2016\/06\/Hvar.jpg\" alt=\"Hvar\" width=\"800\" height=\"529\" \/><\/a><\/p>\n<h3><span class=\"ez-toc-section\" id=\"Schnelle_Fahrverbindungen_vom_Hafen_von_Hvar\"><\/span><b>Schnelle F\u00e4hrverbindungen vom Hafen von Hvar:<\/b><span class=\"ez-toc-section-end\"><\/span><\/h3>\n<p>Vom Hafen von Hvar gibt es eine schnelle F\u00e4hrverbindung zu vielen beliebten Orten in Dalmatien. Beachten Sie jedoch, dass einige der Verbindungen nur w\u00e4hrend der Sommersaison verf\u00fcgbar sind. Klicken Sie auf die Links, um weitere Informationen und Fahrpl\u00e4ne f\u00fcr eine bestimmte Reise zu erhalten<\/p>\n<h4><span class=\"ez-toc-section\" id=\"Katamaran_von_Hvar_zur_Insel_Korcula\"><\/span><b>Katamaran von Hvar zur Insel Korcula<\/b><span class=\"ez-toc-section-end\"><\/span><\/h4>\n<table border=\" 1px solid black\" width=\"747\">\n<tbody>\n<tr>\n<td style=\"text-align: center;\"><a href=\"https:\/\/www.ferrycroatia.com\/de\/hvar-korcula\/\">Hvar &#8211; Korcula Stadt<\/a><\/td>\n<td style=\"text-align: center;\"><a href=\"https:\/\/www.ferrycroatia.com\/de\/hvar-vela-luka\/\">Hvar &#8211; Vela Luka<\/a><\/td>\n<td style=\"text-align: center;\"><a href=\"https:\/\/www.ferrycroatia.com\/de\/hvar-prigradica\/\">Hvar &#8211; Prigradica<\/a><\/td>\n<\/tr>\n<tr>\n<td style=\"text-align: center;\"><a href=\"https:\/\/www.ferrycroatia.com\/de\/korcula-hvar\/\">Korcula &#8211; Hvar<\/a><\/td>\n<td style=\"text-align: center;\"><a href=\"https:\/\/www.ferrycroatia.com\/de\/vela-luka-hvar\/\">Vela Luka &#8211; Hvar<\/a><\/td>\n<td style=\"text-align: center;\"><a href=\"https:\/\/www.ferrycroatia.com\/de\/prigradica-hvar\/\">Prigradica &#8211; Hvar<\/a><\/td>\n<\/tr>\n<\/tbody>\n<\/table>\n<h4><span class=\"ez-toc-section\" id=\"Katamaran_von_Hvar_zur_Insel_Brac\"><\/span><b>Katamaran von Hvar zur Insel Brac<\/b><span class=\"ez-toc-section-end\"><\/span><\/h4>\n<table border=\" 1px solid black\" width=\"747\">\n<tbody>\n<tr>\n<td style=\"text-align: center;\"><a href=\"https:\/\/www.ferrycroatia.com\/de\/hvar-bol\/\">Hvar &#8211; Bol<\/a><\/td>\n<td style=\"text-align: center;\"><a href=\"https:\/\/www.ferrycroatia.com\/de\/hvar-milna\/\">Hvar &#8211; Milna<\/a><\/td>\n<\/tr>\n<tr>\n<td style=\"text-align: center;\"><a href=\"https:\/\/www.ferrycroatia.com\/de\/bol-hvar\/\">Bol &#8211; Hvar<\/a><\/td>\n<td style=\"text-align: center;\"><a href=\"https:\/\/www.ferrycroatia.com\/de\/milna-hvar\/\">Milna &#8211; Hvar<\/a><\/td>\n<\/tr>\n<\/tbody>\n<\/table>\n<h4><span class=\"ez-toc-section\" id=\"Katamaran_Hvar_zu_anderen_Inseln\"><\/span><b>Katamaran Hvar zu anderen Inseln<\/b><span class=\"ez-toc-section-end\"><\/span><\/h4>\n<table border=\" 1px solid black\" width=\"747\">\n<tbody>\n<tr>\n<td style=\"text-align: center;\"><a href=\"https:\/\/www.ferrycroatia.com\/de\/hvar-vis\/\">Hvar &#8211; Insel Vis<\/a><\/td>\n<td style=\"text-align: center;\"><a href=\"https:\/\/www.ferrycroatia.com\/de\/hvar-mljet\/\">Hvar &#8211; Mljet<\/a><\/td>\n<td style=\"text-align: center;\"><a href=\"https:\/\/www.ferrycroatia.com\/de\/hvar-ubli\/\">Hvar &#8211; Ubli Lastovo<\/a><\/td>\n<\/tr>\n<tr>\n<td style=\"text-align: center;\"><a href=\"https:\/\/www.ferrycroatia.com\/de\/vis-hvar\/\">Insel Vis &#8211; Hvar<\/a><\/td>\n<td style=\"text-align: center;\"><a href=\"https:\/\/www.ferrycroatia.com\/de\/mljet-hvar\/\">Mljet &#8211; Hvar<\/a><\/td>\n<td style=\"text-align: center;\"><a href=\"https:\/\/www.ferrycroatia.com\/de\/ubli-hvar\/\">Lastovo &#8211; Hvar<\/a><\/td>\n<\/tr>\n<\/tbody>\n<\/table>\n<h4><span class=\"ez-toc-section\" id=\"Katamarane_von_Hvar_nach_Split_und_Dubrovnik\"><\/span><b>Katamarane von Hvar nach Split und Dubrovnik<\/b><span class=\"ez-toc-section-end\"><\/span><\/h4>\n<table border=\" 1px solid black\" width=\"747\">\n<tbody>\n<tr>\n<td style=\"text-align: center;\"><a href=\"https:\/\/www.ferrycroatia.com\/de\/hvar-split\/\">Hvar &#8211; Split<\/a><\/td>\n<td style=\"text-align: center;\"><a href=\"https:\/\/www.ferrycroatia.com\/de\/hvar-dubrovnik\/\">Hvar &#8211; Dubrovnik<\/a><\/td>\n<\/tr>\n<tr>\n<td style=\"text-align: center;\"><a href=\"https:\/\/www.ferrycroatia.com\/de\/split-hvar\/\">Split &#8211; Hvar<\/a><\/td>\n<td style=\"text-align: center;\"><a href=\"https:\/\/www.ferrycroatia.com\/de\/dubrovnik-stadt-hvar\/\">Dubrovnik &#8211; Hvar<\/a><\/td>\n<\/tr>\n<\/tbody>\n<\/table>\n\n\n<p><\/p>\n","protected":false},"excerpt":{"rendered":"<p>Hvar ist eine Stadt auf der Westseite der Insel Hvar in einer gro\u00dfen Bucht, die vom Archipel der Pakleni-Inseln gesch\u00fctzt wird. Die Stadt hat keinen F\u00e4hrhafen im traditionellen Sinne, sondern nur einen Katamaran Hafen im s\u00fcd\u00f6stlichen Teil des Hafens im Zentrum der Stadt. Wenn Sie mit dem Auto zur Insel Hvar reisen, k\u00f6nnen Sie nicht [&hellip;]<\/p>\n<p><a class=\"more-link\" href=\"https:\/\/www.ferrycroatia.com\/de\/fahrhafen-hvar\/\"> Continue reading&#8230;<\/a><\/p>\n","protected":false},"author":5,"featured_media":1140,"parent":0,"menu_order":0,"comment_status":"closed","ping_status":"closed","template":"","meta":[],"yoast_head":"<!-- This site is optimized with the Yoast SEO plugin v19.8 - https:\/\/yoast.com\/wordpress\/plugins\/seo\/ -->\n<title>F\u00e4hrhafen Hvar, Katamaran Abfahrten und Ankunft in Hvar<\/title>\n<meta name=\"description\" content=\"Katamarane vom F\u00e4hrhafen Hvar, wie man den Katamaranhafen mit dem Bus oder Auto von anderen kroatischen Zielen aus erreicht. Adresse, Einrichtungen, Abfahrten und Ank\u00fcnfte des Katamarans.\" \/>\n<meta name=\"robots\" content=\"index, follow, max-snippet:-1, max-image-preview:large, max-video-preview:-1\" \/>\n<link rel=\"canonical\" href=\"https:\/\/www.ferrycroatia.com\/de\/fahrhafen-hvar\/\" \/>\n<meta property=\"og:locale\" content=\"en_US\" \/>\n<meta property=\"og:type\" content=\"article\" \/>\n<meta property=\"og:title\" content=\"F\u00e4hrhafen Hvar, Katamaran Abfahrten und Ankunft in Hvar\" \/>\n<meta property=\"og:description\" content=\"Katamarane vom F\u00e4hrhafen Hvar, wie man den Katamaranhafen mit dem Bus oder Auto von anderen kroatischen Zielen aus erreicht. Adresse, Einrichtungen, Abfahrten und Ank\u00fcnfte des Katamarans.\" \/>\n<meta property=\"og:url\" content=\"https:\/\/www.ferrycroatia.com\/de\/fahrhafen-hvar\/\" \/>\n<meta property=\"og:site_name\" content=\"F\u00e4hre Kroatien\" \/>\n<meta property=\"article:modified_time\" content=\"2021-02-09T10:00:53+00:00\" \/>\n<meta property=\"og:image\" content=\"https:\/\/www.ferrycroatia.com\/de\/wp-content\/uploads\/2021\/02\/Hvar-Katamaran.jpg\" \/>\n\t<meta property=\"og:image:width\" content=\"1024\" \/>\n\t<meta property=\"og:image:height\" content=\"576\" \/>\n\t<meta property=\"og:image:type\" content=\"image\/jpeg\" \/>\n<meta name=\"twitter:card\" content=\"summary_large_image\" \/>\n<meta name=\"twitter:label1\" content=\"Est. reading time\" \/>\n\t<meta name=\"twitter:data1\" content=\"3 minutes\" \/>\n<script type=\"application\/ld+json\" class=\"yoast-schema-graph\">{\"@context\":\"https:\/\/schema.org\",\"@graph\":[{\"@type\":\"WebPage\",\"@id\":\"https:\/\/www.ferrycroatia.com\/de\/fahrhafen-hvar\/\",\"url\":\"https:\/\/www.ferrycroatia.com\/de\/fahrhafen-hvar\/\",\"name\":\"F\u00e4hrhafen Hvar, Katamaran Abfahrten und Ankunft in Hvar\",\"isPartOf\":{\"@id\":\"https:\/\/www.ferrycroatia.com\/de\/#website\"},\"datePublished\":\"2021-02-03T10:46:28+00:00\",\"dateModified\":\"2021-02-09T10:00:53+00:00\",\"description\":\"Katamarane vom F\u00e4hrhafen Hvar, wie man den Katamaranhafen mit dem Bus oder Auto von anderen kroatischen Zielen aus erreicht. Adresse, Einrichtungen, Abfahrten und Ank\u00fcnfte des Katamarans.\",\"breadcrumb\":{\"@id\":\"https:\/\/www.ferrycroatia.com\/de\/fahrhafen-hvar\/#breadcrumb\"},\"inLanguage\":\"en-US\",\"potentialAction\":[{\"@type\":\"ReadAction\",\"target\":[\"https:\/\/www.ferrycroatia.com\/de\/fahrhafen-hvar\/\"]}]},{\"@type\":\"BreadcrumbList\",\"@id\":\"https:\/\/www.ferrycroatia.com\/de\/fahrhafen-hvar\/#breadcrumb\",\"itemListElement\":[{\"@type\":\"ListItem\",\"position\":1,\"name\":\"Home\",\"item\":\"https:\/\/www.ferrycroatia.com\/de\/\"},{\"@type\":\"ListItem\",\"position\":2,\"name\":\"F\u00e4hrhafen Hvar\"}]},{\"@type\":\"WebSite\",\"@id\":\"https:\/\/www.ferrycroatia.com\/de\/#website\",\"url\":\"https:\/\/www.ferrycroatia.com\/de\/\",\"name\":\"F\u00e4hre Kroatien\",\"description\":\"Info und Fahrpl\u00e4ne f\u00fcr alle Katamarane und F\u00e4hren in Kroatien\",\"potentialAction\":[{\"@type\":\"SearchAction\",\"target\":{\"@type\":\"EntryPoint\",\"urlTemplate\":\"https:\/\/www.ferrycroatia.com\/de\/?s={search_term_string}\"},\"query-input\":\"required name=search_term_string\"}],\"inLanguage\":\"en-US\"}]}<\/script>\n<!-- \/ Yoast SEO plugin. -->","yoast_head_json":{"title":"F\u00e4hrhafen Hvar, Katamaran Abfahrten und Ankunft in Hvar","description":"Katamarane vom F\u00e4hrhafen Hvar, wie man den Katamaranhafen mit dem Bus oder Auto von anderen kroatischen Zielen aus erreicht. Adresse, Einrichtungen, Abfahrten und Ank\u00fcnfte des Katamarans.","robots":{"index":"index","follow":"follow","max-snippet":"max-snippet:-1","max-image-preview":"max-image-preview:large","max-video-preview":"max-video-preview:-1"},"canonical":"https:\/\/www.ferrycroatia.com\/de\/fahrhafen-hvar\/","og_locale":"en_US","og_type":"article","og_title":"F\u00e4hrhafen Hvar, Katamaran Abfahrten und Ankunft in Hvar","og_description":"Katamarane vom F\u00e4hrhafen Hvar, wie man den Katamaranhafen mit dem Bus oder Auto von anderen kroatischen Zielen aus erreicht. Adresse, Einrichtungen, Abfahrten und Ank\u00fcnfte des Katamarans.","og_url":"https:\/\/www.ferrycroatia.com\/de\/fahrhafen-hvar\/","og_site_name":"F\u00e4hre Kroatien","article_modified_time":"2021-02-09T10:00:53+00:00","og_image":[{"width":1024,"height":576,"url":"https:\/\/www.ferrycroatia.com\/de\/wp-content\/uploads\/2021\/02\/Hvar-Katamaran.jpg","type":"image\/jpeg"}],"twitter_card":"summary_large_image","twitter_misc":{"Est. reading time":"3 minutes"},"schema":{"@context":"https:\/\/schema.org","@graph":[{"@type":"WebPage","@id":"https:\/\/www.ferrycroatia.com\/de\/fahrhafen-hvar\/","url":"https:\/\/www.ferrycroatia.com\/de\/fahrhafen-hvar\/","name":"F\u00e4hrhafen Hvar, Katamaran Abfahrten und Ankunft in Hvar","isPartOf":{"@id":"https:\/\/www.ferrycroatia.com\/de\/#website"},"datePublished":"2021-02-03T10:46:28+00:00","dateModified":"2021-02-09T10:00:53+00:00","description":"Katamarane vom F\u00e4hrhafen Hvar, wie man den Katamaranhafen mit dem Bus oder Auto von anderen kroatischen Zielen aus erreicht. Adresse, Einrichtungen, Abfahrten und Ank\u00fcnfte des Katamarans.","breadcrumb":{"@id":"https:\/\/www.ferrycroatia.com\/de\/fahrhafen-hvar\/#breadcrumb"},"inLanguage":"en-US","potentialAction":[{"@type":"ReadAction","target":["https:\/\/www.ferrycroatia.com\/de\/fahrhafen-hvar\/"]}]},{"@type":"BreadcrumbList","@id":"https:\/\/www.ferrycroatia.com\/de\/fahrhafen-hvar\/#breadcrumb","itemListElement":[{"@type":"ListItem","position":1,"name":"Home","item":"https:\/\/www.ferrycroatia.com\/de\/"},{"@type":"ListItem","position":2,"name":"F\u00e4hrhafen Hvar"}]},{"@type":"WebSite","@id":"https:\/\/www.ferrycroatia.com\/de\/#website","url":"https:\/\/www.ferrycroatia.com\/de\/","name":"F\u00e4hre Kroatien","description":"Info und Fahrpl\u00e4ne f\u00fcr alle Katamarane und F\u00e4hren in Kroatien","potentialAction":[{"@type":"SearchAction","target":{"@type":"EntryPoint","urlTemplate":"https:\/\/www.ferrycroatia.com\/de\/?s={search_term_string}"},"query-input":"required name=search_term_string"}],"inLanguage":"en-US"}]}},"_links":{"self":[{"href":"https:\/\/www.ferrycroatia.com\/de\/wp-json\/wp\/v2\/pages\/1139"}],"collection":[{"href":"https:\/\/www.ferrycroatia.com\/de\/wp-json\/wp\/v2\/pages"}],"about":[{"href":"https:\/\/www.ferrycroatia.com\/de\/wp-json\/wp\/v2\/types\/page"}],"author":[{"embeddable":true,"href":"https:\/\/www.ferrycroatia.com\/de\/wp-json\/wp\/v2\/users\/5"}],"replies":[{"embeddable":true,"href":"https:\/\/www.ferrycroatia.com\/de\/wp-json\/wp\/v2\/comments?post=1139"}],"version-history":[{"count":3,"href":"https:\/\/www.ferrycroatia.com\/de\/wp-json\/wp\/v2\/pages\/1139\/revisions"}],"predecessor-version":[{"id":1576,"href":"https:\/\/www.ferrycroatia.com\/de\/wp-json\/wp\/v2\/pages\/1139\/revisions\/1576"}],"wp:featuredmedia":[{"embeddable":true,"href":"https:\/\/www.ferrycroatia.com\/de\/wp-json\/wp\/v2\/media\/1140"}],"wp:attachment":[{"href":"https:\/\/www.ferrycroatia.com\/de\/wp-json\/wp\/v2\/media?parent=1139"}],"curies":[{"name":"wp","href":"https:\/\/api.w.org\/{rel}","templated":true}]}}