{"id":1142,"date":"2021-02-03T10:51:54","date_gmt":"2021-02-03T10:51:54","guid":{"rendered":"https:\/\/ferrycroatia.com\/de\/?page_id=1142"},"modified":"2021-02-09T10:03:10","modified_gmt":"2021-02-09T10:03:10","slug":"fahrhafen-ilovik","status":"publish","type":"page","link":"https:\/\/www.ferrycroatia.com\/de\/fahrhafen-ilovik\/","title":{"rendered":"F\u00e4hrhafen Ilovik"},"content":{"rendered":"<p>Die <strong>Stadt Ilovik liegt auf der Insel Ilovik<\/strong> (s\u00fcdlich der Insel Lo\u0161inj) im Nordosten. Der Katamaran Hafen ist einer der sch\u00f6nsten und sichersten H\u00e4fen an der Adria. Er befindet sich in der N\u00e4he des Stadtzentrums und der Hauptpromenade am Meer. <strong>Es ist durch regelm\u00e4\u00dfige Katamaran Linien mit den Inseln Silba, Lo\u0161inj, Cres und Unije<\/strong> sowie mit den St\u00e4dten Zadar, Rijeka und Pula <strong>verbunden<\/strong>.<\/p>\n<p><span style=\"text-decoration: underline;\"><b>An- und Abreise zum Katamaran Hafen in Ilovik:<\/b><\/span><\/p>\n<p><strong>Ilovik ist eine wirklich winzige Insel<\/strong> mit einem kleinen Katamaran Hafen in der N\u00e4he des Stadtzentrums. Egal wo sich Ihre Unterkunft befindet, sie ist leicht zu Fu\u00df erreichbar. Dies ist auch die einzige Option, da <strong>Autos auf der Insel nicht erlaubt sind.<\/strong><\/p>\n<p><span style=\"text-decoration: underline;\"><b>Was Sie am Katamaran Hafen von Ilovik finden k\u00f6nnen:<\/b><\/span><\/p>\n<p>Ilovik ist eine wirklich kleine Stadt, aber dort finden Sie ein Postamt, ein Gesch\u00e4ft, einen Souvenirplatz, ein paar Caf\u00e9s und Restaurants.<\/p>\n<p><span style=\"text-decoration: underline;\"><b>Adresse des Katamaran Hafens Ilovik:<\/b><\/span><\/p>\n<ul>\n<li>L\u00e4ngengrad: 14.548746<\/li>\n<li>Breitengrad: 44.461829<\/li>\n<li>51552 Ilovik (Ilovik)<\/li>\n<\/ul>\n<p><a class=\"lightbox\" href=\"http:\/\/www.ferrycroatia.com\/wp-content\/uploads\/2016\/07\/Ilovik-catamaran-port.jpg\"><img decoding=\"async\" loading=\"lazy\" class=\"alignnone size-full wp-image-581\" data-src=\"http:\/\/www.ferrycroatia.com\/wp-content\/uploads\/2016\/07\/Ilovik-catamaran-port.jpg\" alt=\"Ilovik catamaran port\" width=\"1024\" height=\"768\" \/><\/a><\/p>\n<p><span style=\"text-decoration: underline;\"><b>Liste der Katamaran- und Schiffsrouten Ilovik:<\/b><\/span><\/p>\n<p>\u2192 Katamaran: Zadar &#8211; Silba &#8211; Ilovik &#8211; Mali Lo\u0161inj &#8211; Unije &#8211; Pula<\/p>\n<ul>\n<li><a href=\"https:\/\/www.ferrycroatia.com\/de\/ilovik-zadar\/\">Ilovik &#8211; Zadar<\/a><\/li>\n<li><a href=\"https:\/\/www.ferrycroatia.com\/de\/ilovik-silba\/\">Ilovik &#8211; Silba<\/a><\/li>\n<li><a href=\"https:\/\/www.ferrycroatia.com\/de\/ilovik-mali-losinj\/\">Ilovik &#8211; Mali Lo\u0161inj<\/a><\/li>\n<li><a href=\"https:\/\/www.ferrycroatia.com\/de\/ilovik-unije\/\">Ilovik &#8211; Unije<\/a><\/li>\n<li><a href=\"https:\/\/www.ferrycroatia.com\/de\/ilovik-pula\/\">Ilovik &#8211; Pula<\/a><\/li>\n<\/ul>\n<p>\u2192 Katamaran: Rijeka &#8211; Cres &#8211; Martin\u0161\u0107ica (Cres) &#8211; Unije &#8211; Susak &#8211; Ilovik &#8211; Mali Lo\u0161inj<\/p>\n<ul>\n<li><a href=\"https:\/\/www.ferrycroatia.com\/de\/ilovik-rijeka\/\">Ilovik &#8211; Rijeka<\/a><\/li>\n<li><a href=\"https:\/\/www.ferrycroatia.com\/de\/ilovik-cres\/\">Ilovik &#8211; Cres (Stadt)<\/a><\/li>\n<li><a href=\"https:\/\/www.ferrycroatia.com\/de\/ilovik-martinscica\/\">Ilovik &#8211; Martin\u0161\u0107ica (Cres)<\/a><\/li>\n<li><a href=\"https:\/\/www.ferrycroatia.com\/de\/ilovik-susak\/\">Ilovik &#8211; Susak<\/a><\/li>\n<li><a href=\"https:\/\/www.ferrycroatia.com\/de\/ilovik-mali-losinj\/\">Ilovik &#8211; Mali Lo\u0161inj<\/a><\/li>\n<\/ul>\n<p>\u2192 Schiff: Ilovik &#8211; Mrtva\u0161ka (Lo\u0161inj)<\/p>\n<ul>\n<li>Ilovik &#8211; Mrtva\u0161ka<\/li>\n<\/ul>\n","protected":false},"excerpt":{"rendered":"<p>Die Stadt Ilovik liegt auf der Insel Ilovik (s\u00fcdlich der Insel Lo\u0161inj) im Nordosten. Der Katamaran Hafen ist einer der sch\u00f6nsten und sichersten H\u00e4fen an der Adria. Er befindet sich in der N\u00e4he des Stadtzentrums und der Hauptpromenade am Meer. Es ist durch regelm\u00e4\u00dfige Katamaran Linien mit den Inseln Silba, Lo\u0161inj, Cres und Unije sowie [&hellip;]<\/p>\n<p><a class=\"more-link\" href=\"https:\/\/www.ferrycroatia.com\/de\/fahrhafen-ilovik\/\"> Continue reading&#8230;<\/a><\/p>\n","protected":false},"author":5,"featured_media":0,"parent":0,"menu_order":0,"comment_status":"closed","ping_status":"closed","template":"","meta":[],"yoast_head":"<!-- This site is optimized with the Yoast SEO plugin v19.8 - https:\/\/yoast.com\/wordpress\/plugins\/seo\/ -->\n<title>Katamaranhafen Ilovik, von und nach Ilovik reisen<\/title>\n<meta name=\"robots\" content=\"index, follow, max-snippet:-1, max-image-preview:large, max-video-preview:-1\" \/>\n<link rel=\"canonical\" href=\"https:\/\/www.ferrycroatia.com\/de\/fahrhafen-ilovik\/\" \/>\n<meta property=\"og:locale\" content=\"en_US\" \/>\n<meta property=\"og:type\" content=\"article\" \/>\n<meta property=\"og:title\" content=\"Katamaranhafen Ilovik, von und nach Ilovik reisen\" \/>\n<meta property=\"og:description\" content=\"Die Stadt Ilovik liegt auf der Insel Ilovik (s\u00fcdlich der Insel Lo\u0161inj) im Nordosten. Der Katamaran Hafen ist einer der sch\u00f6nsten und sichersten H\u00e4fen an der Adria. Er befindet sich in der N\u00e4he des Stadtzentrums und der Hauptpromenade am Meer. Es ist durch regelm\u00e4\u00dfige Katamaran Linien mit den Inseln Silba, Lo\u0161inj, Cres und Unije sowie [&hellip;] Continue reading...\" \/>\n<meta property=\"og:url\" content=\"https:\/\/www.ferrycroatia.com\/de\/fahrhafen-ilovik\/\" \/>\n<meta property=\"og:site_name\" content=\"F\u00e4hre Kroatien\" \/>\n<meta property=\"article:modified_time\" content=\"2021-02-09T10:03:10+00:00\" \/>\n<meta property=\"og:image\" content=\"http:\/\/www.ferrycroatia.com\/wp-content\/uploads\/2016\/07\/Ilovik-catamaran-port.jpg\" \/>\n<meta name=\"twitter:card\" content=\"summary_large_image\" \/>\n<meta name=\"twitter:label1\" content=\"Est. reading time\" \/>\n\t<meta name=\"twitter:data1\" content=\"1 minute\" \/>\n<script type=\"application\/ld+json\" class=\"yoast-schema-graph\">{\"@context\":\"https:\/\/schema.org\",\"@graph\":[{\"@type\":\"WebPage\",\"@id\":\"https:\/\/www.ferrycroatia.com\/de\/fahrhafen-ilovik\/\",\"url\":\"https:\/\/www.ferrycroatia.com\/de\/fahrhafen-ilovik\/\",\"name\":\"Katamaranhafen Ilovik, von und nach Ilovik reisen\",\"isPartOf\":{\"@id\":\"https:\/\/www.ferrycroatia.com\/de\/#website\"},\"datePublished\":\"2021-02-03T10:51:54+00:00\",\"dateModified\":\"2021-02-09T10:03:10+00:00\",\"breadcrumb\":{\"@id\":\"https:\/\/www.ferrycroatia.com\/de\/fahrhafen-ilovik\/#breadcrumb\"},\"inLanguage\":\"en-US\",\"potentialAction\":[{\"@type\":\"ReadAction\",\"target\":[\"https:\/\/www.ferrycroatia.com\/de\/fahrhafen-ilovik\/\"]}]},{\"@type\":\"BreadcrumbList\",\"@id\":\"https:\/\/www.ferrycroatia.com\/de\/fahrhafen-ilovik\/#breadcrumb\",\"itemListElement\":[{\"@type\":\"ListItem\",\"position\":1,\"name\":\"Home\",\"item\":\"https:\/\/www.ferrycroatia.com\/de\/\"},{\"@type\":\"ListItem\",\"position\":2,\"name\":\"F\u00e4hrhafen Ilovik\"}]},{\"@type\":\"WebSite\",\"@id\":\"https:\/\/www.ferrycroatia.com\/de\/#website\",\"url\":\"https:\/\/www.ferrycroatia.com\/de\/\",\"name\":\"F\u00e4hre Kroatien\",\"description\":\"Info und Fahrpl\u00e4ne f\u00fcr alle Katamarane und F\u00e4hren in Kroatien\",\"potentialAction\":[{\"@type\":\"SearchAction\",\"target\":{\"@type\":\"EntryPoint\",\"urlTemplate\":\"https:\/\/www.ferrycroatia.com\/de\/?s={search_term_string}\"},\"query-input\":\"required name=search_term_string\"}],\"inLanguage\":\"en-US\"}]}<\/script>\n<!-- \/ Yoast SEO plugin. -->","yoast_head_json":{"title":"Katamaranhafen Ilovik, von und nach Ilovik reisen","robots":{"index":"index","follow":"follow","max-snippet":"max-snippet:-1","max-image-preview":"max-image-preview:large","max-video-preview":"max-video-preview:-1"},"canonical":"https:\/\/www.ferrycroatia.com\/de\/fahrhafen-ilovik\/","og_locale":"en_US","og_type":"article","og_title":"Katamaranhafen Ilovik, von und nach Ilovik reisen","og_description":"Die Stadt Ilovik liegt auf der Insel Ilovik (s\u00fcdlich der Insel Lo\u0161inj) im Nordosten. Der Katamaran Hafen ist einer der sch\u00f6nsten und sichersten H\u00e4fen an der Adria. Er befindet sich in der N\u00e4he des Stadtzentrums und der Hauptpromenade am Meer. Es ist durch regelm\u00e4\u00dfige Katamaran Linien mit den Inseln Silba, Lo\u0161inj, Cres und Unije sowie [&hellip;] Continue reading...","og_url":"https:\/\/www.ferrycroatia.com\/de\/fahrhafen-ilovik\/","og_site_name":"F\u00e4hre Kroatien","article_modified_time":"2021-02-09T10:03:10+00:00","og_image":[{"url":"http:\/\/www.ferrycroatia.com\/wp-content\/uploads\/2016\/07\/Ilovik-catamaran-port.jpg"}],"twitter_card":"summary_large_image","twitter_misc":{"Est. reading time":"1 minute"},"schema":{"@context":"https:\/\/schema.org","@graph":[{"@type":"WebPage","@id":"https:\/\/www.ferrycroatia.com\/de\/fahrhafen-ilovik\/","url":"https:\/\/www.ferrycroatia.com\/de\/fahrhafen-ilovik\/","name":"Katamaranhafen Ilovik, von und nach Ilovik reisen","isPartOf":{"@id":"https:\/\/www.ferrycroatia.com\/de\/#website"},"datePublished":"2021-02-03T10:51:54+00:00","dateModified":"2021-02-09T10:03:10+00:00","breadcrumb":{"@id":"https:\/\/www.ferrycroatia.com\/de\/fahrhafen-ilovik\/#breadcrumb"},"inLanguage":"en-US","potentialAction":[{"@type":"ReadAction","target":["https:\/\/www.ferrycroatia.com\/de\/fahrhafen-ilovik\/"]}]},{"@type":"BreadcrumbList","@id":"https:\/\/www.ferrycroatia.com\/de\/fahrhafen-ilovik\/#breadcrumb","itemListElement":[{"@type":"ListItem","position":1,"name":"Home","item":"https:\/\/www.ferrycroatia.com\/de\/"},{"@type":"ListItem","position":2,"name":"F\u00e4hrhafen Ilovik"}]},{"@type":"WebSite","@id":"https:\/\/www.ferrycroatia.com\/de\/#website","url":"https:\/\/www.ferrycroatia.com\/de\/","name":"F\u00e4hre Kroatien","description":"Info und Fahrpl\u00e4ne f\u00fcr alle Katamarane und F\u00e4hren in Kroatien","potentialAction":[{"@type":"SearchAction","target":{"@type":"EntryPoint","urlTemplate":"https:\/\/www.ferrycroatia.com\/de\/?s={search_term_string}"},"query-input":"required name=search_term_string"}],"inLanguage":"en-US"}]}},"_links":{"self":[{"href":"https:\/\/www.ferrycroatia.com\/de\/wp-json\/wp\/v2\/pages\/1142"}],"collection":[{"href":"https:\/\/www.ferrycroatia.com\/de\/wp-json\/wp\/v2\/pages"}],"about":[{"href":"https:\/\/www.ferrycroatia.com\/de\/wp-json\/wp\/v2\/types\/page"}],"author":[{"embeddable":true,"href":"https:\/\/www.ferrycroatia.com\/de\/wp-json\/wp\/v2\/users\/5"}],"replies":[{"embeddable":true,"href":"https:\/\/www.ferrycroatia.com\/de\/wp-json\/wp\/v2\/comments?post=1142"}],"version-history":[{"count":3,"href":"https:\/\/www.ferrycroatia.com\/de\/wp-json\/wp\/v2\/pages\/1142\/revisions"}],"predecessor-version":[{"id":1578,"href":"https:\/\/www.ferrycroatia.com\/de\/wp-json\/wp\/v2\/pages\/1142\/revisions\/1578"}],"wp:attachment":[{"href":"https:\/\/www.ferrycroatia.com\/de\/wp-json\/wp\/v2\/media?parent=1142"}],"curies":[{"name":"wp","href":"https:\/\/api.w.org\/{rel}","templated":true}]}}