{"id":1144,"date":"2021-02-03T10:56:46","date_gmt":"2021-02-03T10:56:46","guid":{"rendered":"https:\/\/ferrycroatia.com\/de\/?page_id=1144"},"modified":"2021-02-09T10:08:27","modified_gmt":"2021-02-09T10:08:27","slug":"fahrhafen-ist","status":"publish","type":"page","link":"https:\/\/www.ferrycroatia.com\/de\/fahrhafen-ist\/","title":{"rendered":"F\u00e4hrhafen Ist"},"content":{"rendered":"<p><strong>Ist ist die einzige Stadt auf der Insel Ist<\/strong> (Gesamtbev\u00f6lkerung von 200 Menschen). Die Insel hat zwei H\u00e4fen, das Autof\u00e4hre-Terminal auf der Insel hei\u00dft <strong>Kosira\u010da<\/strong>, es befindet sich in der n\u00f6rdlichen Bucht der Insel &#8211; es ist ungef\u00e4hr 1 km von der Hauptpromenade und dem Zentrum der Stadt entfernt,<strong> der andere Hafen hei\u00dft \u0160iroka<\/strong> und liegt am Stadtzentrum.<\/p>\n<p>Informationen zu F\u00e4hren und Katamaranen zur Insel Ist finden Sie <a href=\"https:\/\/www.ferrycroatia.com\/de\/insel-ist\/\">hier<\/a>.<\/p>\n<p>Den<strong> Standort des Autof\u00e4hrterminals Kosira\u010da finden Sie <a href=\"https:\/\/www.google.com\/maps\/place\/44%C2%B016'45.5%22N+14%C2%B045'26.0%22E\/@44.279299,14.755027,17z\/data=!3m1!4b1!4m5!3m4!1s0x0:0x0!8m2!3d44.279299!4d14.757221\">hier<\/a>.<\/strong><\/p>\n<p>Den <strong>Standort des Katamaran Hafens \u0160iroka finden Sie <a href=\"https:\/\/www.google.com\/maps\/place\/44%C2%B016'15.3%22N+14%C2%B046'01.0%22E\/@44.270903,14.764746,17z\/data=!3m1!4b1!4m5!3m4!1s0x0:0x0!8m2!3d44.270903!4d14.76694\">hier<\/a>.<\/strong><\/p>\n<p><a class=\"lightbox\" href=\"http:\/\/www.ferrycroatia.com\/en\/wp-content\/uploads\/2020\/04\/Ist-port.jpg\"><img decoding=\"async\" loading=\"lazy\" class=\"alignnone size-full wp-image-3503\" data-src=\"http:\/\/www.ferrycroatia.com\/en\/wp-content\/uploads\/2020\/04\/Ist-port.jpg\" alt=\"Ferry port Island Ist\" width=\"1397\" height=\"969\" \/><\/a><\/p>\n<p><b>Liste der Katamaran- und F\u00e4hrverbindungen von und nach Ist:<\/b><\/p>\n<p>\u2192 F\u00e4hre: Zadar (Ga\u017eenica) &#8211; Ist &#8211; Olib &#8211; Silba &#8211; Premuda &#8211; Mali Lo\u0161inj<\/p>\n<ul>\n<li><a href=\"https:\/\/www.ferrycroatia.com\/de\/ist-zadar\/\">Ist &#8211; Zadar<\/a><\/li>\n<li><a href=\"https:\/\/www.ferrycroatia.com\/de\/ist-olib\/\">Ist &#8211; Olib<\/a><\/li>\n<li><a href=\"https:\/\/www.ferrycroatia.com\/de\/ist-silba\/\">Ist &#8211; Silba<\/a><\/li>\n<li><a href=\"https:\/\/www.ferrycroatia.com\/de\/ist-premuda\/\">Ist &#8211; Premuda<\/a><\/li>\n<li><a href=\"https:\/\/www.ferrycroatia.com\/de\/ist-mali-losinj\/\">Ist &#8211; Mali Lo\u0161inj<\/a><\/li>\n<\/ul>\n<p>\u2192 F\u00e4hre: Zadar &#8211; Rivanj &#8211; Sestrunj &#8211; Zverinac &#8211; Molat &#8211; Ist<\/p>\n<ul>\n<li>Ist &#8211; Rivanj<\/li>\n<li>Ist &#8211; Sestrunj<\/li>\n<li>Ist &#8211; Zverinac<\/li>\n<\/ul>\n<p>\u2192 Katamaran: Zadar &#8211; Molat &#8211; Brgulje &#8211; Zapuntel &#8211; Ist<\/p>\n<ul>\n<li><a href=\"https:\/\/www.ferrycroatia.com\/de\/ist-molat\/\">Ist &#8211; Molat<\/a><\/li>\n<li><a href=\"https:\/\/www.ferrycroatia.com\/de\/ist-zapuntel\/\">Ist &#8211; Zapuntel<\/a><\/li>\n<li><a href=\"https:\/\/www.ferrycroatia.com\/de\/ist-brgulje\/\">Ist &#8211; Brgulje<\/a><\/li>\n<\/ul>\n","protected":false},"excerpt":{"rendered":"<p>Ist ist die einzige Stadt auf der Insel Ist (Gesamtbev\u00f6lkerung von 200 Menschen). Die Insel hat zwei H\u00e4fen, das Autof\u00e4hre-Terminal auf der Insel hei\u00dft Kosira\u010da, es befindet sich in der n\u00f6rdlichen Bucht der Insel &#8211; es ist ungef\u00e4hr 1 km von der Hauptpromenade und dem Zentrum der Stadt entfernt, der andere Hafen hei\u00dft \u0160iroka und [&hellip;]<\/p>\n<p><a class=\"more-link\" href=\"https:\/\/www.ferrycroatia.com\/de\/fahrhafen-ist\/\"> Continue reading&#8230;<\/a><\/p>\n","protected":false},"author":5,"featured_media":0,"parent":0,"menu_order":0,"comment_status":"closed","ping_status":"closed","template":"","meta":[],"yoast_head":"<!-- This site is optimized with the Yoast SEO plugin v19.8 - https:\/\/yoast.com\/wordpress\/plugins\/seo\/ -->\n<title>F\u00e4hrhafen Ist, Autof\u00e4hrh\u00e4fen auf der Insel Ist<\/title>\n<meta name=\"robots\" content=\"index, follow, max-snippet:-1, max-image-preview:large, max-video-preview:-1\" \/>\n<link rel=\"canonical\" href=\"https:\/\/www.ferrycroatia.com\/de\/fahrhafen-ist\/\" \/>\n<meta property=\"og:locale\" content=\"en_US\" \/>\n<meta property=\"og:type\" content=\"article\" \/>\n<meta property=\"og:title\" content=\"F\u00e4hrhafen Ist, Autof\u00e4hrh\u00e4fen auf der Insel Ist\" \/>\n<meta property=\"og:description\" content=\"Ist ist die einzige Stadt auf der Insel Ist (Gesamtbev\u00f6lkerung von 200 Menschen). Die Insel hat zwei H\u00e4fen, das Autof\u00e4hre-Terminal auf der Insel hei\u00dft Kosira\u010da, es befindet sich in der n\u00f6rdlichen Bucht der Insel &#8211; es ist ungef\u00e4hr 1 km von der Hauptpromenade und dem Zentrum der Stadt entfernt, der andere Hafen hei\u00dft \u0160iroka und [&hellip;] Continue reading...\" \/>\n<meta property=\"og:url\" content=\"https:\/\/www.ferrycroatia.com\/de\/fahrhafen-ist\/\" \/>\n<meta property=\"og:site_name\" content=\"F\u00e4hre Kroatien\" \/>\n<meta property=\"article:modified_time\" content=\"2021-02-09T10:08:27+00:00\" \/>\n<meta property=\"og:image\" content=\"http:\/\/www.ferrycroatia.com\/en\/wp-content\/uploads\/2020\/04\/Ist-port.jpg\" \/>\n<meta name=\"twitter:card\" content=\"summary_large_image\" \/>\n<meta name=\"twitter:label1\" content=\"Est. reading time\" \/>\n\t<meta name=\"twitter:data1\" content=\"1 minute\" \/>\n<script type=\"application\/ld+json\" class=\"yoast-schema-graph\">{\"@context\":\"https:\/\/schema.org\",\"@graph\":[{\"@type\":\"WebPage\",\"@id\":\"https:\/\/www.ferrycroatia.com\/de\/fahrhafen-ist\/\",\"url\":\"https:\/\/www.ferrycroatia.com\/de\/fahrhafen-ist\/\",\"name\":\"F\u00e4hrhafen Ist, Autof\u00e4hrh\u00e4fen auf der Insel Ist\",\"isPartOf\":{\"@id\":\"https:\/\/www.ferrycroatia.com\/de\/#website\"},\"datePublished\":\"2021-02-03T10:56:46+00:00\",\"dateModified\":\"2021-02-09T10:08:27+00:00\",\"breadcrumb\":{\"@id\":\"https:\/\/www.ferrycroatia.com\/de\/fahrhafen-ist\/#breadcrumb\"},\"inLanguage\":\"en-US\",\"potentialAction\":[{\"@type\":\"ReadAction\",\"target\":[\"https:\/\/www.ferrycroatia.com\/de\/fahrhafen-ist\/\"]}]},{\"@type\":\"BreadcrumbList\",\"@id\":\"https:\/\/www.ferrycroatia.com\/de\/fahrhafen-ist\/#breadcrumb\",\"itemListElement\":[{\"@type\":\"ListItem\",\"position\":1,\"name\":\"Home\",\"item\":\"https:\/\/www.ferrycroatia.com\/de\/\"},{\"@type\":\"ListItem\",\"position\":2,\"name\":\"F\u00e4hrhafen Ist\"}]},{\"@type\":\"WebSite\",\"@id\":\"https:\/\/www.ferrycroatia.com\/de\/#website\",\"url\":\"https:\/\/www.ferrycroatia.com\/de\/\",\"name\":\"F\u00e4hre Kroatien\",\"description\":\"Info und Fahrpl\u00e4ne f\u00fcr alle Katamarane und F\u00e4hren in Kroatien\",\"potentialAction\":[{\"@type\":\"SearchAction\",\"target\":{\"@type\":\"EntryPoint\",\"urlTemplate\":\"https:\/\/www.ferrycroatia.com\/de\/?s={search_term_string}\"},\"query-input\":\"required name=search_term_string\"}],\"inLanguage\":\"en-US\"}]}<\/script>\n<!-- \/ Yoast SEO plugin. -->","yoast_head_json":{"title":"F\u00e4hrhafen Ist, Autof\u00e4hrh\u00e4fen auf der Insel Ist","robots":{"index":"index","follow":"follow","max-snippet":"max-snippet:-1","max-image-preview":"max-image-preview:large","max-video-preview":"max-video-preview:-1"},"canonical":"https:\/\/www.ferrycroatia.com\/de\/fahrhafen-ist\/","og_locale":"en_US","og_type":"article","og_title":"F\u00e4hrhafen Ist, Autof\u00e4hrh\u00e4fen auf der Insel Ist","og_description":"Ist ist die einzige Stadt auf der Insel Ist (Gesamtbev\u00f6lkerung von 200 Menschen). Die Insel hat zwei H\u00e4fen, das Autof\u00e4hre-Terminal auf der Insel hei\u00dft Kosira\u010da, es befindet sich in der n\u00f6rdlichen Bucht der Insel &#8211; es ist ungef\u00e4hr 1 km von der Hauptpromenade und dem Zentrum der Stadt entfernt, der andere Hafen hei\u00dft \u0160iroka und [&hellip;] Continue reading...","og_url":"https:\/\/www.ferrycroatia.com\/de\/fahrhafen-ist\/","og_site_name":"F\u00e4hre Kroatien","article_modified_time":"2021-02-09T10:08:27+00:00","og_image":[{"url":"http:\/\/www.ferrycroatia.com\/en\/wp-content\/uploads\/2020\/04\/Ist-port.jpg"}],"twitter_card":"summary_large_image","twitter_misc":{"Est. reading time":"1 minute"},"schema":{"@context":"https:\/\/schema.org","@graph":[{"@type":"WebPage","@id":"https:\/\/www.ferrycroatia.com\/de\/fahrhafen-ist\/","url":"https:\/\/www.ferrycroatia.com\/de\/fahrhafen-ist\/","name":"F\u00e4hrhafen Ist, Autof\u00e4hrh\u00e4fen auf der Insel Ist","isPartOf":{"@id":"https:\/\/www.ferrycroatia.com\/de\/#website"},"datePublished":"2021-02-03T10:56:46+00:00","dateModified":"2021-02-09T10:08:27+00:00","breadcrumb":{"@id":"https:\/\/www.ferrycroatia.com\/de\/fahrhafen-ist\/#breadcrumb"},"inLanguage":"en-US","potentialAction":[{"@type":"ReadAction","target":["https:\/\/www.ferrycroatia.com\/de\/fahrhafen-ist\/"]}]},{"@type":"BreadcrumbList","@id":"https:\/\/www.ferrycroatia.com\/de\/fahrhafen-ist\/#breadcrumb","itemListElement":[{"@type":"ListItem","position":1,"name":"Home","item":"https:\/\/www.ferrycroatia.com\/de\/"},{"@type":"ListItem","position":2,"name":"F\u00e4hrhafen Ist"}]},{"@type":"WebSite","@id":"https:\/\/www.ferrycroatia.com\/de\/#website","url":"https:\/\/www.ferrycroatia.com\/de\/","name":"F\u00e4hre Kroatien","description":"Info und Fahrpl\u00e4ne f\u00fcr alle Katamarane und F\u00e4hren in Kroatien","potentialAction":[{"@type":"SearchAction","target":{"@type":"EntryPoint","urlTemplate":"https:\/\/www.ferrycroatia.com\/de\/?s={search_term_string}"},"query-input":"required name=search_term_string"}],"inLanguage":"en-US"}]}},"_links":{"self":[{"href":"https:\/\/www.ferrycroatia.com\/de\/wp-json\/wp\/v2\/pages\/1144"}],"collection":[{"href":"https:\/\/www.ferrycroatia.com\/de\/wp-json\/wp\/v2\/pages"}],"about":[{"href":"https:\/\/www.ferrycroatia.com\/de\/wp-json\/wp\/v2\/types\/page"}],"author":[{"embeddable":true,"href":"https:\/\/www.ferrycroatia.com\/de\/wp-json\/wp\/v2\/users\/5"}],"replies":[{"embeddable":true,"href":"https:\/\/www.ferrycroatia.com\/de\/wp-json\/wp\/v2\/comments?post=1144"}],"version-history":[{"count":2,"href":"https:\/\/www.ferrycroatia.com\/de\/wp-json\/wp\/v2\/pages\/1144\/revisions"}],"predecessor-version":[{"id":1579,"href":"https:\/\/www.ferrycroatia.com\/de\/wp-json\/wp\/v2\/pages\/1144\/revisions\/1579"}],"wp:attachment":[{"href":"https:\/\/www.ferrycroatia.com\/de\/wp-json\/wp\/v2\/media?parent=1144"}],"curies":[{"name":"wp","href":"https:\/\/api.w.org\/{rel}","templated":true}]}}