{"id":1146,"date":"2021-02-03T11:01:19","date_gmt":"2021-02-03T11:01:19","guid":{"rendered":"https:\/\/ferrycroatia.com\/de\/?page_id=1146"},"modified":"2021-02-09T10:09:14","modified_gmt":"2021-02-09T10:09:14","slug":"fahrhafen-jelsa","status":"publish","type":"page","link":"https:\/\/www.ferrycroatia.com\/de\/fahrhafen-jelsa\/","title":{"rendered":"F\u00e4hrhafen Jelsa"},"content":{"rendered":"<p>Die Stadt Jelsa liegt <strong>in einer Bucht mitten an der Nordk\u00fcste der Insel Hvar.<\/strong> Der Hafen von Jelsa ist durch regelm\u00e4\u00dfige Katamaran Linien mit Bol und Split verbunden. Der Hafen befindet sich im Stadtzentrum, 200 m von der Hauptpromenade am Meer entfernt.<\/p>\n<p><span style=\"text-decoration: underline;\"><b>An- und Abreise zum Katamaran Hafen in Jelsa:<\/b><\/span><\/p>\n<p>Jelsa ist eine wirklich kleine Inselstadt und der Pier, von dem der Katamaran abf\u00e4hrt,<strong> befindet sich direkt im Zentrum.<\/strong> Egal wo sich Ihre Unterkunft befindet, alles ist zu Fu\u00df erreichbar. <strong>Die Alternative ist ein Taxi,<\/strong> das Sie nicht viel kostet, da alles ganz in der N\u00e4he sein sollte.<\/p>\n<p>Es ist ziemlich einfach, Jelsa von einigen anderen St\u00e4dten auf Hvar aus zu erreichen, da es gut mit Buslinien verbunden ist. Die <a href=\"https:\/\/getbybus.com\/de\/bus-von-jelsa\">Hauptbushaltestelle von Jelsa<\/a> liegt etwa 650 m vom Pier entfernt, v<strong>on dem die Katamarane abfahren, und es ist ziemlich einfach, dorthin zu gehen.<\/strong><\/p>\n<p><span style=\"text-decoration: underline;\"><b>Was Sie im Katamaran Hafen von Jelsa finden k\u00f6nnen:<\/b><\/span><\/p>\n<p>Wie bereits oben erw\u00e4hnt, <strong>befindet sich der Katamaran Hafen in Jelsa direkt im Zentrum,<\/strong> sodass Sie die meisten Einrichtungen der Stadt in der N\u00e4he finden: Bars, Restaurants, Gesch\u00e4fte, Geldautomaten usw.<\/p>\n<p><span style=\"text-decoration: underline;\"><b>Adresse des Katamaran Hafens Jelsa:<\/b><\/span><\/p>\n<blockquote><p>Mala Banda<\/p>\n<p>21465 Jelsa (Hvar)<\/p>\n<p><strong>GPS-KOORDINATEN:<\/strong> 43.16304, 16.69617<\/p><\/blockquote>\n<p><a class=\"lightbox\" href=\"http:\/\/www.ferrycroatia.com\/wp-content\/uploads\/2016\/06\/Jelsa.jpg\"><img decoding=\"async\" loading=\"lazy\" class=\"alignnone size-full wp-image-288\" data-src=\"http:\/\/www.ferrycroatia.com\/wp-content\/uploads\/2016\/06\/Jelsa.jpg\" alt=\"Jelsa\" width=\"800\" height=\"438\" \/><\/a><\/p>\n<p><span style=\"text-decoration: underline;\"><b>Liste der Routen:<\/b><\/span><\/p>\n<p>Katamaran: Jelsa &#8211; Bol (Bra\u010d) &#8211; Split<\/p>\n<ul>\n<li><a href=\"https:\/\/www.ferrycroatia.com\/de\/jelsa-bol\/\">Jelsa &#8211; Bol (Bra\u010d)<\/a><\/li>\n<li><a href=\"https:\/\/www.ferrycroatia.com\/de\/jelsa-split\/\">Jelsa &#8211; Split<\/a><\/li>\n<\/ul>\n","protected":false},"excerpt":{"rendered":"<p>Die Stadt Jelsa liegt in einer Bucht mitten an der Nordk\u00fcste der Insel Hvar. Der Hafen von Jelsa ist durch regelm\u00e4\u00dfige Katamaran Linien mit Bol und Split verbunden. Der Hafen befindet sich im Stadtzentrum, 200 m von der Hauptpromenade am Meer entfernt. An- und Abreise zum Katamaran Hafen in Jelsa: Jelsa ist eine wirklich kleine [&hellip;]<\/p>\n<p><a class=\"more-link\" href=\"https:\/\/www.ferrycroatia.com\/de\/fahrhafen-jelsa\/\"> Continue reading&#8230;<\/a><\/p>\n","protected":false},"author":5,"featured_media":1147,"parent":0,"menu_order":0,"comment_status":"closed","ping_status":"closed","template":"","meta":[],"yoast_head":"<!-- This site is optimized with the Yoast SEO plugin v19.8 - https:\/\/yoast.com\/wordpress\/plugins\/seo\/ -->\n<title>Katamaran Hafen Jelsa, Katamaran Abfahrten von Jelsa<\/title>\n<meta name=\"description\" content=\"Katamarane vom Hafen Jelsa. Wie man den Hafen in Jelsa mit dem Bus oder mit dem Auto von anderen kroatischen Zielen erreicht. Adresse und Einrichtungen am Hafen.\" \/>\n<meta name=\"robots\" content=\"index, follow, max-snippet:-1, max-image-preview:large, max-video-preview:-1\" \/>\n<link rel=\"canonical\" href=\"https:\/\/www.ferrycroatia.com\/de\/fahrhafen-jelsa\/\" \/>\n<meta property=\"og:locale\" content=\"en_US\" \/>\n<meta property=\"og:type\" content=\"article\" \/>\n<meta property=\"og:title\" content=\"Katamaran Hafen Jelsa, Katamaran Abfahrten von Jelsa\" \/>\n<meta property=\"og:description\" content=\"Katamarane vom Hafen Jelsa. Wie man den Hafen in Jelsa mit dem Bus oder mit dem Auto von anderen kroatischen Zielen erreicht. Adresse und Einrichtungen am Hafen.\" \/>\n<meta property=\"og:url\" content=\"https:\/\/www.ferrycroatia.com\/de\/fahrhafen-jelsa\/\" \/>\n<meta property=\"og:site_name\" content=\"F\u00e4hre Kroatien\" \/>\n<meta property=\"article:modified_time\" content=\"2021-02-09T10:09:14+00:00\" \/>\n<meta property=\"og:image\" content=\"https:\/\/www.ferrycroatia.com\/de\/wp-content\/uploads\/2021\/02\/Jelsa-Hvar.jpg\" \/>\n\t<meta property=\"og:image:width\" content=\"1024\" \/>\n\t<meta property=\"og:image:height\" content=\"442\" \/>\n\t<meta property=\"og:image:type\" content=\"image\/jpeg\" \/>\n<meta name=\"twitter:card\" content=\"summary_large_image\" \/>\n<meta name=\"twitter:label1\" content=\"Est. reading time\" \/>\n\t<meta name=\"twitter:data1\" content=\"1 minute\" \/>\n<script type=\"application\/ld+json\" class=\"yoast-schema-graph\">{\"@context\":\"https:\/\/schema.org\",\"@graph\":[{\"@type\":\"WebPage\",\"@id\":\"https:\/\/www.ferrycroatia.com\/de\/fahrhafen-jelsa\/\",\"url\":\"https:\/\/www.ferrycroatia.com\/de\/fahrhafen-jelsa\/\",\"name\":\"Katamaran Hafen Jelsa, Katamaran Abfahrten von Jelsa\",\"isPartOf\":{\"@id\":\"https:\/\/www.ferrycroatia.com\/de\/#website\"},\"datePublished\":\"2021-02-03T11:01:19+00:00\",\"dateModified\":\"2021-02-09T10:09:14+00:00\",\"description\":\"Katamarane vom Hafen Jelsa. Wie man den Hafen in Jelsa mit dem Bus oder mit dem Auto von anderen kroatischen Zielen erreicht. Adresse und Einrichtungen am Hafen.\",\"breadcrumb\":{\"@id\":\"https:\/\/www.ferrycroatia.com\/de\/fahrhafen-jelsa\/#breadcrumb\"},\"inLanguage\":\"en-US\",\"potentialAction\":[{\"@type\":\"ReadAction\",\"target\":[\"https:\/\/www.ferrycroatia.com\/de\/fahrhafen-jelsa\/\"]}]},{\"@type\":\"BreadcrumbList\",\"@id\":\"https:\/\/www.ferrycroatia.com\/de\/fahrhafen-jelsa\/#breadcrumb\",\"itemListElement\":[{\"@type\":\"ListItem\",\"position\":1,\"name\":\"Home\",\"item\":\"https:\/\/www.ferrycroatia.com\/de\/\"},{\"@type\":\"ListItem\",\"position\":2,\"name\":\"F\u00e4hrhafen Jelsa\"}]},{\"@type\":\"WebSite\",\"@id\":\"https:\/\/www.ferrycroatia.com\/de\/#website\",\"url\":\"https:\/\/www.ferrycroatia.com\/de\/\",\"name\":\"F\u00e4hre Kroatien\",\"description\":\"Info und Fahrpl\u00e4ne f\u00fcr alle Katamarane und F\u00e4hren in Kroatien\",\"potentialAction\":[{\"@type\":\"SearchAction\",\"target\":{\"@type\":\"EntryPoint\",\"urlTemplate\":\"https:\/\/www.ferrycroatia.com\/de\/?s={search_term_string}\"},\"query-input\":\"required name=search_term_string\"}],\"inLanguage\":\"en-US\"}]}<\/script>\n<!-- \/ Yoast SEO plugin. -->","yoast_head_json":{"title":"Katamaran Hafen Jelsa, Katamaran Abfahrten von Jelsa","description":"Katamarane vom Hafen Jelsa. Wie man den Hafen in Jelsa mit dem Bus oder mit dem Auto von anderen kroatischen Zielen erreicht. Adresse und Einrichtungen am Hafen.","robots":{"index":"index","follow":"follow","max-snippet":"max-snippet:-1","max-image-preview":"max-image-preview:large","max-video-preview":"max-video-preview:-1"},"canonical":"https:\/\/www.ferrycroatia.com\/de\/fahrhafen-jelsa\/","og_locale":"en_US","og_type":"article","og_title":"Katamaran Hafen Jelsa, Katamaran Abfahrten von Jelsa","og_description":"Katamarane vom Hafen Jelsa. Wie man den Hafen in Jelsa mit dem Bus oder mit dem Auto von anderen kroatischen Zielen erreicht. Adresse und Einrichtungen am Hafen.","og_url":"https:\/\/www.ferrycroatia.com\/de\/fahrhafen-jelsa\/","og_site_name":"F\u00e4hre Kroatien","article_modified_time":"2021-02-09T10:09:14+00:00","og_image":[{"width":1024,"height":442,"url":"https:\/\/www.ferrycroatia.com\/de\/wp-content\/uploads\/2021\/02\/Jelsa-Hvar.jpg","type":"image\/jpeg"}],"twitter_card":"summary_large_image","twitter_misc":{"Est. reading time":"1 minute"},"schema":{"@context":"https:\/\/schema.org","@graph":[{"@type":"WebPage","@id":"https:\/\/www.ferrycroatia.com\/de\/fahrhafen-jelsa\/","url":"https:\/\/www.ferrycroatia.com\/de\/fahrhafen-jelsa\/","name":"Katamaran Hafen Jelsa, Katamaran Abfahrten von Jelsa","isPartOf":{"@id":"https:\/\/www.ferrycroatia.com\/de\/#website"},"datePublished":"2021-02-03T11:01:19+00:00","dateModified":"2021-02-09T10:09:14+00:00","description":"Katamarane vom Hafen Jelsa. Wie man den Hafen in Jelsa mit dem Bus oder mit dem Auto von anderen kroatischen Zielen erreicht. Adresse und Einrichtungen am Hafen.","breadcrumb":{"@id":"https:\/\/www.ferrycroatia.com\/de\/fahrhafen-jelsa\/#breadcrumb"},"inLanguage":"en-US","potentialAction":[{"@type":"ReadAction","target":["https:\/\/www.ferrycroatia.com\/de\/fahrhafen-jelsa\/"]}]},{"@type":"BreadcrumbList","@id":"https:\/\/www.ferrycroatia.com\/de\/fahrhafen-jelsa\/#breadcrumb","itemListElement":[{"@type":"ListItem","position":1,"name":"Home","item":"https:\/\/www.ferrycroatia.com\/de\/"},{"@type":"ListItem","position":2,"name":"F\u00e4hrhafen Jelsa"}]},{"@type":"WebSite","@id":"https:\/\/www.ferrycroatia.com\/de\/#website","url":"https:\/\/www.ferrycroatia.com\/de\/","name":"F\u00e4hre Kroatien","description":"Info und Fahrpl\u00e4ne f\u00fcr alle Katamarane und F\u00e4hren in Kroatien","potentialAction":[{"@type":"SearchAction","target":{"@type":"EntryPoint","urlTemplate":"https:\/\/www.ferrycroatia.com\/de\/?s={search_term_string}"},"query-input":"required name=search_term_string"}],"inLanguage":"en-US"}]}},"_links":{"self":[{"href":"https:\/\/www.ferrycroatia.com\/de\/wp-json\/wp\/v2\/pages\/1146"}],"collection":[{"href":"https:\/\/www.ferrycroatia.com\/de\/wp-json\/wp\/v2\/pages"}],"about":[{"href":"https:\/\/www.ferrycroatia.com\/de\/wp-json\/wp\/v2\/types\/page"}],"author":[{"embeddable":true,"href":"https:\/\/www.ferrycroatia.com\/de\/wp-json\/wp\/v2\/users\/5"}],"replies":[{"embeddable":true,"href":"https:\/\/www.ferrycroatia.com\/de\/wp-json\/wp\/v2\/comments?post=1146"}],"version-history":[{"count":3,"href":"https:\/\/www.ferrycroatia.com\/de\/wp-json\/wp\/v2\/pages\/1146\/revisions"}],"predecessor-version":[{"id":1580,"href":"https:\/\/www.ferrycroatia.com\/de\/wp-json\/wp\/v2\/pages\/1146\/revisions\/1580"}],"wp:featuredmedia":[{"embeddable":true,"href":"https:\/\/www.ferrycroatia.com\/de\/wp-json\/wp\/v2\/media\/1147"}],"wp:attachment":[{"href":"https:\/\/www.ferrycroatia.com\/de\/wp-json\/wp\/v2\/media?parent=1146"}],"curies":[{"name":"wp","href":"https:\/\/api.w.org\/{rel}","templated":true}]}}