{"id":1151,"date":"2021-02-03T11:10:03","date_gmt":"2021-02-03T11:10:03","guid":{"rendered":"https:\/\/ferrycroatia.com\/de\/?page_id=1151"},"modified":"2021-02-09T10:13:12","modified_gmt":"2021-02-09T10:13:12","slug":"fahrhafen-kolocep","status":"publish","type":"page","link":"https:\/\/www.ferrycroatia.com\/de\/fahrhafen-kolocep\/","title":{"rendered":"F\u00e4hrhafen Kolo\u010dep"},"content":{"rendered":"<p><strong>Kolo\u010dep ist eine von drei bewohnten Inseln in der N\u00e4he der Stadt Dubrovnik.<\/strong> Die Stadt Kolo\u010dep liegt im Nordwesten der Insel in einer weiten Bucht. Der Hafen von Kolo\u010dep befindet sich in der N\u00e4he des Stadtzentrums.<\/p>\n<p><span style=\"text-decoration: underline;\"><b>An- und Abreise zum Hafen in Kolo\u010dep:<\/b><\/span><\/p>\n<p>Die Fahrzeit mit dem Katamaran vom <strong>F\u00e4hrterminal Dubrovnik nach Kolo\u010dep<\/strong> betr\u00e4gt ca. 30 Minuten. In Kolo\u010dep befindet sich der F\u00e4hrhafen im Zentrum der Kleinstadt, von wo aus Sie alle Wohneinheiten zu Fu\u00df erreichen k\u00f6nnen.<\/p>\n<p><span style=\"text-decoration: underline;\"><b>Was Sie am Hafen von Kolo\u010dep finden k\u00f6nnen:<\/b><\/span><\/p>\n<p>Wie bereits oben erw\u00e4hnt, ist <strong>Kolo\u010dep eine kleine Stadt,<\/strong> in der sich der Hafen direkt im Zentrum befindet. Alle Einrichtungen der Stadt befinden sich in der N\u00e4he: ein Postamt, ein Restaurant, eine Bar usw. Es gibt auch einen Ferienort in der N\u00e4he, also finden Sie wahrscheinlich einige Einrichtungen, die Sie brauchen k\u00f6nnten, dort.<\/p>\n<p><span style=\"text-decoration: underline;\"><b>Adresse des Hafens Kolo\u010dep:<\/b><\/span><\/p>\n<ul>\n<li>L\u00e4ngengrad: 18.005070<\/li>\n<li>Breitengrad: 42.679856<\/li>\n<li>20221 Kolo\u010dep (Kolo\u010dep)<\/li>\n<\/ul>\n<p><a class=\"lightbox\" href=\"http:\/\/www.ferrycroatia.com\/wp-content\/uploads\/2016\/08\/Kolocep-ferry-port.jpg\"><img decoding=\"async\" loading=\"lazy\" class=\"alignnone size-full wp-image-655\" data-src=\"http:\/\/www.ferrycroatia.com\/wp-content\/uploads\/2016\/08\/Kolocep-ferry-port.jpg\" alt=\"Kolocep ferry port\" width=\"1024\" height=\"589\" \/><\/a><\/p>\n<p><span style=\"text-decoration: underline;\"><b>Liste der F\u00e4hrverbindungen von und nach Kolo\u010dep:<\/b><\/span><\/p>\n<p>Schiff: Dubrovnik-Kolo\u010dep-Lopud-Su\u0111ura\u0111 (\u0160ipan)<\/p>\n<ul>\n<li><a href=\"https:\/\/www.ferrycroatia.com\/de\/kolocep-dubrovnik\/\">Kolo\u010dep &#8211; Dubrovnik<\/a><\/li>\n<li><a href=\"https:\/\/www.ferrycroatia.com\/de\/kolocep-lopud\/\">Kolo\u010dep &#8211; Lopud<\/a><\/li>\n<li><a href=\"https:\/\/www.ferrycroatia.com\/de\/kolocep-sudurad\/\">Kolo\u010dep &#8211; Su\u0111ura\u0111<\/a><\/li>\n<\/ul>\n","protected":false},"excerpt":{"rendered":"<p>Kolo\u010dep ist eine von drei bewohnten Inseln in der N\u00e4he der Stadt Dubrovnik. Die Stadt Kolo\u010dep liegt im Nordwesten der Insel in einer weiten Bucht. Der Hafen von Kolo\u010dep befindet sich in der N\u00e4he des Stadtzentrums. An- und Abreise zum Hafen in Kolo\u010dep: Die Fahrzeit mit dem Katamaran vom F\u00e4hrterminal Dubrovnik nach Kolo\u010dep betr\u00e4gt ca. [&hellip;]<\/p>\n<p><a class=\"more-link\" href=\"https:\/\/www.ferrycroatia.com\/de\/fahrhafen-kolocep\/\"> Continue reading&#8230;<\/a><\/p>\n","protected":false},"author":5,"featured_media":0,"parent":0,"menu_order":0,"comment_status":"closed","ping_status":"closed","template":"","meta":[],"yoast_head":"<!-- This site is optimized with the Yoast SEO plugin v19.8 - https:\/\/yoast.com\/wordpress\/plugins\/seo\/ -->\n<title>Hafen Kolo\u010dep, mit dem Schiff von und nach Kolo\u010dep reisen<\/title>\n<meta name=\"robots\" content=\"index, follow, max-snippet:-1, max-image-preview:large, max-video-preview:-1\" \/>\n<link rel=\"canonical\" href=\"https:\/\/www.ferrycroatia.com\/de\/fahrhafen-kolocep\/\" \/>\n<meta property=\"og:locale\" content=\"en_US\" \/>\n<meta property=\"og:type\" content=\"article\" \/>\n<meta property=\"og:title\" content=\"Hafen Kolo\u010dep, mit dem Schiff von und nach Kolo\u010dep reisen\" \/>\n<meta property=\"og:description\" content=\"Kolo\u010dep ist eine von drei bewohnten Inseln in der N\u00e4he der Stadt Dubrovnik. Die Stadt Kolo\u010dep liegt im Nordwesten der Insel in einer weiten Bucht. Der Hafen von Kolo\u010dep befindet sich in der N\u00e4he des Stadtzentrums. An- und Abreise zum Hafen in Kolo\u010dep: Die Fahrzeit mit dem Katamaran vom F\u00e4hrterminal Dubrovnik nach Kolo\u010dep betr\u00e4gt ca. [&hellip;] Continue reading...\" \/>\n<meta property=\"og:url\" content=\"https:\/\/www.ferrycroatia.com\/de\/fahrhafen-kolocep\/\" \/>\n<meta property=\"og:site_name\" content=\"F\u00e4hre Kroatien\" \/>\n<meta property=\"article:modified_time\" content=\"2021-02-09T10:13:12+00:00\" \/>\n<meta property=\"og:image\" content=\"http:\/\/www.ferrycroatia.com\/wp-content\/uploads\/2016\/08\/Kolocep-ferry-port.jpg\" \/>\n<meta name=\"twitter:card\" content=\"summary_large_image\" \/>\n<meta name=\"twitter:label1\" content=\"Est. reading time\" \/>\n\t<meta name=\"twitter:data1\" content=\"1 minute\" \/>\n<script type=\"application\/ld+json\" class=\"yoast-schema-graph\">{\"@context\":\"https:\/\/schema.org\",\"@graph\":[{\"@type\":\"WebPage\",\"@id\":\"https:\/\/www.ferrycroatia.com\/de\/fahrhafen-kolocep\/\",\"url\":\"https:\/\/www.ferrycroatia.com\/de\/fahrhafen-kolocep\/\",\"name\":\"Hafen Kolo\u010dep, mit dem Schiff von und nach Kolo\u010dep reisen\",\"isPartOf\":{\"@id\":\"https:\/\/www.ferrycroatia.com\/de\/#website\"},\"datePublished\":\"2021-02-03T11:10:03+00:00\",\"dateModified\":\"2021-02-09T10:13:12+00:00\",\"breadcrumb\":{\"@id\":\"https:\/\/www.ferrycroatia.com\/de\/fahrhafen-kolocep\/#breadcrumb\"},\"inLanguage\":\"en-US\",\"potentialAction\":[{\"@type\":\"ReadAction\",\"target\":[\"https:\/\/www.ferrycroatia.com\/de\/fahrhafen-kolocep\/\"]}]},{\"@type\":\"BreadcrumbList\",\"@id\":\"https:\/\/www.ferrycroatia.com\/de\/fahrhafen-kolocep\/#breadcrumb\",\"itemListElement\":[{\"@type\":\"ListItem\",\"position\":1,\"name\":\"Home\",\"item\":\"https:\/\/www.ferrycroatia.com\/de\/\"},{\"@type\":\"ListItem\",\"position\":2,\"name\":\"F\u00e4hrhafen Kolo\u010dep\"}]},{\"@type\":\"WebSite\",\"@id\":\"https:\/\/www.ferrycroatia.com\/de\/#website\",\"url\":\"https:\/\/www.ferrycroatia.com\/de\/\",\"name\":\"F\u00e4hre Kroatien\",\"description\":\"Info und Fahrpl\u00e4ne f\u00fcr alle Katamarane und F\u00e4hren in Kroatien\",\"potentialAction\":[{\"@type\":\"SearchAction\",\"target\":{\"@type\":\"EntryPoint\",\"urlTemplate\":\"https:\/\/www.ferrycroatia.com\/de\/?s={search_term_string}\"},\"query-input\":\"required name=search_term_string\"}],\"inLanguage\":\"en-US\"}]}<\/script>\n<!-- \/ Yoast SEO plugin. -->","yoast_head_json":{"title":"Hafen Kolo\u010dep, mit dem Schiff von und nach Kolo\u010dep reisen","robots":{"index":"index","follow":"follow","max-snippet":"max-snippet:-1","max-image-preview":"max-image-preview:large","max-video-preview":"max-video-preview:-1"},"canonical":"https:\/\/www.ferrycroatia.com\/de\/fahrhafen-kolocep\/","og_locale":"en_US","og_type":"article","og_title":"Hafen Kolo\u010dep, mit dem Schiff von und nach Kolo\u010dep reisen","og_description":"Kolo\u010dep ist eine von drei bewohnten Inseln in der N\u00e4he der Stadt Dubrovnik. Die Stadt Kolo\u010dep liegt im Nordwesten der Insel in einer weiten Bucht. Der Hafen von Kolo\u010dep befindet sich in der N\u00e4he des Stadtzentrums. An- und Abreise zum Hafen in Kolo\u010dep: Die Fahrzeit mit dem Katamaran vom F\u00e4hrterminal Dubrovnik nach Kolo\u010dep betr\u00e4gt ca. [&hellip;] Continue reading...","og_url":"https:\/\/www.ferrycroatia.com\/de\/fahrhafen-kolocep\/","og_site_name":"F\u00e4hre Kroatien","article_modified_time":"2021-02-09T10:13:12+00:00","og_image":[{"url":"http:\/\/www.ferrycroatia.com\/wp-content\/uploads\/2016\/08\/Kolocep-ferry-port.jpg"}],"twitter_card":"summary_large_image","twitter_misc":{"Est. reading time":"1 minute"},"schema":{"@context":"https:\/\/schema.org","@graph":[{"@type":"WebPage","@id":"https:\/\/www.ferrycroatia.com\/de\/fahrhafen-kolocep\/","url":"https:\/\/www.ferrycroatia.com\/de\/fahrhafen-kolocep\/","name":"Hafen Kolo\u010dep, mit dem Schiff von und nach Kolo\u010dep reisen","isPartOf":{"@id":"https:\/\/www.ferrycroatia.com\/de\/#website"},"datePublished":"2021-02-03T11:10:03+00:00","dateModified":"2021-02-09T10:13:12+00:00","breadcrumb":{"@id":"https:\/\/www.ferrycroatia.com\/de\/fahrhafen-kolocep\/#breadcrumb"},"inLanguage":"en-US","potentialAction":[{"@type":"ReadAction","target":["https:\/\/www.ferrycroatia.com\/de\/fahrhafen-kolocep\/"]}]},{"@type":"BreadcrumbList","@id":"https:\/\/www.ferrycroatia.com\/de\/fahrhafen-kolocep\/#breadcrumb","itemListElement":[{"@type":"ListItem","position":1,"name":"Home","item":"https:\/\/www.ferrycroatia.com\/de\/"},{"@type":"ListItem","position":2,"name":"F\u00e4hrhafen Kolo\u010dep"}]},{"@type":"WebSite","@id":"https:\/\/www.ferrycroatia.com\/de\/#website","url":"https:\/\/www.ferrycroatia.com\/de\/","name":"F\u00e4hre Kroatien","description":"Info und Fahrpl\u00e4ne f\u00fcr alle Katamarane und F\u00e4hren in Kroatien","potentialAction":[{"@type":"SearchAction","target":{"@type":"EntryPoint","urlTemplate":"https:\/\/www.ferrycroatia.com\/de\/?s={search_term_string}"},"query-input":"required name=search_term_string"}],"inLanguage":"en-US"}]}},"_links":{"self":[{"href":"https:\/\/www.ferrycroatia.com\/de\/wp-json\/wp\/v2\/pages\/1151"}],"collection":[{"href":"https:\/\/www.ferrycroatia.com\/de\/wp-json\/wp\/v2\/pages"}],"about":[{"href":"https:\/\/www.ferrycroatia.com\/de\/wp-json\/wp\/v2\/types\/page"}],"author":[{"embeddable":true,"href":"https:\/\/www.ferrycroatia.com\/de\/wp-json\/wp\/v2\/users\/5"}],"replies":[{"embeddable":true,"href":"https:\/\/www.ferrycroatia.com\/de\/wp-json\/wp\/v2\/comments?post=1151"}],"version-history":[{"count":2,"href":"https:\/\/www.ferrycroatia.com\/de\/wp-json\/wp\/v2\/pages\/1151\/revisions"}],"predecessor-version":[{"id":1582,"href":"https:\/\/www.ferrycroatia.com\/de\/wp-json\/wp\/v2\/pages\/1151\/revisions\/1582"}],"wp:attachment":[{"href":"https:\/\/www.ferrycroatia.com\/de\/wp-json\/wp\/v2\/media?parent=1151"}],"curies":[{"name":"wp","href":"https:\/\/api.w.org\/{rel}","templated":true}]}}