{"id":1153,"date":"2021-02-03T11:14:36","date_gmt":"2021-02-03T11:14:36","guid":{"rendered":"https:\/\/ferrycroatia.com\/de\/?page_id=1153"},"modified":"2021-02-09T10:17:35","modified_gmt":"2021-02-09T10:17:35","slug":"fahrhafen-korcula","status":"publish","type":"page","link":"https:\/\/www.ferrycroatia.com\/de\/fahrhafen-korcula\/","title":{"rendered":"F\u00e4hrhafen Kor\u010dula"},"content":{"rendered":"<p>Kor\u010dula ist eine historische Stadt auf der Insel Kor\u010dula im Nordosten der Insel mit Blick auf die Halbinsel Pelje\u0161ac. Von Kor\u010dula aus k\u00f6nnen Sie mit Katamaranen segeln. Im nahegelegenen <a href=\"https:\/\/www.ferrycroatia.com\/de\/fahrhafen-domince\/\">Hafen von Domin\u010de<\/a> fahren die <a href=\"https:\/\/www.ferrycroatia.com\/de\/fahrhafen-orebic\/\">Autof\u00e4hren nach Orebic<\/a> ab. Der Katamaran Hafen befindet sich in der N\u00e4he der alten Stadtmauer. Die Tickets f\u00fcr den Katamaran k\u00f6nnen am Fahrkartenschalter im Hafen oder online gekauft werden.<\/p>\n<p><span style=\"text-decoration: underline;\"><b>An- und Abreise zum F\u00e4hrhafen in Kor\u010dula:<\/b><\/span><\/p>\n<p>Da Kor\u010dula, <strong>wie die meisten anderen Inselst\u00e4dte,<\/strong> eine ziemlich kleine Stadt ist, unabh\u00e4ngig davon, wo sich Ihre Unterkunft befindet, ist der Katamaran Hafen, der sich etwas au\u00dferhalb der alten Stadtmauer befindet, von jedem Teil der Stadt aus bequem zu Fu\u00df erreichbar. Wenn Sie sich <strong>etwas au\u00dferhalb von Kor\u010dula aufhalten, z. B. in Lumbarda<\/strong>, k\u00f6nnen Sie ein Taxi nehmen, um dorthin zu gelangen. Von anderen St\u00e4dten der Insel wie Vela Luka, Blato usw. haben Sie Insel Busse, welche mehrmals t\u00e4glich fahren. Die <a href=\"https:\/\/getbybus.com\/de\/bus-von-korcula\">Bushaltestelle in Kor\u010dula<\/a> befindet sich einige hundert Meter von der Stelle entfernt, an der der Katamaran ansegelt.<\/p>\n<p><span style=\"text-decoration: underline;\"><b>Anreise von Kor\u010dula zum Flughafen Split \/ Dubrovnik:<\/b><\/span><\/p>\n<p><strong>Von Kor\u010dula aus k\u00f6nnen Sie mit einem Katamaran sowohl nach Split als auch nach Dubrovnik segeln. Sobald Sie eine dieser St\u00e4dte erreicht haben,<\/strong> finden Sie die Bushaltestelle ganz in der N\u00e4he des F\u00e4hrterminals. Dort nehmen Sie einen Shuttlebus zum Flughafen.<\/p>\n<p><span style=\"text-decoration: underline;\"><b>Was Sie im F\u00e4hrhafen von Kor\u010dula finden k\u00f6nnen:<\/b><\/span><\/p>\n<p>Wie bereits oben erw\u00e4hnt, befindet sich der Katamaran Hafen in Kor\u010dula etwas au\u00dferhalb der Stadtmauer, sodass alle Einrichtungen der Stadt nur wenige Gehminuten vom Pier entfernt sind, von dem Katamarane abfahren. Im Zentrum von Kor\u010dula finden Sie viele Restaurants, Bars, Gesch\u00e4fte, Souvenirl\u00e4den, Geldautomaten usw.<\/p>\n<p><span style=\"text-decoration: underline;\"><b>Adresse des F\u00e4hrhafens Kor\u010dula:<\/b><\/span><\/p>\n<blockquote><p>Obala Franje Tu\u0111mana<\/p>\n<p>20260 Kor\u010dula (Kor\u010dula)<\/p>\n<p><strong>GPS-KOORDINATEN:<\/strong> 42.9633, 17.13562<\/p><\/blockquote>\n<p><a class=\"lightbox\" href=\"http:\/\/www.ferrycroatia.com\/en\/wp-content\/uploads\/2016\/07\/Korcula-1.jpg\"><img decoding=\"async\" loading=\"lazy\" class=\"alignnone size-full wp-image-2538\" data-src=\"http:\/\/www.ferrycroatia.com\/en\/wp-content\/uploads\/2016\/07\/Korcula-1.jpg\" alt=\"Korcula\" width=\"800\" height=\"692\" \/><\/a><\/p>\n<p><span style=\"text-decoration: underline;\"><b>Liste der Katamaran Routen von Kor\u010dula:<\/b><\/span><\/p>\n<p>\u2192 Katamaran: Split &#8211; Milna (Brac) -Hvar- Kor\u010dula -Mljet-Dubrovnik<\/p>\n<ul>\n<li><a href=\"https:\/\/www.ferrycroatia.com\/de\/korcula-dubrovnik\/\">Kor\u010dula &#8211; Dubrovnik<\/a><\/li>\n<li><a href=\"https:\/\/www.ferrycroatia.com\/de\/korcula-mljet\/\">Kor\u010dula &#8211; Mljet<\/a><\/li>\n<li><a href=\"https:\/\/www.ferrycroatia.com\/de\/korcula-hvar\/\">Kor\u010dula &#8211; Hvar<\/a><\/li>\n<li><a href=\"https:\/\/www.ferrycroatia.com\/de\/korcula-milna\/\">Kor\u010dula &#8211; Milna Bra\u010d<\/a><\/li>\n<li><a href=\"https:\/\/www.ferrycroatia.com\/de\/korcula-split\/\">Kor\u010dula &#8211; Split<\/a><\/li>\n<\/ul>\n<p>\u2192 Katamaran: Split &#8211; Hvar &#8211; Kor\u010dula<\/p>\n","protected":false},"excerpt":{"rendered":"<p>Kor\u010dula ist eine historische Stadt auf der Insel Kor\u010dula im Nordosten der Insel mit Blick auf die Halbinsel Pelje\u0161ac. Von Kor\u010dula aus k\u00f6nnen Sie mit Katamaranen segeln. Im nahegelegenen Hafen von Domin\u010de fahren die Autof\u00e4hren nach Orebic ab. Der Katamaran Hafen befindet sich in der N\u00e4he der alten Stadtmauer. Die Tickets f\u00fcr den Katamaran k\u00f6nnen [&hellip;]<\/p>\n<p><a class=\"more-link\" href=\"https:\/\/www.ferrycroatia.com\/de\/fahrhafen-korcula\/\"> Continue reading&#8230;<\/a><\/p>\n","protected":false},"author":5,"featured_media":1154,"parent":0,"menu_order":0,"comment_status":"closed","ping_status":"closed","template":"","meta":[],"yoast_head":"<!-- This site is optimized with the Yoast SEO plugin v19.8 - https:\/\/yoast.com\/wordpress\/plugins\/seo\/ -->\n<title>F\u00e4hrhafen Korcula, Katamaran Ankunft und Abfahrtszeiten<\/title>\n<meta name=\"description\" content=\"Katamarane vom F\u00e4hrhafen Korcula. Wie man den F\u00e4hrhafen mit dem Bus oder mit dem Auto von anderen Zielen in Kroatien erreicht. Abfahrts- und Ankunftszeiten der Katamarane vom F\u00e4hrhafen Korcula.\" \/>\n<meta name=\"robots\" content=\"index, follow, max-snippet:-1, max-image-preview:large, max-video-preview:-1\" \/>\n<link rel=\"canonical\" href=\"https:\/\/www.ferrycroatia.com\/de\/fahrhafen-korcula\/\" \/>\n<meta property=\"og:locale\" content=\"en_US\" \/>\n<meta property=\"og:type\" content=\"article\" \/>\n<meta property=\"og:title\" content=\"F\u00e4hrhafen Korcula, Katamaran Ankunft und Abfahrtszeiten\" \/>\n<meta property=\"og:description\" content=\"Katamarane vom F\u00e4hrhafen Korcula. Wie man den F\u00e4hrhafen mit dem Bus oder mit dem Auto von anderen Zielen in Kroatien erreicht. Abfahrts- und Ankunftszeiten der Katamarane vom F\u00e4hrhafen Korcula.\" \/>\n<meta property=\"og:url\" content=\"https:\/\/www.ferrycroatia.com\/de\/fahrhafen-korcula\/\" \/>\n<meta property=\"og:site_name\" content=\"F\u00e4hre Kroatien\" \/>\n<meta property=\"article:modified_time\" content=\"2021-02-09T10:17:35+00:00\" \/>\n<meta property=\"og:image\" content=\"https:\/\/www.ferrycroatia.com\/de\/wp-content\/uploads\/2021\/02\/Korcula-1.jpg\" \/>\n\t<meta property=\"og:image:width\" content=\"1024\" \/>\n\t<meta property=\"og:image:height\" content=\"768\" \/>\n\t<meta property=\"og:image:type\" content=\"image\/jpeg\" \/>\n<meta name=\"twitter:card\" content=\"summary_large_image\" \/>\n<meta name=\"twitter:label1\" content=\"Est. reading time\" \/>\n\t<meta name=\"twitter:data1\" content=\"2 minutes\" \/>\n<script type=\"application\/ld+json\" class=\"yoast-schema-graph\">{\"@context\":\"https:\/\/schema.org\",\"@graph\":[{\"@type\":\"WebPage\",\"@id\":\"https:\/\/www.ferrycroatia.com\/de\/fahrhafen-korcula\/\",\"url\":\"https:\/\/www.ferrycroatia.com\/de\/fahrhafen-korcula\/\",\"name\":\"F\u00e4hrhafen Korcula, Katamaran Ankunft und Abfahrtszeiten\",\"isPartOf\":{\"@id\":\"https:\/\/www.ferrycroatia.com\/de\/#website\"},\"datePublished\":\"2021-02-03T11:14:36+00:00\",\"dateModified\":\"2021-02-09T10:17:35+00:00\",\"description\":\"Katamarane vom F\u00e4hrhafen Korcula. Wie man den F\u00e4hrhafen mit dem Bus oder mit dem Auto von anderen Zielen in Kroatien erreicht. Abfahrts- und Ankunftszeiten der Katamarane vom F\u00e4hrhafen Korcula.\",\"breadcrumb\":{\"@id\":\"https:\/\/www.ferrycroatia.com\/de\/fahrhafen-korcula\/#breadcrumb\"},\"inLanguage\":\"en-US\",\"potentialAction\":[{\"@type\":\"ReadAction\",\"target\":[\"https:\/\/www.ferrycroatia.com\/de\/fahrhafen-korcula\/\"]}]},{\"@type\":\"BreadcrumbList\",\"@id\":\"https:\/\/www.ferrycroatia.com\/de\/fahrhafen-korcula\/#breadcrumb\",\"itemListElement\":[{\"@type\":\"ListItem\",\"position\":1,\"name\":\"Home\",\"item\":\"https:\/\/www.ferrycroatia.com\/de\/\"},{\"@type\":\"ListItem\",\"position\":2,\"name\":\"F\u00e4hrhafen Kor\u010dula\"}]},{\"@type\":\"WebSite\",\"@id\":\"https:\/\/www.ferrycroatia.com\/de\/#website\",\"url\":\"https:\/\/www.ferrycroatia.com\/de\/\",\"name\":\"F\u00e4hre Kroatien\",\"description\":\"Info und Fahrpl\u00e4ne f\u00fcr alle Katamarane und F\u00e4hren in Kroatien\",\"potentialAction\":[{\"@type\":\"SearchAction\",\"target\":{\"@type\":\"EntryPoint\",\"urlTemplate\":\"https:\/\/www.ferrycroatia.com\/de\/?s={search_term_string}\"},\"query-input\":\"required name=search_term_string\"}],\"inLanguage\":\"en-US\"}]}<\/script>\n<!-- \/ Yoast SEO plugin. -->","yoast_head_json":{"title":"F\u00e4hrhafen Korcula, Katamaran Ankunft und Abfahrtszeiten","description":"Katamarane vom F\u00e4hrhafen Korcula. Wie man den F\u00e4hrhafen mit dem Bus oder mit dem Auto von anderen Zielen in Kroatien erreicht. Abfahrts- und Ankunftszeiten der Katamarane vom F\u00e4hrhafen Korcula.","robots":{"index":"index","follow":"follow","max-snippet":"max-snippet:-1","max-image-preview":"max-image-preview:large","max-video-preview":"max-video-preview:-1"},"canonical":"https:\/\/www.ferrycroatia.com\/de\/fahrhafen-korcula\/","og_locale":"en_US","og_type":"article","og_title":"F\u00e4hrhafen Korcula, Katamaran Ankunft und Abfahrtszeiten","og_description":"Katamarane vom F\u00e4hrhafen Korcula. Wie man den F\u00e4hrhafen mit dem Bus oder mit dem Auto von anderen Zielen in Kroatien erreicht. Abfahrts- und Ankunftszeiten der Katamarane vom F\u00e4hrhafen Korcula.","og_url":"https:\/\/www.ferrycroatia.com\/de\/fahrhafen-korcula\/","og_site_name":"F\u00e4hre Kroatien","article_modified_time":"2021-02-09T10:17:35+00:00","og_image":[{"width":1024,"height":768,"url":"https:\/\/www.ferrycroatia.com\/de\/wp-content\/uploads\/2021\/02\/Korcula-1.jpg","type":"image\/jpeg"}],"twitter_card":"summary_large_image","twitter_misc":{"Est. reading time":"2 minutes"},"schema":{"@context":"https:\/\/schema.org","@graph":[{"@type":"WebPage","@id":"https:\/\/www.ferrycroatia.com\/de\/fahrhafen-korcula\/","url":"https:\/\/www.ferrycroatia.com\/de\/fahrhafen-korcula\/","name":"F\u00e4hrhafen Korcula, Katamaran Ankunft und Abfahrtszeiten","isPartOf":{"@id":"https:\/\/www.ferrycroatia.com\/de\/#website"},"datePublished":"2021-02-03T11:14:36+00:00","dateModified":"2021-02-09T10:17:35+00:00","description":"Katamarane vom F\u00e4hrhafen Korcula. Wie man den F\u00e4hrhafen mit dem Bus oder mit dem Auto von anderen Zielen in Kroatien erreicht. Abfahrts- und Ankunftszeiten der Katamarane vom F\u00e4hrhafen Korcula.","breadcrumb":{"@id":"https:\/\/www.ferrycroatia.com\/de\/fahrhafen-korcula\/#breadcrumb"},"inLanguage":"en-US","potentialAction":[{"@type":"ReadAction","target":["https:\/\/www.ferrycroatia.com\/de\/fahrhafen-korcula\/"]}]},{"@type":"BreadcrumbList","@id":"https:\/\/www.ferrycroatia.com\/de\/fahrhafen-korcula\/#breadcrumb","itemListElement":[{"@type":"ListItem","position":1,"name":"Home","item":"https:\/\/www.ferrycroatia.com\/de\/"},{"@type":"ListItem","position":2,"name":"F\u00e4hrhafen Kor\u010dula"}]},{"@type":"WebSite","@id":"https:\/\/www.ferrycroatia.com\/de\/#website","url":"https:\/\/www.ferrycroatia.com\/de\/","name":"F\u00e4hre Kroatien","description":"Info und Fahrpl\u00e4ne f\u00fcr alle Katamarane und F\u00e4hren in Kroatien","potentialAction":[{"@type":"SearchAction","target":{"@type":"EntryPoint","urlTemplate":"https:\/\/www.ferrycroatia.com\/de\/?s={search_term_string}"},"query-input":"required name=search_term_string"}],"inLanguage":"en-US"}]}},"_links":{"self":[{"href":"https:\/\/www.ferrycroatia.com\/de\/wp-json\/wp\/v2\/pages\/1153"}],"collection":[{"href":"https:\/\/www.ferrycroatia.com\/de\/wp-json\/wp\/v2\/pages"}],"about":[{"href":"https:\/\/www.ferrycroatia.com\/de\/wp-json\/wp\/v2\/types\/page"}],"author":[{"embeddable":true,"href":"https:\/\/www.ferrycroatia.com\/de\/wp-json\/wp\/v2\/users\/5"}],"replies":[{"embeddable":true,"href":"https:\/\/www.ferrycroatia.com\/de\/wp-json\/wp\/v2\/comments?post=1153"}],"version-history":[{"count":5,"href":"https:\/\/www.ferrycroatia.com\/de\/wp-json\/wp\/v2\/pages\/1153\/revisions"}],"predecessor-version":[{"id":1586,"href":"https:\/\/www.ferrycroatia.com\/de\/wp-json\/wp\/v2\/pages\/1153\/revisions\/1586"}],"wp:featuredmedia":[{"embeddable":true,"href":"https:\/\/www.ferrycroatia.com\/de\/wp-json\/wp\/v2\/media\/1154"}],"wp:attachment":[{"href":"https:\/\/www.ferrycroatia.com\/de\/wp-json\/wp\/v2\/media?parent=1153"}],"curies":[{"name":"wp","href":"https:\/\/api.w.org\/{rel}","templated":true}]}}