{"id":1158,"date":"2021-02-03T11:34:41","date_gmt":"2021-02-03T11:34:41","guid":{"rendered":"https:\/\/ferrycroatia.com\/de\/?page_id=1158"},"modified":"2021-02-09T10:22:35","modified_gmt":"2021-02-09T10:22:35","slug":"fahrhafen-makarska","status":"publish","type":"page","link":"https:\/\/www.ferrycroatia.com\/de\/fahrhafen-makarska\/","title":{"rendered":"F\u00e4hrhafen Makarska"},"content":{"rendered":"<p><strong>Makarska ist eine kleine K\u00fcstenstadt,<\/strong> etwa 90 km von Split entfernt. Da es sich um eine recht kleine Stadt handelt, ist es nicht schwer,<strong> den F\u00e4hrhafen zu finden.<\/strong> Der F\u00e4hrhafen befindet sich im Stadtzentrum, in der N\u00e4he der Hauptpromenade und der sch\u00f6nen Str\u00e4nde. Der <strong>Hauptbusbahnhof befindet sich ca. 500 m<\/strong> vom F\u00e4hrterminal entfernt.<\/p>\n<p><span style=\"text-decoration: underline;\"><b>An- und Abreise zum F\u00e4hrterminal in Makarska:<\/b><\/span><\/p>\n<p>Wenn Sie in Makarska \u00fcbernachten und<strong> Sumartin auf der Insel Bra\u010d erreichen m\u00f6chten,<\/strong> denken Sie daran, dass Makarska eine wirklich kleine K\u00fcstenstadt ist. Unabh\u00e4ngig davon, wo sich Ihre Unterkunft befindet, ist der F\u00e4hrhafen bequem zu Fu\u00df erreichbar. Wenn Sie jedoch viel Gep\u00e4ck haben, <strong>k\u00f6nnen Sie immer ein Taxi nehmen<\/strong>, das Sie nicht viel kostet, da es eine sehr kleine Entfernung ist.<\/p>\n<p><span style=\"text-decoration: underline;\"><b>Anreise vom Flughafen Split zum F\u00e4hrterminal Makarska:<\/b><\/span><\/p>\n<p>Wenn Sie am Flughafen Split landen und \u00fcber Makarska Sumartin auf der Insel Bra\u010d erreichen m\u00f6chten, <strong>k\u00f6nnen Sie einen im Voraus gebuchten Transfer<\/strong> (der rund 85 Euro kostet) oder ein Taxi nehmen (es bringt Sie <strong>direkt zum F\u00e4hrterminal<\/strong> und kostet Sie rund 100 Euro).<\/p>\n<p>Es gibt auch Shuttlebusse vom Flughafen zum Busbahnhof Split. Ein einfaches Ticket kostet ca. <strong>30 kn = 4 Euro. Wenn Sie den Hauptbusbahnhof in Split erreichen,<\/strong> m\u00fcssen Sie ein Ticket f\u00fcr Makarska kaufen. Wenn Sie mehr \u00fcber das Verlassen des Flughafens von Split erfahren m\u00f6chten, klicken Sie <a href=\"https:\/\/getbybus.com\/de\/blog\/flughafenbus-split\/\">hier<\/a>.<\/p>\n<p><span style=\"text-decoration: underline;\"><b>Anreise von anderen Zielen in Kroatien und Europa zum F\u00e4hrterminal Makarska:<\/b><\/span><\/p>\n<p>Makarska ist durch regelm\u00e4\u00dfige und saisonale Buslinien gut mit<strong> vielen kroatischen und einigen europ\u00e4ischen Zielen verbunden.<\/strong> Wie oben erw\u00e4hnt, befindet sich <strong>der Hauptbusbahnhof in Makarska<\/strong> etwa <strong>400 m vom F\u00e4hrterminal entfernt<\/strong> und ist bequem zu Fu\u00df erreichbar (oder mit dem Taxi, wenn Sie mit Gep\u00e4ck unterwegs sind). F\u00fcr den genauen Standort klicken Sie <a href=\"https:\/\/getbybus.com\/de\/bus-von-makarska\">hier<\/a> auf den Link.<\/p>\n<p>Wenn Sie mit dem Auto anreisen, k\u00f6nnen Sie <strong>die Autobahn oder die K\u00fcstenstra\u00dfe w\u00e4hlen<\/strong>. Wenn Sie aus dem Norden oder S\u00fcden kommen, sollten Sie, sobald Sie <strong>die Stadt Makarska betreten<\/strong>, den Schildern zum Stadtzentrum und zum <strong>F\u00e4hrterminal<\/strong> folgen.<\/p>\n<p><span style=\"text-decoration: underline;\"><b>Was Sie am F\u00e4hrterminal von Makarska finden k\u00f6nnen:<\/b><\/span><\/p>\n<p>Wie bereits oben erw\u00e4hnt, befindet sich der <strong>F\u00e4hrhafen in Makarska im Stadtzentrum<\/strong> <strong>in der N\u00e4he der Hauptpromenade am Meer,<\/strong> sodass Sie in der N\u00e4he fast alles finden, was Sie brauchen: <strong>Bars, Restaurants, Geldautomaten, Banken,<\/strong> Wechselstube, Reiseb\u00fcros usw.<\/p>\n<p><span style=\"text-decoration: underline;\"><b>Adresse des F\u00e4hrterminals Makarska:<\/b><\/span><\/p>\n<blockquote><p>Obala kralja Tomislava 1<\/p>\n<p>21300 Makarska<\/p>\n<p><strong>GPS-Koordinaten:<\/strong> 43.29478, 17.01693<\/p><\/blockquote>\n<p><a class=\"lightbox\" href=\"http:\/\/www.ferrycroatia.com\/wp-content\/uploads\/2016\/06\/Makarska.jpg\"><img decoding=\"async\" loading=\"lazy\" class=\"alignnone size-full wp-image-136\" data-src=\"http:\/\/www.ferrycroatia.com\/wp-content\/uploads\/2016\/06\/Makarska.jpg\" alt=\"Makarska\" width=\"800\" height=\"538\" \/><\/a><\/p>\n<p><span style=\"text-decoration: underline;\"><b>Liste der F\u00e4hr- und Katamaran-Routen von Makarska:<\/b><\/span><\/p>\n<p>\u2192 Autof\u00e4hre: Makarska-Sumartin<\/p>\n<ul>\n<li><a href=\"https:\/\/www.ferrycroatia.com\/de\/makarska-sumartin\/\">Makarska &#8211; Sumartin<\/a><\/li>\n<\/ul>\n<p>\u2192 Katamaran: Dubrovnik &#8211; Sobra &#8211; Korcula &#8211; Makarska &#8211; Bol<\/p>\n<ul>\n<li><a href=\"https:\/\/www.ferrycroatia.com\/de\/makarska-dubrovnik\/\">Makarska &#8211; Dubrovnik<\/a><\/li>\n<li><a href=\"https:\/\/www.ferrycroatia.com\/de\/makarska-sobra\/\">Makarska &#8211; Sobra (Mljet)<\/a><\/li>\n<li><a href=\"https:\/\/www.ferrycroatia.com\/de\/makarska-korcula\/\">Makarska &#8211; Korcula<\/a><\/li>\n<li><a href=\"https:\/\/www.ferrycroatia.com\/de\/makarska-bol\/\">Makarska &#8211; Bol (Bra\u010d)<\/a><\/li>\n<\/ul>\n","protected":false},"excerpt":{"rendered":"<p>Makarska ist eine kleine K\u00fcstenstadt, etwa 90 km von Split entfernt. Da es sich um eine recht kleine Stadt handelt, ist es nicht schwer, den F\u00e4hrhafen zu finden. Der F\u00e4hrhafen befindet sich im Stadtzentrum, in der N\u00e4he der Hauptpromenade und der sch\u00f6nen Str\u00e4nde. Der Hauptbusbahnhof befindet sich ca. 500 m vom F\u00e4hrterminal entfernt. An- und [&hellip;]<\/p>\n<p><a class=\"more-link\" href=\"https:\/\/www.ferrycroatia.com\/de\/fahrhafen-makarska\/\"> Continue reading&#8230;<\/a><\/p>\n","protected":false},"author":5,"featured_media":1159,"parent":0,"menu_order":0,"comment_status":"closed","ping_status":"closed","template":"","meta":[],"yoast_head":"<!-- This site is optimized with the Yoast SEO plugin v19.8 - https:\/\/yoast.com\/wordpress\/plugins\/seo\/ -->\n<title>F\u00e4hrterminal Makarska, Autof\u00e4hr Abfahrten von Makarska<\/title>\n<meta name=\"description\" content=\"F\u00e4hren vom F\u00e4hrhafen Makarska. Wie man den F\u00e4hrhafen in Makarska mit dem Bus oder mit dem Auto aus anderen St\u00e4dten in Kroatien erreicht. Adresse des F\u00e4hrhafens Makarska\" \/>\n<meta name=\"robots\" content=\"index, follow, max-snippet:-1, max-image-preview:large, max-video-preview:-1\" \/>\n<link rel=\"canonical\" href=\"https:\/\/www.ferrycroatia.com\/de\/fahrhafen-makarska\/\" \/>\n<meta property=\"og:locale\" content=\"en_US\" \/>\n<meta property=\"og:type\" content=\"article\" \/>\n<meta property=\"og:title\" content=\"F\u00e4hrterminal Makarska, Autof\u00e4hr Abfahrten von Makarska\" \/>\n<meta property=\"og:description\" content=\"F\u00e4hren vom F\u00e4hrhafen Makarska. Wie man den F\u00e4hrhafen in Makarska mit dem Bus oder mit dem Auto aus anderen St\u00e4dten in Kroatien erreicht. Adresse des F\u00e4hrhafens Makarska\" \/>\n<meta property=\"og:url\" content=\"https:\/\/www.ferrycroatia.com\/de\/fahrhafen-makarska\/\" \/>\n<meta property=\"og:site_name\" content=\"F\u00e4hre Kroatien\" \/>\n<meta property=\"article:modified_time\" content=\"2021-02-09T10:22:35+00:00\" \/>\n<meta property=\"og:image\" content=\"https:\/\/www.ferrycroatia.com\/de\/wp-content\/uploads\/2021\/02\/Makarska-F\u00e4hre.jpg\" \/>\n\t<meta property=\"og:image:width\" content=\"1024\" \/>\n\t<meta property=\"og:image:height\" content=\"768\" \/>\n\t<meta property=\"og:image:type\" content=\"image\/jpeg\" \/>\n<meta name=\"twitter:card\" content=\"summary_large_image\" \/>\n<meta name=\"twitter:label1\" content=\"Est. reading time\" \/>\n\t<meta name=\"twitter:data1\" content=\"2 minutes\" \/>\n<script type=\"application\/ld+json\" class=\"yoast-schema-graph\">{\"@context\":\"https:\/\/schema.org\",\"@graph\":[{\"@type\":\"WebPage\",\"@id\":\"https:\/\/www.ferrycroatia.com\/de\/fahrhafen-makarska\/\",\"url\":\"https:\/\/www.ferrycroatia.com\/de\/fahrhafen-makarska\/\",\"name\":\"F\u00e4hrterminal Makarska, Autof\u00e4hr Abfahrten von Makarska\",\"isPartOf\":{\"@id\":\"https:\/\/www.ferrycroatia.com\/de\/#website\"},\"datePublished\":\"2021-02-03T11:34:41+00:00\",\"dateModified\":\"2021-02-09T10:22:35+00:00\",\"description\":\"F\u00e4hren vom F\u00e4hrhafen Makarska. Wie man den F\u00e4hrhafen in Makarska mit dem Bus oder mit dem Auto aus anderen St\u00e4dten in Kroatien erreicht. Adresse des F\u00e4hrhafens Makarska\",\"breadcrumb\":{\"@id\":\"https:\/\/www.ferrycroatia.com\/de\/fahrhafen-makarska\/#breadcrumb\"},\"inLanguage\":\"en-US\",\"potentialAction\":[{\"@type\":\"ReadAction\",\"target\":[\"https:\/\/www.ferrycroatia.com\/de\/fahrhafen-makarska\/\"]}]},{\"@type\":\"BreadcrumbList\",\"@id\":\"https:\/\/www.ferrycroatia.com\/de\/fahrhafen-makarska\/#breadcrumb\",\"itemListElement\":[{\"@type\":\"ListItem\",\"position\":1,\"name\":\"Home\",\"item\":\"https:\/\/www.ferrycroatia.com\/de\/\"},{\"@type\":\"ListItem\",\"position\":2,\"name\":\"F\u00e4hrhafen Makarska\"}]},{\"@type\":\"WebSite\",\"@id\":\"https:\/\/www.ferrycroatia.com\/de\/#website\",\"url\":\"https:\/\/www.ferrycroatia.com\/de\/\",\"name\":\"F\u00e4hre Kroatien\",\"description\":\"Info und Fahrpl\u00e4ne f\u00fcr alle Katamarane und F\u00e4hren in Kroatien\",\"potentialAction\":[{\"@type\":\"SearchAction\",\"target\":{\"@type\":\"EntryPoint\",\"urlTemplate\":\"https:\/\/www.ferrycroatia.com\/de\/?s={search_term_string}\"},\"query-input\":\"required name=search_term_string\"}],\"inLanguage\":\"en-US\"}]}<\/script>\n<!-- \/ Yoast SEO plugin. -->","yoast_head_json":{"title":"F\u00e4hrterminal Makarska, Autof\u00e4hr Abfahrten von Makarska","description":"F\u00e4hren vom F\u00e4hrhafen Makarska. Wie man den F\u00e4hrhafen in Makarska mit dem Bus oder mit dem Auto aus anderen St\u00e4dten in Kroatien erreicht. Adresse des F\u00e4hrhafens Makarska","robots":{"index":"index","follow":"follow","max-snippet":"max-snippet:-1","max-image-preview":"max-image-preview:large","max-video-preview":"max-video-preview:-1"},"canonical":"https:\/\/www.ferrycroatia.com\/de\/fahrhafen-makarska\/","og_locale":"en_US","og_type":"article","og_title":"F\u00e4hrterminal Makarska, Autof\u00e4hr Abfahrten von Makarska","og_description":"F\u00e4hren vom F\u00e4hrhafen Makarska. Wie man den F\u00e4hrhafen in Makarska mit dem Bus oder mit dem Auto aus anderen St\u00e4dten in Kroatien erreicht. Adresse des F\u00e4hrhafens Makarska","og_url":"https:\/\/www.ferrycroatia.com\/de\/fahrhafen-makarska\/","og_site_name":"F\u00e4hre Kroatien","article_modified_time":"2021-02-09T10:22:35+00:00","og_image":[{"width":1024,"height":768,"url":"https:\/\/www.ferrycroatia.com\/de\/wp-content\/uploads\/2021\/02\/Makarska-F\u00e4hre.jpg","type":"image\/jpeg"}],"twitter_card":"summary_large_image","twitter_misc":{"Est. reading time":"2 minutes"},"schema":{"@context":"https:\/\/schema.org","@graph":[{"@type":"WebPage","@id":"https:\/\/www.ferrycroatia.com\/de\/fahrhafen-makarska\/","url":"https:\/\/www.ferrycroatia.com\/de\/fahrhafen-makarska\/","name":"F\u00e4hrterminal Makarska, Autof\u00e4hr Abfahrten von Makarska","isPartOf":{"@id":"https:\/\/www.ferrycroatia.com\/de\/#website"},"datePublished":"2021-02-03T11:34:41+00:00","dateModified":"2021-02-09T10:22:35+00:00","description":"F\u00e4hren vom F\u00e4hrhafen Makarska. Wie man den F\u00e4hrhafen in Makarska mit dem Bus oder mit dem Auto aus anderen St\u00e4dten in Kroatien erreicht. Adresse des F\u00e4hrhafens Makarska","breadcrumb":{"@id":"https:\/\/www.ferrycroatia.com\/de\/fahrhafen-makarska\/#breadcrumb"},"inLanguage":"en-US","potentialAction":[{"@type":"ReadAction","target":["https:\/\/www.ferrycroatia.com\/de\/fahrhafen-makarska\/"]}]},{"@type":"BreadcrumbList","@id":"https:\/\/www.ferrycroatia.com\/de\/fahrhafen-makarska\/#breadcrumb","itemListElement":[{"@type":"ListItem","position":1,"name":"Home","item":"https:\/\/www.ferrycroatia.com\/de\/"},{"@type":"ListItem","position":2,"name":"F\u00e4hrhafen Makarska"}]},{"@type":"WebSite","@id":"https:\/\/www.ferrycroatia.com\/de\/#website","url":"https:\/\/www.ferrycroatia.com\/de\/","name":"F\u00e4hre Kroatien","description":"Info und Fahrpl\u00e4ne f\u00fcr alle Katamarane und F\u00e4hren in Kroatien","potentialAction":[{"@type":"SearchAction","target":{"@type":"EntryPoint","urlTemplate":"https:\/\/www.ferrycroatia.com\/de\/?s={search_term_string}"},"query-input":"required name=search_term_string"}],"inLanguage":"en-US"}]}},"_links":{"self":[{"href":"https:\/\/www.ferrycroatia.com\/de\/wp-json\/wp\/v2\/pages\/1158"}],"collection":[{"href":"https:\/\/www.ferrycroatia.com\/de\/wp-json\/wp\/v2\/pages"}],"about":[{"href":"https:\/\/www.ferrycroatia.com\/de\/wp-json\/wp\/v2\/types\/page"}],"author":[{"embeddable":true,"href":"https:\/\/www.ferrycroatia.com\/de\/wp-json\/wp\/v2\/users\/5"}],"replies":[{"embeddable":true,"href":"https:\/\/www.ferrycroatia.com\/de\/wp-json\/wp\/v2\/comments?post=1158"}],"version-history":[{"count":2,"href":"https:\/\/www.ferrycroatia.com\/de\/wp-json\/wp\/v2\/pages\/1158\/revisions"}],"predecessor-version":[{"id":1588,"href":"https:\/\/www.ferrycroatia.com\/de\/wp-json\/wp\/v2\/pages\/1158\/revisions\/1588"}],"wp:featuredmedia":[{"embeddable":true,"href":"https:\/\/www.ferrycroatia.com\/de\/wp-json\/wp\/v2\/media\/1159"}],"wp:attachment":[{"href":"https:\/\/www.ferrycroatia.com\/de\/wp-json\/wp\/v2\/media?parent=1158"}],"curies":[{"name":"wp","href":"https:\/\/api.w.org\/{rel}","templated":true}]}}