{"id":1161,"date":"2021-02-03T11:37:11","date_gmt":"2021-02-03T11:37:11","guid":{"rendered":"https:\/\/ferrycroatia.com\/de\/?page_id=1161"},"modified":"2021-02-09T10:25:40","modified_gmt":"2021-02-09T10:25:40","slug":"fahrhafen-mala-rava","status":"publish","type":"page","link":"https:\/\/www.ferrycroatia.com\/de\/fahrhafen-mala-rava\/","title":{"rendered":"F\u00e4hrhafen Mala Rava"},"content":{"rendered":"<p>Mala Rava ist eine <strong>kleine Stadt an der Nordseite der Insel Rava.<\/strong> Es umfasst zwei Buchten, der F\u00e4hrhafen befindet sich im Zentrum der Stadt in der s\u00fcdlichen gesch\u00fctzten Bucht. Der F\u00e4hrhafen ist mit der Stadt Rava, der Insel I\u017e (Mali und Veli I\u017e und Br\u0161anj) sowie <a href=\"https:\/\/www.ferrycroatia.com\/de\/fahrhafen-zadar\/\"><strong>mit Zadar und Zadar (Ga\u017eenica)<\/strong> <\/a>durch regelm\u00e4\u00dfige F\u00e4hr- und Katamaran-Linien verbunden.<\/p>\n<p>Vom F\u00e4hrterminal aus k\u00f6nnen Sie zu Fu\u00df zu <strong>jedem Ort in Mala Rava<\/strong> gehen. Wenn Sie sich an einem anderen Ort auf der Insel aufhalten, wenden Sie sich an Ihren Vermieter, um Ratschl\u00e4ge zum Transport zu erhalten.<\/p>\n<p><span style=\"text-decoration: underline;\"><b>Was Sie am F\u00e4hrterminal Mala Rava finden k\u00f6nnen:<\/b><\/span><\/p>\n<p>Wie bereits oben erw\u00e4hnt, ist Mala Rava eine wirklich kleine Stadt, aber Sie k\u00f6nnen dort einige Einrichtungen wie Caf\u00e9s, Restaurants und Gesch\u00e4fte finden.<\/p>\n<p><span style=\"text-decoration: underline;\"><b>Adresse des F\u00e4hrterminals Mala Rava:<\/b><\/span><\/p>\n<ul>\n<li>L\u00e4ngengrad: 15.056954<\/li>\n<li>Breitengrad: 44.040103<\/li>\n<li>23283 Mala Rava (Rava)<\/li>\n<\/ul>\n<p><a class=\"lightbox\" href=\"http:\/\/www.ferrycroatia.com\/wp-content\/uploads\/2016\/08\/Mala-Rava-ferry-port.jpg\"><img decoding=\"async\" loading=\"lazy\" class=\"alignnone size-full wp-image-773\" data-src=\"http:\/\/www.ferrycroatia.com\/wp-content\/uploads\/2016\/08\/Mala-Rava-ferry-port.jpg\" alt=\"Mala Rava ferry port\" width=\"1024\" height=\"614\" \/><\/a><\/p>\n<p><span style=\"text-decoration: underline;\"><b>Liste der Katamaran- und F\u00e4hrrouten von und nach Mala Rava:<\/b><\/span><\/p>\n<p>\u2192 Autof\u00e4hre: Zadar (Ga\u017eenica) &#8211; Br\u0161anj (I\u017e) &#8211; Rava &#8211; Mala Rava<\/p>\n<ul>\n<li><a href=\"https:\/\/www.ferrycroatia.com\/de\/mala-rava-zadar\/\">Mala Rava &#8211; Zadar<\/a><\/li>\n<li><a href=\"https:\/\/www.ferrycroatia.com\/de\/mala-rava-rava\/\">Mala Rava &#8211; Rava<\/a><\/li>\n<li><a href=\"https:\/\/www.ferrycroatia.com\/de\/mala-rava-brsanj\/\">Mala Rava &#8211; Br\u0161anj (I\u017e)<\/a><\/li>\n<\/ul>\n<p>\u2192 Katamaran: Zadar &#8211; Mali I\u017e- Veli I\u017e &#8211; Mala Rava-Rava<\/p>\n<ul>\n<li><a href=\"https:\/\/www.ferrycroatia.com\/de\/mala-rava-veli-iz\/\">Mala Rava &#8211; Veli I\u017e<\/a><\/li>\n<li><a href=\"https:\/\/www.ferrycroatia.com\/de\/mala-rava-mali-iz\/\">Mala Rava &#8211; Mali I\u017e<\/a><\/li>\n<\/ul>\n","protected":false},"excerpt":{"rendered":"<p>Mala Rava ist eine kleine Stadt an der Nordseite der Insel Rava. Es umfasst zwei Buchten, der F\u00e4hrhafen befindet sich im Zentrum der Stadt in der s\u00fcdlichen gesch\u00fctzten Bucht. Der F\u00e4hrhafen ist mit der Stadt Rava, der Insel I\u017e (Mali und Veli I\u017e und Br\u0161anj) sowie mit Zadar und Zadar (Ga\u017eenica) durch regelm\u00e4\u00dfige F\u00e4hr- und [&hellip;]<\/p>\n<p><a class=\"more-link\" href=\"https:\/\/www.ferrycroatia.com\/de\/fahrhafen-mala-rava\/\"> Continue reading&#8230;<\/a><\/p>\n","protected":false},"author":5,"featured_media":0,"parent":0,"menu_order":0,"comment_status":"closed","ping_status":"closed","template":"","meta":[],"yoast_head":"<!-- This site is optimized with the Yoast SEO plugin v19.8 - https:\/\/yoast.com\/wordpress\/plugins\/seo\/ -->\n<title>F\u00e4hre Mala Rava, von und nach Mala Rava gelangen<\/title>\n<meta name=\"robots\" content=\"index, follow, max-snippet:-1, max-image-preview:large, max-video-preview:-1\" \/>\n<link rel=\"canonical\" href=\"https:\/\/www.ferrycroatia.com\/de\/fahrhafen-mala-rava\/\" \/>\n<meta property=\"og:locale\" content=\"en_US\" \/>\n<meta property=\"og:type\" content=\"article\" \/>\n<meta property=\"og:title\" content=\"F\u00e4hre Mala Rava, von und nach Mala Rava gelangen\" \/>\n<meta property=\"og:description\" content=\"Mala Rava ist eine kleine Stadt an der Nordseite der Insel Rava. Es umfasst zwei Buchten, der F\u00e4hrhafen befindet sich im Zentrum der Stadt in der s\u00fcdlichen gesch\u00fctzten Bucht. Der F\u00e4hrhafen ist mit der Stadt Rava, der Insel I\u017e (Mali und Veli I\u017e und Br\u0161anj) sowie mit Zadar und Zadar (Ga\u017eenica) durch regelm\u00e4\u00dfige F\u00e4hr- und [&hellip;] Continue reading...\" \/>\n<meta property=\"og:url\" content=\"https:\/\/www.ferrycroatia.com\/de\/fahrhafen-mala-rava\/\" \/>\n<meta property=\"og:site_name\" content=\"F\u00e4hre Kroatien\" \/>\n<meta property=\"article:modified_time\" content=\"2021-02-09T10:25:40+00:00\" \/>\n<meta property=\"og:image\" content=\"http:\/\/www.ferrycroatia.com\/wp-content\/uploads\/2016\/08\/Mala-Rava-ferry-port.jpg\" \/>\n<meta name=\"twitter:card\" content=\"summary_large_image\" \/>\n<meta name=\"twitter:label1\" content=\"Est. reading time\" \/>\n\t<meta name=\"twitter:data1\" content=\"1 minute\" \/>\n<script type=\"application\/ld+json\" class=\"yoast-schema-graph\">{\"@context\":\"https:\/\/schema.org\",\"@graph\":[{\"@type\":\"WebPage\",\"@id\":\"https:\/\/www.ferrycroatia.com\/de\/fahrhafen-mala-rava\/\",\"url\":\"https:\/\/www.ferrycroatia.com\/de\/fahrhafen-mala-rava\/\",\"name\":\"F\u00e4hre Mala Rava, von und nach Mala Rava gelangen\",\"isPartOf\":{\"@id\":\"https:\/\/www.ferrycroatia.com\/de\/#website\"},\"datePublished\":\"2021-02-03T11:37:11+00:00\",\"dateModified\":\"2021-02-09T10:25:40+00:00\",\"breadcrumb\":{\"@id\":\"https:\/\/www.ferrycroatia.com\/de\/fahrhafen-mala-rava\/#breadcrumb\"},\"inLanguage\":\"en-US\",\"potentialAction\":[{\"@type\":\"ReadAction\",\"target\":[\"https:\/\/www.ferrycroatia.com\/de\/fahrhafen-mala-rava\/\"]}]},{\"@type\":\"BreadcrumbList\",\"@id\":\"https:\/\/www.ferrycroatia.com\/de\/fahrhafen-mala-rava\/#breadcrumb\",\"itemListElement\":[{\"@type\":\"ListItem\",\"position\":1,\"name\":\"Home\",\"item\":\"https:\/\/www.ferrycroatia.com\/de\/\"},{\"@type\":\"ListItem\",\"position\":2,\"name\":\"F\u00e4hrhafen Mala Rava\"}]},{\"@type\":\"WebSite\",\"@id\":\"https:\/\/www.ferrycroatia.com\/de\/#website\",\"url\":\"https:\/\/www.ferrycroatia.com\/de\/\",\"name\":\"F\u00e4hre Kroatien\",\"description\":\"Info und Fahrpl\u00e4ne f\u00fcr alle Katamarane und F\u00e4hren in Kroatien\",\"potentialAction\":[{\"@type\":\"SearchAction\",\"target\":{\"@type\":\"EntryPoint\",\"urlTemplate\":\"https:\/\/www.ferrycroatia.com\/de\/?s={search_term_string}\"},\"query-input\":\"required name=search_term_string\"}],\"inLanguage\":\"en-US\"}]}<\/script>\n<!-- \/ Yoast SEO plugin. -->","yoast_head_json":{"title":"F\u00e4hre Mala Rava, von und nach Mala Rava gelangen","robots":{"index":"index","follow":"follow","max-snippet":"max-snippet:-1","max-image-preview":"max-image-preview:large","max-video-preview":"max-video-preview:-1"},"canonical":"https:\/\/www.ferrycroatia.com\/de\/fahrhafen-mala-rava\/","og_locale":"en_US","og_type":"article","og_title":"F\u00e4hre Mala Rava, von und nach Mala Rava gelangen","og_description":"Mala Rava ist eine kleine Stadt an der Nordseite der Insel Rava. Es umfasst zwei Buchten, der F\u00e4hrhafen befindet sich im Zentrum der Stadt in der s\u00fcdlichen gesch\u00fctzten Bucht. Der F\u00e4hrhafen ist mit der Stadt Rava, der Insel I\u017e (Mali und Veli I\u017e und Br\u0161anj) sowie mit Zadar und Zadar (Ga\u017eenica) durch regelm\u00e4\u00dfige F\u00e4hr- und [&hellip;] Continue reading...","og_url":"https:\/\/www.ferrycroatia.com\/de\/fahrhafen-mala-rava\/","og_site_name":"F\u00e4hre Kroatien","article_modified_time":"2021-02-09T10:25:40+00:00","og_image":[{"url":"http:\/\/www.ferrycroatia.com\/wp-content\/uploads\/2016\/08\/Mala-Rava-ferry-port.jpg"}],"twitter_card":"summary_large_image","twitter_misc":{"Est. reading time":"1 minute"},"schema":{"@context":"https:\/\/schema.org","@graph":[{"@type":"WebPage","@id":"https:\/\/www.ferrycroatia.com\/de\/fahrhafen-mala-rava\/","url":"https:\/\/www.ferrycroatia.com\/de\/fahrhafen-mala-rava\/","name":"F\u00e4hre Mala Rava, von und nach Mala Rava gelangen","isPartOf":{"@id":"https:\/\/www.ferrycroatia.com\/de\/#website"},"datePublished":"2021-02-03T11:37:11+00:00","dateModified":"2021-02-09T10:25:40+00:00","breadcrumb":{"@id":"https:\/\/www.ferrycroatia.com\/de\/fahrhafen-mala-rava\/#breadcrumb"},"inLanguage":"en-US","potentialAction":[{"@type":"ReadAction","target":["https:\/\/www.ferrycroatia.com\/de\/fahrhafen-mala-rava\/"]}]},{"@type":"BreadcrumbList","@id":"https:\/\/www.ferrycroatia.com\/de\/fahrhafen-mala-rava\/#breadcrumb","itemListElement":[{"@type":"ListItem","position":1,"name":"Home","item":"https:\/\/www.ferrycroatia.com\/de\/"},{"@type":"ListItem","position":2,"name":"F\u00e4hrhafen Mala Rava"}]},{"@type":"WebSite","@id":"https:\/\/www.ferrycroatia.com\/de\/#website","url":"https:\/\/www.ferrycroatia.com\/de\/","name":"F\u00e4hre Kroatien","description":"Info und Fahrpl\u00e4ne f\u00fcr alle Katamarane und F\u00e4hren in Kroatien","potentialAction":[{"@type":"SearchAction","target":{"@type":"EntryPoint","urlTemplate":"https:\/\/www.ferrycroatia.com\/de\/?s={search_term_string}"},"query-input":"required name=search_term_string"}],"inLanguage":"en-US"}]}},"_links":{"self":[{"href":"https:\/\/www.ferrycroatia.com\/de\/wp-json\/wp\/v2\/pages\/1161"}],"collection":[{"href":"https:\/\/www.ferrycroatia.com\/de\/wp-json\/wp\/v2\/pages"}],"about":[{"href":"https:\/\/www.ferrycroatia.com\/de\/wp-json\/wp\/v2\/types\/page"}],"author":[{"embeddable":true,"href":"https:\/\/www.ferrycroatia.com\/de\/wp-json\/wp\/v2\/users\/5"}],"replies":[{"embeddable":true,"href":"https:\/\/www.ferrycroatia.com\/de\/wp-json\/wp\/v2\/comments?post=1161"}],"version-history":[{"count":3,"href":"https:\/\/www.ferrycroatia.com\/de\/wp-json\/wp\/v2\/pages\/1161\/revisions"}],"predecessor-version":[{"id":1590,"href":"https:\/\/www.ferrycroatia.com\/de\/wp-json\/wp\/v2\/pages\/1161\/revisions\/1590"}],"wp:attachment":[{"href":"https:\/\/www.ferrycroatia.com\/de\/wp-json\/wp\/v2\/media?parent=1161"}],"curies":[{"name":"wp","href":"https:\/\/api.w.org\/{rel}","templated":true}]}}