{"id":1163,"date":"2021-02-03T11:40:29","date_gmt":"2021-02-03T11:40:29","guid":{"rendered":"https:\/\/ferrycroatia.com\/de\/?page_id=1163"},"modified":"2021-02-09T10:28:10","modified_gmt":"2021-02-09T10:28:10","slug":"fahrhafen-mali-iz","status":"publish","type":"page","link":"https:\/\/www.ferrycroatia.com\/de\/fahrhafen-mali-iz\/","title":{"rendered":"F\u00e4hrhafen Mali I\u017e"},"content":{"rendered":"<p>Mali I\u017e ist eine kleine Stadt im <strong>Nordosten der Insel I\u017e.<\/strong> Der Pier, von dem der Katamaran abf\u00e4hrt, befindet sich genau in der Mitte, nahe der Hauptpromenade am Meer. Die Stadt Mali I\u017e ist durch regelm\u00e4\u00dfige Katamaran Linien mit den Haupth\u00e4fen Veli I\u017e, Rava und Zadar verbunden.<\/p>\n<p>Vom Hafen aus k\u00f6nnen Sie zu Fu\u00df zu den meisten Wohneinheiten in Mali I\u017e gelangen. Wenn Sie Gep\u00e4ck haben, k\u00f6nnen Sie sich jederzeit an Ihren Vermieter wenden, um zu erfahren, ob er Sie am Hafen abholen kann.<\/p>\n<p><span style=\"text-decoration: underline;\"><b>Was Sie im Katamaran Hafen von Mali I\u017e finden k\u00f6nnen:<\/b><\/span><\/p>\n<p><strong>Mali I\u017e ist eine kleine Inselstadt<\/strong> und da sich der Pier, von dem die Katamarane abfahren, direkt im Zentrum befindet, befinden sich die meisten Einrichtungen der Stadt in der N\u00e4he, auch wenn es nicht viele davon gibt: Restaurants, Caf\u00e9-Bars, Gesch\u00e4fte.<\/p>\n<p><span style=\"text-decoration: underline;\"><b>Adresse des Katamaran Hafens Mali I\u017e:<\/b><\/span><\/p>\n<ul>\n<li>L\u00e4ngengrad: 15.139820<\/li>\n<li>Breitengrad: 44.028290<\/li>\n<li>Riva<\/li>\n<li>23284 Mali I\u017e (I\u017e)<\/li>\n<\/ul>\n<p><a class=\"lightbox\" href=\"http:\/\/www.ferrycroatia.com\/wp-content\/uploads\/2016\/08\/Mali-Iz-ferry-port.jpg\"><img decoding=\"async\" loading=\"lazy\" class=\"alignnone size-full wp-image-769\" data-src=\"http:\/\/www.ferrycroatia.com\/wp-content\/uploads\/2016\/08\/Mali-Iz-ferry-port.jpg\" alt=\"Mali Iz ferry port\" width=\"1024\" height=\"578\" \/><\/a><\/p>\n<p><span style=\"text-decoration: underline;\"><b>Liste der Katamarane von und nach Mali I\u017e:<\/b><\/span><\/p>\n<p>\u2192 Katamaran: Zadar &#8211; Mali I\u017e &#8211; Veli I\u017e &#8211; Mala Rava &#8211; Rava<\/p>\n<ul>\n<li><a href=\"https:\/\/www.ferrycroatia.com\/de\/mali-iz-zadar\/\">Mali I\u017e &#8211; Zadar<\/a><\/li>\n<li><a href=\"https:\/\/www.ferrycroatia.com\/de\/mali-iz-veli-iz\/\">Mali I\u017e &#8211; Veli I\u017e<\/a><\/li>\n<li><a href=\"https:\/\/www.ferrycroatia.com\/de\/mali-iz-mala-rava\/\">Mali I\u017e &#8211; Mala Rava<\/a><\/li>\n<li><a href=\"https:\/\/www.ferrycroatia.com\/de\/mali-iz-rava\/\">Mali I\u017e &#8211; Rava<\/a><\/li>\n<\/ul>\n","protected":false},"excerpt":{"rendered":"<p>Mali I\u017e ist eine kleine Stadt im Nordosten der Insel I\u017e. Der Pier, von dem der Katamaran abf\u00e4hrt, befindet sich genau in der Mitte, nahe der Hauptpromenade am Meer. Die Stadt Mali I\u017e ist durch regelm\u00e4\u00dfige Katamaran Linien mit den Haupth\u00e4fen Veli I\u017e, Rava und Zadar verbunden. Vom Hafen aus k\u00f6nnen Sie zu Fu\u00df zu [&hellip;]<\/p>\n<p><a class=\"more-link\" href=\"https:\/\/www.ferrycroatia.com\/de\/fahrhafen-mali-iz\/\"> Continue reading&#8230;<\/a><\/p>\n","protected":false},"author":5,"featured_media":0,"parent":0,"menu_order":0,"comment_status":"closed","ping_status":"closed","template":"","meta":[],"yoast_head":"<!-- This site is optimized with the Yoast SEO plugin v19.8 - https:\/\/yoast.com\/wordpress\/plugins\/seo\/ -->\n<title>Katamaranhafen Mali I\u017e, von und nach Mali I\u017e reisen<\/title>\n<meta name=\"robots\" content=\"index, follow, max-snippet:-1, max-image-preview:large, max-video-preview:-1\" \/>\n<link rel=\"canonical\" href=\"https:\/\/www.ferrycroatia.com\/de\/fahrhafen-mali-iz\/\" \/>\n<meta property=\"og:locale\" content=\"en_US\" \/>\n<meta property=\"og:type\" content=\"article\" \/>\n<meta property=\"og:title\" content=\"Katamaranhafen Mali I\u017e, von und nach Mali I\u017e reisen\" \/>\n<meta property=\"og:description\" content=\"Mali I\u017e ist eine kleine Stadt im Nordosten der Insel I\u017e. Der Pier, von dem der Katamaran abf\u00e4hrt, befindet sich genau in der Mitte, nahe der Hauptpromenade am Meer. Die Stadt Mali I\u017e ist durch regelm\u00e4\u00dfige Katamaran Linien mit den Haupth\u00e4fen Veli I\u017e, Rava und Zadar verbunden. Vom Hafen aus k\u00f6nnen Sie zu Fu\u00df zu [&hellip;] Continue reading...\" \/>\n<meta property=\"og:url\" content=\"https:\/\/www.ferrycroatia.com\/de\/fahrhafen-mali-iz\/\" \/>\n<meta property=\"og:site_name\" content=\"F\u00e4hre Kroatien\" \/>\n<meta property=\"article:modified_time\" content=\"2021-02-09T10:28:10+00:00\" \/>\n<meta property=\"og:image\" content=\"http:\/\/www.ferrycroatia.com\/wp-content\/uploads\/2016\/08\/Mali-Iz-ferry-port.jpg\" \/>\n<meta name=\"twitter:card\" content=\"summary_large_image\" \/>\n<meta name=\"twitter:label1\" content=\"Est. reading time\" \/>\n\t<meta name=\"twitter:data1\" content=\"1 minute\" \/>\n<script type=\"application\/ld+json\" class=\"yoast-schema-graph\">{\"@context\":\"https:\/\/schema.org\",\"@graph\":[{\"@type\":\"WebPage\",\"@id\":\"https:\/\/www.ferrycroatia.com\/de\/fahrhafen-mali-iz\/\",\"url\":\"https:\/\/www.ferrycroatia.com\/de\/fahrhafen-mali-iz\/\",\"name\":\"Katamaranhafen Mali I\u017e, von und nach Mali I\u017e reisen\",\"isPartOf\":{\"@id\":\"https:\/\/www.ferrycroatia.com\/de\/#website\"},\"datePublished\":\"2021-02-03T11:40:29+00:00\",\"dateModified\":\"2021-02-09T10:28:10+00:00\",\"breadcrumb\":{\"@id\":\"https:\/\/www.ferrycroatia.com\/de\/fahrhafen-mali-iz\/#breadcrumb\"},\"inLanguage\":\"en-US\",\"potentialAction\":[{\"@type\":\"ReadAction\",\"target\":[\"https:\/\/www.ferrycroatia.com\/de\/fahrhafen-mali-iz\/\"]}]},{\"@type\":\"BreadcrumbList\",\"@id\":\"https:\/\/www.ferrycroatia.com\/de\/fahrhafen-mali-iz\/#breadcrumb\",\"itemListElement\":[{\"@type\":\"ListItem\",\"position\":1,\"name\":\"Home\",\"item\":\"https:\/\/www.ferrycroatia.com\/de\/\"},{\"@type\":\"ListItem\",\"position\":2,\"name\":\"F\u00e4hrhafen Mali I\u017e\"}]},{\"@type\":\"WebSite\",\"@id\":\"https:\/\/www.ferrycroatia.com\/de\/#website\",\"url\":\"https:\/\/www.ferrycroatia.com\/de\/\",\"name\":\"F\u00e4hre Kroatien\",\"description\":\"Info und Fahrpl\u00e4ne f\u00fcr alle Katamarane und F\u00e4hren in Kroatien\",\"potentialAction\":[{\"@type\":\"SearchAction\",\"target\":{\"@type\":\"EntryPoint\",\"urlTemplate\":\"https:\/\/www.ferrycroatia.com\/de\/?s={search_term_string}\"},\"query-input\":\"required name=search_term_string\"}],\"inLanguage\":\"en-US\"}]}<\/script>\n<!-- \/ Yoast SEO plugin. -->","yoast_head_json":{"title":"Katamaranhafen Mali I\u017e, von und nach Mali I\u017e reisen","robots":{"index":"index","follow":"follow","max-snippet":"max-snippet:-1","max-image-preview":"max-image-preview:large","max-video-preview":"max-video-preview:-1"},"canonical":"https:\/\/www.ferrycroatia.com\/de\/fahrhafen-mali-iz\/","og_locale":"en_US","og_type":"article","og_title":"Katamaranhafen Mali I\u017e, von und nach Mali I\u017e reisen","og_description":"Mali I\u017e ist eine kleine Stadt im Nordosten der Insel I\u017e. Der Pier, von dem der Katamaran abf\u00e4hrt, befindet sich genau in der Mitte, nahe der Hauptpromenade am Meer. Die Stadt Mali I\u017e ist durch regelm\u00e4\u00dfige Katamaran Linien mit den Haupth\u00e4fen Veli I\u017e, Rava und Zadar verbunden. Vom Hafen aus k\u00f6nnen Sie zu Fu\u00df zu [&hellip;] Continue reading...","og_url":"https:\/\/www.ferrycroatia.com\/de\/fahrhafen-mali-iz\/","og_site_name":"F\u00e4hre Kroatien","article_modified_time":"2021-02-09T10:28:10+00:00","og_image":[{"url":"http:\/\/www.ferrycroatia.com\/wp-content\/uploads\/2016\/08\/Mali-Iz-ferry-port.jpg"}],"twitter_card":"summary_large_image","twitter_misc":{"Est. reading time":"1 minute"},"schema":{"@context":"https:\/\/schema.org","@graph":[{"@type":"WebPage","@id":"https:\/\/www.ferrycroatia.com\/de\/fahrhafen-mali-iz\/","url":"https:\/\/www.ferrycroatia.com\/de\/fahrhafen-mali-iz\/","name":"Katamaranhafen Mali I\u017e, von und nach Mali I\u017e reisen","isPartOf":{"@id":"https:\/\/www.ferrycroatia.com\/de\/#website"},"datePublished":"2021-02-03T11:40:29+00:00","dateModified":"2021-02-09T10:28:10+00:00","breadcrumb":{"@id":"https:\/\/www.ferrycroatia.com\/de\/fahrhafen-mali-iz\/#breadcrumb"},"inLanguage":"en-US","potentialAction":[{"@type":"ReadAction","target":["https:\/\/www.ferrycroatia.com\/de\/fahrhafen-mali-iz\/"]}]},{"@type":"BreadcrumbList","@id":"https:\/\/www.ferrycroatia.com\/de\/fahrhafen-mali-iz\/#breadcrumb","itemListElement":[{"@type":"ListItem","position":1,"name":"Home","item":"https:\/\/www.ferrycroatia.com\/de\/"},{"@type":"ListItem","position":2,"name":"F\u00e4hrhafen Mali I\u017e"}]},{"@type":"WebSite","@id":"https:\/\/www.ferrycroatia.com\/de\/#website","url":"https:\/\/www.ferrycroatia.com\/de\/","name":"F\u00e4hre Kroatien","description":"Info und Fahrpl\u00e4ne f\u00fcr alle Katamarane und F\u00e4hren in Kroatien","potentialAction":[{"@type":"SearchAction","target":{"@type":"EntryPoint","urlTemplate":"https:\/\/www.ferrycroatia.com\/de\/?s={search_term_string}"},"query-input":"required name=search_term_string"}],"inLanguage":"en-US"}]}},"_links":{"self":[{"href":"https:\/\/www.ferrycroatia.com\/de\/wp-json\/wp\/v2\/pages\/1163"}],"collection":[{"href":"https:\/\/www.ferrycroatia.com\/de\/wp-json\/wp\/v2\/pages"}],"about":[{"href":"https:\/\/www.ferrycroatia.com\/de\/wp-json\/wp\/v2\/types\/page"}],"author":[{"embeddable":true,"href":"https:\/\/www.ferrycroatia.com\/de\/wp-json\/wp\/v2\/users\/5"}],"replies":[{"embeddable":true,"href":"https:\/\/www.ferrycroatia.com\/de\/wp-json\/wp\/v2\/comments?post=1163"}],"version-history":[{"count":3,"href":"https:\/\/www.ferrycroatia.com\/de\/wp-json\/wp\/v2\/pages\/1163\/revisions"}],"predecessor-version":[{"id":1591,"href":"https:\/\/www.ferrycroatia.com\/de\/wp-json\/wp\/v2\/pages\/1163\/revisions\/1591"}],"wp:attachment":[{"href":"https:\/\/www.ferrycroatia.com\/de\/wp-json\/wp\/v2\/media?parent=1163"}],"curies":[{"name":"wp","href":"https:\/\/api.w.org\/{rel}","templated":true}]}}