{"id":1165,"date":"2021-02-03T11:48:21","date_gmt":"2021-02-03T11:48:21","guid":{"rendered":"https:\/\/ferrycroatia.com\/de\/?page_id=1165"},"modified":"2021-02-09T10:30:54","modified_gmt":"2021-02-09T10:30:54","slug":"fahrhafen-milna","status":"publish","type":"page","link":"https:\/\/www.ferrycroatia.com\/de\/fahrhafen-milna\/","title":{"rendered":"F\u00e4hrhafen Milna\u00a0"},"content":{"rendered":"<p><strong>Milna ist eine kleine Stadt<\/strong> auf der Westseite der Insel Bra\u010d in einer engen Bucht, die gut vor Wind und Wellen gesch\u00fctzt ist. Der Hafen von Milna ist haupts\u00e4chlich f\u00fcr private Segelboote gedacht. Es gibt keine M\u00f6glichkeit, mit der Autof\u00e4hre nach Mailand zu gelangen. Die einzige Option ist der Katamaran. Der Hafen befindet sich im <strong>Zentrum<\/strong> der Stadt und an der Hauptpromenade am Meer. Der F\u00e4hrhafen von Milna ist durch regelm\u00e4\u00dfige Katamaran Linien mit <strong>Split, Dubrovnik und den Inseln Hvar, Kor\u010dula und Mljet verbunden.<\/strong><\/p>\n<p><span style=\"text-decoration: underline;\"><b>An- und Abreise zum F\u00e4hrhafen in Milna:<\/b><\/span><\/p>\n<p>Der Pier, von dem der Katamaran abf\u00e4hrt, befindet sich direkt im <strong>Zentrum von Milna<\/strong>. Da Milna eine wirklich kleine Inselstadt ist, ist sie unabh\u00e4ngig von Ihrer Unterkunft leicht zu Fu\u00df erreichbar. Milna ist auch <strong>von anderen St\u00e4dten der Insel mit dem Bus ziemlich leicht zu erreichen.<\/strong> Die <a href=\"https:\/\/getbybus.com\/de\/bus-von-milna-brac\">Bushaltestelle von Milna<\/a> befindet sich in der N\u00e4he des Hafens und ist mit den meisten anderen St\u00e4dten <strong>auf der Insel Bra\u010d<\/strong> verbunden.<\/p>\n<p><span style=\"text-decoration: underline;\"><b>Anreise von Milna zum Flughafen Split:<\/b><\/span><\/p>\n<p>Milna ist durch regelm\u00e4\u00dfige Katamaran Linien mit Split und Dubrovnik verbunden. <strong>Sobald Sie eine dieser St\u00e4dte erreicht haben,<\/strong> finden Sie die Bushaltestelle ganz in der N\u00e4he des F\u00e4hrterminals. Dort nehmen Sie einen Shuttlebus zum Flughafen. Die Alternative, insbesondere wenn Sie mit Gep\u00e4ck unterwegs sind besteht darin, ein Taxi oder einen privaten Transfer zum Flughafen zu nehmen.<\/p>\n<p><span style=\"text-decoration: underline;\"><b>Was Sie am F\u00e4hrhafen von Milna finden k\u00f6nnen:<\/b><\/span><\/p>\n<p>Wie bereits oben erw\u00e4hnt, <strong>ist Milna keine gro\u00dfe Stadt,<\/strong> daher befindet sich fast alles, was Sie brauchen, in der N\u00e4he des Hafens <strong>(Bars, Restaurants, Gesch\u00e4fte)<\/strong>.<\/p>\n<p><span style=\"text-decoration: underline;\"><b>Adresse des F\u00e4hrhafens Milna:<\/b><\/span><\/p>\n<blockquote><p>D114 4<\/p>\n<p>21 405 Milna (Bra\u010d)<\/p>\n<p><strong>GPS-Koordinaten:<\/strong> 43.32677, 16.44747<\/p><\/blockquote>\n<p><a class=\"lightbox\" href=\"http:\/\/www.ferrycroatia.com\/wp-content\/uploads\/2016\/06\/Milna.jpg\"><img decoding=\"async\" loading=\"lazy\" class=\"alignnone size-full wp-image-244\" data-src=\"http:\/\/www.ferrycroatia.com\/wp-content\/uploads\/2016\/06\/Milna.jpg\" alt=\"Milna\" width=\"800\" height=\"588\" \/><\/a><\/p>\n<p><span style=\"text-decoration: underline;\"><b>Liste der Routen:<\/b><\/span><\/p>\n<p>\u2192 Katamaran: Split &#8211; Milna (Brac) -Hvar-Korcula-Mljet-Dubrovnik<\/p>\n<ul>\n<li><a href=\"https:\/\/www.ferrycroatia.com\/de\/milna-split\/\">Milna &#8211; Split<\/a><\/li>\n<li><a href=\"https:\/\/www.ferrycroatia.com\/de\/milna-hvar\/\">Milna &#8211; Hvar<\/a><\/li>\n<li><a href=\"https:\/\/www.ferrycroatia.com\/de\/milna-korcula\/\">Milna &#8211; Kor\u010dula<\/a><\/li>\n<li><a href=\"https:\/\/www.ferrycroatia.com\/de\/milna-sobra\/\">Milna &#8211; Mljet<\/a><\/li>\n<li><a href=\"https:\/\/www.ferrycroatia.com\/de\/milna-dubrovnik\/\">Milna &#8211; Dubrovnik<\/a><\/li>\n<\/ul>\n<p>\u2192 Katamaran: Split &#8211; Milna (Bra\u010d) &#8211; Hvar &#8211; Vis<\/p>\n<ul>\n<li><a href=\"https:\/\/www.ferrycroatia.com\/de\/milna-vis\/\">Milna &#8211; Vis<\/a><\/li>\n<\/ul>\n","protected":false},"excerpt":{"rendered":"<p>Milna ist eine kleine Stadt auf der Westseite der Insel Bra\u010d in einer engen Bucht, die gut vor Wind und Wellen gesch\u00fctzt ist. Der Hafen von Milna ist haupts\u00e4chlich f\u00fcr private Segelboote gedacht. Es gibt keine M\u00f6glichkeit, mit der Autof\u00e4hre nach Mailand zu gelangen. Die einzige Option ist der Katamaran. Der Hafen befindet sich im [&hellip;]<\/p>\n<p><a class=\"more-link\" href=\"https:\/\/www.ferrycroatia.com\/de\/fahrhafen-milna\/\"> Continue reading&#8230;<\/a><\/p>\n","protected":false},"author":5,"featured_media":0,"parent":0,"menu_order":0,"comment_status":"closed","ping_status":"closed","template":"","meta":[],"yoast_head":"<!-- This site is optimized with the Yoast SEO plugin v19.8 - https:\/\/yoast.com\/wordpress\/plugins\/seo\/ -->\n<title>F\u00e4hrhafen Milna, Katamaran Ank\u00fcnfte, Abfahrten und Tickets<\/title>\n<meta name=\"description\" content=\"Katamarane vom F\u00e4hrhafen Milna, wie man den Hafen mit dem Bus oder dem Auto von anderen Zielen in Kroatien erreicht. Ankunfts- und Abfahrtszeiten und Tickets f\u00fcr Katamarane von Milna.\" \/>\n<meta name=\"robots\" content=\"index, follow, max-snippet:-1, max-image-preview:large, max-video-preview:-1\" \/>\n<link rel=\"canonical\" href=\"https:\/\/www.ferrycroatia.com\/de\/fahrhafen-milna\/\" \/>\n<meta property=\"og:locale\" content=\"en_US\" \/>\n<meta property=\"og:type\" content=\"article\" \/>\n<meta property=\"og:title\" content=\"F\u00e4hrhafen Milna, Katamaran Ank\u00fcnfte, Abfahrten und Tickets\" \/>\n<meta property=\"og:description\" content=\"Katamarane vom F\u00e4hrhafen Milna, wie man den Hafen mit dem Bus oder dem Auto von anderen Zielen in Kroatien erreicht. Ankunfts- und Abfahrtszeiten und Tickets f\u00fcr Katamarane von Milna.\" \/>\n<meta property=\"og:url\" content=\"https:\/\/www.ferrycroatia.com\/de\/fahrhafen-milna\/\" \/>\n<meta property=\"og:site_name\" content=\"F\u00e4hre Kroatien\" \/>\n<meta property=\"article:modified_time\" content=\"2021-02-09T10:30:54+00:00\" \/>\n<meta property=\"og:image\" content=\"http:\/\/www.ferrycroatia.com\/wp-content\/uploads\/2016\/06\/Milna.jpg\" \/>\n<meta name=\"twitter:card\" content=\"summary_large_image\" \/>\n<meta name=\"twitter:label1\" content=\"Est. reading time\" \/>\n\t<meta name=\"twitter:data1\" content=\"2 minutes\" \/>\n<script type=\"application\/ld+json\" class=\"yoast-schema-graph\">{\"@context\":\"https:\/\/schema.org\",\"@graph\":[{\"@type\":\"WebPage\",\"@id\":\"https:\/\/www.ferrycroatia.com\/de\/fahrhafen-milna\/\",\"url\":\"https:\/\/www.ferrycroatia.com\/de\/fahrhafen-milna\/\",\"name\":\"F\u00e4hrhafen Milna, Katamaran Ank\u00fcnfte, Abfahrten und Tickets\",\"isPartOf\":{\"@id\":\"https:\/\/www.ferrycroatia.com\/de\/#website\"},\"datePublished\":\"2021-02-03T11:48:21+00:00\",\"dateModified\":\"2021-02-09T10:30:54+00:00\",\"description\":\"Katamarane vom F\u00e4hrhafen Milna, wie man den Hafen mit dem Bus oder dem Auto von anderen Zielen in Kroatien erreicht. Ankunfts- und Abfahrtszeiten und Tickets f\u00fcr Katamarane von Milna.\",\"breadcrumb\":{\"@id\":\"https:\/\/www.ferrycroatia.com\/de\/fahrhafen-milna\/#breadcrumb\"},\"inLanguage\":\"en-US\",\"potentialAction\":[{\"@type\":\"ReadAction\",\"target\":[\"https:\/\/www.ferrycroatia.com\/de\/fahrhafen-milna\/\"]}]},{\"@type\":\"BreadcrumbList\",\"@id\":\"https:\/\/www.ferrycroatia.com\/de\/fahrhafen-milna\/#breadcrumb\",\"itemListElement\":[{\"@type\":\"ListItem\",\"position\":1,\"name\":\"Home\",\"item\":\"https:\/\/www.ferrycroatia.com\/de\/\"},{\"@type\":\"ListItem\",\"position\":2,\"name\":\"F\u00e4hrhafen Milna\u00a0\"}]},{\"@type\":\"WebSite\",\"@id\":\"https:\/\/www.ferrycroatia.com\/de\/#website\",\"url\":\"https:\/\/www.ferrycroatia.com\/de\/\",\"name\":\"F\u00e4hre Kroatien\",\"description\":\"Info und Fahrpl\u00e4ne f\u00fcr alle Katamarane und F\u00e4hren in Kroatien\",\"potentialAction\":[{\"@type\":\"SearchAction\",\"target\":{\"@type\":\"EntryPoint\",\"urlTemplate\":\"https:\/\/www.ferrycroatia.com\/de\/?s={search_term_string}\"},\"query-input\":\"required name=search_term_string\"}],\"inLanguage\":\"en-US\"}]}<\/script>\n<!-- \/ Yoast SEO plugin. -->","yoast_head_json":{"title":"F\u00e4hrhafen Milna, Katamaran Ank\u00fcnfte, Abfahrten und Tickets","description":"Katamarane vom F\u00e4hrhafen Milna, wie man den Hafen mit dem Bus oder dem Auto von anderen Zielen in Kroatien erreicht. Ankunfts- und Abfahrtszeiten und Tickets f\u00fcr Katamarane von Milna.","robots":{"index":"index","follow":"follow","max-snippet":"max-snippet:-1","max-image-preview":"max-image-preview:large","max-video-preview":"max-video-preview:-1"},"canonical":"https:\/\/www.ferrycroatia.com\/de\/fahrhafen-milna\/","og_locale":"en_US","og_type":"article","og_title":"F\u00e4hrhafen Milna, Katamaran Ank\u00fcnfte, Abfahrten und Tickets","og_description":"Katamarane vom F\u00e4hrhafen Milna, wie man den Hafen mit dem Bus oder dem Auto von anderen Zielen in Kroatien erreicht. Ankunfts- und Abfahrtszeiten und Tickets f\u00fcr Katamarane von Milna.","og_url":"https:\/\/www.ferrycroatia.com\/de\/fahrhafen-milna\/","og_site_name":"F\u00e4hre Kroatien","article_modified_time":"2021-02-09T10:30:54+00:00","og_image":[{"url":"http:\/\/www.ferrycroatia.com\/wp-content\/uploads\/2016\/06\/Milna.jpg"}],"twitter_card":"summary_large_image","twitter_misc":{"Est. reading time":"2 minutes"},"schema":{"@context":"https:\/\/schema.org","@graph":[{"@type":"WebPage","@id":"https:\/\/www.ferrycroatia.com\/de\/fahrhafen-milna\/","url":"https:\/\/www.ferrycroatia.com\/de\/fahrhafen-milna\/","name":"F\u00e4hrhafen Milna, Katamaran Ank\u00fcnfte, Abfahrten und Tickets","isPartOf":{"@id":"https:\/\/www.ferrycroatia.com\/de\/#website"},"datePublished":"2021-02-03T11:48:21+00:00","dateModified":"2021-02-09T10:30:54+00:00","description":"Katamarane vom F\u00e4hrhafen Milna, wie man den Hafen mit dem Bus oder dem Auto von anderen Zielen in Kroatien erreicht. Ankunfts- und Abfahrtszeiten und Tickets f\u00fcr Katamarane von Milna.","breadcrumb":{"@id":"https:\/\/www.ferrycroatia.com\/de\/fahrhafen-milna\/#breadcrumb"},"inLanguage":"en-US","potentialAction":[{"@type":"ReadAction","target":["https:\/\/www.ferrycroatia.com\/de\/fahrhafen-milna\/"]}]},{"@type":"BreadcrumbList","@id":"https:\/\/www.ferrycroatia.com\/de\/fahrhafen-milna\/#breadcrumb","itemListElement":[{"@type":"ListItem","position":1,"name":"Home","item":"https:\/\/www.ferrycroatia.com\/de\/"},{"@type":"ListItem","position":2,"name":"F\u00e4hrhafen Milna\u00a0"}]},{"@type":"WebSite","@id":"https:\/\/www.ferrycroatia.com\/de\/#website","url":"https:\/\/www.ferrycroatia.com\/de\/","name":"F\u00e4hre Kroatien","description":"Info und Fahrpl\u00e4ne f\u00fcr alle Katamarane und F\u00e4hren in Kroatien","potentialAction":[{"@type":"SearchAction","target":{"@type":"EntryPoint","urlTemplate":"https:\/\/www.ferrycroatia.com\/de\/?s={search_term_string}"},"query-input":"required name=search_term_string"}],"inLanguage":"en-US"}]}},"_links":{"self":[{"href":"https:\/\/www.ferrycroatia.com\/de\/wp-json\/wp\/v2\/pages\/1165"}],"collection":[{"href":"https:\/\/www.ferrycroatia.com\/de\/wp-json\/wp\/v2\/pages"}],"about":[{"href":"https:\/\/www.ferrycroatia.com\/de\/wp-json\/wp\/v2\/types\/page"}],"author":[{"embeddable":true,"href":"https:\/\/www.ferrycroatia.com\/de\/wp-json\/wp\/v2\/users\/5"}],"replies":[{"embeddable":true,"href":"https:\/\/www.ferrycroatia.com\/de\/wp-json\/wp\/v2\/comments?post=1165"}],"version-history":[{"count":2,"href":"https:\/\/www.ferrycroatia.com\/de\/wp-json\/wp\/v2\/pages\/1165\/revisions"}],"predecessor-version":[{"id":1593,"href":"https:\/\/www.ferrycroatia.com\/de\/wp-json\/wp\/v2\/pages\/1165\/revisions\/1593"}],"wp:attachment":[{"href":"https:\/\/www.ferrycroatia.com\/de\/wp-json\/wp\/v2\/media?parent=1165"}],"curies":[{"name":"wp","href":"https:\/\/api.w.org\/{rel}","templated":true}]}}