{"id":1176,"date":"2021-02-03T12:04:26","date_gmt":"2021-02-03T12:04:26","guid":{"rendered":"https:\/\/ferrycroatia.com\/de\/?page_id=1176"},"modified":"2021-02-09T10:47:57","modified_gmt":"2021-02-09T10:47:57","slug":"fahrhafen-polace","status":"publish","type":"page","link":"https:\/\/www.ferrycroatia.com\/de\/fahrhafen-polace\/","title":{"rendered":"F\u00e4hrhafen Pola\u010de"},"content":{"rendered":"<p><strong>Pola\u010de ist ein Dorf im Nordwesten der Insel Mljet<\/strong> im Teil des Nationalparks Mljet. Es befindet sich in einer weiten Bucht, umgeben von vier kleinen Inseln. Deshalb gilt es als einer der sichersten H\u00e4fen der Adria mitten im Dorf.<\/p>\n<p><span style=\"text-decoration: underline;\"><b>An- und Abreise zum Katamaran Hafen in Pola\u010de:<\/b><\/span><\/p>\n<p>Die Reisezeit mit dem <strong>Katamaran von Dubrovnik nach Pola\u010de<\/strong> betr\u00e4gt ca. 1 Stunde und 40 Minuten. Sobald Sie in Pola\u010de angekommen sind, k\u00f6nnen Sie zu jeder Unterkunft in der Stadt laufen. Wenn Sie <strong>anderswo auf der Insel \u00fcbernachten,<\/strong> k\u00f6nnen Sie sich mit dem Bus oder Taxi fortbewegen. Die Bushaltestelle von Pola\u010de befindet sich in der N\u00e4he des Hafens von Pola\u010de.<\/p>\n<p>Wenn Sie<strong> am Flughafen von Dubrovnik landen, ben\u00f6tigen Sie etwa 20 Minuten<\/strong> vom Verlassen des Terminals, um zum Abfahrtsort des Katamarans zu gelangen. Um ein Ticket zu erhalten, sollten Sie 30 Minuten vor Abfahrt des Katamarans am Hafen sein.<\/p>\n<p><span style=\"text-decoration: underline;\"><b>Was Sie im Katamaran Hafen Pola\u010de finden k\u00f6nnen:<\/b><\/span><\/p>\n<p>Wie bereits oben erw\u00e4hnt, ist Pola\u010de ein wirklich kleines Dorf mit einem Katamaran Hafen direkt in der Mitte. Es gibt dort nicht viele Einrichtungen, aber alle Dinge, die Sie finden k\u00f6nnen, befinden sich in der N\u00e4he des Hafens.<\/p>\n<p><span style=\"text-decoration: underline;\"><b>Adresse des Katamaran Hafens Pola\u010de:<\/b><\/span><\/p>\n<ul>\n<li>L\u00e4ngengrad: 17.378509<\/li>\n<li>Breitengrad: 42.785864<\/li>\n<li>D120<\/li>\n<li>20226 Pola\u010de (Mljet)<\/li>\n<\/ul>\n<p><a class=\"lightbox\" href=\"http:\/\/www.ferrycroatia.com\/wp-content\/uploads\/2016\/08\/Polace-ferry-port.jpg\"><img decoding=\"async\" loading=\"lazy\" class=\"alignnone size-full wp-image-651\" data-src=\"http:\/\/www.ferrycroatia.com\/wp-content\/uploads\/2016\/08\/Polace-ferry-port.jpg\" alt=\"Polace ferry port\" width=\"1024\" height=\"684\" \/><\/a><\/p>\n<p><span style=\"text-decoration: underline;\"><b>Liste der Katamaran Routen von und nach Pola\u010de:<\/b><\/span><\/p>\n<p>\u2192 Katamaran: Dubrovnik-Luka- \u0160ipanska-Sobra (Mljet) -Pola\u010de (Mljet) -Kor\u010dula-Ubli (Lastovo)<\/p>\n<ul>\n<li><a href=\"https:\/\/www.ferrycroatia.com\/de\/polace-dubrovnik\/\">Pola\u010de &#8211; Dubrovnik<\/a><\/li>\n<li><a href=\"https:\/\/www.ferrycroatia.com\/de\/polace-sipanska-luka\/\">Pola\u010de &#8211; \u0160ipanska Luka<\/a><\/li>\n<li>Pola\u010de &#8211; Sobra<\/li>\n<li><a href=\"https:\/\/www.ferrycroatia.com\/de\/polace-korcula\/\">Pola\u010de &#8211; Kor\u010dula<\/a><\/li>\n<li><a href=\"https:\/\/www.ferrycroatia.com\/de\/polace-ubli\/\">Pola\u010de &#8211; Ubli<\/a><\/li>\n<\/ul>\n","protected":false},"excerpt":{"rendered":"<p>Pola\u010de ist ein Dorf im Nordwesten der Insel Mljet im Teil des Nationalparks Mljet. Es befindet sich in einer weiten Bucht, umgeben von vier kleinen Inseln. Deshalb gilt es als einer der sichersten H\u00e4fen der Adria mitten im Dorf. An- und Abreise zum Katamaran Hafen in Pola\u010de: Die Reisezeit mit dem Katamaran von Dubrovnik nach [&hellip;]<\/p>\n<p><a class=\"more-link\" href=\"https:\/\/www.ferrycroatia.com\/de\/fahrhafen-polace\/\"> Continue reading&#8230;<\/a><\/p>\n","protected":false},"author":5,"featured_media":0,"parent":0,"menu_order":0,"comment_status":"closed","ping_status":"closed","template":"","meta":[],"yoast_head":"<!-- This site is optimized with the Yoast SEO plugin v19.8 - https:\/\/yoast.com\/wordpress\/plugins\/seo\/ -->\n<title>F\u00e4hrhafen Pola\u010de, von und nach Pola\u0107e Mljet reisen<\/title>\n<meta name=\"robots\" content=\"index, follow, max-snippet:-1, max-image-preview:large, max-video-preview:-1\" \/>\n<link rel=\"canonical\" href=\"https:\/\/www.ferrycroatia.com\/de\/fahrhafen-polace\/\" \/>\n<meta property=\"og:locale\" content=\"en_US\" \/>\n<meta property=\"og:type\" content=\"article\" \/>\n<meta property=\"og:title\" content=\"F\u00e4hrhafen Pola\u010de, von und nach Pola\u0107e Mljet reisen\" \/>\n<meta property=\"og:description\" content=\"Pola\u010de ist ein Dorf im Nordwesten der Insel Mljet im Teil des Nationalparks Mljet. Es befindet sich in einer weiten Bucht, umgeben von vier kleinen Inseln. Deshalb gilt es als einer der sichersten H\u00e4fen der Adria mitten im Dorf. An- und Abreise zum Katamaran Hafen in Pola\u010de: Die Reisezeit mit dem Katamaran von Dubrovnik nach [&hellip;] Continue reading...\" \/>\n<meta property=\"og:url\" content=\"https:\/\/www.ferrycroatia.com\/de\/fahrhafen-polace\/\" \/>\n<meta property=\"og:site_name\" content=\"F\u00e4hre Kroatien\" \/>\n<meta property=\"article:modified_time\" content=\"2021-02-09T10:47:57+00:00\" \/>\n<meta property=\"og:image\" content=\"http:\/\/www.ferrycroatia.com\/wp-content\/uploads\/2016\/08\/Polace-ferry-port.jpg\" \/>\n<meta name=\"twitter:card\" content=\"summary_large_image\" \/>\n<meta name=\"twitter:label1\" content=\"Est. reading time\" \/>\n\t<meta name=\"twitter:data1\" content=\"1 minute\" \/>\n<script type=\"application\/ld+json\" class=\"yoast-schema-graph\">{\"@context\":\"https:\/\/schema.org\",\"@graph\":[{\"@type\":\"WebPage\",\"@id\":\"https:\/\/www.ferrycroatia.com\/de\/fahrhafen-polace\/\",\"url\":\"https:\/\/www.ferrycroatia.com\/de\/fahrhafen-polace\/\",\"name\":\"F\u00e4hrhafen Pola\u010de, von und nach Pola\u0107e Mljet reisen\",\"isPartOf\":{\"@id\":\"https:\/\/www.ferrycroatia.com\/de\/#website\"},\"datePublished\":\"2021-02-03T12:04:26+00:00\",\"dateModified\":\"2021-02-09T10:47:57+00:00\",\"breadcrumb\":{\"@id\":\"https:\/\/www.ferrycroatia.com\/de\/fahrhafen-polace\/#breadcrumb\"},\"inLanguage\":\"en-US\",\"potentialAction\":[{\"@type\":\"ReadAction\",\"target\":[\"https:\/\/www.ferrycroatia.com\/de\/fahrhafen-polace\/\"]}]},{\"@type\":\"BreadcrumbList\",\"@id\":\"https:\/\/www.ferrycroatia.com\/de\/fahrhafen-polace\/#breadcrumb\",\"itemListElement\":[{\"@type\":\"ListItem\",\"position\":1,\"name\":\"Home\",\"item\":\"https:\/\/www.ferrycroatia.com\/de\/\"},{\"@type\":\"ListItem\",\"position\":2,\"name\":\"F\u00e4hrhafen Pola\u010de\"}]},{\"@type\":\"WebSite\",\"@id\":\"https:\/\/www.ferrycroatia.com\/de\/#website\",\"url\":\"https:\/\/www.ferrycroatia.com\/de\/\",\"name\":\"F\u00e4hre Kroatien\",\"description\":\"Info und Fahrpl\u00e4ne f\u00fcr alle Katamarane und F\u00e4hren in Kroatien\",\"potentialAction\":[{\"@type\":\"SearchAction\",\"target\":{\"@type\":\"EntryPoint\",\"urlTemplate\":\"https:\/\/www.ferrycroatia.com\/de\/?s={search_term_string}\"},\"query-input\":\"required name=search_term_string\"}],\"inLanguage\":\"en-US\"}]}<\/script>\n<!-- \/ Yoast SEO plugin. -->","yoast_head_json":{"title":"F\u00e4hrhafen Pola\u010de, von und nach Pola\u0107e Mljet reisen","robots":{"index":"index","follow":"follow","max-snippet":"max-snippet:-1","max-image-preview":"max-image-preview:large","max-video-preview":"max-video-preview:-1"},"canonical":"https:\/\/www.ferrycroatia.com\/de\/fahrhafen-polace\/","og_locale":"en_US","og_type":"article","og_title":"F\u00e4hrhafen Pola\u010de, von und nach Pola\u0107e Mljet reisen","og_description":"Pola\u010de ist ein Dorf im Nordwesten der Insel Mljet im Teil des Nationalparks Mljet. Es befindet sich in einer weiten Bucht, umgeben von vier kleinen Inseln. Deshalb gilt es als einer der sichersten H\u00e4fen der Adria mitten im Dorf. An- und Abreise zum Katamaran Hafen in Pola\u010de: Die Reisezeit mit dem Katamaran von Dubrovnik nach [&hellip;] Continue reading...","og_url":"https:\/\/www.ferrycroatia.com\/de\/fahrhafen-polace\/","og_site_name":"F\u00e4hre Kroatien","article_modified_time":"2021-02-09T10:47:57+00:00","og_image":[{"url":"http:\/\/www.ferrycroatia.com\/wp-content\/uploads\/2016\/08\/Polace-ferry-port.jpg"}],"twitter_card":"summary_large_image","twitter_misc":{"Est. reading time":"1 minute"},"schema":{"@context":"https:\/\/schema.org","@graph":[{"@type":"WebPage","@id":"https:\/\/www.ferrycroatia.com\/de\/fahrhafen-polace\/","url":"https:\/\/www.ferrycroatia.com\/de\/fahrhafen-polace\/","name":"F\u00e4hrhafen Pola\u010de, von und nach Pola\u0107e Mljet reisen","isPartOf":{"@id":"https:\/\/www.ferrycroatia.com\/de\/#website"},"datePublished":"2021-02-03T12:04:26+00:00","dateModified":"2021-02-09T10:47:57+00:00","breadcrumb":{"@id":"https:\/\/www.ferrycroatia.com\/de\/fahrhafen-polace\/#breadcrumb"},"inLanguage":"en-US","potentialAction":[{"@type":"ReadAction","target":["https:\/\/www.ferrycroatia.com\/de\/fahrhafen-polace\/"]}]},{"@type":"BreadcrumbList","@id":"https:\/\/www.ferrycroatia.com\/de\/fahrhafen-polace\/#breadcrumb","itemListElement":[{"@type":"ListItem","position":1,"name":"Home","item":"https:\/\/www.ferrycroatia.com\/de\/"},{"@type":"ListItem","position":2,"name":"F\u00e4hrhafen Pola\u010de"}]},{"@type":"WebSite","@id":"https:\/\/www.ferrycroatia.com\/de\/#website","url":"https:\/\/www.ferrycroatia.com\/de\/","name":"F\u00e4hre Kroatien","description":"Info und Fahrpl\u00e4ne f\u00fcr alle Katamarane und F\u00e4hren in Kroatien","potentialAction":[{"@type":"SearchAction","target":{"@type":"EntryPoint","urlTemplate":"https:\/\/www.ferrycroatia.com\/de\/?s={search_term_string}"},"query-input":"required name=search_term_string"}],"inLanguage":"en-US"}]}},"_links":{"self":[{"href":"https:\/\/www.ferrycroatia.com\/de\/wp-json\/wp\/v2\/pages\/1176"}],"collection":[{"href":"https:\/\/www.ferrycroatia.com\/de\/wp-json\/wp\/v2\/pages"}],"about":[{"href":"https:\/\/www.ferrycroatia.com\/de\/wp-json\/wp\/v2\/types\/page"}],"author":[{"embeddable":true,"href":"https:\/\/www.ferrycroatia.com\/de\/wp-json\/wp\/v2\/users\/5"}],"replies":[{"embeddable":true,"href":"https:\/\/www.ferrycroatia.com\/de\/wp-json\/wp\/v2\/comments?post=1176"}],"version-history":[{"count":3,"href":"https:\/\/www.ferrycroatia.com\/de\/wp-json\/wp\/v2\/pages\/1176\/revisions"}],"predecessor-version":[{"id":1603,"href":"https:\/\/www.ferrycroatia.com\/de\/wp-json\/wp\/v2\/pages\/1176\/revisions\/1603"}],"wp:attachment":[{"href":"https:\/\/www.ferrycroatia.com\/de\/wp-json\/wp\/v2\/media?parent=1176"}],"curies":[{"name":"wp","href":"https:\/\/api.w.org\/{rel}","templated":true}]}}