{"id":1178,"date":"2021-02-03T12:08:20","date_gmt":"2021-02-03T12:08:20","guid":{"rendered":"https:\/\/ferrycroatia.com\/de\/?page_id=1178"},"modified":"2022-04-08T08:53:09","modified_gmt":"2022-04-08T06:53:09","slug":"fahrhafen-porec","status":"publish","type":"page","link":"https:\/\/www.ferrycroatia.com\/de\/fahrhafen-porec\/","title":{"rendered":"F\u00e4hrhafen Porec"},"content":{"rendered":"\n<p><strong>Pore\u010d ist eine wundersch\u00f6ne kleine Stadt<\/strong> an der Westk\u00fcste der istrischen Halbinsel. Der F\u00e4hrhafen in Porec ist nur f\u00fcr Katamarane \/ Schnellboote. Alle Katamarane in Pore\u010d verlassen den Pier direkt neben der Altstadt (auf der linken Seite der Halbinsel, wo sich der Kern der Altstadt befindet &#8211; wenn Sie auf das Meer blicken).<\/p>\n\n\n\n<p><span style=\"text-decoration: underline;\"><b>An- und Abreise zum F\u00e4hrhafen in Pore\u010d:<\/b><\/span><\/p>\n\n\n\n<p>Pore\u010d ist eine kleine Stadt, daher ist alles ziemlich nah. <strong>Da es sich nicht um eine gro\u00dfe Stadt handelt<\/strong>, gibt es keine regul\u00e4ren \u00f6ffentlichen Verkehrsmittel, sondern nur Taxis, die Sie nicht viel kosten sollten, da fast <strong>alles in naher Entfernung liegt.<\/strong><\/p>\n\n\n\n<p>W\u00e4hrend der Sommermonate gibt es jedoch <strong>einige M\u00f6glichkeiten, sich in der Stadt fortzubewegen,<\/strong> wenn Sie nicht laufen m\u00f6gen oder k\u00f6nnen. Es gibt einen Touristenzug (<strong>Einzelfahrkarte ca. 20 kn = 2,5 Euro<\/strong>), der um Pore\u010d f\u00e4hrt, es gibt auch ein Taxi Boot (ca. 25 kn = 3 Euro einfache Fahrt, ca. 40 kn = 5 Euro in beide Richtungen) und es gibt<strong> lokale Busse<\/strong> die die Ferienorte Zelena Laguna, Plava Laguna und Brulo mit Pore\u010d verbinden (ca. 15 kn = 2 Euro) &#8211;<strong> alle kommen am Hauptbusbahnhof in Pore\u010d an.<\/strong><\/p>\n\n\n\n<p>Pore\u010d ist gut mit anderen istrischen St\u00e4dten verbunden: Der <a href=\"https:\/\/getbybus.com\/de\/bus-von-porec\">Hauptbusbahnhof<\/a> ist nur wenige Minuten vom F\u00e4hrhafen entfernt, <strong>sodass Sie sogar zu Fu\u00df dorthin gehen k\u00f6nnen<\/strong>, ohne sich um den Transport k\u00fcmmern zu m\u00fcssen.<\/p>\n\n\n\n<p><span style=\"text-decoration: underline;\"><b>Was Sie im F\u00e4hrhafen von Pore\u010d finden k\u00f6nnen:<\/b><\/span><\/p>\n\n\n\n<p>Wie bereits erw\u00e4hnt, befindet sich <strong>der Pier, von dem der Katamaran abf\u00e4hrt,<\/strong> buchst\u00e4blich im Zentrum von Pore\u010d. F\u00fcr all die Dinge, die Sie nicht direkt<strong> im Hafen finden k\u00f6nnen,<\/strong> finden Sie sie im nahegelegenen Stadtzentrum: Bars, Restaurants, Gesch\u00e4fte, etc.<\/p>\n\n\n\n<p><span style=\"text-decoration: underline;\"><b>Adresse des F\u00e4hrhafens Pore\u010d:<\/b><\/span><\/p>\n\n\n\n<blockquote class=\"wp-block-quote\"><p>Obala mar\u0161ala Tita<\/p><p>52440 Pore\u010d<\/p><p><strong>GPS-Koordinaten:<\/strong> 45.22526, 13.59459<\/p><\/blockquote>\n\n\n\n<figure class=\"wp-block-image\"><a class=\"lightbox\" href=\"http:\/\/www.ferrycroatia.com\/wp-content\/uploads\/2016\/07\/Porec-catamaran.jpg\"><img decoding=\"async\" data-src=\"http:\/\/www.ferrycroatia.com\/wp-content\/uploads\/2016\/07\/Porec-catamaran.jpg\" alt=\"Porec-catamaran\" class=\"wp-image-420\"\/><\/a><\/figure>\n\n\n\n<p><span style=\"text-decoration: underline;\"><b>Liste der Katamaran Routen:<\/b><\/span><\/p>\n\n\n\n<p>\u2192 Katamaran: Venedig &#8211; Umag &#8211; Pore\u010d &#8211; Rovinj &#8211; Pula<\/p>\n\n\n\n<ul><li><a href=\"https:\/\/www.ferrycroatia.com\/de\/porec-venedig\/\">Porec &#8211; Venedig<\/a><\/li><\/ul>\n\n\n\n<p>\u2192 Katamaran: Triest &#8211; Piran &#8211; Pore\u010d &#8211; Rovinj &#8211; Pula<\/p>\n\n\n\n<ul><li><a href=\"https:\/\/www.ferrycroatia.com\/de\/porec-triest\/\">Pore\u010d \u2013 Triest<\/a><\/li><li><a href=\"https:\/\/www.ferrycroatia.com\/de\/porec-piran\/\">Pore\u010d &#8211; Piran<\/a><\/li><\/ul>\n","protected":false},"excerpt":{"rendered":"<p>Pore\u010d ist eine wundersch\u00f6ne kleine Stadt an der Westk\u00fcste der istrischen Halbinsel. Der F\u00e4hrhafen in Porec ist nur f\u00fcr Katamarane \/ Schnellboote. Alle Katamarane in Pore\u010d verlassen den Pier direkt neben der Altstadt (auf der linken Seite der Halbinsel, wo sich der Kern der Altstadt befindet &#8211; wenn Sie auf das Meer blicken). An- und [&hellip;]<\/p>\n<p><a class=\"more-link\" href=\"https:\/\/www.ferrycroatia.com\/de\/fahrhafen-porec\/\"> Continue reading&#8230;<\/a><\/p>\n","protected":false},"author":5,"featured_media":1179,"parent":0,"menu_order":0,"comment_status":"closed","ping_status":"closed","template":"","meta":[],"yoast_head":"<!-- This site is optimized with the Yoast SEO plugin v19.8 - https:\/\/yoast.com\/wordpress\/plugins\/seo\/ -->\n<title>F\u00e4hrhafen Porec, Katamaran Tickets, Abfahrten und Ank\u00fcnfte<\/title>\n<meta name=\"description\" content=\"Katamarane vom F\u00e4hrhafen Porec, Katamaran-Tickets, Ankunfts- und Abfahrtszeiten und wie man den Hafen in Porec mit dem Bus oder dem Auto von anderen Zielen in Kroatien erreicht.\" \/>\n<meta name=\"robots\" content=\"index, follow, max-snippet:-1, max-image-preview:large, max-video-preview:-1\" \/>\n<link rel=\"canonical\" href=\"https:\/\/www.ferrycroatia.com\/de\/fahrhafen-porec\/\" \/>\n<meta property=\"og:locale\" content=\"en_US\" \/>\n<meta property=\"og:type\" content=\"article\" \/>\n<meta property=\"og:title\" content=\"F\u00e4hrhafen Porec, Katamaran Tickets, Abfahrten und Ank\u00fcnfte\" \/>\n<meta property=\"og:description\" content=\"Katamarane vom F\u00e4hrhafen Porec, Katamaran-Tickets, Ankunfts- und Abfahrtszeiten und wie man den Hafen in Porec mit dem Bus oder dem Auto von anderen Zielen in Kroatien erreicht.\" \/>\n<meta property=\"og:url\" content=\"https:\/\/www.ferrycroatia.com\/de\/fahrhafen-porec\/\" \/>\n<meta property=\"og:site_name\" content=\"F\u00e4hre Kroatien\" \/>\n<meta property=\"article:modified_time\" content=\"2022-04-08T06:53:09+00:00\" \/>\n<meta property=\"og:image\" content=\"https:\/\/www.ferrycroatia.com\/de\/wp-content\/uploads\/2021\/02\/Porec-Katamaranhafen.jpg\" \/>\n\t<meta property=\"og:image:width\" content=\"1024\" \/>\n\t<meta property=\"og:image:height\" content=\"768\" \/>\n\t<meta property=\"og:image:type\" content=\"image\/jpeg\" \/>\n<meta name=\"twitter:card\" content=\"summary_large_image\" \/>\n<meta name=\"twitter:label1\" content=\"Est. reading time\" \/>\n\t<meta name=\"twitter:data1\" content=\"2 minutes\" \/>\n<script type=\"application\/ld+json\" class=\"yoast-schema-graph\">{\"@context\":\"https:\/\/schema.org\",\"@graph\":[{\"@type\":\"WebPage\",\"@id\":\"https:\/\/www.ferrycroatia.com\/de\/fahrhafen-porec\/\",\"url\":\"https:\/\/www.ferrycroatia.com\/de\/fahrhafen-porec\/\",\"name\":\"F\u00e4hrhafen Porec, Katamaran Tickets, Abfahrten und Ank\u00fcnfte\",\"isPartOf\":{\"@id\":\"https:\/\/www.ferrycroatia.com\/de\/#website\"},\"datePublished\":\"2021-02-03T12:08:20+00:00\",\"dateModified\":\"2022-04-08T06:53:09+00:00\",\"description\":\"Katamarane vom F\u00e4hrhafen Porec, Katamaran-Tickets, Ankunfts- und Abfahrtszeiten und wie man den Hafen in Porec mit dem Bus oder dem Auto von anderen Zielen in Kroatien erreicht.\",\"breadcrumb\":{\"@id\":\"https:\/\/www.ferrycroatia.com\/de\/fahrhafen-porec\/#breadcrumb\"},\"inLanguage\":\"en-US\",\"potentialAction\":[{\"@type\":\"ReadAction\",\"target\":[\"https:\/\/www.ferrycroatia.com\/de\/fahrhafen-porec\/\"]}]},{\"@type\":\"BreadcrumbList\",\"@id\":\"https:\/\/www.ferrycroatia.com\/de\/fahrhafen-porec\/#breadcrumb\",\"itemListElement\":[{\"@type\":\"ListItem\",\"position\":1,\"name\":\"Home\",\"item\":\"https:\/\/www.ferrycroatia.com\/de\/\"},{\"@type\":\"ListItem\",\"position\":2,\"name\":\"F\u00e4hrhafen Porec\"}]},{\"@type\":\"WebSite\",\"@id\":\"https:\/\/www.ferrycroatia.com\/de\/#website\",\"url\":\"https:\/\/www.ferrycroatia.com\/de\/\",\"name\":\"F\u00e4hre Kroatien\",\"description\":\"Info und Fahrpl\u00e4ne f\u00fcr alle Katamarane und F\u00e4hren in Kroatien\",\"potentialAction\":[{\"@type\":\"SearchAction\",\"target\":{\"@type\":\"EntryPoint\",\"urlTemplate\":\"https:\/\/www.ferrycroatia.com\/de\/?s={search_term_string}\"},\"query-input\":\"required name=search_term_string\"}],\"inLanguage\":\"en-US\"}]}<\/script>\n<!-- \/ Yoast SEO plugin. -->","yoast_head_json":{"title":"F\u00e4hrhafen Porec, Katamaran Tickets, Abfahrten und Ank\u00fcnfte","description":"Katamarane vom F\u00e4hrhafen Porec, Katamaran-Tickets, Ankunfts- und Abfahrtszeiten und wie man den Hafen in Porec mit dem Bus oder dem Auto von anderen Zielen in Kroatien erreicht.","robots":{"index":"index","follow":"follow","max-snippet":"max-snippet:-1","max-image-preview":"max-image-preview:large","max-video-preview":"max-video-preview:-1"},"canonical":"https:\/\/www.ferrycroatia.com\/de\/fahrhafen-porec\/","og_locale":"en_US","og_type":"article","og_title":"F\u00e4hrhafen Porec, Katamaran Tickets, Abfahrten und Ank\u00fcnfte","og_description":"Katamarane vom F\u00e4hrhafen Porec, Katamaran-Tickets, Ankunfts- und Abfahrtszeiten und wie man den Hafen in Porec mit dem Bus oder dem Auto von anderen Zielen in Kroatien erreicht.","og_url":"https:\/\/www.ferrycroatia.com\/de\/fahrhafen-porec\/","og_site_name":"F\u00e4hre Kroatien","article_modified_time":"2022-04-08T06:53:09+00:00","og_image":[{"width":1024,"height":768,"url":"https:\/\/www.ferrycroatia.com\/de\/wp-content\/uploads\/2021\/02\/Porec-Katamaranhafen.jpg","type":"image\/jpeg"}],"twitter_card":"summary_large_image","twitter_misc":{"Est. reading time":"2 minutes"},"schema":{"@context":"https:\/\/schema.org","@graph":[{"@type":"WebPage","@id":"https:\/\/www.ferrycroatia.com\/de\/fahrhafen-porec\/","url":"https:\/\/www.ferrycroatia.com\/de\/fahrhafen-porec\/","name":"F\u00e4hrhafen Porec, Katamaran Tickets, Abfahrten und Ank\u00fcnfte","isPartOf":{"@id":"https:\/\/www.ferrycroatia.com\/de\/#website"},"datePublished":"2021-02-03T12:08:20+00:00","dateModified":"2022-04-08T06:53:09+00:00","description":"Katamarane vom F\u00e4hrhafen Porec, Katamaran-Tickets, Ankunfts- und Abfahrtszeiten und wie man den Hafen in Porec mit dem Bus oder dem Auto von anderen Zielen in Kroatien erreicht.","breadcrumb":{"@id":"https:\/\/www.ferrycroatia.com\/de\/fahrhafen-porec\/#breadcrumb"},"inLanguage":"en-US","potentialAction":[{"@type":"ReadAction","target":["https:\/\/www.ferrycroatia.com\/de\/fahrhafen-porec\/"]}]},{"@type":"BreadcrumbList","@id":"https:\/\/www.ferrycroatia.com\/de\/fahrhafen-porec\/#breadcrumb","itemListElement":[{"@type":"ListItem","position":1,"name":"Home","item":"https:\/\/www.ferrycroatia.com\/de\/"},{"@type":"ListItem","position":2,"name":"F\u00e4hrhafen Porec"}]},{"@type":"WebSite","@id":"https:\/\/www.ferrycroatia.com\/de\/#website","url":"https:\/\/www.ferrycroatia.com\/de\/","name":"F\u00e4hre Kroatien","description":"Info und Fahrpl\u00e4ne f\u00fcr alle Katamarane und F\u00e4hren in Kroatien","potentialAction":[{"@type":"SearchAction","target":{"@type":"EntryPoint","urlTemplate":"https:\/\/www.ferrycroatia.com\/de\/?s={search_term_string}"},"query-input":"required name=search_term_string"}],"inLanguage":"en-US"}]}},"_links":{"self":[{"href":"https:\/\/www.ferrycroatia.com\/de\/wp-json\/wp\/v2\/pages\/1178"}],"collection":[{"href":"https:\/\/www.ferrycroatia.com\/de\/wp-json\/wp\/v2\/pages"}],"about":[{"href":"https:\/\/www.ferrycroatia.com\/de\/wp-json\/wp\/v2\/types\/page"}],"author":[{"embeddable":true,"href":"https:\/\/www.ferrycroatia.com\/de\/wp-json\/wp\/v2\/users\/5"}],"replies":[{"embeddable":true,"href":"https:\/\/www.ferrycroatia.com\/de\/wp-json\/wp\/v2\/comments?post=1178"}],"version-history":[{"count":3,"href":"https:\/\/www.ferrycroatia.com\/de\/wp-json\/wp\/v2\/pages\/1178\/revisions"}],"predecessor-version":[{"id":2136,"href":"https:\/\/www.ferrycroatia.com\/de\/wp-json\/wp\/v2\/pages\/1178\/revisions\/2136"}],"wp:featuredmedia":[{"embeddable":true,"href":"https:\/\/www.ferrycroatia.com\/de\/wp-json\/wp\/v2\/media\/1179"}],"wp:attachment":[{"href":"https:\/\/www.ferrycroatia.com\/de\/wp-json\/wp\/v2\/media?parent=1178"}],"curies":[{"name":"wp","href":"https:\/\/api.w.org\/{rel}","templated":true}]}}