{"id":1181,"date":"2021-02-03T12:11:42","date_gmt":"2021-02-03T12:11:42","guid":{"rendered":"https:\/\/ferrycroatia.com\/de\/?page_id=1181"},"modified":"2021-02-09T10:52:09","modified_gmt":"2021-02-09T10:52:09","slug":"fahrhafen-porozina","status":"publish","type":"page","link":"https:\/\/www.ferrycroatia.com\/de\/fahrhafen-porozina\/","title":{"rendered":"F\u00e4hrhafen Porozina"},"content":{"rendered":"<p>Porozina ist eine kleine Stadt auf der <strong>Westseite der Insel Cres,<\/strong> die direkt mit Brestova in Istrien verbunden ist. Wenn Sie dort ankommen, ist es h\u00f6chstwahrscheinlich nicht Ihr endg\u00fcltiges Ziel und Sie m\u00f6chten zu einem anderen Ort auf der Insel Cres oder zu einigen Nachbarinseln weiterfahren.<\/p>\n<p><span style=\"text-decoration: underline;\"><b>An- und Abreise zum F\u00e4hrterminal in Porozina:<\/b><\/span><\/p>\n<p>Die<strong> Fahrzeit von Brestova nach Porozina auf dem Festland<\/strong> betr\u00e4gt ca. 20 Minuten. Wenn Sie in Porozina \u00fcbernachten, k\u00f6nnen Sie vom F\u00e4hrhafen aus in alle Teile der Stadt laufen. Wenn Sie anderswo auf der Insel \u00fcbernachten, sollten Sie vom F\u00e4hrhafen aus, einen Bus oder ein Taxi nehmen.<\/p>\n<p><span style=\"text-decoration: underline;\"><b>Was Sie am F\u00e4hrterminal Porozina finden k\u00f6nnen:<\/b><\/span><\/p>\n<p><strong>Porozina ist ein kleiner Insel Ort,<\/strong> daher gibt es nicht viele Einrichtungen: ein paar Bars und ein Ticketb\u00fcro. Wenn Sie mehr brauchen, k\u00f6nnen Sie jederzeit in die Stadt Cres fahren, die etwa 26 km von Porozina entfernt liegt.<\/p>\n<p><span style=\"text-decoration: underline;\"><b>Adresse des F\u00e4hrterminals Porozina:<\/b><\/span><\/p>\n<ul>\n<li>L\u00e4ngengrad: 14.284843<\/li>\n<li>Breitengrad: 45.131312<\/li>\n<li>D100<\/li>\n<li>51557 Porozina (Cres)<\/li>\n<\/ul>\n<p><a class=\"lightbox\" href=\"http:\/\/www.ferrycroatia.com\/wp-content\/uploads\/2016\/08\/Porozina-ferry-port.jpg\"><img decoding=\"async\" loading=\"lazy\" class=\"alignnone size-full wp-image-735\" data-src=\"http:\/\/www.ferrycroatia.com\/wp-content\/uploads\/2016\/08\/Porozina-ferry-port.jpg\" alt=\"Porozina ferry port\" width=\"1006\" height=\"618\" \/><\/a><\/p>\n<p><span style=\"text-decoration: underline;\"><b>Liste der F\u00e4hrverbindungen von und nach Porozina:<\/b><\/span><\/p>\n<p>\u2192 Autof\u00e4hre: Brestova &#8211; Porozina (Cres)<\/p>\n<ul>\n<li><a href=\"https:\/\/www.ferrycroatia.com\/de\/brestova-porozina\/\">Brestova &#8211; Porozina<\/a><\/li>\n<\/ul>\n","protected":false},"excerpt":{"rendered":"<p>Porozina ist eine kleine Stadt auf der Westseite der Insel Cres, die direkt mit Brestova in Istrien verbunden ist. Wenn Sie dort ankommen, ist es h\u00f6chstwahrscheinlich nicht Ihr endg\u00fcltiges Ziel und Sie m\u00f6chten zu einem anderen Ort auf der Insel Cres oder zu einigen Nachbarinseln weiterfahren. An- und Abreise zum F\u00e4hrterminal in Porozina: Die Fahrzeit [&hellip;]<\/p>\n<p><a class=\"more-link\" href=\"https:\/\/www.ferrycroatia.com\/de\/fahrhafen-porozina\/\"> Continue reading&#8230;<\/a><\/p>\n","protected":false},"author":5,"featured_media":0,"parent":0,"menu_order":0,"comment_status":"closed","ping_status":"closed","template":"","meta":[],"yoast_head":"<!-- This site is optimized with the Yoast SEO plugin v19.8 - https:\/\/yoast.com\/wordpress\/plugins\/seo\/ -->\n<title>F\u00e4hrterminal Porozina, Verbindung Insel Cres nach Istrien<\/title>\n<meta name=\"robots\" content=\"index, follow, max-snippet:-1, max-image-preview:large, max-video-preview:-1\" \/>\n<link rel=\"canonical\" href=\"https:\/\/www.ferrycroatia.com\/de\/fahrhafen-porozina\/\" \/>\n<meta property=\"og:locale\" content=\"en_US\" \/>\n<meta property=\"og:type\" content=\"article\" \/>\n<meta property=\"og:title\" content=\"F\u00e4hrterminal Porozina, Verbindung Insel Cres nach Istrien\" \/>\n<meta property=\"og:description\" content=\"Porozina ist eine kleine Stadt auf der Westseite der Insel Cres, die direkt mit Brestova in Istrien verbunden ist. Wenn Sie dort ankommen, ist es h\u00f6chstwahrscheinlich nicht Ihr endg\u00fcltiges Ziel und Sie m\u00f6chten zu einem anderen Ort auf der Insel Cres oder zu einigen Nachbarinseln weiterfahren. An- und Abreise zum F\u00e4hrterminal in Porozina: Die Fahrzeit [&hellip;] Continue reading...\" \/>\n<meta property=\"og:url\" content=\"https:\/\/www.ferrycroatia.com\/de\/fahrhafen-porozina\/\" \/>\n<meta property=\"og:site_name\" content=\"F\u00e4hre Kroatien\" \/>\n<meta property=\"article:modified_time\" content=\"2021-02-09T10:52:09+00:00\" \/>\n<meta property=\"og:image\" content=\"http:\/\/www.ferrycroatia.com\/wp-content\/uploads\/2016\/08\/Porozina-ferry-port.jpg\" \/>\n<meta name=\"twitter:card\" content=\"summary_large_image\" \/>\n<meta name=\"twitter:label1\" content=\"Est. reading time\" \/>\n\t<meta name=\"twitter:data1\" content=\"1 minute\" \/>\n<script type=\"application\/ld+json\" class=\"yoast-schema-graph\">{\"@context\":\"https:\/\/schema.org\",\"@graph\":[{\"@type\":\"WebPage\",\"@id\":\"https:\/\/www.ferrycroatia.com\/de\/fahrhafen-porozina\/\",\"url\":\"https:\/\/www.ferrycroatia.com\/de\/fahrhafen-porozina\/\",\"name\":\"F\u00e4hrterminal Porozina, Verbindung Insel Cres nach Istrien\",\"isPartOf\":{\"@id\":\"https:\/\/www.ferrycroatia.com\/de\/#website\"},\"datePublished\":\"2021-02-03T12:11:42+00:00\",\"dateModified\":\"2021-02-09T10:52:09+00:00\",\"breadcrumb\":{\"@id\":\"https:\/\/www.ferrycroatia.com\/de\/fahrhafen-porozina\/#breadcrumb\"},\"inLanguage\":\"en-US\",\"potentialAction\":[{\"@type\":\"ReadAction\",\"target\":[\"https:\/\/www.ferrycroatia.com\/de\/fahrhafen-porozina\/\"]}]},{\"@type\":\"BreadcrumbList\",\"@id\":\"https:\/\/www.ferrycroatia.com\/de\/fahrhafen-porozina\/#breadcrumb\",\"itemListElement\":[{\"@type\":\"ListItem\",\"position\":1,\"name\":\"Home\",\"item\":\"https:\/\/www.ferrycroatia.com\/de\/\"},{\"@type\":\"ListItem\",\"position\":2,\"name\":\"F\u00e4hrhafen Porozina\"}]},{\"@type\":\"WebSite\",\"@id\":\"https:\/\/www.ferrycroatia.com\/de\/#website\",\"url\":\"https:\/\/www.ferrycroatia.com\/de\/\",\"name\":\"F\u00e4hre Kroatien\",\"description\":\"Info und Fahrpl\u00e4ne f\u00fcr alle Katamarane und F\u00e4hren in Kroatien\",\"potentialAction\":[{\"@type\":\"SearchAction\",\"target\":{\"@type\":\"EntryPoint\",\"urlTemplate\":\"https:\/\/www.ferrycroatia.com\/de\/?s={search_term_string}\"},\"query-input\":\"required name=search_term_string\"}],\"inLanguage\":\"en-US\"}]}<\/script>\n<!-- \/ Yoast SEO plugin. -->","yoast_head_json":{"title":"F\u00e4hrterminal Porozina, Verbindung Insel Cres nach Istrien","robots":{"index":"index","follow":"follow","max-snippet":"max-snippet:-1","max-image-preview":"max-image-preview:large","max-video-preview":"max-video-preview:-1"},"canonical":"https:\/\/www.ferrycroatia.com\/de\/fahrhafen-porozina\/","og_locale":"en_US","og_type":"article","og_title":"F\u00e4hrterminal Porozina, Verbindung Insel Cres nach Istrien","og_description":"Porozina ist eine kleine Stadt auf der Westseite der Insel Cres, die direkt mit Brestova in Istrien verbunden ist. Wenn Sie dort ankommen, ist es h\u00f6chstwahrscheinlich nicht Ihr endg\u00fcltiges Ziel und Sie m\u00f6chten zu einem anderen Ort auf der Insel Cres oder zu einigen Nachbarinseln weiterfahren. An- und Abreise zum F\u00e4hrterminal in Porozina: Die Fahrzeit [&hellip;] Continue reading...","og_url":"https:\/\/www.ferrycroatia.com\/de\/fahrhafen-porozina\/","og_site_name":"F\u00e4hre Kroatien","article_modified_time":"2021-02-09T10:52:09+00:00","og_image":[{"url":"http:\/\/www.ferrycroatia.com\/wp-content\/uploads\/2016\/08\/Porozina-ferry-port.jpg"}],"twitter_card":"summary_large_image","twitter_misc":{"Est. reading time":"1 minute"},"schema":{"@context":"https:\/\/schema.org","@graph":[{"@type":"WebPage","@id":"https:\/\/www.ferrycroatia.com\/de\/fahrhafen-porozina\/","url":"https:\/\/www.ferrycroatia.com\/de\/fahrhafen-porozina\/","name":"F\u00e4hrterminal Porozina, Verbindung Insel Cres nach Istrien","isPartOf":{"@id":"https:\/\/www.ferrycroatia.com\/de\/#website"},"datePublished":"2021-02-03T12:11:42+00:00","dateModified":"2021-02-09T10:52:09+00:00","breadcrumb":{"@id":"https:\/\/www.ferrycroatia.com\/de\/fahrhafen-porozina\/#breadcrumb"},"inLanguage":"en-US","potentialAction":[{"@type":"ReadAction","target":["https:\/\/www.ferrycroatia.com\/de\/fahrhafen-porozina\/"]}]},{"@type":"BreadcrumbList","@id":"https:\/\/www.ferrycroatia.com\/de\/fahrhafen-porozina\/#breadcrumb","itemListElement":[{"@type":"ListItem","position":1,"name":"Home","item":"https:\/\/www.ferrycroatia.com\/de\/"},{"@type":"ListItem","position":2,"name":"F\u00e4hrhafen Porozina"}]},{"@type":"WebSite","@id":"https:\/\/www.ferrycroatia.com\/de\/#website","url":"https:\/\/www.ferrycroatia.com\/de\/","name":"F\u00e4hre Kroatien","description":"Info und Fahrpl\u00e4ne f\u00fcr alle Katamarane und F\u00e4hren in Kroatien","potentialAction":[{"@type":"SearchAction","target":{"@type":"EntryPoint","urlTemplate":"https:\/\/www.ferrycroatia.com\/de\/?s={search_term_string}"},"query-input":"required name=search_term_string"}],"inLanguage":"en-US"}]}},"_links":{"self":[{"href":"https:\/\/www.ferrycroatia.com\/de\/wp-json\/wp\/v2\/pages\/1181"}],"collection":[{"href":"https:\/\/www.ferrycroatia.com\/de\/wp-json\/wp\/v2\/pages"}],"about":[{"href":"https:\/\/www.ferrycroatia.com\/de\/wp-json\/wp\/v2\/types\/page"}],"author":[{"embeddable":true,"href":"https:\/\/www.ferrycroatia.com\/de\/wp-json\/wp\/v2\/users\/5"}],"replies":[{"embeddable":true,"href":"https:\/\/www.ferrycroatia.com\/de\/wp-json\/wp\/v2\/comments?post=1181"}],"version-history":[{"count":3,"href":"https:\/\/www.ferrycroatia.com\/de\/wp-json\/wp\/v2\/pages\/1181\/revisions"}],"predecessor-version":[{"id":1605,"href":"https:\/\/www.ferrycroatia.com\/de\/wp-json\/wp\/v2\/pages\/1181\/revisions\/1605"}],"wp:attachment":[{"href":"https:\/\/www.ferrycroatia.com\/de\/wp-json\/wp\/v2\/media?parent=1181"}],"curies":[{"name":"wp","href":"https:\/\/api.w.org\/{rel}","templated":true}]}}