{"id":1196,"date":"2021-02-03T12:54:58","date_gmt":"2021-02-03T12:54:58","guid":{"rendered":"https:\/\/ferrycroatia.com\/de\/?page_id=1196"},"modified":"2022-04-08T08:53:21","modified_gmt":"2022-04-08T06:53:21","slug":"fahrhafen-pula","status":"publish","type":"page","link":"https:\/\/www.ferrycroatia.com\/de\/fahrhafen-pula\/","title":{"rendered":"F\u00e4hrhafen Pula"},"content":{"rendered":"\n<p>Pula ist eine ber\u00fchmte historische Stadt im S\u00fcdwesten der istrischen Halbinsel. <strong>Alle Katamarane in Pula verlassen den Pier mitten im Zentrum<\/strong> in der N\u00e4he der meisten historischen St\u00e4tten. Es ist durch regelm\u00e4\u00dfige <strong>Katamaran Linien mit Venedig in Italien und Piran in Slowenien*<\/strong> verbunden, genau wie mit Zadar und den Inseln Unije, Silba, Lo\u0161inj und Ilovik.<\/p>\n\n\n\n<p><span style=\"text-decoration: underline;\"><b>An- und Abreise zum F\u00e4hrhafen in Pula:<\/b><\/span><\/p>\n\n\n\n<p>Wenn Sie sich im Zentrum von Pula aufhalten, also in der N\u00e4he der meisten historischen Sehensw\u00fcrdigkeiten, ist <strong>kein Transport erforderlich, wenn Sie den Katamaran Hafen erreichen m\u00f6chten,<\/strong> da er sich direkt im Zentrum befindet. Wenn Sie jedoch viel Gep\u00e4ck mit sich haben, k\u00f6nnen Sie ein Taxi rufen, das Sie nicht viel kostet, da es eine sehr kleine Entfernung ist.<\/p>\n\n\n\n<p><strong>Die \u00f6ffentlichen Busse halten nicht direkt im Hafen<\/strong>, sondern fahren alle durch das etwa 500 m entfernte Stadtzentrum.<\/p>\n\n\n\n<p>Wenn Sie in<strong> touristischen Teilen der Stadt wie Verudela oder Lungo Mare \u00fcbernachten,<\/strong> gibt es regelm\u00e4\u00dfige lokale Busse, die sie mit dem Zentrum von Pula verbinden. Der Bus nach Verudela ist die Busnummer 2a und der Bus nach Lungo Mare ist die Busnummer 1. Das Ticket kostet ungef\u00e4hr 7 kn = 1 Euro (etwas mehr, wenn im Bus gekauft). Die andere M\u00f6glichkeit, aus diesen beiden Teilen der Stadt zu kommen, ist ein Taxi.<\/p>\n\n\n\n<p><strong>Wenn Sie in Medulin \u00fcbernachten,<\/strong> um Pula zu erreichen, k\u00f6nnen Sie den Bus Nr. 25 nehmen. Das Ticket kostet ca. 11 kn = 1,5 Euro und ein bisschen mehr, wenn Sie das Ticket im Bus kaufen.<\/p>\n\n\n\n<p><strong>Wenn Sie in Fa\u017eana \u00fcbernachten,<\/strong> m\u00fcssen Sie den Bus 21 nehmen und der Ticketpreis ist der gleiche wie f\u00fcr Medulin.<\/p>\n\n\n\n<p>Der <a href=\"https:\/\/getbybus.com\/de\/bus-von-pula\">Hauptbusbahnhof von Pula<\/a>, zu dem Sie<strong> Busse von anderen istrischen St\u00e4dten<\/strong> <strong>und dem Rest Kroatiens<\/strong> nehmen, befindet sich etwa 600 m vom Abfahrtsort des Katamarans entfernt.<\/p>\n\n\n\n<p><span style=\"text-decoration: underline;\"><b>Anreise vom Flughafen Pula zum Katamaran Hafen:<\/b><\/span><\/p>\n\n\n\n<p>Der Flughafen von Pula liegt etwa 9 km vom Katamaran Hafen entfernt. Sobald Sie gelandet sind, <strong>k\u00f6nnen Sie den Shuttlebus zum Hauptbusbahnhof in Pula<\/strong> nehmen und von dort zu Fu\u00df zum etwa 600 m entfernten Hafen gehen. Wenn Sie mit Gep\u00e4ck unterwegs sind, k\u00f6nnen Sie jederzeit ein Taxi nehmen, das Sie nicht viel kostet, da es ganz in der N\u00e4he ist. Die andere M\u00f6glichkeit, den Flughafen zu verlassen, besteht darin, einen <a href=\"https:\/\/getbytransfer.com\/de\/pula-flughafen-pula\"><strong>im Voraus gebuchten Transfer<\/strong><\/a> oder ein Taxi direkt zum Hafen zu nehmen.<\/p>\n\n\n\n<p>Wenn Sie mehr \u00fcber den Flughafen von Pula erfahren und ihn verlassen m\u00f6chten, klicken Sie bitte auf den Link <a href=\"https:\/\/getbybus.com\/de\/blog\/flughafen-bus-pula\/\">hier<\/a>.<\/p>\n\n\n\n<p><span style=\"text-decoration: underline;\"><b>Was Sie am F\u00e4hrhafen von Pula finden k\u00f6nnen:<\/b><\/span><\/p>\n\n\n\n<p>Da sich der Pier in der N\u00e4he des Stadtzentrums befindet, finden Sie dort viele Einrichtungen: ein Ticketb\u00fcro, Bars, Restaurants, Gesch\u00e4fte usw.<\/p>\n\n\n\n<p><span style=\"text-decoration: underline;\"><b>Adresse des Katamaran Hafens Pula:<\/b><\/span><\/p>\n\n\n\n<ul><li>L\u00e4ngengrad: 13.847119<\/li><li>Breitengrad: 44,874889<\/li><li>Ulica Svetog Petra<\/li><li>52100 Pula<\/li><\/ul>\n\n\n\n<figure class=\"wp-block-image\"><a class=\"lightbox\" href=\"http:\/\/www.ferrycroatia.com\/wp-content\/uploads\/2016\/07\/Catamaran-port-pula.jpg\"><img decoding=\"async\" data-src=\"http:\/\/www.ferrycroatia.com\/wp-content\/uploads\/2016\/07\/Catamaran-port-pula.jpg\" alt=\"Catamaran-port-pula\" class=\"wp-image-517\"\/><\/a><\/figure>\n\n\n\n<p><span style=\"text-decoration: underline;\"><b>Liste der Katamarane aus Pula:<\/b><\/span><\/p>\n\n\n\n<p>Venedig (IT) &#8211; Umag &#8211; Pore\u010d &#8211; Rovinj &#8211; Pula<\/p>\n\n\n\n<ul><li><a href=\"https:\/\/www.ferrycroatia.com\/de\/pula-venedig\/\">Pula &#8211; Venedig<\/a><\/li><\/ul>\n\n\n\n<p>Katamaran: Zadar &#8211; Silba &#8211; Ilovik &#8211; Mali Lo\u0161inj &#8211; Unije &#8211; Pula<\/p>\n\n\n\n<ul><li><a href=\"https:\/\/www.ferrycroatia.com\/de\/pula-zadar\/\">Pula &#8211; Zadar<\/a><\/li><li><a href=\"https:\/\/www.ferrycroatia.com\/de\/pula-unije\/\">Pula &#8211; Unije<\/a><\/li><li><a href=\"https:\/\/www.ferrycroatia.com\/de\/pula-mali-losinj\/\">Pula &#8211; Mali Lo\u0161inj<\/a><\/li><li><a href=\"https:\/\/www.ferrycroatia.com\/de\/pula-ilovik\/\">Pula &#8211; Ilovik<\/a><\/li><li><a href=\"https:\/\/www.ferrycroatia.com\/de\/pula-silba\/\">Pula &#8211; Silba<\/a><\/li><\/ul>\n\n\n\n<p>Triest (IT) &#8211; Piran (SLO) &#8211; Porec &#8211; Rovinj &#8211; Pula<\/p>\n\n\n\n<ul><li><a href=\"https:\/\/www.ferrycroatia.com\/de\/pula-triest\/\">Pula &#8211; Triest<\/a><\/li><li><a href=\"https:\/\/www.ferrycroatia.com\/de\/pula-piran\/\">Pula &#8211; Piran<\/a><\/li><\/ul>\n\n\n\n<p>* Die Route nach Piran in Slowenien wurde f\u00fcr 2020 eingestellt<\/p>\n","protected":false},"excerpt":{"rendered":"<p>Pula ist eine ber\u00fchmte historische Stadt im S\u00fcdwesten der istrischen Halbinsel. Alle Katamarane in Pula verlassen den Pier mitten im Zentrum in der N\u00e4he der meisten historischen St\u00e4tten. Es ist durch regelm\u00e4\u00dfige Katamaran Linien mit Venedig in Italien und Piran in Slowenien* verbunden, genau wie mit Zadar und den Inseln Unije, Silba, Lo\u0161inj und Ilovik. [&hellip;]<\/p>\n<p><a class=\"more-link\" href=\"https:\/\/www.ferrycroatia.com\/de\/fahrhafen-pula\/\"> Continue reading&#8230;<\/a><\/p>\n","protected":false},"author":5,"featured_media":1197,"parent":0,"menu_order":0,"comment_status":"closed","ping_status":"closed","template":"","meta":[],"yoast_head":"<!-- This site is optimized with the Yoast SEO plugin v19.8 - https:\/\/yoast.com\/wordpress\/plugins\/seo\/ -->\n<title>F\u00e4hrhafen Pula, Katamaran Abfahrten \/ Ank\u00fcnfte Pula Kroatien<\/title>\n<meta name=\"description\" content=\"Katamarane vom F\u00e4hrhafen Pula, wie man den Hafen mit Bus oder Auto von Pula, Medulin, Fazana und anderen istrischen St\u00e4dten erreicht, Katamarane vom Pula aus.\" \/>\n<meta name=\"robots\" content=\"index, follow, max-snippet:-1, max-image-preview:large, max-video-preview:-1\" \/>\n<link rel=\"canonical\" href=\"https:\/\/www.ferrycroatia.com\/de\/fahrhafen-pula\/\" \/>\n<meta property=\"og:locale\" content=\"en_US\" \/>\n<meta property=\"og:type\" content=\"article\" \/>\n<meta property=\"og:title\" content=\"F\u00e4hrhafen Pula, Katamaran Abfahrten \/ Ank\u00fcnfte Pula Kroatien\" \/>\n<meta property=\"og:description\" content=\"Katamarane vom F\u00e4hrhafen Pula, wie man den Hafen mit Bus oder Auto von Pula, Medulin, Fazana und anderen istrischen St\u00e4dten erreicht, Katamarane vom Pula aus.\" \/>\n<meta property=\"og:url\" content=\"https:\/\/www.ferrycroatia.com\/de\/fahrhafen-pula\/\" \/>\n<meta property=\"og:site_name\" content=\"F\u00e4hre Kroatien\" \/>\n<meta property=\"article:modified_time\" content=\"2022-04-08T06:53:21+00:00\" \/>\n<meta property=\"og:image\" content=\"https:\/\/www.ferrycroatia.com\/de\/wp-content\/uploads\/2021\/02\/Pula-arena.jpg\" \/>\n\t<meta property=\"og:image:width\" content=\"1024\" \/>\n\t<meta property=\"og:image:height\" content=\"768\" \/>\n\t<meta property=\"og:image:type\" content=\"image\/jpeg\" \/>\n<meta name=\"twitter:card\" content=\"summary_large_image\" \/>\n<meta name=\"twitter:label1\" content=\"Est. reading time\" \/>\n\t<meta name=\"twitter:data1\" content=\"3 minutes\" \/>\n<script type=\"application\/ld+json\" class=\"yoast-schema-graph\">{\"@context\":\"https:\/\/schema.org\",\"@graph\":[{\"@type\":\"WebPage\",\"@id\":\"https:\/\/www.ferrycroatia.com\/de\/fahrhafen-pula\/\",\"url\":\"https:\/\/www.ferrycroatia.com\/de\/fahrhafen-pula\/\",\"name\":\"F\u00e4hrhafen Pula, Katamaran Abfahrten \/ Ank\u00fcnfte Pula Kroatien\",\"isPartOf\":{\"@id\":\"https:\/\/www.ferrycroatia.com\/de\/#website\"},\"datePublished\":\"2021-02-03T12:54:58+00:00\",\"dateModified\":\"2022-04-08T06:53:21+00:00\",\"description\":\"Katamarane vom F\u00e4hrhafen Pula, wie man den Hafen mit Bus oder Auto von Pula, Medulin, Fazana und anderen istrischen St\u00e4dten erreicht, Katamarane vom Pula aus.\",\"breadcrumb\":{\"@id\":\"https:\/\/www.ferrycroatia.com\/de\/fahrhafen-pula\/#breadcrumb\"},\"inLanguage\":\"en-US\",\"potentialAction\":[{\"@type\":\"ReadAction\",\"target\":[\"https:\/\/www.ferrycroatia.com\/de\/fahrhafen-pula\/\"]}]},{\"@type\":\"BreadcrumbList\",\"@id\":\"https:\/\/www.ferrycroatia.com\/de\/fahrhafen-pula\/#breadcrumb\",\"itemListElement\":[{\"@type\":\"ListItem\",\"position\":1,\"name\":\"Home\",\"item\":\"https:\/\/www.ferrycroatia.com\/de\/\"},{\"@type\":\"ListItem\",\"position\":2,\"name\":\"F\u00e4hrhafen Pula\"}]},{\"@type\":\"WebSite\",\"@id\":\"https:\/\/www.ferrycroatia.com\/de\/#website\",\"url\":\"https:\/\/www.ferrycroatia.com\/de\/\",\"name\":\"F\u00e4hre Kroatien\",\"description\":\"Info und Fahrpl\u00e4ne f\u00fcr alle Katamarane und F\u00e4hren in Kroatien\",\"potentialAction\":[{\"@type\":\"SearchAction\",\"target\":{\"@type\":\"EntryPoint\",\"urlTemplate\":\"https:\/\/www.ferrycroatia.com\/de\/?s={search_term_string}\"},\"query-input\":\"required name=search_term_string\"}],\"inLanguage\":\"en-US\"}]}<\/script>\n<!-- \/ Yoast SEO plugin. -->","yoast_head_json":{"title":"F\u00e4hrhafen Pula, Katamaran Abfahrten \/ Ank\u00fcnfte Pula Kroatien","description":"Katamarane vom F\u00e4hrhafen Pula, wie man den Hafen mit Bus oder Auto von Pula, Medulin, Fazana und anderen istrischen St\u00e4dten erreicht, Katamarane vom Pula aus.","robots":{"index":"index","follow":"follow","max-snippet":"max-snippet:-1","max-image-preview":"max-image-preview:large","max-video-preview":"max-video-preview:-1"},"canonical":"https:\/\/www.ferrycroatia.com\/de\/fahrhafen-pula\/","og_locale":"en_US","og_type":"article","og_title":"F\u00e4hrhafen Pula, Katamaran Abfahrten \/ Ank\u00fcnfte Pula Kroatien","og_description":"Katamarane vom F\u00e4hrhafen Pula, wie man den Hafen mit Bus oder Auto von Pula, Medulin, Fazana und anderen istrischen St\u00e4dten erreicht, Katamarane vom Pula aus.","og_url":"https:\/\/www.ferrycroatia.com\/de\/fahrhafen-pula\/","og_site_name":"F\u00e4hre Kroatien","article_modified_time":"2022-04-08T06:53:21+00:00","og_image":[{"width":1024,"height":768,"url":"https:\/\/www.ferrycroatia.com\/de\/wp-content\/uploads\/2021\/02\/Pula-arena.jpg","type":"image\/jpeg"}],"twitter_card":"summary_large_image","twitter_misc":{"Est. reading time":"3 minutes"},"schema":{"@context":"https:\/\/schema.org","@graph":[{"@type":"WebPage","@id":"https:\/\/www.ferrycroatia.com\/de\/fahrhafen-pula\/","url":"https:\/\/www.ferrycroatia.com\/de\/fahrhafen-pula\/","name":"F\u00e4hrhafen Pula, Katamaran Abfahrten \/ Ank\u00fcnfte Pula Kroatien","isPartOf":{"@id":"https:\/\/www.ferrycroatia.com\/de\/#website"},"datePublished":"2021-02-03T12:54:58+00:00","dateModified":"2022-04-08T06:53:21+00:00","description":"Katamarane vom F\u00e4hrhafen Pula, wie man den Hafen mit Bus oder Auto von Pula, Medulin, Fazana und anderen istrischen St\u00e4dten erreicht, Katamarane vom Pula aus.","breadcrumb":{"@id":"https:\/\/www.ferrycroatia.com\/de\/fahrhafen-pula\/#breadcrumb"},"inLanguage":"en-US","potentialAction":[{"@type":"ReadAction","target":["https:\/\/www.ferrycroatia.com\/de\/fahrhafen-pula\/"]}]},{"@type":"BreadcrumbList","@id":"https:\/\/www.ferrycroatia.com\/de\/fahrhafen-pula\/#breadcrumb","itemListElement":[{"@type":"ListItem","position":1,"name":"Home","item":"https:\/\/www.ferrycroatia.com\/de\/"},{"@type":"ListItem","position":2,"name":"F\u00e4hrhafen Pula"}]},{"@type":"WebSite","@id":"https:\/\/www.ferrycroatia.com\/de\/#website","url":"https:\/\/www.ferrycroatia.com\/de\/","name":"F\u00e4hre Kroatien","description":"Info und Fahrpl\u00e4ne f\u00fcr alle Katamarane und F\u00e4hren in Kroatien","potentialAction":[{"@type":"SearchAction","target":{"@type":"EntryPoint","urlTemplate":"https:\/\/www.ferrycroatia.com\/de\/?s={search_term_string}"},"query-input":"required name=search_term_string"}],"inLanguage":"en-US"}]}},"_links":{"self":[{"href":"https:\/\/www.ferrycroatia.com\/de\/wp-json\/wp\/v2\/pages\/1196"}],"collection":[{"href":"https:\/\/www.ferrycroatia.com\/de\/wp-json\/wp\/v2\/pages"}],"about":[{"href":"https:\/\/www.ferrycroatia.com\/de\/wp-json\/wp\/v2\/types\/page"}],"author":[{"embeddable":true,"href":"https:\/\/www.ferrycroatia.com\/de\/wp-json\/wp\/v2\/users\/5"}],"replies":[{"embeddable":true,"href":"https:\/\/www.ferrycroatia.com\/de\/wp-json\/wp\/v2\/comments?post=1196"}],"version-history":[{"count":4,"href":"https:\/\/www.ferrycroatia.com\/de\/wp-json\/wp\/v2\/pages\/1196\/revisions"}],"predecessor-version":[{"id":2138,"href":"https:\/\/www.ferrycroatia.com\/de\/wp-json\/wp\/v2\/pages\/1196\/revisions\/2138"}],"wp:featuredmedia":[{"embeddable":true,"href":"https:\/\/www.ferrycroatia.com\/de\/wp-json\/wp\/v2\/media\/1197"}],"wp:attachment":[{"href":"https:\/\/www.ferrycroatia.com\/de\/wp-json\/wp\/v2\/media?parent=1196"}],"curies":[{"name":"wp","href":"https:\/\/api.w.org\/{rel}","templated":true}]}}