{"id":1199,"date":"2021-02-03T12:59:30","date_gmt":"2021-02-03T12:59:30","guid":{"rendered":"https:\/\/ferrycroatia.com\/de\/?page_id=1199"},"modified":"2021-02-09T11:09:55","modified_gmt":"2021-02-09T11:09:55","slug":"fahrhafen-rava","status":"publish","type":"page","link":"https:\/\/www.ferrycroatia.com\/de\/fahrhafen-rava\/","title":{"rendered":"F\u00e4hrhafen Rava"},"content":{"rendered":"<p>Rava ist eine kleine Stadt <strong>im S\u00fcdwesten der Insel Rava<\/strong> im Zadar-Archipel. Der F\u00e4hrhafen befindet sich direkt im Stadtzentrum, in der N\u00e4he der Hauptpromenade. Der F\u00e4hrhafen von Rava ist mit der Stadt Mala Rava, der Insel I\u017e (Mali und Veli I\u017e und Br\u0161anj) sowie mit Zadar und Zadar (Ga\u017eenica) durch regelm\u00e4\u00dfige F\u00e4hr- und Katamaran-Linien verbunden.<\/p>\n<p>Da Rava eine kleine Inselstadt ist und sich der<strong> F\u00e4hrhafen genau in der Mitte befindet,<\/strong> ist es ziemlich einfach, den F\u00e4hrhafen zu Fu\u00df zu erreichen, unabh\u00e4ngig davon, wo sich Ihre Unterkunft befindet.<\/p>\n<p><span style=\"text-decoration: underline;\"><b>Was Sie am F\u00e4hrterminal von Rava finden k\u00f6nnen:<\/b><\/span><\/p>\n<p>Wie oben erw\u00e4hnt, ist Rava eine wirklich kleine Stadt und der F\u00e4hrhafen befindet sich ziemlich nahe am Zentrum, so dass offensichtlich alle Einrichtungen der Stadt in der N\u00e4he sind (es ist eine kleine Stadt, also erwarten Sie nicht, dass Sie eine ganze Menge Dinge finden).<\/p>\n<p><span style=\"text-decoration: underline;\"><b>Adresse des F\u00e4hrterminals Rava:<\/b><\/span><\/p>\n<ul>\n<li>L\u00e4ngengrad: 15.059555<\/li>\n<li>Breitengrad: 44.022678<\/li>\n<li>Obalni legte<\/li>\n<li>23283 Rava (Rava)<\/li>\n<\/ul>\n<p><a class=\"lightbox\" href=\"http:\/\/www.ferrycroatia.com\/wp-content\/uploads\/2016\/08\/Rava-ferry-port.jpg\"><img decoding=\"async\" loading=\"lazy\" class=\"alignnone size-full wp-image-765\" data-src=\"http:\/\/www.ferrycroatia.com\/wp-content\/uploads\/2016\/08\/Rava-ferry-port.jpg\" alt=\"Rava ferry port\" width=\"1016\" height=\"619\" \/><\/a><\/p>\n<p><span style=\"text-decoration: underline;\"><b>Liste der F\u00e4hr- und Katamaranrouten von und nach Rava:<\/b><\/span><\/p>\n<p>\u2192 Autof\u00e4hre: Zadar (Ga\u017eenica) &#8211; Br\u0161anj (I\u017e) &#8211; Rava &#8211; Mala Rava<\/p>\n<ul>\n<li><a href=\"https:\/\/www.ferrycroatia.com\/de\/rava-mala-rava\/\">Rava &#8211; Mala Rava<\/a><\/li>\n<li><a href=\"https:\/\/www.ferrycroatia.com\/de\/rava-brsanj\/\">Rava &#8211; Br\u0161anj<\/a><\/li>\n<li><a href=\"https:\/\/www.ferrycroatia.com\/de\/rava-zadar\/\">Rava &#8211; Zadar<\/a><\/li>\n<\/ul>\n<p>\u2192 Katamaran: Zadar &#8211; Mali I\u017e- Veli I\u017e &#8211; Mala Rava-Rava<\/p>\n<ul>\n<li><a href=\"https:\/\/www.ferrycroatia.com\/de\/rava-mali-iz\/\">Rava &#8211; Mali I\u017e<\/a><\/li>\n<li><a href=\"https:\/\/www.ferrycroatia.com\/de\/rava-veli-iz\/\">Rava &#8211; Veli I\u017e<\/a><\/li>\n<\/ul>\n","protected":false},"excerpt":{"rendered":"<p>Rava ist eine kleine Stadt im S\u00fcdwesten der Insel Rava im Zadar-Archipel. Der F\u00e4hrhafen befindet sich direkt im Stadtzentrum, in der N\u00e4he der Hauptpromenade. Der F\u00e4hrhafen von Rava ist mit der Stadt Mala Rava, der Insel I\u017e (Mali und Veli I\u017e und Br\u0161anj) sowie mit Zadar und Zadar (Ga\u017eenica) durch regelm\u00e4\u00dfige F\u00e4hr- und Katamaran-Linien verbunden. [&hellip;]<\/p>\n<p><a class=\"more-link\" href=\"https:\/\/www.ferrycroatia.com\/de\/fahrhafen-rava\/\"> Continue reading&#8230;<\/a><\/p>\n","protected":false},"author":5,"featured_media":0,"parent":0,"menu_order":0,"comment_status":"closed","ping_status":"closed","template":"","meta":[],"yoast_head":"<!-- This site is optimized with the Yoast SEO plugin v19.8 - https:\/\/yoast.com\/wordpress\/plugins\/seo\/ -->\n<title>F\u00e4hrterminal Rava, F\u00e4hre und Katamaran zur Stadt Rava<\/title>\n<meta name=\"robots\" content=\"index, follow, max-snippet:-1, max-image-preview:large, max-video-preview:-1\" \/>\n<link rel=\"canonical\" href=\"https:\/\/www.ferrycroatia.com\/de\/fahrhafen-rava\/\" \/>\n<meta property=\"og:locale\" content=\"en_US\" \/>\n<meta property=\"og:type\" content=\"article\" \/>\n<meta property=\"og:title\" content=\"F\u00e4hrterminal Rava, F\u00e4hre und Katamaran zur Stadt Rava\" \/>\n<meta property=\"og:description\" content=\"Rava ist eine kleine Stadt im S\u00fcdwesten der Insel Rava im Zadar-Archipel. Der F\u00e4hrhafen befindet sich direkt im Stadtzentrum, in der N\u00e4he der Hauptpromenade. Der F\u00e4hrhafen von Rava ist mit der Stadt Mala Rava, der Insel I\u017e (Mali und Veli I\u017e und Br\u0161anj) sowie mit Zadar und Zadar (Ga\u017eenica) durch regelm\u00e4\u00dfige F\u00e4hr- und Katamaran-Linien verbunden. [&hellip;] Continue reading...\" \/>\n<meta property=\"og:url\" content=\"https:\/\/www.ferrycroatia.com\/de\/fahrhafen-rava\/\" \/>\n<meta property=\"og:site_name\" content=\"F\u00e4hre Kroatien\" \/>\n<meta property=\"article:modified_time\" content=\"2021-02-09T11:09:55+00:00\" \/>\n<meta property=\"og:image\" content=\"http:\/\/www.ferrycroatia.com\/wp-content\/uploads\/2016\/08\/Rava-ferry-port.jpg\" \/>\n<meta name=\"twitter:card\" content=\"summary_large_image\" \/>\n<meta name=\"twitter:label1\" content=\"Est. reading time\" \/>\n\t<meta name=\"twitter:data1\" content=\"1 minute\" \/>\n<script type=\"application\/ld+json\" class=\"yoast-schema-graph\">{\"@context\":\"https:\/\/schema.org\",\"@graph\":[{\"@type\":\"WebPage\",\"@id\":\"https:\/\/www.ferrycroatia.com\/de\/fahrhafen-rava\/\",\"url\":\"https:\/\/www.ferrycroatia.com\/de\/fahrhafen-rava\/\",\"name\":\"F\u00e4hrterminal Rava, F\u00e4hre und Katamaran zur Stadt Rava\",\"isPartOf\":{\"@id\":\"https:\/\/www.ferrycroatia.com\/de\/#website\"},\"datePublished\":\"2021-02-03T12:59:30+00:00\",\"dateModified\":\"2021-02-09T11:09:55+00:00\",\"breadcrumb\":{\"@id\":\"https:\/\/www.ferrycroatia.com\/de\/fahrhafen-rava\/#breadcrumb\"},\"inLanguage\":\"en-US\",\"potentialAction\":[{\"@type\":\"ReadAction\",\"target\":[\"https:\/\/www.ferrycroatia.com\/de\/fahrhafen-rava\/\"]}]},{\"@type\":\"BreadcrumbList\",\"@id\":\"https:\/\/www.ferrycroatia.com\/de\/fahrhafen-rava\/#breadcrumb\",\"itemListElement\":[{\"@type\":\"ListItem\",\"position\":1,\"name\":\"Home\",\"item\":\"https:\/\/www.ferrycroatia.com\/de\/\"},{\"@type\":\"ListItem\",\"position\":2,\"name\":\"F\u00e4hrhafen Rava\"}]},{\"@type\":\"WebSite\",\"@id\":\"https:\/\/www.ferrycroatia.com\/de\/#website\",\"url\":\"https:\/\/www.ferrycroatia.com\/de\/\",\"name\":\"F\u00e4hre Kroatien\",\"description\":\"Info und Fahrpl\u00e4ne f\u00fcr alle Katamarane und F\u00e4hren in Kroatien\",\"potentialAction\":[{\"@type\":\"SearchAction\",\"target\":{\"@type\":\"EntryPoint\",\"urlTemplate\":\"https:\/\/www.ferrycroatia.com\/de\/?s={search_term_string}\"},\"query-input\":\"required name=search_term_string\"}],\"inLanguage\":\"en-US\"}]}<\/script>\n<!-- \/ Yoast SEO plugin. -->","yoast_head_json":{"title":"F\u00e4hrterminal Rava, F\u00e4hre und Katamaran zur Stadt Rava","robots":{"index":"index","follow":"follow","max-snippet":"max-snippet:-1","max-image-preview":"max-image-preview:large","max-video-preview":"max-video-preview:-1"},"canonical":"https:\/\/www.ferrycroatia.com\/de\/fahrhafen-rava\/","og_locale":"en_US","og_type":"article","og_title":"F\u00e4hrterminal Rava, F\u00e4hre und Katamaran zur Stadt Rava","og_description":"Rava ist eine kleine Stadt im S\u00fcdwesten der Insel Rava im Zadar-Archipel. Der F\u00e4hrhafen befindet sich direkt im Stadtzentrum, in der N\u00e4he der Hauptpromenade. Der F\u00e4hrhafen von Rava ist mit der Stadt Mala Rava, der Insel I\u017e (Mali und Veli I\u017e und Br\u0161anj) sowie mit Zadar und Zadar (Ga\u017eenica) durch regelm\u00e4\u00dfige F\u00e4hr- und Katamaran-Linien verbunden. [&hellip;] Continue reading...","og_url":"https:\/\/www.ferrycroatia.com\/de\/fahrhafen-rava\/","og_site_name":"F\u00e4hre Kroatien","article_modified_time":"2021-02-09T11:09:55+00:00","og_image":[{"url":"http:\/\/www.ferrycroatia.com\/wp-content\/uploads\/2016\/08\/Rava-ferry-port.jpg"}],"twitter_card":"summary_large_image","twitter_misc":{"Est. reading time":"1 minute"},"schema":{"@context":"https:\/\/schema.org","@graph":[{"@type":"WebPage","@id":"https:\/\/www.ferrycroatia.com\/de\/fahrhafen-rava\/","url":"https:\/\/www.ferrycroatia.com\/de\/fahrhafen-rava\/","name":"F\u00e4hrterminal Rava, F\u00e4hre und Katamaran zur Stadt Rava","isPartOf":{"@id":"https:\/\/www.ferrycroatia.com\/de\/#website"},"datePublished":"2021-02-03T12:59:30+00:00","dateModified":"2021-02-09T11:09:55+00:00","breadcrumb":{"@id":"https:\/\/www.ferrycroatia.com\/de\/fahrhafen-rava\/#breadcrumb"},"inLanguage":"en-US","potentialAction":[{"@type":"ReadAction","target":["https:\/\/www.ferrycroatia.com\/de\/fahrhafen-rava\/"]}]},{"@type":"BreadcrumbList","@id":"https:\/\/www.ferrycroatia.com\/de\/fahrhafen-rava\/#breadcrumb","itemListElement":[{"@type":"ListItem","position":1,"name":"Home","item":"https:\/\/www.ferrycroatia.com\/de\/"},{"@type":"ListItem","position":2,"name":"F\u00e4hrhafen Rava"}]},{"@type":"WebSite","@id":"https:\/\/www.ferrycroatia.com\/de\/#website","url":"https:\/\/www.ferrycroatia.com\/de\/","name":"F\u00e4hre Kroatien","description":"Info und Fahrpl\u00e4ne f\u00fcr alle Katamarane und F\u00e4hren in Kroatien","potentialAction":[{"@type":"SearchAction","target":{"@type":"EntryPoint","urlTemplate":"https:\/\/www.ferrycroatia.com\/de\/?s={search_term_string}"},"query-input":"required name=search_term_string"}],"inLanguage":"en-US"}]}},"_links":{"self":[{"href":"https:\/\/www.ferrycroatia.com\/de\/wp-json\/wp\/v2\/pages\/1199"}],"collection":[{"href":"https:\/\/www.ferrycroatia.com\/de\/wp-json\/wp\/v2\/pages"}],"about":[{"href":"https:\/\/www.ferrycroatia.com\/de\/wp-json\/wp\/v2\/types\/page"}],"author":[{"embeddable":true,"href":"https:\/\/www.ferrycroatia.com\/de\/wp-json\/wp\/v2\/users\/5"}],"replies":[{"embeddable":true,"href":"https:\/\/www.ferrycroatia.com\/de\/wp-json\/wp\/v2\/comments?post=1199"}],"version-history":[{"count":3,"href":"https:\/\/www.ferrycroatia.com\/de\/wp-json\/wp\/v2\/pages\/1199\/revisions"}],"predecessor-version":[{"id":1614,"href":"https:\/\/www.ferrycroatia.com\/de\/wp-json\/wp\/v2\/pages\/1199\/revisions\/1614"}],"wp:attachment":[{"href":"https:\/\/www.ferrycroatia.com\/de\/wp-json\/wp\/v2\/media?parent=1199"}],"curies":[{"name":"wp","href":"https:\/\/api.w.org\/{rel}","templated":true}]}}