{"id":1201,"date":"2021-02-03T13:05:25","date_gmt":"2021-02-03T13:05:25","guid":{"rendered":"https:\/\/ferrycroatia.com\/de\/?page_id=1201"},"modified":"2021-02-09T11:22:57","modified_gmt":"2021-02-09T11:22:57","slug":"fahrhafen-rijeka","status":"publish","type":"page","link":"https:\/\/www.ferrycroatia.com\/de\/fahrhafen-rijeka\/","title":{"rendered":"F\u00e4hrhafen Rijeka"},"content":{"rendered":"<p><strong>Rijeka ist die drittgr\u00f6\u00dfte Stadt in Kroatien<\/strong> und die zweitgr\u00f6\u00dfte an der kroatischen Adriak\u00fcste. Es gilt als der gr\u00f6\u00dfte kroatische Hafen, obwohl es nicht viele Passagierlinien gibt, die durch Rijeka fahren.<strong> Der F\u00e4hrhafen von Rijeka befindet sich<\/strong> im Zentrum der Stadt, nur etwa 350 m von der Hauptpromenade und allen aufregenden Sehensw\u00fcrdigkeiten der Stadt entfernt.<\/p>\n<p><span style=\"text-decoration: underline;\"><b>An- und Abreise zum F\u00e4hrterminal in Rijeka:<\/b><\/span><\/p>\n<p>Wenn Sie in Rijeka \u00fcbernachten und <strong>die Inseln Cres, Rab, Mali Lo\u0161inj, Unije, Susak usw.<\/strong> erreichen m\u00f6chten, gelangen Sie von verschiedenen Stadtteilen zum F\u00e4hrterminal. Die meisten Buslinien verkehren ganz in der N\u00e4he <strong>des F\u00e4hrterminals (5 Minuten zu Fu\u00df davon entfernt).<\/strong><\/p>\n<p>Von der Altstadt zum F\u00e4hrterminal k\u00f6nnen Sie <strong>die Buslinien 1, 1A, 1B, 2, 4, 5 usw.<\/strong> nehmen. Die Bushaltestelle ist 5 Minuten zu Fu\u00df vom F\u00e4hrterminal entfernt und das Stadtzentrum ist im Allgemeinen nur 10 Minuten zu Fu\u00df entfernt (nur wenige Bushaltestellen).<\/p>\n<p>Wenn Sie in <strong>Kantrida (einem anderen beliebten Teil der Stadt)<\/strong> \u00fcbernachten, m\u00fcssen Sie den Bus Nummer 1 nehmen, um zum F\u00e4hrterminal zu gelangen.<\/p>\n<p>Die Bustickets kosten ungef\u00e4hr 10 kn = etwas mehr als <strong>einen Euro, wenn Sie sie im Bus kaufen.<\/strong><\/p>\n<p><strong>Von jedem Stadtteil aus k\u00f6nnen Sie auch ein Taxi nehmen.<\/strong> Vom Stadtzentrum und Kantrida sollte es nicht viel kosten, da es keine gro\u00dfe Entfernung ist.<\/p>\n<p>Wenn Sie in Kastav \u00fcbernachten, m\u00fcssen Sie <strong>die Buslinien 18, 18B oder 18C <\/strong>nehmen. Die Fahrt dauert ungef\u00e4hr 20 Minuten und das Ticket kostet ungef\u00e4hr <strong>16 kn = ungef\u00e4hr 2 Euro, wenn sie im Bus gekauft wurden.<\/strong><\/p>\n<p><strong>Wenn Sie in Opatija \u00fcbernachten,<\/strong> m\u00fcssen Sie den Bus Nr. 32 nehmen und das Ticket kostet ungef\u00e4hr 16 kn = ungef\u00e4hr 2 Euro, wenn sie im Bus gekauft wurden.<\/p>\n<p>Alle Busse fahren vom fr\u00fchen Morgen bis zum sp\u00e4ten Abend und es gibt ziemlich viele Abfahrten.<strong> Bitte beachten Sie, dass Tickets beim Kauf am Kiosk etwas teurer sind.<\/strong><\/p>\n<p><span style=\"text-decoration: underline;\"><b>Vom Flughafen Rijeka zum F\u00e4hrterminal:<\/b><\/span><\/p>\n<p>Der Flughafen von <strong>Rijeka liegt etwa 26 km<\/strong> vom F\u00e4hrterminal Rijeka entfernt in der N\u00e4he der Stadt Omi\u0161alj auf der Insel Krk. Sobald Sie gelandet sind, k\u00f6nnen Sie einen im<strong> Voraus gebuchten Transfer oder ein Taxi (ca. 30 Euro)<\/strong> <strong>nehmen<\/strong>. Es gibt auch <strong>Shuttlebusse vom Flughafen in Richtung Rijeka<\/strong>, die zum Hauptbusbahnhof in Rijeka fahren. Von dort k\u00f6nnen Sie einen lokalen <strong>Bus mit den Nummern 1, 2, 6 zum F\u00e4hrterminal nehmen. Das Ticket f\u00fcr den Shuttlebus kostet 50 kn = 7 Euro<\/strong> und die Fahrt dauert ca. 30 Minuten.<\/p>\n<p>Wenn Sie mehr \u00fcber den Transport vom Flughafen zum F\u00e4hrterminal erfahren m\u00f6chten, klicken Sie <a href=\"https:\/\/getbybus.com\/de\/blog\/flughafenbus-rijeka\/\">hier<\/a>.<\/p>\n<p><span style=\"text-decoration: underline;\"><b>Anreise von anderen Zielen in Kroatien und Europa zum F\u00e4hrterminal Rijeka:<\/b><\/span><\/p>\n<p><strong>Rijeka ist sehr gut<\/strong> durch regelm\u00e4\u00dfige und saisonale Buslinien mit vielen kroatischen und sogar einigen europ\u00e4ischen Zielen <strong>verbunden<\/strong>. Der <a href=\"https:\/\/getbybus.com\/de\/bus-von-rijeka\"><strong>Hauptbusbahnhof<\/strong><\/a> befindet sich etwa 10 Minuten vom F\u00e4hrterminal entfernt. Sie k\u00f6nnen <strong>die Buslinien 1, 2, 6 nehmen<\/strong> oder ein Taxi nehmen, insbesondere wenn Sie mit Gep\u00e4ck unterwegs sind.<\/p>\n<p>Wenn Sie <strong>mit dem Auto aus dem Norden oder S\u00fcden<\/strong> anreisen, die Autobahn oder die K\u00fcstenstra\u00dfe nehmen,<strong> sehen Sie nach der Einfahrt in Rijeka das Schild f\u00fcr das Stadtzentrum und den F\u00e4hrhafen.<\/strong> Der F\u00e4hrhafen liegt nur 350 m vom Stadtzentrum entfernt.<\/p>\n<p><span style=\"text-decoration: underline;\"><b>Was Sie am F\u00e4hrterminal von Rijeka finden k\u00f6nnen:<\/b><\/span><\/p>\n<p>Der F\u00e4hrhafen befindet sich in <strong>unmittelbarer N\u00e4he des Stadtzentrums.<\/strong> <strong>Aus diesem Grund gibt es im F\u00e4hrterminal und in der N\u00e4he viele Einrichtungen:<\/strong> ein Ticketschalter, Bars, Restaurants, Gesch\u00e4fte, Banken, Post\u00e4mter, historische St\u00e4tten usw. Die Hauptbushaltestelle ist nur <strong>10 Minuten (zu Fu\u00df) entfernt und die Bushaltestelle f\u00fcr lokale Linien ist 5 Minuten zu Fu\u00df entfernt.<\/strong><\/p>\n<p><span style=\"text-decoration: underline;\"><b>Adresse des F\u00e4hrterminals Rijeka:<\/b><\/span><\/p>\n<blockquote><p>Senjsko pristani\u0161te 3<\/p>\n<p>51000 Rijeka<\/p>\n<p><strong>GPS-Koordinaten:<\/strong> 45.324, 14.43998<\/p><\/blockquote>\n<p><a class=\"lightbox\" href=\"http:\/\/www.ferrycroatia.com\/wp-content\/uploads\/2016\/06\/Rijeka.jpg\"><img decoding=\"async\" loading=\"lazy\" class=\"alignnone size-full wp-image-70\" data-src=\"http:\/\/www.ferrycroatia.com\/wp-content\/uploads\/2016\/06\/Rijeka.jpg\" alt=\"Rijeka\" width=\"800\" height=\"456\" \/><\/a><\/p>\n<p><span style=\"text-decoration: underline;\"><b>Liste der Katamaran Routen von Rijeka:<\/b><\/span><\/p>\n<p>\u2192 Katamaran: Rijeka &#8211; Cres &#8211; Martin\u0161\u0107ica (Cres) &#8211; Unije &#8211; Susak &#8211; Ilovik &#8211; Mali Lo\u0161inj<\/p>\n<ul>\n<li><a href=\"https:\/\/www.ferrycroatia.com\/de\/rijeka-cres\/\">Rijeka &#8211; Cres<\/a><\/li>\n<li><a href=\"https:\/\/www.ferrycroatia.com\/de\/rijeka-martinscica\/\">Rijeka &#8211; Martin\u0161\u0107ica<\/a><\/li>\n<li><a href=\"https:\/\/www.ferrycroatia.com\/de\/rijeka-unije\/\">Rijeka &#8211; Unije<\/a><\/li>\n<li>Rijeka &#8211; Susak<\/li>\n<li><a href=\"https:\/\/www.ferrycroatia.com\/de\/rijeka-ilovik\/\">Rijeka &#8211; Ilovik<\/a><\/li>\n<li><a href=\"https:\/\/www.ferrycroatia.com\/de\/rijeka-mali-losinj\/\">Rijeka &#8211; Mali Lo\u0161inj<\/a><\/li>\n<\/ul>\n<p>\u2192 Katamaran: Rijeka &#8211; Rab &#8211; Novalja (Pag)<\/p>\n<ul>\n<li><a href=\"https:\/\/www.ferrycroatia.com\/de\/rijeka-rab\/\">Rijeka &#8211; Rab<\/a><\/li>\n<li><a href=\"https:\/\/www.ferrycroatia.com\/de\/rijeka-novalja\/\">Rijeka &#8211; Novalja<\/a><\/li>\n<\/ul>\n<p>\u2192 Katamaran: Stadt Rijeka &#8211; Krk &#8211; Lopar (Rab) &#8211; Silba &#8211; Zadar<\/p>\n<ul>\n<li><a href=\"https:\/\/www.ferrycroatia.com\/de\/rijeka-zadar\/\">Rijeka &#8211; Zadar<\/a><\/li>\n<li><a href=\"https:\/\/www.ferrycroatia.com\/de\/rijeka-krk\/\">Rijeka &#8211; Krk<\/a><\/li>\n<li><a href=\"https:\/\/www.ferrycroatia.com\/de\/rijeka-lopar\/\">Rijeka &#8211; Lopar<\/a><\/li>\n<li><a href=\"https:\/\/www.ferrycroatia.com\/de\/rijeka-silba\/\">Rijeka &#8211; Silba<\/a><\/li>\n<\/ul>\n","protected":false},"excerpt":{"rendered":"<p>Rijeka ist die drittgr\u00f6\u00dfte Stadt in Kroatien und die zweitgr\u00f6\u00dfte an der kroatischen Adriak\u00fcste. Es gilt als der gr\u00f6\u00dfte kroatische Hafen, obwohl es nicht viele Passagierlinien gibt, die durch Rijeka fahren. Der F\u00e4hrhafen von Rijeka befindet sich im Zentrum der Stadt, nur etwa 350 m von der Hauptpromenade und allen aufregenden Sehensw\u00fcrdigkeiten der Stadt entfernt. [&hellip;]<\/p>\n<p><a class=\"more-link\" href=\"https:\/\/www.ferrycroatia.com\/de\/fahrhafen-rijeka\/\"> Continue reading&#8230;<\/a><\/p>\n","protected":false},"author":5,"featured_media":0,"parent":0,"menu_order":0,"comment_status":"closed","ping_status":"closed","template":"","meta":[],"yoast_head":"<!-- This site is optimized with the Yoast SEO plugin v19.8 - https:\/\/yoast.com\/wordpress\/plugins\/seo\/ -->\n<title>F\u00e4hrterminal Rijeka, Abfahrten Katamarane und Autof\u00e4hren<\/title>\n<meta name=\"description\" content=\"Katamarane vom F\u00e4hrhafen Rijeka, wie man den F\u00e4hrhafen in Rijeka mit dem Bus oder mit dem Auto aus anderen St\u00e4dten in Kroatien erreicht.\" \/>\n<meta name=\"robots\" content=\"index, follow, max-snippet:-1, max-image-preview:large, max-video-preview:-1\" \/>\n<link rel=\"canonical\" href=\"https:\/\/www.ferrycroatia.com\/de\/fahrhafen-rijeka\/\" \/>\n<meta property=\"og:locale\" content=\"en_US\" \/>\n<meta property=\"og:type\" content=\"article\" \/>\n<meta property=\"og:title\" content=\"F\u00e4hrterminal Rijeka, Abfahrten Katamarane und Autof\u00e4hren\" \/>\n<meta property=\"og:description\" content=\"Katamarane vom F\u00e4hrhafen Rijeka, wie man den F\u00e4hrhafen in Rijeka mit dem Bus oder mit dem Auto aus anderen St\u00e4dten in Kroatien erreicht.\" \/>\n<meta property=\"og:url\" content=\"https:\/\/www.ferrycroatia.com\/de\/fahrhafen-rijeka\/\" \/>\n<meta property=\"og:site_name\" content=\"F\u00e4hre Kroatien\" \/>\n<meta property=\"article:modified_time\" content=\"2021-02-09T11:22:57+00:00\" \/>\n<meta property=\"og:image\" content=\"http:\/\/www.ferrycroatia.com\/wp-content\/uploads\/2016\/06\/Rijeka.jpg\" \/>\n<meta name=\"twitter:card\" content=\"summary_large_image\" \/>\n<meta name=\"twitter:label1\" content=\"Est. reading time\" \/>\n\t<meta name=\"twitter:data1\" content=\"3 minutes\" \/>\n<script type=\"application\/ld+json\" class=\"yoast-schema-graph\">{\"@context\":\"https:\/\/schema.org\",\"@graph\":[{\"@type\":\"WebPage\",\"@id\":\"https:\/\/www.ferrycroatia.com\/de\/fahrhafen-rijeka\/\",\"url\":\"https:\/\/www.ferrycroatia.com\/de\/fahrhafen-rijeka\/\",\"name\":\"F\u00e4hrterminal Rijeka, Abfahrten Katamarane und Autof\u00e4hren\",\"isPartOf\":{\"@id\":\"https:\/\/www.ferrycroatia.com\/de\/#website\"},\"datePublished\":\"2021-02-03T13:05:25+00:00\",\"dateModified\":\"2021-02-09T11:22:57+00:00\",\"description\":\"Katamarane vom F\u00e4hrhafen Rijeka, wie man den F\u00e4hrhafen in Rijeka mit dem Bus oder mit dem Auto aus anderen St\u00e4dten in Kroatien erreicht.\",\"breadcrumb\":{\"@id\":\"https:\/\/www.ferrycroatia.com\/de\/fahrhafen-rijeka\/#breadcrumb\"},\"inLanguage\":\"en-US\",\"potentialAction\":[{\"@type\":\"ReadAction\",\"target\":[\"https:\/\/www.ferrycroatia.com\/de\/fahrhafen-rijeka\/\"]}]},{\"@type\":\"BreadcrumbList\",\"@id\":\"https:\/\/www.ferrycroatia.com\/de\/fahrhafen-rijeka\/#breadcrumb\",\"itemListElement\":[{\"@type\":\"ListItem\",\"position\":1,\"name\":\"Home\",\"item\":\"https:\/\/www.ferrycroatia.com\/de\/\"},{\"@type\":\"ListItem\",\"position\":2,\"name\":\"F\u00e4hrhafen Rijeka\"}]},{\"@type\":\"WebSite\",\"@id\":\"https:\/\/www.ferrycroatia.com\/de\/#website\",\"url\":\"https:\/\/www.ferrycroatia.com\/de\/\",\"name\":\"F\u00e4hre Kroatien\",\"description\":\"Info und Fahrpl\u00e4ne f\u00fcr alle Katamarane und F\u00e4hren in Kroatien\",\"potentialAction\":[{\"@type\":\"SearchAction\",\"target\":{\"@type\":\"EntryPoint\",\"urlTemplate\":\"https:\/\/www.ferrycroatia.com\/de\/?s={search_term_string}\"},\"query-input\":\"required name=search_term_string\"}],\"inLanguage\":\"en-US\"}]}<\/script>\n<!-- \/ Yoast SEO plugin. -->","yoast_head_json":{"title":"F\u00e4hrterminal Rijeka, Abfahrten Katamarane und Autof\u00e4hren","description":"Katamarane vom F\u00e4hrhafen Rijeka, wie man den F\u00e4hrhafen in Rijeka mit dem Bus oder mit dem Auto aus anderen St\u00e4dten in Kroatien erreicht.","robots":{"index":"index","follow":"follow","max-snippet":"max-snippet:-1","max-image-preview":"max-image-preview:large","max-video-preview":"max-video-preview:-1"},"canonical":"https:\/\/www.ferrycroatia.com\/de\/fahrhafen-rijeka\/","og_locale":"en_US","og_type":"article","og_title":"F\u00e4hrterminal Rijeka, Abfahrten Katamarane und Autof\u00e4hren","og_description":"Katamarane vom F\u00e4hrhafen Rijeka, wie man den F\u00e4hrhafen in Rijeka mit dem Bus oder mit dem Auto aus anderen St\u00e4dten in Kroatien erreicht.","og_url":"https:\/\/www.ferrycroatia.com\/de\/fahrhafen-rijeka\/","og_site_name":"F\u00e4hre Kroatien","article_modified_time":"2021-02-09T11:22:57+00:00","og_image":[{"url":"http:\/\/www.ferrycroatia.com\/wp-content\/uploads\/2016\/06\/Rijeka.jpg"}],"twitter_card":"summary_large_image","twitter_misc":{"Est. reading time":"3 minutes"},"schema":{"@context":"https:\/\/schema.org","@graph":[{"@type":"WebPage","@id":"https:\/\/www.ferrycroatia.com\/de\/fahrhafen-rijeka\/","url":"https:\/\/www.ferrycroatia.com\/de\/fahrhafen-rijeka\/","name":"F\u00e4hrterminal Rijeka, Abfahrten Katamarane und Autof\u00e4hren","isPartOf":{"@id":"https:\/\/www.ferrycroatia.com\/de\/#website"},"datePublished":"2021-02-03T13:05:25+00:00","dateModified":"2021-02-09T11:22:57+00:00","description":"Katamarane vom F\u00e4hrhafen Rijeka, wie man den F\u00e4hrhafen in Rijeka mit dem Bus oder mit dem Auto aus anderen St\u00e4dten in Kroatien erreicht.","breadcrumb":{"@id":"https:\/\/www.ferrycroatia.com\/de\/fahrhafen-rijeka\/#breadcrumb"},"inLanguage":"en-US","potentialAction":[{"@type":"ReadAction","target":["https:\/\/www.ferrycroatia.com\/de\/fahrhafen-rijeka\/"]}]},{"@type":"BreadcrumbList","@id":"https:\/\/www.ferrycroatia.com\/de\/fahrhafen-rijeka\/#breadcrumb","itemListElement":[{"@type":"ListItem","position":1,"name":"Home","item":"https:\/\/www.ferrycroatia.com\/de\/"},{"@type":"ListItem","position":2,"name":"F\u00e4hrhafen Rijeka"}]},{"@type":"WebSite","@id":"https:\/\/www.ferrycroatia.com\/de\/#website","url":"https:\/\/www.ferrycroatia.com\/de\/","name":"F\u00e4hre Kroatien","description":"Info und Fahrpl\u00e4ne f\u00fcr alle Katamarane und F\u00e4hren in Kroatien","potentialAction":[{"@type":"SearchAction","target":{"@type":"EntryPoint","urlTemplate":"https:\/\/www.ferrycroatia.com\/de\/?s={search_term_string}"},"query-input":"required name=search_term_string"}],"inLanguage":"en-US"}]}},"_links":{"self":[{"href":"https:\/\/www.ferrycroatia.com\/de\/wp-json\/wp\/v2\/pages\/1201"}],"collection":[{"href":"https:\/\/www.ferrycroatia.com\/de\/wp-json\/wp\/v2\/pages"}],"about":[{"href":"https:\/\/www.ferrycroatia.com\/de\/wp-json\/wp\/v2\/types\/page"}],"author":[{"embeddable":true,"href":"https:\/\/www.ferrycroatia.com\/de\/wp-json\/wp\/v2\/users\/5"}],"replies":[{"embeddable":true,"href":"https:\/\/www.ferrycroatia.com\/de\/wp-json\/wp\/v2\/comments?post=1201"}],"version-history":[{"count":2,"href":"https:\/\/www.ferrycroatia.com\/de\/wp-json\/wp\/v2\/pages\/1201\/revisions"}],"predecessor-version":[{"id":1618,"href":"https:\/\/www.ferrycroatia.com\/de\/wp-json\/wp\/v2\/pages\/1201\/revisions\/1618"}],"wp:attachment":[{"href":"https:\/\/www.ferrycroatia.com\/de\/wp-json\/wp\/v2\/media?parent=1201"}],"curies":[{"name":"wp","href":"https:\/\/api.w.org\/{rel}","templated":true}]}}