{"id":1203,"date":"2021-02-03T13:07:17","date_gmt":"2021-02-03T13:07:17","guid":{"rendered":"https:\/\/ferrycroatia.com\/de\/?page_id=1203"},"modified":"2021-02-09T11:27:15","modified_gmt":"2021-02-09T11:27:15","slug":"fahrhafen-rivanj","status":"publish","type":"page","link":"https:\/\/www.ferrycroatia.com\/de\/fahrhafen-rivanj\/","title":{"rendered":"F\u00e4hrhafen Rivanj"},"content":{"rendered":"<p><strong>Rivanj ist eine kleine Insel im Zadar-Archipel<\/strong> zwischen den Inseln Sestrunj und Ugljan. Die einzige Stadt ist Rivanj im Inneren der Insel. <strong>Der F\u00e4hrhafen liegt ca. 500 m vom Stadtzentrum entfernt.<\/strong> Die Fahrt mit dem Katamaran nach Rivanj dauert etwa 40 Minuten, der Katamaran f\u00e4hrt vom alten Stadthafen in Zadar ab. Die Fahrzeit mit der Autof\u00e4hre von Zadar Ga\u017eenica nach Rivanj betr\u00e4gt ca. 1 Stunde und 20 Minuten.<\/p>\n<p><span style=\"text-decoration: underline;\"><b>Was Sie am F\u00e4hrterminal von Rivanj finden k\u00f6nnen:<\/b><\/span><\/p>\n<p>Rivanj ist eine wirklich kleine Stadt mit rund 30 Einwohnern, daher gibt es dort nicht viele Einrichtungen.<\/p>\n<p><span style=\"text-decoration: underline;\"><b>Adresse des F\u00e4hrterminals Rivanj:<\/b><\/span><\/p>\n<ul>\n<li>L\u00e4ngengrad: 15.031285<\/li>\n<li>Breitengrad: 44.152540<\/li>\n<li>23291 Rivanj (Rivanj)<\/li>\n<\/ul>\n<p><a class=\"lightbox\" href=\"http:\/\/www.ferrycroatia.com\/wp-content\/uploads\/2016\/08\/Rivanj-Island-Catamaran.jpg\"><img decoding=\"async\" loading=\"lazy\" class=\"alignnone size-full wp-image-760\" data-src=\"http:\/\/www.ferrycroatia.com\/wp-content\/uploads\/2016\/08\/Rivanj-Island-Catamaran.jpg\" alt=\"Rivanj Island Catamaran\" width=\"1024\" height=\"583\" \/><\/a><\/p>\n<p><span style=\"text-decoration: underline;\"><b>Liste der F\u00e4hr- und Katamaranrouten von und nach Rivanj:<\/b><\/span><\/p>\n<p>\u2192 Autof\u00e4hre: Zadar (Ga\u017eenica) &#8211; Rivanj &#8211; Sestrunj &#8211; Zverinac &#8211; Molat<\/p>\n<ul>\n<li><a href=\"https:\/\/www.ferrycroatia.com\/de\/rivanj-zadar\/\">Rivanj &#8211; Zadar<\/a><\/li>\n<li><a href=\"https:\/\/www.ferrycroatia.com\/de\/rivanj-sestrunj\/\">Rivanj &#8211; Sestrunj<\/a><\/li>\n<li><a href=\"https:\/\/www.ferrycroatia.com\/de\/rivanj-zverinac\/\">Rivanj &#8211; Zverinac<\/a><\/li>\n<li><a href=\"https:\/\/www.ferrycroatia.com\/de\/rivanj-molat\/\">Rivanj &#8211; Molat<\/a><\/li>\n<\/ul>\n<p>\u2192 Katamaran: Brbinj (Dugi Otok) &#8211; Bo\u017eava (Dugi Otok) &#8211; Zverinac &#8211; Sestrunj Rivanj &#8211; Zadar<\/p>\n<ul>\n<li><a href=\"https:\/\/www.ferrycroatia.com\/de\/rivanj-brbinj\/\">Rivanj &#8211; Brbinj<\/a><\/li>\n<li><a href=\"https:\/\/www.ferrycroatia.com\/de\/rivanj-bozava\/\">Rivanj &#8211; Bozava<\/a><\/li>\n<\/ul>\n","protected":false},"excerpt":{"rendered":"<p>Rivanj ist eine kleine Insel im Zadar-Archipel zwischen den Inseln Sestrunj und Ugljan. Die einzige Stadt ist Rivanj im Inneren der Insel. Der F\u00e4hrhafen liegt ca. 500 m vom Stadtzentrum entfernt. Die Fahrt mit dem Katamaran nach Rivanj dauert etwa 40 Minuten, der Katamaran f\u00e4hrt vom alten Stadthafen in Zadar ab. Die Fahrzeit mit der [&hellip;]<\/p>\n<p><a class=\"more-link\" href=\"https:\/\/www.ferrycroatia.com\/de\/fahrhafen-rivanj\/\"> Continue reading&#8230;<\/a><\/p>\n","protected":false},"author":5,"featured_media":0,"parent":0,"menu_order":0,"comment_status":"closed","ping_status":"closed","template":"","meta":[],"yoast_head":"<!-- This site is optimized with the Yoast SEO plugin v19.8 - https:\/\/yoast.com\/wordpress\/plugins\/seo\/ -->\n<title>F\u00e4hrterminal Rivanj, von und zur Insel Rivanj reisen<\/title>\n<meta name=\"robots\" content=\"index, follow, max-snippet:-1, max-image-preview:large, max-video-preview:-1\" \/>\n<link rel=\"canonical\" href=\"https:\/\/www.ferrycroatia.com\/de\/fahrhafen-rivanj\/\" \/>\n<meta property=\"og:locale\" content=\"en_US\" \/>\n<meta property=\"og:type\" content=\"article\" \/>\n<meta property=\"og:title\" content=\"F\u00e4hrterminal Rivanj, von und zur Insel Rivanj reisen\" \/>\n<meta property=\"og:description\" content=\"Rivanj ist eine kleine Insel im Zadar-Archipel zwischen den Inseln Sestrunj und Ugljan. Die einzige Stadt ist Rivanj im Inneren der Insel. Der F\u00e4hrhafen liegt ca. 500 m vom Stadtzentrum entfernt. Die Fahrt mit dem Katamaran nach Rivanj dauert etwa 40 Minuten, der Katamaran f\u00e4hrt vom alten Stadthafen in Zadar ab. Die Fahrzeit mit der [&hellip;] Continue reading...\" \/>\n<meta property=\"og:url\" content=\"https:\/\/www.ferrycroatia.com\/de\/fahrhafen-rivanj\/\" \/>\n<meta property=\"og:site_name\" content=\"F\u00e4hre Kroatien\" \/>\n<meta property=\"article:modified_time\" content=\"2021-02-09T11:27:15+00:00\" \/>\n<meta property=\"og:image\" content=\"http:\/\/www.ferrycroatia.com\/wp-content\/uploads\/2016\/08\/Rivanj-Island-Catamaran.jpg\" \/>\n<meta name=\"twitter:card\" content=\"summary_large_image\" \/>\n<meta name=\"twitter:label1\" content=\"Est. reading time\" \/>\n\t<meta name=\"twitter:data1\" content=\"1 minute\" \/>\n<script type=\"application\/ld+json\" class=\"yoast-schema-graph\">{\"@context\":\"https:\/\/schema.org\",\"@graph\":[{\"@type\":\"WebPage\",\"@id\":\"https:\/\/www.ferrycroatia.com\/de\/fahrhafen-rivanj\/\",\"url\":\"https:\/\/www.ferrycroatia.com\/de\/fahrhafen-rivanj\/\",\"name\":\"F\u00e4hrterminal Rivanj, von und zur Insel Rivanj reisen\",\"isPartOf\":{\"@id\":\"https:\/\/www.ferrycroatia.com\/de\/#website\"},\"datePublished\":\"2021-02-03T13:07:17+00:00\",\"dateModified\":\"2021-02-09T11:27:15+00:00\",\"breadcrumb\":{\"@id\":\"https:\/\/www.ferrycroatia.com\/de\/fahrhafen-rivanj\/#breadcrumb\"},\"inLanguage\":\"en-US\",\"potentialAction\":[{\"@type\":\"ReadAction\",\"target\":[\"https:\/\/www.ferrycroatia.com\/de\/fahrhafen-rivanj\/\"]}]},{\"@type\":\"BreadcrumbList\",\"@id\":\"https:\/\/www.ferrycroatia.com\/de\/fahrhafen-rivanj\/#breadcrumb\",\"itemListElement\":[{\"@type\":\"ListItem\",\"position\":1,\"name\":\"Home\",\"item\":\"https:\/\/www.ferrycroatia.com\/de\/\"},{\"@type\":\"ListItem\",\"position\":2,\"name\":\"F\u00e4hrhafen Rivanj\"}]},{\"@type\":\"WebSite\",\"@id\":\"https:\/\/www.ferrycroatia.com\/de\/#website\",\"url\":\"https:\/\/www.ferrycroatia.com\/de\/\",\"name\":\"F\u00e4hre Kroatien\",\"description\":\"Info und Fahrpl\u00e4ne f\u00fcr alle Katamarane und F\u00e4hren in Kroatien\",\"potentialAction\":[{\"@type\":\"SearchAction\",\"target\":{\"@type\":\"EntryPoint\",\"urlTemplate\":\"https:\/\/www.ferrycroatia.com\/de\/?s={search_term_string}\"},\"query-input\":\"required name=search_term_string\"}],\"inLanguage\":\"en-US\"}]}<\/script>\n<!-- \/ Yoast SEO plugin. -->","yoast_head_json":{"title":"F\u00e4hrterminal Rivanj, von und zur Insel Rivanj reisen","robots":{"index":"index","follow":"follow","max-snippet":"max-snippet:-1","max-image-preview":"max-image-preview:large","max-video-preview":"max-video-preview:-1"},"canonical":"https:\/\/www.ferrycroatia.com\/de\/fahrhafen-rivanj\/","og_locale":"en_US","og_type":"article","og_title":"F\u00e4hrterminal Rivanj, von und zur Insel Rivanj reisen","og_description":"Rivanj ist eine kleine Insel im Zadar-Archipel zwischen den Inseln Sestrunj und Ugljan. Die einzige Stadt ist Rivanj im Inneren der Insel. Der F\u00e4hrhafen liegt ca. 500 m vom Stadtzentrum entfernt. Die Fahrt mit dem Katamaran nach Rivanj dauert etwa 40 Minuten, der Katamaran f\u00e4hrt vom alten Stadthafen in Zadar ab. Die Fahrzeit mit der [&hellip;] Continue reading...","og_url":"https:\/\/www.ferrycroatia.com\/de\/fahrhafen-rivanj\/","og_site_name":"F\u00e4hre Kroatien","article_modified_time":"2021-02-09T11:27:15+00:00","og_image":[{"url":"http:\/\/www.ferrycroatia.com\/wp-content\/uploads\/2016\/08\/Rivanj-Island-Catamaran.jpg"}],"twitter_card":"summary_large_image","twitter_misc":{"Est. reading time":"1 minute"},"schema":{"@context":"https:\/\/schema.org","@graph":[{"@type":"WebPage","@id":"https:\/\/www.ferrycroatia.com\/de\/fahrhafen-rivanj\/","url":"https:\/\/www.ferrycroatia.com\/de\/fahrhafen-rivanj\/","name":"F\u00e4hrterminal Rivanj, von und zur Insel Rivanj reisen","isPartOf":{"@id":"https:\/\/www.ferrycroatia.com\/de\/#website"},"datePublished":"2021-02-03T13:07:17+00:00","dateModified":"2021-02-09T11:27:15+00:00","breadcrumb":{"@id":"https:\/\/www.ferrycroatia.com\/de\/fahrhafen-rivanj\/#breadcrumb"},"inLanguage":"en-US","potentialAction":[{"@type":"ReadAction","target":["https:\/\/www.ferrycroatia.com\/de\/fahrhafen-rivanj\/"]}]},{"@type":"BreadcrumbList","@id":"https:\/\/www.ferrycroatia.com\/de\/fahrhafen-rivanj\/#breadcrumb","itemListElement":[{"@type":"ListItem","position":1,"name":"Home","item":"https:\/\/www.ferrycroatia.com\/de\/"},{"@type":"ListItem","position":2,"name":"F\u00e4hrhafen Rivanj"}]},{"@type":"WebSite","@id":"https:\/\/www.ferrycroatia.com\/de\/#website","url":"https:\/\/www.ferrycroatia.com\/de\/","name":"F\u00e4hre Kroatien","description":"Info und Fahrpl\u00e4ne f\u00fcr alle Katamarane und F\u00e4hren in Kroatien","potentialAction":[{"@type":"SearchAction","target":{"@type":"EntryPoint","urlTemplate":"https:\/\/www.ferrycroatia.com\/de\/?s={search_term_string}"},"query-input":"required name=search_term_string"}],"inLanguage":"en-US"}]}},"_links":{"self":[{"href":"https:\/\/www.ferrycroatia.com\/de\/wp-json\/wp\/v2\/pages\/1203"}],"collection":[{"href":"https:\/\/www.ferrycroatia.com\/de\/wp-json\/wp\/v2\/pages"}],"about":[{"href":"https:\/\/www.ferrycroatia.com\/de\/wp-json\/wp\/v2\/types\/page"}],"author":[{"embeddable":true,"href":"https:\/\/www.ferrycroatia.com\/de\/wp-json\/wp\/v2\/users\/5"}],"replies":[{"embeddable":true,"href":"https:\/\/www.ferrycroatia.com\/de\/wp-json\/wp\/v2\/comments?post=1203"}],"version-history":[{"count":3,"href":"https:\/\/www.ferrycroatia.com\/de\/wp-json\/wp\/v2\/pages\/1203\/revisions"}],"predecessor-version":[{"id":1619,"href":"https:\/\/www.ferrycroatia.com\/de\/wp-json\/wp\/v2\/pages\/1203\/revisions\/1619"}],"wp:attachment":[{"href":"https:\/\/www.ferrycroatia.com\/de\/wp-json\/wp\/v2\/media?parent=1203"}],"curies":[{"name":"wp","href":"https:\/\/api.w.org\/{rel}","templated":true}]}}