{"id":1205,"date":"2021-02-03T13:12:16","date_gmt":"2021-02-03T13:12:16","guid":{"rendered":"https:\/\/ferrycroatia.com\/de\/?page_id=1205"},"modified":"2021-02-09T11:30:24","modified_gmt":"2021-02-09T11:30:24","slug":"fahrhafen-rogac","status":"publish","type":"page","link":"https:\/\/www.ferrycroatia.com\/de\/fahrhafen-rogac\/","title":{"rendered":"F\u00e4hrhafen Roga\u010d"},"content":{"rendered":"<p><strong>Roga\u010d ist eine kleine Stadt auf der Nordseite der Insel \u0160olta.<\/strong> Es ist auch der Haupthafen der Insel, der <strong>mit dem Bus mit anderen St\u00e4dten der Insel verbunden ist.<\/strong> Der F\u00e4hrhafen selbst befindet sich in einer weiten Bucht in unmittelbarer N\u00e4he des Stadtzentrums.<\/p>\n<p><span style=\"text-decoration: underline;\"><b>An- und Abreise zum F\u00e4hrterminal in Roga\u010d:<\/b><\/span><\/p>\n<p>Wie bereits erw\u00e4hnt, ist Roga\u010d eine sehr kleine Inselstadt. <strong>Unabh\u00e4ngig davon, wo sich Ihre Unterkunft befindet,<\/strong> ist der F\u00e4hrhafen bequem zu Fu\u00df erreichbar. Wenn Sie viel Gep\u00e4ck haben, k\u00f6nnen Sie ein Taxi rufen, das Sie nicht viel kosten sollte, da es eine kleine Entfernung ist. Wenn Sie woanders auf der Insel \u0160olta \u00fcbernachten, ist es ziemlich einfach, Roga\u010d mit dem Bus zu erreichen. Die <a href=\"https:\/\/getbybus.com\/de\/bus-von-rogac-solta\">Bushaltestelle <\/a><strong>befindet sich direkt neben dem F\u00e4hrterminal<\/strong> und es gibt Busverbindungen, sobald Sie von der F\u00e4hre aussteigen.<\/p>\n<p><span style=\"text-decoration: underline;\"><b>Anreise von Roga\u010d zum Flughafen Split:<\/b><\/span><\/p>\n<p>Roga\u010d und Split sind durch regelm\u00e4\u00dfige Katamaran- und F\u00e4hrlinien gut verbunden. Wenn Sie den F\u00e4hrhafen in Split erreicht haben, \u00fcberqueren Sie einfach die Stra\u00dfe, um zum Hauptbusbahnhof zu gelangen. Dort nehmen Sie einen Shuttlebus zum Flughafen. Die Fahrt dauert 30-40 Minuten (25 km) und die Tickets kosten ca. 30 kn = 4 Euro. Wenn Sie mit Gep\u00e4ck unterwegs sind und den \u00c4rger vermeiden m\u00f6chten, k\u00f6nnen Sie auch einen privaten Transfer bestellen oder ein Taxi vom <a href=\"https:\/\/www.ferrycroatia.com\/de\/fahrhafen-split\/\">F\u00e4hrhafen in Split<\/a> nehmen.<\/p>\n<p><span style=\"text-decoration: underline;\"><b>Was Sie am F\u00e4hrterminal von Roga\u010d finden k\u00f6nnen:<\/b><\/span><\/p>\n<p>Roga\u010d ist eine kleine Stadt, <strong>aber in der N\u00e4he des F\u00e4hrterminals finden Sie einige Einrichtungen:<\/strong> Caf\u00e9-Bars, Restaurants, Gesch\u00e4fte usw.<\/p>\n<p><span style=\"text-decoration: underline;\"><b>Adresse des F\u00e4hrterminals Roga\u010d:<\/b><\/span><\/p>\n<blockquote><p>D112 32<\/p>\n<p>21430 Roga\u010d (\u0160olta)<\/p>\n<p><strong>GPS-Koordinaten:<\/strong> 43.39616, 16.29989<\/p><\/blockquote>\n<p><a class=\"lightbox\" href=\"http:\/\/www.ferrycroatia.com\/en\/wp-content\/uploads\/2016\/07\/Rogac.jpg\"><img decoding=\"async\" loading=\"lazy\" class=\"alignnone size-full wp-image-2601\" data-src=\"http:\/\/www.ferrycroatia.com\/en\/wp-content\/uploads\/2016\/07\/Rogac.jpg\" alt=\"map rogac ferry port\" width=\"800\" height=\"491\" \/><\/a><\/p>\n<p><span style=\"text-decoration: underline;\"><b>Liste der F\u00e4hr- und Katamaran Routen von Roga\u010d:<\/b><\/span><\/p>\n<p>Autof\u00e4hre &amp; Katamaran: Split &#8211; Roga\u010d (\u0160olta)<\/p>\n<ul>\n<li><a href=\"https:\/\/www.ferrycroatia.com\/de\/split-rogac\/\">Split &#8211; Roga\u010d<\/a><\/li>\n<\/ul>\n","protected":false},"excerpt":{"rendered":"<p>Roga\u010d ist eine kleine Stadt auf der Nordseite der Insel \u0160olta. Es ist auch der Haupthafen der Insel, der mit dem Bus mit anderen St\u00e4dten der Insel verbunden ist. Der F\u00e4hrhafen selbst befindet sich in einer weiten Bucht in unmittelbarer N\u00e4he des Stadtzentrums. An- und Abreise zum F\u00e4hrterminal in Roga\u010d: Wie bereits erw\u00e4hnt, ist Roga\u010d [&hellip;]<\/p>\n<p><a class=\"more-link\" href=\"https:\/\/www.ferrycroatia.com\/de\/fahrhafen-rogac\/\"> Continue reading&#8230;<\/a><\/p>\n","protected":false},"author":5,"featured_media":1206,"parent":0,"menu_order":0,"comment_status":"closed","ping_status":"closed","template":"","meta":[],"yoast_head":"<!-- This site is optimized with the Yoast SEO plugin v19.8 - https:\/\/yoast.com\/wordpress\/plugins\/seo\/ -->\n<title>F\u00e4hrterminal Roga\u010d, Abfahrten mit Katamaran und Autof\u00e4hre<\/title>\n<meta name=\"description\" content=\"F\u00e4hren und Katamarane vom F\u00e4hrhafen Roga\u010d, wie man den Hafen mit dem Bus oder dem Auto von anderen Zielen in Kroatien aus erreicht, Adresse und Einrichtungen des F\u00e4hrhafens Roga\u010d.\" \/>\n<meta name=\"robots\" content=\"index, follow, max-snippet:-1, max-image-preview:large, max-video-preview:-1\" \/>\n<link rel=\"canonical\" href=\"https:\/\/www.ferrycroatia.com\/de\/fahrhafen-rogac\/\" \/>\n<meta property=\"og:locale\" content=\"en_US\" \/>\n<meta property=\"og:type\" content=\"article\" \/>\n<meta property=\"og:title\" content=\"F\u00e4hrterminal Roga\u010d, Abfahrten mit Katamaran und Autof\u00e4hre\" \/>\n<meta property=\"og:description\" content=\"F\u00e4hren und Katamarane vom F\u00e4hrhafen Roga\u010d, wie man den Hafen mit dem Bus oder dem Auto von anderen Zielen in Kroatien aus erreicht, Adresse und Einrichtungen des F\u00e4hrhafens Roga\u010d.\" \/>\n<meta property=\"og:url\" content=\"https:\/\/www.ferrycroatia.com\/de\/fahrhafen-rogac\/\" \/>\n<meta property=\"og:site_name\" content=\"F\u00e4hre Kroatien\" \/>\n<meta property=\"article:modified_time\" content=\"2021-02-09T11:30:24+00:00\" \/>\n<meta property=\"og:image\" content=\"https:\/\/www.ferrycroatia.com\/de\/wp-content\/uploads\/2021\/02\/Rogac-F\u00e4hrhafen.jpg\" \/>\n\t<meta property=\"og:image:width\" content=\"1024\" \/>\n\t<meta property=\"og:image:height\" content=\"768\" \/>\n\t<meta property=\"og:image:type\" content=\"image\/jpeg\" \/>\n<meta name=\"twitter:card\" content=\"summary_large_image\" \/>\n<meta name=\"twitter:label1\" content=\"Est. reading time\" \/>\n\t<meta name=\"twitter:data1\" content=\"1 minute\" \/>\n<script type=\"application\/ld+json\" class=\"yoast-schema-graph\">{\"@context\":\"https:\/\/schema.org\",\"@graph\":[{\"@type\":\"WebPage\",\"@id\":\"https:\/\/www.ferrycroatia.com\/de\/fahrhafen-rogac\/\",\"url\":\"https:\/\/www.ferrycroatia.com\/de\/fahrhafen-rogac\/\",\"name\":\"F\u00e4hrterminal Roga\u010d, Abfahrten mit Katamaran und Autof\u00e4hre\",\"isPartOf\":{\"@id\":\"https:\/\/www.ferrycroatia.com\/de\/#website\"},\"datePublished\":\"2021-02-03T13:12:16+00:00\",\"dateModified\":\"2021-02-09T11:30:24+00:00\",\"description\":\"F\u00e4hren und Katamarane vom F\u00e4hrhafen Roga\u010d, wie man den Hafen mit dem Bus oder dem Auto von anderen Zielen in Kroatien aus erreicht, Adresse und Einrichtungen des F\u00e4hrhafens Roga\u010d.\",\"breadcrumb\":{\"@id\":\"https:\/\/www.ferrycroatia.com\/de\/fahrhafen-rogac\/#breadcrumb\"},\"inLanguage\":\"en-US\",\"potentialAction\":[{\"@type\":\"ReadAction\",\"target\":[\"https:\/\/www.ferrycroatia.com\/de\/fahrhafen-rogac\/\"]}]},{\"@type\":\"BreadcrumbList\",\"@id\":\"https:\/\/www.ferrycroatia.com\/de\/fahrhafen-rogac\/#breadcrumb\",\"itemListElement\":[{\"@type\":\"ListItem\",\"position\":1,\"name\":\"Home\",\"item\":\"https:\/\/www.ferrycroatia.com\/de\/\"},{\"@type\":\"ListItem\",\"position\":2,\"name\":\"F\u00e4hrhafen Roga\u010d\"}]},{\"@type\":\"WebSite\",\"@id\":\"https:\/\/www.ferrycroatia.com\/de\/#website\",\"url\":\"https:\/\/www.ferrycroatia.com\/de\/\",\"name\":\"F\u00e4hre Kroatien\",\"description\":\"Info und Fahrpl\u00e4ne f\u00fcr alle Katamarane und F\u00e4hren in Kroatien\",\"potentialAction\":[{\"@type\":\"SearchAction\",\"target\":{\"@type\":\"EntryPoint\",\"urlTemplate\":\"https:\/\/www.ferrycroatia.com\/de\/?s={search_term_string}\"},\"query-input\":\"required name=search_term_string\"}],\"inLanguage\":\"en-US\"}]}<\/script>\n<!-- \/ Yoast SEO plugin. -->","yoast_head_json":{"title":"F\u00e4hrterminal Roga\u010d, Abfahrten mit Katamaran und Autof\u00e4hre","description":"F\u00e4hren und Katamarane vom F\u00e4hrhafen Roga\u010d, wie man den Hafen mit dem Bus oder dem Auto von anderen Zielen in Kroatien aus erreicht, Adresse und Einrichtungen des F\u00e4hrhafens Roga\u010d.","robots":{"index":"index","follow":"follow","max-snippet":"max-snippet:-1","max-image-preview":"max-image-preview:large","max-video-preview":"max-video-preview:-1"},"canonical":"https:\/\/www.ferrycroatia.com\/de\/fahrhafen-rogac\/","og_locale":"en_US","og_type":"article","og_title":"F\u00e4hrterminal Roga\u010d, Abfahrten mit Katamaran und Autof\u00e4hre","og_description":"F\u00e4hren und Katamarane vom F\u00e4hrhafen Roga\u010d, wie man den Hafen mit dem Bus oder dem Auto von anderen Zielen in Kroatien aus erreicht, Adresse und Einrichtungen des F\u00e4hrhafens Roga\u010d.","og_url":"https:\/\/www.ferrycroatia.com\/de\/fahrhafen-rogac\/","og_site_name":"F\u00e4hre Kroatien","article_modified_time":"2021-02-09T11:30:24+00:00","og_image":[{"width":1024,"height":768,"url":"https:\/\/www.ferrycroatia.com\/de\/wp-content\/uploads\/2021\/02\/Rogac-F\u00e4hrhafen.jpg","type":"image\/jpeg"}],"twitter_card":"summary_large_image","twitter_misc":{"Est. reading time":"1 minute"},"schema":{"@context":"https:\/\/schema.org","@graph":[{"@type":"WebPage","@id":"https:\/\/www.ferrycroatia.com\/de\/fahrhafen-rogac\/","url":"https:\/\/www.ferrycroatia.com\/de\/fahrhafen-rogac\/","name":"F\u00e4hrterminal Roga\u010d, Abfahrten mit Katamaran und Autof\u00e4hre","isPartOf":{"@id":"https:\/\/www.ferrycroatia.com\/de\/#website"},"datePublished":"2021-02-03T13:12:16+00:00","dateModified":"2021-02-09T11:30:24+00:00","description":"F\u00e4hren und Katamarane vom F\u00e4hrhafen Roga\u010d, wie man den Hafen mit dem Bus oder dem Auto von anderen Zielen in Kroatien aus erreicht, Adresse und Einrichtungen des F\u00e4hrhafens Roga\u010d.","breadcrumb":{"@id":"https:\/\/www.ferrycroatia.com\/de\/fahrhafen-rogac\/#breadcrumb"},"inLanguage":"en-US","potentialAction":[{"@type":"ReadAction","target":["https:\/\/www.ferrycroatia.com\/de\/fahrhafen-rogac\/"]}]},{"@type":"BreadcrumbList","@id":"https:\/\/www.ferrycroatia.com\/de\/fahrhafen-rogac\/#breadcrumb","itemListElement":[{"@type":"ListItem","position":1,"name":"Home","item":"https:\/\/www.ferrycroatia.com\/de\/"},{"@type":"ListItem","position":2,"name":"F\u00e4hrhafen Roga\u010d"}]},{"@type":"WebSite","@id":"https:\/\/www.ferrycroatia.com\/de\/#website","url":"https:\/\/www.ferrycroatia.com\/de\/","name":"F\u00e4hre Kroatien","description":"Info und Fahrpl\u00e4ne f\u00fcr alle Katamarane und F\u00e4hren in Kroatien","potentialAction":[{"@type":"SearchAction","target":{"@type":"EntryPoint","urlTemplate":"https:\/\/www.ferrycroatia.com\/de\/?s={search_term_string}"},"query-input":"required name=search_term_string"}],"inLanguage":"en-US"}]}},"_links":{"self":[{"href":"https:\/\/www.ferrycroatia.com\/de\/wp-json\/wp\/v2\/pages\/1205"}],"collection":[{"href":"https:\/\/www.ferrycroatia.com\/de\/wp-json\/wp\/v2\/pages"}],"about":[{"href":"https:\/\/www.ferrycroatia.com\/de\/wp-json\/wp\/v2\/types\/page"}],"author":[{"embeddable":true,"href":"https:\/\/www.ferrycroatia.com\/de\/wp-json\/wp\/v2\/users\/5"}],"replies":[{"embeddable":true,"href":"https:\/\/www.ferrycroatia.com\/de\/wp-json\/wp\/v2\/comments?post=1205"}],"version-history":[{"count":2,"href":"https:\/\/www.ferrycroatia.com\/de\/wp-json\/wp\/v2\/pages\/1205\/revisions"}],"predecessor-version":[{"id":1620,"href":"https:\/\/www.ferrycroatia.com\/de\/wp-json\/wp\/v2\/pages\/1205\/revisions\/1620"}],"wp:featuredmedia":[{"embeddable":true,"href":"https:\/\/www.ferrycroatia.com\/de\/wp-json\/wp\/v2\/media\/1206"}],"wp:attachment":[{"href":"https:\/\/www.ferrycroatia.com\/de\/wp-json\/wp\/v2\/media?parent=1205"}],"curies":[{"name":"wp","href":"https:\/\/api.w.org\/{rel}","templated":true}]}}