{"id":1208,"date":"2021-02-03T13:18:49","date_gmt":"2021-02-03T13:18:49","guid":{"rendered":"https:\/\/ferrycroatia.com\/de\/?page_id=1208"},"modified":"2022-04-08T08:54:21","modified_gmt":"2022-04-08T06:54:21","slug":"fahrhafen-rovinj","status":"publish","type":"page","link":"https:\/\/www.ferrycroatia.com\/de\/fahrhafen-rovinj\/","title":{"rendered":"F\u00e4hrhafen Rovinj"},"content":{"rendered":"\n<p>Rovinj ist eine sch\u00f6ne mediterrane Stadt auf der <strong>Westseite der istrischen Halbinsel.<\/strong> Alle Katamarane in Rovinj verlassen den Pier direkt neben der Halbinsel, auf der sich die Altstadt befindet (links davon, wenn Sie auf das Meer blicken).<\/p>\n\n\n\n<p><span style=\"text-decoration: underline;\"><b>An- und Abreise zum F\u00e4hrhafen von Rovinj:<\/b><\/span><\/p>\n\n\n\n<p>Rovinj ist eine kleine Stadt und es gibt <strong>keine regul\u00e4ren \u00f6ffentlichen Verkehrsmittel.<\/strong> Wenn Sie irgendwo in der Stadt Rovinj \u00fcbernachten, ist der Katamaran Hafen nicht weit entfernt und bequem zu Fu\u00df erreichbar. Wenn Sie viel Gep\u00e4ck haben, k\u00f6nnen Sie auch ein Taxi nehmen, das Sie nicht viel kosten sollte, da es eine ziemlich kurze Strecke ist. <strong>W\u00e4hrend des Sommermonats stehen die Touristenboote zur Verf\u00fcgung,<\/strong> wenn Sie das Zentrum von Rovinj (und den Katamaran Hafen) von einigen ber\u00fchmten Ferienorten wie Amarin oder Villas Rubin aus erreichen m\u00f6chten (das Ticket kostet einige Euro).<\/p>\n\n\n\n<p><span style=\"text-decoration: underline;\"><b>Was Sie am Katamaran Hafen finden k\u00f6nnen:<\/b><\/span><\/p>\n\n\n\n<p>Wie bereits erw\u00e4hnt, befindet sich <strong>der Pier, von dem der Katamaran abf\u00e4hrt, buchst\u00e4blich im Zentrum von Rovinj.<\/strong> F\u00fcr all die Dinge, die Sie nicht direkt im Hafen finden k\u00f6nnen, finden Sie sie im nahegelegenen Stadtzentrum: Bars, Restaurants, Gesch\u00e4fte usw.<\/p>\n\n\n\n<p><span style=\"text-decoration: underline;\"><b>Adresse des F\u00e4hrhafens Rovinj:<\/b><\/span><\/p>\n\n\n\n<ul><li>L\u00e4ngengrad: 13.633015<\/li><li>Breitengrad: 45.080266<\/li><li>Veliki Mol<\/li><li>52210 Rovinj<\/li><\/ul>\n\n\n\n<figure class=\"wp-block-image\"><a class=\"lightbox\" href=\"http:\/\/www.ferrycroatia.com\/wp-content\/uploads\/2016\/07\/Rovinj-catamaran.jpg\"><img decoding=\"async\" data-src=\"http:\/\/www.ferrycroatia.com\/wp-content\/uploads\/2016\/07\/Rovinj-catamaran.jpg\" alt=\"Rovinj-catamaran\" class=\"wp-image-503\"\/><\/a><\/figure>\n\n\n\n<p><span style=\"text-decoration: underline;\"><b>Liste der Katamaran Routen von Rovinj:<\/b><\/span><\/p>\n\n\n\n<p>\u2192 Katamaran: Venedig &#8211; Umag &#8211; Pore\u010d &#8211; Rovinj &#8211; Pula<\/p>\n\n\n\n<ul><li><a href=\"https:\/\/www.ferrycroatia.com\/de\/rovinj-venedig\/\">Rovinj &#8211; Venedig<\/a><\/li><\/ul>\n\n\n\n<p>\u2192 Katamaran: Triest (IT) &#8211; Piran (SLO) &#8211; Rovinj &#8211; Pula<\/p>\n\n\n\n<ul><li><a href=\"https:\/\/www.ferrycroatia.com\/de\/rovinj-triest\/\">Rovinj &#8211; Triest<\/a><\/li><li><a href=\"https:\/\/www.ferrycroatia.com\/de\/rovinj-piran\/\">Rovinj &#8211; Piran<\/a><\/li><\/ul>\n\n\n\n<p><\/p>\n","protected":false},"excerpt":{"rendered":"<p>Rovinj ist eine sch\u00f6ne mediterrane Stadt auf der Westseite der istrischen Halbinsel. Alle Katamarane in Rovinj verlassen den Pier direkt neben der Halbinsel, auf der sich die Altstadt befindet (links davon, wenn Sie auf das Meer blicken). An- und Abreise zum F\u00e4hrhafen von Rovinj: Rovinj ist eine kleine Stadt und es gibt keine regul\u00e4ren \u00f6ffentlichen [&hellip;]<\/p>\n<p><a class=\"more-link\" href=\"https:\/\/www.ferrycroatia.com\/de\/fahrhafen-rovinj\/\"> Continue reading&#8230;<\/a><\/p>\n","protected":false},"author":5,"featured_media":1210,"parent":0,"menu_order":0,"comment_status":"closed","ping_status":"closed","template":"","meta":[],"yoast_head":"<!-- This site is optimized with the Yoast SEO plugin v19.8 - https:\/\/yoast.com\/wordpress\/plugins\/seo\/ -->\n<title>F\u00e4hrhafen Rovinj, Ankunft und Abfahrt der Katamarane<\/title>\n<meta name=\"description\" content=\"Katamarane vom F\u00e4hrhafen Rovinj, Karte mit dem Standort des F\u00e4hrhafens im Zentrum von Rovinj, hier finden Sie Fahrpl\u00e4ne f\u00fcr Katamaranverbindungen von Rovinj Kroatien.\" \/>\n<meta name=\"robots\" content=\"index, follow, max-snippet:-1, max-image-preview:large, max-video-preview:-1\" \/>\n<link rel=\"canonical\" href=\"https:\/\/www.ferrycroatia.com\/de\/fahrhafen-rovinj\/\" \/>\n<meta property=\"og:locale\" content=\"en_US\" \/>\n<meta property=\"og:type\" content=\"article\" \/>\n<meta property=\"og:title\" content=\"F\u00e4hrhafen Rovinj, Ankunft und Abfahrt der Katamarane\" \/>\n<meta property=\"og:description\" content=\"Katamarane vom F\u00e4hrhafen Rovinj, Karte mit dem Standort des F\u00e4hrhafens im Zentrum von Rovinj, hier finden Sie Fahrpl\u00e4ne f\u00fcr Katamaranverbindungen von Rovinj Kroatien.\" \/>\n<meta property=\"og:url\" content=\"https:\/\/www.ferrycroatia.com\/de\/fahrhafen-rovinj\/\" \/>\n<meta property=\"og:site_name\" content=\"F\u00e4hre Kroatien\" \/>\n<meta property=\"article:modified_time\" content=\"2022-04-08T06:54:21+00:00\" \/>\n<meta property=\"og:image\" content=\"https:\/\/www.ferrycroatia.com\/de\/wp-content\/uploads\/2021\/02\/Rovinj.jpg\" \/>\n\t<meta property=\"og:image:width\" content=\"1024\" \/>\n\t<meta property=\"og:image:height\" content=\"768\" \/>\n\t<meta property=\"og:image:type\" content=\"image\/jpeg\" \/>\n<meta name=\"twitter:card\" content=\"summary_large_image\" \/>\n<meta name=\"twitter:label1\" content=\"Est. reading time\" \/>\n\t<meta name=\"twitter:data1\" content=\"2 minutes\" \/>\n<script type=\"application\/ld+json\" class=\"yoast-schema-graph\">{\"@context\":\"https:\/\/schema.org\",\"@graph\":[{\"@type\":\"WebPage\",\"@id\":\"https:\/\/www.ferrycroatia.com\/de\/fahrhafen-rovinj\/\",\"url\":\"https:\/\/www.ferrycroatia.com\/de\/fahrhafen-rovinj\/\",\"name\":\"F\u00e4hrhafen Rovinj, Ankunft und Abfahrt der Katamarane\",\"isPartOf\":{\"@id\":\"https:\/\/www.ferrycroatia.com\/de\/#website\"},\"datePublished\":\"2021-02-03T13:18:49+00:00\",\"dateModified\":\"2022-04-08T06:54:21+00:00\",\"description\":\"Katamarane vom F\u00e4hrhafen Rovinj, Karte mit dem Standort des F\u00e4hrhafens im Zentrum von Rovinj, hier finden Sie Fahrpl\u00e4ne f\u00fcr Katamaranverbindungen von Rovinj Kroatien.\",\"breadcrumb\":{\"@id\":\"https:\/\/www.ferrycroatia.com\/de\/fahrhafen-rovinj\/#breadcrumb\"},\"inLanguage\":\"en-US\",\"potentialAction\":[{\"@type\":\"ReadAction\",\"target\":[\"https:\/\/www.ferrycroatia.com\/de\/fahrhafen-rovinj\/\"]}]},{\"@type\":\"BreadcrumbList\",\"@id\":\"https:\/\/www.ferrycroatia.com\/de\/fahrhafen-rovinj\/#breadcrumb\",\"itemListElement\":[{\"@type\":\"ListItem\",\"position\":1,\"name\":\"Home\",\"item\":\"https:\/\/www.ferrycroatia.com\/de\/\"},{\"@type\":\"ListItem\",\"position\":2,\"name\":\"F\u00e4hrhafen Rovinj\"}]},{\"@type\":\"WebSite\",\"@id\":\"https:\/\/www.ferrycroatia.com\/de\/#website\",\"url\":\"https:\/\/www.ferrycroatia.com\/de\/\",\"name\":\"F\u00e4hre Kroatien\",\"description\":\"Info und Fahrpl\u00e4ne f\u00fcr alle Katamarane und F\u00e4hren in Kroatien\",\"potentialAction\":[{\"@type\":\"SearchAction\",\"target\":{\"@type\":\"EntryPoint\",\"urlTemplate\":\"https:\/\/www.ferrycroatia.com\/de\/?s={search_term_string}\"},\"query-input\":\"required name=search_term_string\"}],\"inLanguage\":\"en-US\"}]}<\/script>\n<!-- \/ Yoast SEO plugin. -->","yoast_head_json":{"title":"F\u00e4hrhafen Rovinj, Ankunft und Abfahrt der Katamarane","description":"Katamarane vom F\u00e4hrhafen Rovinj, Karte mit dem Standort des F\u00e4hrhafens im Zentrum von Rovinj, hier finden Sie Fahrpl\u00e4ne f\u00fcr Katamaranverbindungen von Rovinj Kroatien.","robots":{"index":"index","follow":"follow","max-snippet":"max-snippet:-1","max-image-preview":"max-image-preview:large","max-video-preview":"max-video-preview:-1"},"canonical":"https:\/\/www.ferrycroatia.com\/de\/fahrhafen-rovinj\/","og_locale":"en_US","og_type":"article","og_title":"F\u00e4hrhafen Rovinj, Ankunft und Abfahrt der Katamarane","og_description":"Katamarane vom F\u00e4hrhafen Rovinj, Karte mit dem Standort des F\u00e4hrhafens im Zentrum von Rovinj, hier finden Sie Fahrpl\u00e4ne f\u00fcr Katamaranverbindungen von Rovinj Kroatien.","og_url":"https:\/\/www.ferrycroatia.com\/de\/fahrhafen-rovinj\/","og_site_name":"F\u00e4hre Kroatien","article_modified_time":"2022-04-08T06:54:21+00:00","og_image":[{"width":1024,"height":768,"url":"https:\/\/www.ferrycroatia.com\/de\/wp-content\/uploads\/2021\/02\/Rovinj.jpg","type":"image\/jpeg"}],"twitter_card":"summary_large_image","twitter_misc":{"Est. reading time":"2 minutes"},"schema":{"@context":"https:\/\/schema.org","@graph":[{"@type":"WebPage","@id":"https:\/\/www.ferrycroatia.com\/de\/fahrhafen-rovinj\/","url":"https:\/\/www.ferrycroatia.com\/de\/fahrhafen-rovinj\/","name":"F\u00e4hrhafen Rovinj, Ankunft und Abfahrt der Katamarane","isPartOf":{"@id":"https:\/\/www.ferrycroatia.com\/de\/#website"},"datePublished":"2021-02-03T13:18:49+00:00","dateModified":"2022-04-08T06:54:21+00:00","description":"Katamarane vom F\u00e4hrhafen Rovinj, Karte mit dem Standort des F\u00e4hrhafens im Zentrum von Rovinj, hier finden Sie Fahrpl\u00e4ne f\u00fcr Katamaranverbindungen von Rovinj Kroatien.","breadcrumb":{"@id":"https:\/\/www.ferrycroatia.com\/de\/fahrhafen-rovinj\/#breadcrumb"},"inLanguage":"en-US","potentialAction":[{"@type":"ReadAction","target":["https:\/\/www.ferrycroatia.com\/de\/fahrhafen-rovinj\/"]}]},{"@type":"BreadcrumbList","@id":"https:\/\/www.ferrycroatia.com\/de\/fahrhafen-rovinj\/#breadcrumb","itemListElement":[{"@type":"ListItem","position":1,"name":"Home","item":"https:\/\/www.ferrycroatia.com\/de\/"},{"@type":"ListItem","position":2,"name":"F\u00e4hrhafen Rovinj"}]},{"@type":"WebSite","@id":"https:\/\/www.ferrycroatia.com\/de\/#website","url":"https:\/\/www.ferrycroatia.com\/de\/","name":"F\u00e4hre Kroatien","description":"Info und Fahrpl\u00e4ne f\u00fcr alle Katamarane und F\u00e4hren in Kroatien","potentialAction":[{"@type":"SearchAction","target":{"@type":"EntryPoint","urlTemplate":"https:\/\/www.ferrycroatia.com\/de\/?s={search_term_string}"},"query-input":"required name=search_term_string"}],"inLanguage":"en-US"}]}},"_links":{"self":[{"href":"https:\/\/www.ferrycroatia.com\/de\/wp-json\/wp\/v2\/pages\/1208"}],"collection":[{"href":"https:\/\/www.ferrycroatia.com\/de\/wp-json\/wp\/v2\/pages"}],"about":[{"href":"https:\/\/www.ferrycroatia.com\/de\/wp-json\/wp\/v2\/types\/page"}],"author":[{"embeddable":true,"href":"https:\/\/www.ferrycroatia.com\/de\/wp-json\/wp\/v2\/users\/5"}],"replies":[{"embeddable":true,"href":"https:\/\/www.ferrycroatia.com\/de\/wp-json\/wp\/v2\/comments?post=1208"}],"version-history":[{"count":3,"href":"https:\/\/www.ferrycroatia.com\/de\/wp-json\/wp\/v2\/pages\/1208\/revisions"}],"predecessor-version":[{"id":2140,"href":"https:\/\/www.ferrycroatia.com\/de\/wp-json\/wp\/v2\/pages\/1208\/revisions\/2140"}],"wp:featuredmedia":[{"embeddable":true,"href":"https:\/\/www.ferrycroatia.com\/de\/wp-json\/wp\/v2\/media\/1210"}],"wp:attachment":[{"href":"https:\/\/www.ferrycroatia.com\/de\/wp-json\/wp\/v2\/media?parent=1208"}],"curies":[{"name":"wp","href":"https:\/\/api.w.org\/{rel}","templated":true}]}}