{"id":1213,"date":"2021-02-03T13:23:17","date_gmt":"2021-02-03T13:23:17","guid":{"rendered":"https:\/\/ferrycroatia.com\/de\/?page_id=1213"},"modified":"2021-02-09T11:33:13","modified_gmt":"2021-02-09T11:33:13","slug":"fahrhafen-sali","status":"publish","type":"page","link":"https:\/\/www.ferrycroatia.com\/de\/fahrhafen-sali\/","title":{"rendered":"F\u00e4hrhafen Sali"},"content":{"rendered":"<p><strong>Sali ist die gr\u00f6\u00dfte Stadt auf der <a href=\"https:\/\/www.ferrycroatia.com\/de\/insel-dugi-otok\/\">Insel Dugi Otok<\/a><\/strong> im Nordosten. Der Pier, von dem die Katamarane abfahren, befindet sich direkt im Zentrum der Stadt, nahe der Hauptpromenade am Meer. Sali ist durch regelm\u00e4\u00dfige Katamaran Linien mit der Stadt <a href=\"https:\/\/www.ferrycroatia.com\/de\/fahrhafen-zaglav\/\"><strong>Zaglav auf Dugi Otok<\/strong><\/a>, dem <strong><a href=\"https:\/\/www.ferrycroatia.com\/de\/fahrhafen-brsanj\/\">Hafen Br\u0161anj<\/a> auf der Insel I\u017e und dem <a href=\"https:\/\/www.ferrycroatia.com\/de\/fahrhafen-zadar\/\">Haupthafen Zadar<\/a> verbunden.<\/strong><\/p>\n<p><span style=\"text-decoration: underline;\"><b>An- und Abreise zum Katamaran Hafen in Sali:<\/b><\/span><\/p>\n<p>Die <strong>Segelzeit von und nach Sali von Zadar betr\u00e4gt ungef\u00e4hr 1 Stunde,<\/strong> was bedeutet, dass Sie ungef\u00e4hr 2 Stunden ben\u00f6tigen, um vom <a href=\"https:\/\/getbybus.com\/de\/blog\/flughafen-bus-pula\/\">Flughafen Zadar<\/a> nach Sali zu gelangen, vorausgesetzt, Ihre Ankunft mit dem Flugzeug entspricht der Abfahrzeit des Katamarans.<\/p>\n<p>Wie oben erw\u00e4hnt, ist Sali die gr\u00f6\u00dfte Stadt der Insel, aber immer noch recht klein. Unabh\u00e4ngig davon, wo sich Ihre Unterkunft befindet, ist <strong>der Pier, von dem die Katamarane abfahren,<\/strong> <strong>leicht zu Fu\u00df erreichbar<\/strong>. Wenn Sie in einer der anderen St\u00e4dte der Insel wohnen, k\u00f6nnen Sie ein Taxi nehmen oder einen Transport von Ihrem Vermieter arrangieren.<\/p>\n<p><span style=\"text-decoration: underline;\"><b>Was Sie am Katamaran Hafen von Sali finden k\u00f6nnen:<\/b><\/span><\/p>\n<p>Obwohl es eine kleine Stadt ist, verf\u00fcgt sie dennoch \u00fcber gen\u00fcgend Einrichtungen, <strong>sodass Sie ein Postamt<\/strong>, eine Bank, mehrere Bars, Restaurants und Gesch\u00e4fte in unmittelbarer N\u00e4he des Hafens finden.<\/p>\n<p><span style=\"text-decoration: underline;\"><b>Adresse des Katamaran Hafens Sali:<\/b><\/span><\/p>\n<ul>\n<li>L\u00e4ngengrad: 15.166041<\/li>\n<li>Breitengrad: 43.937187<\/li>\n<li>23281 Sali (Dugi Otok)<\/li>\n<\/ul>\n<p><a class=\"lightbox\" href=\"http:\/\/www.ferrycroatia.com\/wp-content\/uploads\/2016\/07\/Sali-catamaran-port.jpg\"><img decoding=\"async\" loading=\"lazy\" class=\"alignnone size-full wp-image-591\" data-src=\"http:\/\/www.ferrycroatia.com\/wp-content\/uploads\/2016\/07\/Sali-catamaran-port.jpg\" alt=\"Sali catamaran port\" width=\"1024\" height=\"708\" \/><\/a><\/p>\n<p><span style=\"text-decoration: underline;\"><b>Liste der Katamaran Verbindungen von und nach Sali:<\/b><\/span><\/p>\n<ul>\n<li><a href=\"https:\/\/www.ferrycroatia.com\/de\/sali-zadar\/\">Sali &#8211; Zadar<\/a><\/li>\n<li>Sali &#8211; Zaglav (Dugi Otok)<\/li>\n<li>Sali &#8211; Br\u0161anj (I\u017e)<\/li>\n<\/ul>\n","protected":false},"excerpt":{"rendered":"<p>Sali ist die gr\u00f6\u00dfte Stadt auf der Insel Dugi Otok im Nordosten. Der Pier, von dem die Katamarane abfahren, befindet sich direkt im Zentrum der Stadt, nahe der Hauptpromenade am Meer. Sali ist durch regelm\u00e4\u00dfige Katamaran Linien mit der Stadt Zaglav auf Dugi Otok, dem Hafen Br\u0161anj auf der Insel I\u017e und dem Haupthafen Zadar [&hellip;]<\/p>\n<p><a class=\"more-link\" href=\"https:\/\/www.ferrycroatia.com\/de\/fahrhafen-sali\/\"> Continue reading&#8230;<\/a><\/p>\n","protected":false},"author":5,"featured_media":0,"parent":0,"menu_order":0,"comment_status":"closed","ping_status":"closed","template":"","meta":[],"yoast_head":"<!-- This site is optimized with the Yoast SEO plugin v19.8 - https:\/\/yoast.com\/wordpress\/plugins\/seo\/ -->\n<title>Hafen Sali, F\u00e4hre von und nach Sali auf Dugi Otok<\/title>\n<meta name=\"robots\" content=\"index, follow, max-snippet:-1, max-image-preview:large, max-video-preview:-1\" \/>\n<link rel=\"canonical\" href=\"https:\/\/www.ferrycroatia.com\/de\/fahrhafen-sali\/\" \/>\n<meta property=\"og:locale\" content=\"en_US\" \/>\n<meta property=\"og:type\" content=\"article\" \/>\n<meta property=\"og:title\" content=\"Hafen Sali, F\u00e4hre von und nach Sali auf Dugi Otok\" \/>\n<meta property=\"og:description\" content=\"Sali ist die gr\u00f6\u00dfte Stadt auf der Insel Dugi Otok im Nordosten. Der Pier, von dem die Katamarane abfahren, befindet sich direkt im Zentrum der Stadt, nahe der Hauptpromenade am Meer. Sali ist durch regelm\u00e4\u00dfige Katamaran Linien mit der Stadt Zaglav auf Dugi Otok, dem Hafen Br\u0161anj auf der Insel I\u017e und dem Haupthafen Zadar [&hellip;] Continue reading...\" \/>\n<meta property=\"og:url\" content=\"https:\/\/www.ferrycroatia.com\/de\/fahrhafen-sali\/\" \/>\n<meta property=\"og:site_name\" content=\"F\u00e4hre Kroatien\" \/>\n<meta property=\"article:modified_time\" content=\"2021-02-09T11:33:13+00:00\" \/>\n<meta property=\"og:image\" content=\"http:\/\/www.ferrycroatia.com\/wp-content\/uploads\/2016\/07\/Sali-catamaran-port.jpg\" \/>\n<meta name=\"twitter:card\" content=\"summary_large_image\" \/>\n<meta name=\"twitter:label1\" content=\"Est. reading time\" \/>\n\t<meta name=\"twitter:data1\" content=\"1 minute\" \/>\n<script type=\"application\/ld+json\" class=\"yoast-schema-graph\">{\"@context\":\"https:\/\/schema.org\",\"@graph\":[{\"@type\":\"WebPage\",\"@id\":\"https:\/\/www.ferrycroatia.com\/de\/fahrhafen-sali\/\",\"url\":\"https:\/\/www.ferrycroatia.com\/de\/fahrhafen-sali\/\",\"name\":\"Hafen Sali, F\u00e4hre von und nach Sali auf Dugi Otok\",\"isPartOf\":{\"@id\":\"https:\/\/www.ferrycroatia.com\/de\/#website\"},\"datePublished\":\"2021-02-03T13:23:17+00:00\",\"dateModified\":\"2021-02-09T11:33:13+00:00\",\"breadcrumb\":{\"@id\":\"https:\/\/www.ferrycroatia.com\/de\/fahrhafen-sali\/#breadcrumb\"},\"inLanguage\":\"en-US\",\"potentialAction\":[{\"@type\":\"ReadAction\",\"target\":[\"https:\/\/www.ferrycroatia.com\/de\/fahrhafen-sali\/\"]}]},{\"@type\":\"BreadcrumbList\",\"@id\":\"https:\/\/www.ferrycroatia.com\/de\/fahrhafen-sali\/#breadcrumb\",\"itemListElement\":[{\"@type\":\"ListItem\",\"position\":1,\"name\":\"Home\",\"item\":\"https:\/\/www.ferrycroatia.com\/de\/\"},{\"@type\":\"ListItem\",\"position\":2,\"name\":\"F\u00e4hrhafen Sali\"}]},{\"@type\":\"WebSite\",\"@id\":\"https:\/\/www.ferrycroatia.com\/de\/#website\",\"url\":\"https:\/\/www.ferrycroatia.com\/de\/\",\"name\":\"F\u00e4hre Kroatien\",\"description\":\"Info und Fahrpl\u00e4ne f\u00fcr alle Katamarane und F\u00e4hren in Kroatien\",\"potentialAction\":[{\"@type\":\"SearchAction\",\"target\":{\"@type\":\"EntryPoint\",\"urlTemplate\":\"https:\/\/www.ferrycroatia.com\/de\/?s={search_term_string}\"},\"query-input\":\"required name=search_term_string\"}],\"inLanguage\":\"en-US\"}]}<\/script>\n<!-- \/ Yoast SEO plugin. -->","yoast_head_json":{"title":"Hafen Sali, F\u00e4hre von und nach Sali auf Dugi Otok","robots":{"index":"index","follow":"follow","max-snippet":"max-snippet:-1","max-image-preview":"max-image-preview:large","max-video-preview":"max-video-preview:-1"},"canonical":"https:\/\/www.ferrycroatia.com\/de\/fahrhafen-sali\/","og_locale":"en_US","og_type":"article","og_title":"Hafen Sali, F\u00e4hre von und nach Sali auf Dugi Otok","og_description":"Sali ist die gr\u00f6\u00dfte Stadt auf der Insel Dugi Otok im Nordosten. Der Pier, von dem die Katamarane abfahren, befindet sich direkt im Zentrum der Stadt, nahe der Hauptpromenade am Meer. Sali ist durch regelm\u00e4\u00dfige Katamaran Linien mit der Stadt Zaglav auf Dugi Otok, dem Hafen Br\u0161anj auf der Insel I\u017e und dem Haupthafen Zadar [&hellip;] Continue reading...","og_url":"https:\/\/www.ferrycroatia.com\/de\/fahrhafen-sali\/","og_site_name":"F\u00e4hre Kroatien","article_modified_time":"2021-02-09T11:33:13+00:00","og_image":[{"url":"http:\/\/www.ferrycroatia.com\/wp-content\/uploads\/2016\/07\/Sali-catamaran-port.jpg"}],"twitter_card":"summary_large_image","twitter_misc":{"Est. reading time":"1 minute"},"schema":{"@context":"https:\/\/schema.org","@graph":[{"@type":"WebPage","@id":"https:\/\/www.ferrycroatia.com\/de\/fahrhafen-sali\/","url":"https:\/\/www.ferrycroatia.com\/de\/fahrhafen-sali\/","name":"Hafen Sali, F\u00e4hre von und nach Sali auf Dugi Otok","isPartOf":{"@id":"https:\/\/www.ferrycroatia.com\/de\/#website"},"datePublished":"2021-02-03T13:23:17+00:00","dateModified":"2021-02-09T11:33:13+00:00","breadcrumb":{"@id":"https:\/\/www.ferrycroatia.com\/de\/fahrhafen-sali\/#breadcrumb"},"inLanguage":"en-US","potentialAction":[{"@type":"ReadAction","target":["https:\/\/www.ferrycroatia.com\/de\/fahrhafen-sali\/"]}]},{"@type":"BreadcrumbList","@id":"https:\/\/www.ferrycroatia.com\/de\/fahrhafen-sali\/#breadcrumb","itemListElement":[{"@type":"ListItem","position":1,"name":"Home","item":"https:\/\/www.ferrycroatia.com\/de\/"},{"@type":"ListItem","position":2,"name":"F\u00e4hrhafen Sali"}]},{"@type":"WebSite","@id":"https:\/\/www.ferrycroatia.com\/de\/#website","url":"https:\/\/www.ferrycroatia.com\/de\/","name":"F\u00e4hre Kroatien","description":"Info und Fahrpl\u00e4ne f\u00fcr alle Katamarane und F\u00e4hren in Kroatien","potentialAction":[{"@type":"SearchAction","target":{"@type":"EntryPoint","urlTemplate":"https:\/\/www.ferrycroatia.com\/de\/?s={search_term_string}"},"query-input":"required name=search_term_string"}],"inLanguage":"en-US"}]}},"_links":{"self":[{"href":"https:\/\/www.ferrycroatia.com\/de\/wp-json\/wp\/v2\/pages\/1213"}],"collection":[{"href":"https:\/\/www.ferrycroatia.com\/de\/wp-json\/wp\/v2\/pages"}],"about":[{"href":"https:\/\/www.ferrycroatia.com\/de\/wp-json\/wp\/v2\/types\/page"}],"author":[{"embeddable":true,"href":"https:\/\/www.ferrycroatia.com\/de\/wp-json\/wp\/v2\/users\/5"}],"replies":[{"embeddable":true,"href":"https:\/\/www.ferrycroatia.com\/de\/wp-json\/wp\/v2\/comments?post=1213"}],"version-history":[{"count":3,"href":"https:\/\/www.ferrycroatia.com\/de\/wp-json\/wp\/v2\/pages\/1213\/revisions"}],"predecessor-version":[{"id":1623,"href":"https:\/\/www.ferrycroatia.com\/de\/wp-json\/wp\/v2\/pages\/1213\/revisions\/1623"}],"wp:attachment":[{"href":"https:\/\/www.ferrycroatia.com\/de\/wp-json\/wp\/v2\/media?parent=1213"}],"curies":[{"name":"wp","href":"https:\/\/api.w.org\/{rel}","templated":true}]}}