{"id":1218,"date":"2021-02-03T13:34:35","date_gmt":"2021-02-03T13:34:35","guid":{"rendered":"https:\/\/ferrycroatia.com\/de\/?page_id=1218"},"modified":"2021-02-09T11:36:12","modified_gmt":"2021-02-09T11:36:12","slug":"fahrhafen-sibenik","status":"publish","type":"page","link":"https:\/\/www.ferrycroatia.com\/de\/fahrhafen-sibenik\/","title":{"rendered":"F\u00e4hrhafen \u0160ibenik"},"content":{"rendered":"<p>\u0160ibenik ist eine historische Stadt <strong>in Mitteldalmatien, in der der Fluss Krka in die Adria m\u00fcndet.<\/strong> Der F\u00e4hrhafen befindet sich in einer engen Bucht, die vor Wind und Wellen gesch\u00fctzt ist. Der F\u00e4hrhafen befindet sich ganz in der N\u00e4he des Stadtzentrums und <strong>aller aufregenden historischen Sehensw\u00fcrdigkeiten,<\/strong> nur wenige Gehminuten vom Hauptplatz entfernt, direkt neben der <strong>Promenade am Meer.<\/strong> Es liegt auch direkt neben dem Bahnhof und etwa 70 m vom Hauptbusbahnhof entfernt.<\/p>\n<p><span style=\"text-decoration: underline;\"><b>An- und Abreise zum F\u00e4hrterminal in \u0160ibenik:<\/b><\/span><\/p>\n<p>Wenn Sie in \u0160ibenik \u00fcbernachten und<strong> die Inseln Prvi\u0107, Murter, Zlarin oder Kaprije erreichen m\u00f6chten<\/strong>, sollten Sie zun\u00e4chst bedenken, dass \u0160ibenik eine recht kleine Stadt ist, also fast alle wichtigen Teile der Stadt sind zu Fu\u00df erreichbar. <strong>Das Stadtzentrum und alle wichtigen historischen Sehensw\u00fcrdigkeiten<\/strong> befinden sich etwa 800 m vom F\u00e4hrterminal entfernt, sodass Sie es leicht erreichen k\u00f6nnen, wenn Sie der Promenade am Meer folgen.<\/p>\n<p>Andere beliebte Teile der Stadt sind Crnica und Dolac, die sich <strong>neben dem Zentrum befinden. Offensichtlich befinden sie sich auch<\/strong> ganz in der N\u00e4he des F\u00e4hrterminals (zu Fu\u00df erreichbar).<\/p>\n<p>Wenn Sie jedoch<strong> mit Gep\u00e4ck unterwegs sind,<\/strong> k\u00f6nnen Sie jederzeit ein Taxi nehmen, das Sie nicht viel kostet, da es sich um eine sehr kleine Strecke handelt.<\/p>\n<p>Wenn Sie in Solaris oder Brodarica \u00fcbernachten <strong>(beliebte Touristenziele<\/strong> &#8211; Solaris 6 km von \u0160ibenik und Brodarica 5 km von \u0160ibenik entfernt), k\u00f6nnen Sie einen Stadtbus nehmen, um \u0160ibenik zu erreichen. Das Ticket kostet ca. 1-2 Euro und alle Busse halten an der Bushaltestelle in der N\u00e4he des gr\u00fcnen Marktes in <strong>\u0160ibenik (ebenfalls nur wenige Minuten vom F\u00e4hrterminal entfernt).<\/strong><\/p>\n<p><span style=\"text-decoration: underline;\"><b>Anreise vom Flughafen Split zum F\u00e4hrterminal \u0160ibenik:<\/b><\/span><\/p>\n<p><strong>Der n\u00e4chstgelegene Flughafen ist der Flughafen von Split,<\/strong> etwa 50 km von \u0160ibenik entfernt. Sobald Sie gelandet sind, k\u00f6nnen Sie ein Taxi oder einen vorab organisierten Transfer <strong>direkt nach \u0160ibenik<\/strong> nehmen oder einen Shuttlebus zum Hauptbusbahnhof in Split (25 km entfernt) nehmen und von dort <strong>einen Bus nach \u0160ibenik nehmen<\/strong>. Das Ticket f\u00fcr den Shuttlebus kostet ca. 30 kn = 4 Euro.<\/p>\n<p>Eine andere M\u00f6glichkeit ist, <strong>den Bus Nummer 37 nach Trogir<\/strong> (ca. 3 Euro) und von dort einen Bus nach \u0160ibenik zu nehmen (<strong>es gibt allerdings etwas weniger H\u00e4ufige Abfahrten als von Split).<\/strong><\/p>\n<p>Um mehr \u00fcber die Anreise zum Flughafen von Split zu erfahren, klicken Sie <a href=\"https:\/\/getbybus.com\/de\/blog\/flughafenbus-split\/\">hier<\/a>.<\/p>\n<p><span style=\"text-decoration: underline;\"><b>Was Sie am F\u00e4hrterminal von \u0160ibenik finden k\u00f6nnen:<\/b><\/span><\/p>\n<p>Es gibt viele Einrichtungen <strong>direkt am F\u00e4hrterminal<\/strong> (Bars, Restaurants, Gesch\u00e4fte, Geldautomaten, Parkpl\u00e4tze usw.) und alles andere, was Sie dort nicht finden k\u00f6nnen, finden Sie im nahegelegenen Stadtzentrum.<\/p>\n<p><span style=\"text-decoration: underline;\"><strong>Adresse des F\u00e4hrterminals \u0160ibenik:<\/strong><\/span><\/p>\n<blockquote><p>Obala hrvatske mornarice 4<\/p>\n<p>22000 \u0160ibenik<\/p>\n<p><strong>GPS-Koordinaten:<\/strong> 43.73042, 15.89536<\/p><\/blockquote>\n<p><a class=\"lightbox\" href=\"http:\/\/www.ferrycroatia.com\/en\/wp-content\/uploads\/2016\/07\/Sibenik.jpg\"><img decoding=\"async\" loading=\"lazy\" class=\"alignnone size-full wp-image-2610\" data-src=\"http:\/\/www.ferrycroatia.com\/en\/wp-content\/uploads\/2016\/07\/Sibenik.jpg\" alt=\"Map ferry port Sibenik\" width=\"800\" height=\"530\" \/><\/a><\/p>\n<p><span style=\"text-decoration: underline;\"><b>Liste der F\u00e4hr-, Schiffs- und Katamaranrouten von:<\/b><\/span><\/p>\n<p>\u2192 F\u00e4hre: \u0160ibenik &#8211; Zlarin &#8211; Obonjan &#8211; Kaprije &#8211; \u017dirje<\/p>\n<ul>\n<li><a href=\"https:\/\/www.ferrycroatia.com\/de\/sibenik-zlarin\/\">\u0160ibenik &#8211; Zlarin<\/a><\/li>\n<li><a href=\"https:\/\/www.ferrycroatia.com\/de\/sibenik-obonjan\/\">\u0160ibenik &#8211; Obonjan<\/a><\/li>\n<li><a href=\"https:\/\/www.ferrycroatia.com\/de\/sibenik-kaprije\/\">\u0160ibenik &#8211; Kaprije<\/a><\/li>\n<li><a href=\"https:\/\/www.ferrycroatia.com\/de\/sibenik-zirje\/\">\u0160ibenik &#8211; \u017dirje<\/a><\/li>\n<\/ul>\n<p>\u2192 Schiff: \u0160ibenik &#8211; Zlarin &#8211; Prvi\u0107 Luka &#8211; \u0160epurine &#8211; Vodice<\/p>\n<ul>\n<li><a href=\"https:\/\/www.ferrycroatia.com\/de\/sibenik-prvic\/\">\u0160ibenik &#8211; Prvi\u0107 Luka<\/a><\/li>\n<li>\u0160ibenik &#8211; \u0160epurine<\/li>\n<li><a href=\"https:\/\/www.ferrycroatia.com\/de\/sibenik-vodice\/\">\u0160ibenik &#8211; Vodice<\/a><\/li>\n<\/ul>\n<p>\u2192 Katamaran: \u0160ibenik &#8211; Kaprije &#8211; \u017dirje<\/p>\n","protected":false},"excerpt":{"rendered":"<p>\u0160ibenik ist eine historische Stadt in Mitteldalmatien, in der der Fluss Krka in die Adria m\u00fcndet. Der F\u00e4hrhafen befindet sich in einer engen Bucht, die vor Wind und Wellen gesch\u00fctzt ist. Der F\u00e4hrhafen befindet sich ganz in der N\u00e4he des Stadtzentrums und aller aufregenden historischen Sehensw\u00fcrdigkeiten, nur wenige Gehminuten vom Hauptplatz entfernt, direkt neben der [&hellip;]<\/p>\n<p><a class=\"more-link\" href=\"https:\/\/www.ferrycroatia.com\/de\/fahrhafen-sibenik\/\"> Continue reading&#8230;<\/a><\/p>\n","protected":false},"author":5,"featured_media":1219,"parent":0,"menu_order":0,"comment_status":"closed","ping_status":"closed","template":"","meta":[],"yoast_head":"<!-- This site is optimized with the Yoast SEO plugin v19.8 - https:\/\/yoast.com\/wordpress\/plugins\/seo\/ -->\n<title>F\u00e4hrterminal \u0160ibenik, Abfahrt mit Katamaran und Autof\u00e4hre<\/title>\n<meta name=\"description\" content=\"F\u00e4hren und Katamarane vom F\u00e4hrhafen \u0160ibenik, wie man den Hafen mit dem Bus oder mit dem Auto von anderen St\u00e4dten in Kroatien erreicht.\" \/>\n<meta name=\"robots\" content=\"index, follow, max-snippet:-1, max-image-preview:large, max-video-preview:-1\" \/>\n<link rel=\"canonical\" href=\"https:\/\/www.ferrycroatia.com\/de\/fahrhafen-sibenik\/\" \/>\n<meta property=\"og:locale\" content=\"en_US\" \/>\n<meta property=\"og:type\" content=\"article\" \/>\n<meta property=\"og:title\" content=\"F\u00e4hrterminal \u0160ibenik, Abfahrt mit Katamaran und Autof\u00e4hre\" \/>\n<meta property=\"og:description\" content=\"F\u00e4hren und Katamarane vom F\u00e4hrhafen \u0160ibenik, wie man den Hafen mit dem Bus oder mit dem Auto von anderen St\u00e4dten in Kroatien erreicht.\" \/>\n<meta property=\"og:url\" content=\"https:\/\/www.ferrycroatia.com\/de\/fahrhafen-sibenik\/\" \/>\n<meta property=\"og:site_name\" content=\"F\u00e4hre Kroatien\" \/>\n<meta property=\"article:modified_time\" content=\"2021-02-09T11:36:12+00:00\" \/>\n<meta property=\"og:image\" content=\"https:\/\/www.ferrycroatia.com\/de\/wp-content\/uploads\/2021\/02\/Sibenik-F\u00e4hrhafen.jpg\" \/>\n\t<meta property=\"og:image:width\" content=\"1024\" \/>\n\t<meta property=\"og:image:height\" content=\"576\" \/>\n\t<meta property=\"og:image:type\" content=\"image\/jpeg\" \/>\n<meta name=\"twitter:card\" content=\"summary_large_image\" \/>\n<meta name=\"twitter:label1\" content=\"Est. reading time\" \/>\n\t<meta name=\"twitter:data1\" content=\"2 minutes\" \/>\n<script type=\"application\/ld+json\" class=\"yoast-schema-graph\">{\"@context\":\"https:\/\/schema.org\",\"@graph\":[{\"@type\":\"WebPage\",\"@id\":\"https:\/\/www.ferrycroatia.com\/de\/fahrhafen-sibenik\/\",\"url\":\"https:\/\/www.ferrycroatia.com\/de\/fahrhafen-sibenik\/\",\"name\":\"F\u00e4hrterminal \u0160ibenik, Abfahrt mit Katamaran und Autof\u00e4hre\",\"isPartOf\":{\"@id\":\"https:\/\/www.ferrycroatia.com\/de\/#website\"},\"datePublished\":\"2021-02-03T13:34:35+00:00\",\"dateModified\":\"2021-02-09T11:36:12+00:00\",\"description\":\"F\u00e4hren und Katamarane vom F\u00e4hrhafen \u0160ibenik, wie man den Hafen mit dem Bus oder mit dem Auto von anderen St\u00e4dten in Kroatien erreicht.\",\"breadcrumb\":{\"@id\":\"https:\/\/www.ferrycroatia.com\/de\/fahrhafen-sibenik\/#breadcrumb\"},\"inLanguage\":\"en-US\",\"potentialAction\":[{\"@type\":\"ReadAction\",\"target\":[\"https:\/\/www.ferrycroatia.com\/de\/fahrhafen-sibenik\/\"]}]},{\"@type\":\"BreadcrumbList\",\"@id\":\"https:\/\/www.ferrycroatia.com\/de\/fahrhafen-sibenik\/#breadcrumb\",\"itemListElement\":[{\"@type\":\"ListItem\",\"position\":1,\"name\":\"Home\",\"item\":\"https:\/\/www.ferrycroatia.com\/de\/\"},{\"@type\":\"ListItem\",\"position\":2,\"name\":\"F\u00e4hrhafen \u0160ibenik\"}]},{\"@type\":\"WebSite\",\"@id\":\"https:\/\/www.ferrycroatia.com\/de\/#website\",\"url\":\"https:\/\/www.ferrycroatia.com\/de\/\",\"name\":\"F\u00e4hre Kroatien\",\"description\":\"Info und Fahrpl\u00e4ne f\u00fcr alle Katamarane und F\u00e4hren in Kroatien\",\"potentialAction\":[{\"@type\":\"SearchAction\",\"target\":{\"@type\":\"EntryPoint\",\"urlTemplate\":\"https:\/\/www.ferrycroatia.com\/de\/?s={search_term_string}\"},\"query-input\":\"required name=search_term_string\"}],\"inLanguage\":\"en-US\"}]}<\/script>\n<!-- \/ Yoast SEO plugin. -->","yoast_head_json":{"title":"F\u00e4hrterminal \u0160ibenik, Abfahrt mit Katamaran und Autof\u00e4hre","description":"F\u00e4hren und Katamarane vom F\u00e4hrhafen \u0160ibenik, wie man den Hafen mit dem Bus oder mit dem Auto von anderen St\u00e4dten in Kroatien erreicht.","robots":{"index":"index","follow":"follow","max-snippet":"max-snippet:-1","max-image-preview":"max-image-preview:large","max-video-preview":"max-video-preview:-1"},"canonical":"https:\/\/www.ferrycroatia.com\/de\/fahrhafen-sibenik\/","og_locale":"en_US","og_type":"article","og_title":"F\u00e4hrterminal \u0160ibenik, Abfahrt mit Katamaran und Autof\u00e4hre","og_description":"F\u00e4hren und Katamarane vom F\u00e4hrhafen \u0160ibenik, wie man den Hafen mit dem Bus oder mit dem Auto von anderen St\u00e4dten in Kroatien erreicht.","og_url":"https:\/\/www.ferrycroatia.com\/de\/fahrhafen-sibenik\/","og_site_name":"F\u00e4hre Kroatien","article_modified_time":"2021-02-09T11:36:12+00:00","og_image":[{"width":1024,"height":576,"url":"https:\/\/www.ferrycroatia.com\/de\/wp-content\/uploads\/2021\/02\/Sibenik-F\u00e4hrhafen.jpg","type":"image\/jpeg"}],"twitter_card":"summary_large_image","twitter_misc":{"Est. reading time":"2 minutes"},"schema":{"@context":"https:\/\/schema.org","@graph":[{"@type":"WebPage","@id":"https:\/\/www.ferrycroatia.com\/de\/fahrhafen-sibenik\/","url":"https:\/\/www.ferrycroatia.com\/de\/fahrhafen-sibenik\/","name":"F\u00e4hrterminal \u0160ibenik, Abfahrt mit Katamaran und Autof\u00e4hre","isPartOf":{"@id":"https:\/\/www.ferrycroatia.com\/de\/#website"},"datePublished":"2021-02-03T13:34:35+00:00","dateModified":"2021-02-09T11:36:12+00:00","description":"F\u00e4hren und Katamarane vom F\u00e4hrhafen \u0160ibenik, wie man den Hafen mit dem Bus oder mit dem Auto von anderen St\u00e4dten in Kroatien erreicht.","breadcrumb":{"@id":"https:\/\/www.ferrycroatia.com\/de\/fahrhafen-sibenik\/#breadcrumb"},"inLanguage":"en-US","potentialAction":[{"@type":"ReadAction","target":["https:\/\/www.ferrycroatia.com\/de\/fahrhafen-sibenik\/"]}]},{"@type":"BreadcrumbList","@id":"https:\/\/www.ferrycroatia.com\/de\/fahrhafen-sibenik\/#breadcrumb","itemListElement":[{"@type":"ListItem","position":1,"name":"Home","item":"https:\/\/www.ferrycroatia.com\/de\/"},{"@type":"ListItem","position":2,"name":"F\u00e4hrhafen \u0160ibenik"}]},{"@type":"WebSite","@id":"https:\/\/www.ferrycroatia.com\/de\/#website","url":"https:\/\/www.ferrycroatia.com\/de\/","name":"F\u00e4hre Kroatien","description":"Info und Fahrpl\u00e4ne f\u00fcr alle Katamarane und F\u00e4hren in Kroatien","potentialAction":[{"@type":"SearchAction","target":{"@type":"EntryPoint","urlTemplate":"https:\/\/www.ferrycroatia.com\/de\/?s={search_term_string}"},"query-input":"required name=search_term_string"}],"inLanguage":"en-US"}]}},"_links":{"self":[{"href":"https:\/\/www.ferrycroatia.com\/de\/wp-json\/wp\/v2\/pages\/1218"}],"collection":[{"href":"https:\/\/www.ferrycroatia.com\/de\/wp-json\/wp\/v2\/pages"}],"about":[{"href":"https:\/\/www.ferrycroatia.com\/de\/wp-json\/wp\/v2\/types\/page"}],"author":[{"embeddable":true,"href":"https:\/\/www.ferrycroatia.com\/de\/wp-json\/wp\/v2\/users\/5"}],"replies":[{"embeddable":true,"href":"https:\/\/www.ferrycroatia.com\/de\/wp-json\/wp\/v2\/comments?post=1218"}],"version-history":[{"count":2,"href":"https:\/\/www.ferrycroatia.com\/de\/wp-json\/wp\/v2\/pages\/1218\/revisions"}],"predecessor-version":[{"id":1626,"href":"https:\/\/www.ferrycroatia.com\/de\/wp-json\/wp\/v2\/pages\/1218\/revisions\/1626"}],"wp:featuredmedia":[{"embeddable":true,"href":"https:\/\/www.ferrycroatia.com\/de\/wp-json\/wp\/v2\/media\/1219"}],"wp:attachment":[{"href":"https:\/\/www.ferrycroatia.com\/de\/wp-json\/wp\/v2\/media?parent=1218"}],"curies":[{"name":"wp","href":"https:\/\/api.w.org\/{rel}","templated":true}]}}