{"id":1221,"date":"2021-02-03T13:42:15","date_gmt":"2021-02-03T13:42:15","guid":{"rendered":"https:\/\/ferrycroatia.com\/de\/?page_id=1221"},"modified":"2021-02-09T11:37:29","modified_gmt":"2021-02-09T11:37:29","slug":"fahrhafen-silba","status":"publish","type":"page","link":"https:\/\/www.ferrycroatia.com\/de\/fahrhafen-silba\/","title":{"rendered":"F\u00e4hrhafen Silba"},"content":{"rendered":"<p>Silba ist eine Insel <strong>nordwestlich der Stadt Zadar<\/strong> zwischen den Inseln Olib und Premuda. <strong>Der einzige F\u00e4hrhafen befindet sich in der Stadt Silba &#8211;<\/strong> verbunden durch F\u00e4hr- und Katamaran Linien mit Zadar und den Inseln Olib, Premuda und Lo\u0161inj. Es ist ideal f\u00fcr einen ruhigen und friedlichen Urlaub. <strong>Wenn Sie dort ankommen, m\u00f6gen Sie diese Art von Urlaub h\u00f6chstwahrscheinlich.<\/strong> Es ist jedoch ziemlich einfach, das Festland zu erreichen und die St\u00e4dte Zadar und \u0160ibenik sowie die Nationalparks Kornati und Krka zu besuchen. Sie k\u00f6nnen auch die Inseln Premuda, Lo\u0161inj und Olib besuchen.<\/p>\n<p><span style=\"text-decoration: underline;\"><b>An- und Abreise zum F\u00e4hrterminal in Silba:<\/b><\/span><\/p>\n<p>Wie bereits erw\u00e4hnt, ist Silba eine kleine Stadt auf einer kleinen Insel, auf der sich der<strong> F\u00e4hrhafen nicht weit vom Zentrum entfernt<\/strong> befindet. Unabh\u00e4ngig davon, wo sich Ihre Unterkunft befindet, ist sie bequem zu Fu\u00df erreichbar. Die Alternative besteht darin, eine Abholung von Ihrem Vermieter zu arrangieren.<\/p>\n<p><span style=\"text-decoration: underline;\"><b>Was Sie am F\u00e4hrterminal von Silba finden k\u00f6nnen:<\/b><\/span><\/p>\n<p>Die Stadt <strong>Silba ist eine wirklich kleine Stadt,<\/strong> daher gibt es dort nicht viele Dinge: ein paar Restaurants, Bars, ein Postamt usw.<\/p>\n<p><span style=\"text-decoration: underline;\"><b>Adresse des F\u00e4hrterminals Silba:<\/b><\/span><\/p>\n<ul>\n<li>L\u00e4ngengrad: 14.691785<\/li>\n<li>Breitengrad: 44.373697<\/li>\n<li>23295 Silba (Silba)<\/li>\n<\/ul>\n<p><a class=\"lightbox\" href=\"http:\/\/www.ferrycroatia.com\/wp-content\/uploads\/2016\/07\/Silba-ferry-terminal.jpg\"><img decoding=\"async\" loading=\"lazy\" class=\"alignnone size-full wp-image-522\" data-src=\"http:\/\/www.ferrycroatia.com\/wp-content\/uploads\/2016\/07\/Silba-ferry-terminal.jpg\" alt=\"Silba ferry terminal\" width=\"1025\" height=\"629\" \/><\/a><\/p>\n<p><span style=\"text-decoration: underline;\"><b>Liste der Routen:<\/b><\/span><\/p>\n<p>\u2192 Autof\u00e4hre: Zadar (Ga\u017eenica) &#8211; Ist &#8211; Olib &#8211; Silba &#8211; Premuda &#8211; Mali Lo\u0161inj<\/p>\n<ul>\n<li><a href=\"https:\/\/www.ferrycroatia.com\/de\/silba-zadar\/\">Silba &#8211; Zadar<\/a><\/li>\n<li><a href=\"https:\/\/www.ferrycroatia.com\/de\/silba-ist\/\">Silba \u2013 Ist<\/a><\/li>\n<li><a href=\"https:\/\/www.ferrycroatia.com\/de\/silba-olib\/\">Silba &#8211; Olib<\/a><\/li>\n<li><a href=\"https:\/\/www.ferrycroatia.com\/de\/silba-premuda\/\">Silba &#8211; Premuda<\/a><\/li>\n<li><a href=\"https:\/\/www.ferrycroatia.com\/de\/silba-mali-losinj\/\">Silba &#8211; Mali Lo\u0161inj<\/a><\/li>\n<\/ul>\n<p>\u2192 Katamaran: Zadar &#8211; Premuda (Krijal) &#8211; Silba &#8211; Olib<\/p>\n","protected":false},"excerpt":{"rendered":"<p>Silba ist eine Insel nordwestlich der Stadt Zadar zwischen den Inseln Olib und Premuda. Der einzige F\u00e4hrhafen befindet sich in der Stadt Silba &#8211; verbunden durch F\u00e4hr- und Katamaran Linien mit Zadar und den Inseln Olib, Premuda und Lo\u0161inj. Es ist ideal f\u00fcr einen ruhigen und friedlichen Urlaub. Wenn Sie dort ankommen, m\u00f6gen Sie diese [&hellip;]<\/p>\n<p><a class=\"more-link\" href=\"https:\/\/www.ferrycroatia.com\/de\/fahrhafen-silba\/\"> Continue reading&#8230;<\/a><\/p>\n","protected":false},"author":5,"featured_media":0,"parent":0,"menu_order":0,"comment_status":"closed","ping_status":"closed","template":"","meta":[],"yoast_head":"<!-- This site is optimized with the Yoast SEO plugin v19.8 - https:\/\/yoast.com\/wordpress\/plugins\/seo\/ -->\n<title>Silba F\u00e4hrterminal, Abfahrten f\u00fcr Katamaran und Autof\u00e4hre<\/title>\n<meta name=\"robots\" content=\"index, follow, max-snippet:-1, max-image-preview:large, max-video-preview:-1\" \/>\n<link rel=\"canonical\" href=\"https:\/\/www.ferrycroatia.com\/de\/fahrhafen-silba\/\" \/>\n<meta property=\"og:locale\" content=\"en_US\" \/>\n<meta property=\"og:type\" content=\"article\" \/>\n<meta property=\"og:title\" content=\"Silba F\u00e4hrterminal, Abfahrten f\u00fcr Katamaran und Autof\u00e4hre\" \/>\n<meta property=\"og:description\" content=\"Silba ist eine Insel nordwestlich der Stadt Zadar zwischen den Inseln Olib und Premuda. Der einzige F\u00e4hrhafen befindet sich in der Stadt Silba &#8211; verbunden durch F\u00e4hr- und Katamaran Linien mit Zadar und den Inseln Olib, Premuda und Lo\u0161inj. Es ist ideal f\u00fcr einen ruhigen und friedlichen Urlaub. Wenn Sie dort ankommen, m\u00f6gen Sie diese [&hellip;] Continue reading...\" \/>\n<meta property=\"og:url\" content=\"https:\/\/www.ferrycroatia.com\/de\/fahrhafen-silba\/\" \/>\n<meta property=\"og:site_name\" content=\"F\u00e4hre Kroatien\" \/>\n<meta property=\"article:modified_time\" content=\"2021-02-09T11:37:29+00:00\" \/>\n<meta property=\"og:image\" content=\"http:\/\/www.ferrycroatia.com\/wp-content\/uploads\/2016\/07\/Silba-ferry-terminal.jpg\" \/>\n<meta name=\"twitter:card\" content=\"summary_large_image\" \/>\n<meta name=\"twitter:label1\" content=\"Est. reading time\" \/>\n\t<meta name=\"twitter:data1\" content=\"1 minute\" \/>\n<script type=\"application\/ld+json\" class=\"yoast-schema-graph\">{\"@context\":\"https:\/\/schema.org\",\"@graph\":[{\"@type\":\"WebPage\",\"@id\":\"https:\/\/www.ferrycroatia.com\/de\/fahrhafen-silba\/\",\"url\":\"https:\/\/www.ferrycroatia.com\/de\/fahrhafen-silba\/\",\"name\":\"Silba F\u00e4hrterminal, Abfahrten f\u00fcr Katamaran und Autof\u00e4hre\",\"isPartOf\":{\"@id\":\"https:\/\/www.ferrycroatia.com\/de\/#website\"},\"datePublished\":\"2021-02-03T13:42:15+00:00\",\"dateModified\":\"2021-02-09T11:37:29+00:00\",\"breadcrumb\":{\"@id\":\"https:\/\/www.ferrycroatia.com\/de\/fahrhafen-silba\/#breadcrumb\"},\"inLanguage\":\"en-US\",\"potentialAction\":[{\"@type\":\"ReadAction\",\"target\":[\"https:\/\/www.ferrycroatia.com\/de\/fahrhafen-silba\/\"]}]},{\"@type\":\"BreadcrumbList\",\"@id\":\"https:\/\/www.ferrycroatia.com\/de\/fahrhafen-silba\/#breadcrumb\",\"itemListElement\":[{\"@type\":\"ListItem\",\"position\":1,\"name\":\"Home\",\"item\":\"https:\/\/www.ferrycroatia.com\/de\/\"},{\"@type\":\"ListItem\",\"position\":2,\"name\":\"F\u00e4hrhafen Silba\"}]},{\"@type\":\"WebSite\",\"@id\":\"https:\/\/www.ferrycroatia.com\/de\/#website\",\"url\":\"https:\/\/www.ferrycroatia.com\/de\/\",\"name\":\"F\u00e4hre Kroatien\",\"description\":\"Info und Fahrpl\u00e4ne f\u00fcr alle Katamarane und F\u00e4hren in Kroatien\",\"potentialAction\":[{\"@type\":\"SearchAction\",\"target\":{\"@type\":\"EntryPoint\",\"urlTemplate\":\"https:\/\/www.ferrycroatia.com\/de\/?s={search_term_string}\"},\"query-input\":\"required name=search_term_string\"}],\"inLanguage\":\"en-US\"}]}<\/script>\n<!-- \/ Yoast SEO plugin. -->","yoast_head_json":{"title":"Silba F\u00e4hrterminal, Abfahrten f\u00fcr Katamaran und Autof\u00e4hre","robots":{"index":"index","follow":"follow","max-snippet":"max-snippet:-1","max-image-preview":"max-image-preview:large","max-video-preview":"max-video-preview:-1"},"canonical":"https:\/\/www.ferrycroatia.com\/de\/fahrhafen-silba\/","og_locale":"en_US","og_type":"article","og_title":"Silba F\u00e4hrterminal, Abfahrten f\u00fcr Katamaran und Autof\u00e4hre","og_description":"Silba ist eine Insel nordwestlich der Stadt Zadar zwischen den Inseln Olib und Premuda. Der einzige F\u00e4hrhafen befindet sich in der Stadt Silba &#8211; verbunden durch F\u00e4hr- und Katamaran Linien mit Zadar und den Inseln Olib, Premuda und Lo\u0161inj. Es ist ideal f\u00fcr einen ruhigen und friedlichen Urlaub. Wenn Sie dort ankommen, m\u00f6gen Sie diese [&hellip;] Continue reading...","og_url":"https:\/\/www.ferrycroatia.com\/de\/fahrhafen-silba\/","og_site_name":"F\u00e4hre Kroatien","article_modified_time":"2021-02-09T11:37:29+00:00","og_image":[{"url":"http:\/\/www.ferrycroatia.com\/wp-content\/uploads\/2016\/07\/Silba-ferry-terminal.jpg"}],"twitter_card":"summary_large_image","twitter_misc":{"Est. reading time":"1 minute"},"schema":{"@context":"https:\/\/schema.org","@graph":[{"@type":"WebPage","@id":"https:\/\/www.ferrycroatia.com\/de\/fahrhafen-silba\/","url":"https:\/\/www.ferrycroatia.com\/de\/fahrhafen-silba\/","name":"Silba F\u00e4hrterminal, Abfahrten f\u00fcr Katamaran und Autof\u00e4hre","isPartOf":{"@id":"https:\/\/www.ferrycroatia.com\/de\/#website"},"datePublished":"2021-02-03T13:42:15+00:00","dateModified":"2021-02-09T11:37:29+00:00","breadcrumb":{"@id":"https:\/\/www.ferrycroatia.com\/de\/fahrhafen-silba\/#breadcrumb"},"inLanguage":"en-US","potentialAction":[{"@type":"ReadAction","target":["https:\/\/www.ferrycroatia.com\/de\/fahrhafen-silba\/"]}]},{"@type":"BreadcrumbList","@id":"https:\/\/www.ferrycroatia.com\/de\/fahrhafen-silba\/#breadcrumb","itemListElement":[{"@type":"ListItem","position":1,"name":"Home","item":"https:\/\/www.ferrycroatia.com\/de\/"},{"@type":"ListItem","position":2,"name":"F\u00e4hrhafen Silba"}]},{"@type":"WebSite","@id":"https:\/\/www.ferrycroatia.com\/de\/#website","url":"https:\/\/www.ferrycroatia.com\/de\/","name":"F\u00e4hre Kroatien","description":"Info und Fahrpl\u00e4ne f\u00fcr alle Katamarane und F\u00e4hren in Kroatien","potentialAction":[{"@type":"SearchAction","target":{"@type":"EntryPoint","urlTemplate":"https:\/\/www.ferrycroatia.com\/de\/?s={search_term_string}"},"query-input":"required name=search_term_string"}],"inLanguage":"en-US"}]}},"_links":{"self":[{"href":"https:\/\/www.ferrycroatia.com\/de\/wp-json\/wp\/v2\/pages\/1221"}],"collection":[{"href":"https:\/\/www.ferrycroatia.com\/de\/wp-json\/wp\/v2\/pages"}],"about":[{"href":"https:\/\/www.ferrycroatia.com\/de\/wp-json\/wp\/v2\/types\/page"}],"author":[{"embeddable":true,"href":"https:\/\/www.ferrycroatia.com\/de\/wp-json\/wp\/v2\/users\/5"}],"replies":[{"embeddable":true,"href":"https:\/\/www.ferrycroatia.com\/de\/wp-json\/wp\/v2\/comments?post=1221"}],"version-history":[{"count":3,"href":"https:\/\/www.ferrycroatia.com\/de\/wp-json\/wp\/v2\/pages\/1221\/revisions"}],"predecessor-version":[{"id":1627,"href":"https:\/\/www.ferrycroatia.com\/de\/wp-json\/wp\/v2\/pages\/1221\/revisions\/1627"}],"wp:attachment":[{"href":"https:\/\/www.ferrycroatia.com\/de\/wp-json\/wp\/v2\/media?parent=1221"}],"curies":[{"name":"wp","href":"https:\/\/api.w.org\/{rel}","templated":true}]}}