{"id":1234,"date":"2021-02-03T13:52:38","date_gmt":"2021-02-03T13:52:38","guid":{"rendered":"https:\/\/ferrycroatia.com\/de\/?page_id=1234"},"modified":"2021-02-09T11:41:52","modified_gmt":"2021-02-09T11:41:52","slug":"fahrhafen-slatine-ciovo","status":"publish","type":"page","link":"https:\/\/www.ferrycroatia.com\/de\/fahrhafen-slatine-ciovo\/","title":{"rendered":"F\u00e4hrhafen Slatine \u010ciovo"},"content":{"rendered":"<p>Slatine ist eine kleine Stadt <strong>im Nordosten der Insel \u010ciovo<\/strong>. Es ist durch saisonale Schiffs- und Katamaran-Linien <strong>(<a href=\"https:\/\/www.ferrycroatia.com\/de\/bura-line\/\">Bura Line<\/a>)<\/strong> mit Split und Trogir verbunden. Der Slatine-Hafen befindet sich im Zentrum der Stadt, ganz in der N\u00e4he der Hauptpromenade am Meer.<\/p>\n<p><b>An- und Abreise zum Hafen von Slatine:<\/b><\/p>\n<p>Slatine ist mit Trogir und einigen anderen St\u00e4dten auf der Insel \u010ciovo durch eine lokale Buslinie verbunden (Linie Nr. 42). Die Bushaltestelle in Slatine befindet sich nur wenige Gehminuten vom Hafen entfernt und ist daher bequem zu Fu\u00df erreichbar. F\u00fcr den genauen Standort klicken Sie <a href=\"https:\/\/getbybus.com\/de\/bus-von-slatine\">hier<\/a>.<\/p>\n<p><strong>Slatine ist eine kleine Stadt auf der Insel \u010ciovo<\/strong> und egal, wo in Slatine Ihre Unterkunft ist, der Hafen ist leicht zu Fu\u00df erreichbar. Sie k\u00f6nnen ein Taxi nehmen, wenn Sie mit Gep\u00e4ck unterwegs sind, was Sie nicht viel kosten sollte, da es eine ziemlich kleine Entfernung ist.<\/p>\n<p><b>Was Sie am Hafen Slatine finden k\u00f6nnen:<\/b><\/p>\n<p>Wie bereits erw\u00e4hnt, ist Slatine eine kleine Stadt und der Hafen liegt genau in der Mitte. Offensichtlich befinden sich alle st\u00e4dtischen Einrichtungen in der N\u00e4he des Hafens: Bars, Restaurants, Gesch\u00e4fte usw.<\/p>\n<p><b>Adresse des Hafens Slatine:<\/b><\/p>\n<ul>\n<li>L\u00e4ngengrad: 16.338406<\/li>\n<li>Breitengrad: 43.499473<\/li>\n<li>Setzen Sie Porta<\/li>\n<li>21224 Slatine (\u010ciovo)<\/li>\n<\/ul>\n<p><a class=\"lightbox\" href=\"http:\/\/www.ferrycroatia.com\/wp-content\/uploads\/2016\/08\/Slatine-bura-line.jpg\"><img decoding=\"async\" loading=\"lazy\" class=\"alignnone size-full wp-image-740\" data-src=\"http:\/\/www.ferrycroatia.com\/wp-content\/uploads\/2016\/08\/Slatine-bura-line.jpg\" alt=\"Slatine bura line\" width=\"1024\" height=\"537\" \/><\/a><\/p>\n<p><b>Liste der Routen von \/ nach Slatine:<\/b><\/p>\n<p>Passagierboot: Split &#8211; Slatine (\u010ciovo) &#8211; Trogir (Bura Line)<\/p>\n<ul>\n<li>Slatine &#8211; Trogir<\/li>\n<li>Slatine &#8211; Split<\/li>\n<\/ul>\n","protected":false},"excerpt":{"rendered":"<p>Slatine ist eine kleine Stadt im Nordosten der Insel \u010ciovo. Es ist durch saisonale Schiffs- und Katamaran-Linien (Bura Line) mit Split und Trogir verbunden. Der Slatine-Hafen befindet sich im Zentrum der Stadt, ganz in der N\u00e4he der Hauptpromenade am Meer. An- und Abreise zum Hafen von Slatine: Slatine ist mit Trogir und einigen anderen St\u00e4dten [&hellip;]<\/p>\n<p><a class=\"more-link\" href=\"https:\/\/www.ferrycroatia.com\/de\/fahrhafen-slatine-ciovo\/\"> Continue reading&#8230;<\/a><\/p>\n","protected":false},"author":5,"featured_media":0,"parent":0,"menu_order":0,"comment_status":"closed","ping_status":"closed","template":"","meta":[],"yoast_head":"<!-- This site is optimized with the Yoast SEO plugin v19.8 - https:\/\/yoast.com\/wordpress\/plugins\/seo\/ -->\n<title>Katamaran Hafen Slatine, Katamaran und Schiffsabfahrten<\/title>\n<meta name=\"robots\" content=\"index, follow, max-snippet:-1, max-image-preview:large, max-video-preview:-1\" \/>\n<link rel=\"canonical\" href=\"https:\/\/www.ferrycroatia.com\/de\/fahrhafen-slatine-ciovo\/\" \/>\n<meta property=\"og:locale\" content=\"en_US\" \/>\n<meta property=\"og:type\" content=\"article\" \/>\n<meta property=\"og:title\" content=\"Katamaran Hafen Slatine, Katamaran und Schiffsabfahrten\" \/>\n<meta property=\"og:description\" content=\"Slatine ist eine kleine Stadt im Nordosten der Insel \u010ciovo. Es ist durch saisonale Schiffs- und Katamaran-Linien (Bura Line) mit Split und Trogir verbunden. Der Slatine-Hafen befindet sich im Zentrum der Stadt, ganz in der N\u00e4he der Hauptpromenade am Meer. An- und Abreise zum Hafen von Slatine: Slatine ist mit Trogir und einigen anderen St\u00e4dten [&hellip;] Continue reading...\" \/>\n<meta property=\"og:url\" content=\"https:\/\/www.ferrycroatia.com\/de\/fahrhafen-slatine-ciovo\/\" \/>\n<meta property=\"og:site_name\" content=\"F\u00e4hre Kroatien\" \/>\n<meta property=\"article:modified_time\" content=\"2021-02-09T11:41:52+00:00\" \/>\n<meta property=\"og:image\" content=\"http:\/\/www.ferrycroatia.com\/wp-content\/uploads\/2016\/08\/Slatine-bura-line.jpg\" \/>\n<meta name=\"twitter:card\" content=\"summary_large_image\" \/>\n<meta name=\"twitter:label1\" content=\"Est. reading time\" \/>\n\t<meta name=\"twitter:data1\" content=\"1 minute\" \/>\n<script type=\"application\/ld+json\" class=\"yoast-schema-graph\">{\"@context\":\"https:\/\/schema.org\",\"@graph\":[{\"@type\":\"WebPage\",\"@id\":\"https:\/\/www.ferrycroatia.com\/de\/fahrhafen-slatine-ciovo\/\",\"url\":\"https:\/\/www.ferrycroatia.com\/de\/fahrhafen-slatine-ciovo\/\",\"name\":\"Katamaran Hafen Slatine, Katamaran und Schiffsabfahrten\",\"isPartOf\":{\"@id\":\"https:\/\/www.ferrycroatia.com\/de\/#website\"},\"datePublished\":\"2021-02-03T13:52:38+00:00\",\"dateModified\":\"2021-02-09T11:41:52+00:00\",\"breadcrumb\":{\"@id\":\"https:\/\/www.ferrycroatia.com\/de\/fahrhafen-slatine-ciovo\/#breadcrumb\"},\"inLanguage\":\"en-US\",\"potentialAction\":[{\"@type\":\"ReadAction\",\"target\":[\"https:\/\/www.ferrycroatia.com\/de\/fahrhafen-slatine-ciovo\/\"]}]},{\"@type\":\"BreadcrumbList\",\"@id\":\"https:\/\/www.ferrycroatia.com\/de\/fahrhafen-slatine-ciovo\/#breadcrumb\",\"itemListElement\":[{\"@type\":\"ListItem\",\"position\":1,\"name\":\"Home\",\"item\":\"https:\/\/www.ferrycroatia.com\/de\/\"},{\"@type\":\"ListItem\",\"position\":2,\"name\":\"F\u00e4hrhafen Slatine \u010ciovo\"}]},{\"@type\":\"WebSite\",\"@id\":\"https:\/\/www.ferrycroatia.com\/de\/#website\",\"url\":\"https:\/\/www.ferrycroatia.com\/de\/\",\"name\":\"F\u00e4hre Kroatien\",\"description\":\"Info und Fahrpl\u00e4ne f\u00fcr alle Katamarane und F\u00e4hren in Kroatien\",\"potentialAction\":[{\"@type\":\"SearchAction\",\"target\":{\"@type\":\"EntryPoint\",\"urlTemplate\":\"https:\/\/www.ferrycroatia.com\/de\/?s={search_term_string}\"},\"query-input\":\"required name=search_term_string\"}],\"inLanguage\":\"en-US\"}]}<\/script>\n<!-- \/ Yoast SEO plugin. -->","yoast_head_json":{"title":"Katamaran Hafen Slatine, Katamaran und Schiffsabfahrten","robots":{"index":"index","follow":"follow","max-snippet":"max-snippet:-1","max-image-preview":"max-image-preview:large","max-video-preview":"max-video-preview:-1"},"canonical":"https:\/\/www.ferrycroatia.com\/de\/fahrhafen-slatine-ciovo\/","og_locale":"en_US","og_type":"article","og_title":"Katamaran Hafen Slatine, Katamaran und Schiffsabfahrten","og_description":"Slatine ist eine kleine Stadt im Nordosten der Insel \u010ciovo. Es ist durch saisonale Schiffs- und Katamaran-Linien (Bura Line) mit Split und Trogir verbunden. Der Slatine-Hafen befindet sich im Zentrum der Stadt, ganz in der N\u00e4he der Hauptpromenade am Meer. An- und Abreise zum Hafen von Slatine: Slatine ist mit Trogir und einigen anderen St\u00e4dten [&hellip;] Continue reading...","og_url":"https:\/\/www.ferrycroatia.com\/de\/fahrhafen-slatine-ciovo\/","og_site_name":"F\u00e4hre Kroatien","article_modified_time":"2021-02-09T11:41:52+00:00","og_image":[{"url":"http:\/\/www.ferrycroatia.com\/wp-content\/uploads\/2016\/08\/Slatine-bura-line.jpg"}],"twitter_card":"summary_large_image","twitter_misc":{"Est. reading time":"1 minute"},"schema":{"@context":"https:\/\/schema.org","@graph":[{"@type":"WebPage","@id":"https:\/\/www.ferrycroatia.com\/de\/fahrhafen-slatine-ciovo\/","url":"https:\/\/www.ferrycroatia.com\/de\/fahrhafen-slatine-ciovo\/","name":"Katamaran Hafen Slatine, Katamaran und Schiffsabfahrten","isPartOf":{"@id":"https:\/\/www.ferrycroatia.com\/de\/#website"},"datePublished":"2021-02-03T13:52:38+00:00","dateModified":"2021-02-09T11:41:52+00:00","breadcrumb":{"@id":"https:\/\/www.ferrycroatia.com\/de\/fahrhafen-slatine-ciovo\/#breadcrumb"},"inLanguage":"en-US","potentialAction":[{"@type":"ReadAction","target":["https:\/\/www.ferrycroatia.com\/de\/fahrhafen-slatine-ciovo\/"]}]},{"@type":"BreadcrumbList","@id":"https:\/\/www.ferrycroatia.com\/de\/fahrhafen-slatine-ciovo\/#breadcrumb","itemListElement":[{"@type":"ListItem","position":1,"name":"Home","item":"https:\/\/www.ferrycroatia.com\/de\/"},{"@type":"ListItem","position":2,"name":"F\u00e4hrhafen Slatine \u010ciovo"}]},{"@type":"WebSite","@id":"https:\/\/www.ferrycroatia.com\/de\/#website","url":"https:\/\/www.ferrycroatia.com\/de\/","name":"F\u00e4hre Kroatien","description":"Info und Fahrpl\u00e4ne f\u00fcr alle Katamarane und F\u00e4hren in Kroatien","potentialAction":[{"@type":"SearchAction","target":{"@type":"EntryPoint","urlTemplate":"https:\/\/www.ferrycroatia.com\/de\/?s={search_term_string}"},"query-input":"required name=search_term_string"}],"inLanguage":"en-US"}]}},"_links":{"self":[{"href":"https:\/\/www.ferrycroatia.com\/de\/wp-json\/wp\/v2\/pages\/1234"}],"collection":[{"href":"https:\/\/www.ferrycroatia.com\/de\/wp-json\/wp\/v2\/pages"}],"about":[{"href":"https:\/\/www.ferrycroatia.com\/de\/wp-json\/wp\/v2\/types\/page"}],"author":[{"embeddable":true,"href":"https:\/\/www.ferrycroatia.com\/de\/wp-json\/wp\/v2\/users\/5"}],"replies":[{"embeddable":true,"href":"https:\/\/www.ferrycroatia.com\/de\/wp-json\/wp\/v2\/comments?post=1234"}],"version-history":[{"count":3,"href":"https:\/\/www.ferrycroatia.com\/de\/wp-json\/wp\/v2\/pages\/1234\/revisions"}],"predecessor-version":[{"id":1631,"href":"https:\/\/www.ferrycroatia.com\/de\/wp-json\/wp\/v2\/pages\/1234\/revisions\/1631"}],"wp:attachment":[{"href":"https:\/\/www.ferrycroatia.com\/de\/wp-json\/wp\/v2\/media?parent=1234"}],"curies":[{"name":"wp","href":"https:\/\/api.w.org\/{rel}","templated":true}]}}