{"id":1236,"date":"2021-02-03T13:59:02","date_gmt":"2021-02-03T13:59:02","guid":{"rendered":"https:\/\/ferrycroatia.com\/de\/?page_id=1236"},"modified":"2021-02-09T11:45:10","modified_gmt":"2021-02-09T11:45:10","slug":"fahrhafen-sobra","status":"publish","type":"page","link":"https:\/\/www.ferrycroatia.com\/de\/fahrhafen-sobra\/","title":{"rendered":"F\u00e4hrhafen Sobra"},"content":{"rendered":"<p><strong>Der F\u00e4hrhafen von Sobra liegt etwa 2 km von Sobra entfernt<\/strong> in einer kleinen sch\u00f6nen Bucht auf der Insel Mljet. Der F\u00e4hrhafen in Sobra ist der Haupthafen der Insel und der Ort, an dem alle F\u00e4hren ankommen. <strong>Dort befindet sich die Mljet-Hafenbeh\u00f6rde.<\/strong> Sobra ist gut mit den anderen Teilen der Insel \u00fcber regelm\u00e4\u00dfige Buslinien sowie mit dem Nationalpark Mljet verbunden.<\/p>\n<p><span style=\"text-decoration: underline;\"><b>An- und Abreise zum F\u00e4hrterminal in Sobra:<\/b><\/span><\/p>\n<p>Die Autof\u00e4hre zwischen <strong>Dubrovnik und Sobra<\/strong> hat eine Fahrzeit von 2 Stunden (Linie im Jahr 2016 suspendiert), der Katamaran zwischen den St\u00e4dten ca. 1 Stunde und 15 Minuten. Wenn Sie eine Unterkunft in Sobra gebucht haben, k\u00f6nnen Sie <strong>vom F\u00e4hrterminal aus bequem zu Fu\u00df dorthin gehen.<\/strong> Wenn Sie andere Teile der Insel erreichen m\u00fcssen, k\u00f6nnen Sie entweder einen Bus oder ein Taxi nehmen.<\/p>\n<p><span style=\"text-decoration: underline;\"><b>Was Sie am F\u00e4hrterminal Sobra finden k\u00f6nnen:<\/b><\/span><\/p>\n<p>Am F\u00e4hrterminal in Sobra haben Sie einen Fahrkartenschalter, einen Kiosk und eine Kaffeebar.<\/p>\n<p><span style=\"text-decoration: underline;\"><b>Adresse des F\u00e4hrterminals Sobra:<\/b><\/span><\/p>\n<ul>\n<li>L\u00e4ngengrad: 17.620476<\/li>\n<li>Breitengrad: 42.739454<\/li>\n<li>20225 Sobra (Mljet)<\/li>\n<\/ul>\n<p><a class=\"lightbox\" href=\"http:\/\/www.ferrycroatia.com\/wp-content\/uploads\/2016\/08\/Sobra-ferry-terminal.jpg\"><img decoding=\"async\" loading=\"lazy\" class=\"alignnone size-full wp-image-663\" data-src=\"http:\/\/www.ferrycroatia.com\/wp-content\/uploads\/2016\/08\/Sobra-ferry-terminal.jpg\" alt=\"Sobra ferry terminal\" width=\"1024\" height=\"540\" \/><\/a><\/p>\n<p><span style=\"text-decoration: underline;\"><b>Liste der F\u00e4hr- und Katamaran-Routen von und nach Sobra:<\/b><\/span><\/p>\n<p>\u2192 Autof\u00e4hre: Prapratno (Pelje\u0161ac) -Sobra<\/p>\n<ul>\n<li><a href=\"https:\/\/www.ferrycroatia.com\/de\/sobra-prapratno\/\">Sobra &#8211; Prapratno<\/a><\/li>\n<\/ul>\n<p>\u2192 Katamaran: Dubrovnik-Luka \u0160ipanska-Sobra (Mljet) -Pola\u010de (Mljet) -Kor\u010dula-Ubli (Lastovo)<\/p>\n<ul>\n<li><a href=\"https:\/\/www.ferrycroatia.com\/de\/sobra-dubrovnik\/\">Sobra &#8211; Dubrovnik<\/a><\/li>\n<li><a href=\"https:\/\/www.ferrycroatia.com\/de\/sobra-sipanska-luka\/\">Sobra &#8211; \u0160ipanska Luka<\/a><\/li>\n<li><a href=\"https:\/\/www.ferrycroatia.com\/de\/sobra-korcula\/\">Sobra &#8211; Kor\u010dula<\/a><\/li>\n<li><a href=\"https:\/\/www.ferrycroatia.com\/de\/sobra-ubli\/\">Sobra &#8211; Ubli<\/a><\/li>\n<\/ul>\n","protected":false},"excerpt":{"rendered":"<p>Der F\u00e4hrhafen von Sobra liegt etwa 2 km von Sobra entfernt in einer kleinen sch\u00f6nen Bucht auf der Insel Mljet. Der F\u00e4hrhafen in Sobra ist der Haupthafen der Insel und der Ort, an dem alle F\u00e4hren ankommen. Dort befindet sich die Mljet-Hafenbeh\u00f6rde. Sobra ist gut mit den anderen Teilen der Insel \u00fcber regelm\u00e4\u00dfige Buslinien sowie [&hellip;]<\/p>\n<p><a class=\"more-link\" href=\"https:\/\/www.ferrycroatia.com\/de\/fahrhafen-sobra\/\"> Continue reading&#8230;<\/a><\/p>\n","protected":false},"author":5,"featured_media":0,"parent":0,"menu_order":0,"comment_status":"closed","ping_status":"closed","template":"","meta":[],"yoast_head":"<!-- This site is optimized with the Yoast SEO plugin v19.8 - https:\/\/yoast.com\/wordpress\/plugins\/seo\/ -->\n<title>F\u00e4hrterminal Sobra, von und nach Sobra, Mljet reisen<\/title>\n<meta name=\"robots\" content=\"index, follow, max-snippet:-1, max-image-preview:large, max-video-preview:-1\" \/>\n<link rel=\"canonical\" href=\"https:\/\/www.ferrycroatia.com\/de\/fahrhafen-sobra\/\" \/>\n<meta property=\"og:locale\" content=\"en_US\" \/>\n<meta property=\"og:type\" content=\"article\" \/>\n<meta property=\"og:title\" content=\"F\u00e4hrterminal Sobra, von und nach Sobra, Mljet reisen\" \/>\n<meta property=\"og:description\" content=\"Der F\u00e4hrhafen von Sobra liegt etwa 2 km von Sobra entfernt in einer kleinen sch\u00f6nen Bucht auf der Insel Mljet. Der F\u00e4hrhafen in Sobra ist der Haupthafen der Insel und der Ort, an dem alle F\u00e4hren ankommen. Dort befindet sich die Mljet-Hafenbeh\u00f6rde. Sobra ist gut mit den anderen Teilen der Insel \u00fcber regelm\u00e4\u00dfige Buslinien sowie [&hellip;] Continue reading...\" \/>\n<meta property=\"og:url\" content=\"https:\/\/www.ferrycroatia.com\/de\/fahrhafen-sobra\/\" \/>\n<meta property=\"og:site_name\" content=\"F\u00e4hre Kroatien\" \/>\n<meta property=\"article:modified_time\" content=\"2021-02-09T11:45:10+00:00\" \/>\n<meta property=\"og:image\" content=\"http:\/\/www.ferrycroatia.com\/wp-content\/uploads\/2016\/08\/Sobra-ferry-terminal.jpg\" \/>\n<meta name=\"twitter:card\" content=\"summary_large_image\" \/>\n<meta name=\"twitter:label1\" content=\"Est. reading time\" \/>\n\t<meta name=\"twitter:data1\" content=\"1 minute\" \/>\n<script type=\"application\/ld+json\" class=\"yoast-schema-graph\">{\"@context\":\"https:\/\/schema.org\",\"@graph\":[{\"@type\":\"WebPage\",\"@id\":\"https:\/\/www.ferrycroatia.com\/de\/fahrhafen-sobra\/\",\"url\":\"https:\/\/www.ferrycroatia.com\/de\/fahrhafen-sobra\/\",\"name\":\"F\u00e4hrterminal Sobra, von und nach Sobra, Mljet reisen\",\"isPartOf\":{\"@id\":\"https:\/\/www.ferrycroatia.com\/de\/#website\"},\"datePublished\":\"2021-02-03T13:59:02+00:00\",\"dateModified\":\"2021-02-09T11:45:10+00:00\",\"breadcrumb\":{\"@id\":\"https:\/\/www.ferrycroatia.com\/de\/fahrhafen-sobra\/#breadcrumb\"},\"inLanguage\":\"en-US\",\"potentialAction\":[{\"@type\":\"ReadAction\",\"target\":[\"https:\/\/www.ferrycroatia.com\/de\/fahrhafen-sobra\/\"]}]},{\"@type\":\"BreadcrumbList\",\"@id\":\"https:\/\/www.ferrycroatia.com\/de\/fahrhafen-sobra\/#breadcrumb\",\"itemListElement\":[{\"@type\":\"ListItem\",\"position\":1,\"name\":\"Home\",\"item\":\"https:\/\/www.ferrycroatia.com\/de\/\"},{\"@type\":\"ListItem\",\"position\":2,\"name\":\"F\u00e4hrhafen Sobra\"}]},{\"@type\":\"WebSite\",\"@id\":\"https:\/\/www.ferrycroatia.com\/de\/#website\",\"url\":\"https:\/\/www.ferrycroatia.com\/de\/\",\"name\":\"F\u00e4hre Kroatien\",\"description\":\"Info und Fahrpl\u00e4ne f\u00fcr alle Katamarane und F\u00e4hren in Kroatien\",\"potentialAction\":[{\"@type\":\"SearchAction\",\"target\":{\"@type\":\"EntryPoint\",\"urlTemplate\":\"https:\/\/www.ferrycroatia.com\/de\/?s={search_term_string}\"},\"query-input\":\"required name=search_term_string\"}],\"inLanguage\":\"en-US\"}]}<\/script>\n<!-- \/ Yoast SEO plugin. -->","yoast_head_json":{"title":"F\u00e4hrterminal Sobra, von und nach Sobra, Mljet reisen","robots":{"index":"index","follow":"follow","max-snippet":"max-snippet:-1","max-image-preview":"max-image-preview:large","max-video-preview":"max-video-preview:-1"},"canonical":"https:\/\/www.ferrycroatia.com\/de\/fahrhafen-sobra\/","og_locale":"en_US","og_type":"article","og_title":"F\u00e4hrterminal Sobra, von und nach Sobra, Mljet reisen","og_description":"Der F\u00e4hrhafen von Sobra liegt etwa 2 km von Sobra entfernt in einer kleinen sch\u00f6nen Bucht auf der Insel Mljet. Der F\u00e4hrhafen in Sobra ist der Haupthafen der Insel und der Ort, an dem alle F\u00e4hren ankommen. Dort befindet sich die Mljet-Hafenbeh\u00f6rde. Sobra ist gut mit den anderen Teilen der Insel \u00fcber regelm\u00e4\u00dfige Buslinien sowie [&hellip;] Continue reading...","og_url":"https:\/\/www.ferrycroatia.com\/de\/fahrhafen-sobra\/","og_site_name":"F\u00e4hre Kroatien","article_modified_time":"2021-02-09T11:45:10+00:00","og_image":[{"url":"http:\/\/www.ferrycroatia.com\/wp-content\/uploads\/2016\/08\/Sobra-ferry-terminal.jpg"}],"twitter_card":"summary_large_image","twitter_misc":{"Est. reading time":"1 minute"},"schema":{"@context":"https:\/\/schema.org","@graph":[{"@type":"WebPage","@id":"https:\/\/www.ferrycroatia.com\/de\/fahrhafen-sobra\/","url":"https:\/\/www.ferrycroatia.com\/de\/fahrhafen-sobra\/","name":"F\u00e4hrterminal Sobra, von und nach Sobra, Mljet reisen","isPartOf":{"@id":"https:\/\/www.ferrycroatia.com\/de\/#website"},"datePublished":"2021-02-03T13:59:02+00:00","dateModified":"2021-02-09T11:45:10+00:00","breadcrumb":{"@id":"https:\/\/www.ferrycroatia.com\/de\/fahrhafen-sobra\/#breadcrumb"},"inLanguage":"en-US","potentialAction":[{"@type":"ReadAction","target":["https:\/\/www.ferrycroatia.com\/de\/fahrhafen-sobra\/"]}]},{"@type":"BreadcrumbList","@id":"https:\/\/www.ferrycroatia.com\/de\/fahrhafen-sobra\/#breadcrumb","itemListElement":[{"@type":"ListItem","position":1,"name":"Home","item":"https:\/\/www.ferrycroatia.com\/de\/"},{"@type":"ListItem","position":2,"name":"F\u00e4hrhafen Sobra"}]},{"@type":"WebSite","@id":"https:\/\/www.ferrycroatia.com\/de\/#website","url":"https:\/\/www.ferrycroatia.com\/de\/","name":"F\u00e4hre Kroatien","description":"Info und Fahrpl\u00e4ne f\u00fcr alle Katamarane und F\u00e4hren in Kroatien","potentialAction":[{"@type":"SearchAction","target":{"@type":"EntryPoint","urlTemplate":"https:\/\/www.ferrycroatia.com\/de\/?s={search_term_string}"},"query-input":"required name=search_term_string"}],"inLanguage":"en-US"}]}},"_links":{"self":[{"href":"https:\/\/www.ferrycroatia.com\/de\/wp-json\/wp\/v2\/pages\/1236"}],"collection":[{"href":"https:\/\/www.ferrycroatia.com\/de\/wp-json\/wp\/v2\/pages"}],"about":[{"href":"https:\/\/www.ferrycroatia.com\/de\/wp-json\/wp\/v2\/types\/page"}],"author":[{"embeddable":true,"href":"https:\/\/www.ferrycroatia.com\/de\/wp-json\/wp\/v2\/users\/5"}],"replies":[{"embeddable":true,"href":"https:\/\/www.ferrycroatia.com\/de\/wp-json\/wp\/v2\/comments?post=1236"}],"version-history":[{"count":3,"href":"https:\/\/www.ferrycroatia.com\/de\/wp-json\/wp\/v2\/pages\/1236\/revisions"}],"predecessor-version":[{"id":1632,"href":"https:\/\/www.ferrycroatia.com\/de\/wp-json\/wp\/v2\/pages\/1236\/revisions\/1632"}],"wp:attachment":[{"href":"https:\/\/www.ferrycroatia.com\/de\/wp-json\/wp\/v2\/media?parent=1236"}],"curies":[{"name":"wp","href":"https:\/\/api.w.org\/{rel}","templated":true}]}}