{"id":1239,"date":"2021-02-03T14:43:14","date_gmt":"2021-02-03T14:43:14","guid":{"rendered":"https:\/\/ferrycroatia.com\/de\/?page_id=1239"},"modified":"2024-08-06T15:34:48","modified_gmt":"2024-08-06T13:34:48","slug":"fahrhafen-split","status":"publish","type":"page","link":"https:\/\/www.ferrycroatia.com\/de\/fahrhafen-split\/","title":{"rendered":"F\u00e4hrhafen Split"},"content":{"rendered":"\n<p><strong>Split ist die zweitgr\u00f6\u00dfte Stadt Kroatiens<\/strong> und die gr\u00f6\u00dfte Stadt an der Adriak\u00fcste, die als Hauptstadt der Region Dalmatien gilt. <strong>Der F\u00e4hrhafen in Split ist der wichtigste Passagierhafen<\/strong> in ganz Kroatien und daher gut mit vielen kroatischen Inseln und sogar Italien verbunden. <strong>Neben F\u00e4hren gibt es viele Katamaran Linien<\/strong>, die von Split zu den Inseln fahren. Der F\u00e4hrhafen in Split befindet sich nur wenige Minuten vom <strong>aufregenden historischen Stadtzentrum<\/strong> entfernt, wo Sie die Sehensw\u00fcrdigkeiten des <strong>alten Diokletianpalastes<\/strong> besuchen k\u00f6nnen. Es liegt auch in der N\u00e4he einiger der ber\u00fchmten Str\u00e4nde. Die wichtigsten <strong>Bus- und Bahnh\u00f6fe befinden sich buchst\u00e4blich gegen\u00fcber dem F\u00e4hrterminal<\/strong> und sind somit perfekt mit anderen europ\u00e4ischen und kroatischen St\u00e4dten verbunden.<\/p>\n\n\n\n<h2><b>Anreise zum F\u00e4hrterminal in Split:<\/b><\/h2>\n\n\n\n<p>Wenn Sie in Split \u00fcbernachten und die <strong><a href=\"https:\/\/www.ferrycroatia.com\/de\/insel-brac\/\">Inseln Bra\u010d<\/a>, <a href=\"https:\/\/www.ferrycroatia.com\/de\/insel-solta\/\">\u0160olta<\/a>, <a href=\"https:\/\/www.ferrycroatia.com\/de\/insel-hvar\/\">Hvar<\/a>, <a href=\"https:\/\/www.ferrycroatia.com\/de\/insel-korcula\/\">Kor\u010dula<\/a>, <a href=\"https:\/\/www.ferrycroatia.com\/de\/insel-vis\/\">Vis<\/a> usw.<\/strong> erreichen m\u00f6chten, gelangen Sie von einigen beliebten Teilen der Stadt zum F\u00e4hrterminal.<\/p>\n\n\n\n<p>Wenn Sie <strong>in der Altstadt \u00fcbernachten<\/strong>, k\u00f6nnen Sie den F\u00e4hrhafen nur zu Fu\u00df erreichen (ca. 10-15 Minuten), <strong>da Autos im Diokletianpalast nicht erlaubt sind.<\/strong><\/p>\n\n\n\n<p>Wenn Sie in Veli Varo\u0161 \u00fcbernachten, ist es <strong>so ziemlich dasselbe<\/strong>. <strong>Zwischen Varo\u0161 und dem F\u00e4hrterminal<\/strong> befindet sich eine Hauptpromenade am Meer namens Riva. Dort sind auch keine Autos erlaubt. <strong>Sie m\u00fcssen also zu Fu\u00df gehen (20-25 Minuten)<\/strong> oder am Ende der Promenade ein Taxi nehmen. Es kann <strong>ungef\u00e4hr 60-70 kn<\/strong> (8-9 Euro) kosten, da es den ganzen Weg um das Zentrum herum gehen muss, um den F\u00e4hrhafen zu erreichen.<\/p>\n\n\n\n<p>Wenn Sie auf Ba\u010dvice \u00fcbernachten, ist <strong>der F\u00e4hrhafen ganz in der N\u00e4he. Wenn Sie mit Gep\u00e4ck unterwegs sind<\/strong>, nehmen Sie am einfachsten ein Taxi, das Sie zum F\u00e4hrterminal bringt (es kostet Sie nicht viel, da es keine gro\u00dfe Entfernung ist). Auf der <strong>Hauptstra\u00dfe neben Ba\u010dvice<\/strong> fahren viele lokale Busse (Nummern 3, 8, 60, 25 usw.). Die meisten bringen Sie zum gr\u00fcnen Markt, der nur wenige Minuten vom F\u00e4hrterminal entfernt ist.<\/p>\n\n\n\n<figure class=\"wp-block-image size-full\"><img decoding=\"async\" loading=\"lazy\" width=\"1024\" height=\"576\" data-src=\"https:\/\/www.ferrycroatia.com\/de\/wp-content\/uploads\/2024\/08\/Das-Split-Terminal-Geba\u0308ude.webp\" alt=\"Das-Split-Terminal-Geba\u0308ude\" class=\"wp-image-3081\" data-srcset=\"https:\/\/www.ferrycroatia.com\/de\/wp-content\/uploads\/2024\/08\/Das-Split-Terminal-Geba\u0308ude.webp 1024w, https:\/\/www.ferrycroatia.com\/de\/wp-content\/uploads\/2024\/08\/Das-Split-Terminal-Geba\u0308ude-300x169.webp 300w, https:\/\/www.ferrycroatia.com\/de\/wp-content\/uploads\/2024\/08\/Das-Split-Terminal-Geba\u0308ude-768x432.webp 768w\" sizes=\"(max-width: 1024px) 100vw, 1024px\" \/><figcaption class=\"wp-element-caption\">Das Split Terminal Geba\u0308ude<\/figcaption><\/figure>\n\n\n\n<p><strong>Wenn Sie auf Meje \u00fcbernachten<\/strong>, k\u00f6nnen Sie auch ein Taxi vor Ihrem Apartment \/ Hotel direkt zum F\u00e4hrterminal nehmen. <strong>Dies ist m\u00f6glicherweise eine gute Idee, insbesondere wenn Sie mit Gep\u00e4ck unterwegs sind.<\/strong> Sie k\u00f6nnen auch die <strong>Busse 12 oder 21 nehmen (je nachdem, wo Sie sich in Meje aufhalten),<\/strong> die Sie bis zur Bushaltestelle am Ende der <strong>Promenade am Meer<\/strong> bringen. Von dort k\u00f6nnen Sie ein Taxi zum F\u00e4hrterminal nehmen (es muss ein wenig herumfahren, da auf der Promenade keine Autos erlaubt sind) oder dorthin laufen (15 Minuten).<\/p>\n\n\n\n<p>Das Ticket f\u00fcr die lokalen Busse kostet ca. 11 kn = 1,5 Euro, wenn sie im Bus gekauft wurden.<\/p>\n\n\n\n<p>Wenn Sie in <strong>Omi\u0161, Podstrana oder Stobre\u010d<\/strong> \u00fcbernachten, bringt Sie der Bus Nr. 60 zum gr\u00fcnen Markt, <strong>nur wenige Minuten vom F\u00e4hrterminal entfernt.<\/strong> Das Ticket nach Omi\u0161 kostet rund 20 kn = 2,5 Euro und von Podstrana und Stobre\u010d aus etwas weniger.<\/p>\n\n\n\n<p>Wenn Sie in Trogir \u00fcbernachten, nehmen Sie am besten einen direkten Bus zum <strong>Hauptbusbahnhof in Split (gegen\u00fcber dem F\u00e4hrterminal).<\/strong> Das Ticket kostet ca. 20-30 kn (3-4 Euro).<\/p>\n\n\n\n<p><strong>Sie k\u00f6nnen auch den Bus Nr. 37<\/strong> nehmen, der durch kleine D\u00f6rfer entlang der K\u00fcste (Ka\u0161tela) f\u00e4hrt. <strong>Der Bus h\u00e4lt etwas au\u00dferhalb des Zentrums am Busbahnhof SUKOI\u0160AN <\/strong>(nicht am Hauptbusbahnhof!). Von dort aus ist es am besten, in den Bus Nr. 60 zu steigen und auf dem gr\u00fcnen Markt auszusteigen.<\/p>\n\n\n\n<p>Alle Busse fahren <strong>vom fr\u00fchen Morgen bis zum sp\u00e4ten Abend und es gibt ziemlich viele.<\/strong> Bitte beachten Sie, dass Tickets beim Kauf am Kiosk etwas g\u00fcnstiger sind.<\/p>\n\n\n\n<p>Wenn Sie aus Trogir, Omi\u0161, Podstrana, Stobre\u010d usw. anreisen, k\u00f6nnen Sie auch <strong>einen privaten Transfer buchen<\/strong>.<\/p>\n\n\n\n<div style=\"position: relative; overflow: hidden; padding-top: 56.25%; width: 100%;\">\n    <iframe src=\"https:\/\/www.youtube.com\/embed\/Yu2g3VCBj28?si=XTAmT8W2YXLgg9v8\" title=\"Split Ferry Port\" frameborder=\"0\" style=\"position: absolute; top: 0; left: 0; width: 100%; height: 100%;\" allow=\"accelerometer; autoplay; clipboard-write; encrypted-media; gyroscope; picture-in-picture; web-share\" referrerpolicy=\"strict-origin-when-cross-origin\" allowfullscreen=\"\" loading=\"lazy\">\n    <\/iframe>\n<\/div>\n\n\n\n<h2 class=\"has-medium-font-size\"><b>Split Flughafen zum F\u00e4hrterminal:<\/b><\/h2>\n\n\n\n<p>Der Flughafen von Split liegt etwa <strong>25 km vom F\u00e4hrterminal von Split entfernt<\/strong>. Sobald Sie gelandet sind, k\u00f6nnen Sie einen im Voraus gebuchten <a href=\"https:\/\/getbytransfer.com\/de\/split-flughafen-split\">Transfer<\/a> (der ungef\u00e4hr 32 Euro kostet), ein Taxi (das Sie direkt zum F\u00e4hrterminal bringt und ungef\u00e4hr 45 Euro kostet) oder Shuttlebusse nehmen die <strong>vom Flughafen in Richtung Split fahren<\/strong>. Der direkte Bus h\u00e4lt am Hauptbusbahnhof, der sich gegen\u00fcber dem F\u00e4hrterminal befindet. <strong>Eine Einzelfahrkarte kostet ca. 35 kn = 5 Euro.<\/strong><\/p>\n\n\n\n<p><strong>NEU:<\/strong> Jetzt ist es auch m\u00f6glich, eine schnelle F\u00e4hre vom Flughafen zum Zentrum von Split zu nehmen. Dies ist eine hervorragende M\u00f6glichkeit, um nach Split zu gelangen. Der <a href=\"https:\/\/www.ferrycroatia.com\/de\/flughafen-split-split\/\">Fahrplan vom Flughafen nach Split<\/a> und der Fahrplan <a href=\"https:\/\/www.ferrycroatia.com\/de\/split-flughafen-split\/\">von Split zum Flughafen<\/a>.<\/p>\n\n\n\n<p>Es gibt auch <strong>den Bus Nummer 37, der durch kleine D\u00f6rfer entlang der K\u00fcste f\u00e4hrt (Ka\u0161tela).<\/strong> Der Bus h\u00e4lt etwas au\u00dferhalb des Zentrums am Busbahnhof SUKOI\u0160AN (nicht am Hauptbusbahnhof!). Von dort aus ist es am besten, in den Bus Nr. 60 zu steigen und am Gr\u00fcnen Markt auszusteigen (nur wenige Minuten vom F\u00e4hrterminal entfernt). <strong>Das Ticket f\u00fcr den Bus Nummer 37 kostet rund 27 kn = etwas weniger als 4 Euro.<\/strong><\/p>\n\n\n\n<p>Wenn Sie jedoch den F\u00e4hrhafen erreichen m\u00f6chten, ist dieser Bus m\u00f6glicherweise nicht geeignet. Wir empfehlen Ihnen daher dringend, den <strong>direkten Shuttlebus<\/strong> zu nehmen, der Sie zum Hauptbusbahnhof \u00fcber den F\u00e4hrhafen bringt.<\/p>\n\n\n\n<p>Wenn Sie mehr <strong>\u00fcber den Transport<\/strong> vom Flughafen zum F\u00e4hrterminal erfahren m\u00f6chten, klicken Sie <a href=\"https:\/\/getbybus.com\/de\/blog\/flughafenbus-split\/\">hier<\/a>.<\/p>\n\n\n\n<h3><b>Von St\u00e4dten in Kroatien zum F\u00e4hrterminal Split:<\/b><\/h3>\n\n\n\n<p>Split ist sehr gut mit den meisten kroatischen und einigen europ\u00e4ischen Zielen durch regelm\u00e4\u00dfige oder saisonale Buslinien verbunden. <strong>Wie oben erw\u00e4hnt, befindet sich der Hauptbusbahnhof in Split<\/strong> buchst\u00e4blich gegen\u00fcber dem F\u00e4hrterminal.<\/p>\n\n\n\n<p>Um den genauen Standort anzuzeigen, klicken Sie bitte auf diesen Link: <a href=\"https:\/\/getbybus.com\/de\/bus-von-split\">https:\/\/getbybus.com\/de\/bus-von-split<\/a><\/p>\n\n\n\n<p>Vielleicht m\u00f6chten Sie auch mit dem Auto anreisen. Sobald Sie nach <strong>Split<\/strong> <strong>von Norden oder S\u00fcden aus <\/strong>auf die Autobahn oder die K\u00fcstenstra\u00dfe kommen, sehen Sie das Schild f\u00fcr das Zentrum und den F\u00e4hrhafen. Alles was Sie tun m\u00fcssen, ist es zu befolgen und es bringt Sie direkt zum F\u00e4hrterminal.<\/p>\n\n\n\n<h2 class=\"has-medium-font-size\"><b>Was Sie im Hafen finden k\u00f6nnen:<\/b><\/h2>\n\n\n\n<p>Wie bereits erw\u00e4hnt, ist es einer <strong>der gr\u00f6\u00dften kroatischen H\u00e4fen, fast im Stadtzentrum<\/strong> und an der Hauptpromenade (Riva) gelegen. Es ist also offensichtlich, dass Sie dort oder in der N\u00e4he alle Arten von Einrichtungen finden. Am F\u00e4hrterminal selbst finden Sie einige Ticketschalter, ein Postamt, einige Geldautomaten, Gesch\u00e4fte aller Art, St\u00e4nde mit Souvenirs und <strong>Sachen f\u00fcr den Strand, Bars, Restaurants<\/strong>, Fastfood usw. Wenn Sie mehr brauchen k\u00f6nnen Sie jederzeit <strong>zu Fu\u00df in die Innenstadt gehen<\/strong>, wo Sie alles finden, was Sie f\u00fcr Ihren Urlaub ben\u00f6tigen.<\/p>\n\n\n\n<h2 class=\"has-medium-font-size\"><strong>Adresse des F\u00e4hrterminals Split:<\/strong><\/h2>\n\n\n\n<blockquote class=\"wp-block-quote\">\n<p>Gat Svetog Duje 1<\/p>\n\n\n\n<p>21000 Split<\/p>\n\n\n\n<p><strong>GPS-Koordinaten:<\/strong> 43. 502910, 16.440749<\/p>\n<\/blockquote>\n\n\n\n<figure class=\"wp-block-image size-full\"><img decoding=\"async\" loading=\"lazy\" width=\"800\" height=\"457\" data-src=\"https:\/\/www.ferrycroatia.com\/de\/wp-content\/uploads\/2024\/08\/Split-Fa\u0308hrhafen-und-Stadt.webp\" alt=\"Split: F\u00e4hrhafen und Stadt\" class=\"wp-image-3083\" data-srcset=\"https:\/\/www.ferrycroatia.com\/de\/wp-content\/uploads\/2024\/08\/Split-Fa\u0308hrhafen-und-Stadt.webp 800w, https:\/\/www.ferrycroatia.com\/de\/wp-content\/uploads\/2024\/08\/Split-Fa\u0308hrhafen-und-Stadt-300x171.webp 300w, https:\/\/www.ferrycroatia.com\/de\/wp-content\/uploads\/2024\/08\/Split-Fa\u0308hrhafen-und-Stadt-768x439.webp 768w\" sizes=\"(max-width: 800px) 100vw, 800px\" \/><figcaption class=\"wp-element-caption\">Split: F\u00e4hrhafen und Stadt<\/figcaption><\/figure>\n\n\n\n<h2 class=\"has-medium-font-size\"><b>Katamaran-, Schiffs- und F\u00e4hrverbindungen von Split:<\/b><\/h2>\n\n\n\n<p><span style=\"color: #3366ff;\"><b>Autof\u00e4hren von Split:<\/b><\/span><\/p>\n\n\n\n<p>\u2192 Split \u2013 Supetar (Bra\u010d)<br>\u2192 Split \u2013 Stari Grad (Hvar)<br>\u2192 Split \u2013 Roga\u010d (\u0160olta)<br>\u2192 Split \u2013 Vis<br>\u2192 Split \u2013 Vela Luka (Kor\u010dula) \u2013 Ubli (Lastovo)<\/p>\n\n\n\n<p>\u2192 Split \u2013 Ancona<br>\u2192 Split \u2013 Ancona (SNAV)<\/p>\n\n\n\n<p><span style=\"color: #3366ff;\"><b>Katamarane aus Split:<\/b><\/span><\/p>\n\n\n\n<p>\u2192 Split \u2013 Milna (Bra\u010d) \u2013 Hvar<br>\u2192 Split \u2013 Hvar\u00a0 \u2013 Kor\u010dula<br>\u2192 Split \u2013 Hvar\u00a0 \u2013 Vela Luka (Kor\u010dula) \u2013 Ubli (Lastovo)<br>\u2192 Split \u2013 Hvar\u00a0 \u2013 Prigradica (Kor\u010dula) \u2013 Kor\u010dula<br>\u2192 Split \u2013 Bol (Bra\u010d) \u2013 Jelsa (Hvar)<br>\u2192 Split \u2013 Roga\u010d (\u0160olta)<br>\u2192 Split \u2013 Milna (Bra\u010d) \u2013 Hvar \u2013 Kor\u010dula\u00a0 \u2013 Mljet \u2013 Dubrovnik<br>\u2192 Split \u2013 Milna \u2013 Hvar (town) \u2013 Vis<br>\u2192 Split \u2013 Sutivan Brac<br>\u2192 Split \u2013 Bra\u010d (Bol) \u2013 Makarska \u2013 Kor\u010dula \u2013 Mljet (Sobra) \u2013 Dubrovnik<\/p>\n\n\n\n<p><span style=\"color: #3366ff;\"><b>Andere Schiffsrouten von Split:<\/b><\/span><\/p>\n\n\n\n<p>\u2192 Split \u2013 Slatine (\u010ciovo) \u2013 Trogir (ship)<\/p>\n\n\n\n<h2 class=\"has-medium-font-size\"><b>Fahrpl\u00e4ne in alphabetischer Reihenfolge:<\/b><\/h2>\n\n\n\n<figure class=\"wp-block-table\"><table><tbody><tr><td><a href=\"https:\/\/www.ferrycroatia.com\/de\/split-ancona\/\">Split \u2013 Ancona<\/a><\/td><td><a href=\"https:\/\/www.ferrycroatia.com\/de\/split-bol\/\">Split \u2013 Bol<\/a><\/td><td><a href=\"https:\/\/www.ferrycroatia.com\/de\/split-drvenik-mali\/\">Split \u2013 Drvenik Mali<\/a><\/td><\/tr><tr><td><a href=\"https:\/\/www.ferrycroatia.com\/de\/split-drvenik-veli\/\">Split \u2013 Drvenik Veliki<\/a><\/td><td><a href=\"https:\/\/www.ferrycroatia.com\/de\/split-dubrovnik\/\">Split \u2013 Dubrovnik<\/a><\/td><td><a href=\"https:\/\/www.ferrycroatia.com\/de\/split-jelsa\/\">Split \u2013 Jelsa<\/a><\/td><\/tr><tr><td><a href=\"https:\/\/www.ferrycroatia.com\/de\/split-korcula\/\">Split \u2013 Korcula<\/a><\/td><td><a href=\"https:\/\/www.ferrycroatia.com\/de\/split-makarska\/\">Split \u2013 Makarska<\/a><\/td><td><a href=\"https:\/\/www.ferrycroatia.com\/de\/split-milna\/\">Split \u2013 Milna<\/a><\/td><\/tr><tr><td><a href=\"https:\/\/www.ferrycroatia.com\/de\/split-sobra\/\">Split \u2013 Mljet<\/a><\/td><td><a href=\"https:\/\/www.ferrycroatia.com\/de\/split-rogac\/\">Split \u2013 Roga\u010d<\/a><\/td><td><a href=\"https:\/\/www.ferrycroatia.com\/de\/split-seget-donji\/\">Split \u2013 Seget Donji<\/a><\/td><\/tr><tr><td>Split \u2013 Slatine<\/td><td><a href=\"https:\/\/www.ferrycroatia.com\/de\/split-stari-grad\/\">Split \u2013 Stari Grad<\/a><\/td><td><a href=\"https:\/\/www.ferrycroatia.com\/de\/split-supetar\/\">Split \u2013 Supetar<\/a><\/td><\/tr><tr><td><a href=\"https:\/\/www.ferrycroatia.com\/de\/split-trogir\/\">Split \u2013 Trogir<\/a><\/td><td><a href=\"https:\/\/www.ferrycroatia.com\/de\/split-ubli\/\">Split \u2013 Ubli<\/a><\/td><td><a href=\"https:\/\/www.ferrycroatia.com\/de\/split-vela-luka\/\">Split \u2013 Vela Luka<\/a><\/td><\/tr><tr><td><a href=\"https:\/\/www.ferrycroatia.com\/de\/split-vis\/\">Split \u2013 Vis<\/a><\/td><td><a href=\"https:\/\/www.ferrycroatia.com\/de\/split-hvar\/\">Split-Hvar<\/a><\/td><td><a href=\"https:\/\/www.ferrycroatia.com\/de\/split-zadar\/\">Split &#8211; Zadar<\/a><\/td><\/tr><\/tbody><\/table><\/figure>\n\n\n\n<h2 class=\"has-medium-font-size\">H\u00e4ufig gestellte Fragen<\/h2>\n\n\n\n<p><strong>Wo legen die F\u00e4hren in Split ab?<\/strong><br>Alle F\u00e4hren legen vom Split Hafen (Trajektna Luka Split) ab, der sich im Stadtzentrum befindet. Der Hafen ist gro\u00df und leicht zu finden.<\/p>\n\n\n\n<p><strong>Wie viele F\u00e4hrh\u00e4fen gibt es in Split?<\/strong><br>Split hat einen F\u00e4hrhafen mit 25 Liegepl\u00e4tzen. Der Hafen befindet sich im Stadtzentrum und ist nicht zu \u00fcbersehen.<\/p>\n\n\n\n<p><strong>Wie fr\u00fch sollte ich am Split F\u00e4hrhafen sein?<\/strong><br>Das h\u00e4ngt von folgenden Faktoren ab: 1. Reisen Sie zu Fu\u00df oder mit dem Auto? 2. Zu welcher Jahreszeit reisen Sie? Im Sommer sollten Fu\u00dfg\u00e4nger 30 Minuten vor Abfahrt am Hafen sein, Autofahrer mindestens 1 Stunde vorher. Im Winter reichen 15-20 Minuten vor der Abfahrt.<\/p>\n\n\n\n<p><strong>Wo befindet sich das F\u00e4hrterminal in Split, Kroatien?<\/strong><br>Das F\u00e4hrterminal befindet sich im Stadtzentrum, neben dem Bus- und Bahnhof. Wenn Sie mit dem Auto anreisen, folgen Sie den Schildern zum Hafen.<\/p>\n\n\n\n<h2 class=\"has-medium-font-size\"><b>Karte vom Hafen Split (Anlegepl\u00e4tze und Ticketverkaufsstellen)<\/b><\/h2>\n\n\n\n<p>Dies ist eine Karte vom Hafen Split. Der Katamaran f\u00e4hrt normalerweise am Liegeplatz Nummer 6 (6a, 6b, 6c) ab und kommt dort an (11a, 11b, 11c). Dies sind die blauen Nummern 6 und 11, die Sie auf der Karte sehen. Tickets werden am orangen Symbol Nummer 4 verkauft.<\/p>\n\n\n\n<figure class=\"wp-block-image size-full\"><img decoding=\"async\" loading=\"lazy\" width=\"768\" height=\"1024\" data-src=\"https:\/\/www.ferrycroatia.com\/de\/wp-content\/uploads\/2024\/08\/Split-Hafen-Karte.webp\" alt=\"Split-Hafen-Karte\" class=\"wp-image-3084\" data-srcset=\"https:\/\/www.ferrycroatia.com\/de\/wp-content\/uploads\/2024\/08\/Split-Hafen-Karte.webp 768w, https:\/\/www.ferrycroatia.com\/de\/wp-content\/uploads\/2024\/08\/Split-Hafen-Karte-225x300.webp 225w\" sizes=\"(max-width: 768px) 100vw, 768px\" \/><figcaption class=\"wp-element-caption\">Split Hafen Karte<\/figcaption><\/figure>\n\n\n\n<p><strong>\u00dcbersetzt von<\/strong>: Morten Smalby<br><strong>Originaltext<\/strong>:\u00a0<a href=\"https:\/\/www.ferrycroatia.com\/en\/split-ferry-port\/\">Split Ferry Port<\/a><\/p>\n","protected":false},"excerpt":{"rendered":"<p>Split ist die zweitgr\u00f6\u00dfte Stadt Kroatiens und die gr\u00f6\u00dfte Stadt an der Adriak\u00fcste, die als Hauptstadt der Region Dalmatien gilt. Der F\u00e4hrhafen in Split ist der wichtigste Passagierhafen in ganz Kroatien und daher gut mit vielen kroatischen Inseln und sogar Italien verbunden. Neben F\u00e4hren gibt es viele Katamaran Linien, die von Split zu den Inseln [&hellip;]<\/p>\n<p><a class=\"more-link\" href=\"https:\/\/www.ferrycroatia.com\/de\/fahrhafen-split\/\"> Continue reading&#8230;<\/a><\/p>\n","protected":false},"author":5,"featured_media":1241,"parent":0,"menu_order":0,"comment_status":"closed","ping_status":"closed","template":"","meta":[],"yoast_head":"<!-- This site is optimized with the Yoast SEO plugin v19.8 - https:\/\/yoast.com\/wordpress\/plugins\/seo\/ -->\n<title>F\u00e4hrhafen Split, Abfahrten der Katamarane und Autof\u00e4hren<\/title>\n<meta name=\"description\" content=\"F\u00e4hren und Katamarane vom F\u00e4hrhafen Split, wie man den Hafen mit Bus oder Auto erreicht, Adresse und Einrichtungen am F\u00e4hrterminal von Split.\" \/>\n<meta name=\"robots\" content=\"index, follow, max-snippet:-1, max-image-preview:large, max-video-preview:-1\" \/>\n<link rel=\"canonical\" href=\"https:\/\/www.ferrycroatia.com\/de\/fahrhafen-split\/\" \/>\n<meta property=\"og:locale\" content=\"en_US\" \/>\n<meta property=\"og:type\" content=\"article\" \/>\n<meta property=\"og:title\" content=\"F\u00e4hrhafen Split, Abfahrten der Katamarane und Autof\u00e4hren\" \/>\n<meta property=\"og:description\" content=\"F\u00e4hren und Katamarane vom F\u00e4hrhafen Split, wie man den Hafen mit Bus oder Auto erreicht, Adresse und Einrichtungen am F\u00e4hrterminal von Split.\" \/>\n<meta property=\"og:url\" content=\"https:\/\/www.ferrycroatia.com\/de\/fahrhafen-split\/\" \/>\n<meta property=\"og:site_name\" content=\"F\u00e4hre Kroatien\" \/>\n<meta property=\"article:modified_time\" content=\"2024-08-06T13:34:48+00:00\" \/>\n<meta property=\"og:image\" content=\"https:\/\/www.ferrycroatia.com\/de\/wp-content\/uploads\/2021\/02\/Split-f\u00e4hrhafen.jpg\" \/>\n\t<meta property=\"og:image:width\" content=\"1024\" \/>\n\t<meta property=\"og:image:height\" content=\"576\" \/>\n\t<meta property=\"og:image:type\" content=\"image\/jpeg\" \/>\n<meta name=\"twitter:card\" content=\"summary_large_image\" \/>\n<meta name=\"twitter:label1\" content=\"Est. reading time\" \/>\n\t<meta name=\"twitter:data1\" content=\"7 minutes\" \/>\n<script type=\"application\/ld+json\" class=\"yoast-schema-graph\">{\"@context\":\"https:\/\/schema.org\",\"@graph\":[{\"@type\":\"WebPage\",\"@id\":\"https:\/\/www.ferrycroatia.com\/de\/fahrhafen-split\/\",\"url\":\"https:\/\/www.ferrycroatia.com\/de\/fahrhafen-split\/\",\"name\":\"F\u00e4hrhafen Split, Abfahrten der Katamarane und Autof\u00e4hren\",\"isPartOf\":{\"@id\":\"https:\/\/www.ferrycroatia.com\/de\/#website\"},\"datePublished\":\"2021-02-03T14:43:14+00:00\",\"dateModified\":\"2024-08-06T13:34:48+00:00\",\"description\":\"F\u00e4hren und Katamarane vom F\u00e4hrhafen Split, wie man den Hafen mit Bus oder Auto erreicht, Adresse und Einrichtungen am F\u00e4hrterminal von Split.\",\"breadcrumb\":{\"@id\":\"https:\/\/www.ferrycroatia.com\/de\/fahrhafen-split\/#breadcrumb\"},\"inLanguage\":\"en-US\",\"potentialAction\":[{\"@type\":\"ReadAction\",\"target\":[\"https:\/\/www.ferrycroatia.com\/de\/fahrhafen-split\/\"]}]},{\"@type\":\"BreadcrumbList\",\"@id\":\"https:\/\/www.ferrycroatia.com\/de\/fahrhafen-split\/#breadcrumb\",\"itemListElement\":[{\"@type\":\"ListItem\",\"position\":1,\"name\":\"Home\",\"item\":\"https:\/\/www.ferrycroatia.com\/de\/\"},{\"@type\":\"ListItem\",\"position\":2,\"name\":\"F\u00e4hrhafen Split\"}]},{\"@type\":\"WebSite\",\"@id\":\"https:\/\/www.ferrycroatia.com\/de\/#website\",\"url\":\"https:\/\/www.ferrycroatia.com\/de\/\",\"name\":\"F\u00e4hre Kroatien\",\"description\":\"Info und Fahrpl\u00e4ne f\u00fcr alle Katamarane und F\u00e4hren in Kroatien\",\"potentialAction\":[{\"@type\":\"SearchAction\",\"target\":{\"@type\":\"EntryPoint\",\"urlTemplate\":\"https:\/\/www.ferrycroatia.com\/de\/?s={search_term_string}\"},\"query-input\":\"required name=search_term_string\"}],\"inLanguage\":\"en-US\"}]}<\/script>\n<!-- \/ Yoast SEO plugin. -->","yoast_head_json":{"title":"F\u00e4hrhafen Split, Abfahrten der Katamarane und Autof\u00e4hren","description":"F\u00e4hren und Katamarane vom F\u00e4hrhafen Split, wie man den Hafen mit Bus oder Auto erreicht, Adresse und Einrichtungen am F\u00e4hrterminal von Split.","robots":{"index":"index","follow":"follow","max-snippet":"max-snippet:-1","max-image-preview":"max-image-preview:large","max-video-preview":"max-video-preview:-1"},"canonical":"https:\/\/www.ferrycroatia.com\/de\/fahrhafen-split\/","og_locale":"en_US","og_type":"article","og_title":"F\u00e4hrhafen Split, Abfahrten der Katamarane und Autof\u00e4hren","og_description":"F\u00e4hren und Katamarane vom F\u00e4hrhafen Split, wie man den Hafen mit Bus oder Auto erreicht, Adresse und Einrichtungen am F\u00e4hrterminal von Split.","og_url":"https:\/\/www.ferrycroatia.com\/de\/fahrhafen-split\/","og_site_name":"F\u00e4hre Kroatien","article_modified_time":"2024-08-06T13:34:48+00:00","og_image":[{"width":1024,"height":576,"url":"https:\/\/www.ferrycroatia.com\/de\/wp-content\/uploads\/2021\/02\/Split-f\u00e4hrhafen.jpg","type":"image\/jpeg"}],"twitter_card":"summary_large_image","twitter_misc":{"Est. reading time":"7 minutes"},"schema":{"@context":"https:\/\/schema.org","@graph":[{"@type":"WebPage","@id":"https:\/\/www.ferrycroatia.com\/de\/fahrhafen-split\/","url":"https:\/\/www.ferrycroatia.com\/de\/fahrhafen-split\/","name":"F\u00e4hrhafen Split, Abfahrten der Katamarane und Autof\u00e4hren","isPartOf":{"@id":"https:\/\/www.ferrycroatia.com\/de\/#website"},"datePublished":"2021-02-03T14:43:14+00:00","dateModified":"2024-08-06T13:34:48+00:00","description":"F\u00e4hren und Katamarane vom F\u00e4hrhafen Split, wie man den Hafen mit Bus oder Auto erreicht, Adresse und Einrichtungen am F\u00e4hrterminal von Split.","breadcrumb":{"@id":"https:\/\/www.ferrycroatia.com\/de\/fahrhafen-split\/#breadcrumb"},"inLanguage":"en-US","potentialAction":[{"@type":"ReadAction","target":["https:\/\/www.ferrycroatia.com\/de\/fahrhafen-split\/"]}]},{"@type":"BreadcrumbList","@id":"https:\/\/www.ferrycroatia.com\/de\/fahrhafen-split\/#breadcrumb","itemListElement":[{"@type":"ListItem","position":1,"name":"Home","item":"https:\/\/www.ferrycroatia.com\/de\/"},{"@type":"ListItem","position":2,"name":"F\u00e4hrhafen Split"}]},{"@type":"WebSite","@id":"https:\/\/www.ferrycroatia.com\/de\/#website","url":"https:\/\/www.ferrycroatia.com\/de\/","name":"F\u00e4hre Kroatien","description":"Info und Fahrpl\u00e4ne f\u00fcr alle Katamarane und F\u00e4hren in Kroatien","potentialAction":[{"@type":"SearchAction","target":{"@type":"EntryPoint","urlTemplate":"https:\/\/www.ferrycroatia.com\/de\/?s={search_term_string}"},"query-input":"required name=search_term_string"}],"inLanguage":"en-US"}]}},"_links":{"self":[{"href":"https:\/\/www.ferrycroatia.com\/de\/wp-json\/wp\/v2\/pages\/1239"}],"collection":[{"href":"https:\/\/www.ferrycroatia.com\/de\/wp-json\/wp\/v2\/pages"}],"about":[{"href":"https:\/\/www.ferrycroatia.com\/de\/wp-json\/wp\/v2\/types\/page"}],"author":[{"embeddable":true,"href":"https:\/\/www.ferrycroatia.com\/de\/wp-json\/wp\/v2\/users\/5"}],"replies":[{"embeddable":true,"href":"https:\/\/www.ferrycroatia.com\/de\/wp-json\/wp\/v2\/comments?post=1239"}],"version-history":[{"count":5,"href":"https:\/\/www.ferrycroatia.com\/de\/wp-json\/wp\/v2\/pages\/1239\/revisions"}],"predecessor-version":[{"id":3088,"href":"https:\/\/www.ferrycroatia.com\/de\/wp-json\/wp\/v2\/pages\/1239\/revisions\/3088"}],"wp:featuredmedia":[{"embeddable":true,"href":"https:\/\/www.ferrycroatia.com\/de\/wp-json\/wp\/v2\/media\/1241"}],"wp:attachment":[{"href":"https:\/\/www.ferrycroatia.com\/de\/wp-json\/wp\/v2\/media?parent=1239"}],"curies":[{"name":"wp","href":"https:\/\/api.w.org\/{rel}","templated":true}]}}