{"id":1269,"date":"2021-02-03T14:53:24","date_gmt":"2021-02-03T14:53:24","guid":{"rendered":"https:\/\/ferrycroatia.com\/de\/?page_id=1269"},"modified":"2021-02-09T11:52:56","modified_gmt":"2021-02-09T11:52:56","slug":"fahrhafen-stari-grad","status":"publish","type":"page","link":"https:\/\/www.ferrycroatia.com\/de\/fahrhafen-stari-grad\/","title":{"rendered":"F\u00e4hrhafen Stari Grad"},"content":{"rendered":"<p><strong>Stari Grad ist eine Stadt auf der Insel Hvar<\/strong> auf der Westseite in einer sch\u00f6nen Bucht. Der F\u00e4hrhafen befindet sich nicht im Stadtzentrum, sondern <strong>etwa 2 Kilometer westlich davon.<\/strong><\/p>\n<div id=\"ez-toc-container\" class=\"ez-toc-v2_0_62 counter-hierarchy ez-toc-counter ez-toc-custom ez-toc-container-direction\">\n<div class=\"ez-toc-title-container\">\n<p class=\"ez-toc-title \" >Table of Contents<\/p>\n<span class=\"ez-toc-title-toggle\"><a href=\"#\" class=\"ez-toc-pull-right ez-toc-btn ez-toc-btn-xs ez-toc-btn-default ez-toc-toggle\" aria-label=\"Toggle Table of Content\"><span class=\"ez-toc-js-icon-con\"><span class=\"\"><span class=\"eztoc-hide\" style=\"display:none;\">Toggle<\/span><span class=\"ez-toc-icon-toggle-span\"><svg style=\"fill: #070c63;color:#070c63\" xmlns=\"http:\/\/www.w3.org\/2000\/svg\" class=\"list-377408\" width=\"20px\" height=\"20px\" viewBox=\"0 0 24 24\" fill=\"none\"><path d=\"M6 6H4v2h2V6zm14 0H8v2h12V6zM4 11h2v2H4v-2zm16 0H8v2h12v-2zM4 16h2v2H4v-2zm16 0H8v2h12v-2z\" fill=\"currentColor\"><\/path><\/svg><svg style=\"fill: #070c63;color:#070c63\" class=\"arrow-unsorted-368013\" xmlns=\"http:\/\/www.w3.org\/2000\/svg\" width=\"10px\" height=\"10px\" viewBox=\"0 0 24 24\" version=\"1.2\" baseProfile=\"tiny\"><path d=\"M18.2 9.3l-6.2-6.3-6.2 6.3c-.2.2-.3.4-.3.7s.1.5.3.7c.2.2.4.3.7.3h11c.3 0 .5-.1.7-.3.2-.2.3-.5.3-.7s-.1-.5-.3-.7zM5.8 14.7l6.2 6.3 6.2-6.3c.2-.2.3-.5.3-.7s-.1-.5-.3-.7c-.2-.2-.4-.3-.7-.3h-11c-.3 0-.5.1-.7.3-.2.2-.3.5-.3.7s.1.5.3.7z\"\/><\/svg><\/span><\/span><\/span><\/a><\/span><\/div>\n<nav><ul class='ez-toc-list ez-toc-list-level-1 eztoc-toggle-hide-by-default' ><li class='ez-toc-page-1 ez-toc-heading-level-2'><a class=\"ez-toc-link ez-toc-heading-1\" href=\"https:\/\/www.ferrycroatia.com\/de\/fahrhafen-stari-grad\/#An-_und_Abreise_zum_Fahrterminal_in_Stari_Grad\" title=\"An- und Abreise zum F\u00e4hrterminal in Stari Grad:\">An- und Abreise zum F\u00e4hrterminal in Stari Grad:<\/a><\/li><li class='ez-toc-page-1 ez-toc-heading-level-2'><a class=\"ez-toc-link ez-toc-heading-2\" href=\"https:\/\/www.ferrycroatia.com\/de\/fahrhafen-stari-grad\/#Anreise_von_Stari_Grad_zum_Flughafen_Split\" title=\"Anreise von Stari Grad zum Flughafen Split:\">Anreise von Stari Grad zum Flughafen Split:<\/a><\/li><li class='ez-toc-page-1 ez-toc-heading-level-2'><a class=\"ez-toc-link ez-toc-heading-3\" href=\"https:\/\/www.ferrycroatia.com\/de\/fahrhafen-stari-grad\/#Von_Stari_Grad_nach_Hvar\" title=\"Von Stari Grad nach Hvar:\">Von Stari Grad nach Hvar:<\/a><\/li><li class='ez-toc-page-1 ez-toc-heading-level-2'><a class=\"ez-toc-link ez-toc-heading-4\" href=\"https:\/\/www.ferrycroatia.com\/de\/fahrhafen-stari-grad\/#Was_Sie_am_Fahrterminal_Stari_Grad_finden_konnen\" title=\"Was Sie am F\u00e4hrterminal Stari Grad finden k\u00f6nnen:\">Was Sie am F\u00e4hrterminal Stari Grad finden k\u00f6nnen:<\/a><\/li><li class='ez-toc-page-1 ez-toc-heading-level-2'><a class=\"ez-toc-link ez-toc-heading-5\" href=\"https:\/\/www.ferrycroatia.com\/de\/fahrhafen-stari-grad\/#Adresse_des_Fahrterminals_Stari_Grad\" title=\"Adresse des F\u00e4hrterminals Stari Grad:\">Adresse des F\u00e4hrterminals Stari Grad:<\/a><\/li><\/ul><\/nav><\/div>\n<h2><span class=\"ez-toc-section\" id=\"An-_und_Abreise_zum_Fahrterminal_in_Stari_Grad\"><\/span><b>An- und Abreise zum F\u00e4hrterminal in Stari Grad:<\/b><span class=\"ez-toc-section-end\"><\/span><\/h2>\n<p><strong>Stari Grad ist eine kleine Inselstadt<\/strong> und der F\u00e4hrhafen befindet sich 2,3 Kilometer entfernt. Wenn Sie sich irgendwo im Zentrum der Stadt aufhalten, haben Sie einen sch\u00f6nen Wanderweg zwischen der Stadt und dem F\u00e4hrterminal. Nat\u00fcrlich k\u00f6nnen Sie auch ein Taxi oder einen Bus von der <strong>Bushaltestelle in Stari Grad<\/strong> nehmen. Wenn Sie irgendwo anders auf der Insel Hvar \u00fcbernachten, ist es ziemlich einfach, Stari Grad mit dem Bus zu erreichen. Die <a href=\"https:\/\/getbybus.com\/de\/bus-von-stari-grad-hvar\">Hauptbushaltestelle<\/a> befindet sich im Zentrum der Stadt.<\/p>\n<h2><span class=\"ez-toc-section\" id=\"Anreise_von_Stari_Grad_zum_Flughafen_Split\"><\/span><b>Anreise von Stari Grad zum Flughafen Split:<\/b><span class=\"ez-toc-section-end\"><\/span><\/h2>\n<p>Wenn Sie zum Flughafen in Split gelangen m\u00fcssen, haben Sie eine Gesamtfahrzeit von ca. 3 bis 4 Stunden. Die \u00dcberfahrt mit der F\u00e4hre von Stari Grad nach Split dauert ca. 2 Stunden und 30 Minuten. Vom F\u00e4hrterminal in Split haben Sie dann 30 Minuten mit dem Taxi oder wenn Sie den Flughafenbus nehmen, haben Sie Wartezeit f\u00fcr die n\u00e4chste Abfahrt plus eine Fahrzeit von 30 Minuten.<\/p>\n<h2><span class=\"ez-toc-section\" id=\"Von_Stari_Grad_nach_Hvar\"><\/span><b>Von Stari Grad nach Hvar:<\/b><span class=\"ez-toc-section-end\"><\/span><\/h2>\n<p>Wenn die F\u00e4hre am <strong>Hafen in Stari Grad<\/strong> ankommt, warten Busse dort, welche Sie in die Stadt Hvar und andere Orte auf der <a href=\"https:\/\/www.ferrycroatia.com\/de\/insel-hvar\/\">Insel Hvar<\/a> fahren k\u00f6nnen. Tickets f\u00fcr die Busse k\u00f6nnen im Bus gekauft werden. Die Fahrzeit zur Stadt Hvar betr\u00e4gt ca. 25 Minuten. <strong>Von der Stadt Hvar nach Stari Grad<\/strong> fahren die Busse rechtzeitig ab, damit die Passagiere die n\u00e4chste F\u00e4hre erreichen k\u00f6nnen.<\/p>\n<h2><span class=\"ez-toc-section\" id=\"Was_Sie_am_Fahrterminal_Stari_Grad_finden_konnen\"><\/span><b>Was Sie am F\u00e4hrterminal Stari Grad finden k\u00f6nnen:<\/b><span class=\"ez-toc-section-end\"><\/span><\/h2>\n<p>Wie bereits erw\u00e4hnt, befindet sich der <strong>F\u00e4hrhafen Stari Grad nur wenige Kilometer vom Stadtzentrum entfernt<\/strong>. Am F\u00e4hrterminal selbst gibt es nicht viele Einrichtungen: eine Bar, einen Supermarkt, einen Kiosk usw. Wenn Sie mehr ben\u00f6tigen, k\u00f6nnen Sie <strong>in die Innenstadt gehen<\/strong>.<\/p>\n<h2><span class=\"ez-toc-section\" id=\"Adresse_des_Fahrterminals_Stari_Grad\"><\/span><b>Adresse des F\u00e4hrterminals Stari Grad:<\/b><span class=\"ez-toc-section-end\"><\/span><\/h2>\n<blockquote><p>D116<\/p>\n<p>21460 Stari Grad (Hvar)<\/p>\n<p><strong>GPS-Koordinaten:<\/strong> 43.18124, 16.57622<\/p><\/blockquote>\n<p><a class=\"lightbox\" href=\"http:\/\/www.ferrycroatia.com\/wp-content\/uploads\/2016\/06\/Stari-Grad.jpg\"><img decoding=\"async\" loading=\"lazy\" class=\"alignnone size-full wp-image-240\" data-src=\"http:\/\/www.ferrycroatia.com\/wp-content\/uploads\/2016\/06\/Stari-Grad.jpg\" alt=\"Stari Grad\" width=\"800\" height=\"545\" \/><\/a><\/p>\n<p><b>Liste der Routen:<\/b><\/p>\n<p>Autof\u00e4hre: Split &#8211; Stari Grad (Hvar)<\/p>\n<ul>\n<li><a href=\"https:\/\/www.ferrycroatia.com\/de\/stari-grad-split\/\">Stari grad &#8211; Split<\/a><\/li>\n<\/ul>\n<p>Autof\u00e4hre: Split &#8211; Stari Grad (Hvar) &#8211; Ancona<\/p>\n<ul>\n<li><a href=\"https:\/\/www.ferrycroatia.com\/de\/stari-grad-ancona\/\">Stari grad &#8211; Ancona<\/a><\/li>\n<\/ul>\n","protected":false},"excerpt":{"rendered":"<p>Stari Grad ist eine Stadt auf der Insel Hvar auf der Westseite in einer sch\u00f6nen Bucht. Der F\u00e4hrhafen befindet sich nicht im Stadtzentrum, sondern etwa 2 Kilometer westlich davon. An- und Abreise zum F\u00e4hrterminal in Stari Grad: Stari Grad ist eine kleine Inselstadt und der F\u00e4hrhafen befindet sich 2,3 Kilometer entfernt. Wenn Sie sich irgendwo [&hellip;]<\/p>\n<p><a class=\"more-link\" href=\"https:\/\/www.ferrycroatia.com\/de\/fahrhafen-stari-grad\/\"> Continue reading&#8230;<\/a><\/p>\n","protected":false},"author":5,"featured_media":0,"parent":0,"menu_order":0,"comment_status":"closed","ping_status":"closed","template":"","meta":[],"yoast_head":"<!-- This site is optimized with the Yoast SEO plugin v19.8 - https:\/\/yoast.com\/wordpress\/plugins\/seo\/ -->\n<title>F\u00e4hrterminal Stari Grad, alle Abfahrten mit der Autof\u00e4hre<\/title>\n<meta name=\"description\" content=\"F\u00e4hren vom F\u00e4hrhafen Stari Grad, wie man den F\u00e4hrhafen in Stari Grad mit dem Bus oder mit dem Auto von anderen kroatischen Zielen erreicht. Adresse und Einrichtungen des F\u00e4hrhafen Stari Grad.\" \/>\n<meta name=\"robots\" content=\"index, follow, max-snippet:-1, max-image-preview:large, max-video-preview:-1\" \/>\n<link rel=\"canonical\" href=\"https:\/\/www.ferrycroatia.com\/de\/fahrhafen-stari-grad\/\" \/>\n<meta property=\"og:locale\" content=\"en_US\" \/>\n<meta property=\"og:type\" content=\"article\" \/>\n<meta property=\"og:title\" content=\"F\u00e4hrterminal Stari Grad, alle Abfahrten mit der Autof\u00e4hre\" \/>\n<meta property=\"og:description\" content=\"F\u00e4hren vom F\u00e4hrhafen Stari Grad, wie man den F\u00e4hrhafen in Stari Grad mit dem Bus oder mit dem Auto von anderen kroatischen Zielen erreicht. Adresse und Einrichtungen des F\u00e4hrhafen Stari Grad.\" \/>\n<meta property=\"og:url\" content=\"https:\/\/www.ferrycroatia.com\/de\/fahrhafen-stari-grad\/\" \/>\n<meta property=\"og:site_name\" content=\"F\u00e4hre Kroatien\" \/>\n<meta property=\"article:modified_time\" content=\"2021-02-09T11:52:56+00:00\" \/>\n<meta property=\"og:image\" content=\"http:\/\/www.ferrycroatia.com\/wp-content\/uploads\/2016\/06\/Stari-Grad.jpg\" \/>\n<meta name=\"twitter:card\" content=\"summary_large_image\" \/>\n<meta name=\"twitter:label1\" content=\"Est. reading time\" \/>\n\t<meta name=\"twitter:data1\" content=\"2 minutes\" \/>\n<script type=\"application\/ld+json\" class=\"yoast-schema-graph\">{\"@context\":\"https:\/\/schema.org\",\"@graph\":[{\"@type\":\"WebPage\",\"@id\":\"https:\/\/www.ferrycroatia.com\/de\/fahrhafen-stari-grad\/\",\"url\":\"https:\/\/www.ferrycroatia.com\/de\/fahrhafen-stari-grad\/\",\"name\":\"F\u00e4hrterminal Stari Grad, alle Abfahrten mit der Autof\u00e4hre\",\"isPartOf\":{\"@id\":\"https:\/\/www.ferrycroatia.com\/de\/#website\"},\"datePublished\":\"2021-02-03T14:53:24+00:00\",\"dateModified\":\"2021-02-09T11:52:56+00:00\",\"description\":\"F\u00e4hren vom F\u00e4hrhafen Stari Grad, wie man den F\u00e4hrhafen in Stari Grad mit dem Bus oder mit dem Auto von anderen kroatischen Zielen erreicht. Adresse und Einrichtungen des F\u00e4hrhafen Stari Grad.\",\"breadcrumb\":{\"@id\":\"https:\/\/www.ferrycroatia.com\/de\/fahrhafen-stari-grad\/#breadcrumb\"},\"inLanguage\":\"en-US\",\"potentialAction\":[{\"@type\":\"ReadAction\",\"target\":[\"https:\/\/www.ferrycroatia.com\/de\/fahrhafen-stari-grad\/\"]}]},{\"@type\":\"BreadcrumbList\",\"@id\":\"https:\/\/www.ferrycroatia.com\/de\/fahrhafen-stari-grad\/#breadcrumb\",\"itemListElement\":[{\"@type\":\"ListItem\",\"position\":1,\"name\":\"Home\",\"item\":\"https:\/\/www.ferrycroatia.com\/de\/\"},{\"@type\":\"ListItem\",\"position\":2,\"name\":\"F\u00e4hrhafen Stari Grad\"}]},{\"@type\":\"WebSite\",\"@id\":\"https:\/\/www.ferrycroatia.com\/de\/#website\",\"url\":\"https:\/\/www.ferrycroatia.com\/de\/\",\"name\":\"F\u00e4hre Kroatien\",\"description\":\"Info und Fahrpl\u00e4ne f\u00fcr alle Katamarane und F\u00e4hren in Kroatien\",\"potentialAction\":[{\"@type\":\"SearchAction\",\"target\":{\"@type\":\"EntryPoint\",\"urlTemplate\":\"https:\/\/www.ferrycroatia.com\/de\/?s={search_term_string}\"},\"query-input\":\"required name=search_term_string\"}],\"inLanguage\":\"en-US\"}]}<\/script>\n<!-- \/ Yoast SEO plugin. -->","yoast_head_json":{"title":"F\u00e4hrterminal Stari Grad, alle Abfahrten mit der Autof\u00e4hre","description":"F\u00e4hren vom F\u00e4hrhafen Stari Grad, wie man den F\u00e4hrhafen in Stari Grad mit dem Bus oder mit dem Auto von anderen kroatischen Zielen erreicht. Adresse und Einrichtungen des F\u00e4hrhafen Stari Grad.","robots":{"index":"index","follow":"follow","max-snippet":"max-snippet:-1","max-image-preview":"max-image-preview:large","max-video-preview":"max-video-preview:-1"},"canonical":"https:\/\/www.ferrycroatia.com\/de\/fahrhafen-stari-grad\/","og_locale":"en_US","og_type":"article","og_title":"F\u00e4hrterminal Stari Grad, alle Abfahrten mit der Autof\u00e4hre","og_description":"F\u00e4hren vom F\u00e4hrhafen Stari Grad, wie man den F\u00e4hrhafen in Stari Grad mit dem Bus oder mit dem Auto von anderen kroatischen Zielen erreicht. Adresse und Einrichtungen des F\u00e4hrhafen Stari Grad.","og_url":"https:\/\/www.ferrycroatia.com\/de\/fahrhafen-stari-grad\/","og_site_name":"F\u00e4hre Kroatien","article_modified_time":"2021-02-09T11:52:56+00:00","og_image":[{"url":"http:\/\/www.ferrycroatia.com\/wp-content\/uploads\/2016\/06\/Stari-Grad.jpg"}],"twitter_card":"summary_large_image","twitter_misc":{"Est. reading time":"2 minutes"},"schema":{"@context":"https:\/\/schema.org","@graph":[{"@type":"WebPage","@id":"https:\/\/www.ferrycroatia.com\/de\/fahrhafen-stari-grad\/","url":"https:\/\/www.ferrycroatia.com\/de\/fahrhafen-stari-grad\/","name":"F\u00e4hrterminal Stari Grad, alle Abfahrten mit der Autof\u00e4hre","isPartOf":{"@id":"https:\/\/www.ferrycroatia.com\/de\/#website"},"datePublished":"2021-02-03T14:53:24+00:00","dateModified":"2021-02-09T11:52:56+00:00","description":"F\u00e4hren vom F\u00e4hrhafen Stari Grad, wie man den F\u00e4hrhafen in Stari Grad mit dem Bus oder mit dem Auto von anderen kroatischen Zielen erreicht. Adresse und Einrichtungen des F\u00e4hrhafen Stari Grad.","breadcrumb":{"@id":"https:\/\/www.ferrycroatia.com\/de\/fahrhafen-stari-grad\/#breadcrumb"},"inLanguage":"en-US","potentialAction":[{"@type":"ReadAction","target":["https:\/\/www.ferrycroatia.com\/de\/fahrhafen-stari-grad\/"]}]},{"@type":"BreadcrumbList","@id":"https:\/\/www.ferrycroatia.com\/de\/fahrhafen-stari-grad\/#breadcrumb","itemListElement":[{"@type":"ListItem","position":1,"name":"Home","item":"https:\/\/www.ferrycroatia.com\/de\/"},{"@type":"ListItem","position":2,"name":"F\u00e4hrhafen Stari Grad"}]},{"@type":"WebSite","@id":"https:\/\/www.ferrycroatia.com\/de\/#website","url":"https:\/\/www.ferrycroatia.com\/de\/","name":"F\u00e4hre Kroatien","description":"Info und Fahrpl\u00e4ne f\u00fcr alle Katamarane und F\u00e4hren in Kroatien","potentialAction":[{"@type":"SearchAction","target":{"@type":"EntryPoint","urlTemplate":"https:\/\/www.ferrycroatia.com\/de\/?s={search_term_string}"},"query-input":"required name=search_term_string"}],"inLanguage":"en-US"}]}},"_links":{"self":[{"href":"https:\/\/www.ferrycroatia.com\/de\/wp-json\/wp\/v2\/pages\/1269"}],"collection":[{"href":"https:\/\/www.ferrycroatia.com\/de\/wp-json\/wp\/v2\/pages"}],"about":[{"href":"https:\/\/www.ferrycroatia.com\/de\/wp-json\/wp\/v2\/types\/page"}],"author":[{"embeddable":true,"href":"https:\/\/www.ferrycroatia.com\/de\/wp-json\/wp\/v2\/users\/5"}],"replies":[{"embeddable":true,"href":"https:\/\/www.ferrycroatia.com\/de\/wp-json\/wp\/v2\/comments?post=1269"}],"version-history":[{"count":2,"href":"https:\/\/www.ferrycroatia.com\/de\/wp-json\/wp\/v2\/pages\/1269\/revisions"}],"predecessor-version":[{"id":1635,"href":"https:\/\/www.ferrycroatia.com\/de\/wp-json\/wp\/v2\/pages\/1269\/revisions\/1635"}],"wp:attachment":[{"href":"https:\/\/www.ferrycroatia.com\/de\/wp-json\/wp\/v2\/media?parent=1269"}],"curies":[{"name":"wp","href":"https:\/\/api.w.org\/{rel}","templated":true}]}}