{"id":1280,"date":"2021-02-04T07:33:35","date_gmt":"2021-02-04T07:33:35","guid":{"rendered":"https:\/\/ferrycroatia.com\/de\/?page_id=1280"},"modified":"2021-02-09T11:54:24","modified_gmt":"2021-02-09T11:54:24","slug":"fahrhafen-stinica","status":"publish","type":"page","link":"https:\/\/www.ferrycroatia.com\/de\/fahrhafen-stinica\/","title":{"rendered":"F\u00e4hrhafen Stinica"},"content":{"rendered":"<p>Stinica ist eine kleine Stadt auf dem Festland, e<strong>twa 40 km von der historischen Stadt Senj entfernt<\/strong>. Der F\u00e4hrhafen von Stinica befindet sich in einer Bucht in der N\u00e4he des Stadtzentrums und der Hauptpromenade (<strong>ca. 1,5 km entfernt<\/strong>).<\/p>\n<p><span style=\"text-decoration: underline;\"><b>An- und Abreise zum F\u00e4hrterminal in Stinica:<\/b><\/span><\/p>\n<p><strong>Wenn Sie im Zentrum von Stinica \u00fcbernachten<\/strong>, ist der F\u00e4hrhafen etwa 1,5 km entfernt. Wenn Sie Gep\u00e4ck mit sich f\u00fchren, k\u00f6nnen Sie Ihren Vermieter fragen, ob er Sie am F\u00e4hrhafen abholen kann, oder mit einem Transfer oder Taxi, dies zu tun.<\/p>\n<p><span style=\"text-decoration: underline;\"><b>Was Sie am F\u00e4hrterminal von Stinica finden k\u00f6nnen:<\/b><\/span><\/p>\n<p>Wie bereits oben erw\u00e4hnt, ist Stinica ein kleines Dorf, <strong>dessen Zentrum etwa 1,5 km vom F\u00e4hrterminal entfernt liegt<\/strong>. Die meisten Einrichtungen (Bar, Restaurant, Gesch\u00e4ft) sind im Zentrum vorhanden und es gibt nicht viel am F\u00e4hrterminal.<\/p>\n<p><span style=\"text-decoration: underline;\"><b>Adresse des F\u00e4hrterminals Stinica:<\/b><\/span><\/p>\n<p>D105<\/p>\n<p>53287 Stinica<\/p>\n<p><strong>GPS-Koordinaten:<\/strong> 44.71939, 14.89089<\/p>\n<p><a class=\"lightbox\" href=\"http:\/\/www.ferrycroatia.com\/wp-content\/uploads\/2016\/06\/Stinica.jpg\"><img decoding=\"async\" loading=\"lazy\" class=\"alignnone size-full wp-image-172\" data-src=\"http:\/\/www.ferrycroatia.com\/wp-content\/uploads\/2016\/06\/Stinica.jpg\" alt=\"Stinica\" width=\"800\" height=\"656\" \/><\/a><\/p>\n<p><span style=\"text-decoration: underline;\"><b>Liste der Routen:<\/b><\/span><\/p>\n<p>\u2192 Autof\u00e4hre: Mi\u0161njak (Rab) &#8211; Stinica<\/p>\n<ul>\n<li><a href=\"https:\/\/www.ferrycroatia.com\/de\/stinica-misnjak\/\">\u00a0Stinica &#8211; Mi\u0161njak<\/a><\/li>\n<\/ul>\n","protected":false},"excerpt":{"rendered":"<p>Stinica ist eine kleine Stadt auf dem Festland, etwa 40 km von der historischen Stadt Senj entfernt. Der F\u00e4hrhafen von Stinica befindet sich in einer Bucht in der N\u00e4he des Stadtzentrums und der Hauptpromenade (ca. 1,5 km entfernt). An- und Abreise zum F\u00e4hrterminal in Stinica: Wenn Sie im Zentrum von Stinica \u00fcbernachten, ist der F\u00e4hrhafen [&hellip;]<\/p>\n<p><a class=\"more-link\" href=\"https:\/\/www.ferrycroatia.com\/de\/fahrhafen-stinica\/\"> Continue reading&#8230;<\/a><\/p>\n","protected":false},"author":5,"featured_media":1281,"parent":0,"menu_order":0,"comment_status":"closed","ping_status":"closed","template":"","meta":[],"yoast_head":"<!-- This site is optimized with the Yoast SEO plugin v19.8 - https:\/\/yoast.com\/wordpress\/plugins\/seo\/ -->\n<title>F\u00e4hrterminal Stinica, Autof\u00e4hre von und nach Stinica<\/title>\n<meta name=\"description\" content=\"F\u00e4hren vom F\u00e4hrhafen Stinica, wie man den Hafen mit dem Bus oder mit dem Auto von anderen Zielen in Kroatien erreicht, Adresse des F\u00e4hrterminals.\" \/>\n<meta name=\"robots\" content=\"index, follow, max-snippet:-1, max-image-preview:large, max-video-preview:-1\" \/>\n<link rel=\"canonical\" href=\"https:\/\/www.ferrycroatia.com\/de\/fahrhafen-stinica\/\" \/>\n<meta property=\"og:locale\" content=\"en_US\" \/>\n<meta property=\"og:type\" content=\"article\" \/>\n<meta property=\"og:title\" content=\"F\u00e4hrterminal Stinica, Autof\u00e4hre von und nach Stinica\" \/>\n<meta property=\"og:description\" content=\"F\u00e4hren vom F\u00e4hrhafen Stinica, wie man den Hafen mit dem Bus oder mit dem Auto von anderen Zielen in Kroatien erreicht, Adresse des F\u00e4hrterminals.\" \/>\n<meta property=\"og:url\" content=\"https:\/\/www.ferrycroatia.com\/de\/fahrhafen-stinica\/\" \/>\n<meta property=\"og:site_name\" content=\"F\u00e4hre Kroatien\" \/>\n<meta property=\"article:modified_time\" content=\"2021-02-09T11:54:24+00:00\" \/>\n<meta property=\"og:image\" content=\"https:\/\/www.ferrycroatia.com\/de\/wp-content\/uploads\/2021\/02\/Stinica.jpg\" \/>\n\t<meta property=\"og:image:width\" content=\"1024\" \/>\n\t<meta property=\"og:image:height\" content=\"576\" \/>\n\t<meta property=\"og:image:type\" content=\"image\/jpeg\" \/>\n<meta name=\"twitter:card\" content=\"summary_large_image\" \/>\n<meta name=\"twitter:label1\" content=\"Est. reading time\" \/>\n\t<meta name=\"twitter:data1\" content=\"1 minute\" \/>\n<script type=\"application\/ld+json\" class=\"yoast-schema-graph\">{\"@context\":\"https:\/\/schema.org\",\"@graph\":[{\"@type\":\"WebPage\",\"@id\":\"https:\/\/www.ferrycroatia.com\/de\/fahrhafen-stinica\/\",\"url\":\"https:\/\/www.ferrycroatia.com\/de\/fahrhafen-stinica\/\",\"name\":\"F\u00e4hrterminal Stinica, Autof\u00e4hre von und nach Stinica\",\"isPartOf\":{\"@id\":\"https:\/\/www.ferrycroatia.com\/de\/#website\"},\"datePublished\":\"2021-02-04T07:33:35+00:00\",\"dateModified\":\"2021-02-09T11:54:24+00:00\",\"description\":\"F\u00e4hren vom F\u00e4hrhafen Stinica, wie man den Hafen mit dem Bus oder mit dem Auto von anderen Zielen in Kroatien erreicht, Adresse des F\u00e4hrterminals.\",\"breadcrumb\":{\"@id\":\"https:\/\/www.ferrycroatia.com\/de\/fahrhafen-stinica\/#breadcrumb\"},\"inLanguage\":\"en-US\",\"potentialAction\":[{\"@type\":\"ReadAction\",\"target\":[\"https:\/\/www.ferrycroatia.com\/de\/fahrhafen-stinica\/\"]}]},{\"@type\":\"BreadcrumbList\",\"@id\":\"https:\/\/www.ferrycroatia.com\/de\/fahrhafen-stinica\/#breadcrumb\",\"itemListElement\":[{\"@type\":\"ListItem\",\"position\":1,\"name\":\"Home\",\"item\":\"https:\/\/www.ferrycroatia.com\/de\/\"},{\"@type\":\"ListItem\",\"position\":2,\"name\":\"F\u00e4hrhafen Stinica\"}]},{\"@type\":\"WebSite\",\"@id\":\"https:\/\/www.ferrycroatia.com\/de\/#website\",\"url\":\"https:\/\/www.ferrycroatia.com\/de\/\",\"name\":\"F\u00e4hre Kroatien\",\"description\":\"Info und Fahrpl\u00e4ne f\u00fcr alle Katamarane und F\u00e4hren in Kroatien\",\"potentialAction\":[{\"@type\":\"SearchAction\",\"target\":{\"@type\":\"EntryPoint\",\"urlTemplate\":\"https:\/\/www.ferrycroatia.com\/de\/?s={search_term_string}\"},\"query-input\":\"required name=search_term_string\"}],\"inLanguage\":\"en-US\"}]}<\/script>\n<!-- \/ Yoast SEO plugin. -->","yoast_head_json":{"title":"F\u00e4hrterminal Stinica, Autof\u00e4hre von und nach Stinica","description":"F\u00e4hren vom F\u00e4hrhafen Stinica, wie man den Hafen mit dem Bus oder mit dem Auto von anderen Zielen in Kroatien erreicht, Adresse des F\u00e4hrterminals.","robots":{"index":"index","follow":"follow","max-snippet":"max-snippet:-1","max-image-preview":"max-image-preview:large","max-video-preview":"max-video-preview:-1"},"canonical":"https:\/\/www.ferrycroatia.com\/de\/fahrhafen-stinica\/","og_locale":"en_US","og_type":"article","og_title":"F\u00e4hrterminal Stinica, Autof\u00e4hre von und nach Stinica","og_description":"F\u00e4hren vom F\u00e4hrhafen Stinica, wie man den Hafen mit dem Bus oder mit dem Auto von anderen Zielen in Kroatien erreicht, Adresse des F\u00e4hrterminals.","og_url":"https:\/\/www.ferrycroatia.com\/de\/fahrhafen-stinica\/","og_site_name":"F\u00e4hre Kroatien","article_modified_time":"2021-02-09T11:54:24+00:00","og_image":[{"width":1024,"height":576,"url":"https:\/\/www.ferrycroatia.com\/de\/wp-content\/uploads\/2021\/02\/Stinica.jpg","type":"image\/jpeg"}],"twitter_card":"summary_large_image","twitter_misc":{"Est. reading time":"1 minute"},"schema":{"@context":"https:\/\/schema.org","@graph":[{"@type":"WebPage","@id":"https:\/\/www.ferrycroatia.com\/de\/fahrhafen-stinica\/","url":"https:\/\/www.ferrycroatia.com\/de\/fahrhafen-stinica\/","name":"F\u00e4hrterminal Stinica, Autof\u00e4hre von und nach Stinica","isPartOf":{"@id":"https:\/\/www.ferrycroatia.com\/de\/#website"},"datePublished":"2021-02-04T07:33:35+00:00","dateModified":"2021-02-09T11:54:24+00:00","description":"F\u00e4hren vom F\u00e4hrhafen Stinica, wie man den Hafen mit dem Bus oder mit dem Auto von anderen Zielen in Kroatien erreicht, Adresse des F\u00e4hrterminals.","breadcrumb":{"@id":"https:\/\/www.ferrycroatia.com\/de\/fahrhafen-stinica\/#breadcrumb"},"inLanguage":"en-US","potentialAction":[{"@type":"ReadAction","target":["https:\/\/www.ferrycroatia.com\/de\/fahrhafen-stinica\/"]}]},{"@type":"BreadcrumbList","@id":"https:\/\/www.ferrycroatia.com\/de\/fahrhafen-stinica\/#breadcrumb","itemListElement":[{"@type":"ListItem","position":1,"name":"Home","item":"https:\/\/www.ferrycroatia.com\/de\/"},{"@type":"ListItem","position":2,"name":"F\u00e4hrhafen Stinica"}]},{"@type":"WebSite","@id":"https:\/\/www.ferrycroatia.com\/de\/#website","url":"https:\/\/www.ferrycroatia.com\/de\/","name":"F\u00e4hre Kroatien","description":"Info und Fahrpl\u00e4ne f\u00fcr alle Katamarane und F\u00e4hren in Kroatien","potentialAction":[{"@type":"SearchAction","target":{"@type":"EntryPoint","urlTemplate":"https:\/\/www.ferrycroatia.com\/de\/?s={search_term_string}"},"query-input":"required name=search_term_string"}],"inLanguage":"en-US"}]}},"_links":{"self":[{"href":"https:\/\/www.ferrycroatia.com\/de\/wp-json\/wp\/v2\/pages\/1280"}],"collection":[{"href":"https:\/\/www.ferrycroatia.com\/de\/wp-json\/wp\/v2\/pages"}],"about":[{"href":"https:\/\/www.ferrycroatia.com\/de\/wp-json\/wp\/v2\/types\/page"}],"author":[{"embeddable":true,"href":"https:\/\/www.ferrycroatia.com\/de\/wp-json\/wp\/v2\/users\/5"}],"replies":[{"embeddable":true,"href":"https:\/\/www.ferrycroatia.com\/de\/wp-json\/wp\/v2\/comments?post=1280"}],"version-history":[{"count":2,"href":"https:\/\/www.ferrycroatia.com\/de\/wp-json\/wp\/v2\/pages\/1280\/revisions"}],"predecessor-version":[{"id":1636,"href":"https:\/\/www.ferrycroatia.com\/de\/wp-json\/wp\/v2\/pages\/1280\/revisions\/1636"}],"wp:featuredmedia":[{"embeddable":true,"href":"https:\/\/www.ferrycroatia.com\/de\/wp-json\/wp\/v2\/media\/1281"}],"wp:attachment":[{"href":"https:\/\/www.ferrycroatia.com\/de\/wp-json\/wp\/v2\/media?parent=1280"}],"curies":[{"name":"wp","href":"https:\/\/api.w.org\/{rel}","templated":true}]}}