{"id":1283,"date":"2021-02-04T07:46:20","date_gmt":"2021-02-04T07:46:20","guid":{"rendered":"https:\/\/ferrycroatia.com\/de\/?page_id=1283"},"modified":"2021-02-09T12:05:59","modified_gmt":"2021-02-09T12:05:59","slug":"fahrhafen-sucuraj","status":"publish","type":"page","link":"https:\/\/www.ferrycroatia.com\/de\/fahrhafen-sucuraj\/","title":{"rendered":"F\u00e4hrhafen Su\u0107uraj"},"content":{"rendered":"<p><strong>Su\u0107uraj ist eine kleine Stadt auf der Insel Hvar<\/strong>, die sich auf der Ostseite der Insel befindet und dem Festland am n\u00e4chsten liegt. Der F\u00e4hrhafen befindet sich in einer <strong>sehr engen kleinen Bucht<\/strong> und befindet sich wie in fast allen anderen Inselst\u00e4dten nicht weit vom Zentrum entfernt am Ende der Promenade am Meer. <strong>Die Tickets k\u00f6nnen<\/strong> an der Kasse in Su\u0107uraj oder in Drvenik <strong>gekauft werden.<\/strong><\/p>\n<p><span style=\"text-decoration: underline;\"><b>An- und Abreise zum F\u00e4hrterminal in Su\u0107uraj:<\/b><\/span><\/p>\n<p><strong>Su\u0107uraj ist eine kleine Inselstadt<\/strong>. Unabh\u00e4ngig davon, wo sich Ihre Unterkunft befindet, ist der F\u00e4hrhafen bequem zu Fu\u00df erreichbar. Wenn Sie eine Wohnung in einer der Buchten entlang der K\u00fcste von Su\u0107uraj gemietet haben, k\u00f6nnen Sie m\u00f6glicherweise eine Abholung durch Ihren Vermieter arrangieren. Wenn Sie <strong>woanders auf der Insel Hvar<\/strong> \u00fcbernachten, ist es einfach, Su\u0107uraj mit dem Bus zu erreichen. Die <a href=\"https:\/\/getbybus.com\/de\/bus-von-sucuraj-hvar\">Bushaltestelle<\/a> befindet sich ebenfalls im Zentrum der Stadt.<\/p>\n<p><span style=\"text-decoration: underline;\"><b>Was Sie am F\u00e4hrterminal von Su\u0107uraj finden k\u00f6nnen:<\/b><\/span><\/p>\n<p>Wie bereits oben erw\u00e4hnt, ist Su\u0107uraj eine <strong>kleine Inselstadt und der F\u00e4hrhafen befindet sich nicht weit vom Zentrum entfernt<\/strong>. Aus diesem Grund befinden sich die meisten Einrichtungen der Stadt in unmittelbarer N\u00e4he des F\u00e4hrterminals: Bars, Restaurants, Gesch\u00e4fte usw.<\/p>\n<p><span style=\"text-decoration: underline;\"><b>Adresse des F\u00e4hrterminals Su\u0107uraj:<\/b><\/span><\/p>\n<blockquote><p>D116 29<\/p>\n<p>21469 Su\u0107uraj (Hvar)<\/p>\n<p><strong>GPS-Koordinaten:<\/strong> 43.12486, 17.18808<\/p><\/blockquote>\n<p><span style=\"text-decoration: underline;\"><b>Liste der Routen:<\/b><\/span><\/p>\n<p>\u2192 Autof\u00e4hre: Su\u0107uraj &#8211; Drvenik<\/p>\n<ul>\n<li><a href=\"https:\/\/www.ferrycroatia.com\/de\/sucuraj-drvenik\/\">Su\u0107uraj &#8211; Drvenik<\/a><\/li>\n<\/ul>\n","protected":false},"excerpt":{"rendered":"<p>Su\u0107uraj ist eine kleine Stadt auf der Insel Hvar, die sich auf der Ostseite der Insel befindet und dem Festland am n\u00e4chsten liegt. Der F\u00e4hrhafen befindet sich in einer sehr engen kleinen Bucht und befindet sich wie in fast allen anderen Inselst\u00e4dten nicht weit vom Zentrum entfernt am Ende der Promenade am Meer. Die Tickets [&hellip;]<\/p>\n<p><a class=\"more-link\" href=\"https:\/\/www.ferrycroatia.com\/de\/fahrhafen-sucuraj\/\"> Continue reading&#8230;<\/a><\/p>\n","protected":false},"author":5,"featured_media":0,"parent":0,"menu_order":0,"comment_status":"closed","ping_status":"closed","template":"","meta":[],"yoast_head":"<!-- This site is optimized with the Yoast SEO plugin v19.8 - https:\/\/yoast.com\/wordpress\/plugins\/seo\/ -->\n<title>F\u00e4hrterminal Su\u0107uraj, Autof\u00e4hren von Su\u0107uraj aus<\/title>\n<meta name=\"description\" content=\"F\u00e4hren vom F\u00e4hrhafen Su\u0107uraj, wie man den Hafen mit dem Bus oder mit dem Auto von anderen Zielen in Kroatien aus erreicht, Adresse und Einrichtungen am F\u00e4hrhafen.\" \/>\n<meta name=\"robots\" content=\"index, follow, max-snippet:-1, max-image-preview:large, max-video-preview:-1\" \/>\n<link rel=\"canonical\" href=\"https:\/\/www.ferrycroatia.com\/de\/fahrhafen-sucuraj\/\" \/>\n<meta property=\"og:locale\" content=\"en_US\" \/>\n<meta property=\"og:type\" content=\"article\" \/>\n<meta property=\"og:title\" content=\"F\u00e4hrterminal Su\u0107uraj, Autof\u00e4hren von Su\u0107uraj aus\" \/>\n<meta property=\"og:description\" content=\"F\u00e4hren vom F\u00e4hrhafen Su\u0107uraj, wie man den Hafen mit dem Bus oder mit dem Auto von anderen Zielen in Kroatien aus erreicht, Adresse und Einrichtungen am F\u00e4hrhafen.\" \/>\n<meta property=\"og:url\" content=\"https:\/\/www.ferrycroatia.com\/de\/fahrhafen-sucuraj\/\" \/>\n<meta property=\"og:site_name\" content=\"F\u00e4hre Kroatien\" \/>\n<meta property=\"article:modified_time\" content=\"2021-02-09T12:05:59+00:00\" \/>\n<meta name=\"twitter:card\" content=\"summary_large_image\" \/>\n<meta name=\"twitter:label1\" content=\"Est. reading time\" \/>\n\t<meta name=\"twitter:data1\" content=\"1 minute\" \/>\n<script type=\"application\/ld+json\" class=\"yoast-schema-graph\">{\"@context\":\"https:\/\/schema.org\",\"@graph\":[{\"@type\":\"WebPage\",\"@id\":\"https:\/\/www.ferrycroatia.com\/de\/fahrhafen-sucuraj\/\",\"url\":\"https:\/\/www.ferrycroatia.com\/de\/fahrhafen-sucuraj\/\",\"name\":\"F\u00e4hrterminal Su\u0107uraj, Autof\u00e4hren von Su\u0107uraj aus\",\"isPartOf\":{\"@id\":\"https:\/\/www.ferrycroatia.com\/de\/#website\"},\"datePublished\":\"2021-02-04T07:46:20+00:00\",\"dateModified\":\"2021-02-09T12:05:59+00:00\",\"description\":\"F\u00e4hren vom F\u00e4hrhafen Su\u0107uraj, wie man den Hafen mit dem Bus oder mit dem Auto von anderen Zielen in Kroatien aus erreicht, Adresse und Einrichtungen am F\u00e4hrhafen.\",\"breadcrumb\":{\"@id\":\"https:\/\/www.ferrycroatia.com\/de\/fahrhafen-sucuraj\/#breadcrumb\"},\"inLanguage\":\"en-US\",\"potentialAction\":[{\"@type\":\"ReadAction\",\"target\":[\"https:\/\/www.ferrycroatia.com\/de\/fahrhafen-sucuraj\/\"]}]},{\"@type\":\"BreadcrumbList\",\"@id\":\"https:\/\/www.ferrycroatia.com\/de\/fahrhafen-sucuraj\/#breadcrumb\",\"itemListElement\":[{\"@type\":\"ListItem\",\"position\":1,\"name\":\"Home\",\"item\":\"https:\/\/www.ferrycroatia.com\/de\/\"},{\"@type\":\"ListItem\",\"position\":2,\"name\":\"F\u00e4hrhafen Su\u0107uraj\"}]},{\"@type\":\"WebSite\",\"@id\":\"https:\/\/www.ferrycroatia.com\/de\/#website\",\"url\":\"https:\/\/www.ferrycroatia.com\/de\/\",\"name\":\"F\u00e4hre Kroatien\",\"description\":\"Info und Fahrpl\u00e4ne f\u00fcr alle Katamarane und F\u00e4hren in Kroatien\",\"potentialAction\":[{\"@type\":\"SearchAction\",\"target\":{\"@type\":\"EntryPoint\",\"urlTemplate\":\"https:\/\/www.ferrycroatia.com\/de\/?s={search_term_string}\"},\"query-input\":\"required name=search_term_string\"}],\"inLanguage\":\"en-US\"}]}<\/script>\n<!-- \/ Yoast SEO plugin. -->","yoast_head_json":{"title":"F\u00e4hrterminal Su\u0107uraj, Autof\u00e4hren von Su\u0107uraj aus","description":"F\u00e4hren vom F\u00e4hrhafen Su\u0107uraj, wie man den Hafen mit dem Bus oder mit dem Auto von anderen Zielen in Kroatien aus erreicht, Adresse und Einrichtungen am F\u00e4hrhafen.","robots":{"index":"index","follow":"follow","max-snippet":"max-snippet:-1","max-image-preview":"max-image-preview:large","max-video-preview":"max-video-preview:-1"},"canonical":"https:\/\/www.ferrycroatia.com\/de\/fahrhafen-sucuraj\/","og_locale":"en_US","og_type":"article","og_title":"F\u00e4hrterminal Su\u0107uraj, Autof\u00e4hren von Su\u0107uraj aus","og_description":"F\u00e4hren vom F\u00e4hrhafen Su\u0107uraj, wie man den Hafen mit dem Bus oder mit dem Auto von anderen Zielen in Kroatien aus erreicht, Adresse und Einrichtungen am F\u00e4hrhafen.","og_url":"https:\/\/www.ferrycroatia.com\/de\/fahrhafen-sucuraj\/","og_site_name":"F\u00e4hre Kroatien","article_modified_time":"2021-02-09T12:05:59+00:00","twitter_card":"summary_large_image","twitter_misc":{"Est. reading time":"1 minute"},"schema":{"@context":"https:\/\/schema.org","@graph":[{"@type":"WebPage","@id":"https:\/\/www.ferrycroatia.com\/de\/fahrhafen-sucuraj\/","url":"https:\/\/www.ferrycroatia.com\/de\/fahrhafen-sucuraj\/","name":"F\u00e4hrterminal Su\u0107uraj, Autof\u00e4hren von Su\u0107uraj aus","isPartOf":{"@id":"https:\/\/www.ferrycroatia.com\/de\/#website"},"datePublished":"2021-02-04T07:46:20+00:00","dateModified":"2021-02-09T12:05:59+00:00","description":"F\u00e4hren vom F\u00e4hrhafen Su\u0107uraj, wie man den Hafen mit dem Bus oder mit dem Auto von anderen Zielen in Kroatien aus erreicht, Adresse und Einrichtungen am F\u00e4hrhafen.","breadcrumb":{"@id":"https:\/\/www.ferrycroatia.com\/de\/fahrhafen-sucuraj\/#breadcrumb"},"inLanguage":"en-US","potentialAction":[{"@type":"ReadAction","target":["https:\/\/www.ferrycroatia.com\/de\/fahrhafen-sucuraj\/"]}]},{"@type":"BreadcrumbList","@id":"https:\/\/www.ferrycroatia.com\/de\/fahrhafen-sucuraj\/#breadcrumb","itemListElement":[{"@type":"ListItem","position":1,"name":"Home","item":"https:\/\/www.ferrycroatia.com\/de\/"},{"@type":"ListItem","position":2,"name":"F\u00e4hrhafen Su\u0107uraj"}]},{"@type":"WebSite","@id":"https:\/\/www.ferrycroatia.com\/de\/#website","url":"https:\/\/www.ferrycroatia.com\/de\/","name":"F\u00e4hre Kroatien","description":"Info und Fahrpl\u00e4ne f\u00fcr alle Katamarane und F\u00e4hren in Kroatien","potentialAction":[{"@type":"SearchAction","target":{"@type":"EntryPoint","urlTemplate":"https:\/\/www.ferrycroatia.com\/de\/?s={search_term_string}"},"query-input":"required name=search_term_string"}],"inLanguage":"en-US"}]}},"_links":{"self":[{"href":"https:\/\/www.ferrycroatia.com\/de\/wp-json\/wp\/v2\/pages\/1283"}],"collection":[{"href":"https:\/\/www.ferrycroatia.com\/de\/wp-json\/wp\/v2\/pages"}],"about":[{"href":"https:\/\/www.ferrycroatia.com\/de\/wp-json\/wp\/v2\/types\/page"}],"author":[{"embeddable":true,"href":"https:\/\/www.ferrycroatia.com\/de\/wp-json\/wp\/v2\/users\/5"}],"replies":[{"embeddable":true,"href":"https:\/\/www.ferrycroatia.com\/de\/wp-json\/wp\/v2\/comments?post=1283"}],"version-history":[{"count":3,"href":"https:\/\/www.ferrycroatia.com\/de\/wp-json\/wp\/v2\/pages\/1283\/revisions"}],"predecessor-version":[{"id":1640,"href":"https:\/\/www.ferrycroatia.com\/de\/wp-json\/wp\/v2\/pages\/1283\/revisions\/1640"}],"wp:attachment":[{"href":"https:\/\/www.ferrycroatia.com\/de\/wp-json\/wp\/v2\/media?parent=1283"}],"curies":[{"name":"wp","href":"https:\/\/api.w.org\/{rel}","templated":true}]}}