{"id":1287,"date":"2021-02-04T08:17:59","date_gmt":"2021-02-04T08:17:59","guid":{"rendered":"https:\/\/ferrycroatia.com\/de\/?page_id=1287"},"modified":"2021-02-09T12:08:04","modified_gmt":"2021-02-09T12:08:04","slug":"fahrhafen-sumartin","status":"publish","type":"page","link":"https:\/\/www.ferrycroatia.com\/de\/fahrhafen-sumartin\/","title":{"rendered":"F\u00e4hrhafen Sumartin"},"content":{"rendered":"<p><strong>Sumartin ist eine kleine Stadt am \u00f6stlichen Ende<\/strong> der Insel Bra\u010d. Der F\u00e4hrhafen befindet sich in einer engen Bucht in der N\u00e4he der Hauptpromenade am Meer und <strong>im Stadtzentrum<\/strong>.<\/p>\n<p><span style=\"text-decoration: underline;\"><b>An- und Abreise zum F\u00e4hrterminal in Sumartin:<\/b><\/span><\/p>\n<p>Sumartin ist eine kleine Inselstadt und der <strong>F\u00e4hrhafen befindet sich im Zentrum<\/strong>, nahe der Hauptpromenade am Meer. Egal wo Sie \u00fcbernachten, alles, einschlie\u00dflich des F\u00e4hrterminals, ist bequem zu Fu\u00df erreichbar. <strong>Wenn sich Ihre Wohnung auf der gegen\u00fcberliegenden Seite der Bucht befindet<\/strong>, ist das Gehen etwas schwierig. In diesem Fall sollten Sie versuchen, eine Abholung von Ihrem Vermieter zu arrangieren. Normalerweise sind diese bereit, dies zu tun.<\/p>\n<p>Wenn Sie <strong>woanders auf der Insel Bra\u010d<\/strong> \u00fcbernachten, ist es einfach, Sumartin mit dem Bus zu erreichen. Die Bushaltestelle befindet sich ebenfalls in der N\u00e4he des F\u00e4hrterminals und ist leicht zu finden.<\/p>\n<p><span style=\"text-decoration: underline;\"><b>Anreise von Sumartin zum Flughafen Split:<\/b><\/span><\/p>\n<p>Wenn Sie mit der <strong>F\u00e4hre Sumartin &#8211; Makarska<\/strong> zum Flughafen Split fahren, ben\u00f6tigen Sie ungef\u00e4hr 2 Stunden und 30 Minuten (1 Stunde F\u00e4hre plus 1 Stunde 30 Minuten Fahrt). Alternativ k\u00f6nnen Sie <a href=\"https:\/\/www.ferrycroatia.com\/de\/fahrhafen-supetar\/\">nach Supetar fahren<\/a> und von dort aus die Autof\u00e4hre nach Split nehmen. Es wird <strong>nicht schneller sein, aber das F\u00e4hrticket wird weniger kosten<\/strong>. Wenn Sie kein Auto haben, nehmen Sie am einfachsten die F\u00e4hre nach Makarska und gehen dann zur Bushaltestelle (ca. 500 m), von wo aus Sie einen Bus zum Busbahnhof Split nehmen k\u00f6nnen. Am <strong>Busbahnhof von Split steigen Sie dann in den Flughafenbus um<\/strong>. Die Gesamtreisezeit von Sumartin zum Flughafen Split betr\u00e4gt in diesem Fall wahrscheinlich etwa 4 Stunden.<\/p>\n<p><span style=\"text-decoration: underline;\"><b>Was Sie am F\u00e4hrterminal von Sumartin finden k\u00f6nnen:<\/b><\/span><\/p>\n<p>Wie bereits oben erw\u00e4hnt, ist Sumartin eine wirklich kleine Stadt und <strong>der F\u00e4hrhafen befindet sich direkt im Stadtzentrum und an der Hauptpromenade am Meer<\/strong>, so dass Sie dort offensichtlich viele Einrichtungen finden k\u00f6nnen: Bars, Restaurants, Gesch\u00e4fte, Geldautomaten usw.<\/p>\n<p><span style=\"text-decoration: underline;\"><b>Adresse des F\u00e4hrterminals Sumartin:<\/b><\/span><\/p>\n<p>D113<\/p>\n<p>21426 Sumartin (Bra\u010d)<\/p>\n<p><strong>GPS-Koordinaten:<\/strong> 43.28548, 16.87163<\/p>\n<p><a class=\"lightbox\" href=\"http:\/\/www.ferrycroatia.com\/wp-content\/uploads\/2016\/06\/Sumartin.jpg\"><img decoding=\"async\" loading=\"lazy\" class=\"alignnone size-full wp-image-238\" data-src=\"http:\/\/www.ferrycroatia.com\/wp-content\/uploads\/2016\/06\/Sumartin.jpg\" alt=\"Sumartin\" width=\"800\" height=\"592\" \/><\/a><\/p>\n<p><span style=\"text-decoration: underline;\"><b>Liste der F\u00e4hrverbindungen von Sumartin:<\/b><\/span><\/p>\n<p>Autof\u00e4hre: Sumartin (Bra\u010d) &#8211; Makarska<\/p>\n<ul>\n<li><a href=\"https:\/\/www.ferrycroatia.com\/de\/sumartin-makarska\/\">Sumartin &#8211; Makarska<\/a><\/li>\n<\/ul>\n","protected":false},"excerpt":{"rendered":"<p>Sumartin ist eine kleine Stadt am \u00f6stlichen Ende der Insel Bra\u010d. Der F\u00e4hrhafen befindet sich in einer engen Bucht in der N\u00e4he der Hauptpromenade am Meer und im Stadtzentrum. An- und Abreise zum F\u00e4hrterminal in Sumartin: Sumartin ist eine kleine Inselstadt und der F\u00e4hrhafen befindet sich im Zentrum, nahe der Hauptpromenade am Meer. Egal wo [&hellip;]<\/p>\n<p><a class=\"more-link\" href=\"https:\/\/www.ferrycroatia.com\/de\/fahrhafen-sumartin\/\"> Continue reading&#8230;<\/a><\/p>\n","protected":false},"author":5,"featured_media":1288,"parent":0,"menu_order":0,"comment_status":"closed","ping_status":"closed","template":"","meta":[],"yoast_head":"<!-- This site is optimized with the Yoast SEO plugin v19.8 - https:\/\/yoast.com\/wordpress\/plugins\/seo\/ -->\n<title>F\u00e4hrterminal Sumartin, mit der Autof\u00e4hre reisen<\/title>\n<meta name=\"description\" content=\"F\u00e4hren vom F\u00e4hrhafen Sumartin, wie man den F\u00e4hrhafen mit dem Bus oder mit dem Auto von einem anderen Ziel in Kroatien aus erreicht, Adresse und Einrichtungen am Hafen.\" \/>\n<meta name=\"robots\" content=\"index, follow, max-snippet:-1, max-image-preview:large, max-video-preview:-1\" \/>\n<link rel=\"canonical\" href=\"https:\/\/www.ferrycroatia.com\/de\/fahrhafen-sumartin\/\" \/>\n<meta property=\"og:locale\" content=\"en_US\" \/>\n<meta property=\"og:type\" content=\"article\" \/>\n<meta property=\"og:title\" content=\"F\u00e4hrterminal Sumartin, mit der Autof\u00e4hre reisen\" \/>\n<meta property=\"og:description\" content=\"F\u00e4hren vom F\u00e4hrhafen Sumartin, wie man den F\u00e4hrhafen mit dem Bus oder mit dem Auto von einem anderen Ziel in Kroatien aus erreicht, Adresse und Einrichtungen am Hafen.\" \/>\n<meta property=\"og:url\" content=\"https:\/\/www.ferrycroatia.com\/de\/fahrhafen-sumartin\/\" \/>\n<meta property=\"og:site_name\" content=\"F\u00e4hre Kroatien\" \/>\n<meta property=\"article:modified_time\" content=\"2021-02-09T12:08:04+00:00\" \/>\n<meta property=\"og:image\" content=\"https:\/\/www.ferrycroatia.com\/de\/wp-content\/uploads\/2021\/02\/Sumartin.jpg\" \/>\n\t<meta property=\"og:image:width\" content=\"1024\" \/>\n\t<meta property=\"og:image:height\" content=\"768\" \/>\n\t<meta property=\"og:image:type\" content=\"image\/jpeg\" \/>\n<meta name=\"twitter:card\" content=\"summary_large_image\" \/>\n<meta name=\"twitter:label1\" content=\"Est. reading time\" \/>\n\t<meta name=\"twitter:data1\" content=\"2 minutes\" \/>\n<script type=\"application\/ld+json\" class=\"yoast-schema-graph\">{\"@context\":\"https:\/\/schema.org\",\"@graph\":[{\"@type\":\"WebPage\",\"@id\":\"https:\/\/www.ferrycroatia.com\/de\/fahrhafen-sumartin\/\",\"url\":\"https:\/\/www.ferrycroatia.com\/de\/fahrhafen-sumartin\/\",\"name\":\"F\u00e4hrterminal Sumartin, mit der Autof\u00e4hre reisen\",\"isPartOf\":{\"@id\":\"https:\/\/www.ferrycroatia.com\/de\/#website\"},\"datePublished\":\"2021-02-04T08:17:59+00:00\",\"dateModified\":\"2021-02-09T12:08:04+00:00\",\"description\":\"F\u00e4hren vom F\u00e4hrhafen Sumartin, wie man den F\u00e4hrhafen mit dem Bus oder mit dem Auto von einem anderen Ziel in Kroatien aus erreicht, Adresse und Einrichtungen am Hafen.\",\"breadcrumb\":{\"@id\":\"https:\/\/www.ferrycroatia.com\/de\/fahrhafen-sumartin\/#breadcrumb\"},\"inLanguage\":\"en-US\",\"potentialAction\":[{\"@type\":\"ReadAction\",\"target\":[\"https:\/\/www.ferrycroatia.com\/de\/fahrhafen-sumartin\/\"]}]},{\"@type\":\"BreadcrumbList\",\"@id\":\"https:\/\/www.ferrycroatia.com\/de\/fahrhafen-sumartin\/#breadcrumb\",\"itemListElement\":[{\"@type\":\"ListItem\",\"position\":1,\"name\":\"Home\",\"item\":\"https:\/\/www.ferrycroatia.com\/de\/\"},{\"@type\":\"ListItem\",\"position\":2,\"name\":\"F\u00e4hrhafen Sumartin\"}]},{\"@type\":\"WebSite\",\"@id\":\"https:\/\/www.ferrycroatia.com\/de\/#website\",\"url\":\"https:\/\/www.ferrycroatia.com\/de\/\",\"name\":\"F\u00e4hre Kroatien\",\"description\":\"Info und Fahrpl\u00e4ne f\u00fcr alle Katamarane und F\u00e4hren in Kroatien\",\"potentialAction\":[{\"@type\":\"SearchAction\",\"target\":{\"@type\":\"EntryPoint\",\"urlTemplate\":\"https:\/\/www.ferrycroatia.com\/de\/?s={search_term_string}\"},\"query-input\":\"required name=search_term_string\"}],\"inLanguage\":\"en-US\"}]}<\/script>\n<!-- \/ Yoast SEO plugin. -->","yoast_head_json":{"title":"F\u00e4hrterminal Sumartin, mit der Autof\u00e4hre reisen","description":"F\u00e4hren vom F\u00e4hrhafen Sumartin, wie man den F\u00e4hrhafen mit dem Bus oder mit dem Auto von einem anderen Ziel in Kroatien aus erreicht, Adresse und Einrichtungen am Hafen.","robots":{"index":"index","follow":"follow","max-snippet":"max-snippet:-1","max-image-preview":"max-image-preview:large","max-video-preview":"max-video-preview:-1"},"canonical":"https:\/\/www.ferrycroatia.com\/de\/fahrhafen-sumartin\/","og_locale":"en_US","og_type":"article","og_title":"F\u00e4hrterminal Sumartin, mit der Autof\u00e4hre reisen","og_description":"F\u00e4hren vom F\u00e4hrhafen Sumartin, wie man den F\u00e4hrhafen mit dem Bus oder mit dem Auto von einem anderen Ziel in Kroatien aus erreicht, Adresse und Einrichtungen am Hafen.","og_url":"https:\/\/www.ferrycroatia.com\/de\/fahrhafen-sumartin\/","og_site_name":"F\u00e4hre Kroatien","article_modified_time":"2021-02-09T12:08:04+00:00","og_image":[{"width":1024,"height":768,"url":"https:\/\/www.ferrycroatia.com\/de\/wp-content\/uploads\/2021\/02\/Sumartin.jpg","type":"image\/jpeg"}],"twitter_card":"summary_large_image","twitter_misc":{"Est. reading time":"2 minutes"},"schema":{"@context":"https:\/\/schema.org","@graph":[{"@type":"WebPage","@id":"https:\/\/www.ferrycroatia.com\/de\/fahrhafen-sumartin\/","url":"https:\/\/www.ferrycroatia.com\/de\/fahrhafen-sumartin\/","name":"F\u00e4hrterminal Sumartin, mit der Autof\u00e4hre reisen","isPartOf":{"@id":"https:\/\/www.ferrycroatia.com\/de\/#website"},"datePublished":"2021-02-04T08:17:59+00:00","dateModified":"2021-02-09T12:08:04+00:00","description":"F\u00e4hren vom F\u00e4hrhafen Sumartin, wie man den F\u00e4hrhafen mit dem Bus oder mit dem Auto von einem anderen Ziel in Kroatien aus erreicht, Adresse und Einrichtungen am Hafen.","breadcrumb":{"@id":"https:\/\/www.ferrycroatia.com\/de\/fahrhafen-sumartin\/#breadcrumb"},"inLanguage":"en-US","potentialAction":[{"@type":"ReadAction","target":["https:\/\/www.ferrycroatia.com\/de\/fahrhafen-sumartin\/"]}]},{"@type":"BreadcrumbList","@id":"https:\/\/www.ferrycroatia.com\/de\/fahrhafen-sumartin\/#breadcrumb","itemListElement":[{"@type":"ListItem","position":1,"name":"Home","item":"https:\/\/www.ferrycroatia.com\/de\/"},{"@type":"ListItem","position":2,"name":"F\u00e4hrhafen Sumartin"}]},{"@type":"WebSite","@id":"https:\/\/www.ferrycroatia.com\/de\/#website","url":"https:\/\/www.ferrycroatia.com\/de\/","name":"F\u00e4hre Kroatien","description":"Info und Fahrpl\u00e4ne f\u00fcr alle Katamarane und F\u00e4hren in Kroatien","potentialAction":[{"@type":"SearchAction","target":{"@type":"EntryPoint","urlTemplate":"https:\/\/www.ferrycroatia.com\/de\/?s={search_term_string}"},"query-input":"required name=search_term_string"}],"inLanguage":"en-US"}]}},"_links":{"self":[{"href":"https:\/\/www.ferrycroatia.com\/de\/wp-json\/wp\/v2\/pages\/1287"}],"collection":[{"href":"https:\/\/www.ferrycroatia.com\/de\/wp-json\/wp\/v2\/pages"}],"about":[{"href":"https:\/\/www.ferrycroatia.com\/de\/wp-json\/wp\/v2\/types\/page"}],"author":[{"embeddable":true,"href":"https:\/\/www.ferrycroatia.com\/de\/wp-json\/wp\/v2\/users\/5"}],"replies":[{"embeddable":true,"href":"https:\/\/www.ferrycroatia.com\/de\/wp-json\/wp\/v2\/comments?post=1287"}],"version-history":[{"count":2,"href":"https:\/\/www.ferrycroatia.com\/de\/wp-json\/wp\/v2\/pages\/1287\/revisions"}],"predecessor-version":[{"id":1641,"href":"https:\/\/www.ferrycroatia.com\/de\/wp-json\/wp\/v2\/pages\/1287\/revisions\/1641"}],"wp:featuredmedia":[{"embeddable":true,"href":"https:\/\/www.ferrycroatia.com\/de\/wp-json\/wp\/v2\/media\/1288"}],"wp:attachment":[{"href":"https:\/\/www.ferrycroatia.com\/de\/wp-json\/wp\/v2\/media?parent=1287"}],"curies":[{"name":"wp","href":"https:\/\/api.w.org\/{rel}","templated":true}]}}