{"id":1290,"date":"2021-02-04T08:21:55","date_gmt":"2021-02-04T08:21:55","guid":{"rendered":"https:\/\/ferrycroatia.com\/de\/?page_id=1290"},"modified":"2021-02-09T12:08:59","modified_gmt":"2021-02-09T12:08:59","slug":"fahrhafen-supetar","status":"publish","type":"page","link":"https:\/\/www.ferrycroatia.com\/de\/fahrhafen-supetar\/","title":{"rendered":"F\u00e4hrhafen Supetar"},"content":{"rendered":"<p><strong>Supetar ist eine Stadt auf der Nordseite der Insel Bra\u010d<\/strong> und der Haupthafen der Insel, die direkte F\u00e4hrverbindung mit der Stadt Split.<\/p>\n<p><span style=\"text-decoration: underline;\"><b>An- und Abreise zum F\u00e4hrterminal in Supetar:<\/b><\/span><\/p>\n<p><strong>Supetar gilt als Hauptstadt der Insel Bra\u010d.<\/strong> Wenn Sie irgendwo in Supetar \u00fcbernachten, k\u00f6nnen Sie zu Fu\u00df zum F\u00e4hrterminal gehen (maximale Entfernung 1,5 km). Wenn Sie Gep\u00e4ck mit sich haben, k\u00f6nnen Sie normalerweise auch eine Abholung durch Ihren Vermieter arrangieren oder ein Taxi nehmen. Wenn Sie woanders auf der Insel Bra\u010d \u00fcbernachten, ist es ziemlich einfach, Supetar mit dem Bus zu erreichen. Der Hauptbusbahnhof der Stadt befindet <strong>sich 2 Minuten vom F\u00e4hrterminal entfernt<\/strong>. F\u00fcr den genauen Standort k\u00f6nnen Sie auf diesen Link klicken: <a href=\"https:\/\/getbybus.com\/de\/bus-von-supetar-brac\">https:\/\/getbybus.com\/de\/bus-von-supetar-brac<\/a><\/p>\n<p><span style=\"text-decoration: underline;\"><b>Anreise von Supetar zum Flughafen von Split:<\/b><\/span><\/p>\n<p>Wenn Sie von Supetar zum Flughafen Split reisen, ben\u00f6tigen Sie ungef\u00e4hr 1 Stunde und 45 Minuten. Dies ist der Fall, wenn Sie ein Taxi nehmen oder vom F\u00e4hrterminal Split zum Flughafen umsteigen. Wenn Sie mit dem Flughafenbus fahren, kann die Busfahrt l\u00e4nger dauern, abh\u00e4ngig von der Abfahrtszeit des Busses. Wenn Geld keine Rolle spielt, k\u00f6nnen Sie auch einen schnellen Boot-Transfer direkt von Supetar zum Flughafen Split buchen, was einer Segelreise von etwa 30 Minuten entspricht.<\/p>\n<p><span style=\"text-decoration: underline;\"><b>Was Sie am Supetar-F\u00e4hrterminal finden k\u00f6nnen:<\/b><\/span><\/p>\n<p>Wie bereits oben erw\u00e4hnt, befindet sich der <strong>F\u00e4hrhafen Supetar in der N\u00e4he des Stadtzentrums<\/strong> und der Hauptpromenade am Meer. <strong>Es gibt ein Ticketb\u00fcro<\/strong> direkt am F\u00e4hrterminal und viele Einrichtungen in der N\u00e4he: <strong>Restaurants, Bars, Kioske, Gesch\u00e4fte, Souvenirst\u00e4nde usw.<\/strong><\/p>\n<p><span style=\"text-decoration: underline;\"><b>Adresse des F\u00e4hrterminals Supetar:<\/b><\/span><\/p>\n<blockquote><p>D113 14<\/p>\n<p>21400 Supetar (Bra\u010d)<\/p>\n<p><strong>GPS-Koordinaten:<\/strong> 43.38582, 16.55373<\/p><\/blockquote>\n<p><a class=\"lightbox\" href=\"http:\/\/www.ferrycroatia.com\/wp-content\/uploads\/2016\/06\/Supetar1.jpg\"><img decoding=\"async\" loading=\"lazy\" class=\"alignnone size-full wp-image-201\" data-src=\"http:\/\/www.ferrycroatia.com\/wp-content\/uploads\/2016\/06\/Supetar1.jpg\" alt=\"Supetar\" width=\"800\" height=\"518\" \/><\/a><\/p>\n<p><span style=\"text-decoration: underline;\"><strong>Liste der Routen:<\/strong><\/span><\/p>\n<p>\u2192 Autof\u00e4hre: Supetar (Bra\u010d) &#8211; Split<\/p>\n<ul>\n<li><a href=\"https:\/\/www.ferrycroatia.com\/de\/supetar-split\/\">Supetar &#8211; Split<\/a><\/li>\n<\/ul>\n","protected":false},"excerpt":{"rendered":"<p>Supetar ist eine Stadt auf der Nordseite der Insel Bra\u010d und der Haupthafen der Insel, die direkte F\u00e4hrverbindung mit der Stadt Split. An- und Abreise zum F\u00e4hrterminal in Supetar: Supetar gilt als Hauptstadt der Insel Bra\u010d. Wenn Sie irgendwo in Supetar \u00fcbernachten, k\u00f6nnen Sie zu Fu\u00df zum F\u00e4hrterminal gehen (maximale Entfernung 1,5 km). Wenn Sie [&hellip;]<\/p>\n<p><a class=\"more-link\" href=\"https:\/\/www.ferrycroatia.com\/de\/fahrhafen-supetar\/\"> Continue reading&#8230;<\/a><\/p>\n","protected":false},"author":5,"featured_media":0,"parent":0,"menu_order":0,"comment_status":"closed","ping_status":"closed","template":"","meta":[],"yoast_head":"<!-- This site is optimized with the Yoast SEO plugin v19.8 - https:\/\/yoast.com\/wordpress\/plugins\/seo\/ -->\n<title>F\u00e4hrterminal Supetar, Autof\u00e4hren von Supetar aus<\/title>\n<meta name=\"description\" content=\"F\u00e4hren vom F\u00e4hrhafen Supetar, wie man den F\u00e4hrhafen in Supetar mit dem Bus oder mit dem Auto vom Festland aus erreicht, Adresse und Einrichtungen am Hafen.\" \/>\n<meta name=\"robots\" content=\"index, follow, max-snippet:-1, max-image-preview:large, max-video-preview:-1\" \/>\n<link rel=\"canonical\" href=\"https:\/\/www.ferrycroatia.com\/de\/fahrhafen-supetar\/\" \/>\n<meta property=\"og:locale\" content=\"en_US\" \/>\n<meta property=\"og:type\" content=\"article\" \/>\n<meta property=\"og:title\" content=\"F\u00e4hrterminal Supetar, Autof\u00e4hren von Supetar aus\" \/>\n<meta property=\"og:description\" content=\"F\u00e4hren vom F\u00e4hrhafen Supetar, wie man den F\u00e4hrhafen in Supetar mit dem Bus oder mit dem Auto vom Festland aus erreicht, Adresse und Einrichtungen am Hafen.\" \/>\n<meta property=\"og:url\" content=\"https:\/\/www.ferrycroatia.com\/de\/fahrhafen-supetar\/\" \/>\n<meta property=\"og:site_name\" content=\"F\u00e4hre Kroatien\" \/>\n<meta property=\"article:modified_time\" content=\"2021-02-09T12:08:59+00:00\" \/>\n<meta property=\"og:image\" content=\"http:\/\/www.ferrycroatia.com\/wp-content\/uploads\/2016\/06\/Supetar1.jpg\" \/>\n<meta name=\"twitter:card\" content=\"summary_large_image\" \/>\n<meta name=\"twitter:label1\" content=\"Est. reading time\" \/>\n\t<meta name=\"twitter:data1\" content=\"1 minute\" \/>\n<script type=\"application\/ld+json\" class=\"yoast-schema-graph\">{\"@context\":\"https:\/\/schema.org\",\"@graph\":[{\"@type\":\"WebPage\",\"@id\":\"https:\/\/www.ferrycroatia.com\/de\/fahrhafen-supetar\/\",\"url\":\"https:\/\/www.ferrycroatia.com\/de\/fahrhafen-supetar\/\",\"name\":\"F\u00e4hrterminal Supetar, Autof\u00e4hren von Supetar aus\",\"isPartOf\":{\"@id\":\"https:\/\/www.ferrycroatia.com\/de\/#website\"},\"datePublished\":\"2021-02-04T08:21:55+00:00\",\"dateModified\":\"2021-02-09T12:08:59+00:00\",\"description\":\"F\u00e4hren vom F\u00e4hrhafen Supetar, wie man den F\u00e4hrhafen in Supetar mit dem Bus oder mit dem Auto vom Festland aus erreicht, Adresse und Einrichtungen am Hafen.\",\"breadcrumb\":{\"@id\":\"https:\/\/www.ferrycroatia.com\/de\/fahrhafen-supetar\/#breadcrumb\"},\"inLanguage\":\"en-US\",\"potentialAction\":[{\"@type\":\"ReadAction\",\"target\":[\"https:\/\/www.ferrycroatia.com\/de\/fahrhafen-supetar\/\"]}]},{\"@type\":\"BreadcrumbList\",\"@id\":\"https:\/\/www.ferrycroatia.com\/de\/fahrhafen-supetar\/#breadcrumb\",\"itemListElement\":[{\"@type\":\"ListItem\",\"position\":1,\"name\":\"Home\",\"item\":\"https:\/\/www.ferrycroatia.com\/de\/\"},{\"@type\":\"ListItem\",\"position\":2,\"name\":\"F\u00e4hrhafen Supetar\"}]},{\"@type\":\"WebSite\",\"@id\":\"https:\/\/www.ferrycroatia.com\/de\/#website\",\"url\":\"https:\/\/www.ferrycroatia.com\/de\/\",\"name\":\"F\u00e4hre Kroatien\",\"description\":\"Info und Fahrpl\u00e4ne f\u00fcr alle Katamarane und F\u00e4hren in Kroatien\",\"potentialAction\":[{\"@type\":\"SearchAction\",\"target\":{\"@type\":\"EntryPoint\",\"urlTemplate\":\"https:\/\/www.ferrycroatia.com\/de\/?s={search_term_string}\"},\"query-input\":\"required name=search_term_string\"}],\"inLanguage\":\"en-US\"}]}<\/script>\n<!-- \/ Yoast SEO plugin. -->","yoast_head_json":{"title":"F\u00e4hrterminal Supetar, Autof\u00e4hren von Supetar aus","description":"F\u00e4hren vom F\u00e4hrhafen Supetar, wie man den F\u00e4hrhafen in Supetar mit dem Bus oder mit dem Auto vom Festland aus erreicht, Adresse und Einrichtungen am Hafen.","robots":{"index":"index","follow":"follow","max-snippet":"max-snippet:-1","max-image-preview":"max-image-preview:large","max-video-preview":"max-video-preview:-1"},"canonical":"https:\/\/www.ferrycroatia.com\/de\/fahrhafen-supetar\/","og_locale":"en_US","og_type":"article","og_title":"F\u00e4hrterminal Supetar, Autof\u00e4hren von Supetar aus","og_description":"F\u00e4hren vom F\u00e4hrhafen Supetar, wie man den F\u00e4hrhafen in Supetar mit dem Bus oder mit dem Auto vom Festland aus erreicht, Adresse und Einrichtungen am Hafen.","og_url":"https:\/\/www.ferrycroatia.com\/de\/fahrhafen-supetar\/","og_site_name":"F\u00e4hre Kroatien","article_modified_time":"2021-02-09T12:08:59+00:00","og_image":[{"url":"http:\/\/www.ferrycroatia.com\/wp-content\/uploads\/2016\/06\/Supetar1.jpg"}],"twitter_card":"summary_large_image","twitter_misc":{"Est. reading time":"1 minute"},"schema":{"@context":"https:\/\/schema.org","@graph":[{"@type":"WebPage","@id":"https:\/\/www.ferrycroatia.com\/de\/fahrhafen-supetar\/","url":"https:\/\/www.ferrycroatia.com\/de\/fahrhafen-supetar\/","name":"F\u00e4hrterminal Supetar, Autof\u00e4hren von Supetar aus","isPartOf":{"@id":"https:\/\/www.ferrycroatia.com\/de\/#website"},"datePublished":"2021-02-04T08:21:55+00:00","dateModified":"2021-02-09T12:08:59+00:00","description":"F\u00e4hren vom F\u00e4hrhafen Supetar, wie man den F\u00e4hrhafen in Supetar mit dem Bus oder mit dem Auto vom Festland aus erreicht, Adresse und Einrichtungen am Hafen.","breadcrumb":{"@id":"https:\/\/www.ferrycroatia.com\/de\/fahrhafen-supetar\/#breadcrumb"},"inLanguage":"en-US","potentialAction":[{"@type":"ReadAction","target":["https:\/\/www.ferrycroatia.com\/de\/fahrhafen-supetar\/"]}]},{"@type":"BreadcrumbList","@id":"https:\/\/www.ferrycroatia.com\/de\/fahrhafen-supetar\/#breadcrumb","itemListElement":[{"@type":"ListItem","position":1,"name":"Home","item":"https:\/\/www.ferrycroatia.com\/de\/"},{"@type":"ListItem","position":2,"name":"F\u00e4hrhafen Supetar"}]},{"@type":"WebSite","@id":"https:\/\/www.ferrycroatia.com\/de\/#website","url":"https:\/\/www.ferrycroatia.com\/de\/","name":"F\u00e4hre Kroatien","description":"Info und Fahrpl\u00e4ne f\u00fcr alle Katamarane und F\u00e4hren in Kroatien","potentialAction":[{"@type":"SearchAction","target":{"@type":"EntryPoint","urlTemplate":"https:\/\/www.ferrycroatia.com\/de\/?s={search_term_string}"},"query-input":"required name=search_term_string"}],"inLanguage":"en-US"}]}},"_links":{"self":[{"href":"https:\/\/www.ferrycroatia.com\/de\/wp-json\/wp\/v2\/pages\/1290"}],"collection":[{"href":"https:\/\/www.ferrycroatia.com\/de\/wp-json\/wp\/v2\/pages"}],"about":[{"href":"https:\/\/www.ferrycroatia.com\/de\/wp-json\/wp\/v2\/types\/page"}],"author":[{"embeddable":true,"href":"https:\/\/www.ferrycroatia.com\/de\/wp-json\/wp\/v2\/users\/5"}],"replies":[{"embeddable":true,"href":"https:\/\/www.ferrycroatia.com\/de\/wp-json\/wp\/v2\/comments?post=1290"}],"version-history":[{"count":2,"href":"https:\/\/www.ferrycroatia.com\/de\/wp-json\/wp\/v2\/pages\/1290\/revisions"}],"predecessor-version":[{"id":1642,"href":"https:\/\/www.ferrycroatia.com\/de\/wp-json\/wp\/v2\/pages\/1290\/revisions\/1642"}],"wp:attachment":[{"href":"https:\/\/www.ferrycroatia.com\/de\/wp-json\/wp\/v2\/media?parent=1290"}],"curies":[{"name":"wp","href":"https:\/\/api.w.org\/{rel}","templated":true}]}}