{"id":1294,"date":"2021-02-04T08:35:47","date_gmt":"2021-02-04T08:35:47","guid":{"rendered":"https:\/\/ferrycroatia.com\/de\/?page_id=1294"},"modified":"2021-02-09T12:11:07","modified_gmt":"2021-02-09T12:11:07","slug":"fahrhafen-trpanj","status":"publish","type":"page","link":"https:\/\/www.ferrycroatia.com\/de\/fahrhafen-trpanj\/","title":{"rendered":"F\u00e4hrhafen Trpanj"},"content":{"rendered":"<p>Trpanj ist eine <strong>kleine Stadt auf der Halbinsel Pelje\u0161ac<\/strong>, die einzige Stadt, die mit der F\u00e4hre (mit der Stadt Plo\u010de) direkt mit dem Festland verbunden ist. Der F\u00e4hrhafen befindet sich in der N\u00e4he der Hauptpromenade am Meer.<\/p>\n<p><span style=\"text-decoration: underline;\"><b>An- und Abreise zum F\u00e4hrterminal in Trpanj:<\/b><\/span><\/p>\n<p>Trpanj ist eine wirklich kleine K\u00fcstenstadt und der F\u00e4hrhafen <strong>befindet sich direkt im Zentrum,<\/strong> nahe der Hauptpromenade. <strong>Egal wo Sie \u00fcbernachten,<\/strong> der F\u00e4hrhafen ist zu Fu\u00df erreichbar. Trpanj ist durch eine <strong>regelm\u00e4\u00dfige Buslinie nach Orebi\u0107<\/strong> verbunden (die Busse fahren im Sommer h\u00e4ufiger). <strong>Der Fahrplan befindet sich an der Bushaltestelle in Trpanj<\/strong>, die sich neben dem F\u00e4hrhafen befindet.<\/p>\n<p><span style=\"text-decoration: underline;\"><b>Anreise von Trpanj zum Flughafen Split:<\/b><\/span><\/p>\n<p>Wenn Sie <strong>\u00fcber Trpanj &#8211; Ploce zum Flughafen Split<\/strong> <strong>reisen<\/strong>, haben Sie eine gesch\u00e4tzte Reisezeit von ca. 3 Stunden (1 Stunde F\u00e4hre, 2 Stunden Fahrt), wenn Sie mit dem Auto anreisen. Wenn Sie mit dem Bus anreisen, kann die Fahrt mehr Zeit in Anspruch nehmen, da Sie zuerst zur <a href=\"https:\/\/getbybus.com\/de\/bus-von-ploce\">Bushaltestelle in Ploce<\/a> (200 m) m\u00fcssen, wo Sie m\u00f6glicherweise in Ploce <strong>auf den n\u00e4chsten Bus warten m\u00fcssen,<\/strong> danach m\u00fcssen Sie <strong>in Split an der Bushaltestelle umsteigen,<\/strong> um zum Flughafen zu kommen.<\/p>\n<p><span style=\"text-decoration: underline;\"><b>Was Sie am F\u00e4hrterminal von Trpanj finden k\u00f6nnen:<\/b><\/span><\/p>\n<p>Wie bereits oben erw\u00e4hnt, ist Trpanj eine <strong>kleine Stadt und der F\u00e4hrhafen befindet sich in der N\u00e4he des Zentrums und der Hauptpromenade<\/strong>, sodass Sie alle Einrichtungen der Stadt in der N\u00e4he finden k\u00f6nnen: Bars, Restaurants, Gesch\u00e4fte usw.<\/p>\n<p><span style=\"text-decoration: underline;\"><b>Adresse des F\u00e4hrterminals Trpanj:<\/b><\/span><\/p>\n<blockquote><p>Zalo 1<\/p>\n<p>20240 Trpanj (Pelje\u0161ac)<\/p>\n<p><strong>GPS-Koordinaten:<\/strong><\/p><\/blockquote>\n<p><a class=\"lightbox\" href=\"http:\/\/www.ferrycroatia.com\/wp-content\/uploads\/2016\/06\/Trpanj.jpg\"><img decoding=\"async\" loading=\"lazy\" class=\"alignnone size-full wp-image-256\" data-src=\"http:\/\/www.ferrycroatia.com\/wp-content\/uploads\/2016\/06\/Trpanj.jpg\" alt=\"Trpanj\" width=\"800\" height=\"604\" \/><\/a><\/p>\n<p><span style=\"text-decoration: underline;\"><b>Liste der Routen:<\/b><\/span><\/p>\n<p>\u2192 Autof\u00e4hre: Plo\u010de &#8211; Trpanj (Pelje\u0161ac)<\/p>\n<ul>\n<li><a href=\"https:\/\/www.ferrycroatia.com\/de\/trpanj-ploce\/\">Trpanj &#8211; Ploce<\/a><\/li>\n<\/ul>\n","protected":false},"excerpt":{"rendered":"<p>Trpanj ist eine kleine Stadt auf der Halbinsel Pelje\u0161ac, die einzige Stadt, die mit der F\u00e4hre (mit der Stadt Plo\u010de) direkt mit dem Festland verbunden ist. Der F\u00e4hrhafen befindet sich in der N\u00e4he der Hauptpromenade am Meer. An- und Abreise zum F\u00e4hrterminal in Trpanj: Trpanj ist eine wirklich kleine K\u00fcstenstadt und der F\u00e4hrhafen befindet sich [&hellip;]<\/p>\n<p><a class=\"more-link\" href=\"https:\/\/www.ferrycroatia.com\/de\/fahrhafen-trpanj\/\"> Continue reading&#8230;<\/a><\/p>\n","protected":false},"author":5,"featured_media":1295,"parent":0,"menu_order":0,"comment_status":"closed","ping_status":"closed","template":"","meta":[],"yoast_head":"<!-- This site is optimized with the Yoast SEO plugin v19.8 - https:\/\/yoast.com\/wordpress\/plugins\/seo\/ -->\n<title>F\u00e4hrterminal Trpanj, Autof\u00e4hre f\u00e4hrt von Trpanj aus<\/title>\n<meta name=\"description\" content=\"F\u00e4hren vom F\u00e4hrhafen Trpanj, wie man den Hafen in Trpanj mit dem Bus oder mit dem Auto von anderen Zielen in Kroatien aus erreicht, Adresse und Einrichtungen am Hafen.\" \/>\n<meta name=\"robots\" content=\"index, follow, max-snippet:-1, max-image-preview:large, max-video-preview:-1\" \/>\n<link rel=\"canonical\" href=\"https:\/\/www.ferrycroatia.com\/de\/fahrhafen-trpanj\/\" \/>\n<meta property=\"og:locale\" content=\"en_US\" \/>\n<meta property=\"og:type\" content=\"article\" \/>\n<meta property=\"og:title\" content=\"F\u00e4hrterminal Trpanj, Autof\u00e4hre f\u00e4hrt von Trpanj aus\" \/>\n<meta property=\"og:description\" content=\"F\u00e4hren vom F\u00e4hrhafen Trpanj, wie man den Hafen in Trpanj mit dem Bus oder mit dem Auto von anderen Zielen in Kroatien aus erreicht, Adresse und Einrichtungen am Hafen.\" \/>\n<meta property=\"og:url\" content=\"https:\/\/www.ferrycroatia.com\/de\/fahrhafen-trpanj\/\" \/>\n<meta property=\"og:site_name\" content=\"F\u00e4hre Kroatien\" \/>\n<meta property=\"article:modified_time\" content=\"2021-02-09T12:11:07+00:00\" \/>\n<meta property=\"og:image\" content=\"https:\/\/www.ferrycroatia.com\/de\/wp-content\/uploads\/2021\/02\/Trpanj.jpg\" \/>\n\t<meta property=\"og:image:width\" content=\"1024\" \/>\n\t<meta property=\"og:image:height\" content=\"768\" \/>\n\t<meta property=\"og:image:type\" content=\"image\/jpeg\" \/>\n<meta name=\"twitter:card\" content=\"summary_large_image\" \/>\n<meta name=\"twitter:label1\" content=\"Est. reading time\" \/>\n\t<meta name=\"twitter:data1\" content=\"1 minute\" \/>\n<script type=\"application\/ld+json\" class=\"yoast-schema-graph\">{\"@context\":\"https:\/\/schema.org\",\"@graph\":[{\"@type\":\"WebPage\",\"@id\":\"https:\/\/www.ferrycroatia.com\/de\/fahrhafen-trpanj\/\",\"url\":\"https:\/\/www.ferrycroatia.com\/de\/fahrhafen-trpanj\/\",\"name\":\"F\u00e4hrterminal Trpanj, Autof\u00e4hre f\u00e4hrt von Trpanj aus\",\"isPartOf\":{\"@id\":\"https:\/\/www.ferrycroatia.com\/de\/#website\"},\"datePublished\":\"2021-02-04T08:35:47+00:00\",\"dateModified\":\"2021-02-09T12:11:07+00:00\",\"description\":\"F\u00e4hren vom F\u00e4hrhafen Trpanj, wie man den Hafen in Trpanj mit dem Bus oder mit dem Auto von anderen Zielen in Kroatien aus erreicht, Adresse und Einrichtungen am Hafen.\",\"breadcrumb\":{\"@id\":\"https:\/\/www.ferrycroatia.com\/de\/fahrhafen-trpanj\/#breadcrumb\"},\"inLanguage\":\"en-US\",\"potentialAction\":[{\"@type\":\"ReadAction\",\"target\":[\"https:\/\/www.ferrycroatia.com\/de\/fahrhafen-trpanj\/\"]}]},{\"@type\":\"BreadcrumbList\",\"@id\":\"https:\/\/www.ferrycroatia.com\/de\/fahrhafen-trpanj\/#breadcrumb\",\"itemListElement\":[{\"@type\":\"ListItem\",\"position\":1,\"name\":\"Home\",\"item\":\"https:\/\/www.ferrycroatia.com\/de\/\"},{\"@type\":\"ListItem\",\"position\":2,\"name\":\"F\u00e4hrhafen Trpanj\"}]},{\"@type\":\"WebSite\",\"@id\":\"https:\/\/www.ferrycroatia.com\/de\/#website\",\"url\":\"https:\/\/www.ferrycroatia.com\/de\/\",\"name\":\"F\u00e4hre Kroatien\",\"description\":\"Info und Fahrpl\u00e4ne f\u00fcr alle Katamarane und F\u00e4hren in Kroatien\",\"potentialAction\":[{\"@type\":\"SearchAction\",\"target\":{\"@type\":\"EntryPoint\",\"urlTemplate\":\"https:\/\/www.ferrycroatia.com\/de\/?s={search_term_string}\"},\"query-input\":\"required name=search_term_string\"}],\"inLanguage\":\"en-US\"}]}<\/script>\n<!-- \/ Yoast SEO plugin. -->","yoast_head_json":{"title":"F\u00e4hrterminal Trpanj, Autof\u00e4hre f\u00e4hrt von Trpanj aus","description":"F\u00e4hren vom F\u00e4hrhafen Trpanj, wie man den Hafen in Trpanj mit dem Bus oder mit dem Auto von anderen Zielen in Kroatien aus erreicht, Adresse und Einrichtungen am Hafen.","robots":{"index":"index","follow":"follow","max-snippet":"max-snippet:-1","max-image-preview":"max-image-preview:large","max-video-preview":"max-video-preview:-1"},"canonical":"https:\/\/www.ferrycroatia.com\/de\/fahrhafen-trpanj\/","og_locale":"en_US","og_type":"article","og_title":"F\u00e4hrterminal Trpanj, Autof\u00e4hre f\u00e4hrt von Trpanj aus","og_description":"F\u00e4hren vom F\u00e4hrhafen Trpanj, wie man den Hafen in Trpanj mit dem Bus oder mit dem Auto von anderen Zielen in Kroatien aus erreicht, Adresse und Einrichtungen am Hafen.","og_url":"https:\/\/www.ferrycroatia.com\/de\/fahrhafen-trpanj\/","og_site_name":"F\u00e4hre Kroatien","article_modified_time":"2021-02-09T12:11:07+00:00","og_image":[{"width":1024,"height":768,"url":"https:\/\/www.ferrycroatia.com\/de\/wp-content\/uploads\/2021\/02\/Trpanj.jpg","type":"image\/jpeg"}],"twitter_card":"summary_large_image","twitter_misc":{"Est. reading time":"1 minute"},"schema":{"@context":"https:\/\/schema.org","@graph":[{"@type":"WebPage","@id":"https:\/\/www.ferrycroatia.com\/de\/fahrhafen-trpanj\/","url":"https:\/\/www.ferrycroatia.com\/de\/fahrhafen-trpanj\/","name":"F\u00e4hrterminal Trpanj, Autof\u00e4hre f\u00e4hrt von Trpanj aus","isPartOf":{"@id":"https:\/\/www.ferrycroatia.com\/de\/#website"},"datePublished":"2021-02-04T08:35:47+00:00","dateModified":"2021-02-09T12:11:07+00:00","description":"F\u00e4hren vom F\u00e4hrhafen Trpanj, wie man den Hafen in Trpanj mit dem Bus oder mit dem Auto von anderen Zielen in Kroatien aus erreicht, Adresse und Einrichtungen am Hafen.","breadcrumb":{"@id":"https:\/\/www.ferrycroatia.com\/de\/fahrhafen-trpanj\/#breadcrumb"},"inLanguage":"en-US","potentialAction":[{"@type":"ReadAction","target":["https:\/\/www.ferrycroatia.com\/de\/fahrhafen-trpanj\/"]}]},{"@type":"BreadcrumbList","@id":"https:\/\/www.ferrycroatia.com\/de\/fahrhafen-trpanj\/#breadcrumb","itemListElement":[{"@type":"ListItem","position":1,"name":"Home","item":"https:\/\/www.ferrycroatia.com\/de\/"},{"@type":"ListItem","position":2,"name":"F\u00e4hrhafen Trpanj"}]},{"@type":"WebSite","@id":"https:\/\/www.ferrycroatia.com\/de\/#website","url":"https:\/\/www.ferrycroatia.com\/de\/","name":"F\u00e4hre Kroatien","description":"Info und Fahrpl\u00e4ne f\u00fcr alle Katamarane und F\u00e4hren in Kroatien","potentialAction":[{"@type":"SearchAction","target":{"@type":"EntryPoint","urlTemplate":"https:\/\/www.ferrycroatia.com\/de\/?s={search_term_string}"},"query-input":"required name=search_term_string"}],"inLanguage":"en-US"}]}},"_links":{"self":[{"href":"https:\/\/www.ferrycroatia.com\/de\/wp-json\/wp\/v2\/pages\/1294"}],"collection":[{"href":"https:\/\/www.ferrycroatia.com\/de\/wp-json\/wp\/v2\/pages"}],"about":[{"href":"https:\/\/www.ferrycroatia.com\/de\/wp-json\/wp\/v2\/types\/page"}],"author":[{"embeddable":true,"href":"https:\/\/www.ferrycroatia.com\/de\/wp-json\/wp\/v2\/users\/5"}],"replies":[{"embeddable":true,"href":"https:\/\/www.ferrycroatia.com\/de\/wp-json\/wp\/v2\/comments?post=1294"}],"version-history":[{"count":2,"href":"https:\/\/www.ferrycroatia.com\/de\/wp-json\/wp\/v2\/pages\/1294\/revisions"}],"predecessor-version":[{"id":1644,"href":"https:\/\/www.ferrycroatia.com\/de\/wp-json\/wp\/v2\/pages\/1294\/revisions\/1644"}],"wp:featuredmedia":[{"embeddable":true,"href":"https:\/\/www.ferrycroatia.com\/de\/wp-json\/wp\/v2\/media\/1295"}],"wp:attachment":[{"href":"https:\/\/www.ferrycroatia.com\/de\/wp-json\/wp\/v2\/media?parent=1294"}],"curies":[{"name":"wp","href":"https:\/\/api.w.org\/{rel}","templated":true}]}}