{"id":1297,"date":"2021-02-04T08:41:29","date_gmt":"2021-02-04T08:41:29","guid":{"rendered":"https:\/\/ferrycroatia.com\/de\/?page_id=1297"},"modified":"2021-02-09T12:14:21","modified_gmt":"2021-02-09T12:14:21","slug":"fahrhafen-ubli","status":"publish","type":"page","link":"https:\/\/www.ferrycroatia.com\/de\/fahrhafen-ubli\/","title":{"rendered":"F\u00e4hrhafen Ubli"},"content":{"rendered":"<p>Ubli ist eine kleine Stadt im S\u00fcdwesten der Insel Lastovo. <strong>Gleichzeitig ist Ubli der einzige F\u00e4hrhafen<\/strong> auf der Insel und die einzige Verbindung zum Festland und zu anderen Inseln. Der F\u00e4hrhafen selbst <strong>befindet sich in einer engen Bucht,<\/strong> die perfekt vor Wind und Wellen gesch\u00fctzt ist. In der N\u00e4he befindet sich eine sch\u00f6ne Promenade am Meer.<\/p>\n<p><span style=\"text-decoration: underline;\"><b>An- und Abreise zum F\u00e4hrterminal in Ubli:<\/b><\/span><\/p>\n<p>Wie bereits erw\u00e4hnt, ist Ubli eine sehr kleine Stadt. Egal wo Sie sich befinden, <strong>der F\u00e4hrhafen befindet sich in fu\u00dfl\u00e4ufiger Entfernung<\/strong>. Wenn Sie wie die meisten Menschen in der Stadt Lastovo oder in Pasadur wohnen, fahren Sie direkt nach der Ankunft der F\u00e4hre mit dem Bus, und bei der R\u00fcckfahrt k\u00f6nnen Sie nat\u00fcrlich auch in die andere Richtung fahren.<\/p>\n<p><span style=\"text-decoration: underline;\"><b>Was Sie am Ubli-F\u00e4hrterminal finden k\u00f6nnen:<\/b><\/span><\/p>\n<p>Wie bereits oben erw\u00e4hnt, ist Ubli eine wirklich kleine Stadt. Der F\u00e4hrhafen von Ubli <strong>befindet sich direkt im Zentrum, so dass alle Einrichtungen der Stadt in der N\u00e4he sind<\/strong>: Bars, Restaurants, Gesch\u00e4fte usw.<\/p>\n<p><span style=\"text-decoration: underline;\"><b>Adresse des F\u00e4hrterminals Ubli:<\/b><\/span><\/p>\n<blockquote><p>20289 Ubli<\/p>\n<p><strong>GPS-KOORDINATEN:<\/strong> 42.74612, 16.8247<\/p><\/blockquote>\n<p><a class=\"lightbox\" href=\"http:\/\/www.ferrycroatia.com\/wp-content\/uploads\/2016\/06\/Ubli.jpg\"><img decoding=\"async\" loading=\"lazy\" class=\"alignnone size-full wp-image-275\" data-src=\"http:\/\/www.ferrycroatia.com\/wp-content\/uploads\/2016\/06\/Ubli.jpg\" alt=\"Ubli\" width=\"800\" height=\"732\" \/><\/a><\/p>\n<p><span style=\"text-decoration: underline;\"><b>Liste der Routen:<\/b><\/span><\/p>\n<p>\u2192 Autof\u00e4hre: Split &#8211; Vela Luka (Kor\u010dula) &#8211; Ubli (Lastovo)<\/p>\n<ul>\n<li><a href=\"https:\/\/www.ferrycroatia.com\/de\/ubli-split\/\">Ubli &#8211; Split<\/a><\/li>\n<li><a href=\"https:\/\/www.ferrycroatia.com\/de\/ubli-vela-luka\/\">Ubli &#8211; Vela Luka<\/a><\/li>\n<\/ul>\n<p>\u2192 Katamaran: Dubrovnik-Luka \u0160ipanska-Sobra (Mljet) -Pola\u010de (Mljet) -Kor\u010dula-Ubli (Lastovo)<\/p>\n<ul>\n<li><a href=\"https:\/\/www.ferrycroatia.com\/de\/ubli-dubrovnik\/\">Ubli &#8211; Dubrovnik<\/a><\/li>\n<li><a href=\"https:\/\/www.ferrycroatia.com\/de\/ubli-sipanska-luka\/\">Ubli &#8211; \u0160ipanska Luka<\/a><\/li>\n<li><a href=\"https:\/\/www.ferrycroatia.com\/de\/ubli-sobra\/\">Ubli &#8211; Sobra<\/a><\/li>\n<li><a href=\"https:\/\/www.ferrycroatia.com\/de\/ubli-korcula\/\">Ubli &#8211; Korcula<\/a><\/li>\n<\/ul>\n<p>\u2192 Katamaran: Split &#8211; Hvar &#8211; Vela Luka (Kor\u010dula) &#8211; Ubli (Lastovo)<\/p>\n<ul>\n<li><a href=\"https:\/\/www.ferrycroatia.com\/de\/ubli-hvar\/\">Ubli &#8211; Hvar<\/a><\/li>\n<\/ul>\n","protected":false},"excerpt":{"rendered":"<p>Ubli ist eine kleine Stadt im S\u00fcdwesten der Insel Lastovo. Gleichzeitig ist Ubli der einzige F\u00e4hrhafen auf der Insel und die einzige Verbindung zum Festland und zu anderen Inseln. Der F\u00e4hrhafen selbst befindet sich in einer engen Bucht, die perfekt vor Wind und Wellen gesch\u00fctzt ist. In der N\u00e4he befindet sich eine sch\u00f6ne Promenade am [&hellip;]<\/p>\n<p><a class=\"more-link\" href=\"https:\/\/www.ferrycroatia.com\/de\/fahrhafen-ubli\/\"> Continue reading&#8230;<\/a><\/p>\n","protected":false},"author":5,"featured_media":0,"parent":0,"menu_order":0,"comment_status":"closed","ping_status":"closed","template":"","meta":[],"yoast_head":"<!-- This site is optimized with the Yoast SEO plugin v19.8 - https:\/\/yoast.com\/wordpress\/plugins\/seo\/ -->\n<title>F\u00e4hrterminal Ubli, Abfahrten von Katamaranen und Autof\u00e4hren<\/title>\n<meta name=\"description\" content=\"F\u00e4hren und Katamarane vom F\u00e4hrhafen Ubli, wie man den Hafen mit dem Bus oder mit dem Auto von anderen Zielen in Kroatien aus erreicht, Adresse und Einrichtungen am Hafen.\" \/>\n<meta name=\"robots\" content=\"index, follow, max-snippet:-1, max-image-preview:large, max-video-preview:-1\" \/>\n<link rel=\"canonical\" href=\"https:\/\/www.ferrycroatia.com\/de\/fahrhafen-ubli\/\" \/>\n<meta property=\"og:locale\" content=\"en_US\" \/>\n<meta property=\"og:type\" content=\"article\" \/>\n<meta property=\"og:title\" content=\"F\u00e4hrterminal Ubli, Abfahrten von Katamaranen und Autof\u00e4hren\" \/>\n<meta property=\"og:description\" content=\"F\u00e4hren und Katamarane vom F\u00e4hrhafen Ubli, wie man den Hafen mit dem Bus oder mit dem Auto von anderen Zielen in Kroatien aus erreicht, Adresse und Einrichtungen am Hafen.\" \/>\n<meta property=\"og:url\" content=\"https:\/\/www.ferrycroatia.com\/de\/fahrhafen-ubli\/\" \/>\n<meta property=\"og:site_name\" content=\"F\u00e4hre Kroatien\" \/>\n<meta property=\"article:modified_time\" content=\"2021-02-09T12:14:21+00:00\" \/>\n<meta property=\"og:image\" content=\"http:\/\/www.ferrycroatia.com\/wp-content\/uploads\/2016\/06\/Ubli.jpg\" \/>\n<meta name=\"twitter:card\" content=\"summary_large_image\" \/>\n<meta name=\"twitter:label1\" content=\"Est. reading time\" \/>\n\t<meta name=\"twitter:data1\" content=\"1 minute\" \/>\n<script type=\"application\/ld+json\" class=\"yoast-schema-graph\">{\"@context\":\"https:\/\/schema.org\",\"@graph\":[{\"@type\":\"WebPage\",\"@id\":\"https:\/\/www.ferrycroatia.com\/de\/fahrhafen-ubli\/\",\"url\":\"https:\/\/www.ferrycroatia.com\/de\/fahrhafen-ubli\/\",\"name\":\"F\u00e4hrterminal Ubli, Abfahrten von Katamaranen und Autof\u00e4hren\",\"isPartOf\":{\"@id\":\"https:\/\/www.ferrycroatia.com\/de\/#website\"},\"datePublished\":\"2021-02-04T08:41:29+00:00\",\"dateModified\":\"2021-02-09T12:14:21+00:00\",\"description\":\"F\u00e4hren und Katamarane vom F\u00e4hrhafen Ubli, wie man den Hafen mit dem Bus oder mit dem Auto von anderen Zielen in Kroatien aus erreicht, Adresse und Einrichtungen am Hafen.\",\"breadcrumb\":{\"@id\":\"https:\/\/www.ferrycroatia.com\/de\/fahrhafen-ubli\/#breadcrumb\"},\"inLanguage\":\"en-US\",\"potentialAction\":[{\"@type\":\"ReadAction\",\"target\":[\"https:\/\/www.ferrycroatia.com\/de\/fahrhafen-ubli\/\"]}]},{\"@type\":\"BreadcrumbList\",\"@id\":\"https:\/\/www.ferrycroatia.com\/de\/fahrhafen-ubli\/#breadcrumb\",\"itemListElement\":[{\"@type\":\"ListItem\",\"position\":1,\"name\":\"Home\",\"item\":\"https:\/\/www.ferrycroatia.com\/de\/\"},{\"@type\":\"ListItem\",\"position\":2,\"name\":\"F\u00e4hrhafen Ubli\"}]},{\"@type\":\"WebSite\",\"@id\":\"https:\/\/www.ferrycroatia.com\/de\/#website\",\"url\":\"https:\/\/www.ferrycroatia.com\/de\/\",\"name\":\"F\u00e4hre Kroatien\",\"description\":\"Info und Fahrpl\u00e4ne f\u00fcr alle Katamarane und F\u00e4hren in Kroatien\",\"potentialAction\":[{\"@type\":\"SearchAction\",\"target\":{\"@type\":\"EntryPoint\",\"urlTemplate\":\"https:\/\/www.ferrycroatia.com\/de\/?s={search_term_string}\"},\"query-input\":\"required name=search_term_string\"}],\"inLanguage\":\"en-US\"}]}<\/script>\n<!-- \/ Yoast SEO plugin. -->","yoast_head_json":{"title":"F\u00e4hrterminal Ubli, Abfahrten von Katamaranen und Autof\u00e4hren","description":"F\u00e4hren und Katamarane vom F\u00e4hrhafen Ubli, wie man den Hafen mit dem Bus oder mit dem Auto von anderen Zielen in Kroatien aus erreicht, Adresse und Einrichtungen am Hafen.","robots":{"index":"index","follow":"follow","max-snippet":"max-snippet:-1","max-image-preview":"max-image-preview:large","max-video-preview":"max-video-preview:-1"},"canonical":"https:\/\/www.ferrycroatia.com\/de\/fahrhafen-ubli\/","og_locale":"en_US","og_type":"article","og_title":"F\u00e4hrterminal Ubli, Abfahrten von Katamaranen und Autof\u00e4hren","og_description":"F\u00e4hren und Katamarane vom F\u00e4hrhafen Ubli, wie man den Hafen mit dem Bus oder mit dem Auto von anderen Zielen in Kroatien aus erreicht, Adresse und Einrichtungen am Hafen.","og_url":"https:\/\/www.ferrycroatia.com\/de\/fahrhafen-ubli\/","og_site_name":"F\u00e4hre Kroatien","article_modified_time":"2021-02-09T12:14:21+00:00","og_image":[{"url":"http:\/\/www.ferrycroatia.com\/wp-content\/uploads\/2016\/06\/Ubli.jpg"}],"twitter_card":"summary_large_image","twitter_misc":{"Est. reading time":"1 minute"},"schema":{"@context":"https:\/\/schema.org","@graph":[{"@type":"WebPage","@id":"https:\/\/www.ferrycroatia.com\/de\/fahrhafen-ubli\/","url":"https:\/\/www.ferrycroatia.com\/de\/fahrhafen-ubli\/","name":"F\u00e4hrterminal Ubli, Abfahrten von Katamaranen und Autof\u00e4hren","isPartOf":{"@id":"https:\/\/www.ferrycroatia.com\/de\/#website"},"datePublished":"2021-02-04T08:41:29+00:00","dateModified":"2021-02-09T12:14:21+00:00","description":"F\u00e4hren und Katamarane vom F\u00e4hrhafen Ubli, wie man den Hafen mit dem Bus oder mit dem Auto von anderen Zielen in Kroatien aus erreicht, Adresse und Einrichtungen am Hafen.","breadcrumb":{"@id":"https:\/\/www.ferrycroatia.com\/de\/fahrhafen-ubli\/#breadcrumb"},"inLanguage":"en-US","potentialAction":[{"@type":"ReadAction","target":["https:\/\/www.ferrycroatia.com\/de\/fahrhafen-ubli\/"]}]},{"@type":"BreadcrumbList","@id":"https:\/\/www.ferrycroatia.com\/de\/fahrhafen-ubli\/#breadcrumb","itemListElement":[{"@type":"ListItem","position":1,"name":"Home","item":"https:\/\/www.ferrycroatia.com\/de\/"},{"@type":"ListItem","position":2,"name":"F\u00e4hrhafen Ubli"}]},{"@type":"WebSite","@id":"https:\/\/www.ferrycroatia.com\/de\/#website","url":"https:\/\/www.ferrycroatia.com\/de\/","name":"F\u00e4hre Kroatien","description":"Info und Fahrpl\u00e4ne f\u00fcr alle Katamarane und F\u00e4hren in Kroatien","potentialAction":[{"@type":"SearchAction","target":{"@type":"EntryPoint","urlTemplate":"https:\/\/www.ferrycroatia.com\/de\/?s={search_term_string}"},"query-input":"required name=search_term_string"}],"inLanguage":"en-US"}]}},"_links":{"self":[{"href":"https:\/\/www.ferrycroatia.com\/de\/wp-json\/wp\/v2\/pages\/1297"}],"collection":[{"href":"https:\/\/www.ferrycroatia.com\/de\/wp-json\/wp\/v2\/pages"}],"about":[{"href":"https:\/\/www.ferrycroatia.com\/de\/wp-json\/wp\/v2\/types\/page"}],"author":[{"embeddable":true,"href":"https:\/\/www.ferrycroatia.com\/de\/wp-json\/wp\/v2\/users\/5"}],"replies":[{"embeddable":true,"href":"https:\/\/www.ferrycroatia.com\/de\/wp-json\/wp\/v2\/comments?post=1297"}],"version-history":[{"count":3,"href":"https:\/\/www.ferrycroatia.com\/de\/wp-json\/wp\/v2\/pages\/1297\/revisions"}],"predecessor-version":[{"id":1646,"href":"https:\/\/www.ferrycroatia.com\/de\/wp-json\/wp\/v2\/pages\/1297\/revisions\/1646"}],"wp:attachment":[{"href":"https:\/\/www.ferrycroatia.com\/de\/wp-json\/wp\/v2\/media?parent=1297"}],"curies":[{"name":"wp","href":"https:\/\/api.w.org\/{rel}","templated":true}]}}