{"id":1299,"date":"2021-02-04T08:48:22","date_gmt":"2021-02-04T08:48:22","guid":{"rendered":"https:\/\/ferrycroatia.com\/de\/?page_id=1299"},"modified":"2022-04-08T08:54:29","modified_gmt":"2022-04-08T06:54:29","slug":"fahrhafen-umag","status":"publish","type":"page","link":"https:\/\/www.ferrycroatia.com\/de\/fahrhafen-umag\/","title":{"rendered":"F\u00e4hrhafen Umag"},"content":{"rendered":"\n<p><strong>Umag ist eine der westlichsten St\u00e4dte Kroatiens<\/strong> und liegt am nordwestlichen Ende der istrischen Halbinsel, ganz in der N\u00e4he der slowenischen Grenze. Alle Katamarane in Umag verlassen den Pier, der sich im Zentrum der Stadt befindet.<\/p>\n\n\n\n<p><span style=\"text-decoration: underline;\"><b>An- und Abreise zum F\u00e4hrhafen in Umag:<\/b><\/span><\/p>\n\n\n\n<p>Wie bereits erw\u00e4hnt, ist Umag eine wirklich kleine Stadt, daher stehen <strong>keine \u00f6ffentlichen Verkehrsmittel zur Verf\u00fcgung<\/strong>. Egal wo Sie in Umag \u00fcbernachten, der Hafen ist nicht weit entfernt und zu Fu\u00df leicht zu erreichen. <strong>W\u00e4hrend der Sommermonate gibt es einen Touristenzug<\/strong> &#8211; ein Ticket kostet ca. 20 kn = 2,5 Euro f\u00fcr Erwachsene und ca. 10 kn = 1,5 Euro f\u00fcr Kinder von 3-10 Jahren. Wenn Sie mit Gep\u00e4ck unterwegs sind, k\u00f6nnen Sie ein Taxi nehmen, das Sie nicht viel kosten sollte, da Umag eine wirklich kleine Stadt ist.<\/p>\n\n\n\n<p>Wenn Sie <strong>aus der Umgebung von Umag anreisen<\/strong> (z. B. Savudrija), bringt Sie der Bus zum <a href=\"https:\/\/getbybus.com\/de\/bus-von-umag\">Hauptbusbahnhof in Umag<\/a>, der 5 bis 10 Minuten zu Fu\u00df vom Hafen entfernt ist.<\/p>\n\n\n\n<p><span style=\"text-decoration: underline;\"><b>Was Sie am F\u00e4hrhafen Umag finden k\u00f6nnen:<\/b><\/span><\/p>\n\n\n\n<p>Wie bereits erw\u00e4hnt, befindet sich der Pier, von dem der Katamaran abf\u00e4hrt, direkt im Zentrum. Es ist also offensichtlich, dass alle Einrichtungen nur wenige Minuten davon entfernt sind: Bars, Restaurants, Gesch\u00e4fte, Banken, ein Ticketb\u00fcro usw.<\/p>\n\n\n\n<p><span style=\"text-decoration: underline;\"><b>Adresse des F\u00e4hrhafens Umag:<\/b><\/span><\/p>\n\n\n\n<ul><li>L\u00e4ngengrad: 13.517188<\/li><li>Breitengrad: 45.434148<\/li><li>Obala Josipa Broza Tita<\/li><li>52470 Umag<\/li><\/ul>\n\n\n\n<figure class=\"wp-block-image\"><a class=\"lightbox\" href=\"http:\/\/www.ferrycroatia.com\/wp-content\/uploads\/2016\/07\/Umag-catamaran.jpg\"><img decoding=\"async\" data-src=\"http:\/\/www.ferrycroatia.com\/wp-content\/uploads\/2016\/07\/Umag-catamaran.jpg\" alt=\"Umag-catamaran\" class=\"wp-image-497\"\/><\/a><\/figure>\n\n\n\n<p><span style=\"text-decoration: underline;\"><b>Liste der Katamaran Routen:<\/b><\/span><\/p>\n\n\n\n<p>\u2192 Katamaran: Venedig (IT) &#8211; Umag &#8211; Pore\u010d &#8211; Rovinj &#8211; Pula<\/p>\n\n\n\n<ul><li><a href=\"https:\/\/www.ferrycroatia.com\/de\/umag-venedig\/\">Umag &#8211; Venedig<\/a><\/li><\/ul>\n","protected":false},"excerpt":{"rendered":"<p>Umag ist eine der westlichsten St\u00e4dte Kroatiens und liegt am nordwestlichen Ende der istrischen Halbinsel, ganz in der N\u00e4he der slowenischen Grenze. Alle Katamarane in Umag verlassen den Pier, der sich im Zentrum der Stadt befindet. An- und Abreise zum F\u00e4hrhafen in Umag: Wie bereits erw\u00e4hnt, ist Umag eine wirklich kleine Stadt, daher stehen keine [&hellip;]<\/p>\n<p><a class=\"more-link\" href=\"https:\/\/www.ferrycroatia.com\/de\/fahrhafen-umag\/\"> Continue reading&#8230;<\/a><\/p>\n","protected":false},"author":5,"featured_media":1300,"parent":0,"menu_order":0,"comment_status":"closed","ping_status":"closed","template":"","meta":[],"yoast_head":"<!-- This site is optimized with the Yoast SEO plugin v19.8 - https:\/\/yoast.com\/wordpress\/plugins\/seo\/ -->\n<title>F\u00e4hrhafen Umag, Katamaran Abfahrts- und Ankunftszeiten<\/title>\n<meta name=\"description\" content=\"Katamarane vom F\u00e4hrhafen Umag, wie man den Abfahrtsort der Katamarane von Umag findet und erreicht, hier finden Sie die Ankunft und Abfahrt des Katamarans vom Hafen Umag in Kroatien.\" \/>\n<meta name=\"robots\" content=\"index, follow, max-snippet:-1, max-image-preview:large, max-video-preview:-1\" \/>\n<link rel=\"canonical\" href=\"https:\/\/www.ferrycroatia.com\/de\/fahrhafen-umag\/\" \/>\n<meta property=\"og:locale\" content=\"en_US\" \/>\n<meta property=\"og:type\" content=\"article\" \/>\n<meta property=\"og:title\" content=\"F\u00e4hrhafen Umag, Katamaran Abfahrts- und Ankunftszeiten\" \/>\n<meta property=\"og:description\" content=\"Katamarane vom F\u00e4hrhafen Umag, wie man den Abfahrtsort der Katamarane von Umag findet und erreicht, hier finden Sie die Ankunft und Abfahrt des Katamarans vom Hafen Umag in Kroatien.\" \/>\n<meta property=\"og:url\" content=\"https:\/\/www.ferrycroatia.com\/de\/fahrhafen-umag\/\" \/>\n<meta property=\"og:site_name\" content=\"F\u00e4hre Kroatien\" \/>\n<meta property=\"article:modified_time\" content=\"2022-04-08T06:54:29+00:00\" \/>\n<meta property=\"og:image\" content=\"https:\/\/www.ferrycroatia.com\/de\/wp-content\/uploads\/2021\/02\/Umag.jpg\" \/>\n\t<meta property=\"og:image:width\" content=\"1024\" \/>\n\t<meta property=\"og:image:height\" content=\"768\" \/>\n\t<meta property=\"og:image:type\" content=\"image\/jpeg\" \/>\n<meta name=\"twitter:card\" content=\"summary_large_image\" \/>\n<meta name=\"twitter:label1\" content=\"Est. reading time\" \/>\n\t<meta name=\"twitter:data1\" content=\"2 minutes\" \/>\n<script type=\"application\/ld+json\" class=\"yoast-schema-graph\">{\"@context\":\"https:\/\/schema.org\",\"@graph\":[{\"@type\":\"WebPage\",\"@id\":\"https:\/\/www.ferrycroatia.com\/de\/fahrhafen-umag\/\",\"url\":\"https:\/\/www.ferrycroatia.com\/de\/fahrhafen-umag\/\",\"name\":\"F\u00e4hrhafen Umag, Katamaran Abfahrts- und Ankunftszeiten\",\"isPartOf\":{\"@id\":\"https:\/\/www.ferrycroatia.com\/de\/#website\"},\"datePublished\":\"2021-02-04T08:48:22+00:00\",\"dateModified\":\"2022-04-08T06:54:29+00:00\",\"description\":\"Katamarane vom F\u00e4hrhafen Umag, wie man den Abfahrtsort der Katamarane von Umag findet und erreicht, hier finden Sie die Ankunft und Abfahrt des Katamarans vom Hafen Umag in Kroatien.\",\"breadcrumb\":{\"@id\":\"https:\/\/www.ferrycroatia.com\/de\/fahrhafen-umag\/#breadcrumb\"},\"inLanguage\":\"en-US\",\"potentialAction\":[{\"@type\":\"ReadAction\",\"target\":[\"https:\/\/www.ferrycroatia.com\/de\/fahrhafen-umag\/\"]}]},{\"@type\":\"BreadcrumbList\",\"@id\":\"https:\/\/www.ferrycroatia.com\/de\/fahrhafen-umag\/#breadcrumb\",\"itemListElement\":[{\"@type\":\"ListItem\",\"position\":1,\"name\":\"Home\",\"item\":\"https:\/\/www.ferrycroatia.com\/de\/\"},{\"@type\":\"ListItem\",\"position\":2,\"name\":\"F\u00e4hrhafen Umag\"}]},{\"@type\":\"WebSite\",\"@id\":\"https:\/\/www.ferrycroatia.com\/de\/#website\",\"url\":\"https:\/\/www.ferrycroatia.com\/de\/\",\"name\":\"F\u00e4hre Kroatien\",\"description\":\"Info und Fahrpl\u00e4ne f\u00fcr alle Katamarane und F\u00e4hren in Kroatien\",\"potentialAction\":[{\"@type\":\"SearchAction\",\"target\":{\"@type\":\"EntryPoint\",\"urlTemplate\":\"https:\/\/www.ferrycroatia.com\/de\/?s={search_term_string}\"},\"query-input\":\"required name=search_term_string\"}],\"inLanguage\":\"en-US\"}]}<\/script>\n<!-- \/ Yoast SEO plugin. -->","yoast_head_json":{"title":"F\u00e4hrhafen Umag, Katamaran Abfahrts- und Ankunftszeiten","description":"Katamarane vom F\u00e4hrhafen Umag, wie man den Abfahrtsort der Katamarane von Umag findet und erreicht, hier finden Sie die Ankunft und Abfahrt des Katamarans vom Hafen Umag in Kroatien.","robots":{"index":"index","follow":"follow","max-snippet":"max-snippet:-1","max-image-preview":"max-image-preview:large","max-video-preview":"max-video-preview:-1"},"canonical":"https:\/\/www.ferrycroatia.com\/de\/fahrhafen-umag\/","og_locale":"en_US","og_type":"article","og_title":"F\u00e4hrhafen Umag, Katamaran Abfahrts- und Ankunftszeiten","og_description":"Katamarane vom F\u00e4hrhafen Umag, wie man den Abfahrtsort der Katamarane von Umag findet und erreicht, hier finden Sie die Ankunft und Abfahrt des Katamarans vom Hafen Umag in Kroatien.","og_url":"https:\/\/www.ferrycroatia.com\/de\/fahrhafen-umag\/","og_site_name":"F\u00e4hre Kroatien","article_modified_time":"2022-04-08T06:54:29+00:00","og_image":[{"width":1024,"height":768,"url":"https:\/\/www.ferrycroatia.com\/de\/wp-content\/uploads\/2021\/02\/Umag.jpg","type":"image\/jpeg"}],"twitter_card":"summary_large_image","twitter_misc":{"Est. reading time":"2 minutes"},"schema":{"@context":"https:\/\/schema.org","@graph":[{"@type":"WebPage","@id":"https:\/\/www.ferrycroatia.com\/de\/fahrhafen-umag\/","url":"https:\/\/www.ferrycroatia.com\/de\/fahrhafen-umag\/","name":"F\u00e4hrhafen Umag, Katamaran Abfahrts- und Ankunftszeiten","isPartOf":{"@id":"https:\/\/www.ferrycroatia.com\/de\/#website"},"datePublished":"2021-02-04T08:48:22+00:00","dateModified":"2022-04-08T06:54:29+00:00","description":"Katamarane vom F\u00e4hrhafen Umag, wie man den Abfahrtsort der Katamarane von Umag findet und erreicht, hier finden Sie die Ankunft und Abfahrt des Katamarans vom Hafen Umag in Kroatien.","breadcrumb":{"@id":"https:\/\/www.ferrycroatia.com\/de\/fahrhafen-umag\/#breadcrumb"},"inLanguage":"en-US","potentialAction":[{"@type":"ReadAction","target":["https:\/\/www.ferrycroatia.com\/de\/fahrhafen-umag\/"]}]},{"@type":"BreadcrumbList","@id":"https:\/\/www.ferrycroatia.com\/de\/fahrhafen-umag\/#breadcrumb","itemListElement":[{"@type":"ListItem","position":1,"name":"Home","item":"https:\/\/www.ferrycroatia.com\/de\/"},{"@type":"ListItem","position":2,"name":"F\u00e4hrhafen Umag"}]},{"@type":"WebSite","@id":"https:\/\/www.ferrycroatia.com\/de\/#website","url":"https:\/\/www.ferrycroatia.com\/de\/","name":"F\u00e4hre Kroatien","description":"Info und Fahrpl\u00e4ne f\u00fcr alle Katamarane und F\u00e4hren in Kroatien","potentialAction":[{"@type":"SearchAction","target":{"@type":"EntryPoint","urlTemplate":"https:\/\/www.ferrycroatia.com\/de\/?s={search_term_string}"},"query-input":"required name=search_term_string"}],"inLanguage":"en-US"}]}},"_links":{"self":[{"href":"https:\/\/www.ferrycroatia.com\/de\/wp-json\/wp\/v2\/pages\/1299"}],"collection":[{"href":"https:\/\/www.ferrycroatia.com\/de\/wp-json\/wp\/v2\/pages"}],"about":[{"href":"https:\/\/www.ferrycroatia.com\/de\/wp-json\/wp\/v2\/types\/page"}],"author":[{"embeddable":true,"href":"https:\/\/www.ferrycroatia.com\/de\/wp-json\/wp\/v2\/users\/5"}],"replies":[{"embeddable":true,"href":"https:\/\/www.ferrycroatia.com\/de\/wp-json\/wp\/v2\/comments?post=1299"}],"version-history":[{"count":3,"href":"https:\/\/www.ferrycroatia.com\/de\/wp-json\/wp\/v2\/pages\/1299\/revisions"}],"predecessor-version":[{"id":2141,"href":"https:\/\/www.ferrycroatia.com\/de\/wp-json\/wp\/v2\/pages\/1299\/revisions\/2141"}],"wp:featuredmedia":[{"embeddable":true,"href":"https:\/\/www.ferrycroatia.com\/de\/wp-json\/wp\/v2\/media\/1300"}],"wp:attachment":[{"href":"https:\/\/www.ferrycroatia.com\/de\/wp-json\/wp\/v2\/media?parent=1299"}],"curies":[{"name":"wp","href":"https:\/\/api.w.org\/{rel}","templated":true}]}}